{"id":54046,"date":"2025-03-05T23:48:49","date_gmt":"2025-03-05T21:48:49","guid":{"rendered":"https:\/\/vmsport.fi\/verkkokauppa\/Ei-luokiteltu\/irtoratas-13t-10v-cs-hg50-10\/"},"modified":"2026-04-23T03:01:00","modified_gmt":"2026-04-23T00:01:00","slug":"irtoratas-13t-10v-cs-hg50-10","status":"publish","type":"product","link":"https:\/\/vmsport.fi\/sv\/verkkokauppa\/varaosat\/voimansiirto\/takarattaat\/irtoratas-13t-10v-cs-hg50-10\/","title":{"rendered":"Irtoratas 13T 10v CS-HG50-10"},"content":{"rendered":"<p>Irtoratas 13T 10-v CS-HG50-10 on suunniteltu polkupy\u00f6r\u00e4n kymmenvaihteisille vaihteistoille, joissa sen 13 hampaan rakenne mahdollistaa tehokkaan ja tarkan vaihteenvaihdon, taaten py\u00f6r\u00e4ilij\u00e4lle sujuvan ja nautinnollisen ajokokemuksen. Ratas on valmistettu kest\u00e4v\u00e4st\u00e4 materiaalista, joka takaa luotettavan suorituskyvyn ja pitk\u00e4ik\u00e4isyyden. Asennettuna se sulautuu osaksi voimansiirtoa t\u00e4ydellisesti, mik\u00e4 mahdollistaa laajan yhteensopivuuden erilaisten vaihdeasetusten kanssa ja tarjoaa mukavuutta sek\u00e4 monipuolisuutta jokaiselle py\u00f6r\u00e4retkelle. Koska se kuuluu tunnettuun CS-HG50-10-sarjaan, sen laadukas valmistus ja tarkka toiminta erottuvat selv\u00e4sti edukseen.<\/p>","protected":false},"excerpt":{"rendered":"<p>Irtoratas 13T 10-v CS-HG50-10 on suunniteltu polkupy\u00f6r\u00e4n kymmenvaihteisille vaihteistoille, joissa sen 13 hampaan rakenne mahdollistaa tehokkaan ja tarkan vaihteenvaihdon, taaten py\u00f6r\u00e4ilij\u00e4lle sujuvan ja nautinnollisen ajokokemuksen. Ratas on valmistettu kest\u00e4v\u00e4st\u00e4 materiaalista, joka takaa luotettavan suorituskyvyn ja pitk\u00e4ik\u00e4isyyden. Asennettuna se sulautuu osaksi voimansiirtoa t\u00e4ydellisesti, mik\u00e4 mahdollistaa laajan yhteensopivuuden erilaisten vaihdeasetusten kanssa ja tarjoaa mukavuutta sek\u00e4 monipuolisuutta jokaiselle [&#8230;]<\/p>\n<p><a class=\"btn btn-secondary understrap-read-more-link\" href=\"https:\/\/vmsport.fi\/sv\/verkkokauppa\/varaosat\/voimansiirto\/takarattaat\/irtoratas-13t-10v-cs-hg50-10\/\">L\u00e4s mer \u2026<span class=\"screen-reader-text\"> from Irtoratas 13T 10v CS-HG50-10<\/span><\/a><\/p>\n","protected":false},"featured_media":54045,"comment_status":"open","ping_status":"closed","template":"","meta":{"_acf_changed":false,"_improvement_type_select":"improve_an_existing","_thumb_yes_seoaic":false,"_frame_yes_seoaic":false,"seoaic_generate_description":"","seoaic_improve_instructions_prompt":"","seoaic_rollback_content_improvement":"","seoaic_idea_thumbnail_generator":"","thumbnail_generated":false,"thumbnail_generate_prompt":"","seoaic_article_description":"","_supplier_stock_quantity":0},"product_brand":[],"product_model":[],"product_cat":[9348],"product_tag":[],"industry-terminology":[],"class_list":{"0":"post-54046","1":"product","2":"type-product","3":"status-publish","4":"has-post-thumbnail","6":"product_cat-takarattaat","8":"first","9":"instock","10":"taxable","11":"shipping-taxable","12":"purchasable","13":"product-type-simple"},"acf":{"bike_features":null,"overview":{"copy_overview":null,"key_features":null,"statement":"","youtube_url":""}},"yoast_head":"<!-- This site is optimized with the Yoast SEO plugin v27.4 - https:\/\/yoast.com\/product\/yoast-seo-wordpress\/ -->\n<title>Irtoratas 13T 10v CS-HG50-10 - VM Sport<\/title>\n<meta name=\"robots\" content=\"index, follow, max-snippet:-1, max-image-preview:large, max-video-preview:-1\" \/>\n<link rel=\"canonical\" href=\"https:\/\/vmsport.fi\/sv\/webbutik\/reservdelar\/transmission\/takarattaat\/irtoratas-13t-10v-cs-hg50-10\/\" \/>\n<meta property=\"og:locale\" content=\"sv_SE\" \/>\n<meta property=\"og:type\" content=\"article\" \/>\n<meta property=\"og:title\" content=\"Irtoratas 13T 10v CS-HG50-10 - VM Sport\" \/>\n<meta property=\"og:description\" content=\"Irtoratas 13T 10-v CS-HG50-10 on suunniteltu polkupy\u00f6r\u00e4n kymmenvaihteisille vaihteistoille, joissa sen 13 hampaan rakenne mahdollistaa tehokkaan ja tarkan vaihteenvaihdon, taaten py\u00f6r\u00e4ilij\u00e4lle sujuvan ja nautinnollisen ajokokemuksen. Ratas on valmistettu kest\u00e4v\u00e4st\u00e4 materiaalista, joka takaa luotettavan suorituskyvyn ja pitk\u00e4ik\u00e4isyyden. Asennettuna se sulautuu osaksi voimansiirtoa t\u00e4ydellisesti, mik\u00e4 mahdollistaa laajan yhteensopivuuden erilaisten vaihdeasetusten kanssa ja tarjoaa mukavuutta sek\u00e4 monipuolisuutta jokaiselle [...]L\u00e4s mer \u2026 from Irtoratas 13T 10v CS-HG50-10\" \/>\n<meta property=\"og:url\" content=\"https:\/\/vmsport.fi\/sv\/webbutik\/reservdelar\/transmission\/takarattaat\/irtoratas-13t-10v-cs-hg50-10\/\" \/>\n<meta property=\"og:site_name\" content=\"VM Sport\" \/>\n<meta property=\"article:publisher\" content=\"https:\/\/www.facebook.com\/Vmsport.fi\/\" \/>\n<meta property=\"article:modified_time\" content=\"2026-04-23T00:01:00+00:00\" \/>\n<meta property=\"og:image\" content=\"https:\/\/vmsport.fi\/wp-content\/uploads\/2025\/03\/kdhQz0WPhJ4yIWeA68jN88na5zKLAPDRHe2eqpuJFnF7IQLrwO-1.jpg\" \/>\n\t<meta property=\"og:image:width\" content=\"600\" \/>\n\t<meta property=\"og:image:height\" content=\"600\" \/>\n\t<meta property=\"og:image:type\" content=\"image\/jpeg\" \/>\n<meta name=\"twitter:card\" content=\"summary_large_image\" \/>\n<script type=\"application\/ld+json\" class=\"yoast-schema-graph\">{\"@context\":\"https:\\\/\\\/schema.org\",\"@graph\":[{\"@type\":[\"WebPage\",\"ItemPage\"],\"@id\":\"https:\\\/\\\/vmsport.fi\\\/verkkokauppa\\\/varaosat\\\/voimansiirto\\\/takarattaat\\\/irtoratas-13t-10v-cs-hg50-10\\\/\",\"url\":\"https:\\\/\\\/vmsport.fi\\\/verkkokauppa\\\/varaosat\\\/voimansiirto\\\/takarattaat\\\/irtoratas-13t-10v-cs-hg50-10\\\/\",\"name\":\"Irtoratas 13T 10v CS-HG50-10 - VM Sport\",\"isPartOf\":{\"@id\":\"https:\\\/\\\/vmsport.fi\\\/#website\"},\"primaryImageOfPage\":{\"@id\":\"https:\\\/\\\/vmsport.fi\\\/verkkokauppa\\\/varaosat\\\/voimansiirto\\\/takarattaat\\\/irtoratas-13t-10v-cs-hg50-10\\\/#primaryimage\"},\"image\":{\"@id\":\"https:\\\/\\\/vmsport.fi\\\/verkkokauppa\\\/varaosat\\\/voimansiirto\\\/takarattaat\\\/irtoratas-13t-10v-cs-hg50-10\\\/#primaryimage\"},\"thumbnailUrl\":\"https:\\\/\\\/vmsport.fi\\\/wp-content\\\/uploads\\\/2025\\\/03\\\/kdhQz0WPhJ4yIWeA68jN88na5zKLAPDRHe2eqpuJFnF7IQLrwO-1.jpg\",\"datePublished\":\"2025-03-05T21:48:49+00:00\",\"dateModified\":\"2026-04-23T00:01:00+00:00\",\"breadcrumb\":{\"@id\":\"https:\\\/\\\/vmsport.fi\\\/verkkokauppa\\\/varaosat\\\/voimansiirto\\\/takarattaat\\\/irtoratas-13t-10v-cs-hg50-10\\\/#breadcrumb\"},\"inLanguage\":\"sv-SE\",\"potentialAction\":[{\"@type\":\"ReadAction\",\"target\":[\"https:\\\/\\\/vmsport.fi\\\/verkkokauppa\\\/varaosat\\\/voimansiirto\\\/takarattaat\\\/irtoratas-13t-10v-cs-hg50-10\\\/\"]}]},{\"@type\":\"ImageObject\",\"inLanguage\":\"sv-SE\",\"@id\":\"https:\\\/\\\/vmsport.fi\\\/verkkokauppa\\\/varaosat\\\/voimansiirto\\\/takarattaat\\\/irtoratas-13t-10v-cs-hg50-10\\\/#primaryimage\",\"url\":\"https:\\\/\\\/vmsport.fi\\\/wp-content\\\/uploads\\\/2025\\\/03\\\/kdhQz0WPhJ4yIWeA68jN88na5zKLAPDRHe2eqpuJFnF7IQLrwO-1.jpg\",\"contentUrl\":\"https:\\\/\\\/vmsport.fi\\\/wp-content\\\/uploads\\\/2025\\\/03\\\/kdhQz0WPhJ4yIWeA68jN88na5zKLAPDRHe2eqpuJFnF7IQLrwO-1.jpg\",\"width\":600,\"height\":600,\"caption\":\"kdhQz0WPhJ4yIWeA68jN88na5zKLAPDRHe2eqpuJFnF7IQLrwO\"},{\"@type\":\"BreadcrumbList\",\"@id\":\"https:\\\/\\\/vmsport.fi\\\/verkkokauppa\\\/varaosat\\\/voimansiirto\\\/takarattaat\\\/irtoratas-13t-10v-cs-hg50-10\\\/#breadcrumb\",\"itemListElement\":[{\"@type\":\"ListItem\",\"position\":1,\"name\":\"Etusivu\",\"item\":\"https:\\\/\\\/vmsport.fi\\\/\"},{\"@type\":\"ListItem\",\"position\":2,\"name\":\"Online Store\",\"item\":\"https:\\\/\\\/vmsport.fi\\\/en\\\/online-store\\\/\"},{\"@type\":\"ListItem\",\"position\":3,\"name\":\"Irtoratas 13T 10v CS-HG50-10\"}]},{\"@type\":\"WebSite\",\"@id\":\"https:\\\/\\\/vmsport.fi\\\/#website\",\"url\":\"https:\\\/\\\/vmsport.fi\\\/\",\"name\":\"Vmsport\",\"description\":\"Kaikki py\u00f6r\u00e4ilyyn yhdest\u00e4 paikasta\",\"publisher\":{\"@id\":\"https:\\\/\\\/vmsport.fi\\\/#organization\"},\"potentialAction\":[{\"@type\":\"SearchAction\",\"target\":{\"@type\":\"EntryPoint\",\"urlTemplate\":\"https:\\\/\\\/vmsport.fi\\\/?s={search_term_string}\"},\"query-input\":{\"@type\":\"PropertyValueSpecification\",\"valueRequired\":true,\"valueName\":\"search_term_string\"}}],\"inLanguage\":\"sv-SE\"},{\"@type\":\"Organization\",\"@id\":\"https:\\\/\\\/vmsport.fi\\\/#organization\",\"name\":\"Vmsport\",\"url\":\"https:\\\/\\\/vmsport.fi\\\/\",\"logo\":{\"@type\":\"ImageObject\",\"inLanguage\":\"sv-SE\",\"@id\":\"https:\\\/\\\/vmsport.fi\\\/#\\\/schema\\\/logo\\\/image\\\/\",\"url\":\"https:\\\/\\\/vmsport.fi\\\/wp-content\\\/uploads\\\/2024\\\/12\\\/vm_sport_RGB_horisontal-e1734526017575.png\",\"contentUrl\":\"https:\\\/\\\/vmsport.fi\\\/wp-content\\\/uploads\\\/2024\\\/12\\\/vm_sport_RGB_horisontal-e1734526017575.png\",\"width\":668,\"height\":85,\"caption\":\"Vmsport\"},\"image\":{\"@id\":\"https:\\\/\\\/vmsport.fi\\\/#\\\/schema\\\/logo\\\/image\\\/\"},\"sameAs\":[\"https:\\\/\\\/www.facebook.com\\\/Vmsport.fi\\\/\",\"https:\\\/\\\/www.instagram.com\\\/vmsport\\\/\"]}]}<\/script>\n<!-- \/ Yoast SEO plugin. -->","yoast_head_json":{"title":"Irtoratas 13T 10v CS-HG50-10 - VM Sport","robots":{"index":"index","follow":"follow","max-snippet":"max-snippet:-1","max-image-preview":"max-image-preview:large","max-video-preview":"max-video-preview:-1"},"canonical":"https:\/\/vmsport.fi\/sv\/webbutik\/reservdelar\/transmission\/takarattaat\/irtoratas-13t-10v-cs-hg50-10\/","og_locale":"sv_SE","og_type":"article","og_title":"Irtoratas 13T 10v CS-HG50-10 - VM Sport","og_description":"Irtoratas 13T 10-v CS-HG50-10 on suunniteltu polkupy\u00f6r\u00e4n kymmenvaihteisille vaihteistoille, joissa sen 13 hampaan rakenne mahdollistaa tehokkaan ja tarkan vaihteenvaihdon, taaten py\u00f6r\u00e4ilij\u00e4lle sujuvan ja nautinnollisen ajokokemuksen. Ratas on valmistettu kest\u00e4v\u00e4st\u00e4 materiaalista, joka takaa luotettavan suorituskyvyn ja pitk\u00e4ik\u00e4isyyden. Asennettuna se sulautuu osaksi voimansiirtoa t\u00e4ydellisesti, mik\u00e4 mahdollistaa laajan yhteensopivuuden erilaisten vaihdeasetusten kanssa ja tarjoaa mukavuutta sek\u00e4 monipuolisuutta jokaiselle [...]L\u00e4s mer \u2026 from Irtoratas 13T 10v CS-HG50-10","og_url":"https:\/\/vmsport.fi\/sv\/webbutik\/reservdelar\/transmission\/takarattaat\/irtoratas-13t-10v-cs-hg50-10\/","og_site_name":"VM Sport","article_publisher":"https:\/\/www.facebook.com\/Vmsport.fi\/","article_modified_time":"2026-04-23T00:01:00+00:00","og_image":[{"width":600,"height":600,"url":"https:\/\/vmsport.fi\/wp-content\/uploads\/2025\/03\/kdhQz0WPhJ4yIWeA68jN88na5zKLAPDRHe2eqpuJFnF7IQLrwO-1.jpg","type":"image\/jpeg"}],"twitter_card":"summary_large_image","schema":{"@context":"https:\/\/schema.org","@graph":[{"@type":["WebPage","ItemPage"],"@id":"https:\/\/vmsport.fi\/verkkokauppa\/varaosat\/voimansiirto\/takarattaat\/irtoratas-13t-10v-cs-hg50-10\/","url":"https:\/\/vmsport.fi\/verkkokauppa\/varaosat\/voimansiirto\/takarattaat\/irtoratas-13t-10v-cs-hg50-10\/","name":"Irtoratas 13T 10v CS-HG50-10 - VM Sport","isPartOf":{"@id":"https:\/\/vmsport.fi\/#website"},"primaryImageOfPage":{"@id":"https:\/\/vmsport.fi\/verkkokauppa\/varaosat\/voimansiirto\/takarattaat\/irtoratas-13t-10v-cs-hg50-10\/#primaryimage"},"image":{"@id":"https:\/\/vmsport.fi\/verkkokauppa\/varaosat\/voimansiirto\/takarattaat\/irtoratas-13t-10v-cs-hg50-10\/#primaryimage"},"thumbnailUrl":"https:\/\/vmsport.fi\/wp-content\/uploads\/2025\/03\/kdhQz0WPhJ4yIWeA68jN88na5zKLAPDRHe2eqpuJFnF7IQLrwO-1.jpg","datePublished":"2025-03-05T21:48:49+00:00","dateModified":"2026-04-23T00:01:00+00:00","breadcrumb":{"@id":"https:\/\/vmsport.fi\/verkkokauppa\/varaosat\/voimansiirto\/takarattaat\/irtoratas-13t-10v-cs-hg50-10\/#breadcrumb"},"inLanguage":"sv-SE","potentialAction":[{"@type":"ReadAction","target":["https:\/\/vmsport.fi\/verkkokauppa\/varaosat\/voimansiirto\/takarattaat\/irtoratas-13t-10v-cs-hg50-10\/"]}]},{"@type":"ImageObject","inLanguage":"sv-SE","@id":"https:\/\/vmsport.fi\/verkkokauppa\/varaosat\/voimansiirto\/takarattaat\/irtoratas-13t-10v-cs-hg50-10\/#primaryimage","url":"https:\/\/vmsport.fi\/wp-content\/uploads\/2025\/03\/kdhQz0WPhJ4yIWeA68jN88na5zKLAPDRHe2eqpuJFnF7IQLrwO-1.jpg","contentUrl":"https:\/\/vmsport.fi\/wp-content\/uploads\/2025\/03\/kdhQz0WPhJ4yIWeA68jN88na5zKLAPDRHe2eqpuJFnF7IQLrwO-1.jpg","width":600,"height":600,"caption":"kdhQz0WPhJ4yIWeA68jN88na5zKLAPDRHe2eqpuJFnF7IQLrwO"},{"@type":"BreadcrumbList","@id":"https:\/\/vmsport.fi\/verkkokauppa\/varaosat\/voimansiirto\/takarattaat\/irtoratas-13t-10v-cs-hg50-10\/#breadcrumb","itemListElement":[{"@type":"ListItem","position":1,"name":"Etusivu","item":"https:\/\/vmsport.fi\/"},{"@type":"ListItem","position":2,"name":"Online Store","item":"https:\/\/vmsport.fi\/en\/online-store\/"},{"@type":"ListItem","position":3,"name":"Irtoratas 13T 10v CS-HG50-10"}]},{"@type":"WebSite","@id":"https:\/\/vmsport.fi\/#website","url":"https:\/\/vmsport.fi\/","name":"Vmsport","description":"Allt p\u00e5 ett st\u00e4lle f\u00f6r cykling","publisher":{"@id":"https:\/\/vmsport.fi\/#organization"},"potentialAction":[{"@type":"SearchAction","target":{"@type":"EntryPoint","urlTemplate":"https:\/\/vmsport.fi\/?s={search_term_string}"},"query-input":{"@type":"PropertyValueSpecification","valueRequired":true,"valueName":"search_term_string"}}],"inLanguage":"sv-SE"},{"@type":"Organization","@id":"https:\/\/vmsport.fi\/#organization","name":"Vmsport","url":"https:\/\/vmsport.fi\/","logo":{"@type":"ImageObject","inLanguage":"sv-SE","@id":"https:\/\/vmsport.fi\/#\/schema\/logo\/image\/","url":"https:\/\/vmsport.fi\/wp-content\/uploads\/2024\/12\/vm_sport_RGB_horisontal-e1734526017575.png","contentUrl":"https:\/\/vmsport.fi\/wp-content\/uploads\/2024\/12\/vm_sport_RGB_horisontal-e1734526017575.png","width":668,"height":85,"caption":"Vmsport"},"image":{"@id":"https:\/\/vmsport.fi\/#\/schema\/logo\/image\/"},"sameAs":["https:\/\/www.facebook.com\/Vmsport.fi\/","https:\/\/www.instagram.com\/vmsport\/"]}]}},"global_unique_id":"","_links":{"self":[{"href":"https:\/\/vmsport.fi\/sv\/wp-json\/wp\/v2\/product\/54046","targetHints":{"allow":["GET"]}}],"collection":[{"href":"https:\/\/vmsport.fi\/sv\/wp-json\/wp\/v2\/product"}],"about":[{"href":"https:\/\/vmsport.fi\/sv\/wp-json\/wp\/v2\/types\/product"}],"replies":[{"embeddable":true,"href":"https:\/\/vmsport.fi\/sv\/wp-json\/wp\/v2\/comments?post=54046"}],"wp:featuredmedia":[{"embeddable":true,"href":"https:\/\/vmsport.fi\/sv\/wp-json\/wp\/v2\/media\/54045"}],"wp:attachment":[{"href":"https:\/\/vmsport.fi\/sv\/wp-json\/wp\/v2\/media?parent=54046"}],"wp:term":[{"taxonomy":"product_brand","embeddable":true,"href":"https:\/\/vmsport.fi\/sv\/wp-json\/wp\/v2\/product_brand?post=54046"},{"taxonomy":"product_model","embeddable":true,"href":"https:\/\/vmsport.fi\/sv\/wp-json\/wp\/v2\/product_model?post=54046"},{"taxonomy":"product_cat","embeddable":true,"href":"https:\/\/vmsport.fi\/sv\/wp-json\/wp\/v2\/product_cat?post=54046"},{"taxonomy":"product_tag","embeddable":true,"href":"https:\/\/vmsport.fi\/sv\/wp-json\/wp\/v2\/product_tag?post=54046"},{"taxonomy":"industry_terminology","embeddable":true,"href":"https:\/\/vmsport.fi\/sv\/wp-json\/wp\/v2\/industry-terminology?post=54046"}],"curies":[{"name":"wp","href":"https:\/\/api.w.org\/{rel}","templated":true}]}}