{"id":54042,"date":"2025-03-05T23:48:47","date_gmt":"2025-03-05T21:48:47","guid":{"rendered":"https:\/\/vmsport.fi\/verkkokauppa\/Ei-luokiteltu\/kampisarja-10-v-tupla-170mm-36-26t-fc-m4100-b2-deore\/"},"modified":"2026-04-22T15:06:59","modified_gmt":"2026-04-22T12:06:59","slug":"vevparti-10-v-dubbel-170mm-36-26t-fc-m4100-b2-deore","status":"publish","type":"product","link":"https:\/\/vmsport.fi\/sv\/verkkokauppa\/varaosat\/voimansiirto\/kampisarjat\/kampisarja-10-v-tupla-170mm-36-26t-fc-m4100-b2-deore\/","title":{"rendered":"Vevsats 10 \u00e5r dubbel 170mm 36\/26T FC-M4100-B2 Deore"},"content":{"rendered":"<p>Shimano Deore FC-M4100-B2 vevpartiet erbjuder tillf\u00f6rlitlighet och prestanda, vilket g\u00f6r det idealiskt f\u00f6r mountainbike. Denna komponent \u00e4r utformad f\u00f6r 10-v\u00e4xlade v\u00e4xlar och kombinerar h\u00e5llbarhet och effektivitet tack vare sin 36\/26T-konfiguration med tv\u00e5 hjul. Den har en 170 mm vevarm, vilket g\u00f6r det enkelt att b\u00e5de kl\u00e4ttra i backar och h\u00e5lla farten uppe i platt terr\u00e4ng. Vevsatsen \u00e4r det perfekta valet f\u00f6r dem som v\u00e4rdes\u00e4tter prestanda och tillf\u00f6rlitlighet under kr\u00e4vande f\u00f6rh\u00e5llanden.<\/p>","protected":false},"excerpt":{"rendered":"<p>Shimano Deore FC-M4100-B2 -kampisarja tarjoaa luotettavuutta ja suorituskyky\u00e4, mink\u00e4 vuoksi se sopii erinomaisesti maastopy\u00f6r\u00e4ilyyn. T\u00e4m\u00e4 10-vaihteisille vaihtajille suunniteltu osa yhdist\u00e4\u00e4 kest\u00e4vyyden ja tehokkuuden kahden rattaan 36\/26T kokoonpanon ansiosta. Siin\u00e4 on 170 mm kampivarsi, mik\u00e4 helpottaa sek\u00e4 m\u00e4kien kiipe\u00e4mist\u00e4 ett\u00e4 nopeuden yll\u00e4pitoa tasaisella maalla. Vankkarakenteinen kampisarja on ihanteellinen valinta niille, jotka arvostavat suorituskyky\u00e4 ja luotettavuutta vaativissa [&#8230;]<\/p>\n<p><a class=\"btn btn-secondary understrap-read-more-link\" href=\"https:\/\/vmsport.fi\/sv\/verkkokauppa\/varaosat\/voimansiirto\/kampisarjat\/kampisarja-10-v-tupla-170mm-36-26t-fc-m4100-b2-deore\/\">L\u00e4s mer \u2026<span class=\"screen-reader-text\"> from Kampisarja 10-v tupla 170mm 36\/26T FC-M4100-B2 Deore<\/span><\/a><\/p>\n","protected":false},"featured_media":54041,"comment_status":"open","ping_status":"closed","template":"","meta":{"_acf_changed":false,"_improvement_type_select":"improve_an_existing","_thumb_yes_seoaic":false,"_frame_yes_seoaic":false,"seoaic_generate_description":"","seoaic_improve_instructions_prompt":"","seoaic_rollback_content_improvement":"","seoaic_idea_thumbnail_generator":"","thumbnail_generated":false,"thumbnail_generate_prompt":"","seoaic_article_description":"","_supplier_stock_quantity":0},"product_brand":[],"product_model":[],"product_cat":[9346],"product_tag":[],"industry-terminology":[],"class_list":{"0":"post-54042","1":"product","2":"type-product","3":"status-publish","4":"has-post-thumbnail","6":"product_cat-kampisarjat","8":"first","9":"instock","10":"taxable","11":"shipping-taxable","12":"purchasable","13":"product-type-simple"},"acf":{"bike_features":null,"overview":{"copy_overview":null,"key_features":null,"statement":"","youtube_url":""}},"yoast_head":"<!-- This site is optimized with the Yoast SEO plugin v27.4 - https:\/\/yoast.com\/product\/yoast-seo-wordpress\/ -->\n<title>Kampisarja 10-v tupla 170mm 36\/26T FC-M4100-B2 Deore - VM Sport<\/title>\n<meta name=\"robots\" content=\"index, follow, max-snippet:-1, max-image-preview:large, max-video-preview:-1\" \/>\n<link rel=\"canonical\" href=\"https:\/\/vmsport.fi\/sv\/webbutik\/reservdelar\/transmission\/kamningssats\/vevparti-10-v-dubbel-170mm-36-26t-fc-m4100-b2-deore\/\" \/>\n<meta property=\"og:locale\" content=\"sv_SE\" \/>\n<meta property=\"og:type\" content=\"article\" \/>\n<meta property=\"og:title\" content=\"Kampisarja 10-v tupla 170mm 36\/26T FC-M4100-B2 Deore - VM Sport\" \/>\n<meta property=\"og:description\" content=\"Shimano Deore FC-M4100-B2 -kampisarja tarjoaa luotettavuutta ja suorituskyky\u00e4, mink\u00e4 vuoksi se sopii erinomaisesti maastopy\u00f6r\u00e4ilyyn. T\u00e4m\u00e4 10-vaihteisille vaihtajille suunniteltu osa yhdist\u00e4\u00e4 kest\u00e4vyyden ja tehokkuuden kahden rattaan 36\/26T kokoonpanon ansiosta. Siin\u00e4 on 170 mm kampivarsi, mik\u00e4 helpottaa sek\u00e4 m\u00e4kien kiipe\u00e4mist\u00e4 ett\u00e4 nopeuden yll\u00e4pitoa tasaisella maalla. Vankkarakenteinen kampisarja on ihanteellinen valinta niille, jotka arvostavat suorituskyky\u00e4 ja luotettavuutta vaativissa [...]L\u00e4s mer \u2026 from Kampisarja 10-v tupla 170mm 36\/26T FC-M4100-B2 Deore\" \/>\n<meta property=\"og:url\" content=\"https:\/\/vmsport.fi\/sv\/webbutik\/reservdelar\/transmission\/kamningssats\/vevparti-10-v-dubbel-170mm-36-26t-fc-m4100-b2-deore\/\" \/>\n<meta property=\"og:site_name\" content=\"VM Sport\" \/>\n<meta property=\"article:publisher\" content=\"https:\/\/www.facebook.com\/Vmsport.fi\/\" \/>\n<meta property=\"article:modified_time\" content=\"2026-04-22T12:06:59+00:00\" \/>\n<meta property=\"og:image\" content=\"https:\/\/vmsport.fi\/wp-content\/uploads\/2025\/03\/LP5wtMnapUkq2xrUFbDEnDK3mm9Ic2WNSOWdaYhll0nEHPzF3v-1.jpg\" \/>\n\t<meta property=\"og:image:width\" content=\"600\" \/>\n\t<meta property=\"og:image:height\" content=\"600\" \/>\n\t<meta property=\"og:image:type\" content=\"image\/jpeg\" \/>\n<meta name=\"twitter:card\" content=\"summary_large_image\" \/>\n<script type=\"application\/ld+json\" class=\"yoast-schema-graph\">{\"@context\":\"https:\\\/\\\/schema.org\",\"@graph\":[{\"@type\":[\"WebPage\",\"ItemPage\"],\"@id\":\"https:\\\/\\\/vmsport.fi\\\/verkkokauppa\\\/varaosat\\\/voimansiirto\\\/kampisarjat\\\/kampisarja-10-v-tupla-170mm-36-26t-fc-m4100-b2-deore\\\/\",\"url\":\"https:\\\/\\\/vmsport.fi\\\/verkkokauppa\\\/varaosat\\\/voimansiirto\\\/kampisarjat\\\/kampisarja-10-v-tupla-170mm-36-26t-fc-m4100-b2-deore\\\/\",\"name\":\"Kampisarja 10-v tupla 170mm 36\\\/26T FC-M4100-B2 Deore - VM Sport\",\"isPartOf\":{\"@id\":\"https:\\\/\\\/vmsport.fi\\\/#website\"},\"primaryImageOfPage\":{\"@id\":\"https:\\\/\\\/vmsport.fi\\\/verkkokauppa\\\/varaosat\\\/voimansiirto\\\/kampisarjat\\\/kampisarja-10-v-tupla-170mm-36-26t-fc-m4100-b2-deore\\\/#primaryimage\"},\"image\":{\"@id\":\"https:\\\/\\\/vmsport.fi\\\/verkkokauppa\\\/varaosat\\\/voimansiirto\\\/kampisarjat\\\/kampisarja-10-v-tupla-170mm-36-26t-fc-m4100-b2-deore\\\/#primaryimage\"},\"thumbnailUrl\":\"https:\\\/\\\/vmsport.fi\\\/wp-content\\\/uploads\\\/2025\\\/03\\\/LP5wtMnapUkq2xrUFbDEnDK3mm9Ic2WNSOWdaYhll0nEHPzF3v-1.jpg\",\"datePublished\":\"2025-03-05T21:48:47+00:00\",\"dateModified\":\"2026-04-22T12:06:59+00:00\",\"breadcrumb\":{\"@id\":\"https:\\\/\\\/vmsport.fi\\\/verkkokauppa\\\/varaosat\\\/voimansiirto\\\/kampisarjat\\\/kampisarja-10-v-tupla-170mm-36-26t-fc-m4100-b2-deore\\\/#breadcrumb\"},\"inLanguage\":\"sv-SE\",\"potentialAction\":[{\"@type\":\"ReadAction\",\"target\":[\"https:\\\/\\\/vmsport.fi\\\/verkkokauppa\\\/varaosat\\\/voimansiirto\\\/kampisarjat\\\/kampisarja-10-v-tupla-170mm-36-26t-fc-m4100-b2-deore\\\/\"]}]},{\"@type\":\"ImageObject\",\"inLanguage\":\"sv-SE\",\"@id\":\"https:\\\/\\\/vmsport.fi\\\/verkkokauppa\\\/varaosat\\\/voimansiirto\\\/kampisarjat\\\/kampisarja-10-v-tupla-170mm-36-26t-fc-m4100-b2-deore\\\/#primaryimage\",\"url\":\"https:\\\/\\\/vmsport.fi\\\/wp-content\\\/uploads\\\/2025\\\/03\\\/LP5wtMnapUkq2xrUFbDEnDK3mm9Ic2WNSOWdaYhll0nEHPzF3v-1.jpg\",\"contentUrl\":\"https:\\\/\\\/vmsport.fi\\\/wp-content\\\/uploads\\\/2025\\\/03\\\/LP5wtMnapUkq2xrUFbDEnDK3mm9Ic2WNSOWdaYhll0nEHPzF3v-1.jpg\",\"width\":600,\"height\":600,\"caption\":\"LP5wtMnapUkq2xrUFbDEnDK3mm9Ic2WNSOWdaYhll0nEHPzF3v\"},{\"@type\":\"BreadcrumbList\",\"@id\":\"https:\\\/\\\/vmsport.fi\\\/verkkokauppa\\\/varaosat\\\/voimansiirto\\\/kampisarjat\\\/kampisarja-10-v-tupla-170mm-36-26t-fc-m4100-b2-deore\\\/#breadcrumb\",\"itemListElement\":[{\"@type\":\"ListItem\",\"position\":1,\"name\":\"Etusivu\",\"item\":\"https:\\\/\\\/vmsport.fi\\\/\"},{\"@type\":\"ListItem\",\"position\":2,\"name\":\"Online Store\",\"item\":\"https:\\\/\\\/vmsport.fi\\\/en\\\/online-store\\\/\"},{\"@type\":\"ListItem\",\"position\":3,\"name\":\"Kampisarja 10-v tupla 170mm 36\\\/26T FC-M4100-B2 Deore\"}]},{\"@type\":\"WebSite\",\"@id\":\"https:\\\/\\\/vmsport.fi\\\/#website\",\"url\":\"https:\\\/\\\/vmsport.fi\\\/\",\"name\":\"Vmsport\",\"description\":\"Kaikki py\u00f6r\u00e4ilyyn yhdest\u00e4 paikasta\",\"publisher\":{\"@id\":\"https:\\\/\\\/vmsport.fi\\\/#organization\"},\"potentialAction\":[{\"@type\":\"SearchAction\",\"target\":{\"@type\":\"EntryPoint\",\"urlTemplate\":\"https:\\\/\\\/vmsport.fi\\\/?s={search_term_string}\"},\"query-input\":{\"@type\":\"PropertyValueSpecification\",\"valueRequired\":true,\"valueName\":\"search_term_string\"}}],\"inLanguage\":\"sv-SE\"},{\"@type\":\"Organization\",\"@id\":\"https:\\\/\\\/vmsport.fi\\\/#organization\",\"name\":\"Vmsport\",\"url\":\"https:\\\/\\\/vmsport.fi\\\/\",\"logo\":{\"@type\":\"ImageObject\",\"inLanguage\":\"sv-SE\",\"@id\":\"https:\\\/\\\/vmsport.fi\\\/#\\\/schema\\\/logo\\\/image\\\/\",\"url\":\"https:\\\/\\\/vmsport.fi\\\/wp-content\\\/uploads\\\/2024\\\/12\\\/vm_sport_RGB_horisontal-e1734526017575.png\",\"contentUrl\":\"https:\\\/\\\/vmsport.fi\\\/wp-content\\\/uploads\\\/2024\\\/12\\\/vm_sport_RGB_horisontal-e1734526017575.png\",\"width\":668,\"height\":85,\"caption\":\"Vmsport\"},\"image\":{\"@id\":\"https:\\\/\\\/vmsport.fi\\\/#\\\/schema\\\/logo\\\/image\\\/\"},\"sameAs\":[\"https:\\\/\\\/www.facebook.com\\\/Vmsport.fi\\\/\",\"https:\\\/\\\/www.instagram.com\\\/vmsport\\\/\"]}]}<\/script>\n<!-- \/ Yoast SEO plugin. -->","yoast_head_json":{"title":"Vevsats 10 \u00e5r dubbel 170mm 36\/26T FC-M4100-B2 Deore - VM Sport","robots":{"index":"index","follow":"follow","max-snippet":"max-snippet:-1","max-image-preview":"max-image-preview:large","max-video-preview":"max-video-preview:-1"},"canonical":"https:\/\/vmsport.fi\/sv\/webbutik\/reservdelar\/transmission\/kamningssats\/vevparti-10-v-dubbel-170mm-36-26t-fc-m4100-b2-deore\/","og_locale":"sv_SE","og_type":"article","og_title":"Kampisarja 10-v tupla 170mm 36\/26T FC-M4100-B2 Deore - VM Sport","og_description":"Shimano Deore FC-M4100-B2 -kampisarja tarjoaa luotettavuutta ja suorituskyky\u00e4, mink\u00e4 vuoksi se sopii erinomaisesti maastopy\u00f6r\u00e4ilyyn. T\u00e4m\u00e4 10-vaihteisille vaihtajille suunniteltu osa yhdist\u00e4\u00e4 kest\u00e4vyyden ja tehokkuuden kahden rattaan 36\/26T kokoonpanon ansiosta. Siin\u00e4 on 170 mm kampivarsi, mik\u00e4 helpottaa sek\u00e4 m\u00e4kien kiipe\u00e4mist\u00e4 ett\u00e4 nopeuden yll\u00e4pitoa tasaisella maalla. Vankkarakenteinen kampisarja on ihanteellinen valinta niille, jotka arvostavat suorituskyky\u00e4 ja luotettavuutta vaativissa [...]L\u00e4s mer \u2026 from Kampisarja 10-v tupla 170mm 36\/26T FC-M4100-B2 Deore","og_url":"https:\/\/vmsport.fi\/sv\/webbutik\/reservdelar\/transmission\/kamningssats\/vevparti-10-v-dubbel-170mm-36-26t-fc-m4100-b2-deore\/","og_site_name":"VM Sport","article_publisher":"https:\/\/www.facebook.com\/Vmsport.fi\/","article_modified_time":"2026-04-22T12:06:59+00:00","og_image":[{"width":600,"height":600,"url":"https:\/\/vmsport.fi\/wp-content\/uploads\/2025\/03\/LP5wtMnapUkq2xrUFbDEnDK3mm9Ic2WNSOWdaYhll0nEHPzF3v-1.jpg","type":"image\/jpeg"}],"twitter_card":"summary_large_image","schema":{"@context":"https:\/\/schema.org","@graph":[{"@type":["WebPage","ItemPage"],"@id":"https:\/\/vmsport.fi\/verkkokauppa\/varaosat\/voimansiirto\/kampisarjat\/kampisarja-10-v-tupla-170mm-36-26t-fc-m4100-b2-deore\/","url":"https:\/\/vmsport.fi\/verkkokauppa\/varaosat\/voimansiirto\/kampisarjat\/kampisarja-10-v-tupla-170mm-36-26t-fc-m4100-b2-deore\/","name":"Vevsats 10 \u00e5r dubbel 170mm 36\/26T FC-M4100-B2 Deore - VM Sport","isPartOf":{"@id":"https:\/\/vmsport.fi\/#website"},"primaryImageOfPage":{"@id":"https:\/\/vmsport.fi\/verkkokauppa\/varaosat\/voimansiirto\/kampisarjat\/kampisarja-10-v-tupla-170mm-36-26t-fc-m4100-b2-deore\/#primaryimage"},"image":{"@id":"https:\/\/vmsport.fi\/verkkokauppa\/varaosat\/voimansiirto\/kampisarjat\/kampisarja-10-v-tupla-170mm-36-26t-fc-m4100-b2-deore\/#primaryimage"},"thumbnailUrl":"https:\/\/vmsport.fi\/wp-content\/uploads\/2025\/03\/LP5wtMnapUkq2xrUFbDEnDK3mm9Ic2WNSOWdaYhll0nEHPzF3v-1.jpg","datePublished":"2025-03-05T21:48:47+00:00","dateModified":"2026-04-22T12:06:59+00:00","breadcrumb":{"@id":"https:\/\/vmsport.fi\/verkkokauppa\/varaosat\/voimansiirto\/kampisarjat\/kampisarja-10-v-tupla-170mm-36-26t-fc-m4100-b2-deore\/#breadcrumb"},"inLanguage":"sv-SE","potentialAction":[{"@type":"ReadAction","target":["https:\/\/vmsport.fi\/verkkokauppa\/varaosat\/voimansiirto\/kampisarjat\/kampisarja-10-v-tupla-170mm-36-26t-fc-m4100-b2-deore\/"]}]},{"@type":"ImageObject","inLanguage":"sv-SE","@id":"https:\/\/vmsport.fi\/verkkokauppa\/varaosat\/voimansiirto\/kampisarjat\/kampisarja-10-v-tupla-170mm-36-26t-fc-m4100-b2-deore\/#primaryimage","url":"https:\/\/vmsport.fi\/wp-content\/uploads\/2025\/03\/LP5wtMnapUkq2xrUFbDEnDK3mm9Ic2WNSOWdaYhll0nEHPzF3v-1.jpg","contentUrl":"https:\/\/vmsport.fi\/wp-content\/uploads\/2025\/03\/LP5wtMnapUkq2xrUFbDEnDK3mm9Ic2WNSOWdaYhll0nEHPzF3v-1.jpg","width":600,"height":600,"caption":"LP5wtMnapUkq2xrUFbDEnDK3mm9Ic2WNSOWdaYhll0nEHPzF3v"},{"@type":"BreadcrumbList","@id":"https:\/\/vmsport.fi\/verkkokauppa\/varaosat\/voimansiirto\/kampisarjat\/kampisarja-10-v-tupla-170mm-36-26t-fc-m4100-b2-deore\/#breadcrumb","itemListElement":[{"@type":"ListItem","position":1,"name":"Etusivu","item":"https:\/\/vmsport.fi\/"},{"@type":"ListItem","position":2,"name":"Online Store","item":"https:\/\/vmsport.fi\/en\/online-store\/"},{"@type":"ListItem","position":3,"name":"Kampisarja 10-v tupla 170mm 36\/26T FC-M4100-B2 Deore"}]},{"@type":"WebSite","@id":"https:\/\/vmsport.fi\/#website","url":"https:\/\/vmsport.fi\/","name":"Vmsport","description":"Allt p\u00e5 ett st\u00e4lle f\u00f6r cykling","publisher":{"@id":"https:\/\/vmsport.fi\/#organization"},"potentialAction":[{"@type":"SearchAction","target":{"@type":"EntryPoint","urlTemplate":"https:\/\/vmsport.fi\/?s={search_term_string}"},"query-input":{"@type":"PropertyValueSpecification","valueRequired":true,"valueName":"search_term_string"}}],"inLanguage":"sv-SE"},{"@type":"Organization","@id":"https:\/\/vmsport.fi\/#organization","name":"Vmsport","url":"https:\/\/vmsport.fi\/","logo":{"@type":"ImageObject","inLanguage":"sv-SE","@id":"https:\/\/vmsport.fi\/#\/schema\/logo\/image\/","url":"https:\/\/vmsport.fi\/wp-content\/uploads\/2024\/12\/vm_sport_RGB_horisontal-e1734526017575.png","contentUrl":"https:\/\/vmsport.fi\/wp-content\/uploads\/2024\/12\/vm_sport_RGB_horisontal-e1734526017575.png","width":668,"height":85,"caption":"Vmsport"},"image":{"@id":"https:\/\/vmsport.fi\/#\/schema\/logo\/image\/"},"sameAs":["https:\/\/www.facebook.com\/Vmsport.fi\/","https:\/\/www.instagram.com\/vmsport\/"]}]}},"global_unique_id":"","_links":{"self":[{"href":"https:\/\/vmsport.fi\/sv\/wp-json\/wp\/v2\/product\/54042","targetHints":{"allow":["GET"]}}],"collection":[{"href":"https:\/\/vmsport.fi\/sv\/wp-json\/wp\/v2\/product"}],"about":[{"href":"https:\/\/vmsport.fi\/sv\/wp-json\/wp\/v2\/types\/product"}],"replies":[{"embeddable":true,"href":"https:\/\/vmsport.fi\/sv\/wp-json\/wp\/v2\/comments?post=54042"}],"wp:featuredmedia":[{"embeddable":true,"href":"https:\/\/vmsport.fi\/sv\/wp-json\/wp\/v2\/media\/54041"}],"wp:attachment":[{"href":"https:\/\/vmsport.fi\/sv\/wp-json\/wp\/v2\/media?parent=54042"}],"wp:term":[{"taxonomy":"product_brand","embeddable":true,"href":"https:\/\/vmsport.fi\/sv\/wp-json\/wp\/v2\/product_brand?post=54042"},{"taxonomy":"product_model","embeddable":true,"href":"https:\/\/vmsport.fi\/sv\/wp-json\/wp\/v2\/product_model?post=54042"},{"taxonomy":"product_cat","embeddable":true,"href":"https:\/\/vmsport.fi\/sv\/wp-json\/wp\/v2\/product_cat?post=54042"},{"taxonomy":"product_tag","embeddable":true,"href":"https:\/\/vmsport.fi\/sv\/wp-json\/wp\/v2\/product_tag?post=54042"},{"taxonomy":"industry_terminology","embeddable":true,"href":"https:\/\/vmsport.fi\/sv\/wp-json\/wp\/v2\/industry-terminology?post=54042"}],"curies":[{"name":"wp","href":"https:\/\/api.w.org\/{rel}","templated":true}]}}