{"id":54027,"date":"2025-03-05T23:48:25","date_gmt":"2025-03-05T21:48:25","guid":{"rendered":"https:\/\/vmsport.fi\/verkkokauppa\/Ei-luokiteltu\/bontrager-right-side-load-recycled-water-bottle-cage\/"},"modified":"2026-04-22T15:40:33","modified_gmt":"2026-04-22T12:40:33","slug":"bontrager-hoger-sidolast-atervunnen-vattenflaskhallare","status":"publish","type":"product","link":"https:\/\/vmsport.fi\/sv\/verkkokauppa\/tarvikkeet\/telineet\/pullotelineet\/bontrager-right-side-load-recycled-water-bottle-cage\/","title":{"rendered":"Bontrager h\u00f6ger sidolast \u00e5tervunnen vattenflaskh\u00e5llare"},"content":{"rendered":"<p>Bontrager Right Side Load Recycled Bottle Rack \u00e4r utformat f\u00f6r cyklister som v\u00e4rdes\u00e4tter b\u00e5de praktiska egenskaper och milj\u00f6ansvar. Det \u00e4r tillverkat av l\u00e4tta och h\u00e5llbara kompositmaterial och anv\u00e4nder \u00e5tervunnen plast f\u00f6r att fr\u00e4mja respekten f\u00f6r naturen.<\/p>\n<p>Den sidolastande designen g\u00f6r det enkelt att plocka upp dryckesflaskor, s\u00e4rskilt i tr\u00e5nga utrymmen eller p\u00e5 sm\u00e5 kroppar. Du kan montera paketh\u00e5llaren s\u00e5 att den ger \u00e5tkomst till underr\u00f6ret p\u00e5 h\u00f6ger sida eller sadelr\u00f6ret p\u00e5 v\u00e4nster sida, vilket skapar enhetlighet n\u00e4r den anv\u00e4nds tillsammans med Bontrager Left Side Load Cage.<\/p>\n<p>Den h\u00e4r produkten \u00e4r ett utm\u00e4rkt val f\u00f6r b\u00e5de landsv\u00e4gs- och mountainbikecykling och \u00e4r s\u00e4rskilt l\u00e4mplig f\u00f6r sm\u00e5 ramar, held\u00e4mpade cyklar och f\u00f6r anv\u00e4ndning med en ramv\u00e4ska. Paketh\u00e5llaren \u00e5terspeglar Bontragers engagemang f\u00f6r minskad milj\u00f6p\u00e5verkan och ansvarsfull design.<\/p>","protected":false},"excerpt":{"rendered":"<p>Bontrager Right Side Load Recycled -pulloteline on suunniteltu py\u00f6r\u00e4ilij\u00f6ille, jotka arvostavat sek\u00e4 k\u00e4yt\u00e4nn\u00f6llist\u00e4 ett\u00e4 ymp\u00e4rist\u00f6vastuullista valintaa. Se on valmistettu kevyist\u00e4 ja kest\u00e4vist\u00e4 komposiittimateriaaleista ja siin\u00e4 k\u00e4ytet\u00e4\u00e4n kierr\u00e4tysmuoveja, mik\u00e4 tukee luonnon huomioimista. Sivusta ladattava muotoilu helpottaa juomapullojen ottamista erityisesti ahtaissa tiloissa tai pienikokoisissa rungoissa. Voit asentaa telineen niin, ett\u00e4 saat oikeanpuoleisen p\u00e4\u00e4syn alasputkeen tai vasemmanpuoleisen p\u00e4\u00e4syn [&#8230;]<\/p>\n<p><a class=\"btn btn-secondary understrap-read-more-link\" href=\"https:\/\/vmsport.fi\/sv\/verkkokauppa\/tarvikkeet\/telineet\/pullotelineet\/bontrager-right-side-load-recycled-water-bottle-cage\/\">L\u00e4s mer \u2026<span class=\"screen-reader-text\"> from Bontrager Right Side Load Recycled Water Bottle Cage<\/span><\/a><\/p>\n","protected":false},"featured_media":54026,"comment_status":"open","ping_status":"closed","template":"","meta":{"_acf_changed":false,"_improvement_type_select":"improve_an_existing","_thumb_yes_seoaic":false,"_frame_yes_seoaic":false,"seoaic_generate_description":"","seoaic_improve_instructions_prompt":"","seoaic_rollback_content_improvement":"","seoaic_idea_thumbnail_generator":"","thumbnail_generated":false,"thumbnail_generate_prompt":"","seoaic_article_description":"","_supplier_stock_quantity":0},"product_brand":[],"product_model":[],"product_cat":[9344],"product_tag":[],"industry-terminology":[],"class_list":{"0":"post-54027","1":"product","2":"type-product","3":"status-publish","4":"has-post-thumbnail","6":"product_cat-pullotelineet","8":"first","9":"outofstock","10":"taxable","11":"shipping-taxable","12":"product-type-variable"},"acf":{"bike_features":null,"overview":{"copy_overview":null,"key_features":null,"statement":"","youtube_url":""}},"yoast_head":"<!-- This site is optimized with the Yoast SEO plugin v27.4 - https:\/\/yoast.com\/product\/yoast-seo-wordpress\/ -->\n<title>Bontrager Right Side Load Recycled Water Bottle Cage - VM Sport<\/title>\n<meta name=\"robots\" content=\"index, follow, max-snippet:-1, max-image-preview:large, max-video-preview:-1\" \/>\n<link rel=\"canonical\" href=\"https:\/\/vmsport.fi\/sv\/webbutik\/tillbehor\/byggnadsstallningar\/flaskhallare\/bontrager-hoger-sidolast-atervunnen-vattenflaskhallare\/\" \/>\n<meta property=\"og:locale\" content=\"sv_SE\" \/>\n<meta property=\"og:type\" content=\"article\" \/>\n<meta property=\"og:title\" content=\"Bontrager Right Side Load Recycled Water Bottle Cage - VM Sport\" \/>\n<meta property=\"og:description\" content=\"Bontrager Right Side Load Recycled -pulloteline on suunniteltu py\u00f6r\u00e4ilij\u00f6ille, jotka arvostavat sek\u00e4 k\u00e4yt\u00e4nn\u00f6llist\u00e4 ett\u00e4 ymp\u00e4rist\u00f6vastuullista valintaa. Se on valmistettu kevyist\u00e4 ja kest\u00e4vist\u00e4 komposiittimateriaaleista ja siin\u00e4 k\u00e4ytet\u00e4\u00e4n kierr\u00e4tysmuoveja, mik\u00e4 tukee luonnon huomioimista. Sivusta ladattava muotoilu helpottaa juomapullojen ottamista erityisesti ahtaissa tiloissa tai pienikokoisissa rungoissa. Voit asentaa telineen niin, ett\u00e4 saat oikeanpuoleisen p\u00e4\u00e4syn alasputkeen tai vasemmanpuoleisen p\u00e4\u00e4syn [...]L\u00e4s mer \u2026 from Bontrager Right Side Load Recycled Water Bottle Cage\" \/>\n<meta property=\"og:url\" content=\"https:\/\/vmsport.fi\/sv\/webbutik\/tillbehor\/byggnadsstallningar\/flaskhallare\/bontrager-hoger-sidolast-atervunnen-vattenflaskhallare\/\" \/>\n<meta property=\"og:site_name\" content=\"VM Sport\" \/>\n<meta property=\"article:publisher\" content=\"https:\/\/www.facebook.com\/Vmsport.fi\/\" \/>\n<meta property=\"article:modified_time\" content=\"2026-04-22T12:40:33+00:00\" \/>\n<meta property=\"og:image\" content=\"https:\/\/vmsport.fi\/wp-content\/uploads\/2025\/03\/LEQJzz9vNKAm6z5wRN6uthZCwXOl3faYiUParIurkvUKLAvO75-1.jpg\" \/>\n\t<meta property=\"og:image:width\" content=\"1000\" \/>\n\t<meta property=\"og:image:height\" content=\"750\" \/>\n\t<meta property=\"og:image:type\" content=\"image\/jpeg\" \/>\n<meta name=\"twitter:card\" content=\"summary_large_image\" \/>\n<meta name=\"twitter:label1\" content=\"Ber\u00e4knad l\u00e4stid\" \/>\n\t<meta name=\"twitter:data1\" content=\"1 minut\" \/>\n<script type=\"application\/ld+json\" class=\"yoast-schema-graph\">{\"@context\":\"https:\\\/\\\/schema.org\",\"@graph\":[{\"@type\":[\"WebPage\",\"ItemPage\"],\"@id\":\"https:\\\/\\\/vmsport.fi\\\/verkkokauppa\\\/tarvikkeet\\\/telineet\\\/pullotelineet\\\/bontrager-right-side-load-recycled-water-bottle-cage\\\/\",\"url\":\"https:\\\/\\\/vmsport.fi\\\/verkkokauppa\\\/tarvikkeet\\\/telineet\\\/pullotelineet\\\/bontrager-right-side-load-recycled-water-bottle-cage\\\/\",\"name\":\"Bontrager Right Side Load Recycled Water Bottle Cage - VM Sport\",\"isPartOf\":{\"@id\":\"https:\\\/\\\/vmsport.fi\\\/#website\"},\"primaryImageOfPage\":{\"@id\":\"https:\\\/\\\/vmsport.fi\\\/verkkokauppa\\\/tarvikkeet\\\/telineet\\\/pullotelineet\\\/bontrager-right-side-load-recycled-water-bottle-cage\\\/#primaryimage\"},\"image\":{\"@id\":\"https:\\\/\\\/vmsport.fi\\\/verkkokauppa\\\/tarvikkeet\\\/telineet\\\/pullotelineet\\\/bontrager-right-side-load-recycled-water-bottle-cage\\\/#primaryimage\"},\"thumbnailUrl\":\"https:\\\/\\\/vmsport.fi\\\/wp-content\\\/uploads\\\/2025\\\/03\\\/LEQJzz9vNKAm6z5wRN6uthZCwXOl3faYiUParIurkvUKLAvO75-1.jpg\",\"datePublished\":\"2025-03-05T21:48:25+00:00\",\"dateModified\":\"2026-04-22T12:40:33+00:00\",\"breadcrumb\":{\"@id\":\"https:\\\/\\\/vmsport.fi\\\/verkkokauppa\\\/tarvikkeet\\\/telineet\\\/pullotelineet\\\/bontrager-right-side-load-recycled-water-bottle-cage\\\/#breadcrumb\"},\"inLanguage\":\"sv-SE\",\"potentialAction\":[{\"@type\":\"ReadAction\",\"target\":[\"https:\\\/\\\/vmsport.fi\\\/verkkokauppa\\\/tarvikkeet\\\/telineet\\\/pullotelineet\\\/bontrager-right-side-load-recycled-water-bottle-cage\\\/\"]}]},{\"@type\":\"ImageObject\",\"inLanguage\":\"sv-SE\",\"@id\":\"https:\\\/\\\/vmsport.fi\\\/verkkokauppa\\\/tarvikkeet\\\/telineet\\\/pullotelineet\\\/bontrager-right-side-load-recycled-water-bottle-cage\\\/#primaryimage\",\"url\":\"https:\\\/\\\/vmsport.fi\\\/wp-content\\\/uploads\\\/2025\\\/03\\\/LEQJzz9vNKAm6z5wRN6uthZCwXOl3faYiUParIurkvUKLAvO75-1.jpg\",\"contentUrl\":\"https:\\\/\\\/vmsport.fi\\\/wp-content\\\/uploads\\\/2025\\\/03\\\/LEQJzz9vNKAm6z5wRN6uthZCwXOl3faYiUParIurkvUKLAvO75-1.jpg\",\"width\":1000,\"height\":750,\"caption\":\"LEQJzz9vNKAm6z5wRN6uthZCwXOl3faYiUParIurkvUKLAvO75\"},{\"@type\":\"BreadcrumbList\",\"@id\":\"https:\\\/\\\/vmsport.fi\\\/verkkokauppa\\\/tarvikkeet\\\/telineet\\\/pullotelineet\\\/bontrager-right-side-load-recycled-water-bottle-cage\\\/#breadcrumb\",\"itemListElement\":[{\"@type\":\"ListItem\",\"position\":1,\"name\":\"Etusivu\",\"item\":\"https:\\\/\\\/vmsport.fi\\\/\"},{\"@type\":\"ListItem\",\"position\":2,\"name\":\"Online Store\",\"item\":\"https:\\\/\\\/vmsport.fi\\\/en\\\/online-store\\\/\"},{\"@type\":\"ListItem\",\"position\":3,\"name\":\"Bontrager Right Side Load Recycled Water Bottle Cage\"}]},{\"@type\":\"WebSite\",\"@id\":\"https:\\\/\\\/vmsport.fi\\\/#website\",\"url\":\"https:\\\/\\\/vmsport.fi\\\/\",\"name\":\"Vmsport\",\"description\":\"Kaikki py\u00f6r\u00e4ilyyn yhdest\u00e4 paikasta\",\"publisher\":{\"@id\":\"https:\\\/\\\/vmsport.fi\\\/#organization\"},\"potentialAction\":[{\"@type\":\"SearchAction\",\"target\":{\"@type\":\"EntryPoint\",\"urlTemplate\":\"https:\\\/\\\/vmsport.fi\\\/?s={search_term_string}\"},\"query-input\":{\"@type\":\"PropertyValueSpecification\",\"valueRequired\":true,\"valueName\":\"search_term_string\"}}],\"inLanguage\":\"sv-SE\"},{\"@type\":\"Organization\",\"@id\":\"https:\\\/\\\/vmsport.fi\\\/#organization\",\"name\":\"Vmsport\",\"url\":\"https:\\\/\\\/vmsport.fi\\\/\",\"logo\":{\"@type\":\"ImageObject\",\"inLanguage\":\"sv-SE\",\"@id\":\"https:\\\/\\\/vmsport.fi\\\/#\\\/schema\\\/logo\\\/image\\\/\",\"url\":\"https:\\\/\\\/vmsport.fi\\\/wp-content\\\/uploads\\\/2024\\\/12\\\/vm_sport_RGB_horisontal-e1734526017575.png\",\"contentUrl\":\"https:\\\/\\\/vmsport.fi\\\/wp-content\\\/uploads\\\/2024\\\/12\\\/vm_sport_RGB_horisontal-e1734526017575.png\",\"width\":668,\"height\":85,\"caption\":\"Vmsport\"},\"image\":{\"@id\":\"https:\\\/\\\/vmsport.fi\\\/#\\\/schema\\\/logo\\\/image\\\/\"},\"sameAs\":[\"https:\\\/\\\/www.facebook.com\\\/Vmsport.fi\\\/\",\"https:\\\/\\\/www.instagram.com\\\/vmsport\\\/\"]}]}<\/script>\n<!-- \/ Yoast SEO plugin. -->","yoast_head_json":{"title":"Bontrager \u00e5tervunnen vattenflaskh\u00e5llare f\u00f6r h\u00f6ger sidolast - VM Sport","robots":{"index":"index","follow":"follow","max-snippet":"max-snippet:-1","max-image-preview":"max-image-preview:large","max-video-preview":"max-video-preview:-1"},"canonical":"https:\/\/vmsport.fi\/sv\/webbutik\/tillbehor\/byggnadsstallningar\/flaskhallare\/bontrager-hoger-sidolast-atervunnen-vattenflaskhallare\/","og_locale":"sv_SE","og_type":"article","og_title":"Bontrager Right Side Load Recycled Water Bottle Cage - VM Sport","og_description":"Bontrager Right Side Load Recycled -pulloteline on suunniteltu py\u00f6r\u00e4ilij\u00f6ille, jotka arvostavat sek\u00e4 k\u00e4yt\u00e4nn\u00f6llist\u00e4 ett\u00e4 ymp\u00e4rist\u00f6vastuullista valintaa. Se on valmistettu kevyist\u00e4 ja kest\u00e4vist\u00e4 komposiittimateriaaleista ja siin\u00e4 k\u00e4ytet\u00e4\u00e4n kierr\u00e4tysmuoveja, mik\u00e4 tukee luonnon huomioimista. Sivusta ladattava muotoilu helpottaa juomapullojen ottamista erityisesti ahtaissa tiloissa tai pienikokoisissa rungoissa. Voit asentaa telineen niin, ett\u00e4 saat oikeanpuoleisen p\u00e4\u00e4syn alasputkeen tai vasemmanpuoleisen p\u00e4\u00e4syn [...]L\u00e4s mer \u2026 from Bontrager Right Side Load Recycled Water Bottle Cage","og_url":"https:\/\/vmsport.fi\/sv\/webbutik\/tillbehor\/byggnadsstallningar\/flaskhallare\/bontrager-hoger-sidolast-atervunnen-vattenflaskhallare\/","og_site_name":"VM Sport","article_publisher":"https:\/\/www.facebook.com\/Vmsport.fi\/","article_modified_time":"2026-04-22T12:40:33+00:00","og_image":[{"width":1000,"height":750,"url":"https:\/\/vmsport.fi\/wp-content\/uploads\/2025\/03\/LEQJzz9vNKAm6z5wRN6uthZCwXOl3faYiUParIurkvUKLAvO75-1.jpg","type":"image\/jpeg"}],"twitter_card":"summary_large_image","twitter_misc":{"Ber\u00e4knad l\u00e4stid":"1 minut"},"schema":{"@context":"https:\/\/schema.org","@graph":[{"@type":["WebPage","ItemPage"],"@id":"https:\/\/vmsport.fi\/verkkokauppa\/tarvikkeet\/telineet\/pullotelineet\/bontrager-right-side-load-recycled-water-bottle-cage\/","url":"https:\/\/vmsport.fi\/verkkokauppa\/tarvikkeet\/telineet\/pullotelineet\/bontrager-right-side-load-recycled-water-bottle-cage\/","name":"Bontrager \u00e5tervunnen vattenflaskh\u00e5llare f\u00f6r h\u00f6ger sidolast - VM Sport","isPartOf":{"@id":"https:\/\/vmsport.fi\/#website"},"primaryImageOfPage":{"@id":"https:\/\/vmsport.fi\/verkkokauppa\/tarvikkeet\/telineet\/pullotelineet\/bontrager-right-side-load-recycled-water-bottle-cage\/#primaryimage"},"image":{"@id":"https:\/\/vmsport.fi\/verkkokauppa\/tarvikkeet\/telineet\/pullotelineet\/bontrager-right-side-load-recycled-water-bottle-cage\/#primaryimage"},"thumbnailUrl":"https:\/\/vmsport.fi\/wp-content\/uploads\/2025\/03\/LEQJzz9vNKAm6z5wRN6uthZCwXOl3faYiUParIurkvUKLAvO75-1.jpg","datePublished":"2025-03-05T21:48:25+00:00","dateModified":"2026-04-22T12:40:33+00:00","breadcrumb":{"@id":"https:\/\/vmsport.fi\/verkkokauppa\/tarvikkeet\/telineet\/pullotelineet\/bontrager-right-side-load-recycled-water-bottle-cage\/#breadcrumb"},"inLanguage":"sv-SE","potentialAction":[{"@type":"ReadAction","target":["https:\/\/vmsport.fi\/verkkokauppa\/tarvikkeet\/telineet\/pullotelineet\/bontrager-right-side-load-recycled-water-bottle-cage\/"]}]},{"@type":"ImageObject","inLanguage":"sv-SE","@id":"https:\/\/vmsport.fi\/verkkokauppa\/tarvikkeet\/telineet\/pullotelineet\/bontrager-right-side-load-recycled-water-bottle-cage\/#primaryimage","url":"https:\/\/vmsport.fi\/wp-content\/uploads\/2025\/03\/LEQJzz9vNKAm6z5wRN6uthZCwXOl3faYiUParIurkvUKLAvO75-1.jpg","contentUrl":"https:\/\/vmsport.fi\/wp-content\/uploads\/2025\/03\/LEQJzz9vNKAm6z5wRN6uthZCwXOl3faYiUParIurkvUKLAvO75-1.jpg","width":1000,"height":750,"caption":"LEQJzz9vNKAm6z5wRN6uthZCwXOl3faYiUParIurkvUKLAvO75"},{"@type":"BreadcrumbList","@id":"https:\/\/vmsport.fi\/verkkokauppa\/tarvikkeet\/telineet\/pullotelineet\/bontrager-right-side-load-recycled-water-bottle-cage\/#breadcrumb","itemListElement":[{"@type":"ListItem","position":1,"name":"Etusivu","item":"https:\/\/vmsport.fi\/"},{"@type":"ListItem","position":2,"name":"Online Store","item":"https:\/\/vmsport.fi\/en\/online-store\/"},{"@type":"ListItem","position":3,"name":"Bontrager Right Side Load Recycled Water Bottle Cage"}]},{"@type":"WebSite","@id":"https:\/\/vmsport.fi\/#website","url":"https:\/\/vmsport.fi\/","name":"Vmsport","description":"Allt p\u00e5 ett st\u00e4lle f\u00f6r cykling","publisher":{"@id":"https:\/\/vmsport.fi\/#organization"},"potentialAction":[{"@type":"SearchAction","target":{"@type":"EntryPoint","urlTemplate":"https:\/\/vmsport.fi\/?s={search_term_string}"},"query-input":{"@type":"PropertyValueSpecification","valueRequired":true,"valueName":"search_term_string"}}],"inLanguage":"sv-SE"},{"@type":"Organization","@id":"https:\/\/vmsport.fi\/#organization","name":"Vmsport","url":"https:\/\/vmsport.fi\/","logo":{"@type":"ImageObject","inLanguage":"sv-SE","@id":"https:\/\/vmsport.fi\/#\/schema\/logo\/image\/","url":"https:\/\/vmsport.fi\/wp-content\/uploads\/2024\/12\/vm_sport_RGB_horisontal-e1734526017575.png","contentUrl":"https:\/\/vmsport.fi\/wp-content\/uploads\/2024\/12\/vm_sport_RGB_horisontal-e1734526017575.png","width":668,"height":85,"caption":"Vmsport"},"image":{"@id":"https:\/\/vmsport.fi\/#\/schema\/logo\/image\/"},"sameAs":["https:\/\/www.facebook.com\/Vmsport.fi\/","https:\/\/www.instagram.com\/vmsport\/"]}]}},"global_unique_id":"","_links":{"self":[{"href":"https:\/\/vmsport.fi\/sv\/wp-json\/wp\/v2\/product\/54027","targetHints":{"allow":["GET"]}}],"collection":[{"href":"https:\/\/vmsport.fi\/sv\/wp-json\/wp\/v2\/product"}],"about":[{"href":"https:\/\/vmsport.fi\/sv\/wp-json\/wp\/v2\/types\/product"}],"replies":[{"embeddable":true,"href":"https:\/\/vmsport.fi\/sv\/wp-json\/wp\/v2\/comments?post=54027"}],"wp:featuredmedia":[{"embeddable":true,"href":"https:\/\/vmsport.fi\/sv\/wp-json\/wp\/v2\/media\/54026"}],"wp:attachment":[{"href":"https:\/\/vmsport.fi\/sv\/wp-json\/wp\/v2\/media?parent=54027"}],"wp:term":[{"taxonomy":"product_brand","embeddable":true,"href":"https:\/\/vmsport.fi\/sv\/wp-json\/wp\/v2\/product_brand?post=54027"},{"taxonomy":"product_model","embeddable":true,"href":"https:\/\/vmsport.fi\/sv\/wp-json\/wp\/v2\/product_model?post=54027"},{"taxonomy":"product_cat","embeddable":true,"href":"https:\/\/vmsport.fi\/sv\/wp-json\/wp\/v2\/product_cat?post=54027"},{"taxonomy":"product_tag","embeddable":true,"href":"https:\/\/vmsport.fi\/sv\/wp-json\/wp\/v2\/product_tag?post=54027"},{"taxonomy":"industry_terminology","embeddable":true,"href":"https:\/\/vmsport.fi\/sv\/wp-json\/wp\/v2\/industry-terminology?post=54027"}],"curies":[{"name":"wp","href":"https:\/\/api.w.org\/{rel}","templated":true}]}}