{"id":54009,"date":"2025-03-05T23:48:09","date_gmt":"2025-03-05T21:48:09","guid":{"rendered":"https:\/\/vmsport.fi\/verkkokauppa\/Ei-luokiteltu\/sks-etulokasuoja-mudrocker-275-29-musta\/"},"modified":"2026-01-16T13:26:21","modified_gmt":"2026-01-16T11:26:21","slug":"sks-framre-stankskarm-mudrocker-275-29-svart","status":"publish","type":"product","link":"https:\/\/vmsport.fi\/sv\/verkkokauppa\/tarvikkeet\/lokasuojat\/etulokasuojat\/sks-etulokasuoja-mudrocker-275-29-musta\/","title":{"rendered":"SKS St\u00e4nksk\u00e4rm fram Mudrocker 27,5\u2033 - 29\u2033 Svart"},"content":{"rendered":"<p>SKS st\u00e4nksk\u00e4rm Mudrocker \u00e4r en slitstark st\u00e4nksk\u00e4rm som \u00e4r speciellt utformad f\u00f6r mountainbikes. Det h\u00e4r st\u00e4nkskyddet h\u00e5ller st\u00e4nk borta och \u00f6kar k\u00f6rkomforten genom att minska m\u00e4ngden lera och smuts. Det \u00e4r enkelt att montera med kardborreband i gummi som ger en s\u00e4ker passform p\u00e5 olika gaffelmodeller. St\u00e4nkskyddets breda sidoskydd hindrar smuts fr\u00e5n att tr\u00e4nga in i de \u00f6vre hjulr\u00f6ren. Passar f\u00f6r 27,5\"- till 29\"-d\u00e4ck. Det h\u00e4r l\u00e4tta st\u00e4nkskyddet \u00e4r tillverkat av slagt\u00e5lig plast, v\u00e4ger ca 112 gram och \u00e4r ett p\u00e5litligt val f\u00f6r mountainbikecykling.<\/p>","protected":false},"excerpt":{"rendered":"<p>SKS Etulokasuoja Mudrocker on erityisesti maastopy\u00f6riin suunniteltu kest\u00e4v\u00e4 suoja. T\u00e4m\u00e4 lokasuoja pit\u00e4\u00e4 roiskeet loitolla, mik\u00e4 lis\u00e4\u00e4 ajomukavuutta v\u00e4hent\u00e4en mudan ja lian m\u00e4\u00e4r\u00e4a. Se on helppo kiinnitt\u00e4\u00e4, sill\u00e4 kumipintaiset Velcro-nauhat varmistavat tukevan asennuksen eri haarukkamalleihin. Lokasuojan laajat sivusuojat est\u00e4v\u00e4t lian p\u00e4\u00e4syn py\u00f6r\u00e4n yl\u00e4putkiin. Se sopii 27,5-tuumaisille &#8211; 29-tuumaisille renkaille. Iskunkest\u00e4v\u00e4st\u00e4 muovista valmistettuna t\u00e4m\u00e4 kevyt lokasuoja painaa [&#8230;]<\/p>\n<p><a class=\"btn btn-secondary understrap-read-more-link\" href=\"https:\/\/vmsport.fi\/sv\/verkkokauppa\/tarvikkeet\/lokasuojat\/etulokasuojat\/sks-etulokasuoja-mudrocker-275-29-musta\/\">L\u00e4s mer \u2026<span class=\"screen-reader-text\"> from SKS Etulokasuoja Mudrocker 27,5&#8243; &#8211; 29&#8243; Musta<\/span><\/a><\/p>\n","protected":false},"featured_media":54007,"comment_status":"open","ping_status":"closed","template":"","meta":{"_acf_changed":false,"_improvement_type_select":"improve_an_existing","_thumb_yes_seoaic":false,"_frame_yes_seoaic":false,"seoaic_generate_description":"","seoaic_improve_instructions_prompt":"","seoaic_rollback_content_improvement":"","seoaic_idea_thumbnail_generator":"","thumbnail_generated":false,"thumbnail_generate_prompt":"","seoaic_article_description":"","_supplier_stock_quantity":0},"product_brand":[1583],"product_model":[],"product_cat":[9570],"product_tag":[],"industry-terminology":[],"class_list":{"0":"post-54009","1":"product","2":"type-product","3":"status-publish","4":"has-post-thumbnail","6":"product_brand-sks-germany","7":"product_cat-etulokasuojat","9":"first","10":"instock","11":"taxable","12":"shipping-taxable","13":"purchasable","14":"product-type-simple"},"acf":{"bike_features":null,"overview":{"copy_overview":null,"key_features":null,"statement":"","youtube_url":""}},"yoast_head":"<!-- This site is optimized with the Yoast SEO plugin v27.3 - https:\/\/yoast.com\/product\/yoast-seo-wordpress\/ -->\n<title>SKS Etulokasuoja Mudrocker 27,5&quot; - 29&quot; Musta - VM Sport<\/title>\n<meta name=\"robots\" content=\"index, follow, max-snippet:-1, max-image-preview:large, max-video-preview:-1\" \/>\n<link rel=\"canonical\" href=\"https:\/\/vmsport.fi\/sv\/webbutik\/tillbehor\/stankskarmar\/frontskydd\/sks-framre-stankskarm-mudrocker-275-29-svart\/\" \/>\n<meta property=\"og:locale\" content=\"sv_SE\" \/>\n<meta property=\"og:type\" content=\"article\" \/>\n<meta property=\"og:title\" content=\"SKS Etulokasuoja Mudrocker 27,5&quot; - 29&quot; Musta - VM Sport\" \/>\n<meta property=\"og:description\" content=\"SKS Etulokasuoja Mudrocker on erityisesti maastopy\u00f6riin suunniteltu kest\u00e4v\u00e4 suoja. T\u00e4m\u00e4 lokasuoja pit\u00e4\u00e4 roiskeet loitolla, mik\u00e4 lis\u00e4\u00e4 ajomukavuutta v\u00e4hent\u00e4en mudan ja lian m\u00e4\u00e4r\u00e4a. Se on helppo kiinnitt\u00e4\u00e4, sill\u00e4 kumipintaiset Velcro-nauhat varmistavat tukevan asennuksen eri haarukkamalleihin. Lokasuojan laajat sivusuojat est\u00e4v\u00e4t lian p\u00e4\u00e4syn py\u00f6r\u00e4n yl\u00e4putkiin. Se sopii 27,5-tuumaisille &#8211; 29-tuumaisille renkaille. Iskunkest\u00e4v\u00e4st\u00e4 muovista valmistettuna t\u00e4m\u00e4 kevyt lokasuoja painaa [...]L\u00e4s mer \u2026 from SKS Etulokasuoja Mudrocker 27,5&#8243; &#8211; 29&#8243; Musta\" \/>\n<meta property=\"og:url\" content=\"https:\/\/vmsport.fi\/sv\/webbutik\/tillbehor\/stankskarmar\/frontskydd\/sks-framre-stankskarm-mudrocker-275-29-svart\/\" \/>\n<meta property=\"og:site_name\" content=\"VM Sport\" \/>\n<meta property=\"article:publisher\" content=\"https:\/\/www.facebook.com\/Vmsport.fi\/\" \/>\n<meta property=\"article:modified_time\" content=\"2026-01-16T11:26:21+00:00\" \/>\n<meta property=\"og:image\" content=\"https:\/\/vmsport.fi\/wp-content\/uploads\/2025\/03\/11669-mudrocker-front-detail-02-1024x1024-2.png\" \/>\n\t<meta property=\"og:image:width\" content=\"1000\" \/>\n\t<meta property=\"og:image:height\" content=\"1000\" \/>\n\t<meta property=\"og:image:type\" content=\"image\/png\" \/>\n<meta name=\"twitter:card\" content=\"summary_large_image\" \/>\n<script type=\"application\/ld+json\" class=\"yoast-schema-graph\">{\"@context\":\"https:\\\/\\\/schema.org\",\"@graph\":[{\"@type\":[\"WebPage\",\"ItemPage\"],\"@id\":\"https:\\\/\\\/vmsport.fi\\\/verkkokauppa\\\/tarvikkeet\\\/lokasuojat\\\/etulokasuojat\\\/sks-etulokasuoja-mudrocker-275-29-musta\\\/\",\"url\":\"https:\\\/\\\/vmsport.fi\\\/verkkokauppa\\\/tarvikkeet\\\/lokasuojat\\\/etulokasuojat\\\/sks-etulokasuoja-mudrocker-275-29-musta\\\/\",\"name\":\"SKS Etulokasuoja Mudrocker 27,5\\\" - 29\\\" Musta - VM Sport\",\"isPartOf\":{\"@id\":\"https:\\\/\\\/vmsport.fi\\\/#website\"},\"primaryImageOfPage\":{\"@id\":\"https:\\\/\\\/vmsport.fi\\\/verkkokauppa\\\/tarvikkeet\\\/lokasuojat\\\/etulokasuojat\\\/sks-etulokasuoja-mudrocker-275-29-musta\\\/#primaryimage\"},\"image\":{\"@id\":\"https:\\\/\\\/vmsport.fi\\\/verkkokauppa\\\/tarvikkeet\\\/lokasuojat\\\/etulokasuojat\\\/sks-etulokasuoja-mudrocker-275-29-musta\\\/#primaryimage\"},\"thumbnailUrl\":\"https:\\\/\\\/vmsport.fi\\\/wp-content\\\/uploads\\\/2025\\\/03\\\/11669-mudrocker-front-detail-02-1024x1024-2.png\",\"datePublished\":\"2025-03-05T21:48:09+00:00\",\"dateModified\":\"2026-01-16T11:26:21+00:00\",\"breadcrumb\":{\"@id\":\"https:\\\/\\\/vmsport.fi\\\/verkkokauppa\\\/tarvikkeet\\\/lokasuojat\\\/etulokasuojat\\\/sks-etulokasuoja-mudrocker-275-29-musta\\\/#breadcrumb\"},\"inLanguage\":\"sv-SE\",\"potentialAction\":[{\"@type\":\"ReadAction\",\"target\":[\"https:\\\/\\\/vmsport.fi\\\/verkkokauppa\\\/tarvikkeet\\\/lokasuojat\\\/etulokasuojat\\\/sks-etulokasuoja-mudrocker-275-29-musta\\\/\"]}]},{\"@type\":\"ImageObject\",\"inLanguage\":\"sv-SE\",\"@id\":\"https:\\\/\\\/vmsport.fi\\\/verkkokauppa\\\/tarvikkeet\\\/lokasuojat\\\/etulokasuojat\\\/sks-etulokasuoja-mudrocker-275-29-musta\\\/#primaryimage\",\"url\":\"https:\\\/\\\/vmsport.fi\\\/wp-content\\\/uploads\\\/2025\\\/03\\\/11669-mudrocker-front-detail-02-1024x1024-2.png\",\"contentUrl\":\"https:\\\/\\\/vmsport.fi\\\/wp-content\\\/uploads\\\/2025\\\/03\\\/11669-mudrocker-front-detail-02-1024x1024-2.png\",\"width\":1000,\"height\":1000,\"caption\":\"11669-mudrocker-front-detail-02-1024x1024\"},{\"@type\":\"BreadcrumbList\",\"@id\":\"https:\\\/\\\/vmsport.fi\\\/verkkokauppa\\\/tarvikkeet\\\/lokasuojat\\\/etulokasuojat\\\/sks-etulokasuoja-mudrocker-275-29-musta\\\/#breadcrumb\",\"itemListElement\":[{\"@type\":\"ListItem\",\"position\":1,\"name\":\"Etusivu\",\"item\":\"https:\\\/\\\/vmsport.fi\\\/\"},{\"@type\":\"ListItem\",\"position\":2,\"name\":\"Online Store\",\"item\":\"https:\\\/\\\/vmsport.fi\\\/en\\\/online-store\\\/\"},{\"@type\":\"ListItem\",\"position\":3,\"name\":\"SKS Germany\",\"item\":\"https:\\\/\\\/vmsport.fi\\\/merkki\\\/sks-germany\\\/\"},{\"@type\":\"ListItem\",\"position\":4,\"name\":\"SKS Etulokasuoja Mudrocker 27,5&#8243; &#8211; 29&#8243; Musta\"}]},{\"@type\":\"WebSite\",\"@id\":\"https:\\\/\\\/vmsport.fi\\\/#website\",\"url\":\"https:\\\/\\\/vmsport.fi\\\/\",\"name\":\"Vmsport\",\"description\":\"Kaikki py\u00f6r\u00e4ilyyn yhdest\u00e4 paikasta\",\"publisher\":{\"@id\":\"https:\\\/\\\/vmsport.fi\\\/#organization\"},\"potentialAction\":[{\"@type\":\"SearchAction\",\"target\":{\"@type\":\"EntryPoint\",\"urlTemplate\":\"https:\\\/\\\/vmsport.fi\\\/?s={search_term_string}\"},\"query-input\":{\"@type\":\"PropertyValueSpecification\",\"valueRequired\":true,\"valueName\":\"search_term_string\"}}],\"inLanguage\":\"sv-SE\"},{\"@type\":\"Organization\",\"@id\":\"https:\\\/\\\/vmsport.fi\\\/#organization\",\"name\":\"Vmsport\",\"url\":\"https:\\\/\\\/vmsport.fi\\\/\",\"logo\":{\"@type\":\"ImageObject\",\"inLanguage\":\"sv-SE\",\"@id\":\"https:\\\/\\\/vmsport.fi\\\/#\\\/schema\\\/logo\\\/image\\\/\",\"url\":\"https:\\\/\\\/vmsport.fi\\\/wp-content\\\/uploads\\\/2024\\\/12\\\/vm_sport_RGB_horisontal-e1734526017575.png\",\"contentUrl\":\"https:\\\/\\\/vmsport.fi\\\/wp-content\\\/uploads\\\/2024\\\/12\\\/vm_sport_RGB_horisontal-e1734526017575.png\",\"width\":668,\"height\":85,\"caption\":\"Vmsport\"},\"image\":{\"@id\":\"https:\\\/\\\/vmsport.fi\\\/#\\\/schema\\\/logo\\\/image\\\/\"},\"sameAs\":[\"https:\\\/\\\/www.facebook.com\\\/Vmsport.fi\\\/\",\"https:\\\/\\\/www.instagram.com\\\/vmsport\\\/\"]}]}<\/script>\n<!-- \/ Yoast SEO plugin. -->","yoast_head_json":{"title":"SKS fr\u00e4mre st\u00e4nksk\u00e4rm Mudrocker 27,5\" - 29\" Svart - VM Sport","robots":{"index":"index","follow":"follow","max-snippet":"max-snippet:-1","max-image-preview":"max-image-preview:large","max-video-preview":"max-video-preview:-1"},"canonical":"https:\/\/vmsport.fi\/sv\/webbutik\/tillbehor\/stankskarmar\/frontskydd\/sks-framre-stankskarm-mudrocker-275-29-svart\/","og_locale":"sv_SE","og_type":"article","og_title":"SKS Etulokasuoja Mudrocker 27,5\" - 29\" Musta - VM Sport","og_description":"SKS Etulokasuoja Mudrocker on erityisesti maastopy\u00f6riin suunniteltu kest\u00e4v\u00e4 suoja. T\u00e4m\u00e4 lokasuoja pit\u00e4\u00e4 roiskeet loitolla, mik\u00e4 lis\u00e4\u00e4 ajomukavuutta v\u00e4hent\u00e4en mudan ja lian m\u00e4\u00e4r\u00e4a. Se on helppo kiinnitt\u00e4\u00e4, sill\u00e4 kumipintaiset Velcro-nauhat varmistavat tukevan asennuksen eri haarukkamalleihin. Lokasuojan laajat sivusuojat est\u00e4v\u00e4t lian p\u00e4\u00e4syn py\u00f6r\u00e4n yl\u00e4putkiin. Se sopii 27,5-tuumaisille &#8211; 29-tuumaisille renkaille. Iskunkest\u00e4v\u00e4st\u00e4 muovista valmistettuna t\u00e4m\u00e4 kevyt lokasuoja painaa [...]L\u00e4s mer \u2026 from SKS Etulokasuoja Mudrocker 27,5&#8243; &#8211; 29&#8243; Musta","og_url":"https:\/\/vmsport.fi\/sv\/webbutik\/tillbehor\/stankskarmar\/frontskydd\/sks-framre-stankskarm-mudrocker-275-29-svart\/","og_site_name":"VM Sport","article_publisher":"https:\/\/www.facebook.com\/Vmsport.fi\/","article_modified_time":"2026-01-16T11:26:21+00:00","og_image":[{"width":1000,"height":1000,"url":"https:\/\/vmsport.fi\/wp-content\/uploads\/2025\/03\/11669-mudrocker-front-detail-02-1024x1024-2.png","type":"image\/png"}],"twitter_card":"summary_large_image","schema":{"@context":"https:\/\/schema.org","@graph":[{"@type":["WebPage","ItemPage"],"@id":"https:\/\/vmsport.fi\/verkkokauppa\/tarvikkeet\/lokasuojat\/etulokasuojat\/sks-etulokasuoja-mudrocker-275-29-musta\/","url":"https:\/\/vmsport.fi\/verkkokauppa\/tarvikkeet\/lokasuojat\/etulokasuojat\/sks-etulokasuoja-mudrocker-275-29-musta\/","name":"SKS fr\u00e4mre st\u00e4nksk\u00e4rm Mudrocker 27,5\" - 29\" Svart - VM Sport","isPartOf":{"@id":"https:\/\/vmsport.fi\/#website"},"primaryImageOfPage":{"@id":"https:\/\/vmsport.fi\/verkkokauppa\/tarvikkeet\/lokasuojat\/etulokasuojat\/sks-etulokasuoja-mudrocker-275-29-musta\/#primaryimage"},"image":{"@id":"https:\/\/vmsport.fi\/verkkokauppa\/tarvikkeet\/lokasuojat\/etulokasuojat\/sks-etulokasuoja-mudrocker-275-29-musta\/#primaryimage"},"thumbnailUrl":"https:\/\/vmsport.fi\/wp-content\/uploads\/2025\/03\/11669-mudrocker-front-detail-02-1024x1024-2.png","datePublished":"2025-03-05T21:48:09+00:00","dateModified":"2026-01-16T11:26:21+00:00","breadcrumb":{"@id":"https:\/\/vmsport.fi\/verkkokauppa\/tarvikkeet\/lokasuojat\/etulokasuojat\/sks-etulokasuoja-mudrocker-275-29-musta\/#breadcrumb"},"inLanguage":"sv-SE","potentialAction":[{"@type":"ReadAction","target":["https:\/\/vmsport.fi\/verkkokauppa\/tarvikkeet\/lokasuojat\/etulokasuojat\/sks-etulokasuoja-mudrocker-275-29-musta\/"]}]},{"@type":"ImageObject","inLanguage":"sv-SE","@id":"https:\/\/vmsport.fi\/verkkokauppa\/tarvikkeet\/lokasuojat\/etulokasuojat\/sks-etulokasuoja-mudrocker-275-29-musta\/#primaryimage","url":"https:\/\/vmsport.fi\/wp-content\/uploads\/2025\/03\/11669-mudrocker-front-detail-02-1024x1024-2.png","contentUrl":"https:\/\/vmsport.fi\/wp-content\/uploads\/2025\/03\/11669-mudrocker-front-detail-02-1024x1024-2.png","width":1000,"height":1000,"caption":"11669-mudrocker-front-detail-02-1024x1024"},{"@type":"BreadcrumbList","@id":"https:\/\/vmsport.fi\/verkkokauppa\/tarvikkeet\/lokasuojat\/etulokasuojat\/sks-etulokasuoja-mudrocker-275-29-musta\/#breadcrumb","itemListElement":[{"@type":"ListItem","position":1,"name":"Etusivu","item":"https:\/\/vmsport.fi\/"},{"@type":"ListItem","position":2,"name":"Online Store","item":"https:\/\/vmsport.fi\/en\/online-store\/"},{"@type":"ListItem","position":3,"name":"SKS Germany","item":"https:\/\/vmsport.fi\/merkki\/sks-germany\/"},{"@type":"ListItem","position":4,"name":"SKS Etulokasuoja Mudrocker 27,5&#8243; &#8211; 29&#8243; Musta"}]},{"@type":"WebSite","@id":"https:\/\/vmsport.fi\/#website","url":"https:\/\/vmsport.fi\/","name":"Vmsport","description":"Allt p\u00e5 ett st\u00e4lle f\u00f6r cykling","publisher":{"@id":"https:\/\/vmsport.fi\/#organization"},"potentialAction":[{"@type":"SearchAction","target":{"@type":"EntryPoint","urlTemplate":"https:\/\/vmsport.fi\/?s={search_term_string}"},"query-input":{"@type":"PropertyValueSpecification","valueRequired":true,"valueName":"search_term_string"}}],"inLanguage":"sv-SE"},{"@type":"Organization","@id":"https:\/\/vmsport.fi\/#organization","name":"Vmsport","url":"https:\/\/vmsport.fi\/","logo":{"@type":"ImageObject","inLanguage":"sv-SE","@id":"https:\/\/vmsport.fi\/#\/schema\/logo\/image\/","url":"https:\/\/vmsport.fi\/wp-content\/uploads\/2024\/12\/vm_sport_RGB_horisontal-e1734526017575.png","contentUrl":"https:\/\/vmsport.fi\/wp-content\/uploads\/2024\/12\/vm_sport_RGB_horisontal-e1734526017575.png","width":668,"height":85,"caption":"Vmsport"},"image":{"@id":"https:\/\/vmsport.fi\/#\/schema\/logo\/image\/"},"sameAs":["https:\/\/www.facebook.com\/Vmsport.fi\/","https:\/\/www.instagram.com\/vmsport\/"]}]}},"global_unique_id":"","_links":{"self":[{"href":"https:\/\/vmsport.fi\/sv\/wp-json\/wp\/v2\/product\/54009","targetHints":{"allow":["GET"]}}],"collection":[{"href":"https:\/\/vmsport.fi\/sv\/wp-json\/wp\/v2\/product"}],"about":[{"href":"https:\/\/vmsport.fi\/sv\/wp-json\/wp\/v2\/types\/product"}],"replies":[{"embeddable":true,"href":"https:\/\/vmsport.fi\/sv\/wp-json\/wp\/v2\/comments?post=54009"}],"wp:featuredmedia":[{"embeddable":true,"href":"https:\/\/vmsport.fi\/sv\/wp-json\/wp\/v2\/media\/54007"}],"wp:attachment":[{"href":"https:\/\/vmsport.fi\/sv\/wp-json\/wp\/v2\/media?parent=54009"}],"wp:term":[{"taxonomy":"product_brand","embeddable":true,"href":"https:\/\/vmsport.fi\/sv\/wp-json\/wp\/v2\/product_brand?post=54009"},{"taxonomy":"product_model","embeddable":true,"href":"https:\/\/vmsport.fi\/sv\/wp-json\/wp\/v2\/product_model?post=54009"},{"taxonomy":"product_cat","embeddable":true,"href":"https:\/\/vmsport.fi\/sv\/wp-json\/wp\/v2\/product_cat?post=54009"},{"taxonomy":"product_tag","embeddable":true,"href":"https:\/\/vmsport.fi\/sv\/wp-json\/wp\/v2\/product_tag?post=54009"},{"taxonomy":"industry_terminology","embeddable":true,"href":"https:\/\/vmsport.fi\/sv\/wp-json\/wp\/v2\/industry-terminology?post=54009"}],"curies":[{"name":"wp","href":"https:\/\/api.w.org\/{rel}","templated":true}]}}