{"id":54006,"date":"2025-03-05T23:48:06","date_gmt":"2025-03-05T21:48:06","guid":{"rendered":"https:\/\/vmsport.fi\/verkkokauppa\/Ei-luokiteltu\/xlc-stem-st-m25-45-mm-0\/"},"modified":"2026-03-29T02:00:50","modified_gmt":"2026-03-29T00:00:50","slug":"xlc-skaft-st-m25-45-mm-0","status":"publish","type":"product","link":"https:\/\/vmsport.fi\/sv\/verkkokauppa\/varaosat\/ohjaamo\/ohjainkannattimet\/xlc-stem-st-m25-45-mm-0\/","title":{"rendered":"XLC Spindel ST-M25 45 mm 0\u00b0"},"content":{"rendered":"<p>XLC Stem ST-M25, ett 45 mm styrf\u00e4ste, \u00e4r utformat f\u00f6r att ge balanserad prestanda och h\u00e5llbarhet f\u00f6r den mest bekv\u00e4ma k\u00f6rupplevelsen. Den 0-gradiga vinkeln ger en neutral och naturlig k\u00f6rst\u00e4llning, vilket g\u00f6r det enkelt att cykla i m\u00e5nga olika typer av terr\u00e4ng. Den slitstarka men l\u00e4tta konstruktionen g\u00f6r att produkten t\u00e5l tung anv\u00e4ndning utan att l\u00e4gga f\u00f6r mycket vikt p\u00e5 cykeln. ST-M25-f\u00e4stet \u00e4r tillverkat av h\u00f6gkvalitativa material och k\u00e4nns stabilt och p\u00e5litligt under cykling. Det \u00e4r perfekt f\u00f6r mountainbikecykling d\u00e4r tillf\u00f6rlitlighet och man\u00f6vrerbarhet \u00e4r viktiga egenskaper.<\/p>","protected":false},"excerpt":{"rendered":"<p>XLC Stem ST-M25, 45 mm pitk\u00e4 ohjainkannatin, on suunniteltu tarjoamaan tasapainoista suorituskyky\u00e4 ja kest\u00e4vyytt\u00e4, jotta ajokokemus olisi mahdollisimman miellytt\u00e4v\u00e4. 0 asteen kulma takaa neutraalin ja luonnollisen ajoasennon, mik\u00e4 helpottaa ajamista monenlaisissa maastoissa. Kest\u00e4v\u00e4 mutta kevyt muotoilu varmistaa, ett\u00e4 tuote siet\u00e4\u00e4 kovaa k\u00e4ytt\u00f6\u00e4 lis\u00e4\u00e4m\u00e4tt\u00e4 liikaa painoa py\u00f6r\u00e4\u00e4n. Laadukkaasta materiaalista valmistettu ST-M25-kannatin tuntuu vakaalta ja luotettavalta ajon [&#8230;]<\/p>\n<p><a class=\"btn btn-secondary understrap-read-more-link\" href=\"https:\/\/vmsport.fi\/sv\/verkkokauppa\/varaosat\/ohjaamo\/ohjainkannattimet\/xlc-stem-st-m25-45-mm-0\/\">L\u00e4s mer \u2026<span class=\"screen-reader-text\"> from XLC Stem ST-M25 45 mm 0\u00b0<\/span><\/a><\/p>\n","protected":false},"featured_media":54005,"comment_status":"open","ping_status":"closed","template":"","meta":{"_acf_changed":false,"_improvement_type_select":"improve_an_existing","_thumb_yes_seoaic":false,"_frame_yes_seoaic":false,"seoaic_generate_description":"","seoaic_improve_instructions_prompt":"","seoaic_rollback_content_improvement":"","seoaic_idea_thumbnail_generator":"","thumbnail_generated":false,"thumbnail_generate_prompt":"","seoaic_article_description":"","_supplier_stock_quantity":0},"product_brand":[],"product_model":[],"product_cat":[9432],"product_tag":[],"industry-terminology":[],"class_list":{"0":"post-54006","1":"product","2":"type-product","3":"status-publish","4":"has-post-thumbnail","6":"product_cat-ohjainkannattimet","8":"first","9":"instock","10":"taxable","11":"shipping-taxable","12":"purchasable","13":"product-type-simple"},"acf":{"bike_features":null,"overview":{"copy_overview":null,"key_features":null,"statement":"","youtube_url":""}},"yoast_head":"<!-- This site is optimized with the Yoast SEO plugin v27.3 - https:\/\/yoast.com\/product\/yoast-seo-wordpress\/ -->\n<title>XLC Stem ST-M25 45 mm 0\u00b0 - VM Sport<\/title>\n<meta name=\"robots\" content=\"index, follow, max-snippet:-1, max-image-preview:large, max-video-preview:-1\" \/>\n<link rel=\"canonical\" href=\"https:\/\/vmsport.fi\/sv\/webbutik\/reservdelar\/taxi\/styrfasten\/xlc-skaft-st-m25-45-mm-0\/\" \/>\n<meta property=\"og:locale\" content=\"sv_SE\" \/>\n<meta property=\"og:type\" content=\"article\" \/>\n<meta property=\"og:title\" content=\"XLC Stem ST-M25 45 mm 0\u00b0 - VM Sport\" \/>\n<meta property=\"og:description\" content=\"XLC Stem ST-M25, 45 mm pitk\u00e4 ohjainkannatin, on suunniteltu tarjoamaan tasapainoista suorituskyky\u00e4 ja kest\u00e4vyytt\u00e4, jotta ajokokemus olisi mahdollisimman miellytt\u00e4v\u00e4. 0 asteen kulma takaa neutraalin ja luonnollisen ajoasennon, mik\u00e4 helpottaa ajamista monenlaisissa maastoissa. Kest\u00e4v\u00e4 mutta kevyt muotoilu varmistaa, ett\u00e4 tuote siet\u00e4\u00e4 kovaa k\u00e4ytt\u00f6\u00e4 lis\u00e4\u00e4m\u00e4tt\u00e4 liikaa painoa py\u00f6r\u00e4\u00e4n. Laadukkaasta materiaalista valmistettu ST-M25-kannatin tuntuu vakaalta ja luotettavalta ajon [...]L\u00e4s mer \u2026 from XLC Stem ST-M25 45 mm 0\u00b0\" \/>\n<meta property=\"og:url\" content=\"https:\/\/vmsport.fi\/sv\/webbutik\/reservdelar\/taxi\/styrfasten\/xlc-skaft-st-m25-45-mm-0\/\" \/>\n<meta property=\"og:site_name\" content=\"VM Sport\" \/>\n<meta property=\"article:publisher\" content=\"https:\/\/www.facebook.com\/Vmsport.fi\/\" \/>\n<meta property=\"article:modified_time\" content=\"2026-03-29T00:00:50+00:00\" \/>\n<meta property=\"og:image\" content=\"https:\/\/vmsport.fi\/wp-content\/uploads\/2025\/03\/XLC-Stem-ST-M25-45-mm-1.jpg\" \/>\n\t<meta property=\"og:image:width\" content=\"1000\" \/>\n\t<meta property=\"og:image:height\" content=\"750\" \/>\n\t<meta property=\"og:image:type\" content=\"image\/jpeg\" \/>\n<meta name=\"twitter:card\" content=\"summary_large_image\" \/>\n<script type=\"application\/ld+json\" class=\"yoast-schema-graph\">{\"@context\":\"https:\\\/\\\/schema.org\",\"@graph\":[{\"@type\":[\"WebPage\",\"ItemPage\"],\"@id\":\"https:\\\/\\\/vmsport.fi\\\/verkkokauppa\\\/varaosat\\\/ohjaamo\\\/ohjainkannattimet\\\/xlc-stem-st-m25-45-mm-0\\\/\",\"url\":\"https:\\\/\\\/vmsport.fi\\\/verkkokauppa\\\/varaosat\\\/ohjaamo\\\/ohjainkannattimet\\\/xlc-stem-st-m25-45-mm-0\\\/\",\"name\":\"XLC Stem ST-M25 45 mm 0\u00b0 - VM Sport\",\"isPartOf\":{\"@id\":\"https:\\\/\\\/vmsport.fi\\\/#website\"},\"primaryImageOfPage\":{\"@id\":\"https:\\\/\\\/vmsport.fi\\\/verkkokauppa\\\/varaosat\\\/ohjaamo\\\/ohjainkannattimet\\\/xlc-stem-st-m25-45-mm-0\\\/#primaryimage\"},\"image\":{\"@id\":\"https:\\\/\\\/vmsport.fi\\\/verkkokauppa\\\/varaosat\\\/ohjaamo\\\/ohjainkannattimet\\\/xlc-stem-st-m25-45-mm-0\\\/#primaryimage\"},\"thumbnailUrl\":\"https:\\\/\\\/vmsport.fi\\\/wp-content\\\/uploads\\\/2025\\\/03\\\/XLC-Stem-ST-M25-45-mm-1.jpg\",\"datePublished\":\"2025-03-05T21:48:06+00:00\",\"dateModified\":\"2026-03-29T00:00:50+00:00\",\"breadcrumb\":{\"@id\":\"https:\\\/\\\/vmsport.fi\\\/verkkokauppa\\\/varaosat\\\/ohjaamo\\\/ohjainkannattimet\\\/xlc-stem-st-m25-45-mm-0\\\/#breadcrumb\"},\"inLanguage\":\"sv-SE\",\"potentialAction\":[{\"@type\":\"ReadAction\",\"target\":[\"https:\\\/\\\/vmsport.fi\\\/verkkokauppa\\\/varaosat\\\/ohjaamo\\\/ohjainkannattimet\\\/xlc-stem-st-m25-45-mm-0\\\/\"]}]},{\"@type\":\"ImageObject\",\"inLanguage\":\"sv-SE\",\"@id\":\"https:\\\/\\\/vmsport.fi\\\/verkkokauppa\\\/varaosat\\\/ohjaamo\\\/ohjainkannattimet\\\/xlc-stem-st-m25-45-mm-0\\\/#primaryimage\",\"url\":\"https:\\\/\\\/vmsport.fi\\\/wp-content\\\/uploads\\\/2025\\\/03\\\/XLC-Stem-ST-M25-45-mm-1.jpg\",\"contentUrl\":\"https:\\\/\\\/vmsport.fi\\\/wp-content\\\/uploads\\\/2025\\\/03\\\/XLC-Stem-ST-M25-45-mm-1.jpg\",\"width\":1000,\"height\":750,\"caption\":\"XLC-Stem-ST-M25-45-mm\"},{\"@type\":\"BreadcrumbList\",\"@id\":\"https:\\\/\\\/vmsport.fi\\\/verkkokauppa\\\/varaosat\\\/ohjaamo\\\/ohjainkannattimet\\\/xlc-stem-st-m25-45-mm-0\\\/#breadcrumb\",\"itemListElement\":[{\"@type\":\"ListItem\",\"position\":1,\"name\":\"Etusivu\",\"item\":\"https:\\\/\\\/vmsport.fi\\\/\"},{\"@type\":\"ListItem\",\"position\":2,\"name\":\"Online Store\",\"item\":\"https:\\\/\\\/vmsport.fi\\\/en\\\/online-store\\\/\"},{\"@type\":\"ListItem\",\"position\":3,\"name\":\"XLC Stem ST-M25 45 mm 0\u00b0\"}]},{\"@type\":\"WebSite\",\"@id\":\"https:\\\/\\\/vmsport.fi\\\/#website\",\"url\":\"https:\\\/\\\/vmsport.fi\\\/\",\"name\":\"Vmsport\",\"description\":\"Kaikki py\u00f6r\u00e4ilyyn yhdest\u00e4 paikasta\",\"publisher\":{\"@id\":\"https:\\\/\\\/vmsport.fi\\\/#organization\"},\"potentialAction\":[{\"@type\":\"SearchAction\",\"target\":{\"@type\":\"EntryPoint\",\"urlTemplate\":\"https:\\\/\\\/vmsport.fi\\\/?s={search_term_string}\"},\"query-input\":{\"@type\":\"PropertyValueSpecification\",\"valueRequired\":true,\"valueName\":\"search_term_string\"}}],\"inLanguage\":\"sv-SE\"},{\"@type\":\"Organization\",\"@id\":\"https:\\\/\\\/vmsport.fi\\\/#organization\",\"name\":\"Vmsport\",\"url\":\"https:\\\/\\\/vmsport.fi\\\/\",\"logo\":{\"@type\":\"ImageObject\",\"inLanguage\":\"sv-SE\",\"@id\":\"https:\\\/\\\/vmsport.fi\\\/#\\\/schema\\\/logo\\\/image\\\/\",\"url\":\"https:\\\/\\\/vmsport.fi\\\/wp-content\\\/uploads\\\/2024\\\/12\\\/vm_sport_RGB_horisontal-e1734526017575.png\",\"contentUrl\":\"https:\\\/\\\/vmsport.fi\\\/wp-content\\\/uploads\\\/2024\\\/12\\\/vm_sport_RGB_horisontal-e1734526017575.png\",\"width\":668,\"height\":85,\"caption\":\"Vmsport\"},\"image\":{\"@id\":\"https:\\\/\\\/vmsport.fi\\\/#\\\/schema\\\/logo\\\/image\\\/\"},\"sameAs\":[\"https:\\\/\\\/www.facebook.com\\\/Vmsport.fi\\\/\",\"https:\\\/\\\/www.instagram.com\\\/vmsport\\\/\"]}]}<\/script>\n<!-- \/ Yoast SEO plugin. -->","yoast_head_json":{"title":"XLC Stem ST-M25 45 mm 0\u00b0 - VM Sport","robots":{"index":"index","follow":"follow","max-snippet":"max-snippet:-1","max-image-preview":"max-image-preview:large","max-video-preview":"max-video-preview:-1"},"canonical":"https:\/\/vmsport.fi\/sv\/webbutik\/reservdelar\/taxi\/styrfasten\/xlc-skaft-st-m25-45-mm-0\/","og_locale":"sv_SE","og_type":"article","og_title":"XLC Stem ST-M25 45 mm 0\u00b0 - VM Sport","og_description":"XLC Stem ST-M25, 45 mm pitk\u00e4 ohjainkannatin, on suunniteltu tarjoamaan tasapainoista suorituskyky\u00e4 ja kest\u00e4vyytt\u00e4, jotta ajokokemus olisi mahdollisimman miellytt\u00e4v\u00e4. 0 asteen kulma takaa neutraalin ja luonnollisen ajoasennon, mik\u00e4 helpottaa ajamista monenlaisissa maastoissa. Kest\u00e4v\u00e4 mutta kevyt muotoilu varmistaa, ett\u00e4 tuote siet\u00e4\u00e4 kovaa k\u00e4ytt\u00f6\u00e4 lis\u00e4\u00e4m\u00e4tt\u00e4 liikaa painoa py\u00f6r\u00e4\u00e4n. Laadukkaasta materiaalista valmistettu ST-M25-kannatin tuntuu vakaalta ja luotettavalta ajon [...]L\u00e4s mer \u2026 from XLC Stem ST-M25 45 mm 0\u00b0","og_url":"https:\/\/vmsport.fi\/sv\/webbutik\/reservdelar\/taxi\/styrfasten\/xlc-skaft-st-m25-45-mm-0\/","og_site_name":"VM Sport","article_publisher":"https:\/\/www.facebook.com\/Vmsport.fi\/","article_modified_time":"2026-03-29T00:00:50+00:00","og_image":[{"width":1000,"height":750,"url":"https:\/\/vmsport.fi\/wp-content\/uploads\/2025\/03\/XLC-Stem-ST-M25-45-mm-1.jpg","type":"image\/jpeg"}],"twitter_card":"summary_large_image","schema":{"@context":"https:\/\/schema.org","@graph":[{"@type":["WebPage","ItemPage"],"@id":"https:\/\/vmsport.fi\/verkkokauppa\/varaosat\/ohjaamo\/ohjainkannattimet\/xlc-stem-st-m25-45-mm-0\/","url":"https:\/\/vmsport.fi\/verkkokauppa\/varaosat\/ohjaamo\/ohjainkannattimet\/xlc-stem-st-m25-45-mm-0\/","name":"XLC Stem ST-M25 45 mm 0\u00b0 - VM Sport","isPartOf":{"@id":"https:\/\/vmsport.fi\/#website"},"primaryImageOfPage":{"@id":"https:\/\/vmsport.fi\/verkkokauppa\/varaosat\/ohjaamo\/ohjainkannattimet\/xlc-stem-st-m25-45-mm-0\/#primaryimage"},"image":{"@id":"https:\/\/vmsport.fi\/verkkokauppa\/varaosat\/ohjaamo\/ohjainkannattimet\/xlc-stem-st-m25-45-mm-0\/#primaryimage"},"thumbnailUrl":"https:\/\/vmsport.fi\/wp-content\/uploads\/2025\/03\/XLC-Stem-ST-M25-45-mm-1.jpg","datePublished":"2025-03-05T21:48:06+00:00","dateModified":"2026-03-29T00:00:50+00:00","breadcrumb":{"@id":"https:\/\/vmsport.fi\/verkkokauppa\/varaosat\/ohjaamo\/ohjainkannattimet\/xlc-stem-st-m25-45-mm-0\/#breadcrumb"},"inLanguage":"sv-SE","potentialAction":[{"@type":"ReadAction","target":["https:\/\/vmsport.fi\/verkkokauppa\/varaosat\/ohjaamo\/ohjainkannattimet\/xlc-stem-st-m25-45-mm-0\/"]}]},{"@type":"ImageObject","inLanguage":"sv-SE","@id":"https:\/\/vmsport.fi\/verkkokauppa\/varaosat\/ohjaamo\/ohjainkannattimet\/xlc-stem-st-m25-45-mm-0\/#primaryimage","url":"https:\/\/vmsport.fi\/wp-content\/uploads\/2025\/03\/XLC-Stem-ST-M25-45-mm-1.jpg","contentUrl":"https:\/\/vmsport.fi\/wp-content\/uploads\/2025\/03\/XLC-Stem-ST-M25-45-mm-1.jpg","width":1000,"height":750,"caption":"XLC-Stem-ST-M25-45-mm"},{"@type":"BreadcrumbList","@id":"https:\/\/vmsport.fi\/verkkokauppa\/varaosat\/ohjaamo\/ohjainkannattimet\/xlc-stem-st-m25-45-mm-0\/#breadcrumb","itemListElement":[{"@type":"ListItem","position":1,"name":"Etusivu","item":"https:\/\/vmsport.fi\/"},{"@type":"ListItem","position":2,"name":"Online Store","item":"https:\/\/vmsport.fi\/en\/online-store\/"},{"@type":"ListItem","position":3,"name":"XLC Stem ST-M25 45 mm 0\u00b0"}]},{"@type":"WebSite","@id":"https:\/\/vmsport.fi\/#website","url":"https:\/\/vmsport.fi\/","name":"Vmsport","description":"Allt p\u00e5 ett st\u00e4lle f\u00f6r cykling","publisher":{"@id":"https:\/\/vmsport.fi\/#organization"},"potentialAction":[{"@type":"SearchAction","target":{"@type":"EntryPoint","urlTemplate":"https:\/\/vmsport.fi\/?s={search_term_string}"},"query-input":{"@type":"PropertyValueSpecification","valueRequired":true,"valueName":"search_term_string"}}],"inLanguage":"sv-SE"},{"@type":"Organization","@id":"https:\/\/vmsport.fi\/#organization","name":"Vmsport","url":"https:\/\/vmsport.fi\/","logo":{"@type":"ImageObject","inLanguage":"sv-SE","@id":"https:\/\/vmsport.fi\/#\/schema\/logo\/image\/","url":"https:\/\/vmsport.fi\/wp-content\/uploads\/2024\/12\/vm_sport_RGB_horisontal-e1734526017575.png","contentUrl":"https:\/\/vmsport.fi\/wp-content\/uploads\/2024\/12\/vm_sport_RGB_horisontal-e1734526017575.png","width":668,"height":85,"caption":"Vmsport"},"image":{"@id":"https:\/\/vmsport.fi\/#\/schema\/logo\/image\/"},"sameAs":["https:\/\/www.facebook.com\/Vmsport.fi\/","https:\/\/www.instagram.com\/vmsport\/"]}]}},"global_unique_id":"","_links":{"self":[{"href":"https:\/\/vmsport.fi\/sv\/wp-json\/wp\/v2\/product\/54006","targetHints":{"allow":["GET"]}}],"collection":[{"href":"https:\/\/vmsport.fi\/sv\/wp-json\/wp\/v2\/product"}],"about":[{"href":"https:\/\/vmsport.fi\/sv\/wp-json\/wp\/v2\/types\/product"}],"replies":[{"embeddable":true,"href":"https:\/\/vmsport.fi\/sv\/wp-json\/wp\/v2\/comments?post=54006"}],"wp:featuredmedia":[{"embeddable":true,"href":"https:\/\/vmsport.fi\/sv\/wp-json\/wp\/v2\/media\/54005"}],"wp:attachment":[{"href":"https:\/\/vmsport.fi\/sv\/wp-json\/wp\/v2\/media?parent=54006"}],"wp:term":[{"taxonomy":"product_brand","embeddable":true,"href":"https:\/\/vmsport.fi\/sv\/wp-json\/wp\/v2\/product_brand?post=54006"},{"taxonomy":"product_model","embeddable":true,"href":"https:\/\/vmsport.fi\/sv\/wp-json\/wp\/v2\/product_model?post=54006"},{"taxonomy":"product_cat","embeddable":true,"href":"https:\/\/vmsport.fi\/sv\/wp-json\/wp\/v2\/product_cat?post=54006"},{"taxonomy":"product_tag","embeddable":true,"href":"https:\/\/vmsport.fi\/sv\/wp-json\/wp\/v2\/product_tag?post=54006"},{"taxonomy":"industry_terminology","embeddable":true,"href":"https:\/\/vmsport.fi\/sv\/wp-json\/wp\/v2\/industry-terminology?post=54006"}],"curies":[{"name":"wp","href":"https:\/\/api.w.org\/{rel}","templated":true}]}}