{"id":54000,"date":"2025-03-05T23:48:03","date_gmt":"2025-03-05T21:48:03","guid":{"rendered":"https:\/\/vmsport.fi\/verkkokauppa\/Ei-luokiteltu\/bontrager-kalia-womens-fitness-bike-short\/"},"modified":"2026-01-16T13:31:18","modified_gmt":"2026-01-16T11:31:18","slug":"bontrager-kalia-damcykelkort-for-fitness","status":"publish","type":"product","link":"https:\/\/vmsport.fi\/sv\/verkkokauppa\/ajovarusteet\/vaatteet\/shortsit\/bontrager-kalia-womens-fitness-bike-short\/","title":{"rendered":"Bontrager Kalia cykelbyxa f\u00f6r damer"},"content":{"rendered":"<p>Bontrager Kalia Women's Fitness Bike Short erbjuder utm\u00e4rkt komfort. Det mjuka och stretchiga tyget ger fri r\u00f6rlighet och en smickrande kroppsform. Inform BioDynamic-vaddering ger st\u00f6d f\u00f6r naturlig r\u00f6relsefrihet och en f\u00f6rb\u00e4ttrad cykelupplevelse. Den str\u00f6mlinjeformade designen och den \u00e5tsittande passformen f\u00f6rb\u00e4ttrar prestandan, medan midjebandet i yoga-stil h\u00e5ller shortsen bekv\u00e4mt p\u00e5 plats. 20 cm l\u00e5nga ben ger r\u00e4tt m\u00e4ngd t\u00e4ckning utan att kompromissa med prestandan. En praktisk ficka i benet ger plats f\u00f6r viktiga saker under cyklingen.<\/p>","protected":false},"excerpt":{"rendered":"<p>Bontrager Kalia Women&#8217;s Fitness Bike Short tarjoaa erinomaisen mukavuuden. Pehme\u00e4 ja joustava kangas mahdollistaa vapaan liikkumisen ja imartelee kehon muotoja. Inform BioDynamic -pehmuste tukee luonnollisia liikeratoja, mik\u00e4 parantaa py\u00f6r\u00e4ilykokemusta. Virtaviivainen muotoilu ja napakka istuvuus parantavat suorituskyky\u00e4, ja joogatyylinen vy\u00f6t\u00e4r\u00f6nauha pit\u00e4\u00e4 shortsit mukavasti oikealla paikallaan. 20 cm pitk\u00e4t lahkeet tarjoavat sopivaa peitt\u00e4vyytt\u00e4 ilman kompromisseja suorituskyvyss\u00e4. K\u00e4yt\u00e4nn\u00f6llinen [&#8230;]<\/p>\n<p><a class=\"btn btn-secondary understrap-read-more-link\" href=\"https:\/\/vmsport.fi\/sv\/verkkokauppa\/ajovarusteet\/vaatteet\/shortsit\/bontrager-kalia-womens-fitness-bike-short\/\">L\u00e4s mer \u2026<span class=\"screen-reader-text\"> from Bontrager Kalia Women&#8217;s Fitness Bike Short<\/span><\/a><\/p>\n","protected":false},"featured_media":53999,"comment_status":"open","ping_status":"closed","template":"","meta":{"_acf_changed":false,"_improvement_type_select":"improve_an_existing","_thumb_yes_seoaic":false,"_frame_yes_seoaic":false,"seoaic_generate_description":"","seoaic_improve_instructions_prompt":"","seoaic_rollback_content_improvement":"","seoaic_idea_thumbnail_generator":"","thumbnail_generated":false,"thumbnail_generate_prompt":"","seoaic_article_description":"","_supplier_stock_quantity":0},"product_brand":[],"product_model":[],"product_cat":[9462],"product_tag":[],"industry-terminology":[],"class_list":{"0":"post-54000","1":"product","2":"type-product","3":"status-publish","4":"has-post-thumbnail","6":"product_cat-shortsit","8":"first","9":"instock","10":"taxable","11":"shipping-taxable","12":"purchasable","13":"product-type-variable"},"acf":{"bike_features":null,"overview":{"copy_overview":null,"key_features":null,"statement":"","youtube_url":""}},"yoast_head":"<!-- This site is optimized with the Yoast SEO plugin v27.3 - https:\/\/yoast.com\/product\/yoast-seo-wordpress\/ -->\n<title>Bontrager Kalia Women&#039;s Fitness Bike Short - VM Sport<\/title>\n<meta name=\"robots\" content=\"index, follow, max-snippet:-1, max-image-preview:large, max-video-preview:-1\" \/>\n<link rel=\"canonical\" href=\"https:\/\/vmsport.fi\/sv\/webbutik\/korutrustning\/klader\/shorts\/bontrager-kalia-damcykelkort-for-fitness\/\" \/>\n<meta property=\"og:locale\" content=\"sv_SE\" \/>\n<meta property=\"og:type\" content=\"article\" \/>\n<meta property=\"og:title\" content=\"Bontrager Kalia Women&#039;s Fitness Bike Short - VM Sport\" \/>\n<meta property=\"og:description\" content=\"Bontrager Kalia Women&#8217;s Fitness Bike Short tarjoaa erinomaisen mukavuuden. Pehme\u00e4 ja joustava kangas mahdollistaa vapaan liikkumisen ja imartelee kehon muotoja. Inform BioDynamic -pehmuste tukee luonnollisia liikeratoja, mik\u00e4 parantaa py\u00f6r\u00e4ilykokemusta. Virtaviivainen muotoilu ja napakka istuvuus parantavat suorituskyky\u00e4, ja joogatyylinen vy\u00f6t\u00e4r\u00f6nauha pit\u00e4\u00e4 shortsit mukavasti oikealla paikallaan. 20 cm pitk\u00e4t lahkeet tarjoavat sopivaa peitt\u00e4vyytt\u00e4 ilman kompromisseja suorituskyvyss\u00e4. K\u00e4yt\u00e4nn\u00f6llinen [...]L\u00e4s mer \u2026 from Bontrager Kalia Women&#8217;s Fitness Bike Short\" \/>\n<meta property=\"og:url\" content=\"https:\/\/vmsport.fi\/sv\/webbutik\/korutrustning\/klader\/shorts\/bontrager-kalia-damcykelkort-for-fitness\/\" \/>\n<meta property=\"og:site_name\" content=\"VM Sport\" \/>\n<meta property=\"article:publisher\" content=\"https:\/\/www.facebook.com\/Vmsport.fi\/\" \/>\n<meta property=\"article:modified_time\" content=\"2026-01-16T11:31:18+00:00\" \/>\n<meta property=\"og:image\" content=\"https:\/\/vmsport.fi\/wp-content\/uploads\/2025\/03\/BontragerKaliaWomensFitnessShort-14969-A-Primary-1.jpg\" \/>\n\t<meta property=\"og:image:width\" content=\"1000\" \/>\n\t<meta property=\"og:image:height\" content=\"750\" \/>\n\t<meta property=\"og:image:type\" content=\"image\/jpeg\" \/>\n<meta name=\"twitter:card\" content=\"summary_large_image\" \/>\n<script type=\"application\/ld+json\" class=\"yoast-schema-graph\">{\"@context\":\"https:\\\/\\\/schema.org\",\"@graph\":[{\"@type\":[\"WebPage\",\"ItemPage\"],\"@id\":\"https:\\\/\\\/vmsport.fi\\\/verkkokauppa\\\/ajovarusteet\\\/vaatteet\\\/shortsit\\\/bontrager-kalia-womens-fitness-bike-short\\\/\",\"url\":\"https:\\\/\\\/vmsport.fi\\\/verkkokauppa\\\/ajovarusteet\\\/vaatteet\\\/shortsit\\\/bontrager-kalia-womens-fitness-bike-short\\\/\",\"name\":\"Bontrager Kalia Women's Fitness Bike Short - VM Sport\",\"isPartOf\":{\"@id\":\"https:\\\/\\\/vmsport.fi\\\/#website\"},\"primaryImageOfPage\":{\"@id\":\"https:\\\/\\\/vmsport.fi\\\/verkkokauppa\\\/ajovarusteet\\\/vaatteet\\\/shortsit\\\/bontrager-kalia-womens-fitness-bike-short\\\/#primaryimage\"},\"image\":{\"@id\":\"https:\\\/\\\/vmsport.fi\\\/verkkokauppa\\\/ajovarusteet\\\/vaatteet\\\/shortsit\\\/bontrager-kalia-womens-fitness-bike-short\\\/#primaryimage\"},\"thumbnailUrl\":\"https:\\\/\\\/vmsport.fi\\\/wp-content\\\/uploads\\\/2025\\\/03\\\/BontragerKaliaWomensFitnessShort-14969-A-Primary-1.jpg\",\"datePublished\":\"2025-03-05T21:48:03+00:00\",\"dateModified\":\"2026-01-16T11:31:18+00:00\",\"breadcrumb\":{\"@id\":\"https:\\\/\\\/vmsport.fi\\\/verkkokauppa\\\/ajovarusteet\\\/vaatteet\\\/shortsit\\\/bontrager-kalia-womens-fitness-bike-short\\\/#breadcrumb\"},\"inLanguage\":\"sv-SE\",\"potentialAction\":[{\"@type\":\"ReadAction\",\"target\":[\"https:\\\/\\\/vmsport.fi\\\/verkkokauppa\\\/ajovarusteet\\\/vaatteet\\\/shortsit\\\/bontrager-kalia-womens-fitness-bike-short\\\/\"]}]},{\"@type\":\"ImageObject\",\"inLanguage\":\"sv-SE\",\"@id\":\"https:\\\/\\\/vmsport.fi\\\/verkkokauppa\\\/ajovarusteet\\\/vaatteet\\\/shortsit\\\/bontrager-kalia-womens-fitness-bike-short\\\/#primaryimage\",\"url\":\"https:\\\/\\\/vmsport.fi\\\/wp-content\\\/uploads\\\/2025\\\/03\\\/BontragerKaliaWomensFitnessShort-14969-A-Primary-1.jpg\",\"contentUrl\":\"https:\\\/\\\/vmsport.fi\\\/wp-content\\\/uploads\\\/2025\\\/03\\\/BontragerKaliaWomensFitnessShort-14969-A-Primary-1.jpg\",\"width\":1000,\"height\":750,\"caption\":\"BontragerKaliaWomensFitnessShort-14969-A-Primary\"},{\"@type\":\"BreadcrumbList\",\"@id\":\"https:\\\/\\\/vmsport.fi\\\/verkkokauppa\\\/ajovarusteet\\\/vaatteet\\\/shortsit\\\/bontrager-kalia-womens-fitness-bike-short\\\/#breadcrumb\",\"itemListElement\":[{\"@type\":\"ListItem\",\"position\":1,\"name\":\"Etusivu\",\"item\":\"https:\\\/\\\/vmsport.fi\\\/\"},{\"@type\":\"ListItem\",\"position\":2,\"name\":\"Online Store\",\"item\":\"https:\\\/\\\/vmsport.fi\\\/en\\\/online-store\\\/\"},{\"@type\":\"ListItem\",\"position\":3,\"name\":\"Bontrager Kalia Women&#8217;s Fitness Bike Short\"}]},{\"@type\":\"WebSite\",\"@id\":\"https:\\\/\\\/vmsport.fi\\\/#website\",\"url\":\"https:\\\/\\\/vmsport.fi\\\/\",\"name\":\"Vmsport\",\"description\":\"Kaikki py\u00f6r\u00e4ilyyn yhdest\u00e4 paikasta\",\"publisher\":{\"@id\":\"https:\\\/\\\/vmsport.fi\\\/#organization\"},\"potentialAction\":[{\"@type\":\"SearchAction\",\"target\":{\"@type\":\"EntryPoint\",\"urlTemplate\":\"https:\\\/\\\/vmsport.fi\\\/?s={search_term_string}\"},\"query-input\":{\"@type\":\"PropertyValueSpecification\",\"valueRequired\":true,\"valueName\":\"search_term_string\"}}],\"inLanguage\":\"sv-SE\"},{\"@type\":\"Organization\",\"@id\":\"https:\\\/\\\/vmsport.fi\\\/#organization\",\"name\":\"Vmsport\",\"url\":\"https:\\\/\\\/vmsport.fi\\\/\",\"logo\":{\"@type\":\"ImageObject\",\"inLanguage\":\"sv-SE\",\"@id\":\"https:\\\/\\\/vmsport.fi\\\/#\\\/schema\\\/logo\\\/image\\\/\",\"url\":\"https:\\\/\\\/vmsport.fi\\\/wp-content\\\/uploads\\\/2024\\\/12\\\/vm_sport_RGB_horisontal-e1734526017575.png\",\"contentUrl\":\"https:\\\/\\\/vmsport.fi\\\/wp-content\\\/uploads\\\/2024\\\/12\\\/vm_sport_RGB_horisontal-e1734526017575.png\",\"width\":668,\"height\":85,\"caption\":\"Vmsport\"},\"image\":{\"@id\":\"https:\\\/\\\/vmsport.fi\\\/#\\\/schema\\\/logo\\\/image\\\/\"},\"sameAs\":[\"https:\\\/\\\/www.facebook.com\\\/Vmsport.fi\\\/\",\"https:\\\/\\\/www.instagram.com\\\/vmsport\\\/\"]}]}<\/script>\n<!-- \/ Yoast SEO plugin. -->","yoast_head_json":{"title":"Bontrager Kalia cykelbyxa f\u00f6r damer - VM Sport","robots":{"index":"index","follow":"follow","max-snippet":"max-snippet:-1","max-image-preview":"max-image-preview:large","max-video-preview":"max-video-preview:-1"},"canonical":"https:\/\/vmsport.fi\/sv\/webbutik\/korutrustning\/klader\/shorts\/bontrager-kalia-damcykelkort-for-fitness\/","og_locale":"sv_SE","og_type":"article","og_title":"Bontrager Kalia Women's Fitness Bike Short - VM Sport","og_description":"Bontrager Kalia Women&#8217;s Fitness Bike Short tarjoaa erinomaisen mukavuuden. Pehme\u00e4 ja joustava kangas mahdollistaa vapaan liikkumisen ja imartelee kehon muotoja. Inform BioDynamic -pehmuste tukee luonnollisia liikeratoja, mik\u00e4 parantaa py\u00f6r\u00e4ilykokemusta. Virtaviivainen muotoilu ja napakka istuvuus parantavat suorituskyky\u00e4, ja joogatyylinen vy\u00f6t\u00e4r\u00f6nauha pit\u00e4\u00e4 shortsit mukavasti oikealla paikallaan. 20 cm pitk\u00e4t lahkeet tarjoavat sopivaa peitt\u00e4vyytt\u00e4 ilman kompromisseja suorituskyvyss\u00e4. K\u00e4yt\u00e4nn\u00f6llinen [...]L\u00e4s mer \u2026 from Bontrager Kalia Women&#8217;s Fitness Bike Short","og_url":"https:\/\/vmsport.fi\/sv\/webbutik\/korutrustning\/klader\/shorts\/bontrager-kalia-damcykelkort-for-fitness\/","og_site_name":"VM Sport","article_publisher":"https:\/\/www.facebook.com\/Vmsport.fi\/","article_modified_time":"2026-01-16T11:31:18+00:00","og_image":[{"width":1000,"height":750,"url":"https:\/\/vmsport.fi\/wp-content\/uploads\/2025\/03\/BontragerKaliaWomensFitnessShort-14969-A-Primary-1.jpg","type":"image\/jpeg"}],"twitter_card":"summary_large_image","schema":{"@context":"https:\/\/schema.org","@graph":[{"@type":["WebPage","ItemPage"],"@id":"https:\/\/vmsport.fi\/verkkokauppa\/ajovarusteet\/vaatteet\/shortsit\/bontrager-kalia-womens-fitness-bike-short\/","url":"https:\/\/vmsport.fi\/verkkokauppa\/ajovarusteet\/vaatteet\/shortsit\/bontrager-kalia-womens-fitness-bike-short\/","name":"Bontrager Kalia cykelbyxa f\u00f6r damer - VM Sport","isPartOf":{"@id":"https:\/\/vmsport.fi\/#website"},"primaryImageOfPage":{"@id":"https:\/\/vmsport.fi\/verkkokauppa\/ajovarusteet\/vaatteet\/shortsit\/bontrager-kalia-womens-fitness-bike-short\/#primaryimage"},"image":{"@id":"https:\/\/vmsport.fi\/verkkokauppa\/ajovarusteet\/vaatteet\/shortsit\/bontrager-kalia-womens-fitness-bike-short\/#primaryimage"},"thumbnailUrl":"https:\/\/vmsport.fi\/wp-content\/uploads\/2025\/03\/BontragerKaliaWomensFitnessShort-14969-A-Primary-1.jpg","datePublished":"2025-03-05T21:48:03+00:00","dateModified":"2026-01-16T11:31:18+00:00","breadcrumb":{"@id":"https:\/\/vmsport.fi\/verkkokauppa\/ajovarusteet\/vaatteet\/shortsit\/bontrager-kalia-womens-fitness-bike-short\/#breadcrumb"},"inLanguage":"sv-SE","potentialAction":[{"@type":"ReadAction","target":["https:\/\/vmsport.fi\/verkkokauppa\/ajovarusteet\/vaatteet\/shortsit\/bontrager-kalia-womens-fitness-bike-short\/"]}]},{"@type":"ImageObject","inLanguage":"sv-SE","@id":"https:\/\/vmsport.fi\/verkkokauppa\/ajovarusteet\/vaatteet\/shortsit\/bontrager-kalia-womens-fitness-bike-short\/#primaryimage","url":"https:\/\/vmsport.fi\/wp-content\/uploads\/2025\/03\/BontragerKaliaWomensFitnessShort-14969-A-Primary-1.jpg","contentUrl":"https:\/\/vmsport.fi\/wp-content\/uploads\/2025\/03\/BontragerKaliaWomensFitnessShort-14969-A-Primary-1.jpg","width":1000,"height":750,"caption":"BontragerKaliaWomensFitnessShort-14969-A-Primary"},{"@type":"BreadcrumbList","@id":"https:\/\/vmsport.fi\/verkkokauppa\/ajovarusteet\/vaatteet\/shortsit\/bontrager-kalia-womens-fitness-bike-short\/#breadcrumb","itemListElement":[{"@type":"ListItem","position":1,"name":"Etusivu","item":"https:\/\/vmsport.fi\/"},{"@type":"ListItem","position":2,"name":"Online Store","item":"https:\/\/vmsport.fi\/en\/online-store\/"},{"@type":"ListItem","position":3,"name":"Bontrager Kalia Women&#8217;s Fitness Bike Short"}]},{"@type":"WebSite","@id":"https:\/\/vmsport.fi\/#website","url":"https:\/\/vmsport.fi\/","name":"Vmsport","description":"Allt p\u00e5 ett st\u00e4lle f\u00f6r cykling","publisher":{"@id":"https:\/\/vmsport.fi\/#organization"},"potentialAction":[{"@type":"SearchAction","target":{"@type":"EntryPoint","urlTemplate":"https:\/\/vmsport.fi\/?s={search_term_string}"},"query-input":{"@type":"PropertyValueSpecification","valueRequired":true,"valueName":"search_term_string"}}],"inLanguage":"sv-SE"},{"@type":"Organization","@id":"https:\/\/vmsport.fi\/#organization","name":"Vmsport","url":"https:\/\/vmsport.fi\/","logo":{"@type":"ImageObject","inLanguage":"sv-SE","@id":"https:\/\/vmsport.fi\/#\/schema\/logo\/image\/","url":"https:\/\/vmsport.fi\/wp-content\/uploads\/2024\/12\/vm_sport_RGB_horisontal-e1734526017575.png","contentUrl":"https:\/\/vmsport.fi\/wp-content\/uploads\/2024\/12\/vm_sport_RGB_horisontal-e1734526017575.png","width":668,"height":85,"caption":"Vmsport"},"image":{"@id":"https:\/\/vmsport.fi\/#\/schema\/logo\/image\/"},"sameAs":["https:\/\/www.facebook.com\/Vmsport.fi\/","https:\/\/www.instagram.com\/vmsport\/"]}]}},"global_unique_id":"","_links":{"self":[{"href":"https:\/\/vmsport.fi\/sv\/wp-json\/wp\/v2\/product\/54000","targetHints":{"allow":["GET"]}}],"collection":[{"href":"https:\/\/vmsport.fi\/sv\/wp-json\/wp\/v2\/product"}],"about":[{"href":"https:\/\/vmsport.fi\/sv\/wp-json\/wp\/v2\/types\/product"}],"replies":[{"embeddable":true,"href":"https:\/\/vmsport.fi\/sv\/wp-json\/wp\/v2\/comments?post=54000"}],"wp:featuredmedia":[{"embeddable":true,"href":"https:\/\/vmsport.fi\/sv\/wp-json\/wp\/v2\/media\/53999"}],"wp:attachment":[{"href":"https:\/\/vmsport.fi\/sv\/wp-json\/wp\/v2\/media?parent=54000"}],"wp:term":[{"taxonomy":"product_brand","embeddable":true,"href":"https:\/\/vmsport.fi\/sv\/wp-json\/wp\/v2\/product_brand?post=54000"},{"taxonomy":"product_model","embeddable":true,"href":"https:\/\/vmsport.fi\/sv\/wp-json\/wp\/v2\/product_model?post=54000"},{"taxonomy":"product_cat","embeddable":true,"href":"https:\/\/vmsport.fi\/sv\/wp-json\/wp\/v2\/product_cat?post=54000"},{"taxonomy":"product_tag","embeddable":true,"href":"https:\/\/vmsport.fi\/sv\/wp-json\/wp\/v2\/product_tag?post=54000"},{"taxonomy":"industry_terminology","embeddable":true,"href":"https:\/\/vmsport.fi\/sv\/wp-json\/wp\/v2\/industry-terminology?post=54000"}],"curies":[{"name":"wp","href":"https:\/\/api.w.org\/{rel}","templated":true}]}}