{"id":53995,"date":"2025-03-05T23:48:00","date_gmt":"2025-03-05T21:48:00","guid":{"rendered":"https:\/\/vmsport.fi\/verkkokauppa\/Ei-luokiteltu\/istuin-ergon-sm-e-mountain-pro-naisten\/"},"modified":"2026-04-22T15:21:53","modified_gmt":"2026-04-22T12:21:53","slug":"seat-ergon-sm-e-mountain-pro-dam","status":"publish","type":"product","link":"https:\/\/vmsport.fi\/sv\/verkkokauppa\/varaosat\/satulat-ja-satulatolpat\/satulat\/istuin-ergon-sm-e-mountain-pro-naisten\/","title":{"rendered":"Sadel ERGON SM E-Mountain Pro Dam"},"content":{"rendered":"<p>ERGON SM E-Mountain Pro Women-sadeln \u00e4r utformad f\u00f6r erfarna kvinnliga E-MTB-cyklister som v\u00e4rdes\u00e4tter f\u00f6rstklassig ergonomi och komfort. Den \u00e4r utformad f\u00f6r kr\u00e4vande terr\u00e4ngcykling och f\u00f6r att t\u00e4nja p\u00e5 gr\u00e4nserna f\u00f6r fysisk prestation, och erbjuder b\u00e5de sportig prestanda och komfort. Den upph\u00f6jda baksidan av sadeln ger st\u00f6d vid trampning i l\u00e5nga och branta stigningar, medan den breda och platta framsidan \u00f6kar stabiliteten i kr\u00e4vande k\u00f6rsituationer.  <\/p>\n<p>OrthoCell-kuddarna \u00e4r exakt placerade f\u00f6r att f\u00f6rdela trycket j\u00e4mnt \u00f6ver sittbenen. Dessutom minskar den k\u00f6nsanpassade designen trycket i kritiska omr\u00e5den. Sadelns fasta k\u00e4nsla \u00e4r utformad f\u00f6r sportig k\u00f6rning och f\u00f6rb\u00e4ttrar optimal k\u00f6rst\u00e4llning och uth\u00e5llighetsegenskaper. Den h\u00e4r produkten skapades f\u00f6r att ge en unik E-MTB-ridningsupplevelse som kombinerar st\u00f6d, prestanda och komfort.<\/p>","protected":false},"excerpt":{"rendered":"<p>ERGON SM E-Mountain Pro Naisten satula on kehitetty kokeneille naispuolisille E-MTB-kuljettajille, jotka arvostavat ensiluokkaista ergonomiaa ja mukavuutta. Se on suunnattu vaativille maastoreiteille ja fyysisen suorituskyvyn rajojen ylitt\u00e4miseen, tarjoten sek\u00e4 urheilullista tehokkuutta ett\u00e4 mukavuutta. Satulan korotettu takaosa tukee polkemista pitkill\u00e4 ja jyrkill\u00e4 nousuilla, kun taas leve\u00e4 ja litte\u00e4 etuosa lis\u00e4\u00e4 vakautta vaativissa ajotilanteissa. OrthoCell-sis\u00e4pehmusteet on sijoitettu [&#8230;]<\/p>\n<p><a class=\"btn btn-secondary understrap-read-more-link\" href=\"https:\/\/vmsport.fi\/sv\/verkkokauppa\/varaosat\/satulat-ja-satulatolpat\/satulat\/istuin-ergon-sm-e-mountain-pro-naisten\/\">L\u00e4s mer \u2026<span class=\"screen-reader-text\"> from Istuin ERGON SM E-Mountain Pro Naisten<\/span><\/a><\/p>\n","protected":false},"featured_media":53992,"comment_status":"open","ping_status":"closed","template":"","meta":{"_acf_changed":false,"_improvement_type_select":"improve_an_existing","_thumb_yes_seoaic":false,"_frame_yes_seoaic":false,"seoaic_generate_description":"","seoaic_improve_instructions_prompt":"","seoaic_rollback_content_improvement":"","seoaic_idea_thumbnail_generator":"","thumbnail_generated":false,"thumbnail_generate_prompt":"","seoaic_article_description":"","_supplier_stock_quantity":0},"product_brand":[1581],"product_model":[],"product_cat":[9380],"product_tag":[],"industry-terminology":[],"class_list":{"0":"post-53995","1":"product","2":"type-product","3":"status-publish","4":"has-post-thumbnail","6":"product_brand-ergon","7":"product_cat-satulat","9":"first","10":"instock","11":"taxable","12":"shipping-taxable","13":"purchasable","14":"product-type-variable"},"acf":{"bike_features":null,"overview":{"copy_overview":null,"key_features":null,"statement":"","youtube_url":""}},"yoast_head":"<!-- This site is optimized with the Yoast SEO plugin v27.4 - https:\/\/yoast.com\/product\/yoast-seo-wordpress\/ -->\n<title>Istuin ERGON SM E-Mountain Pro Naisten - VM Sport<\/title>\n<meta name=\"robots\" content=\"index, follow, max-snippet:-1, max-image-preview:large, max-video-preview:-1\" \/>\n<link rel=\"canonical\" href=\"https:\/\/vmsport.fi\/sv\/webbutik\/reservdelar\/sadlar-och-sadelstolpar\/sadlar\/seat-ergon-sm-e-mountain-pro-dam\/\" \/>\n<meta property=\"og:locale\" content=\"sv_SE\" \/>\n<meta property=\"og:type\" content=\"article\" \/>\n<meta property=\"og:title\" content=\"Istuin ERGON SM E-Mountain Pro Naisten - VM Sport\" \/>\n<meta property=\"og:description\" content=\"ERGON SM E-Mountain Pro Naisten satula on kehitetty kokeneille naispuolisille E-MTB-kuljettajille, jotka arvostavat ensiluokkaista ergonomiaa ja mukavuutta. Se on suunnattu vaativille maastoreiteille ja fyysisen suorituskyvyn rajojen ylitt\u00e4miseen, tarjoten sek\u00e4 urheilullista tehokkuutta ett\u00e4 mukavuutta. Satulan korotettu takaosa tukee polkemista pitkill\u00e4 ja jyrkill\u00e4 nousuilla, kun taas leve\u00e4 ja litte\u00e4 etuosa lis\u00e4\u00e4 vakautta vaativissa ajotilanteissa. OrthoCell-sis\u00e4pehmusteet on sijoitettu [...]L\u00e4s mer \u2026 from Istuin ERGON SM E-Mountain Pro Naisten\" \/>\n<meta property=\"og:url\" content=\"https:\/\/vmsport.fi\/sv\/webbutik\/reservdelar\/sadlar-och-sadelstolpar\/sadlar\/seat-ergon-sm-e-mountain-pro-dam\/\" \/>\n<meta property=\"og:site_name\" content=\"VM Sport\" \/>\n<meta property=\"article:publisher\" content=\"https:\/\/www.facebook.com\/Vmsport.fi\/\" \/>\n<meta property=\"article:modified_time\" content=\"2026-04-22T12:21:53+00:00\" \/>\n<meta property=\"og:image\" content=\"https:\/\/vmsport.fi\/wp-content\/uploads\/2025\/03\/44011060-1.jpg\" \/>\n\t<meta property=\"og:image:width\" content=\"1000\" \/>\n\t<meta property=\"og:image:height\" content=\"1000\" \/>\n\t<meta property=\"og:image:type\" content=\"image\/jpeg\" \/>\n<meta name=\"twitter:card\" content=\"summary_large_image\" \/>\n<meta name=\"twitter:label1\" content=\"Ber\u00e4knad l\u00e4stid\" \/>\n\t<meta name=\"twitter:data1\" content=\"1 minut\" \/>\n<script type=\"application\/ld+json\" class=\"yoast-schema-graph\">{\"@context\":\"https:\\\/\\\/schema.org\",\"@graph\":[{\"@type\":[\"WebPage\",\"ItemPage\"],\"@id\":\"https:\\\/\\\/vmsport.fi\\\/verkkokauppa\\\/varaosat\\\/satulat-ja-satulatolpat\\\/satulat\\\/istuin-ergon-sm-e-mountain-pro-naisten\\\/\",\"url\":\"https:\\\/\\\/vmsport.fi\\\/verkkokauppa\\\/varaosat\\\/satulat-ja-satulatolpat\\\/satulat\\\/istuin-ergon-sm-e-mountain-pro-naisten\\\/\",\"name\":\"Istuin ERGON SM E-Mountain Pro Naisten - VM Sport\",\"isPartOf\":{\"@id\":\"https:\\\/\\\/vmsport.fi\\\/#website\"},\"primaryImageOfPage\":{\"@id\":\"https:\\\/\\\/vmsport.fi\\\/verkkokauppa\\\/varaosat\\\/satulat-ja-satulatolpat\\\/satulat\\\/istuin-ergon-sm-e-mountain-pro-naisten\\\/#primaryimage\"},\"image\":{\"@id\":\"https:\\\/\\\/vmsport.fi\\\/verkkokauppa\\\/varaosat\\\/satulat-ja-satulatolpat\\\/satulat\\\/istuin-ergon-sm-e-mountain-pro-naisten\\\/#primaryimage\"},\"thumbnailUrl\":\"https:\\\/\\\/vmsport.fi\\\/wp-content\\\/uploads\\\/2025\\\/03\\\/44011060-1.jpg\",\"datePublished\":\"2025-03-05T21:48:00+00:00\",\"dateModified\":\"2026-04-22T12:21:53+00:00\",\"breadcrumb\":{\"@id\":\"https:\\\/\\\/vmsport.fi\\\/verkkokauppa\\\/varaosat\\\/satulat-ja-satulatolpat\\\/satulat\\\/istuin-ergon-sm-e-mountain-pro-naisten\\\/#breadcrumb\"},\"inLanguage\":\"sv-SE\",\"potentialAction\":[{\"@type\":\"ReadAction\",\"target\":[\"https:\\\/\\\/vmsport.fi\\\/verkkokauppa\\\/varaosat\\\/satulat-ja-satulatolpat\\\/satulat\\\/istuin-ergon-sm-e-mountain-pro-naisten\\\/\"]}]},{\"@type\":\"ImageObject\",\"inLanguage\":\"sv-SE\",\"@id\":\"https:\\\/\\\/vmsport.fi\\\/verkkokauppa\\\/varaosat\\\/satulat-ja-satulatolpat\\\/satulat\\\/istuin-ergon-sm-e-mountain-pro-naisten\\\/#primaryimage\",\"url\":\"https:\\\/\\\/vmsport.fi\\\/wp-content\\\/uploads\\\/2025\\\/03\\\/44011060-1.jpg\",\"contentUrl\":\"https:\\\/\\\/vmsport.fi\\\/wp-content\\\/uploads\\\/2025\\\/03\\\/44011060-1.jpg\",\"width\":1000,\"height\":1000,\"caption\":\"44011060\"},{\"@type\":\"BreadcrumbList\",\"@id\":\"https:\\\/\\\/vmsport.fi\\\/verkkokauppa\\\/varaosat\\\/satulat-ja-satulatolpat\\\/satulat\\\/istuin-ergon-sm-e-mountain-pro-naisten\\\/#breadcrumb\",\"itemListElement\":[{\"@type\":\"ListItem\",\"position\":1,\"name\":\"Etusivu\",\"item\":\"https:\\\/\\\/vmsport.fi\\\/\"},{\"@type\":\"ListItem\",\"position\":2,\"name\":\"Online Store\",\"item\":\"https:\\\/\\\/vmsport.fi\\\/en\\\/online-store\\\/\"},{\"@type\":\"ListItem\",\"position\":3,\"name\":\"Istuin ERGON SM E-Mountain Pro Naisten\"}]},{\"@type\":\"WebSite\",\"@id\":\"https:\\\/\\\/vmsport.fi\\\/#website\",\"url\":\"https:\\\/\\\/vmsport.fi\\\/\",\"name\":\"Vmsport\",\"description\":\"Kaikki py\u00f6r\u00e4ilyyn yhdest\u00e4 paikasta\",\"publisher\":{\"@id\":\"https:\\\/\\\/vmsport.fi\\\/#organization\"},\"potentialAction\":[{\"@type\":\"SearchAction\",\"target\":{\"@type\":\"EntryPoint\",\"urlTemplate\":\"https:\\\/\\\/vmsport.fi\\\/?s={search_term_string}\"},\"query-input\":{\"@type\":\"PropertyValueSpecification\",\"valueRequired\":true,\"valueName\":\"search_term_string\"}}],\"inLanguage\":\"sv-SE\"},{\"@type\":\"Organization\",\"@id\":\"https:\\\/\\\/vmsport.fi\\\/#organization\",\"name\":\"Vmsport\",\"url\":\"https:\\\/\\\/vmsport.fi\\\/\",\"logo\":{\"@type\":\"ImageObject\",\"inLanguage\":\"sv-SE\",\"@id\":\"https:\\\/\\\/vmsport.fi\\\/#\\\/schema\\\/logo\\\/image\\\/\",\"url\":\"https:\\\/\\\/vmsport.fi\\\/wp-content\\\/uploads\\\/2024\\\/12\\\/vm_sport_RGB_horisontal-e1734526017575.png\",\"contentUrl\":\"https:\\\/\\\/vmsport.fi\\\/wp-content\\\/uploads\\\/2024\\\/12\\\/vm_sport_RGB_horisontal-e1734526017575.png\",\"width\":668,\"height\":85,\"caption\":\"Vmsport\"},\"image\":{\"@id\":\"https:\\\/\\\/vmsport.fi\\\/#\\\/schema\\\/logo\\\/image\\\/\"},\"sameAs\":[\"https:\\\/\\\/www.facebook.com\\\/Vmsport.fi\\\/\",\"https:\\\/\\\/www.instagram.com\\\/vmsport\\\/\"]}]}<\/script>\n<!-- \/ Yoast SEO plugin. -->","yoast_head_json":{"title":"Sits ERGON SM E-Mountain Pro Women - VM Sport","robots":{"index":"index","follow":"follow","max-snippet":"max-snippet:-1","max-image-preview":"max-image-preview:large","max-video-preview":"max-video-preview:-1"},"canonical":"https:\/\/vmsport.fi\/sv\/webbutik\/reservdelar\/sadlar-och-sadelstolpar\/sadlar\/seat-ergon-sm-e-mountain-pro-dam\/","og_locale":"sv_SE","og_type":"article","og_title":"Istuin ERGON SM E-Mountain Pro Naisten - VM Sport","og_description":"ERGON SM E-Mountain Pro Naisten satula on kehitetty kokeneille naispuolisille E-MTB-kuljettajille, jotka arvostavat ensiluokkaista ergonomiaa ja mukavuutta. Se on suunnattu vaativille maastoreiteille ja fyysisen suorituskyvyn rajojen ylitt\u00e4miseen, tarjoten sek\u00e4 urheilullista tehokkuutta ett\u00e4 mukavuutta. Satulan korotettu takaosa tukee polkemista pitkill\u00e4 ja jyrkill\u00e4 nousuilla, kun taas leve\u00e4 ja litte\u00e4 etuosa lis\u00e4\u00e4 vakautta vaativissa ajotilanteissa. OrthoCell-sis\u00e4pehmusteet on sijoitettu [...]L\u00e4s mer \u2026 from Istuin ERGON SM E-Mountain Pro Naisten","og_url":"https:\/\/vmsport.fi\/sv\/webbutik\/reservdelar\/sadlar-och-sadelstolpar\/sadlar\/seat-ergon-sm-e-mountain-pro-dam\/","og_site_name":"VM Sport","article_publisher":"https:\/\/www.facebook.com\/Vmsport.fi\/","article_modified_time":"2026-04-22T12:21:53+00:00","og_image":[{"width":1000,"height":1000,"url":"https:\/\/vmsport.fi\/wp-content\/uploads\/2025\/03\/44011060-1.jpg","type":"image\/jpeg"}],"twitter_card":"summary_large_image","twitter_misc":{"Ber\u00e4knad l\u00e4stid":"1 minut"},"schema":{"@context":"https:\/\/schema.org","@graph":[{"@type":["WebPage","ItemPage"],"@id":"https:\/\/vmsport.fi\/verkkokauppa\/varaosat\/satulat-ja-satulatolpat\/satulat\/istuin-ergon-sm-e-mountain-pro-naisten\/","url":"https:\/\/vmsport.fi\/verkkokauppa\/varaosat\/satulat-ja-satulatolpat\/satulat\/istuin-ergon-sm-e-mountain-pro-naisten\/","name":"Sits ERGON SM E-Mountain Pro Women - VM Sport","isPartOf":{"@id":"https:\/\/vmsport.fi\/#website"},"primaryImageOfPage":{"@id":"https:\/\/vmsport.fi\/verkkokauppa\/varaosat\/satulat-ja-satulatolpat\/satulat\/istuin-ergon-sm-e-mountain-pro-naisten\/#primaryimage"},"image":{"@id":"https:\/\/vmsport.fi\/verkkokauppa\/varaosat\/satulat-ja-satulatolpat\/satulat\/istuin-ergon-sm-e-mountain-pro-naisten\/#primaryimage"},"thumbnailUrl":"https:\/\/vmsport.fi\/wp-content\/uploads\/2025\/03\/44011060-1.jpg","datePublished":"2025-03-05T21:48:00+00:00","dateModified":"2026-04-22T12:21:53+00:00","breadcrumb":{"@id":"https:\/\/vmsport.fi\/verkkokauppa\/varaosat\/satulat-ja-satulatolpat\/satulat\/istuin-ergon-sm-e-mountain-pro-naisten\/#breadcrumb"},"inLanguage":"sv-SE","potentialAction":[{"@type":"ReadAction","target":["https:\/\/vmsport.fi\/verkkokauppa\/varaosat\/satulat-ja-satulatolpat\/satulat\/istuin-ergon-sm-e-mountain-pro-naisten\/"]}]},{"@type":"ImageObject","inLanguage":"sv-SE","@id":"https:\/\/vmsport.fi\/verkkokauppa\/varaosat\/satulat-ja-satulatolpat\/satulat\/istuin-ergon-sm-e-mountain-pro-naisten\/#primaryimage","url":"https:\/\/vmsport.fi\/wp-content\/uploads\/2025\/03\/44011060-1.jpg","contentUrl":"https:\/\/vmsport.fi\/wp-content\/uploads\/2025\/03\/44011060-1.jpg","width":1000,"height":1000,"caption":"44011060"},{"@type":"BreadcrumbList","@id":"https:\/\/vmsport.fi\/verkkokauppa\/varaosat\/satulat-ja-satulatolpat\/satulat\/istuin-ergon-sm-e-mountain-pro-naisten\/#breadcrumb","itemListElement":[{"@type":"ListItem","position":1,"name":"Etusivu","item":"https:\/\/vmsport.fi\/"},{"@type":"ListItem","position":2,"name":"Online Store","item":"https:\/\/vmsport.fi\/en\/online-store\/"},{"@type":"ListItem","position":3,"name":"Istuin ERGON SM E-Mountain Pro Naisten"}]},{"@type":"WebSite","@id":"https:\/\/vmsport.fi\/#website","url":"https:\/\/vmsport.fi\/","name":"Vmsport","description":"Allt p\u00e5 ett st\u00e4lle f\u00f6r cykling","publisher":{"@id":"https:\/\/vmsport.fi\/#organization"},"potentialAction":[{"@type":"SearchAction","target":{"@type":"EntryPoint","urlTemplate":"https:\/\/vmsport.fi\/?s={search_term_string}"},"query-input":{"@type":"PropertyValueSpecification","valueRequired":true,"valueName":"search_term_string"}}],"inLanguage":"sv-SE"},{"@type":"Organization","@id":"https:\/\/vmsport.fi\/#organization","name":"Vmsport","url":"https:\/\/vmsport.fi\/","logo":{"@type":"ImageObject","inLanguage":"sv-SE","@id":"https:\/\/vmsport.fi\/#\/schema\/logo\/image\/","url":"https:\/\/vmsport.fi\/wp-content\/uploads\/2024\/12\/vm_sport_RGB_horisontal-e1734526017575.png","contentUrl":"https:\/\/vmsport.fi\/wp-content\/uploads\/2024\/12\/vm_sport_RGB_horisontal-e1734526017575.png","width":668,"height":85,"caption":"Vmsport"},"image":{"@id":"https:\/\/vmsport.fi\/#\/schema\/logo\/image\/"},"sameAs":["https:\/\/www.facebook.com\/Vmsport.fi\/","https:\/\/www.instagram.com\/vmsport\/"]}]}},"global_unique_id":"","_links":{"self":[{"href":"https:\/\/vmsport.fi\/sv\/wp-json\/wp\/v2\/product\/53995","targetHints":{"allow":["GET"]}}],"collection":[{"href":"https:\/\/vmsport.fi\/sv\/wp-json\/wp\/v2\/product"}],"about":[{"href":"https:\/\/vmsport.fi\/sv\/wp-json\/wp\/v2\/types\/product"}],"replies":[{"embeddable":true,"href":"https:\/\/vmsport.fi\/sv\/wp-json\/wp\/v2\/comments?post=53995"}],"wp:featuredmedia":[{"embeddable":true,"href":"https:\/\/vmsport.fi\/sv\/wp-json\/wp\/v2\/media\/53992"}],"wp:attachment":[{"href":"https:\/\/vmsport.fi\/sv\/wp-json\/wp\/v2\/media?parent=53995"}],"wp:term":[{"taxonomy":"product_brand","embeddable":true,"href":"https:\/\/vmsport.fi\/sv\/wp-json\/wp\/v2\/product_brand?post=53995"},{"taxonomy":"product_model","embeddable":true,"href":"https:\/\/vmsport.fi\/sv\/wp-json\/wp\/v2\/product_model?post=53995"},{"taxonomy":"product_cat","embeddable":true,"href":"https:\/\/vmsport.fi\/sv\/wp-json\/wp\/v2\/product_cat?post=53995"},{"taxonomy":"product_tag","embeddable":true,"href":"https:\/\/vmsport.fi\/sv\/wp-json\/wp\/v2\/product_tag?post=53995"},{"taxonomy":"industry_terminology","embeddable":true,"href":"https:\/\/vmsport.fi\/sv\/wp-json\/wp\/v2\/industry-terminology?post=53995"}],"curies":[{"name":"wp","href":"https:\/\/api.w.org\/{rel}","templated":true}]}}