{"id":53978,"date":"2025-03-05T23:47:46","date_gmt":"2025-03-05T21:47:46","guid":{"rendered":"https:\/\/vmsport.fi\/verkkokauppa\/Ei-luokiteltu\/bontrager-satellite-isozone-grip\/"},"modified":"2026-04-22T15:00:21","modified_gmt":"2026-04-22T12:00:21","slug":"bontrager-satellite-isozone-grip","status":"publish","type":"product","link":"https:\/\/vmsport.fi\/sv\/verkkokauppa\/varaosat\/ohjaamo\/gripit\/bontrager-satellite-isozone-grip\/","title":{"rendered":"Bontrager Satellite IsoZone-grepp"},"content":{"rendered":"<p>Bontrager Satellite IsoZone Grip on ergonomisesti muotoiltu py\u00f6r\u00e4n ohjaustangon k\u00e4densija, joka tarjoaa erinomaista mukavuutta. Se vaimentaa tehokkaasti t\u00e4rin\u00e4\u00e4 ajon aikana, mik\u00e4 tekee matkanteosta huomattavasti miellytt\u00e4v\u00e4mp\u00e4\u00e4. Kest\u00e4v\u00e4n kumimateriaalin ansiosta ote pysyy tukevana ja py\u00f6r\u00e4n hallinta paranee merkitt\u00e4v\u00e4sti. Hyvin suunniteltu muotoilu takaa mukavan ajokokemuksen my\u00f6s pitkill\u00e4 matkoilla.<\/p>","protected":false},"excerpt":{"rendered":"<p>Bontrager Satellite IsoZone Grip on ergonomisesti muotoiltu py\u00f6r\u00e4n ohjaustangon k\u00e4densija, joka tarjoaa erinomaista mukavuutta. Se vaimentaa tehokkaasti t\u00e4rin\u00e4\u00e4 ajon aikana, mik\u00e4 tekee matkanteosta huomattavasti miellytt\u00e4v\u00e4mp\u00e4\u00e4. Kest\u00e4v\u00e4n kumimateriaalin ansiosta ote pysyy tukevana ja py\u00f6r\u00e4n hallinta paranee merkitt\u00e4v\u00e4sti. Hyvin suunniteltu muotoilu takaa mukavan ajokokemuksen my\u00f6s pitkill\u00e4 matkoilla. [&#8230;]<\/p>\n<p><a class=\"btn btn-secondary understrap-read-more-link\" href=\"https:\/\/vmsport.fi\/sv\/verkkokauppa\/varaosat\/ohjaamo\/gripit\/bontrager-satellite-isozone-grip\/\">L\u00e4s mer \u2026<span class=\"screen-reader-text\"> from Bontrager Satellite IsoZone Grip<\/span><\/a><\/p>\n","protected":false},"featured_media":53977,"comment_status":"open","ping_status":"closed","template":"","meta":{"_acf_changed":false,"_improvement_type_select":"improve_an_existing","_thumb_yes_seoaic":false,"_frame_yes_seoaic":false,"seoaic_generate_description":"","seoaic_improve_instructions_prompt":"","seoaic_rollback_content_improvement":"","seoaic_idea_thumbnail_generator":"","thumbnail_generated":false,"thumbnail_generate_prompt":"","seoaic_article_description":"","_supplier_stock_quantity":0},"product_brand":[],"product_model":[],"product_cat":[9292],"product_tag":[],"industry-terminology":[],"class_list":{"0":"post-53978","1":"product","2":"type-product","3":"status-publish","4":"has-post-thumbnail","6":"product_cat-gripit","8":"first","9":"outofstock","10":"taxable","11":"shipping-taxable","12":"product-type-simple"},"acf":{"bike_features":null,"overview":{"copy_overview":null,"key_features":null,"statement":"","youtube_url":""}},"yoast_head":"<!-- This site is optimized with the Yoast SEO plugin v27.4 - https:\/\/yoast.com\/product\/yoast-seo-wordpress\/ -->\n<title>Bontrager Satellite IsoZone Grip - VM Sport<\/title>\n<meta name=\"robots\" content=\"index, follow, max-snippet:-1, max-image-preview:large, max-video-preview:-1\" \/>\n<link rel=\"canonical\" href=\"https:\/\/vmsport.fi\/sv\/webbutik\/reservdelar\/taxi\/grepp\/bontrager-satellite-isozone-grip\/\" \/>\n<meta property=\"og:locale\" content=\"sv_SE\" \/>\n<meta property=\"og:type\" content=\"article\" \/>\n<meta property=\"og:title\" content=\"Bontrager Satellite IsoZone Grip - VM Sport\" \/>\n<meta property=\"og:description\" content=\"Bontrager Satellite IsoZone Grip on ergonomisesti muotoiltu py\u00f6r\u00e4n ohjaustangon k\u00e4densija, joka tarjoaa erinomaista mukavuutta. Se vaimentaa tehokkaasti t\u00e4rin\u00e4\u00e4 ajon aikana, mik\u00e4 tekee matkanteosta huomattavasti miellytt\u00e4v\u00e4mp\u00e4\u00e4. Kest\u00e4v\u00e4n kumimateriaalin ansiosta ote pysyy tukevana ja py\u00f6r\u00e4n hallinta paranee merkitt\u00e4v\u00e4sti. Hyvin suunniteltu muotoilu takaa mukavan ajokokemuksen my\u00f6s pitkill\u00e4 matkoilla. [...]L\u00e4s mer \u2026 from Bontrager Satellite IsoZone Grip\" \/>\n<meta property=\"og:url\" content=\"https:\/\/vmsport.fi\/sv\/webbutik\/reservdelar\/taxi\/grepp\/bontrager-satellite-isozone-grip\/\" \/>\n<meta property=\"og:site_name\" content=\"VM Sport\" \/>\n<meta property=\"article:publisher\" content=\"https:\/\/www.facebook.com\/Vmsport.fi\/\" \/>\n<meta property=\"article:modified_time\" content=\"2026-04-22T12:00:21+00:00\" \/>\n<meta property=\"og:image\" content=\"https:\/\/vmsport.fi\/wp-content\/uploads\/2025\/03\/14247-A-1-Grip-Bontrager-Satellite-Isozone-1.jpg\" \/>\n\t<meta property=\"og:image:width\" content=\"1000\" \/>\n\t<meta property=\"og:image:height\" content=\"750\" \/>\n\t<meta property=\"og:image:type\" content=\"image\/jpeg\" \/>\n<meta name=\"twitter:card\" content=\"summary_large_image\" \/>\n<script type=\"application\/ld+json\" class=\"yoast-schema-graph\">{\"@context\":\"https:\\\/\\\/schema.org\",\"@graph\":[{\"@type\":[\"WebPage\",\"ItemPage\"],\"@id\":\"https:\\\/\\\/vmsport.fi\\\/verkkokauppa\\\/varaosat\\\/ohjaamo\\\/gripit\\\/bontrager-satellite-isozone-grip\\\/\",\"url\":\"https:\\\/\\\/vmsport.fi\\\/verkkokauppa\\\/varaosat\\\/ohjaamo\\\/gripit\\\/bontrager-satellite-isozone-grip\\\/\",\"name\":\"Bontrager Satellite IsoZone Grip - VM Sport\",\"isPartOf\":{\"@id\":\"https:\\\/\\\/vmsport.fi\\\/#website\"},\"primaryImageOfPage\":{\"@id\":\"https:\\\/\\\/vmsport.fi\\\/verkkokauppa\\\/varaosat\\\/ohjaamo\\\/gripit\\\/bontrager-satellite-isozone-grip\\\/#primaryimage\"},\"image\":{\"@id\":\"https:\\\/\\\/vmsport.fi\\\/verkkokauppa\\\/varaosat\\\/ohjaamo\\\/gripit\\\/bontrager-satellite-isozone-grip\\\/#primaryimage\"},\"thumbnailUrl\":\"https:\\\/\\\/vmsport.fi\\\/wp-content\\\/uploads\\\/2025\\\/03\\\/14247-A-1-Grip-Bontrager-Satellite-Isozone-1.jpg\",\"datePublished\":\"2025-03-05T21:47:46+00:00\",\"dateModified\":\"2026-04-22T12:00:21+00:00\",\"breadcrumb\":{\"@id\":\"https:\\\/\\\/vmsport.fi\\\/verkkokauppa\\\/varaosat\\\/ohjaamo\\\/gripit\\\/bontrager-satellite-isozone-grip\\\/#breadcrumb\"},\"inLanguage\":\"sv-SE\",\"potentialAction\":[{\"@type\":\"ReadAction\",\"target\":[\"https:\\\/\\\/vmsport.fi\\\/verkkokauppa\\\/varaosat\\\/ohjaamo\\\/gripit\\\/bontrager-satellite-isozone-grip\\\/\"]}]},{\"@type\":\"ImageObject\",\"inLanguage\":\"sv-SE\",\"@id\":\"https:\\\/\\\/vmsport.fi\\\/verkkokauppa\\\/varaosat\\\/ohjaamo\\\/gripit\\\/bontrager-satellite-isozone-grip\\\/#primaryimage\",\"url\":\"https:\\\/\\\/vmsport.fi\\\/wp-content\\\/uploads\\\/2025\\\/03\\\/14247-A-1-Grip-Bontrager-Satellite-Isozone-1.jpg\",\"contentUrl\":\"https:\\\/\\\/vmsport.fi\\\/wp-content\\\/uploads\\\/2025\\\/03\\\/14247-A-1-Grip-Bontrager-Satellite-Isozone-1.jpg\",\"width\":1000,\"height\":750,\"caption\":\"14247-A-1-Grip-Bontrager-Satellite-Isozone\"},{\"@type\":\"BreadcrumbList\",\"@id\":\"https:\\\/\\\/vmsport.fi\\\/verkkokauppa\\\/varaosat\\\/ohjaamo\\\/gripit\\\/bontrager-satellite-isozone-grip\\\/#breadcrumb\",\"itemListElement\":[{\"@type\":\"ListItem\",\"position\":1,\"name\":\"Etusivu\",\"item\":\"https:\\\/\\\/vmsport.fi\\\/\"},{\"@type\":\"ListItem\",\"position\":2,\"name\":\"Online Store\",\"item\":\"https:\\\/\\\/vmsport.fi\\\/en\\\/online-store\\\/\"},{\"@type\":\"ListItem\",\"position\":3,\"name\":\"Bontrager Satellite IsoZone Grip\"}]},{\"@type\":\"WebSite\",\"@id\":\"https:\\\/\\\/vmsport.fi\\\/#website\",\"url\":\"https:\\\/\\\/vmsport.fi\\\/\",\"name\":\"Vmsport\",\"description\":\"Kaikki py\u00f6r\u00e4ilyyn yhdest\u00e4 paikasta\",\"publisher\":{\"@id\":\"https:\\\/\\\/vmsport.fi\\\/#organization\"},\"potentialAction\":[{\"@type\":\"SearchAction\",\"target\":{\"@type\":\"EntryPoint\",\"urlTemplate\":\"https:\\\/\\\/vmsport.fi\\\/?s={search_term_string}\"},\"query-input\":{\"@type\":\"PropertyValueSpecification\",\"valueRequired\":true,\"valueName\":\"search_term_string\"}}],\"inLanguage\":\"sv-SE\"},{\"@type\":\"Organization\",\"@id\":\"https:\\\/\\\/vmsport.fi\\\/#organization\",\"name\":\"Vmsport\",\"url\":\"https:\\\/\\\/vmsport.fi\\\/\",\"logo\":{\"@type\":\"ImageObject\",\"inLanguage\":\"sv-SE\",\"@id\":\"https:\\\/\\\/vmsport.fi\\\/#\\\/schema\\\/logo\\\/image\\\/\",\"url\":\"https:\\\/\\\/vmsport.fi\\\/wp-content\\\/uploads\\\/2024\\\/12\\\/vm_sport_RGB_horisontal-e1734526017575.png\",\"contentUrl\":\"https:\\\/\\\/vmsport.fi\\\/wp-content\\\/uploads\\\/2024\\\/12\\\/vm_sport_RGB_horisontal-e1734526017575.png\",\"width\":668,\"height\":85,\"caption\":\"Vmsport\"},\"image\":{\"@id\":\"https:\\\/\\\/vmsport.fi\\\/#\\\/schema\\\/logo\\\/image\\\/\"},\"sameAs\":[\"https:\\\/\\\/www.facebook.com\\\/Vmsport.fi\\\/\",\"https:\\\/\\\/www.instagram.com\\\/vmsport\\\/\"]}]}<\/script>\n<!-- \/ Yoast SEO plugin. -->","yoast_head_json":{"title":"Bontrager Satellite IsoZone Grip - VM Sport","robots":{"index":"index","follow":"follow","max-snippet":"max-snippet:-1","max-image-preview":"max-image-preview:large","max-video-preview":"max-video-preview:-1"},"canonical":"https:\/\/vmsport.fi\/sv\/webbutik\/reservdelar\/taxi\/grepp\/bontrager-satellite-isozone-grip\/","og_locale":"sv_SE","og_type":"article","og_title":"Bontrager Satellite IsoZone Grip - VM Sport","og_description":"Bontrager Satellite IsoZone Grip on ergonomisesti muotoiltu py\u00f6r\u00e4n ohjaustangon k\u00e4densija, joka tarjoaa erinomaista mukavuutta. Se vaimentaa tehokkaasti t\u00e4rin\u00e4\u00e4 ajon aikana, mik\u00e4 tekee matkanteosta huomattavasti miellytt\u00e4v\u00e4mp\u00e4\u00e4. Kest\u00e4v\u00e4n kumimateriaalin ansiosta ote pysyy tukevana ja py\u00f6r\u00e4n hallinta paranee merkitt\u00e4v\u00e4sti. Hyvin suunniteltu muotoilu takaa mukavan ajokokemuksen my\u00f6s pitkill\u00e4 matkoilla. [...]L\u00e4s mer \u2026 from Bontrager Satellite IsoZone Grip","og_url":"https:\/\/vmsport.fi\/sv\/webbutik\/reservdelar\/taxi\/grepp\/bontrager-satellite-isozone-grip\/","og_site_name":"VM Sport","article_publisher":"https:\/\/www.facebook.com\/Vmsport.fi\/","article_modified_time":"2026-04-22T12:00:21+00:00","og_image":[{"width":1000,"height":750,"url":"https:\/\/vmsport.fi\/wp-content\/uploads\/2025\/03\/14247-A-1-Grip-Bontrager-Satellite-Isozone-1.jpg","type":"image\/jpeg"}],"twitter_card":"summary_large_image","schema":{"@context":"https:\/\/schema.org","@graph":[{"@type":["WebPage","ItemPage"],"@id":"https:\/\/vmsport.fi\/verkkokauppa\/varaosat\/ohjaamo\/gripit\/bontrager-satellite-isozone-grip\/","url":"https:\/\/vmsport.fi\/verkkokauppa\/varaosat\/ohjaamo\/gripit\/bontrager-satellite-isozone-grip\/","name":"Bontrager Satellite IsoZone Grip - VM Sport","isPartOf":{"@id":"https:\/\/vmsport.fi\/#website"},"primaryImageOfPage":{"@id":"https:\/\/vmsport.fi\/verkkokauppa\/varaosat\/ohjaamo\/gripit\/bontrager-satellite-isozone-grip\/#primaryimage"},"image":{"@id":"https:\/\/vmsport.fi\/verkkokauppa\/varaosat\/ohjaamo\/gripit\/bontrager-satellite-isozone-grip\/#primaryimage"},"thumbnailUrl":"https:\/\/vmsport.fi\/wp-content\/uploads\/2025\/03\/14247-A-1-Grip-Bontrager-Satellite-Isozone-1.jpg","datePublished":"2025-03-05T21:47:46+00:00","dateModified":"2026-04-22T12:00:21+00:00","breadcrumb":{"@id":"https:\/\/vmsport.fi\/verkkokauppa\/varaosat\/ohjaamo\/gripit\/bontrager-satellite-isozone-grip\/#breadcrumb"},"inLanguage":"sv-SE","potentialAction":[{"@type":"ReadAction","target":["https:\/\/vmsport.fi\/verkkokauppa\/varaosat\/ohjaamo\/gripit\/bontrager-satellite-isozone-grip\/"]}]},{"@type":"ImageObject","inLanguage":"sv-SE","@id":"https:\/\/vmsport.fi\/verkkokauppa\/varaosat\/ohjaamo\/gripit\/bontrager-satellite-isozone-grip\/#primaryimage","url":"https:\/\/vmsport.fi\/wp-content\/uploads\/2025\/03\/14247-A-1-Grip-Bontrager-Satellite-Isozone-1.jpg","contentUrl":"https:\/\/vmsport.fi\/wp-content\/uploads\/2025\/03\/14247-A-1-Grip-Bontrager-Satellite-Isozone-1.jpg","width":1000,"height":750,"caption":"14247-A-1-Grip-Bontrager-Satellite-Isozone"},{"@type":"BreadcrumbList","@id":"https:\/\/vmsport.fi\/verkkokauppa\/varaosat\/ohjaamo\/gripit\/bontrager-satellite-isozone-grip\/#breadcrumb","itemListElement":[{"@type":"ListItem","position":1,"name":"Etusivu","item":"https:\/\/vmsport.fi\/"},{"@type":"ListItem","position":2,"name":"Online Store","item":"https:\/\/vmsport.fi\/en\/online-store\/"},{"@type":"ListItem","position":3,"name":"Bontrager Satellite IsoZone Grip"}]},{"@type":"WebSite","@id":"https:\/\/vmsport.fi\/#website","url":"https:\/\/vmsport.fi\/","name":"Vmsport","description":"Allt p\u00e5 ett st\u00e4lle f\u00f6r cykling","publisher":{"@id":"https:\/\/vmsport.fi\/#organization"},"potentialAction":[{"@type":"SearchAction","target":{"@type":"EntryPoint","urlTemplate":"https:\/\/vmsport.fi\/?s={search_term_string}"},"query-input":{"@type":"PropertyValueSpecification","valueRequired":true,"valueName":"search_term_string"}}],"inLanguage":"sv-SE"},{"@type":"Organization","@id":"https:\/\/vmsport.fi\/#organization","name":"Vmsport","url":"https:\/\/vmsport.fi\/","logo":{"@type":"ImageObject","inLanguage":"sv-SE","@id":"https:\/\/vmsport.fi\/#\/schema\/logo\/image\/","url":"https:\/\/vmsport.fi\/wp-content\/uploads\/2024\/12\/vm_sport_RGB_horisontal-e1734526017575.png","contentUrl":"https:\/\/vmsport.fi\/wp-content\/uploads\/2024\/12\/vm_sport_RGB_horisontal-e1734526017575.png","width":668,"height":85,"caption":"Vmsport"},"image":{"@id":"https:\/\/vmsport.fi\/#\/schema\/logo\/image\/"},"sameAs":["https:\/\/www.facebook.com\/Vmsport.fi\/","https:\/\/www.instagram.com\/vmsport\/"]}]}},"global_unique_id":"","_links":{"self":[{"href":"https:\/\/vmsport.fi\/sv\/wp-json\/wp\/v2\/product\/53978","targetHints":{"allow":["GET"]}}],"collection":[{"href":"https:\/\/vmsport.fi\/sv\/wp-json\/wp\/v2\/product"}],"about":[{"href":"https:\/\/vmsport.fi\/sv\/wp-json\/wp\/v2\/types\/product"}],"replies":[{"embeddable":true,"href":"https:\/\/vmsport.fi\/sv\/wp-json\/wp\/v2\/comments?post=53978"}],"wp:featuredmedia":[{"embeddable":true,"href":"https:\/\/vmsport.fi\/sv\/wp-json\/wp\/v2\/media\/53977"}],"wp:attachment":[{"href":"https:\/\/vmsport.fi\/sv\/wp-json\/wp\/v2\/media?parent=53978"}],"wp:term":[{"taxonomy":"product_brand","embeddable":true,"href":"https:\/\/vmsport.fi\/sv\/wp-json\/wp\/v2\/product_brand?post=53978"},{"taxonomy":"product_model","embeddable":true,"href":"https:\/\/vmsport.fi\/sv\/wp-json\/wp\/v2\/product_model?post=53978"},{"taxonomy":"product_cat","embeddable":true,"href":"https:\/\/vmsport.fi\/sv\/wp-json\/wp\/v2\/product_cat?post=53978"},{"taxonomy":"product_tag","embeddable":true,"href":"https:\/\/vmsport.fi\/sv\/wp-json\/wp\/v2\/product_tag?post=53978"},{"taxonomy":"industry_terminology","embeddable":true,"href":"https:\/\/vmsport.fi\/sv\/wp-json\/wp\/v2\/industry-terminology?post=53978"}],"curies":[{"name":"wp","href":"https:\/\/api.w.org\/{rel}","templated":true}]}}