{"id":53942,"date":"2025-03-05T23:47:16","date_gmt":"2025-03-05T21:47:16","guid":{"rendered":"https:\/\/vmsport.fi\/verkkokauppa\/Ei-luokiteltu\/levyjarrukahva-pari-fhb-bl-r2000-claris-dsc-cnt-clpr\/"},"modified":"2026-01-16T13:22:43","modified_gmt":"2026-01-16T11:22:43","slug":"skivbromsspak-par-fhb-bl-r2000-claris-dsc-cnt-clpr","status":"publish","type":"product","link":"https:\/\/vmsport.fi\/sv\/verkkokauppa\/varaosat\/jarrut\/jarrukahvat\/levyjarrukahva-pari-fhb-bl-r2000-claris-dsc-cnt-clpr\/","title":{"rendered":"Skivbromshandtag par FHB BL-R2000 Claris Dsc\/Cnt\/Clpr"},"content":{"rendered":"<p>Skivbromshandtag Par FHB BL-R2000 Claris \u00e4r ett m\u00e5ngsidigt och p\u00e5litligt val f\u00f6r cyklister som vill f\u00f6rb\u00e4ttra sin cykelupplevelse. Som medlem av R2000-serien \u00e4r den s\u00e4rskilt utformad f\u00f6r fitness, touring och nyb\u00f6rjaranv\u00e4ndning p\u00e5 landsv\u00e4g. Shimanos 8-v\u00e4xlade indexeringssystem garanterar smidiga och enkla v\u00e4xlingar. Shimanos New Super SLR-system som \u00e4r integrerat i bromsen f\u00f6rb\u00e4ttrar bromsprestandan, medan justerbara bromsbel\u00e4gg g\u00f6r det m\u00f6jligt att anpassa bromsresponsen. Bromshandtagen har ocks\u00e5 ett slitstarkt snabbkopplingssystem f\u00f6r enkel hjulborttagning. Kompatibilitet med 28C-d\u00e4ck s\u00e4kerst\u00e4ller anpassningsf\u00f6rm\u00e5ga till olika k\u00f6rstilar. Den anv\u00e4ndarv\u00e4nliga Dual Control Lever-designen ger en bekv\u00e4m och enkel k\u00f6rning.<\/p>","protected":false},"excerpt":{"rendered":"<p>Levyjarrukahva Pari FHB BL-R2000 Claris on monipuolinen ja luotettava valinta py\u00f6r\u00e4ilij\u00f6ille, jotka haluavat tehostaa py\u00f6r\u00e4ilykokemustaan. R2000-sarjan tuotteena se on suunniteltu erityisesti kunto-, retki- ja aloitustason maantiek\u00e4ytt\u00f6\u00f6n. Shimanon 8-nopeuksinen indeksointij\u00e4rjestelm\u00e4 takaa sujuvan ja kevyen vaihteiden vaihdon. Jarruun integroitu Shimano New Super SLR -j\u00e4rjestelm\u00e4 parantaa jarrutustehoa, ja s\u00e4\u00e4dett\u00e4v\u00e4t jarrupalat mahdollistavat jarruvastuksen yksil\u00f6llisen muokkaamisen. Jarrukahvoissa on my\u00f6s kest\u00e4v\u00e4 [&#8230;]<\/p>\n<p><a class=\"btn btn-secondary understrap-read-more-link\" href=\"https:\/\/vmsport.fi\/sv\/verkkokauppa\/varaosat\/jarrut\/jarrukahvat\/levyjarrukahva-pari-fhb-bl-r2000-claris-dsc-cnt-clpr\/\">L\u00e4s mer \u2026<span class=\"screen-reader-text\"> from Levyjarrukahva Pari FHB BL-R2000 Claris Dsc\/Cnt\/Clpr<\/span><\/a><\/p>\n","protected":false},"featured_media":53941,"comment_status":"open","ping_status":"closed","template":"","meta":{"_acf_changed":false,"_improvement_type_select":"improve_an_existing","_thumb_yes_seoaic":false,"_frame_yes_seoaic":false,"seoaic_generate_description":"","seoaic_improve_instructions_prompt":"","seoaic_rollback_content_improvement":"","seoaic_idea_thumbnail_generator":"","thumbnail_generated":false,"thumbnail_generate_prompt":"","seoaic_article_description":"","_supplier_stock_quantity":0},"product_brand":[],"product_model":[],"product_cat":[9430],"product_tag":[],"industry-terminology":[],"class_list":{"0":"post-53942","1":"product","2":"type-product","3":"status-publish","4":"has-post-thumbnail","6":"product_cat-jarrukahvat","8":"first","9":"outofstock","10":"taxable","11":"shipping-taxable","12":"product-type-simple"},"acf":{"bike_features":null,"overview":{"copy_overview":null,"key_features":null,"statement":"","youtube_url":""}},"yoast_head":"<!-- This site is optimized with the Yoast SEO plugin v27.3 - https:\/\/yoast.com\/product\/yoast-seo-wordpress\/ -->\n<title>Levyjarrukahva Pari FHB BL-R2000 Claris Dsc\/Cnt\/Clpr - VM Sport<\/title>\n<meta name=\"robots\" content=\"index, follow, max-snippet:-1, max-image-preview:large, max-video-preview:-1\" \/>\n<link rel=\"canonical\" href=\"https:\/\/vmsport.fi\/sv\/webbutik\/reservdelar\/bromsar\/bromshandtag\/skivbromsspak-par-fhb-bl-r2000-claris-dsc-cnt-clpr\/\" \/>\n<meta property=\"og:locale\" content=\"sv_SE\" \/>\n<meta property=\"og:type\" content=\"article\" \/>\n<meta property=\"og:title\" content=\"Levyjarrukahva Pari FHB BL-R2000 Claris Dsc\/Cnt\/Clpr - VM Sport\" \/>\n<meta property=\"og:description\" content=\"Levyjarrukahva Pari FHB BL-R2000 Claris on monipuolinen ja luotettava valinta py\u00f6r\u00e4ilij\u00f6ille, jotka haluavat tehostaa py\u00f6r\u00e4ilykokemustaan. R2000-sarjan tuotteena se on suunniteltu erityisesti kunto-, retki- ja aloitustason maantiek\u00e4ytt\u00f6\u00f6n. Shimanon 8-nopeuksinen indeksointij\u00e4rjestelm\u00e4 takaa sujuvan ja kevyen vaihteiden vaihdon. Jarruun integroitu Shimano New Super SLR -j\u00e4rjestelm\u00e4 parantaa jarrutustehoa, ja s\u00e4\u00e4dett\u00e4v\u00e4t jarrupalat mahdollistavat jarruvastuksen yksil\u00f6llisen muokkaamisen. Jarrukahvoissa on my\u00f6s kest\u00e4v\u00e4 [...]L\u00e4s mer \u2026 from Levyjarrukahva Pari FHB BL-R2000 Claris Dsc\/Cnt\/Clpr\" \/>\n<meta property=\"og:url\" content=\"https:\/\/vmsport.fi\/sv\/webbutik\/reservdelar\/bromsar\/bromshandtag\/skivbromsspak-par-fhb-bl-r2000-claris-dsc-cnt-clpr\/\" \/>\n<meta property=\"og:site_name\" content=\"VM Sport\" \/>\n<meta property=\"article:publisher\" content=\"https:\/\/www.facebook.com\/Vmsport.fi\/\" \/>\n<meta property=\"article:modified_time\" content=\"2026-01-16T11:22:43+00:00\" \/>\n<meta property=\"og:image\" content=\"https:\/\/vmsport.fi\/wp-content\/uploads\/2025\/03\/SkdVtx9HIWhEW8GB3KySUK3SvdzNzluX2Yw0VBnvhT0vnFmPSA-1.jpg\" \/>\n\t<meta property=\"og:image:width\" content=\"600\" \/>\n\t<meta property=\"og:image:height\" content=\"600\" \/>\n\t<meta property=\"og:image:type\" content=\"image\/jpeg\" \/>\n<meta name=\"twitter:card\" content=\"summary_large_image\" \/>\n<meta name=\"twitter:label1\" content=\"Ber\u00e4knad l\u00e4stid\" \/>\n\t<meta name=\"twitter:data1\" content=\"1 minut\" \/>\n<script type=\"application\/ld+json\" class=\"yoast-schema-graph\">{\"@context\":\"https:\\\/\\\/schema.org\",\"@graph\":[{\"@type\":[\"WebPage\",\"ItemPage\"],\"@id\":\"https:\\\/\\\/vmsport.fi\\\/verkkokauppa\\\/varaosat\\\/jarrut\\\/jarrukahvat\\\/levyjarrukahva-pari-fhb-bl-r2000-claris-dsc-cnt-clpr\\\/\",\"url\":\"https:\\\/\\\/vmsport.fi\\\/verkkokauppa\\\/varaosat\\\/jarrut\\\/jarrukahvat\\\/levyjarrukahva-pari-fhb-bl-r2000-claris-dsc-cnt-clpr\\\/\",\"name\":\"Levyjarrukahva Pari FHB BL-R2000 Claris Dsc\\\/Cnt\\\/Clpr - VM Sport\",\"isPartOf\":{\"@id\":\"https:\\\/\\\/vmsport.fi\\\/#website\"},\"primaryImageOfPage\":{\"@id\":\"https:\\\/\\\/vmsport.fi\\\/verkkokauppa\\\/varaosat\\\/jarrut\\\/jarrukahvat\\\/levyjarrukahva-pari-fhb-bl-r2000-claris-dsc-cnt-clpr\\\/#primaryimage\"},\"image\":{\"@id\":\"https:\\\/\\\/vmsport.fi\\\/verkkokauppa\\\/varaosat\\\/jarrut\\\/jarrukahvat\\\/levyjarrukahva-pari-fhb-bl-r2000-claris-dsc-cnt-clpr\\\/#primaryimage\"},\"thumbnailUrl\":\"https:\\\/\\\/vmsport.fi\\\/wp-content\\\/uploads\\\/2025\\\/03\\\/SkdVtx9HIWhEW8GB3KySUK3SvdzNzluX2Yw0VBnvhT0vnFmPSA-1.jpg\",\"datePublished\":\"2025-03-05T21:47:16+00:00\",\"dateModified\":\"2026-01-16T11:22:43+00:00\",\"breadcrumb\":{\"@id\":\"https:\\\/\\\/vmsport.fi\\\/verkkokauppa\\\/varaosat\\\/jarrut\\\/jarrukahvat\\\/levyjarrukahva-pari-fhb-bl-r2000-claris-dsc-cnt-clpr\\\/#breadcrumb\"},\"inLanguage\":\"sv-SE\",\"potentialAction\":[{\"@type\":\"ReadAction\",\"target\":[\"https:\\\/\\\/vmsport.fi\\\/verkkokauppa\\\/varaosat\\\/jarrut\\\/jarrukahvat\\\/levyjarrukahva-pari-fhb-bl-r2000-claris-dsc-cnt-clpr\\\/\"]}]},{\"@type\":\"ImageObject\",\"inLanguage\":\"sv-SE\",\"@id\":\"https:\\\/\\\/vmsport.fi\\\/verkkokauppa\\\/varaosat\\\/jarrut\\\/jarrukahvat\\\/levyjarrukahva-pari-fhb-bl-r2000-claris-dsc-cnt-clpr\\\/#primaryimage\",\"url\":\"https:\\\/\\\/vmsport.fi\\\/wp-content\\\/uploads\\\/2025\\\/03\\\/SkdVtx9HIWhEW8GB3KySUK3SvdzNzluX2Yw0VBnvhT0vnFmPSA-1.jpg\",\"contentUrl\":\"https:\\\/\\\/vmsport.fi\\\/wp-content\\\/uploads\\\/2025\\\/03\\\/SkdVtx9HIWhEW8GB3KySUK3SvdzNzluX2Yw0VBnvhT0vnFmPSA-1.jpg\",\"width\":600,\"height\":600,\"caption\":\"SkdVtx9HIWhEW8GB3KySUK3SvdzNzluX2Yw0VBnvhT0vnFmPSA\"},{\"@type\":\"BreadcrumbList\",\"@id\":\"https:\\\/\\\/vmsport.fi\\\/verkkokauppa\\\/varaosat\\\/jarrut\\\/jarrukahvat\\\/levyjarrukahva-pari-fhb-bl-r2000-claris-dsc-cnt-clpr\\\/#breadcrumb\",\"itemListElement\":[{\"@type\":\"ListItem\",\"position\":1,\"name\":\"Etusivu\",\"item\":\"https:\\\/\\\/vmsport.fi\\\/\"},{\"@type\":\"ListItem\",\"position\":2,\"name\":\"Online Store\",\"item\":\"https:\\\/\\\/vmsport.fi\\\/en\\\/online-store\\\/\"},{\"@type\":\"ListItem\",\"position\":3,\"name\":\"Levyjarrukahva Pari FHB BL-R2000 Claris Dsc\\\/Cnt\\\/Clpr\"}]},{\"@type\":\"WebSite\",\"@id\":\"https:\\\/\\\/vmsport.fi\\\/#website\",\"url\":\"https:\\\/\\\/vmsport.fi\\\/\",\"name\":\"Vmsport\",\"description\":\"Kaikki py\u00f6r\u00e4ilyyn yhdest\u00e4 paikasta\",\"publisher\":{\"@id\":\"https:\\\/\\\/vmsport.fi\\\/#organization\"},\"potentialAction\":[{\"@type\":\"SearchAction\",\"target\":{\"@type\":\"EntryPoint\",\"urlTemplate\":\"https:\\\/\\\/vmsport.fi\\\/?s={search_term_string}\"},\"query-input\":{\"@type\":\"PropertyValueSpecification\",\"valueRequired\":true,\"valueName\":\"search_term_string\"}}],\"inLanguage\":\"sv-SE\"},{\"@type\":\"Organization\",\"@id\":\"https:\\\/\\\/vmsport.fi\\\/#organization\",\"name\":\"Vmsport\",\"url\":\"https:\\\/\\\/vmsport.fi\\\/\",\"logo\":{\"@type\":\"ImageObject\",\"inLanguage\":\"sv-SE\",\"@id\":\"https:\\\/\\\/vmsport.fi\\\/#\\\/schema\\\/logo\\\/image\\\/\",\"url\":\"https:\\\/\\\/vmsport.fi\\\/wp-content\\\/uploads\\\/2024\\\/12\\\/vm_sport_RGB_horisontal-e1734526017575.png\",\"contentUrl\":\"https:\\\/\\\/vmsport.fi\\\/wp-content\\\/uploads\\\/2024\\\/12\\\/vm_sport_RGB_horisontal-e1734526017575.png\",\"width\":668,\"height\":85,\"caption\":\"Vmsport\"},\"image\":{\"@id\":\"https:\\\/\\\/vmsport.fi\\\/#\\\/schema\\\/logo\\\/image\\\/\"},\"sameAs\":[\"https:\\\/\\\/www.facebook.com\\\/Vmsport.fi\\\/\",\"https:\\\/\\\/www.instagram.com\\\/vmsport\\\/\"]}]}<\/script>\n<!-- \/ Yoast SEO plugin. -->","yoast_head_json":{"title":"Skivbromsspak Par FHB BL-R2000 Claris Dsc\/Cnt\/Clpr - VM Sport","robots":{"index":"index","follow":"follow","max-snippet":"max-snippet:-1","max-image-preview":"max-image-preview:large","max-video-preview":"max-video-preview:-1"},"canonical":"https:\/\/vmsport.fi\/sv\/webbutik\/reservdelar\/bromsar\/bromshandtag\/skivbromsspak-par-fhb-bl-r2000-claris-dsc-cnt-clpr\/","og_locale":"sv_SE","og_type":"article","og_title":"Levyjarrukahva Pari FHB BL-R2000 Claris Dsc\/Cnt\/Clpr - VM Sport","og_description":"Levyjarrukahva Pari FHB BL-R2000 Claris on monipuolinen ja luotettava valinta py\u00f6r\u00e4ilij\u00f6ille, jotka haluavat tehostaa py\u00f6r\u00e4ilykokemustaan. R2000-sarjan tuotteena se on suunniteltu erityisesti kunto-, retki- ja aloitustason maantiek\u00e4ytt\u00f6\u00f6n. Shimanon 8-nopeuksinen indeksointij\u00e4rjestelm\u00e4 takaa sujuvan ja kevyen vaihteiden vaihdon. Jarruun integroitu Shimano New Super SLR -j\u00e4rjestelm\u00e4 parantaa jarrutustehoa, ja s\u00e4\u00e4dett\u00e4v\u00e4t jarrupalat mahdollistavat jarruvastuksen yksil\u00f6llisen muokkaamisen. Jarrukahvoissa on my\u00f6s kest\u00e4v\u00e4 [...]L\u00e4s mer \u2026 from Levyjarrukahva Pari FHB BL-R2000 Claris Dsc\/Cnt\/Clpr","og_url":"https:\/\/vmsport.fi\/sv\/webbutik\/reservdelar\/bromsar\/bromshandtag\/skivbromsspak-par-fhb-bl-r2000-claris-dsc-cnt-clpr\/","og_site_name":"VM Sport","article_publisher":"https:\/\/www.facebook.com\/Vmsport.fi\/","article_modified_time":"2026-01-16T11:22:43+00:00","og_image":[{"width":600,"height":600,"url":"https:\/\/vmsport.fi\/wp-content\/uploads\/2025\/03\/SkdVtx9HIWhEW8GB3KySUK3SvdzNzluX2Yw0VBnvhT0vnFmPSA-1.jpg","type":"image\/jpeg"}],"twitter_card":"summary_large_image","twitter_misc":{"Ber\u00e4knad l\u00e4stid":"1 minut"},"schema":{"@context":"https:\/\/schema.org","@graph":[{"@type":["WebPage","ItemPage"],"@id":"https:\/\/vmsport.fi\/verkkokauppa\/varaosat\/jarrut\/jarrukahvat\/levyjarrukahva-pari-fhb-bl-r2000-claris-dsc-cnt-clpr\/","url":"https:\/\/vmsport.fi\/verkkokauppa\/varaosat\/jarrut\/jarrukahvat\/levyjarrukahva-pari-fhb-bl-r2000-claris-dsc-cnt-clpr\/","name":"Skivbromsspak Par FHB BL-R2000 Claris Dsc\/Cnt\/Clpr - VM Sport","isPartOf":{"@id":"https:\/\/vmsport.fi\/#website"},"primaryImageOfPage":{"@id":"https:\/\/vmsport.fi\/verkkokauppa\/varaosat\/jarrut\/jarrukahvat\/levyjarrukahva-pari-fhb-bl-r2000-claris-dsc-cnt-clpr\/#primaryimage"},"image":{"@id":"https:\/\/vmsport.fi\/verkkokauppa\/varaosat\/jarrut\/jarrukahvat\/levyjarrukahva-pari-fhb-bl-r2000-claris-dsc-cnt-clpr\/#primaryimage"},"thumbnailUrl":"https:\/\/vmsport.fi\/wp-content\/uploads\/2025\/03\/SkdVtx9HIWhEW8GB3KySUK3SvdzNzluX2Yw0VBnvhT0vnFmPSA-1.jpg","datePublished":"2025-03-05T21:47:16+00:00","dateModified":"2026-01-16T11:22:43+00:00","breadcrumb":{"@id":"https:\/\/vmsport.fi\/verkkokauppa\/varaosat\/jarrut\/jarrukahvat\/levyjarrukahva-pari-fhb-bl-r2000-claris-dsc-cnt-clpr\/#breadcrumb"},"inLanguage":"sv-SE","potentialAction":[{"@type":"ReadAction","target":["https:\/\/vmsport.fi\/verkkokauppa\/varaosat\/jarrut\/jarrukahvat\/levyjarrukahva-pari-fhb-bl-r2000-claris-dsc-cnt-clpr\/"]}]},{"@type":"ImageObject","inLanguage":"sv-SE","@id":"https:\/\/vmsport.fi\/verkkokauppa\/varaosat\/jarrut\/jarrukahvat\/levyjarrukahva-pari-fhb-bl-r2000-claris-dsc-cnt-clpr\/#primaryimage","url":"https:\/\/vmsport.fi\/wp-content\/uploads\/2025\/03\/SkdVtx9HIWhEW8GB3KySUK3SvdzNzluX2Yw0VBnvhT0vnFmPSA-1.jpg","contentUrl":"https:\/\/vmsport.fi\/wp-content\/uploads\/2025\/03\/SkdVtx9HIWhEW8GB3KySUK3SvdzNzluX2Yw0VBnvhT0vnFmPSA-1.jpg","width":600,"height":600,"caption":"SkdVtx9HIWhEW8GB3KySUK3SvdzNzluX2Yw0VBnvhT0vnFmPSA"},{"@type":"BreadcrumbList","@id":"https:\/\/vmsport.fi\/verkkokauppa\/varaosat\/jarrut\/jarrukahvat\/levyjarrukahva-pari-fhb-bl-r2000-claris-dsc-cnt-clpr\/#breadcrumb","itemListElement":[{"@type":"ListItem","position":1,"name":"Etusivu","item":"https:\/\/vmsport.fi\/"},{"@type":"ListItem","position":2,"name":"Online Store","item":"https:\/\/vmsport.fi\/en\/online-store\/"},{"@type":"ListItem","position":3,"name":"Levyjarrukahva Pari FHB BL-R2000 Claris Dsc\/Cnt\/Clpr"}]},{"@type":"WebSite","@id":"https:\/\/vmsport.fi\/#website","url":"https:\/\/vmsport.fi\/","name":"Vmsport","description":"Allt p\u00e5 ett st\u00e4lle f\u00f6r cykling","publisher":{"@id":"https:\/\/vmsport.fi\/#organization"},"potentialAction":[{"@type":"SearchAction","target":{"@type":"EntryPoint","urlTemplate":"https:\/\/vmsport.fi\/?s={search_term_string}"},"query-input":{"@type":"PropertyValueSpecification","valueRequired":true,"valueName":"search_term_string"}}],"inLanguage":"sv-SE"},{"@type":"Organization","@id":"https:\/\/vmsport.fi\/#organization","name":"Vmsport","url":"https:\/\/vmsport.fi\/","logo":{"@type":"ImageObject","inLanguage":"sv-SE","@id":"https:\/\/vmsport.fi\/#\/schema\/logo\/image\/","url":"https:\/\/vmsport.fi\/wp-content\/uploads\/2024\/12\/vm_sport_RGB_horisontal-e1734526017575.png","contentUrl":"https:\/\/vmsport.fi\/wp-content\/uploads\/2024\/12\/vm_sport_RGB_horisontal-e1734526017575.png","width":668,"height":85,"caption":"Vmsport"},"image":{"@id":"https:\/\/vmsport.fi\/#\/schema\/logo\/image\/"},"sameAs":["https:\/\/www.facebook.com\/Vmsport.fi\/","https:\/\/www.instagram.com\/vmsport\/"]}]}},"global_unique_id":"","_links":{"self":[{"href":"https:\/\/vmsport.fi\/sv\/wp-json\/wp\/v2\/product\/53942","targetHints":{"allow":["GET"]}}],"collection":[{"href":"https:\/\/vmsport.fi\/sv\/wp-json\/wp\/v2\/product"}],"about":[{"href":"https:\/\/vmsport.fi\/sv\/wp-json\/wp\/v2\/types\/product"}],"replies":[{"embeddable":true,"href":"https:\/\/vmsport.fi\/sv\/wp-json\/wp\/v2\/comments?post=53942"}],"wp:featuredmedia":[{"embeddable":true,"href":"https:\/\/vmsport.fi\/sv\/wp-json\/wp\/v2\/media\/53941"}],"wp:attachment":[{"href":"https:\/\/vmsport.fi\/sv\/wp-json\/wp\/v2\/media?parent=53942"}],"wp:term":[{"taxonomy":"product_brand","embeddable":true,"href":"https:\/\/vmsport.fi\/sv\/wp-json\/wp\/v2\/product_brand?post=53942"},{"taxonomy":"product_model","embeddable":true,"href":"https:\/\/vmsport.fi\/sv\/wp-json\/wp\/v2\/product_model?post=53942"},{"taxonomy":"product_cat","embeddable":true,"href":"https:\/\/vmsport.fi\/sv\/wp-json\/wp\/v2\/product_cat?post=53942"},{"taxonomy":"product_tag","embeddable":true,"href":"https:\/\/vmsport.fi\/sv\/wp-json\/wp\/v2\/product_tag?post=53942"},{"taxonomy":"industry_terminology","embeddable":true,"href":"https:\/\/vmsport.fi\/sv\/wp-json\/wp\/v2\/industry-terminology?post=53942"}],"curies":[{"name":"wp","href":"https:\/\/api.w.org\/{rel}","templated":true}]}}