{"id":53940,"date":"2025-03-05T23:47:15","date_gmt":"2025-03-05T21:47:15","guid":{"rendered":"https:\/\/vmsport.fi\/verkkokauppa\/Ei-luokiteltu\/sram-dub-english-bsa-mtb-superboost-73-mm-73-mm\/"},"modified":"2026-04-22T15:04:55","modified_gmt":"2026-04-22T12:04:55","slug":"sram-dub-english-bsa-mtb-superboost-73-mm-73-mm","status":"publish","type":"product","link":"https:\/\/vmsport.fi\/sv\/verkkokauppa\/varaosat\/voimansiirto\/keskiolaakerit\/sram-dub-english-bsa-mtb-superboost-73-mm-73-mm\/","title":{"rendered":"SRAM DUB Engelska\/BSA (MTB SuperBoost+) 73 mm 73 mm"},"content":{"rendered":"<p>SRAM DUB English\/BSA (MTB SuperBoost+) 73 mm centrumlager \u00e4r utformat f\u00f6r att ansluta vevstakarna effektivt, vilket s\u00e4kerst\u00e4ller en s\u00f6ml\u00f6s och h\u00e5llbar \u00f6verf\u00f6ring av kraft till drivlinan. DUB-axeln \u00f6kar kompatibiliteten med olika navstandarder, ger skydd mot milj\u00f6f\u00f6rh\u00e5llanden och s\u00e4kerst\u00e4ller l\u00e5ng livsl\u00e4ngd. Gutter Seal Technology\u2122 f\u00f6rb\u00e4ttrar t\u00e4tningseffektiviteten mot fukt och smuts. T\u00e4tade lager minskar friktionen och ger b\u00e4ttre h\u00e5llbarhet. Koppmaterialet i aluminium \u00e4r l\u00e4tt men starkt. Detta centrumlager uppfyller ISO 4210-s\u00e4kerhetsstandarder och \u00e4r kompatibelt med MTB SuperBoost+-standarder, vilket visar att det passar f\u00f6r ett brett spektrum av mountainbike-konfigurationer.<\/p>","protected":false},"excerpt":{"rendered":"<p>SRAM DUB English\/BSA (MTB SuperBoost+) 73 mm keski\u00f6laakeri on suunniteltu yhdist\u00e4m\u00e4\u00e4n kampivarret tehokkaasti, mik\u00e4 varmistaa voiman saumattoman ja kest\u00e4v\u00e4n siirtymisen voimansiirtoon. DUB-akseli lis\u00e4\u00e4 yhteensopivuutta eri keski\u00f6standardien kanssa, tarjoten suojaa ymp\u00e4rist\u00f6olosuhteilta ja taaten pitk\u00e4n k\u00e4ytt\u00f6i\u00e4n. Gutter Seal Technology\u2122 parantaa tiivistyksen tehokkuutta kosteutta ja likaa vastaan. Suljetut laakerit v\u00e4hent\u00e4v\u00e4t kitkaa ja parantavat n\u00e4in kest\u00e4vyytt\u00e4. Alumiininen kuppimateriaali on [&#8230;]<\/p>\n<p><a class=\"btn btn-secondary understrap-read-more-link\" href=\"https:\/\/vmsport.fi\/sv\/verkkokauppa\/varaosat\/voimansiirto\/keskiolaakerit\/sram-dub-english-bsa-mtb-superboost-73-mm-73-mm\/\">L\u00e4s mer \u2026<span class=\"screen-reader-text\"> from SRAM DUB English\/BSA (MTB SuperBoost+) 73 mm  73 mm<\/span><\/a><\/p>\n","protected":false},"featured_media":53939,"comment_status":"open","ping_status":"closed","template":"","meta":{"_acf_changed":false,"_improvement_type_select":"improve_an_existing","_thumb_yes_seoaic":false,"_frame_yes_seoaic":false,"seoaic_generate_description":"","seoaic_improve_instructions_prompt":"","seoaic_rollback_content_improvement":"","seoaic_idea_thumbnail_generator":"","thumbnail_generated":false,"thumbnail_generate_prompt":"","seoaic_article_description":"","_supplier_stock_quantity":0},"product_brand":[1588],"product_model":[],"product_cat":[9350],"product_tag":[],"industry-terminology":[],"class_list":{"0":"post-53940","1":"product","2":"type-product","3":"status-publish","4":"has-post-thumbnail","6":"product_brand-sram","7":"product_cat-keskiolaakerit","9":"first","10":"instock","11":"taxable","12":"shipping-taxable","13":"purchasable","14":"product-type-simple"},"acf":{"bike_features":null,"overview":{"copy_overview":null,"key_features":null,"statement":"","youtube_url":""}},"yoast_head":"<!-- This site is optimized with the Yoast SEO plugin v27.4 - https:\/\/yoast.com\/product\/yoast-seo-wordpress\/ -->\n<title>SRAM DUB English\/BSA (MTB SuperBoost+) 73 mm 73 mm - VM Sport<\/title>\n<meta name=\"robots\" content=\"index, follow, max-snippet:-1, max-image-preview:large, max-video-preview:-1\" \/>\n<link rel=\"canonical\" href=\"https:\/\/vmsport.fi\/sv\/webbutik\/reservdelar\/transmission\/mittlager\/sram-dub-english-bsa-mtb-superboost-73-mm-73-mm\/\" \/>\n<meta property=\"og:locale\" content=\"sv_SE\" \/>\n<meta property=\"og:type\" content=\"article\" \/>\n<meta property=\"og:title\" content=\"SRAM DUB English\/BSA (MTB SuperBoost+) 73 mm 73 mm - VM Sport\" \/>\n<meta property=\"og:description\" content=\"SRAM DUB English\/BSA (MTB SuperBoost+) 73 mm keski\u00f6laakeri on suunniteltu yhdist\u00e4m\u00e4\u00e4n kampivarret tehokkaasti, mik\u00e4 varmistaa voiman saumattoman ja kest\u00e4v\u00e4n siirtymisen voimansiirtoon. DUB-akseli lis\u00e4\u00e4 yhteensopivuutta eri keski\u00f6standardien kanssa, tarjoten suojaa ymp\u00e4rist\u00f6olosuhteilta ja taaten pitk\u00e4n k\u00e4ytt\u00f6i\u00e4n. Gutter Seal Technology\u2122 parantaa tiivistyksen tehokkuutta kosteutta ja likaa vastaan. Suljetut laakerit v\u00e4hent\u00e4v\u00e4t kitkaa ja parantavat n\u00e4in kest\u00e4vyytt\u00e4. Alumiininen kuppimateriaali on [...]L\u00e4s mer \u2026 from SRAM DUB English\/BSA (MTB SuperBoost+) 73 mm 73 mm\" \/>\n<meta property=\"og:url\" content=\"https:\/\/vmsport.fi\/sv\/webbutik\/reservdelar\/transmission\/mittlager\/sram-dub-english-bsa-mtb-superboost-73-mm-73-mm\/\" \/>\n<meta property=\"og:site_name\" content=\"VM Sport\" \/>\n<meta property=\"article:publisher\" content=\"https:\/\/www.facebook.com\/Vmsport.fi\/\" \/>\n<meta property=\"article:modified_time\" content=\"2026-04-22T12:04:55+00:00\" \/>\n<meta property=\"og:image\" content=\"https:\/\/vmsport.fi\/wp-content\/uploads\/2025\/03\/fF33KiDfSr1LjwGYsHW7Tw3nPhXs6rjr70hx8jRgLDEYm3slyR-1.jpg\" \/>\n\t<meta property=\"og:image:width\" content=\"800\" \/>\n\t<meta property=\"og:image:height\" content=\"800\" \/>\n\t<meta property=\"og:image:type\" content=\"image\/jpeg\" \/>\n<meta name=\"twitter:card\" content=\"summary_large_image\" \/>\n<script type=\"application\/ld+json\" class=\"yoast-schema-graph\">{\"@context\":\"https:\\\/\\\/schema.org\",\"@graph\":[{\"@type\":[\"WebPage\",\"ItemPage\"],\"@id\":\"https:\\\/\\\/vmsport.fi\\\/verkkokauppa\\\/varaosat\\\/voimansiirto\\\/keskiolaakerit\\\/sram-dub-english-bsa-mtb-superboost-73-mm-73-mm\\\/\",\"url\":\"https:\\\/\\\/vmsport.fi\\\/verkkokauppa\\\/varaosat\\\/voimansiirto\\\/keskiolaakerit\\\/sram-dub-english-bsa-mtb-superboost-73-mm-73-mm\\\/\",\"name\":\"SRAM DUB English\\\/BSA (MTB SuperBoost+) 73 mm 73 mm - VM Sport\",\"isPartOf\":{\"@id\":\"https:\\\/\\\/vmsport.fi\\\/#website\"},\"primaryImageOfPage\":{\"@id\":\"https:\\\/\\\/vmsport.fi\\\/verkkokauppa\\\/varaosat\\\/voimansiirto\\\/keskiolaakerit\\\/sram-dub-english-bsa-mtb-superboost-73-mm-73-mm\\\/#primaryimage\"},\"image\":{\"@id\":\"https:\\\/\\\/vmsport.fi\\\/verkkokauppa\\\/varaosat\\\/voimansiirto\\\/keskiolaakerit\\\/sram-dub-english-bsa-mtb-superboost-73-mm-73-mm\\\/#primaryimage\"},\"thumbnailUrl\":\"https:\\\/\\\/vmsport.fi\\\/wp-content\\\/uploads\\\/2025\\\/03\\\/fF33KiDfSr1LjwGYsHW7Tw3nPhXs6rjr70hx8jRgLDEYm3slyR-1.jpg\",\"datePublished\":\"2025-03-05T21:47:15+00:00\",\"dateModified\":\"2026-04-22T12:04:55+00:00\",\"breadcrumb\":{\"@id\":\"https:\\\/\\\/vmsport.fi\\\/verkkokauppa\\\/varaosat\\\/voimansiirto\\\/keskiolaakerit\\\/sram-dub-english-bsa-mtb-superboost-73-mm-73-mm\\\/#breadcrumb\"},\"inLanguage\":\"sv-SE\",\"potentialAction\":[{\"@type\":\"ReadAction\",\"target\":[\"https:\\\/\\\/vmsport.fi\\\/verkkokauppa\\\/varaosat\\\/voimansiirto\\\/keskiolaakerit\\\/sram-dub-english-bsa-mtb-superboost-73-mm-73-mm\\\/\"]}]},{\"@type\":\"ImageObject\",\"inLanguage\":\"sv-SE\",\"@id\":\"https:\\\/\\\/vmsport.fi\\\/verkkokauppa\\\/varaosat\\\/voimansiirto\\\/keskiolaakerit\\\/sram-dub-english-bsa-mtb-superboost-73-mm-73-mm\\\/#primaryimage\",\"url\":\"https:\\\/\\\/vmsport.fi\\\/wp-content\\\/uploads\\\/2025\\\/03\\\/fF33KiDfSr1LjwGYsHW7Tw3nPhXs6rjr70hx8jRgLDEYm3slyR-1.jpg\",\"contentUrl\":\"https:\\\/\\\/vmsport.fi\\\/wp-content\\\/uploads\\\/2025\\\/03\\\/fF33KiDfSr1LjwGYsHW7Tw3nPhXs6rjr70hx8jRgLDEYm3slyR-1.jpg\",\"width\":800,\"height\":800,\"caption\":\"fF33KiDfSr1LjwGYsHW7Tw3nPhXs6rjr70hx8jRgLDEYm3slyR\"},{\"@type\":\"BreadcrumbList\",\"@id\":\"https:\\\/\\\/vmsport.fi\\\/verkkokauppa\\\/varaosat\\\/voimansiirto\\\/keskiolaakerit\\\/sram-dub-english-bsa-mtb-superboost-73-mm-73-mm\\\/#breadcrumb\",\"itemListElement\":[{\"@type\":\"ListItem\",\"position\":1,\"name\":\"Etusivu\",\"item\":\"https:\\\/\\\/vmsport.fi\\\/\"},{\"@type\":\"ListItem\",\"position\":2,\"name\":\"Online Store\",\"item\":\"https:\\\/\\\/vmsport.fi\\\/en\\\/online-store\\\/\"},{\"@type\":\"ListItem\",\"position\":3,\"name\":\"Sram\",\"item\":\"https:\\\/\\\/vmsport.fi\\\/merkki\\\/sram\\\/\"},{\"@type\":\"ListItem\",\"position\":4,\"name\":\"SRAM DUB English\\\/BSA (MTB SuperBoost+) 73 mm 73 mm\"}]},{\"@type\":\"WebSite\",\"@id\":\"https:\\\/\\\/vmsport.fi\\\/#website\",\"url\":\"https:\\\/\\\/vmsport.fi\\\/\",\"name\":\"Vmsport\",\"description\":\"Kaikki py\u00f6r\u00e4ilyyn yhdest\u00e4 paikasta\",\"publisher\":{\"@id\":\"https:\\\/\\\/vmsport.fi\\\/#organization\"},\"potentialAction\":[{\"@type\":\"SearchAction\",\"target\":{\"@type\":\"EntryPoint\",\"urlTemplate\":\"https:\\\/\\\/vmsport.fi\\\/?s={search_term_string}\"},\"query-input\":{\"@type\":\"PropertyValueSpecification\",\"valueRequired\":true,\"valueName\":\"search_term_string\"}}],\"inLanguage\":\"sv-SE\"},{\"@type\":\"Organization\",\"@id\":\"https:\\\/\\\/vmsport.fi\\\/#organization\",\"name\":\"Vmsport\",\"url\":\"https:\\\/\\\/vmsport.fi\\\/\",\"logo\":{\"@type\":\"ImageObject\",\"inLanguage\":\"sv-SE\",\"@id\":\"https:\\\/\\\/vmsport.fi\\\/#\\\/schema\\\/logo\\\/image\\\/\",\"url\":\"https:\\\/\\\/vmsport.fi\\\/wp-content\\\/uploads\\\/2024\\\/12\\\/vm_sport_RGB_horisontal-e1734526017575.png\",\"contentUrl\":\"https:\\\/\\\/vmsport.fi\\\/wp-content\\\/uploads\\\/2024\\\/12\\\/vm_sport_RGB_horisontal-e1734526017575.png\",\"width\":668,\"height\":85,\"caption\":\"Vmsport\"},\"image\":{\"@id\":\"https:\\\/\\\/vmsport.fi\\\/#\\\/schema\\\/logo\\\/image\\\/\"},\"sameAs\":[\"https:\\\/\\\/www.facebook.com\\\/Vmsport.fi\\\/\",\"https:\\\/\\\/www.instagram.com\\\/vmsport\\\/\"]}]}<\/script>\n<!-- \/ Yoast SEO plugin. -->","yoast_head_json":{"title":"SRAM DUB Engelska\/BSA (MTB SuperBoost+) 73 mm 73 mm - VM Sport","robots":{"index":"index","follow":"follow","max-snippet":"max-snippet:-1","max-image-preview":"max-image-preview:large","max-video-preview":"max-video-preview:-1"},"canonical":"https:\/\/vmsport.fi\/sv\/webbutik\/reservdelar\/transmission\/mittlager\/sram-dub-english-bsa-mtb-superboost-73-mm-73-mm\/","og_locale":"sv_SE","og_type":"article","og_title":"SRAM DUB English\/BSA (MTB SuperBoost+) 73 mm 73 mm - VM Sport","og_description":"SRAM DUB English\/BSA (MTB SuperBoost+) 73 mm keski\u00f6laakeri on suunniteltu yhdist\u00e4m\u00e4\u00e4n kampivarret tehokkaasti, mik\u00e4 varmistaa voiman saumattoman ja kest\u00e4v\u00e4n siirtymisen voimansiirtoon. DUB-akseli lis\u00e4\u00e4 yhteensopivuutta eri keski\u00f6standardien kanssa, tarjoten suojaa ymp\u00e4rist\u00f6olosuhteilta ja taaten pitk\u00e4n k\u00e4ytt\u00f6i\u00e4n. Gutter Seal Technology\u2122 parantaa tiivistyksen tehokkuutta kosteutta ja likaa vastaan. Suljetut laakerit v\u00e4hent\u00e4v\u00e4t kitkaa ja parantavat n\u00e4in kest\u00e4vyytt\u00e4. Alumiininen kuppimateriaali on [...]L\u00e4s mer \u2026 from SRAM DUB English\/BSA (MTB SuperBoost+) 73 mm 73 mm","og_url":"https:\/\/vmsport.fi\/sv\/webbutik\/reservdelar\/transmission\/mittlager\/sram-dub-english-bsa-mtb-superboost-73-mm-73-mm\/","og_site_name":"VM Sport","article_publisher":"https:\/\/www.facebook.com\/Vmsport.fi\/","article_modified_time":"2026-04-22T12:04:55+00:00","og_image":[{"width":800,"height":800,"url":"https:\/\/vmsport.fi\/wp-content\/uploads\/2025\/03\/fF33KiDfSr1LjwGYsHW7Tw3nPhXs6rjr70hx8jRgLDEYm3slyR-1.jpg","type":"image\/jpeg"}],"twitter_card":"summary_large_image","schema":{"@context":"https:\/\/schema.org","@graph":[{"@type":["WebPage","ItemPage"],"@id":"https:\/\/vmsport.fi\/verkkokauppa\/varaosat\/voimansiirto\/keskiolaakerit\/sram-dub-english-bsa-mtb-superboost-73-mm-73-mm\/","url":"https:\/\/vmsport.fi\/verkkokauppa\/varaosat\/voimansiirto\/keskiolaakerit\/sram-dub-english-bsa-mtb-superboost-73-mm-73-mm\/","name":"SRAM DUB Engelska\/BSA (MTB SuperBoost+) 73 mm 73 mm - VM Sport","isPartOf":{"@id":"https:\/\/vmsport.fi\/#website"},"primaryImageOfPage":{"@id":"https:\/\/vmsport.fi\/verkkokauppa\/varaosat\/voimansiirto\/keskiolaakerit\/sram-dub-english-bsa-mtb-superboost-73-mm-73-mm\/#primaryimage"},"image":{"@id":"https:\/\/vmsport.fi\/verkkokauppa\/varaosat\/voimansiirto\/keskiolaakerit\/sram-dub-english-bsa-mtb-superboost-73-mm-73-mm\/#primaryimage"},"thumbnailUrl":"https:\/\/vmsport.fi\/wp-content\/uploads\/2025\/03\/fF33KiDfSr1LjwGYsHW7Tw3nPhXs6rjr70hx8jRgLDEYm3slyR-1.jpg","datePublished":"2025-03-05T21:47:15+00:00","dateModified":"2026-04-22T12:04:55+00:00","breadcrumb":{"@id":"https:\/\/vmsport.fi\/verkkokauppa\/varaosat\/voimansiirto\/keskiolaakerit\/sram-dub-english-bsa-mtb-superboost-73-mm-73-mm\/#breadcrumb"},"inLanguage":"sv-SE","potentialAction":[{"@type":"ReadAction","target":["https:\/\/vmsport.fi\/verkkokauppa\/varaosat\/voimansiirto\/keskiolaakerit\/sram-dub-english-bsa-mtb-superboost-73-mm-73-mm\/"]}]},{"@type":"ImageObject","inLanguage":"sv-SE","@id":"https:\/\/vmsport.fi\/verkkokauppa\/varaosat\/voimansiirto\/keskiolaakerit\/sram-dub-english-bsa-mtb-superboost-73-mm-73-mm\/#primaryimage","url":"https:\/\/vmsport.fi\/wp-content\/uploads\/2025\/03\/fF33KiDfSr1LjwGYsHW7Tw3nPhXs6rjr70hx8jRgLDEYm3slyR-1.jpg","contentUrl":"https:\/\/vmsport.fi\/wp-content\/uploads\/2025\/03\/fF33KiDfSr1LjwGYsHW7Tw3nPhXs6rjr70hx8jRgLDEYm3slyR-1.jpg","width":800,"height":800,"caption":"fF33KiDfSr1LjwGYsHW7Tw3nPhXs6rjr70hx8jRgLDEYm3slyR"},{"@type":"BreadcrumbList","@id":"https:\/\/vmsport.fi\/verkkokauppa\/varaosat\/voimansiirto\/keskiolaakerit\/sram-dub-english-bsa-mtb-superboost-73-mm-73-mm\/#breadcrumb","itemListElement":[{"@type":"ListItem","position":1,"name":"Etusivu","item":"https:\/\/vmsport.fi\/"},{"@type":"ListItem","position":2,"name":"Online Store","item":"https:\/\/vmsport.fi\/en\/online-store\/"},{"@type":"ListItem","position":3,"name":"Sram","item":"https:\/\/vmsport.fi\/merkki\/sram\/"},{"@type":"ListItem","position":4,"name":"SRAM DUB English\/BSA (MTB SuperBoost+) 73 mm 73 mm"}]},{"@type":"WebSite","@id":"https:\/\/vmsport.fi\/#website","url":"https:\/\/vmsport.fi\/","name":"Vmsport","description":"Allt p\u00e5 ett st\u00e4lle f\u00f6r cykling","publisher":{"@id":"https:\/\/vmsport.fi\/#organization"},"potentialAction":[{"@type":"SearchAction","target":{"@type":"EntryPoint","urlTemplate":"https:\/\/vmsport.fi\/?s={search_term_string}"},"query-input":{"@type":"PropertyValueSpecification","valueRequired":true,"valueName":"search_term_string"}}],"inLanguage":"sv-SE"},{"@type":"Organization","@id":"https:\/\/vmsport.fi\/#organization","name":"Vmsport","url":"https:\/\/vmsport.fi\/","logo":{"@type":"ImageObject","inLanguage":"sv-SE","@id":"https:\/\/vmsport.fi\/#\/schema\/logo\/image\/","url":"https:\/\/vmsport.fi\/wp-content\/uploads\/2024\/12\/vm_sport_RGB_horisontal-e1734526017575.png","contentUrl":"https:\/\/vmsport.fi\/wp-content\/uploads\/2024\/12\/vm_sport_RGB_horisontal-e1734526017575.png","width":668,"height":85,"caption":"Vmsport"},"image":{"@id":"https:\/\/vmsport.fi\/#\/schema\/logo\/image\/"},"sameAs":["https:\/\/www.facebook.com\/Vmsport.fi\/","https:\/\/www.instagram.com\/vmsport\/"]}]}},"global_unique_id":"","_links":{"self":[{"href":"https:\/\/vmsport.fi\/sv\/wp-json\/wp\/v2\/product\/53940","targetHints":{"allow":["GET"]}}],"collection":[{"href":"https:\/\/vmsport.fi\/sv\/wp-json\/wp\/v2\/product"}],"about":[{"href":"https:\/\/vmsport.fi\/sv\/wp-json\/wp\/v2\/types\/product"}],"replies":[{"embeddable":true,"href":"https:\/\/vmsport.fi\/sv\/wp-json\/wp\/v2\/comments?post=53940"}],"wp:featuredmedia":[{"embeddable":true,"href":"https:\/\/vmsport.fi\/sv\/wp-json\/wp\/v2\/media\/53939"}],"wp:attachment":[{"href":"https:\/\/vmsport.fi\/sv\/wp-json\/wp\/v2\/media?parent=53940"}],"wp:term":[{"taxonomy":"product_brand","embeddable":true,"href":"https:\/\/vmsport.fi\/sv\/wp-json\/wp\/v2\/product_brand?post=53940"},{"taxonomy":"product_model","embeddable":true,"href":"https:\/\/vmsport.fi\/sv\/wp-json\/wp\/v2\/product_model?post=53940"},{"taxonomy":"product_cat","embeddable":true,"href":"https:\/\/vmsport.fi\/sv\/wp-json\/wp\/v2\/product_cat?post=53940"},{"taxonomy":"product_tag","embeddable":true,"href":"https:\/\/vmsport.fi\/sv\/wp-json\/wp\/v2\/product_tag?post=53940"},{"taxonomy":"industry_terminology","embeddable":true,"href":"https:\/\/vmsport.fi\/sv\/wp-json\/wp\/v2\/industry-terminology?post=53940"}],"curies":[{"name":"wp","href":"https:\/\/api.w.org\/{rel}","templated":true}]}}