{"id":53934,"date":"2025-03-05T23:47:13","date_gmt":"2025-03-05T21:47:13","guid":{"rendered":"https:\/\/vmsport.fi\/verkkokauppa\/Ei-luokiteltu\/ketju-cn-hg701-ultegra-xt-11v-pikaliittimella\/"},"modified":"2026-01-16T13:21:20","modified_gmt":"2026-01-16T11:21:20","slug":"kedja-cn-hg701-ultegra-xt-11v-med-snabbkoppling","status":"publish","type":"product","link":"https:\/\/vmsport.fi\/sv\/verkkokauppa\/varaosat\/voimansiirto\/ketjut\/ketju-cn-hg701-ultegra-xt-11v-pikaliittimella\/","title":{"rendered":"Kedja CN-HG701 Ultegra\/XT 11V, med snabbkoppling"},"content":{"rendered":"<p>Shimano CN-HG701-kedjan \u00e4r s\u00e4rskilt utformad f\u00f6r 11-v\u00e4xlade Ultegra- och XT-system och ger smidiga och exakta v\u00e4xlingar. Med 116 l\u00e4nkar har kedjan den optimala l\u00e4ngden f\u00f6r de flesta cykelbehov. En l\u00e4ttanv\u00e4nd snabbkoppling m\u00f6jligg\u00f6r snabb montering och demontering av kedjan, vilket g\u00f6r underh\u00e5llet problemfritt. Den h\u00e4r slitstarka och tillf\u00f6rlitliga kedjan \u00e4r ett utm\u00e4rkt val f\u00f6r kr\u00e4vande k\u00f6rf\u00f6rh\u00e5llanden och erbjuder b\u00e5de prestanda och l\u00e5ng livsl\u00e4ngd.<\/p>","protected":false},"excerpt":{"rendered":"<p>Shimano CN-HG701 -ketju on erityisesti suunniteltu 11-vaihteisille Ultegra- ja XT-j\u00e4rjestelmille, ja se takaa sujuvan ja tarkan vaihteenvaihdon. Ketjun 116 lenkki\u00e4 takaavat optimaalisen pituuden useimpiin py\u00f6r\u00e4ilytarpeisiin. Helppok\u00e4ytt\u00f6inen pikaliitin mahdollistaa ketjun nopean asennuksen ja irrotuksen, mik\u00e4 tekee huollosta vaivatonta. T\u00e4m\u00e4 kest\u00e4v\u00e4 ja luotettava ketju on erinomainen valinta vaativiin ajo-olosuhteisiin, tarjoten sek\u00e4 suorituskyky\u00e4 ett\u00e4 pitk\u00e4ik\u00e4isyytt\u00e4. [&#8230;]<\/p>\n<p><a class=\"btn btn-secondary understrap-read-more-link\" href=\"https:\/\/vmsport.fi\/sv\/verkkokauppa\/varaosat\/voimansiirto\/ketjut\/ketju-cn-hg701-ultegra-xt-11v-pikaliittimella\/\">L\u00e4s mer \u2026<span class=\"screen-reader-text\"> from Ketju CN-HG701 Ultegra\/XT 11V, pikaliittimell\u00e4<\/span><\/a><\/p>\n","protected":false},"featured_media":53933,"comment_status":"open","ping_status":"closed","template":"","meta":{"_acf_changed":false,"_improvement_type_select":"improve_an_existing","_thumb_yes_seoaic":false,"_frame_yes_seoaic":false,"seoaic_generate_description":"","seoaic_improve_instructions_prompt":"","seoaic_rollback_content_improvement":"","seoaic_idea_thumbnail_generator":"","thumbnail_generated":false,"thumbnail_generate_prompt":"","seoaic_article_description":"","_supplier_stock_quantity":0},"product_brand":[],"product_model":[],"product_cat":[9352],"product_tag":[],"industry-terminology":[],"class_list":{"0":"post-53934","1":"product","2":"type-product","3":"status-publish","4":"has-post-thumbnail","6":"product_cat-ketjut","8":"first","9":"outofstock","10":"taxable","11":"shipping-taxable","12":"product-type-simple"},"acf":{"bike_features":null,"overview":{"copy_overview":null,"key_features":null,"statement":"","youtube_url":""}},"yoast_head":"<!-- This site is optimized with the Yoast SEO plugin v27.4 - https:\/\/yoast.com\/product\/yoast-seo-wordpress\/ -->\n<title>Ketju CN-HG701 Ultegra\/XT 11V, pikaliittimell\u00e4 - VM Sport<\/title>\n<meta name=\"robots\" content=\"index, follow, max-snippet:-1, max-image-preview:large, max-video-preview:-1\" \/>\n<link rel=\"canonical\" href=\"https:\/\/vmsport.fi\/sv\/webbutik\/reservdelar\/transmission\/kedjor\/kedja-cn-hg701-ultegra-xt-11v-med-snabbkoppling\/\" \/>\n<meta property=\"og:locale\" content=\"sv_SE\" \/>\n<meta property=\"og:type\" content=\"article\" \/>\n<meta property=\"og:title\" content=\"Ketju CN-HG701 Ultegra\/XT 11V, pikaliittimell\u00e4 - VM Sport\" \/>\n<meta property=\"og:description\" content=\"Shimano CN-HG701 -ketju on erityisesti suunniteltu 11-vaihteisille Ultegra- ja XT-j\u00e4rjestelmille, ja se takaa sujuvan ja tarkan vaihteenvaihdon. Ketjun 116 lenkki\u00e4 takaavat optimaalisen pituuden useimpiin py\u00f6r\u00e4ilytarpeisiin. Helppok\u00e4ytt\u00f6inen pikaliitin mahdollistaa ketjun nopean asennuksen ja irrotuksen, mik\u00e4 tekee huollosta vaivatonta. T\u00e4m\u00e4 kest\u00e4v\u00e4 ja luotettava ketju on erinomainen valinta vaativiin ajo-olosuhteisiin, tarjoten sek\u00e4 suorituskyky\u00e4 ett\u00e4 pitk\u00e4ik\u00e4isyytt\u00e4. [...]L\u00e4s mer \u2026 from Ketju CN-HG701 Ultegra\/XT 11V, pikaliittimell\u00e4\" \/>\n<meta property=\"og:url\" content=\"https:\/\/vmsport.fi\/sv\/webbutik\/reservdelar\/transmission\/kedjor\/kedja-cn-hg701-ultegra-xt-11v-med-snabbkoppling\/\" \/>\n<meta property=\"og:site_name\" content=\"VM Sport\" \/>\n<meta property=\"article:publisher\" content=\"https:\/\/www.facebook.com\/Vmsport.fi\/\" \/>\n<meta property=\"article:modified_time\" content=\"2026-01-16T11:21:20+00:00\" \/>\n<meta property=\"og:image\" content=\"https:\/\/vmsport.fi\/wp-content\/uploads\/2025\/03\/20210929-ICNHG70111116Q-1-1.jpg\" \/>\n\t<meta property=\"og:image:width\" content=\"600\" \/>\n\t<meta property=\"og:image:height\" content=\"600\" \/>\n\t<meta property=\"og:image:type\" content=\"image\/jpeg\" \/>\n<meta name=\"twitter:card\" content=\"summary_large_image\" \/>\n<script type=\"application\/ld+json\" class=\"yoast-schema-graph\">{\"@context\":\"https:\\\/\\\/schema.org\",\"@graph\":[{\"@type\":[\"WebPage\",\"ItemPage\"],\"@id\":\"https:\\\/\\\/vmsport.fi\\\/verkkokauppa\\\/varaosat\\\/voimansiirto\\\/ketjut\\\/ketju-cn-hg701-ultegra-xt-11v-pikaliittimella\\\/\",\"url\":\"https:\\\/\\\/vmsport.fi\\\/verkkokauppa\\\/varaosat\\\/voimansiirto\\\/ketjut\\\/ketju-cn-hg701-ultegra-xt-11v-pikaliittimella\\\/\",\"name\":\"Ketju CN-HG701 Ultegra\\\/XT 11V, pikaliittimell\u00e4 - VM Sport\",\"isPartOf\":{\"@id\":\"https:\\\/\\\/vmsport.fi\\\/#website\"},\"primaryImageOfPage\":{\"@id\":\"https:\\\/\\\/vmsport.fi\\\/verkkokauppa\\\/varaosat\\\/voimansiirto\\\/ketjut\\\/ketju-cn-hg701-ultegra-xt-11v-pikaliittimella\\\/#primaryimage\"},\"image\":{\"@id\":\"https:\\\/\\\/vmsport.fi\\\/verkkokauppa\\\/varaosat\\\/voimansiirto\\\/ketjut\\\/ketju-cn-hg701-ultegra-xt-11v-pikaliittimella\\\/#primaryimage\"},\"thumbnailUrl\":\"https:\\\/\\\/vmsport.fi\\\/wp-content\\\/uploads\\\/2025\\\/03\\\/20210929-ICNHG70111116Q-1-1.jpg\",\"datePublished\":\"2025-03-05T21:47:13+00:00\",\"dateModified\":\"2026-01-16T11:21:20+00:00\",\"breadcrumb\":{\"@id\":\"https:\\\/\\\/vmsport.fi\\\/verkkokauppa\\\/varaosat\\\/voimansiirto\\\/ketjut\\\/ketju-cn-hg701-ultegra-xt-11v-pikaliittimella\\\/#breadcrumb\"},\"inLanguage\":\"sv-SE\",\"potentialAction\":[{\"@type\":\"ReadAction\",\"target\":[\"https:\\\/\\\/vmsport.fi\\\/verkkokauppa\\\/varaosat\\\/voimansiirto\\\/ketjut\\\/ketju-cn-hg701-ultegra-xt-11v-pikaliittimella\\\/\"]}]},{\"@type\":\"ImageObject\",\"inLanguage\":\"sv-SE\",\"@id\":\"https:\\\/\\\/vmsport.fi\\\/verkkokauppa\\\/varaosat\\\/voimansiirto\\\/ketjut\\\/ketju-cn-hg701-ultegra-xt-11v-pikaliittimella\\\/#primaryimage\",\"url\":\"https:\\\/\\\/vmsport.fi\\\/wp-content\\\/uploads\\\/2025\\\/03\\\/20210929-ICNHG70111116Q-1-1.jpg\",\"contentUrl\":\"https:\\\/\\\/vmsport.fi\\\/wp-content\\\/uploads\\\/2025\\\/03\\\/20210929-ICNHG70111116Q-1-1.jpg\",\"width\":600,\"height\":600,\"caption\":\"20210929-ICNHG70111116Q-1\"},{\"@type\":\"BreadcrumbList\",\"@id\":\"https:\\\/\\\/vmsport.fi\\\/verkkokauppa\\\/varaosat\\\/voimansiirto\\\/ketjut\\\/ketju-cn-hg701-ultegra-xt-11v-pikaliittimella\\\/#breadcrumb\",\"itemListElement\":[{\"@type\":\"ListItem\",\"position\":1,\"name\":\"Etusivu\",\"item\":\"https:\\\/\\\/vmsport.fi\\\/\"},{\"@type\":\"ListItem\",\"position\":2,\"name\":\"Online Store\",\"item\":\"https:\\\/\\\/vmsport.fi\\\/en\\\/online-store\\\/\"},{\"@type\":\"ListItem\",\"position\":3,\"name\":\"Ketju CN-HG701 Ultegra\\\/XT 11V, pikaliittimell\u00e4\"}]},{\"@type\":\"WebSite\",\"@id\":\"https:\\\/\\\/vmsport.fi\\\/#website\",\"url\":\"https:\\\/\\\/vmsport.fi\\\/\",\"name\":\"Vmsport\",\"description\":\"Kaikki py\u00f6r\u00e4ilyyn yhdest\u00e4 paikasta\",\"publisher\":{\"@id\":\"https:\\\/\\\/vmsport.fi\\\/#organization\"},\"potentialAction\":[{\"@type\":\"SearchAction\",\"target\":{\"@type\":\"EntryPoint\",\"urlTemplate\":\"https:\\\/\\\/vmsport.fi\\\/?s={search_term_string}\"},\"query-input\":{\"@type\":\"PropertyValueSpecification\",\"valueRequired\":true,\"valueName\":\"search_term_string\"}}],\"inLanguage\":\"sv-SE\"},{\"@type\":\"Organization\",\"@id\":\"https:\\\/\\\/vmsport.fi\\\/#organization\",\"name\":\"Vmsport\",\"url\":\"https:\\\/\\\/vmsport.fi\\\/\",\"logo\":{\"@type\":\"ImageObject\",\"inLanguage\":\"sv-SE\",\"@id\":\"https:\\\/\\\/vmsport.fi\\\/#\\\/schema\\\/logo\\\/image\\\/\",\"url\":\"https:\\\/\\\/vmsport.fi\\\/wp-content\\\/uploads\\\/2024\\\/12\\\/vm_sport_RGB_horisontal-e1734526017575.png\",\"contentUrl\":\"https:\\\/\\\/vmsport.fi\\\/wp-content\\\/uploads\\\/2024\\\/12\\\/vm_sport_RGB_horisontal-e1734526017575.png\",\"width\":668,\"height\":85,\"caption\":\"Vmsport\"},\"image\":{\"@id\":\"https:\\\/\\\/vmsport.fi\\\/#\\\/schema\\\/logo\\\/image\\\/\"},\"sameAs\":[\"https:\\\/\\\/www.facebook.com\\\/Vmsport.fi\\\/\",\"https:\\\/\\\/www.instagram.com\\\/vmsport\\\/\"]}]}<\/script>\n<!-- \/ Yoast SEO plugin. -->","yoast_head_json":{"title":"Kedja CN-HG701 Ultegra\/XT 11V, med snabbkoppling - VM Sport","robots":{"index":"index","follow":"follow","max-snippet":"max-snippet:-1","max-image-preview":"max-image-preview:large","max-video-preview":"max-video-preview:-1"},"canonical":"https:\/\/vmsport.fi\/sv\/webbutik\/reservdelar\/transmission\/kedjor\/kedja-cn-hg701-ultegra-xt-11v-med-snabbkoppling\/","og_locale":"sv_SE","og_type":"article","og_title":"Ketju CN-HG701 Ultegra\/XT 11V, pikaliittimell\u00e4 - VM Sport","og_description":"Shimano CN-HG701 -ketju on erityisesti suunniteltu 11-vaihteisille Ultegra- ja XT-j\u00e4rjestelmille, ja se takaa sujuvan ja tarkan vaihteenvaihdon. Ketjun 116 lenkki\u00e4 takaavat optimaalisen pituuden useimpiin py\u00f6r\u00e4ilytarpeisiin. Helppok\u00e4ytt\u00f6inen pikaliitin mahdollistaa ketjun nopean asennuksen ja irrotuksen, mik\u00e4 tekee huollosta vaivatonta. T\u00e4m\u00e4 kest\u00e4v\u00e4 ja luotettava ketju on erinomainen valinta vaativiin ajo-olosuhteisiin, tarjoten sek\u00e4 suorituskyky\u00e4 ett\u00e4 pitk\u00e4ik\u00e4isyytt\u00e4. [...]L\u00e4s mer \u2026 from Ketju CN-HG701 Ultegra\/XT 11V, pikaliittimell\u00e4","og_url":"https:\/\/vmsport.fi\/sv\/webbutik\/reservdelar\/transmission\/kedjor\/kedja-cn-hg701-ultegra-xt-11v-med-snabbkoppling\/","og_site_name":"VM Sport","article_publisher":"https:\/\/www.facebook.com\/Vmsport.fi\/","article_modified_time":"2026-01-16T11:21:20+00:00","og_image":[{"width":600,"height":600,"url":"https:\/\/vmsport.fi\/wp-content\/uploads\/2025\/03\/20210929-ICNHG70111116Q-1-1.jpg","type":"image\/jpeg"}],"twitter_card":"summary_large_image","schema":{"@context":"https:\/\/schema.org","@graph":[{"@type":["WebPage","ItemPage"],"@id":"https:\/\/vmsport.fi\/verkkokauppa\/varaosat\/voimansiirto\/ketjut\/ketju-cn-hg701-ultegra-xt-11v-pikaliittimella\/","url":"https:\/\/vmsport.fi\/verkkokauppa\/varaosat\/voimansiirto\/ketjut\/ketju-cn-hg701-ultegra-xt-11v-pikaliittimella\/","name":"Kedja CN-HG701 Ultegra\/XT 11V, med snabbkoppling - VM Sport","isPartOf":{"@id":"https:\/\/vmsport.fi\/#website"},"primaryImageOfPage":{"@id":"https:\/\/vmsport.fi\/verkkokauppa\/varaosat\/voimansiirto\/ketjut\/ketju-cn-hg701-ultegra-xt-11v-pikaliittimella\/#primaryimage"},"image":{"@id":"https:\/\/vmsport.fi\/verkkokauppa\/varaosat\/voimansiirto\/ketjut\/ketju-cn-hg701-ultegra-xt-11v-pikaliittimella\/#primaryimage"},"thumbnailUrl":"https:\/\/vmsport.fi\/wp-content\/uploads\/2025\/03\/20210929-ICNHG70111116Q-1-1.jpg","datePublished":"2025-03-05T21:47:13+00:00","dateModified":"2026-01-16T11:21:20+00:00","breadcrumb":{"@id":"https:\/\/vmsport.fi\/verkkokauppa\/varaosat\/voimansiirto\/ketjut\/ketju-cn-hg701-ultegra-xt-11v-pikaliittimella\/#breadcrumb"},"inLanguage":"sv-SE","potentialAction":[{"@type":"ReadAction","target":["https:\/\/vmsport.fi\/verkkokauppa\/varaosat\/voimansiirto\/ketjut\/ketju-cn-hg701-ultegra-xt-11v-pikaliittimella\/"]}]},{"@type":"ImageObject","inLanguage":"sv-SE","@id":"https:\/\/vmsport.fi\/verkkokauppa\/varaosat\/voimansiirto\/ketjut\/ketju-cn-hg701-ultegra-xt-11v-pikaliittimella\/#primaryimage","url":"https:\/\/vmsport.fi\/wp-content\/uploads\/2025\/03\/20210929-ICNHG70111116Q-1-1.jpg","contentUrl":"https:\/\/vmsport.fi\/wp-content\/uploads\/2025\/03\/20210929-ICNHG70111116Q-1-1.jpg","width":600,"height":600,"caption":"20210929-ICNHG70111116Q-1"},{"@type":"BreadcrumbList","@id":"https:\/\/vmsport.fi\/verkkokauppa\/varaosat\/voimansiirto\/ketjut\/ketju-cn-hg701-ultegra-xt-11v-pikaliittimella\/#breadcrumb","itemListElement":[{"@type":"ListItem","position":1,"name":"Etusivu","item":"https:\/\/vmsport.fi\/"},{"@type":"ListItem","position":2,"name":"Online Store","item":"https:\/\/vmsport.fi\/en\/online-store\/"},{"@type":"ListItem","position":3,"name":"Ketju CN-HG701 Ultegra\/XT 11V, pikaliittimell\u00e4"}]},{"@type":"WebSite","@id":"https:\/\/vmsport.fi\/#website","url":"https:\/\/vmsport.fi\/","name":"Vmsport","description":"Allt p\u00e5 ett st\u00e4lle f\u00f6r cykling","publisher":{"@id":"https:\/\/vmsport.fi\/#organization"},"potentialAction":[{"@type":"SearchAction","target":{"@type":"EntryPoint","urlTemplate":"https:\/\/vmsport.fi\/?s={search_term_string}"},"query-input":{"@type":"PropertyValueSpecification","valueRequired":true,"valueName":"search_term_string"}}],"inLanguage":"sv-SE"},{"@type":"Organization","@id":"https:\/\/vmsport.fi\/#organization","name":"Vmsport","url":"https:\/\/vmsport.fi\/","logo":{"@type":"ImageObject","inLanguage":"sv-SE","@id":"https:\/\/vmsport.fi\/#\/schema\/logo\/image\/","url":"https:\/\/vmsport.fi\/wp-content\/uploads\/2024\/12\/vm_sport_RGB_horisontal-e1734526017575.png","contentUrl":"https:\/\/vmsport.fi\/wp-content\/uploads\/2024\/12\/vm_sport_RGB_horisontal-e1734526017575.png","width":668,"height":85,"caption":"Vmsport"},"image":{"@id":"https:\/\/vmsport.fi\/#\/schema\/logo\/image\/"},"sameAs":["https:\/\/www.facebook.com\/Vmsport.fi\/","https:\/\/www.instagram.com\/vmsport\/"]}]}},"global_unique_id":"","_links":{"self":[{"href":"https:\/\/vmsport.fi\/sv\/wp-json\/wp\/v2\/product\/53934","targetHints":{"allow":["GET"]}}],"collection":[{"href":"https:\/\/vmsport.fi\/sv\/wp-json\/wp\/v2\/product"}],"about":[{"href":"https:\/\/vmsport.fi\/sv\/wp-json\/wp\/v2\/types\/product"}],"replies":[{"embeddable":true,"href":"https:\/\/vmsport.fi\/sv\/wp-json\/wp\/v2\/comments?post=53934"}],"wp:featuredmedia":[{"embeddable":true,"href":"https:\/\/vmsport.fi\/sv\/wp-json\/wp\/v2\/media\/53933"}],"wp:attachment":[{"href":"https:\/\/vmsport.fi\/sv\/wp-json\/wp\/v2\/media?parent=53934"}],"wp:term":[{"taxonomy":"product_brand","embeddable":true,"href":"https:\/\/vmsport.fi\/sv\/wp-json\/wp\/v2\/product_brand?post=53934"},{"taxonomy":"product_model","embeddable":true,"href":"https:\/\/vmsport.fi\/sv\/wp-json\/wp\/v2\/product_model?post=53934"},{"taxonomy":"product_cat","embeddable":true,"href":"https:\/\/vmsport.fi\/sv\/wp-json\/wp\/v2\/product_cat?post=53934"},{"taxonomy":"product_tag","embeddable":true,"href":"https:\/\/vmsport.fi\/sv\/wp-json\/wp\/v2\/product_tag?post=53934"},{"taxonomy":"industry_terminology","embeddable":true,"href":"https:\/\/vmsport.fi\/sv\/wp-json\/wp\/v2\/industry-terminology?post=53934"}],"curies":[{"name":"wp","href":"https:\/\/api.w.org\/{rel}","templated":true}]}}