{"id":53901,"date":"2025-03-05T23:46:31","date_gmt":"2025-03-05T21:46:31","guid":{"rendered":"https:\/\/vmsport.fi\/verkkokauppa\/Ei-luokiteltu\/tietokoneosa-bontrager-duotrap-ant-ble-sensor\/"},"modified":"2026-04-02T13:55:53","modified_gmt":"2026-04-02T10:55:53","slug":"datordel-bontrager-duotrap-ant-ble-sensor","status":"publish","type":"product","link":"https:\/\/vmsport.fi\/sv\/verkkokauppa\/tarvikkeet\/ajotietokoneet-ja-harjoitusvastukset\/ajotietokoneet\/tietokoneosa-bontrager-duotrap-ant-ble-sensor\/","title":{"rendered":"Datordel Bontrager Duotrap ANT+\/BLE Sensor"},"content":{"rendered":"<p>Bontrager Duotrap ANT+\/BLE-sensor kombinerar ANT+ 2,4 GHz och Bluetooth\u00ae Smart-teknik, vilket m\u00f6jligg\u00f6r tr\u00e5dl\u00f6s anslutning till en m\u00e4ngd olika enheter. Detta g\u00f6r att sp\u00e5rningsfunktioner som hastighet och trampfrekvens enkelt kan \u00f6verf\u00f6ras till datorer, smartphones och cykelenheter. Den integrerade monteringen av sensorn p\u00e5 ramen s\u00e4kerst\u00e4ller optimal prestanda. Den \u00e4r kompatibel med alla enheter som st\u00f6der ANT+ och Bluetooth\u00ae Smart-teknik, s\u00e5 den fungerar s\u00f6ml\u00f6st med enheter som Trip 300-cykeldatorn. En Bontrager skivmagnet och ett vevpartib\u00e4lte ing\u00e5r f\u00f6r att s\u00e4kerst\u00e4lla korrekta m\u00e4tningar. Enheten anv\u00e4nder ett utbytbart CR2032-batteri. Den svarta sensordesignen sm\u00e4lter elegant in i cykelramen, och enheten \u00e4r l\u00e4tt att ansluta till andra enheter f\u00f6r snabb anv\u00e4ndning.<\/p>","protected":false},"excerpt":{"rendered":"<p>Bontrager Duotrap ANT+\/BLE -anturi yhdist\u00e4\u00e4 ANT+ 2.4 GHz ja Bluetooth\u00ae Smart -teknologiat, mahdollistaen langattoman yhteyden moniin laitteisiin. T\u00e4ll\u00f6in nopeuden ja poljinnopeuden kaltaiset seurantaominaisuudet v\u00e4littyv\u00e4t helposti tietokoneisiin, \u00e4lypuhelimiin ja py\u00f6r\u00e4ilylaitteisiin. Anturin integroitu kiinnitys runkoon takaa optimaalisen toiminnan. Se on yhteensopiva kaikkien laitteiden kanssa, jotka tukevat ANT+ ja Bluetooth\u00ae Smart -tekniikoita, ja toimii n\u00e4in moitteettomasti esimerkiksi Trip [&#8230;]<\/p>\n<p><a class=\"btn btn-secondary understrap-read-more-link\" href=\"https:\/\/vmsport.fi\/sv\/verkkokauppa\/tarvikkeet\/ajotietokoneet-ja-harjoitusvastukset\/ajotietokoneet\/tietokoneosa-bontrager-duotrap-ant-ble-sensor\/\">L\u00e4s mer \u2026<span class=\"screen-reader-text\"> from Tietokoneosa Bontrager Duotrap ANT+\/BLE Sensor<\/span><\/a><\/p>\n","protected":false},"featured_media":53899,"comment_status":"open","ping_status":"closed","template":"","meta":{"_acf_changed":false,"_improvement_type_select":"improve_an_existing","_thumb_yes_seoaic":false,"_frame_yes_seoaic":false,"seoaic_generate_description":"","seoaic_improve_instructions_prompt":"","seoaic_rollback_content_improvement":"","seoaic_idea_thumbnail_generator":"","thumbnail_generated":false,"thumbnail_generate_prompt":"","seoaic_article_description":"","_supplier_stock_quantity":0},"product_brand":[],"product_model":[],"product_cat":[9266],"product_tag":[],"industry-terminology":[],"class_list":{"0":"post-53901","1":"product","2":"type-product","3":"status-publish","4":"has-post-thumbnail","6":"product_cat-ajotietokoneet","8":"first","9":"instock","10":"sale","11":"taxable","12":"shipping-taxable","13":"purchasable","14":"product-type-simple"},"acf":{"bike_features":null,"overview":{"copy_overview":null,"key_features":null,"statement":"","youtube_url":""}},"yoast_head":"<!-- This site is optimized with the Yoast SEO plugin v27.3 - https:\/\/yoast.com\/product\/yoast-seo-wordpress\/ -->\n<title>Tietokoneosa Bontrager Duotrap ANT+\/BLE Sensor - VM Sport<\/title>\n<meta name=\"robots\" content=\"index, follow, max-snippet:-1, max-image-preview:large, max-video-preview:-1\" \/>\n<link rel=\"canonical\" href=\"https:\/\/vmsport.fi\/sv\/webbutik\/tillbehor\/kordatorer-och-utbildningshjalpmedel\/korning-av-datorer\/datordel-bontrager-duotrap-ant-ble-sensor\/\" \/>\n<meta property=\"og:locale\" content=\"sv_SE\" \/>\n<meta property=\"og:type\" content=\"article\" \/>\n<meta property=\"og:title\" content=\"Tietokoneosa Bontrager Duotrap ANT+\/BLE Sensor - VM Sport\" \/>\n<meta property=\"og:description\" content=\"Bontrager Duotrap ANT+\/BLE -anturi yhdist\u00e4\u00e4 ANT+ 2.4 GHz ja Bluetooth\u00ae Smart -teknologiat, mahdollistaen langattoman yhteyden moniin laitteisiin. T\u00e4ll\u00f6in nopeuden ja poljinnopeuden kaltaiset seurantaominaisuudet v\u00e4littyv\u00e4t helposti tietokoneisiin, \u00e4lypuhelimiin ja py\u00f6r\u00e4ilylaitteisiin. Anturin integroitu kiinnitys runkoon takaa optimaalisen toiminnan. Se on yhteensopiva kaikkien laitteiden kanssa, jotka tukevat ANT+ ja Bluetooth\u00ae Smart -tekniikoita, ja toimii n\u00e4in moitteettomasti esimerkiksi Trip [...]L\u00e4s mer \u2026 from Tietokoneosa Bontrager Duotrap ANT+\/BLE Sensor\" \/>\n<meta property=\"og:url\" content=\"https:\/\/vmsport.fi\/sv\/webbutik\/tillbehor\/kordatorer-och-utbildningshjalpmedel\/korning-av-datorer\/datordel-bontrager-duotrap-ant-ble-sensor\/\" \/>\n<meta property=\"og:site_name\" content=\"VM Sport\" \/>\n<meta property=\"article:publisher\" content=\"https:\/\/www.facebook.com\/Vmsport.fi\/\" \/>\n<meta property=\"article:modified_time\" content=\"2026-04-02T10:55:53+00:00\" \/>\n<meta property=\"og:image\" content=\"https:\/\/vmsport.fi\/wp-content\/uploads\/2025\/03\/a860b455-631c-4af7-8382-e5645e1e9649-1.jpg\" \/>\n\t<meta property=\"og:image:width\" content=\"720\" \/>\n\t<meta property=\"og:image:height\" content=\"720\" \/>\n\t<meta property=\"og:image:type\" content=\"image\/jpeg\" \/>\n<meta name=\"twitter:card\" content=\"summary_large_image\" \/>\n<meta name=\"twitter:label1\" content=\"Ber\u00e4knad l\u00e4stid\" \/>\n\t<meta name=\"twitter:data1\" content=\"1 minut\" \/>\n<script type=\"application\/ld+json\" class=\"yoast-schema-graph\">{\"@context\":\"https:\\\/\\\/schema.org\",\"@graph\":[{\"@type\":[\"WebPage\",\"ItemPage\"],\"@id\":\"https:\\\/\\\/vmsport.fi\\\/verkkokauppa\\\/tarvikkeet\\\/ajotietokoneet-ja-harjoitusvastukset\\\/ajotietokoneet\\\/tietokoneosa-bontrager-duotrap-ant-ble-sensor\\\/\",\"url\":\"https:\\\/\\\/vmsport.fi\\\/verkkokauppa\\\/tarvikkeet\\\/ajotietokoneet-ja-harjoitusvastukset\\\/ajotietokoneet\\\/tietokoneosa-bontrager-duotrap-ant-ble-sensor\\\/\",\"name\":\"Tietokoneosa Bontrager Duotrap ANT+\\\/BLE Sensor - VM Sport\",\"isPartOf\":{\"@id\":\"https:\\\/\\\/vmsport.fi\\\/#website\"},\"primaryImageOfPage\":{\"@id\":\"https:\\\/\\\/vmsport.fi\\\/verkkokauppa\\\/tarvikkeet\\\/ajotietokoneet-ja-harjoitusvastukset\\\/ajotietokoneet\\\/tietokoneosa-bontrager-duotrap-ant-ble-sensor\\\/#primaryimage\"},\"image\":{\"@id\":\"https:\\\/\\\/vmsport.fi\\\/verkkokauppa\\\/tarvikkeet\\\/ajotietokoneet-ja-harjoitusvastukset\\\/ajotietokoneet\\\/tietokoneosa-bontrager-duotrap-ant-ble-sensor\\\/#primaryimage\"},\"thumbnailUrl\":\"https:\\\/\\\/vmsport.fi\\\/wp-content\\\/uploads\\\/2025\\\/03\\\/a860b455-631c-4af7-8382-e5645e1e9649-1.jpg\",\"datePublished\":\"2025-03-05T21:46:31+00:00\",\"dateModified\":\"2026-04-02T10:55:53+00:00\",\"breadcrumb\":{\"@id\":\"https:\\\/\\\/vmsport.fi\\\/verkkokauppa\\\/tarvikkeet\\\/ajotietokoneet-ja-harjoitusvastukset\\\/ajotietokoneet\\\/tietokoneosa-bontrager-duotrap-ant-ble-sensor\\\/#breadcrumb\"},\"inLanguage\":\"sv-SE\",\"potentialAction\":[{\"@type\":\"ReadAction\",\"target\":[\"https:\\\/\\\/vmsport.fi\\\/verkkokauppa\\\/tarvikkeet\\\/ajotietokoneet-ja-harjoitusvastukset\\\/ajotietokoneet\\\/tietokoneosa-bontrager-duotrap-ant-ble-sensor\\\/\"]}]},{\"@type\":\"ImageObject\",\"inLanguage\":\"sv-SE\",\"@id\":\"https:\\\/\\\/vmsport.fi\\\/verkkokauppa\\\/tarvikkeet\\\/ajotietokoneet-ja-harjoitusvastukset\\\/ajotietokoneet\\\/tietokoneosa-bontrager-duotrap-ant-ble-sensor\\\/#primaryimage\",\"url\":\"https:\\\/\\\/vmsport.fi\\\/wp-content\\\/uploads\\\/2025\\\/03\\\/a860b455-631c-4af7-8382-e5645e1e9649-1.jpg\",\"contentUrl\":\"https:\\\/\\\/vmsport.fi\\\/wp-content\\\/uploads\\\/2025\\\/03\\\/a860b455-631c-4af7-8382-e5645e1e9649-1.jpg\",\"width\":720,\"height\":720,\"caption\":\"a860b455-631c-4af7-8382-e5645e1e9649\"},{\"@type\":\"BreadcrumbList\",\"@id\":\"https:\\\/\\\/vmsport.fi\\\/verkkokauppa\\\/tarvikkeet\\\/ajotietokoneet-ja-harjoitusvastukset\\\/ajotietokoneet\\\/tietokoneosa-bontrager-duotrap-ant-ble-sensor\\\/#breadcrumb\",\"itemListElement\":[{\"@type\":\"ListItem\",\"position\":1,\"name\":\"Etusivu\",\"item\":\"https:\\\/\\\/vmsport.fi\\\/\"},{\"@type\":\"ListItem\",\"position\":2,\"name\":\"Online Store\",\"item\":\"https:\\\/\\\/vmsport.fi\\\/en\\\/online-store\\\/\"},{\"@type\":\"ListItem\",\"position\":3,\"name\":\"Tietokoneosa Bontrager Duotrap ANT+\\\/BLE Sensor\"}]},{\"@type\":\"WebSite\",\"@id\":\"https:\\\/\\\/vmsport.fi\\\/#website\",\"url\":\"https:\\\/\\\/vmsport.fi\\\/\",\"name\":\"Vmsport\",\"description\":\"Kaikki py\u00f6r\u00e4ilyyn yhdest\u00e4 paikasta\",\"publisher\":{\"@id\":\"https:\\\/\\\/vmsport.fi\\\/#organization\"},\"potentialAction\":[{\"@type\":\"SearchAction\",\"target\":{\"@type\":\"EntryPoint\",\"urlTemplate\":\"https:\\\/\\\/vmsport.fi\\\/?s={search_term_string}\"},\"query-input\":{\"@type\":\"PropertyValueSpecification\",\"valueRequired\":true,\"valueName\":\"search_term_string\"}}],\"inLanguage\":\"sv-SE\"},{\"@type\":\"Organization\",\"@id\":\"https:\\\/\\\/vmsport.fi\\\/#organization\",\"name\":\"Vmsport\",\"url\":\"https:\\\/\\\/vmsport.fi\\\/\",\"logo\":{\"@type\":\"ImageObject\",\"inLanguage\":\"sv-SE\",\"@id\":\"https:\\\/\\\/vmsport.fi\\\/#\\\/schema\\\/logo\\\/image\\\/\",\"url\":\"https:\\\/\\\/vmsport.fi\\\/wp-content\\\/uploads\\\/2024\\\/12\\\/vm_sport_RGB_horisontal-e1734526017575.png\",\"contentUrl\":\"https:\\\/\\\/vmsport.fi\\\/wp-content\\\/uploads\\\/2024\\\/12\\\/vm_sport_RGB_horisontal-e1734526017575.png\",\"width\":668,\"height\":85,\"caption\":\"Vmsport\"},\"image\":{\"@id\":\"https:\\\/\\\/vmsport.fi\\\/#\\\/schema\\\/logo\\\/image\\\/\"},\"sameAs\":[\"https:\\\/\\\/www.facebook.com\\\/Vmsport.fi\\\/\",\"https:\\\/\\\/www.instagram.com\\\/vmsport\\\/\"]}]}<\/script>\n<!-- \/ Yoast SEO plugin. -->","yoast_head_json":{"title":"Datordel Bontrager Duotrap ANT+\/BLE Sensor - VM Sport","robots":{"index":"index","follow":"follow","max-snippet":"max-snippet:-1","max-image-preview":"max-image-preview:large","max-video-preview":"max-video-preview:-1"},"canonical":"https:\/\/vmsport.fi\/sv\/webbutik\/tillbehor\/kordatorer-och-utbildningshjalpmedel\/korning-av-datorer\/datordel-bontrager-duotrap-ant-ble-sensor\/","og_locale":"sv_SE","og_type":"article","og_title":"Tietokoneosa Bontrager Duotrap ANT+\/BLE Sensor - VM Sport","og_description":"Bontrager Duotrap ANT+\/BLE -anturi yhdist\u00e4\u00e4 ANT+ 2.4 GHz ja Bluetooth\u00ae Smart -teknologiat, mahdollistaen langattoman yhteyden moniin laitteisiin. T\u00e4ll\u00f6in nopeuden ja poljinnopeuden kaltaiset seurantaominaisuudet v\u00e4littyv\u00e4t helposti tietokoneisiin, \u00e4lypuhelimiin ja py\u00f6r\u00e4ilylaitteisiin. Anturin integroitu kiinnitys runkoon takaa optimaalisen toiminnan. Se on yhteensopiva kaikkien laitteiden kanssa, jotka tukevat ANT+ ja Bluetooth\u00ae Smart -tekniikoita, ja toimii n\u00e4in moitteettomasti esimerkiksi Trip [...]L\u00e4s mer \u2026 from Tietokoneosa Bontrager Duotrap ANT+\/BLE Sensor","og_url":"https:\/\/vmsport.fi\/sv\/webbutik\/tillbehor\/kordatorer-och-utbildningshjalpmedel\/korning-av-datorer\/datordel-bontrager-duotrap-ant-ble-sensor\/","og_site_name":"VM Sport","article_publisher":"https:\/\/www.facebook.com\/Vmsport.fi\/","article_modified_time":"2026-04-02T10:55:53+00:00","og_image":[{"width":720,"height":720,"url":"https:\/\/vmsport.fi\/wp-content\/uploads\/2025\/03\/a860b455-631c-4af7-8382-e5645e1e9649-1.jpg","type":"image\/jpeg"}],"twitter_card":"summary_large_image","twitter_misc":{"Ber\u00e4knad l\u00e4stid":"1 minut"},"schema":{"@context":"https:\/\/schema.org","@graph":[{"@type":["WebPage","ItemPage"],"@id":"https:\/\/vmsport.fi\/verkkokauppa\/tarvikkeet\/ajotietokoneet-ja-harjoitusvastukset\/ajotietokoneet\/tietokoneosa-bontrager-duotrap-ant-ble-sensor\/","url":"https:\/\/vmsport.fi\/verkkokauppa\/tarvikkeet\/ajotietokoneet-ja-harjoitusvastukset\/ajotietokoneet\/tietokoneosa-bontrager-duotrap-ant-ble-sensor\/","name":"Datordel Bontrager Duotrap ANT+\/BLE Sensor - VM Sport","isPartOf":{"@id":"https:\/\/vmsport.fi\/#website"},"primaryImageOfPage":{"@id":"https:\/\/vmsport.fi\/verkkokauppa\/tarvikkeet\/ajotietokoneet-ja-harjoitusvastukset\/ajotietokoneet\/tietokoneosa-bontrager-duotrap-ant-ble-sensor\/#primaryimage"},"image":{"@id":"https:\/\/vmsport.fi\/verkkokauppa\/tarvikkeet\/ajotietokoneet-ja-harjoitusvastukset\/ajotietokoneet\/tietokoneosa-bontrager-duotrap-ant-ble-sensor\/#primaryimage"},"thumbnailUrl":"https:\/\/vmsport.fi\/wp-content\/uploads\/2025\/03\/a860b455-631c-4af7-8382-e5645e1e9649-1.jpg","datePublished":"2025-03-05T21:46:31+00:00","dateModified":"2026-04-02T10:55:53+00:00","breadcrumb":{"@id":"https:\/\/vmsport.fi\/verkkokauppa\/tarvikkeet\/ajotietokoneet-ja-harjoitusvastukset\/ajotietokoneet\/tietokoneosa-bontrager-duotrap-ant-ble-sensor\/#breadcrumb"},"inLanguage":"sv-SE","potentialAction":[{"@type":"ReadAction","target":["https:\/\/vmsport.fi\/verkkokauppa\/tarvikkeet\/ajotietokoneet-ja-harjoitusvastukset\/ajotietokoneet\/tietokoneosa-bontrager-duotrap-ant-ble-sensor\/"]}]},{"@type":"ImageObject","inLanguage":"sv-SE","@id":"https:\/\/vmsport.fi\/verkkokauppa\/tarvikkeet\/ajotietokoneet-ja-harjoitusvastukset\/ajotietokoneet\/tietokoneosa-bontrager-duotrap-ant-ble-sensor\/#primaryimage","url":"https:\/\/vmsport.fi\/wp-content\/uploads\/2025\/03\/a860b455-631c-4af7-8382-e5645e1e9649-1.jpg","contentUrl":"https:\/\/vmsport.fi\/wp-content\/uploads\/2025\/03\/a860b455-631c-4af7-8382-e5645e1e9649-1.jpg","width":720,"height":720,"caption":"a860b455-631c-4af7-8382-e5645e1e9649"},{"@type":"BreadcrumbList","@id":"https:\/\/vmsport.fi\/verkkokauppa\/tarvikkeet\/ajotietokoneet-ja-harjoitusvastukset\/ajotietokoneet\/tietokoneosa-bontrager-duotrap-ant-ble-sensor\/#breadcrumb","itemListElement":[{"@type":"ListItem","position":1,"name":"Etusivu","item":"https:\/\/vmsport.fi\/"},{"@type":"ListItem","position":2,"name":"Online Store","item":"https:\/\/vmsport.fi\/en\/online-store\/"},{"@type":"ListItem","position":3,"name":"Tietokoneosa Bontrager Duotrap ANT+\/BLE Sensor"}]},{"@type":"WebSite","@id":"https:\/\/vmsport.fi\/#website","url":"https:\/\/vmsport.fi\/","name":"Vmsport","description":"Allt p\u00e5 ett st\u00e4lle f\u00f6r cykling","publisher":{"@id":"https:\/\/vmsport.fi\/#organization"},"potentialAction":[{"@type":"SearchAction","target":{"@type":"EntryPoint","urlTemplate":"https:\/\/vmsport.fi\/?s={search_term_string}"},"query-input":{"@type":"PropertyValueSpecification","valueRequired":true,"valueName":"search_term_string"}}],"inLanguage":"sv-SE"},{"@type":"Organization","@id":"https:\/\/vmsport.fi\/#organization","name":"Vmsport","url":"https:\/\/vmsport.fi\/","logo":{"@type":"ImageObject","inLanguage":"sv-SE","@id":"https:\/\/vmsport.fi\/#\/schema\/logo\/image\/","url":"https:\/\/vmsport.fi\/wp-content\/uploads\/2024\/12\/vm_sport_RGB_horisontal-e1734526017575.png","contentUrl":"https:\/\/vmsport.fi\/wp-content\/uploads\/2024\/12\/vm_sport_RGB_horisontal-e1734526017575.png","width":668,"height":85,"caption":"Vmsport"},"image":{"@id":"https:\/\/vmsport.fi\/#\/schema\/logo\/image\/"},"sameAs":["https:\/\/www.facebook.com\/Vmsport.fi\/","https:\/\/www.instagram.com\/vmsport\/"]}]}},"global_unique_id":"","_links":{"self":[{"href":"https:\/\/vmsport.fi\/sv\/wp-json\/wp\/v2\/product\/53901","targetHints":{"allow":["GET"]}}],"collection":[{"href":"https:\/\/vmsport.fi\/sv\/wp-json\/wp\/v2\/product"}],"about":[{"href":"https:\/\/vmsport.fi\/sv\/wp-json\/wp\/v2\/types\/product"}],"replies":[{"embeddable":true,"href":"https:\/\/vmsport.fi\/sv\/wp-json\/wp\/v2\/comments?post=53901"}],"wp:featuredmedia":[{"embeddable":true,"href":"https:\/\/vmsport.fi\/sv\/wp-json\/wp\/v2\/media\/53899"}],"wp:attachment":[{"href":"https:\/\/vmsport.fi\/sv\/wp-json\/wp\/v2\/media?parent=53901"}],"wp:term":[{"taxonomy":"product_brand","embeddable":true,"href":"https:\/\/vmsport.fi\/sv\/wp-json\/wp\/v2\/product_brand?post=53901"},{"taxonomy":"product_model","embeddable":true,"href":"https:\/\/vmsport.fi\/sv\/wp-json\/wp\/v2\/product_model?post=53901"},{"taxonomy":"product_cat","embeddable":true,"href":"https:\/\/vmsport.fi\/sv\/wp-json\/wp\/v2\/product_cat?post=53901"},{"taxonomy":"product_tag","embeddable":true,"href":"https:\/\/vmsport.fi\/sv\/wp-json\/wp\/v2\/product_tag?post=53901"},{"taxonomy":"industry_terminology","embeddable":true,"href":"https:\/\/vmsport.fi\/sv\/wp-json\/wp\/v2\/industry-terminology?post=53901"}],"curies":[{"name":"wp","href":"https:\/\/api.w.org\/{rel}","templated":true}]}}