{"id":53866,"date":"2025-03-05T23:45:55","date_gmt":"2025-03-05T21:45:55","guid":{"rendered":"https:\/\/vmsport.fi\/verkkokauppa\/Ei-luokiteltu\/takakiekko-24-18-507-union-kierre-alex-ace-17-alumiini\/"},"modified":"2026-01-16T13:22:32","modified_gmt":"2026-01-16T11:22:32","slug":"bakre-puck-24-18-507-unionsganga-alex-ace-17-aluminium","status":"publish","type":"product","link":"https:\/\/vmsport.fi\/sv\/verkkokauppa\/varaosat\/kiekot-ja-navat\/takakiekot\/takakiekko-24-18-507-union-kierre-alex-ace-17-alumiini\/","title":{"rendered":"Bakre skiva 24\u2033 18-507 UNION twist, Alex ACE 17, aluminium"},"content":{"rendered":"<p>Detta 24-tums bakhjul med 18-507 UNION-g\u00e4nga kombinerar h\u00e5llbarhet och prestanda. Alex ACE 17 har en aluminiumkonstruktion som g\u00f6r det l\u00e4tt och rostfritt. En dubbelbottnad f\u00e4lg ger extra st\u00f6d och en maskinbearbetad bromsyta s\u00e4kerst\u00e4ller effektiv bromsning.<\/p>\n<p>Centrumet har en unionsg\u00e4nga och \u00e4r f\u00e4st med en mutter f\u00f6r \u00f6kad stabilitet. Hjulet har 36 stycken 2 mm tjocka slitbanor av Sapim Leader, som f\u00f6rb\u00e4ttrar h\u00e5llbarheten och f\u00f6rdelar k\u00f6rbelastningen j\u00e4mnt. Varje yta \u00e4r s\u00e4krad med en h\u00e5llbar 2 x 14 mm nippel.<\/p>\n<p>F\u00e4lgen har en innerdiameter p\u00e5 18 mm, en ytterdiameter p\u00e5 23,2 mm och en totalh\u00f6jd p\u00e5 17 mm, med en bromsytans h\u00f6jd p\u00e5 10,4 mm. Detta hjul ger utm\u00e4rkta prestanda och \u00e4r ett alternativ till modell 60142F.<\/p>","protected":false},"excerpt":{"rendered":"<p>T\u00e4m\u00e4 24-tuumainen takapy\u00f6r\u00e4, jossa on 18-507 UNION-kierre, yhdist\u00e4\u00e4 kest\u00e4vyyden ja suorituskyvyn. Alex ACE 17 -vannemallin alumiinirakenne tekee siit\u00e4 kevyen ja ruostumattoman. Kaksoispohjavanne tarjoaa ylim\u00e4\u00e4r\u00e4ist\u00e4 tukevuutta, ja koneistettu jarrutuspinta varmistaa tehokkaan jarrutuksen. Keskuksessa on Union-kierrekiinnitys, ja se kiinnitet\u00e4\u00e4n mutterilla, mik\u00e4 lis\u00e4\u00e4 vakautta. Py\u00f6r\u00e4ss\u00e4 on 36 kappaletta 2 mm paksuja Sapim Leader -pinnoja, jotka parantavat kest\u00e4vyytt\u00e4 ja [&#8230;]<\/p>\n<p><a class=\"btn btn-secondary understrap-read-more-link\" href=\"https:\/\/vmsport.fi\/sv\/verkkokauppa\/varaosat\/kiekot-ja-navat\/takakiekot\/takakiekko-24-18-507-union-kierre-alex-ace-17-alumiini\/\">L\u00e4s mer \u2026<span class=\"screen-reader-text\"> from Takakiekko 24&#8243; 18-507 UNION kierre, Alex ACE 17, alumiini<\/span><\/a><\/p>\n","protected":false},"featured_media":53865,"comment_status":"open","ping_status":"closed","template":"","meta":{"_acf_changed":false,"_improvement_type_select":"improve_an_existing","_thumb_yes_seoaic":false,"_frame_yes_seoaic":false,"seoaic_generate_description":"","seoaic_improve_instructions_prompt":"","seoaic_rollback_content_improvement":"","seoaic_idea_thumbnail_generator":"","thumbnail_generated":false,"thumbnail_generate_prompt":"","seoaic_article_description":"","_supplier_stock_quantity":0},"product_brand":[],"product_model":[],"product_cat":[9486],"product_tag":[],"industry-terminology":[],"class_list":{"0":"post-53866","1":"product","2":"type-product","3":"status-publish","4":"has-post-thumbnail","6":"product_cat-takakiekot","8":"first","9":"outofstock","10":"taxable","11":"shipping-taxable","12":"product-type-simple"},"acf":{"bike_features":null,"overview":{"copy_overview":null,"key_features":null,"statement":"","youtube_url":""}},"yoast_head":"<!-- This site is optimized with the Yoast SEO plugin v27.3 - https:\/\/yoast.com\/product\/yoast-seo-wordpress\/ -->\n<title>Takakiekko 24&quot; 18-507 UNION kierre, Alex ACE 17, alumiini - VM Sport<\/title>\n<meta name=\"robots\" content=\"index, follow, max-snippet:-1, max-image-preview:large, max-video-preview:-1\" \/>\n<link rel=\"canonical\" href=\"https:\/\/vmsport.fi\/sv\/webbutik\/reservdelar\/skivor-och-nav\/bakgrund\/bakre-puck-24-18-507-unionsganga-alex-ace-17-aluminium\/\" \/>\n<meta property=\"og:locale\" content=\"sv_SE\" \/>\n<meta property=\"og:type\" content=\"article\" \/>\n<meta property=\"og:title\" content=\"Takakiekko 24&quot; 18-507 UNION kierre, Alex ACE 17, alumiini - VM Sport\" \/>\n<meta property=\"og:description\" content=\"T\u00e4m\u00e4 24-tuumainen takapy\u00f6r\u00e4, jossa on 18-507 UNION-kierre, yhdist\u00e4\u00e4 kest\u00e4vyyden ja suorituskyvyn. Alex ACE 17 -vannemallin alumiinirakenne tekee siit\u00e4 kevyen ja ruostumattoman. Kaksoispohjavanne tarjoaa ylim\u00e4\u00e4r\u00e4ist\u00e4 tukevuutta, ja koneistettu jarrutuspinta varmistaa tehokkaan jarrutuksen. Keskuksessa on Union-kierrekiinnitys, ja se kiinnitet\u00e4\u00e4n mutterilla, mik\u00e4 lis\u00e4\u00e4 vakautta. Py\u00f6r\u00e4ss\u00e4 on 36 kappaletta 2 mm paksuja Sapim Leader -pinnoja, jotka parantavat kest\u00e4vyytt\u00e4 ja [...]L\u00e4s mer \u2026 from Takakiekko 24&#8243; 18-507 UNION kierre, Alex ACE 17, alumiini\" \/>\n<meta property=\"og:url\" content=\"https:\/\/vmsport.fi\/sv\/webbutik\/reservdelar\/skivor-och-nav\/bakgrund\/bakre-puck-24-18-507-unionsganga-alex-ace-17-aluminium\/\" \/>\n<meta property=\"og:site_name\" content=\"VM Sport\" \/>\n<meta property=\"article:publisher\" content=\"https:\/\/www.facebook.com\/Vmsport.fi\/\" \/>\n<meta property=\"article:modified_time\" content=\"2026-01-16T11:22:32+00:00\" \/>\n<meta property=\"og:image\" content=\"https:\/\/vmsport.fi\/wp-content\/uploads\/2025\/03\/60142f-1.jpg\" \/>\n\t<meta property=\"og:image:width\" content=\"800\" \/>\n\t<meta property=\"og:image:height\" content=\"800\" \/>\n\t<meta property=\"og:image:type\" content=\"image\/jpeg\" \/>\n<meta name=\"twitter:card\" content=\"summary_large_image\" \/>\n<meta name=\"twitter:label1\" content=\"Ber\u00e4knad l\u00e4stid\" \/>\n\t<meta name=\"twitter:data1\" content=\"1 minut\" \/>\n<script type=\"application\/ld+json\" class=\"yoast-schema-graph\">{\"@context\":\"https:\\\/\\\/schema.org\",\"@graph\":[{\"@type\":[\"WebPage\",\"ItemPage\"],\"@id\":\"https:\\\/\\\/vmsport.fi\\\/verkkokauppa\\\/varaosat\\\/kiekot-ja-navat\\\/takakiekot\\\/takakiekko-24-18-507-union-kierre-alex-ace-17-alumiini\\\/\",\"url\":\"https:\\\/\\\/vmsport.fi\\\/verkkokauppa\\\/varaosat\\\/kiekot-ja-navat\\\/takakiekot\\\/takakiekko-24-18-507-union-kierre-alex-ace-17-alumiini\\\/\",\"name\":\"Takakiekko 24\\\" 18-507 UNION kierre, Alex ACE 17, alumiini - VM Sport\",\"isPartOf\":{\"@id\":\"https:\\\/\\\/vmsport.fi\\\/#website\"},\"primaryImageOfPage\":{\"@id\":\"https:\\\/\\\/vmsport.fi\\\/verkkokauppa\\\/varaosat\\\/kiekot-ja-navat\\\/takakiekot\\\/takakiekko-24-18-507-union-kierre-alex-ace-17-alumiini\\\/#primaryimage\"},\"image\":{\"@id\":\"https:\\\/\\\/vmsport.fi\\\/verkkokauppa\\\/varaosat\\\/kiekot-ja-navat\\\/takakiekot\\\/takakiekko-24-18-507-union-kierre-alex-ace-17-alumiini\\\/#primaryimage\"},\"thumbnailUrl\":\"https:\\\/\\\/vmsport.fi\\\/wp-content\\\/uploads\\\/2025\\\/03\\\/60142f-1.jpg\",\"datePublished\":\"2025-03-05T21:45:55+00:00\",\"dateModified\":\"2026-01-16T11:22:32+00:00\",\"breadcrumb\":{\"@id\":\"https:\\\/\\\/vmsport.fi\\\/verkkokauppa\\\/varaosat\\\/kiekot-ja-navat\\\/takakiekot\\\/takakiekko-24-18-507-union-kierre-alex-ace-17-alumiini\\\/#breadcrumb\"},\"inLanguage\":\"sv-SE\",\"potentialAction\":[{\"@type\":\"ReadAction\",\"target\":[\"https:\\\/\\\/vmsport.fi\\\/verkkokauppa\\\/varaosat\\\/kiekot-ja-navat\\\/takakiekot\\\/takakiekko-24-18-507-union-kierre-alex-ace-17-alumiini\\\/\"]}]},{\"@type\":\"ImageObject\",\"inLanguage\":\"sv-SE\",\"@id\":\"https:\\\/\\\/vmsport.fi\\\/verkkokauppa\\\/varaosat\\\/kiekot-ja-navat\\\/takakiekot\\\/takakiekko-24-18-507-union-kierre-alex-ace-17-alumiini\\\/#primaryimage\",\"url\":\"https:\\\/\\\/vmsport.fi\\\/wp-content\\\/uploads\\\/2025\\\/03\\\/60142f-1.jpg\",\"contentUrl\":\"https:\\\/\\\/vmsport.fi\\\/wp-content\\\/uploads\\\/2025\\\/03\\\/60142f-1.jpg\",\"width\":800,\"height\":800,\"caption\":\"60142f\"},{\"@type\":\"BreadcrumbList\",\"@id\":\"https:\\\/\\\/vmsport.fi\\\/verkkokauppa\\\/varaosat\\\/kiekot-ja-navat\\\/takakiekot\\\/takakiekko-24-18-507-union-kierre-alex-ace-17-alumiini\\\/#breadcrumb\",\"itemListElement\":[{\"@type\":\"ListItem\",\"position\":1,\"name\":\"Etusivu\",\"item\":\"https:\\\/\\\/vmsport.fi\\\/\"},{\"@type\":\"ListItem\",\"position\":2,\"name\":\"Online Store\",\"item\":\"https:\\\/\\\/vmsport.fi\\\/en\\\/online-store\\\/\"},{\"@type\":\"ListItem\",\"position\":3,\"name\":\"Takakiekko 24&#8243; 18-507 UNION kierre, Alex ACE 17, alumiini\"}]},{\"@type\":\"WebSite\",\"@id\":\"https:\\\/\\\/vmsport.fi\\\/#website\",\"url\":\"https:\\\/\\\/vmsport.fi\\\/\",\"name\":\"Vmsport\",\"description\":\"Kaikki py\u00f6r\u00e4ilyyn yhdest\u00e4 paikasta\",\"publisher\":{\"@id\":\"https:\\\/\\\/vmsport.fi\\\/#organization\"},\"potentialAction\":[{\"@type\":\"SearchAction\",\"target\":{\"@type\":\"EntryPoint\",\"urlTemplate\":\"https:\\\/\\\/vmsport.fi\\\/?s={search_term_string}\"},\"query-input\":{\"@type\":\"PropertyValueSpecification\",\"valueRequired\":true,\"valueName\":\"search_term_string\"}}],\"inLanguage\":\"sv-SE\"},{\"@type\":\"Organization\",\"@id\":\"https:\\\/\\\/vmsport.fi\\\/#organization\",\"name\":\"Vmsport\",\"url\":\"https:\\\/\\\/vmsport.fi\\\/\",\"logo\":{\"@type\":\"ImageObject\",\"inLanguage\":\"sv-SE\",\"@id\":\"https:\\\/\\\/vmsport.fi\\\/#\\\/schema\\\/logo\\\/image\\\/\",\"url\":\"https:\\\/\\\/vmsport.fi\\\/wp-content\\\/uploads\\\/2024\\\/12\\\/vm_sport_RGB_horisontal-e1734526017575.png\",\"contentUrl\":\"https:\\\/\\\/vmsport.fi\\\/wp-content\\\/uploads\\\/2024\\\/12\\\/vm_sport_RGB_horisontal-e1734526017575.png\",\"width\":668,\"height\":85,\"caption\":\"Vmsport\"},\"image\":{\"@id\":\"https:\\\/\\\/vmsport.fi\\\/#\\\/schema\\\/logo\\\/image\\\/\"},\"sameAs\":[\"https:\\\/\\\/www.facebook.com\\\/Vmsport.fi\\\/\",\"https:\\\/\\\/www.instagram.com\\\/vmsport\\\/\"]}]}<\/script>\n<!-- \/ Yoast SEO plugin. -->","yoast_head_json":{"title":"Bakre skiva 24\" 18-507 UNION twist, Alex ACE 17, aluminium - VM Sport","robots":{"index":"index","follow":"follow","max-snippet":"max-snippet:-1","max-image-preview":"max-image-preview:large","max-video-preview":"max-video-preview:-1"},"canonical":"https:\/\/vmsport.fi\/sv\/webbutik\/reservdelar\/skivor-och-nav\/bakgrund\/bakre-puck-24-18-507-unionsganga-alex-ace-17-aluminium\/","og_locale":"sv_SE","og_type":"article","og_title":"Takakiekko 24\" 18-507 UNION kierre, Alex ACE 17, alumiini - VM Sport","og_description":"T\u00e4m\u00e4 24-tuumainen takapy\u00f6r\u00e4, jossa on 18-507 UNION-kierre, yhdist\u00e4\u00e4 kest\u00e4vyyden ja suorituskyvyn. Alex ACE 17 -vannemallin alumiinirakenne tekee siit\u00e4 kevyen ja ruostumattoman. Kaksoispohjavanne tarjoaa ylim\u00e4\u00e4r\u00e4ist\u00e4 tukevuutta, ja koneistettu jarrutuspinta varmistaa tehokkaan jarrutuksen. Keskuksessa on Union-kierrekiinnitys, ja se kiinnitet\u00e4\u00e4n mutterilla, mik\u00e4 lis\u00e4\u00e4 vakautta. Py\u00f6r\u00e4ss\u00e4 on 36 kappaletta 2 mm paksuja Sapim Leader -pinnoja, jotka parantavat kest\u00e4vyytt\u00e4 ja [...]L\u00e4s mer \u2026 from Takakiekko 24&#8243; 18-507 UNION kierre, Alex ACE 17, alumiini","og_url":"https:\/\/vmsport.fi\/sv\/webbutik\/reservdelar\/skivor-och-nav\/bakgrund\/bakre-puck-24-18-507-unionsganga-alex-ace-17-aluminium\/","og_site_name":"VM Sport","article_publisher":"https:\/\/www.facebook.com\/Vmsport.fi\/","article_modified_time":"2026-01-16T11:22:32+00:00","og_image":[{"width":800,"height":800,"url":"https:\/\/vmsport.fi\/wp-content\/uploads\/2025\/03\/60142f-1.jpg","type":"image\/jpeg"}],"twitter_card":"summary_large_image","twitter_misc":{"Ber\u00e4knad l\u00e4stid":"1 minut"},"schema":{"@context":"https:\/\/schema.org","@graph":[{"@type":["WebPage","ItemPage"],"@id":"https:\/\/vmsport.fi\/verkkokauppa\/varaosat\/kiekot-ja-navat\/takakiekot\/takakiekko-24-18-507-union-kierre-alex-ace-17-alumiini\/","url":"https:\/\/vmsport.fi\/verkkokauppa\/varaosat\/kiekot-ja-navat\/takakiekot\/takakiekko-24-18-507-union-kierre-alex-ace-17-alumiini\/","name":"Bakre skiva 24\" 18-507 UNION twist, Alex ACE 17, aluminium - VM Sport","isPartOf":{"@id":"https:\/\/vmsport.fi\/#website"},"primaryImageOfPage":{"@id":"https:\/\/vmsport.fi\/verkkokauppa\/varaosat\/kiekot-ja-navat\/takakiekot\/takakiekko-24-18-507-union-kierre-alex-ace-17-alumiini\/#primaryimage"},"image":{"@id":"https:\/\/vmsport.fi\/verkkokauppa\/varaosat\/kiekot-ja-navat\/takakiekot\/takakiekko-24-18-507-union-kierre-alex-ace-17-alumiini\/#primaryimage"},"thumbnailUrl":"https:\/\/vmsport.fi\/wp-content\/uploads\/2025\/03\/60142f-1.jpg","datePublished":"2025-03-05T21:45:55+00:00","dateModified":"2026-01-16T11:22:32+00:00","breadcrumb":{"@id":"https:\/\/vmsport.fi\/verkkokauppa\/varaosat\/kiekot-ja-navat\/takakiekot\/takakiekko-24-18-507-union-kierre-alex-ace-17-alumiini\/#breadcrumb"},"inLanguage":"sv-SE","potentialAction":[{"@type":"ReadAction","target":["https:\/\/vmsport.fi\/verkkokauppa\/varaosat\/kiekot-ja-navat\/takakiekot\/takakiekko-24-18-507-union-kierre-alex-ace-17-alumiini\/"]}]},{"@type":"ImageObject","inLanguage":"sv-SE","@id":"https:\/\/vmsport.fi\/verkkokauppa\/varaosat\/kiekot-ja-navat\/takakiekot\/takakiekko-24-18-507-union-kierre-alex-ace-17-alumiini\/#primaryimage","url":"https:\/\/vmsport.fi\/wp-content\/uploads\/2025\/03\/60142f-1.jpg","contentUrl":"https:\/\/vmsport.fi\/wp-content\/uploads\/2025\/03\/60142f-1.jpg","width":800,"height":800,"caption":"60142f"},{"@type":"BreadcrumbList","@id":"https:\/\/vmsport.fi\/verkkokauppa\/varaosat\/kiekot-ja-navat\/takakiekot\/takakiekko-24-18-507-union-kierre-alex-ace-17-alumiini\/#breadcrumb","itemListElement":[{"@type":"ListItem","position":1,"name":"Etusivu","item":"https:\/\/vmsport.fi\/"},{"@type":"ListItem","position":2,"name":"Online Store","item":"https:\/\/vmsport.fi\/en\/online-store\/"},{"@type":"ListItem","position":3,"name":"Takakiekko 24&#8243; 18-507 UNION kierre, Alex ACE 17, alumiini"}]},{"@type":"WebSite","@id":"https:\/\/vmsport.fi\/#website","url":"https:\/\/vmsport.fi\/","name":"Vmsport","description":"Allt p\u00e5 ett st\u00e4lle f\u00f6r cykling","publisher":{"@id":"https:\/\/vmsport.fi\/#organization"},"potentialAction":[{"@type":"SearchAction","target":{"@type":"EntryPoint","urlTemplate":"https:\/\/vmsport.fi\/?s={search_term_string}"},"query-input":{"@type":"PropertyValueSpecification","valueRequired":true,"valueName":"search_term_string"}}],"inLanguage":"sv-SE"},{"@type":"Organization","@id":"https:\/\/vmsport.fi\/#organization","name":"Vmsport","url":"https:\/\/vmsport.fi\/","logo":{"@type":"ImageObject","inLanguage":"sv-SE","@id":"https:\/\/vmsport.fi\/#\/schema\/logo\/image\/","url":"https:\/\/vmsport.fi\/wp-content\/uploads\/2024\/12\/vm_sport_RGB_horisontal-e1734526017575.png","contentUrl":"https:\/\/vmsport.fi\/wp-content\/uploads\/2024\/12\/vm_sport_RGB_horisontal-e1734526017575.png","width":668,"height":85,"caption":"Vmsport"},"image":{"@id":"https:\/\/vmsport.fi\/#\/schema\/logo\/image\/"},"sameAs":["https:\/\/www.facebook.com\/Vmsport.fi\/","https:\/\/www.instagram.com\/vmsport\/"]}]}},"global_unique_id":"","_links":{"self":[{"href":"https:\/\/vmsport.fi\/sv\/wp-json\/wp\/v2\/product\/53866","targetHints":{"allow":["GET"]}}],"collection":[{"href":"https:\/\/vmsport.fi\/sv\/wp-json\/wp\/v2\/product"}],"about":[{"href":"https:\/\/vmsport.fi\/sv\/wp-json\/wp\/v2\/types\/product"}],"replies":[{"embeddable":true,"href":"https:\/\/vmsport.fi\/sv\/wp-json\/wp\/v2\/comments?post=53866"}],"wp:featuredmedia":[{"embeddable":true,"href":"https:\/\/vmsport.fi\/sv\/wp-json\/wp\/v2\/media\/53865"}],"wp:attachment":[{"href":"https:\/\/vmsport.fi\/sv\/wp-json\/wp\/v2\/media?parent=53866"}],"wp:term":[{"taxonomy":"product_brand","embeddable":true,"href":"https:\/\/vmsport.fi\/sv\/wp-json\/wp\/v2\/product_brand?post=53866"},{"taxonomy":"product_model","embeddable":true,"href":"https:\/\/vmsport.fi\/sv\/wp-json\/wp\/v2\/product_model?post=53866"},{"taxonomy":"product_cat","embeddable":true,"href":"https:\/\/vmsport.fi\/sv\/wp-json\/wp\/v2\/product_cat?post=53866"},{"taxonomy":"product_tag","embeddable":true,"href":"https:\/\/vmsport.fi\/sv\/wp-json\/wp\/v2\/product_tag?post=53866"},{"taxonomy":"industry_terminology","embeddable":true,"href":"https:\/\/vmsport.fi\/sv\/wp-json\/wp\/v2\/industry-terminology?post=53866"}],"curies":[{"name":"wp","href":"https:\/\/api.w.org\/{rel}","templated":true}]}}