{"id":53862,"date":"2025-03-05T23:45:54","date_gmt":"2025-03-05T21:45:54","guid":{"rendered":"https:\/\/vmsport.fi\/verkkokauppa\/Ei-luokiteltu\/avid-set-for-bb5\/"},"modified":"2026-04-22T15:05:58","modified_gmt":"2026-04-22T12:05:58","slug":"avid-installd-pa-bb5","status":"publish","type":"product","link":"https:\/\/vmsport.fi\/sv\/verkkokauppa\/varaosat\/jarrut\/jarrupalat\/avid-set-for-bb5\/","title":{"rendered":"AVID redo f\u00f6r BB5"},"content":{"rendered":"<p>AVID Set for BB5 \u00e4r ett h\u00f6gkvalitativt bromsskiveset som \u00e4r s\u00e4rskilt utformat f\u00f6r skivbromsar p\u00e5 cyklar. Den runda designen och den r\u00f6da f\u00e4rgen g\u00f6r setet visuellt distinkt. Den medf\u00f6ljande metallkl\u00e4mman s\u00e4kerst\u00e4ller en s\u00e4ker fasts\u00e4ttning av delarna och bromsbel\u00e4ggen ger kraftfull bromsprestanda. Denna bromsbel\u00e4ggssats kombinerar praktisk funktion och tillf\u00f6rlitlighet p\u00e5 ett modernt s\u00e4tt, vilket f\u00f6rb\u00e4ttrar k\u00f6rupplevelsen och \u00f6kar s\u00e4kerheten.<\/p>","protected":false},"excerpt":{"rendered":"<p>AVID Set for BB5 on korkealaatuinen jarrupalasarja, joka on suunniteltu erityisesti polkupy\u00f6rien levyjarruille. Sen py\u00f6re\u00e4 muotoilu ja punainen v\u00e4ri tekev\u00e4t sarjasta visuaalisesti erottuvan. Mukana oleva metalliklipsi varmistaa osien tukevan kiinnityksen, ja jarrupalat tarjoavat voimakkaan jarrutustehon. T\u00e4m\u00e4 jarrupalasarja yhdist\u00e4\u00e4 k\u00e4yt\u00e4nn\u00f6llisyyden ja luotettavuuden modernilla tavalla, parantaen ajokokemusta ja lis\u00e4ten turvallisuutta. [&#8230;]<\/p>\n<p><a class=\"btn btn-secondary understrap-read-more-link\" href=\"https:\/\/vmsport.fi\/sv\/verkkokauppa\/varaosat\/jarrut\/jarrupalat\/avid-set-for-bb5\/\">L\u00e4s mer \u2026<span class=\"screen-reader-text\"> from AVID Set for BB5<\/span><\/a><\/p>\n","protected":false},"featured_media":53861,"comment_status":"open","ping_status":"closed","template":"","meta":{"_acf_changed":false,"_improvement_type_select":"improve_an_existing","_thumb_yes_seoaic":false,"_frame_yes_seoaic":false,"seoaic_generate_description":"","seoaic_improve_instructions_prompt":"","seoaic_rollback_content_improvement":"","seoaic_idea_thumbnail_generator":"","thumbnail_generated":false,"thumbnail_generate_prompt":"","seoaic_article_description":"","_supplier_stock_quantity":0},"product_brand":[],"product_model":[],"product_cat":[9288],"product_tag":[],"industry-terminology":[],"class_list":{"0":"post-53862","1":"product","2":"type-product","3":"status-publish","4":"has-post-thumbnail","6":"product_cat-jarrupalat","8":"first","9":"outofstock","10":"taxable","11":"shipping-taxable","12":"product-type-simple"},"acf":{"bike_features":null,"overview":{"copy_overview":null,"key_features":null,"statement":"","youtube_url":""}},"yoast_head":"<!-- This site is optimized with the Yoast SEO plugin v27.4 - https:\/\/yoast.com\/product\/yoast-seo-wordpress\/ -->\n<title>AVID Set for BB5 - VM Sport<\/title>\n<meta name=\"robots\" content=\"index, follow, max-snippet:-1, max-image-preview:large, max-video-preview:-1\" \/>\n<link rel=\"canonical\" href=\"https:\/\/vmsport.fi\/sv\/webbutik\/reservdelar\/bromsar\/bromsbelagg\/avid-installd-pa-bb5\/\" \/>\n<meta property=\"og:locale\" content=\"sv_SE\" \/>\n<meta property=\"og:type\" content=\"article\" \/>\n<meta property=\"og:title\" content=\"AVID Set for BB5 - VM Sport\" \/>\n<meta property=\"og:description\" content=\"AVID Set for BB5 on korkealaatuinen jarrupalasarja, joka on suunniteltu erityisesti polkupy\u00f6rien levyjarruille. Sen py\u00f6re\u00e4 muotoilu ja punainen v\u00e4ri tekev\u00e4t sarjasta visuaalisesti erottuvan. Mukana oleva metalliklipsi varmistaa osien tukevan kiinnityksen, ja jarrupalat tarjoavat voimakkaan jarrutustehon. T\u00e4m\u00e4 jarrupalasarja yhdist\u00e4\u00e4 k\u00e4yt\u00e4nn\u00f6llisyyden ja luotettavuuden modernilla tavalla, parantaen ajokokemusta ja lis\u00e4ten turvallisuutta. [...]L\u00e4s mer \u2026 from AVID Set for BB5\" \/>\n<meta property=\"og:url\" content=\"https:\/\/vmsport.fi\/sv\/webbutik\/reservdelar\/bromsar\/bromsbelagg\/avid-installd-pa-bb5\/\" \/>\n<meta property=\"og:site_name\" content=\"VM Sport\" \/>\n<meta property=\"article:publisher\" content=\"https:\/\/www.facebook.com\/Vmsport.fi\/\" \/>\n<meta property=\"article:modified_time\" content=\"2026-04-22T12:05:58+00:00\" \/>\n<meta property=\"og:image\" content=\"https:\/\/vmsport.fi\/wp-content\/uploads\/2025\/03\/z5HCL5up9QC6BYXkoGrlW8pEX50hYjwcDuJf8pj02X0sFVtmCC-1.jpg\" \/>\n\t<meta property=\"og:image:width\" content=\"600\" \/>\n\t<meta property=\"og:image:height\" content=\"450\" \/>\n\t<meta property=\"og:image:type\" content=\"image\/jpeg\" \/>\n<meta name=\"twitter:card\" content=\"summary_large_image\" \/>\n<script type=\"application\/ld+json\" class=\"yoast-schema-graph\">{\"@context\":\"https:\\\/\\\/schema.org\",\"@graph\":[{\"@type\":[\"WebPage\",\"ItemPage\"],\"@id\":\"https:\\\/\\\/vmsport.fi\\\/verkkokauppa\\\/varaosat\\\/jarrut\\\/jarrupalat\\\/avid-set-for-bb5\\\/\",\"url\":\"https:\\\/\\\/vmsport.fi\\\/verkkokauppa\\\/varaosat\\\/jarrut\\\/jarrupalat\\\/avid-set-for-bb5\\\/\",\"name\":\"AVID Set for BB5 - VM Sport\",\"isPartOf\":{\"@id\":\"https:\\\/\\\/vmsport.fi\\\/#website\"},\"primaryImageOfPage\":{\"@id\":\"https:\\\/\\\/vmsport.fi\\\/verkkokauppa\\\/varaosat\\\/jarrut\\\/jarrupalat\\\/avid-set-for-bb5\\\/#primaryimage\"},\"image\":{\"@id\":\"https:\\\/\\\/vmsport.fi\\\/verkkokauppa\\\/varaosat\\\/jarrut\\\/jarrupalat\\\/avid-set-for-bb5\\\/#primaryimage\"},\"thumbnailUrl\":\"https:\\\/\\\/vmsport.fi\\\/wp-content\\\/uploads\\\/2025\\\/03\\\/z5HCL5up9QC6BYXkoGrlW8pEX50hYjwcDuJf8pj02X0sFVtmCC-1.jpg\",\"datePublished\":\"2025-03-05T21:45:54+00:00\",\"dateModified\":\"2026-04-22T12:05:58+00:00\",\"breadcrumb\":{\"@id\":\"https:\\\/\\\/vmsport.fi\\\/verkkokauppa\\\/varaosat\\\/jarrut\\\/jarrupalat\\\/avid-set-for-bb5\\\/#breadcrumb\"},\"inLanguage\":\"sv-SE\",\"potentialAction\":[{\"@type\":\"ReadAction\",\"target\":[\"https:\\\/\\\/vmsport.fi\\\/verkkokauppa\\\/varaosat\\\/jarrut\\\/jarrupalat\\\/avid-set-for-bb5\\\/\"]}]},{\"@type\":\"ImageObject\",\"inLanguage\":\"sv-SE\",\"@id\":\"https:\\\/\\\/vmsport.fi\\\/verkkokauppa\\\/varaosat\\\/jarrut\\\/jarrupalat\\\/avid-set-for-bb5\\\/#primaryimage\",\"url\":\"https:\\\/\\\/vmsport.fi\\\/wp-content\\\/uploads\\\/2025\\\/03\\\/z5HCL5up9QC6BYXkoGrlW8pEX50hYjwcDuJf8pj02X0sFVtmCC-1.jpg\",\"contentUrl\":\"https:\\\/\\\/vmsport.fi\\\/wp-content\\\/uploads\\\/2025\\\/03\\\/z5HCL5up9QC6BYXkoGrlW8pEX50hYjwcDuJf8pj02X0sFVtmCC-1.jpg\",\"width\":600,\"height\":450,\"caption\":\"z5HCL5up9QC6BYXkoGrlW8pEX50hYjwcDuJf8pj02X0sFVtmCC\"},{\"@type\":\"BreadcrumbList\",\"@id\":\"https:\\\/\\\/vmsport.fi\\\/verkkokauppa\\\/varaosat\\\/jarrut\\\/jarrupalat\\\/avid-set-for-bb5\\\/#breadcrumb\",\"itemListElement\":[{\"@type\":\"ListItem\",\"position\":1,\"name\":\"Etusivu\",\"item\":\"https:\\\/\\\/vmsport.fi\\\/\"},{\"@type\":\"ListItem\",\"position\":2,\"name\":\"Online Store\",\"item\":\"https:\\\/\\\/vmsport.fi\\\/en\\\/online-store\\\/\"},{\"@type\":\"ListItem\",\"position\":3,\"name\":\"AVID Set for BB5\"}]},{\"@type\":\"WebSite\",\"@id\":\"https:\\\/\\\/vmsport.fi\\\/#website\",\"url\":\"https:\\\/\\\/vmsport.fi\\\/\",\"name\":\"Vmsport\",\"description\":\"Kaikki py\u00f6r\u00e4ilyyn yhdest\u00e4 paikasta\",\"publisher\":{\"@id\":\"https:\\\/\\\/vmsport.fi\\\/#organization\"},\"potentialAction\":[{\"@type\":\"SearchAction\",\"target\":{\"@type\":\"EntryPoint\",\"urlTemplate\":\"https:\\\/\\\/vmsport.fi\\\/?s={search_term_string}\"},\"query-input\":{\"@type\":\"PropertyValueSpecification\",\"valueRequired\":true,\"valueName\":\"search_term_string\"}}],\"inLanguage\":\"sv-SE\"},{\"@type\":\"Organization\",\"@id\":\"https:\\\/\\\/vmsport.fi\\\/#organization\",\"name\":\"Vmsport\",\"url\":\"https:\\\/\\\/vmsport.fi\\\/\",\"logo\":{\"@type\":\"ImageObject\",\"inLanguage\":\"sv-SE\",\"@id\":\"https:\\\/\\\/vmsport.fi\\\/#\\\/schema\\\/logo\\\/image\\\/\",\"url\":\"https:\\\/\\\/vmsport.fi\\\/wp-content\\\/uploads\\\/2024\\\/12\\\/vm_sport_RGB_horisontal-e1734526017575.png\",\"contentUrl\":\"https:\\\/\\\/vmsport.fi\\\/wp-content\\\/uploads\\\/2024\\\/12\\\/vm_sport_RGB_horisontal-e1734526017575.png\",\"width\":668,\"height\":85,\"caption\":\"Vmsport\"},\"image\":{\"@id\":\"https:\\\/\\\/vmsport.fi\\\/#\\\/schema\\\/logo\\\/image\\\/\"},\"sameAs\":[\"https:\\\/\\\/www.facebook.com\\\/Vmsport.fi\\\/\",\"https:\\\/\\\/www.instagram.com\\\/vmsport\\\/\"]}]}<\/script>\n<!-- \/ Yoast SEO plugin. -->","yoast_head_json":{"title":"AVID-sats f\u00f6r BB5 - VM Sport","robots":{"index":"index","follow":"follow","max-snippet":"max-snippet:-1","max-image-preview":"max-image-preview:large","max-video-preview":"max-video-preview:-1"},"canonical":"https:\/\/vmsport.fi\/sv\/webbutik\/reservdelar\/bromsar\/bromsbelagg\/avid-installd-pa-bb5\/","og_locale":"sv_SE","og_type":"article","og_title":"AVID Set for BB5 - VM Sport","og_description":"AVID Set for BB5 on korkealaatuinen jarrupalasarja, joka on suunniteltu erityisesti polkupy\u00f6rien levyjarruille. Sen py\u00f6re\u00e4 muotoilu ja punainen v\u00e4ri tekev\u00e4t sarjasta visuaalisesti erottuvan. Mukana oleva metalliklipsi varmistaa osien tukevan kiinnityksen, ja jarrupalat tarjoavat voimakkaan jarrutustehon. T\u00e4m\u00e4 jarrupalasarja yhdist\u00e4\u00e4 k\u00e4yt\u00e4nn\u00f6llisyyden ja luotettavuuden modernilla tavalla, parantaen ajokokemusta ja lis\u00e4ten turvallisuutta. [...]L\u00e4s mer \u2026 from AVID Set for BB5","og_url":"https:\/\/vmsport.fi\/sv\/webbutik\/reservdelar\/bromsar\/bromsbelagg\/avid-installd-pa-bb5\/","og_site_name":"VM Sport","article_publisher":"https:\/\/www.facebook.com\/Vmsport.fi\/","article_modified_time":"2026-04-22T12:05:58+00:00","og_image":[{"width":600,"height":450,"url":"https:\/\/vmsport.fi\/wp-content\/uploads\/2025\/03\/z5HCL5up9QC6BYXkoGrlW8pEX50hYjwcDuJf8pj02X0sFVtmCC-1.jpg","type":"image\/jpeg"}],"twitter_card":"summary_large_image","schema":{"@context":"https:\/\/schema.org","@graph":[{"@type":["WebPage","ItemPage"],"@id":"https:\/\/vmsport.fi\/verkkokauppa\/varaosat\/jarrut\/jarrupalat\/avid-set-for-bb5\/","url":"https:\/\/vmsport.fi\/verkkokauppa\/varaosat\/jarrut\/jarrupalat\/avid-set-for-bb5\/","name":"AVID-sats f\u00f6r BB5 - VM Sport","isPartOf":{"@id":"https:\/\/vmsport.fi\/#website"},"primaryImageOfPage":{"@id":"https:\/\/vmsport.fi\/verkkokauppa\/varaosat\/jarrut\/jarrupalat\/avid-set-for-bb5\/#primaryimage"},"image":{"@id":"https:\/\/vmsport.fi\/verkkokauppa\/varaosat\/jarrut\/jarrupalat\/avid-set-for-bb5\/#primaryimage"},"thumbnailUrl":"https:\/\/vmsport.fi\/wp-content\/uploads\/2025\/03\/z5HCL5up9QC6BYXkoGrlW8pEX50hYjwcDuJf8pj02X0sFVtmCC-1.jpg","datePublished":"2025-03-05T21:45:54+00:00","dateModified":"2026-04-22T12:05:58+00:00","breadcrumb":{"@id":"https:\/\/vmsport.fi\/verkkokauppa\/varaosat\/jarrut\/jarrupalat\/avid-set-for-bb5\/#breadcrumb"},"inLanguage":"sv-SE","potentialAction":[{"@type":"ReadAction","target":["https:\/\/vmsport.fi\/verkkokauppa\/varaosat\/jarrut\/jarrupalat\/avid-set-for-bb5\/"]}]},{"@type":"ImageObject","inLanguage":"sv-SE","@id":"https:\/\/vmsport.fi\/verkkokauppa\/varaosat\/jarrut\/jarrupalat\/avid-set-for-bb5\/#primaryimage","url":"https:\/\/vmsport.fi\/wp-content\/uploads\/2025\/03\/z5HCL5up9QC6BYXkoGrlW8pEX50hYjwcDuJf8pj02X0sFVtmCC-1.jpg","contentUrl":"https:\/\/vmsport.fi\/wp-content\/uploads\/2025\/03\/z5HCL5up9QC6BYXkoGrlW8pEX50hYjwcDuJf8pj02X0sFVtmCC-1.jpg","width":600,"height":450,"caption":"z5HCL5up9QC6BYXkoGrlW8pEX50hYjwcDuJf8pj02X0sFVtmCC"},{"@type":"BreadcrumbList","@id":"https:\/\/vmsport.fi\/verkkokauppa\/varaosat\/jarrut\/jarrupalat\/avid-set-for-bb5\/#breadcrumb","itemListElement":[{"@type":"ListItem","position":1,"name":"Etusivu","item":"https:\/\/vmsport.fi\/"},{"@type":"ListItem","position":2,"name":"Online Store","item":"https:\/\/vmsport.fi\/en\/online-store\/"},{"@type":"ListItem","position":3,"name":"AVID Set for BB5"}]},{"@type":"WebSite","@id":"https:\/\/vmsport.fi\/#website","url":"https:\/\/vmsport.fi\/","name":"Vmsport","description":"Allt p\u00e5 ett st\u00e4lle f\u00f6r cykling","publisher":{"@id":"https:\/\/vmsport.fi\/#organization"},"potentialAction":[{"@type":"SearchAction","target":{"@type":"EntryPoint","urlTemplate":"https:\/\/vmsport.fi\/?s={search_term_string}"},"query-input":{"@type":"PropertyValueSpecification","valueRequired":true,"valueName":"search_term_string"}}],"inLanguage":"sv-SE"},{"@type":"Organization","@id":"https:\/\/vmsport.fi\/#organization","name":"Vmsport","url":"https:\/\/vmsport.fi\/","logo":{"@type":"ImageObject","inLanguage":"sv-SE","@id":"https:\/\/vmsport.fi\/#\/schema\/logo\/image\/","url":"https:\/\/vmsport.fi\/wp-content\/uploads\/2024\/12\/vm_sport_RGB_horisontal-e1734526017575.png","contentUrl":"https:\/\/vmsport.fi\/wp-content\/uploads\/2024\/12\/vm_sport_RGB_horisontal-e1734526017575.png","width":668,"height":85,"caption":"Vmsport"},"image":{"@id":"https:\/\/vmsport.fi\/#\/schema\/logo\/image\/"},"sameAs":["https:\/\/www.facebook.com\/Vmsport.fi\/","https:\/\/www.instagram.com\/vmsport\/"]}]}},"global_unique_id":"","_links":{"self":[{"href":"https:\/\/vmsport.fi\/sv\/wp-json\/wp\/v2\/product\/53862","targetHints":{"allow":["GET"]}}],"collection":[{"href":"https:\/\/vmsport.fi\/sv\/wp-json\/wp\/v2\/product"}],"about":[{"href":"https:\/\/vmsport.fi\/sv\/wp-json\/wp\/v2\/types\/product"}],"replies":[{"embeddable":true,"href":"https:\/\/vmsport.fi\/sv\/wp-json\/wp\/v2\/comments?post=53862"}],"wp:featuredmedia":[{"embeddable":true,"href":"https:\/\/vmsport.fi\/sv\/wp-json\/wp\/v2\/media\/53861"}],"wp:attachment":[{"href":"https:\/\/vmsport.fi\/sv\/wp-json\/wp\/v2\/media?parent=53862"}],"wp:term":[{"taxonomy":"product_brand","embeddable":true,"href":"https:\/\/vmsport.fi\/sv\/wp-json\/wp\/v2\/product_brand?post=53862"},{"taxonomy":"product_model","embeddable":true,"href":"https:\/\/vmsport.fi\/sv\/wp-json\/wp\/v2\/product_model?post=53862"},{"taxonomy":"product_cat","embeddable":true,"href":"https:\/\/vmsport.fi\/sv\/wp-json\/wp\/v2\/product_cat?post=53862"},{"taxonomy":"product_tag","embeddable":true,"href":"https:\/\/vmsport.fi\/sv\/wp-json\/wp\/v2\/product_tag?post=53862"},{"taxonomy":"industry_terminology","embeddable":true,"href":"https:\/\/vmsport.fi\/sv\/wp-json\/wp\/v2\/industry-terminology?post=53862"}],"curies":[{"name":"wp","href":"https:\/\/api.w.org\/{rel}","templated":true}]}}