{"id":53860,"date":"2025-03-05T23:45:53","date_gmt":"2025-03-05T21:45:53","guid":{"rendered":"https:\/\/vmsport.fi\/verkkokauppa\/Ei-luokiteltu\/jarrupalat-avid-sram-elixir-1-3-5-7\/"},"modified":"2026-04-23T10:13:12","modified_gmt":"2026-04-23T07:13:12","slug":"jarrupalat-avid-sram-elixir-1-3-5-7","status":"publish","type":"product","link":"https:\/\/vmsport.fi\/sv\/verkkokauppa\/varaosat\/jarrut\/jarrupalat\/jarrupalat-avid-sram-elixir-1-3-5-7\/","title":{"rendered":"Bromsbel\u00e4gg AVID\/SRAM Elixir 1, 3, 5, 7"},"content":{"rendered":"<p>Avid\/SRAM Elixir 1, 3, 5, 7 -jarrupalat tarjoavat erinomaisen jarrutustehon, kun turvallisuus ja hallittavuus ovat etusijalla. Ne ovat yhteensopivat Avid Elixir 1, 3, 5, 7 ja SRAM R, CR, XX, X0 -mallien kanssa. Jarrupalojen innovatiivinen Enduro Pro -yhdiste suorittaa erinomaisesti monenlaisissa py\u00f6r\u00e4ilyolosuhteissa, sill\u00e4 ne on testattu perusteellisesti varmistamaan korkein mahdollinen luotettavuus ja kest\u00e4vyys.<\/p>\n<p>N\u00e4m\u00e4 jarrupalat koostuvat eri materiaaleista, jotka on suunniteltu parantamaan pys\u00e4ytysvoimaa ja py\u00f6r\u00e4ilysuorituskyky\u00e4. Ne sis\u00e4lt\u00e4v\u00e4t korkealaatuisen puolimetallisen seoksen ja kest\u00e4v\u00e4n orgaanisen hartsin. Jos haluat parantaa jarruj\u00e4rjestelm\u00e4\u00e4si, n\u00e4m\u00e4 jarrupalat ovat ihanteellisia sek\u00e4 satunnaisille ett\u00e4 ammattimaisille ajajille, jotka arvostavat tehokkuutta ja luotettavuutta.<\/p>","protected":false},"excerpt":{"rendered":"<p>Avid\/SRAM Elixir 1, 3, 5, 7 -jarrupalat tarjoavat erinomaisen jarrutustehon, kun turvallisuus ja hallittavuus ovat etusijalla. Ne ovat yhteensopivat Avid Elixir 1, 3, 5, 7 ja SRAM R, CR, XX, X0 -mallien kanssa. Jarrupalojen innovatiivinen Enduro Pro -yhdiste suorittaa erinomaisesti monenlaisissa py\u00f6r\u00e4ilyolosuhteissa, sill\u00e4 ne on testattu perusteellisesti varmistamaan korkein mahdollinen luotettavuus ja kest\u00e4vyys. N\u00e4m\u00e4 jarrupalat [&#8230;]<\/p>\n<p><a class=\"btn btn-secondary understrap-read-more-link\" href=\"https:\/\/vmsport.fi\/sv\/verkkokauppa\/varaosat\/jarrut\/jarrupalat\/jarrupalat-avid-sram-elixir-1-3-5-7\/\">L\u00e4s mer \u2026<span class=\"screen-reader-text\"> from Jarrupalat AVID\/SRAM Elixir 1, 3, 5, 7<\/span><\/a><\/p>\n","protected":false},"featured_media":53859,"comment_status":"open","ping_status":"closed","template":"","meta":{"_acf_changed":false,"_improvement_type_select":"improve_an_existing","_thumb_yes_seoaic":false,"_frame_yes_seoaic":false,"seoaic_generate_description":"","seoaic_improve_instructions_prompt":"","seoaic_rollback_content_improvement":"","seoaic_idea_thumbnail_generator":"","thumbnail_generated":false,"thumbnail_generate_prompt":"","seoaic_article_description":"","_supplier_stock_quantity":0},"product_brand":[1588],"product_model":[],"product_cat":[9288],"product_tag":[],"industry-terminology":[],"class_list":{"0":"post-53860","1":"product","2":"type-product","3":"status-publish","4":"has-post-thumbnail","6":"product_brand-sram","7":"product_cat-jarrupalat","9":"first","10":"instock","11":"taxable","12":"shipping-taxable","13":"purchasable","14":"product-type-simple"},"acf":{"bike_features":null,"overview":{"copy_overview":null,"key_features":null,"statement":"","youtube_url":""}},"yoast_head":"<!-- This site is optimized with the Yoast SEO plugin v27.4 - https:\/\/yoast.com\/product\/yoast-seo-wordpress\/ -->\n<title>Jarrupalat AVID\/SRAM Elixir 1, 3, 5, 7 - VM Sport<\/title>\n<meta name=\"robots\" content=\"index, follow, max-snippet:-1, max-image-preview:large, max-video-preview:-1\" \/>\n<link rel=\"canonical\" href=\"https:\/\/vmsport.fi\/sv\/webbutik\/reservdelar\/bromsar\/bromsbelagg\/jarrupalat-avid-sram-elixir-1-3-5-7\/\" \/>\n<meta property=\"og:locale\" content=\"sv_SE\" \/>\n<meta property=\"og:type\" content=\"article\" \/>\n<meta property=\"og:title\" content=\"Jarrupalat AVID\/SRAM Elixir 1, 3, 5, 7 - VM Sport\" \/>\n<meta property=\"og:description\" content=\"Avid\/SRAM Elixir 1, 3, 5, 7 -jarrupalat tarjoavat erinomaisen jarrutustehon, kun turvallisuus ja hallittavuus ovat etusijalla. Ne ovat yhteensopivat Avid Elixir 1, 3, 5, 7 ja SRAM R, CR, XX, X0 -mallien kanssa. Jarrupalojen innovatiivinen Enduro Pro -yhdiste suorittaa erinomaisesti monenlaisissa py\u00f6r\u00e4ilyolosuhteissa, sill\u00e4 ne on testattu perusteellisesti varmistamaan korkein mahdollinen luotettavuus ja kest\u00e4vyys. N\u00e4m\u00e4 jarrupalat [...]L\u00e4s mer \u2026 from Jarrupalat AVID\/SRAM Elixir 1, 3, 5, 7\" \/>\n<meta property=\"og:url\" content=\"https:\/\/vmsport.fi\/sv\/webbutik\/reservdelar\/bromsar\/bromsbelagg\/jarrupalat-avid-sram-elixir-1-3-5-7\/\" \/>\n<meta property=\"og:site_name\" content=\"VM Sport\" \/>\n<meta property=\"article:publisher\" content=\"https:\/\/www.facebook.com\/Vmsport.fi\/\" \/>\n<meta property=\"article:modified_time\" content=\"2026-04-23T07:13:12+00:00\" \/>\n<meta property=\"og:image\" content=\"https:\/\/vmsport.fi\/wp-content\/uploads\/2025\/03\/Belaegg-Adv-AVID-SRAM-Elexir-1-3-5-7-1.jpg\" \/>\n\t<meta property=\"og:image:width\" content=\"255\" \/>\n\t<meta property=\"og:image:height\" content=\"176\" \/>\n\t<meta property=\"og:image:type\" content=\"image\/jpeg\" \/>\n<meta name=\"twitter:card\" content=\"summary_large_image\" \/>\n<meta name=\"twitter:label1\" content=\"Ber\u00e4knad l\u00e4stid\" \/>\n\t<meta name=\"twitter:data1\" content=\"1 minut\" \/>\n<script type=\"application\/ld+json\" class=\"yoast-schema-graph\">{\"@context\":\"https:\\\/\\\/schema.org\",\"@graph\":[{\"@type\":[\"WebPage\",\"ItemPage\"],\"@id\":\"https:\\\/\\\/vmsport.fi\\\/verkkokauppa\\\/varaosat\\\/jarrut\\\/jarrupalat\\\/jarrupalat-avid-sram-elixir-1-3-5-7\\\/\",\"url\":\"https:\\\/\\\/vmsport.fi\\\/verkkokauppa\\\/varaosat\\\/jarrut\\\/jarrupalat\\\/jarrupalat-avid-sram-elixir-1-3-5-7\\\/\",\"name\":\"Jarrupalat AVID\\\/SRAM Elixir 1, 3, 5, 7 - VM Sport\",\"isPartOf\":{\"@id\":\"https:\\\/\\\/vmsport.fi\\\/#website\"},\"primaryImageOfPage\":{\"@id\":\"https:\\\/\\\/vmsport.fi\\\/verkkokauppa\\\/varaosat\\\/jarrut\\\/jarrupalat\\\/jarrupalat-avid-sram-elixir-1-3-5-7\\\/#primaryimage\"},\"image\":{\"@id\":\"https:\\\/\\\/vmsport.fi\\\/verkkokauppa\\\/varaosat\\\/jarrut\\\/jarrupalat\\\/jarrupalat-avid-sram-elixir-1-3-5-7\\\/#primaryimage\"},\"thumbnailUrl\":\"https:\\\/\\\/vmsport.fi\\\/wp-content\\\/uploads\\\/2025\\\/03\\\/Belaegg-Adv-AVID-SRAM-Elexir-1-3-5-7-1.jpg\",\"datePublished\":\"2025-03-05T21:45:53+00:00\",\"dateModified\":\"2026-04-23T07:13:12+00:00\",\"breadcrumb\":{\"@id\":\"https:\\\/\\\/vmsport.fi\\\/verkkokauppa\\\/varaosat\\\/jarrut\\\/jarrupalat\\\/jarrupalat-avid-sram-elixir-1-3-5-7\\\/#breadcrumb\"},\"inLanguage\":\"sv-SE\",\"potentialAction\":[{\"@type\":\"ReadAction\",\"target\":[\"https:\\\/\\\/vmsport.fi\\\/verkkokauppa\\\/varaosat\\\/jarrut\\\/jarrupalat\\\/jarrupalat-avid-sram-elixir-1-3-5-7\\\/\"]}]},{\"@type\":\"ImageObject\",\"inLanguage\":\"sv-SE\",\"@id\":\"https:\\\/\\\/vmsport.fi\\\/verkkokauppa\\\/varaosat\\\/jarrut\\\/jarrupalat\\\/jarrupalat-avid-sram-elixir-1-3-5-7\\\/#primaryimage\",\"url\":\"https:\\\/\\\/vmsport.fi\\\/wp-content\\\/uploads\\\/2025\\\/03\\\/Belaegg-Adv-AVID-SRAM-Elexir-1-3-5-7-1.jpg\",\"contentUrl\":\"https:\\\/\\\/vmsport.fi\\\/wp-content\\\/uploads\\\/2025\\\/03\\\/Belaegg-Adv-AVID-SRAM-Elexir-1-3-5-7-1.jpg\",\"width\":255,\"height\":176,\"caption\":\"Belaegg-Adv-AVID-SRAM-Elexir-1-3-5-7\"},{\"@type\":\"BreadcrumbList\",\"@id\":\"https:\\\/\\\/vmsport.fi\\\/verkkokauppa\\\/varaosat\\\/jarrut\\\/jarrupalat\\\/jarrupalat-avid-sram-elixir-1-3-5-7\\\/#breadcrumb\",\"itemListElement\":[{\"@type\":\"ListItem\",\"position\":1,\"name\":\"Etusivu\",\"item\":\"https:\\\/\\\/vmsport.fi\\\/\"},{\"@type\":\"ListItem\",\"position\":2,\"name\":\"Online Store\",\"item\":\"https:\\\/\\\/vmsport.fi\\\/en\\\/online-store\\\/\"},{\"@type\":\"ListItem\",\"position\":3,\"name\":\"Jarrupalat AVID\\\/SRAM Elixir 1, 3, 5, 7\"}]},{\"@type\":\"WebSite\",\"@id\":\"https:\\\/\\\/vmsport.fi\\\/#website\",\"url\":\"https:\\\/\\\/vmsport.fi\\\/\",\"name\":\"Vmsport\",\"description\":\"Kaikki py\u00f6r\u00e4ilyyn yhdest\u00e4 paikasta\",\"publisher\":{\"@id\":\"https:\\\/\\\/vmsport.fi\\\/#organization\"},\"potentialAction\":[{\"@type\":\"SearchAction\",\"target\":{\"@type\":\"EntryPoint\",\"urlTemplate\":\"https:\\\/\\\/vmsport.fi\\\/?s={search_term_string}\"},\"query-input\":{\"@type\":\"PropertyValueSpecification\",\"valueRequired\":true,\"valueName\":\"search_term_string\"}}],\"inLanguage\":\"sv-SE\"},{\"@type\":\"Organization\",\"@id\":\"https:\\\/\\\/vmsport.fi\\\/#organization\",\"name\":\"Vmsport\",\"url\":\"https:\\\/\\\/vmsport.fi\\\/\",\"logo\":{\"@type\":\"ImageObject\",\"inLanguage\":\"sv-SE\",\"@id\":\"https:\\\/\\\/vmsport.fi\\\/#\\\/schema\\\/logo\\\/image\\\/\",\"url\":\"https:\\\/\\\/vmsport.fi\\\/wp-content\\\/uploads\\\/2024\\\/12\\\/vm_sport_RGB_horisontal-e1734526017575.png\",\"contentUrl\":\"https:\\\/\\\/vmsport.fi\\\/wp-content\\\/uploads\\\/2024\\\/12\\\/vm_sport_RGB_horisontal-e1734526017575.png\",\"width\":668,\"height\":85,\"caption\":\"Vmsport\"},\"image\":{\"@id\":\"https:\\\/\\\/vmsport.fi\\\/#\\\/schema\\\/logo\\\/image\\\/\"},\"sameAs\":[\"https:\\\/\\\/www.facebook.com\\\/Vmsport.fi\\\/\",\"https:\\\/\\\/www.instagram.com\\\/vmsport\\\/\"]}]}<\/script>\n<!-- \/ Yoast SEO plugin. -->","yoast_head_json":{"title":"Jarrupalat AVID\/SRAM Elixir 1, 3, 5, 7 - VM Sport","robots":{"index":"index","follow":"follow","max-snippet":"max-snippet:-1","max-image-preview":"max-image-preview:large","max-video-preview":"max-video-preview:-1"},"canonical":"https:\/\/vmsport.fi\/sv\/webbutik\/reservdelar\/bromsar\/bromsbelagg\/jarrupalat-avid-sram-elixir-1-3-5-7\/","og_locale":"sv_SE","og_type":"article","og_title":"Jarrupalat AVID\/SRAM Elixir 1, 3, 5, 7 - VM Sport","og_description":"Avid\/SRAM Elixir 1, 3, 5, 7 -jarrupalat tarjoavat erinomaisen jarrutustehon, kun turvallisuus ja hallittavuus ovat etusijalla. Ne ovat yhteensopivat Avid Elixir 1, 3, 5, 7 ja SRAM R, CR, XX, X0 -mallien kanssa. Jarrupalojen innovatiivinen Enduro Pro -yhdiste suorittaa erinomaisesti monenlaisissa py\u00f6r\u00e4ilyolosuhteissa, sill\u00e4 ne on testattu perusteellisesti varmistamaan korkein mahdollinen luotettavuus ja kest\u00e4vyys. N\u00e4m\u00e4 jarrupalat [...]L\u00e4s mer \u2026 from Jarrupalat AVID\/SRAM Elixir 1, 3, 5, 7","og_url":"https:\/\/vmsport.fi\/sv\/webbutik\/reservdelar\/bromsar\/bromsbelagg\/jarrupalat-avid-sram-elixir-1-3-5-7\/","og_site_name":"VM Sport","article_publisher":"https:\/\/www.facebook.com\/Vmsport.fi\/","article_modified_time":"2026-04-23T07:13:12+00:00","og_image":[{"width":255,"height":176,"url":"https:\/\/vmsport.fi\/wp-content\/uploads\/2025\/03\/Belaegg-Adv-AVID-SRAM-Elexir-1-3-5-7-1.jpg","type":"image\/jpeg"}],"twitter_card":"summary_large_image","twitter_misc":{"Ber\u00e4knad l\u00e4stid":"1 minut"},"schema":{"@context":"https:\/\/schema.org","@graph":[{"@type":["WebPage","ItemPage"],"@id":"https:\/\/vmsport.fi\/verkkokauppa\/varaosat\/jarrut\/jarrupalat\/jarrupalat-avid-sram-elixir-1-3-5-7\/","url":"https:\/\/vmsport.fi\/verkkokauppa\/varaosat\/jarrut\/jarrupalat\/jarrupalat-avid-sram-elixir-1-3-5-7\/","name":"Jarrupalat AVID\/SRAM Elixir 1, 3, 5, 7 - VM Sport","isPartOf":{"@id":"https:\/\/vmsport.fi\/#website"},"primaryImageOfPage":{"@id":"https:\/\/vmsport.fi\/verkkokauppa\/varaosat\/jarrut\/jarrupalat\/jarrupalat-avid-sram-elixir-1-3-5-7\/#primaryimage"},"image":{"@id":"https:\/\/vmsport.fi\/verkkokauppa\/varaosat\/jarrut\/jarrupalat\/jarrupalat-avid-sram-elixir-1-3-5-7\/#primaryimage"},"thumbnailUrl":"https:\/\/vmsport.fi\/wp-content\/uploads\/2025\/03\/Belaegg-Adv-AVID-SRAM-Elexir-1-3-5-7-1.jpg","datePublished":"2025-03-05T21:45:53+00:00","dateModified":"2026-04-23T07:13:12+00:00","breadcrumb":{"@id":"https:\/\/vmsport.fi\/verkkokauppa\/varaosat\/jarrut\/jarrupalat\/jarrupalat-avid-sram-elixir-1-3-5-7\/#breadcrumb"},"inLanguage":"sv-SE","potentialAction":[{"@type":"ReadAction","target":["https:\/\/vmsport.fi\/verkkokauppa\/varaosat\/jarrut\/jarrupalat\/jarrupalat-avid-sram-elixir-1-3-5-7\/"]}]},{"@type":"ImageObject","inLanguage":"sv-SE","@id":"https:\/\/vmsport.fi\/verkkokauppa\/varaosat\/jarrut\/jarrupalat\/jarrupalat-avid-sram-elixir-1-3-5-7\/#primaryimage","url":"https:\/\/vmsport.fi\/wp-content\/uploads\/2025\/03\/Belaegg-Adv-AVID-SRAM-Elexir-1-3-5-7-1.jpg","contentUrl":"https:\/\/vmsport.fi\/wp-content\/uploads\/2025\/03\/Belaegg-Adv-AVID-SRAM-Elexir-1-3-5-7-1.jpg","width":255,"height":176,"caption":"Belaegg-Adv-AVID-SRAM-Elexir-1-3-5-7"},{"@type":"BreadcrumbList","@id":"https:\/\/vmsport.fi\/verkkokauppa\/varaosat\/jarrut\/jarrupalat\/jarrupalat-avid-sram-elixir-1-3-5-7\/#breadcrumb","itemListElement":[{"@type":"ListItem","position":1,"name":"Etusivu","item":"https:\/\/vmsport.fi\/"},{"@type":"ListItem","position":2,"name":"Online Store","item":"https:\/\/vmsport.fi\/en\/online-store\/"},{"@type":"ListItem","position":3,"name":"Jarrupalat AVID\/SRAM Elixir 1, 3, 5, 7"}]},{"@type":"WebSite","@id":"https:\/\/vmsport.fi\/#website","url":"https:\/\/vmsport.fi\/","name":"Vmsport","description":"Allt p\u00e5 ett st\u00e4lle f\u00f6r cykling","publisher":{"@id":"https:\/\/vmsport.fi\/#organization"},"potentialAction":[{"@type":"SearchAction","target":{"@type":"EntryPoint","urlTemplate":"https:\/\/vmsport.fi\/?s={search_term_string}"},"query-input":{"@type":"PropertyValueSpecification","valueRequired":true,"valueName":"search_term_string"}}],"inLanguage":"sv-SE"},{"@type":"Organization","@id":"https:\/\/vmsport.fi\/#organization","name":"Vmsport","url":"https:\/\/vmsport.fi\/","logo":{"@type":"ImageObject","inLanguage":"sv-SE","@id":"https:\/\/vmsport.fi\/#\/schema\/logo\/image\/","url":"https:\/\/vmsport.fi\/wp-content\/uploads\/2024\/12\/vm_sport_RGB_horisontal-e1734526017575.png","contentUrl":"https:\/\/vmsport.fi\/wp-content\/uploads\/2024\/12\/vm_sport_RGB_horisontal-e1734526017575.png","width":668,"height":85,"caption":"Vmsport"},"image":{"@id":"https:\/\/vmsport.fi\/#\/schema\/logo\/image\/"},"sameAs":["https:\/\/www.facebook.com\/Vmsport.fi\/","https:\/\/www.instagram.com\/vmsport\/"]}]}},"global_unique_id":"","_links":{"self":[{"href":"https:\/\/vmsport.fi\/sv\/wp-json\/wp\/v2\/product\/53860","targetHints":{"allow":["GET"]}}],"collection":[{"href":"https:\/\/vmsport.fi\/sv\/wp-json\/wp\/v2\/product"}],"about":[{"href":"https:\/\/vmsport.fi\/sv\/wp-json\/wp\/v2\/types\/product"}],"replies":[{"embeddable":true,"href":"https:\/\/vmsport.fi\/sv\/wp-json\/wp\/v2\/comments?post=53860"}],"wp:featuredmedia":[{"embeddable":true,"href":"https:\/\/vmsport.fi\/sv\/wp-json\/wp\/v2\/media\/53859"}],"wp:attachment":[{"href":"https:\/\/vmsport.fi\/sv\/wp-json\/wp\/v2\/media?parent=53860"}],"wp:term":[{"taxonomy":"product_brand","embeddable":true,"href":"https:\/\/vmsport.fi\/sv\/wp-json\/wp\/v2\/product_brand?post=53860"},{"taxonomy":"product_model","embeddable":true,"href":"https:\/\/vmsport.fi\/sv\/wp-json\/wp\/v2\/product_model?post=53860"},{"taxonomy":"product_cat","embeddable":true,"href":"https:\/\/vmsport.fi\/sv\/wp-json\/wp\/v2\/product_cat?post=53860"},{"taxonomy":"product_tag","embeddable":true,"href":"https:\/\/vmsport.fi\/sv\/wp-json\/wp\/v2\/product_tag?post=53860"},{"taxonomy":"industry_terminology","embeddable":true,"href":"https:\/\/vmsport.fi\/sv\/wp-json\/wp\/v2\/industry-terminology?post=53860"}],"curies":[{"name":"wp","href":"https:\/\/api.w.org\/{rel}","templated":true}]}}