{"id":53845,"date":"2025-03-05T23:45:46","date_gmt":"2025-03-05T21:45:46","guid":{"rendered":"https:\/\/vmsport.fi\/verkkokauppa\/Ei-luokiteltu\/polkupyoran-kuljetusteline-thule-xpress-970-2lle-pyoralle-perakoukkuun\/"},"modified":"2026-01-16T13:22:06","modified_gmt":"2026-01-16T11:22:06","slug":"cykelhallare-for-thule-xpress-970-for-2-pyoror-med-bakre-krok","status":"publish","type":"product","link":"https:\/\/vmsport.fi\/sv\/verkkokauppa\/tarvikkeet\/telineet\/sailytys-ja-kuljetustelineet\/polkupyoran-kuljetusteline-thule-xpress-970-2lle-pyoralle-perakoukkuun\/","title":{"rendered":"Cykelh\u00e5llare THULE Xpress 970, f\u00f6r 2 cyklar, f\u00f6r bakre krok"},"content":{"rendered":"<p>THULE Xpress 970 cykelh\u00e5llare \u00e4r utformad f\u00f6r enkel transport av tv\u00e5 cyklar. Den f\u00e4sts s\u00e4kert p\u00e5 den bakre kroken, vilket garanterar kompatibilitet med de flesta bilar. Den enkla anv\u00e4ndningen g\u00f6r cykelh\u00e5llaren idealisk f\u00f6r korta resor, t.ex. till skolan. Cyklarna sitter fast med mjuka gummiband som skyddar cykelramen fr\u00e5n repor.<\/p>\n<p>Cyklar med specialramar, t.ex. damcyklar, BMX-cyklar och downhillcyklar, kan monteras med hj\u00e4lp av en ramadapter. Den praktiska designen g\u00f6r montering och demontering enkel och kr\u00e4ver inga verktyg. N\u00e4r paketh\u00e5llaren inte anv\u00e4nds kan den enkelt f\u00e4llas ihop och f\u00f6rvaras i bilens bagageutrymme, vilket understryker dess praktiska och effektiva egenskaper.<\/p>","protected":false},"excerpt":{"rendered":"<p>THULE Xpress 970 polkupy\u00f6r\u00e4n kuljetusteline on suunniteltu kahden py\u00f6r\u00e4n vaivattomaan kuljetukseen. Se kiinnittyy tukevasti per\u00e4koukkuun, mik\u00e4 takaa sen yhteensopivuuden useimpien autojen kanssa. Helppok\u00e4ytt\u00f6isyytens\u00e4 ansiosta t\u00e4m\u00e4 teline on ihanteellinen lyhyit\u00e4 matkoja, kuten kouluun, varten. Polkupy\u00f6r\u00e4t kiinnittyv\u00e4t pehmeill\u00e4 kumihihnoilla, jotka suojaavat py\u00f6r\u00e4n runkoa naarmuilta. Erikoisrunkoiset py\u00f6r\u00e4t, kuten naistenpy\u00f6r\u00e4t, BMX- ja alam\u00e4kipy\u00f6r\u00e4t, saa kiinnitetty\u00e4 runkosovittimen avulla. K\u00e4tev\u00e4n muotoilun [&#8230;]<\/p>\n<p><a class=\"btn btn-secondary understrap-read-more-link\" href=\"https:\/\/vmsport.fi\/sv\/verkkokauppa\/tarvikkeet\/telineet\/sailytys-ja-kuljetustelineet\/polkupyoran-kuljetusteline-thule-xpress-970-2lle-pyoralle-perakoukkuun\/\">L\u00e4s mer \u2026<span class=\"screen-reader-text\"> from Polkupy\u00f6r\u00e4n kuljetusteline THULE Xpress 970, 2:lle py\u00f6r\u00e4lle, per\u00e4koukkuun<\/span><\/a><\/p>\n","protected":false},"featured_media":53842,"comment_status":"open","ping_status":"closed","template":"","meta":{"_acf_changed":false,"_improvement_type_select":"improve_an_existing","_thumb_yes_seoaic":false,"_frame_yes_seoaic":false,"seoaic_generate_description":"","seoaic_improve_instructions_prompt":"","seoaic_rollback_content_improvement":"","seoaic_idea_thumbnail_generator":"","thumbnail_generated":false,"thumbnail_generate_prompt":"","seoaic_article_description":"","_supplier_stock_quantity":0},"product_brand":[],"product_model":[],"product_cat":[9426],"product_tag":[],"industry-terminology":[],"class_list":{"0":"post-53845","1":"product","2":"type-product","3":"status-publish","4":"has-post-thumbnail","6":"product_cat-sailytys-ja-kuljetustelineet","8":"first","9":"instock","10":"taxable","11":"shipping-taxable","12":"purchasable","13":"product-type-simple"},"acf":{"bike_features":null,"overview":{"copy_overview":null,"key_features":null,"statement":"","youtube_url":""}},"yoast_head":"<!-- This site is optimized with the Yoast SEO plugin v27.3 - https:\/\/yoast.com\/product\/yoast-seo-wordpress\/ -->\n<title>Polkupy\u00f6r\u00e4n kuljetusteline THULE Xpress 970, 2:lle py\u00f6r\u00e4lle, per\u00e4koukkuun - VM Sport<\/title>\n<meta name=\"robots\" content=\"index, follow, max-snippet:-1, max-image-preview:large, max-video-preview:-1\" \/>\n<link rel=\"canonical\" href=\"https:\/\/vmsport.fi\/sv\/webbutik\/tillbehor\/byggnadsstallningar\/forvaringsstall-och-transportstall\/cykelhallare-for-thule-xpress-970-for-2-pyoror-med-bakre-krok\/\" \/>\n<meta property=\"og:locale\" content=\"sv_SE\" \/>\n<meta property=\"og:type\" content=\"article\" \/>\n<meta property=\"og:title\" content=\"Polkupy\u00f6r\u00e4n kuljetusteline THULE Xpress 970, 2:lle py\u00f6r\u00e4lle, per\u00e4koukkuun - VM Sport\" \/>\n<meta property=\"og:description\" content=\"THULE Xpress 970 polkupy\u00f6r\u00e4n kuljetusteline on suunniteltu kahden py\u00f6r\u00e4n vaivattomaan kuljetukseen. Se kiinnittyy tukevasti per\u00e4koukkuun, mik\u00e4 takaa sen yhteensopivuuden useimpien autojen kanssa. Helppok\u00e4ytt\u00f6isyytens\u00e4 ansiosta t\u00e4m\u00e4 teline on ihanteellinen lyhyit\u00e4 matkoja, kuten kouluun, varten. Polkupy\u00f6r\u00e4t kiinnittyv\u00e4t pehmeill\u00e4 kumihihnoilla, jotka suojaavat py\u00f6r\u00e4n runkoa naarmuilta. Erikoisrunkoiset py\u00f6r\u00e4t, kuten naistenpy\u00f6r\u00e4t, BMX- ja alam\u00e4kipy\u00f6r\u00e4t, saa kiinnitetty\u00e4 runkosovittimen avulla. K\u00e4tev\u00e4n muotoilun [...]L\u00e4s mer \u2026 from Polkupy\u00f6r\u00e4n kuljetusteline THULE Xpress 970, 2:lle py\u00f6r\u00e4lle, per\u00e4koukkuun\" \/>\n<meta property=\"og:url\" content=\"https:\/\/vmsport.fi\/sv\/webbutik\/tillbehor\/byggnadsstallningar\/forvaringsstall-och-transportstall\/cykelhallare-for-thule-xpress-970-for-2-pyoror-med-bakre-krok\/\" \/>\n<meta property=\"og:site_name\" content=\"VM Sport\" \/>\n<meta property=\"article:publisher\" content=\"https:\/\/www.facebook.com\/Vmsport.fi\/\" \/>\n<meta property=\"article:modified_time\" content=\"2026-01-16T11:22:06+00:00\" \/>\n<meta property=\"og:image\" content=\"https:\/\/vmsport.fi\/wp-content\/uploads\/2025\/03\/19109887-bb9e-4cd6-abd2-613d57542c63-1.jpg\" \/>\n\t<meta property=\"og:image:width\" content=\"1000\" \/>\n\t<meta property=\"og:image:height\" content=\"662\" \/>\n\t<meta property=\"og:image:type\" content=\"image\/jpeg\" \/>\n<meta name=\"twitter:card\" content=\"summary_large_image\" \/>\n<meta name=\"twitter:label1\" content=\"Ber\u00e4knad l\u00e4stid\" \/>\n\t<meta name=\"twitter:data1\" content=\"1 minut\" \/>\n<script type=\"application\/ld+json\" class=\"yoast-schema-graph\">{\"@context\":\"https:\\\/\\\/schema.org\",\"@graph\":[{\"@type\":[\"WebPage\",\"ItemPage\"],\"@id\":\"https:\\\/\\\/vmsport.fi\\\/verkkokauppa\\\/tarvikkeet\\\/telineet\\\/sailytys-ja-kuljetustelineet\\\/polkupyoran-kuljetusteline-thule-xpress-970-2lle-pyoralle-perakoukkuun\\\/\",\"url\":\"https:\\\/\\\/vmsport.fi\\\/verkkokauppa\\\/tarvikkeet\\\/telineet\\\/sailytys-ja-kuljetustelineet\\\/polkupyoran-kuljetusteline-thule-xpress-970-2lle-pyoralle-perakoukkuun\\\/\",\"name\":\"Polkupy\u00f6r\u00e4n kuljetusteline THULE Xpress 970, 2:lle py\u00f6r\u00e4lle, per\u00e4koukkuun - VM Sport\",\"isPartOf\":{\"@id\":\"https:\\\/\\\/vmsport.fi\\\/#website\"},\"primaryImageOfPage\":{\"@id\":\"https:\\\/\\\/vmsport.fi\\\/verkkokauppa\\\/tarvikkeet\\\/telineet\\\/sailytys-ja-kuljetustelineet\\\/polkupyoran-kuljetusteline-thule-xpress-970-2lle-pyoralle-perakoukkuun\\\/#primaryimage\"},\"image\":{\"@id\":\"https:\\\/\\\/vmsport.fi\\\/verkkokauppa\\\/tarvikkeet\\\/telineet\\\/sailytys-ja-kuljetustelineet\\\/polkupyoran-kuljetusteline-thule-xpress-970-2lle-pyoralle-perakoukkuun\\\/#primaryimage\"},\"thumbnailUrl\":\"https:\\\/\\\/vmsport.fi\\\/wp-content\\\/uploads\\\/2025\\\/03\\\/19109887-bb9e-4cd6-abd2-613d57542c63-1.jpg\",\"datePublished\":\"2025-03-05T21:45:46+00:00\",\"dateModified\":\"2026-01-16T11:22:06+00:00\",\"breadcrumb\":{\"@id\":\"https:\\\/\\\/vmsport.fi\\\/verkkokauppa\\\/tarvikkeet\\\/telineet\\\/sailytys-ja-kuljetustelineet\\\/polkupyoran-kuljetusteline-thule-xpress-970-2lle-pyoralle-perakoukkuun\\\/#breadcrumb\"},\"inLanguage\":\"sv-SE\",\"potentialAction\":[{\"@type\":\"ReadAction\",\"target\":[\"https:\\\/\\\/vmsport.fi\\\/verkkokauppa\\\/tarvikkeet\\\/telineet\\\/sailytys-ja-kuljetustelineet\\\/polkupyoran-kuljetusteline-thule-xpress-970-2lle-pyoralle-perakoukkuun\\\/\"]}]},{\"@type\":\"ImageObject\",\"inLanguage\":\"sv-SE\",\"@id\":\"https:\\\/\\\/vmsport.fi\\\/verkkokauppa\\\/tarvikkeet\\\/telineet\\\/sailytys-ja-kuljetustelineet\\\/polkupyoran-kuljetusteline-thule-xpress-970-2lle-pyoralle-perakoukkuun\\\/#primaryimage\",\"url\":\"https:\\\/\\\/vmsport.fi\\\/wp-content\\\/uploads\\\/2025\\\/03\\\/19109887-bb9e-4cd6-abd2-613d57542c63-1.jpg\",\"contentUrl\":\"https:\\\/\\\/vmsport.fi\\\/wp-content\\\/uploads\\\/2025\\\/03\\\/19109887-bb9e-4cd6-abd2-613d57542c63-1.jpg\",\"width\":1000,\"height\":662,\"caption\":\"19109887-bb9e-4cd6-abd2-613d57542c63\"},{\"@type\":\"BreadcrumbList\",\"@id\":\"https:\\\/\\\/vmsport.fi\\\/verkkokauppa\\\/tarvikkeet\\\/telineet\\\/sailytys-ja-kuljetustelineet\\\/polkupyoran-kuljetusteline-thule-xpress-970-2lle-pyoralle-perakoukkuun\\\/#breadcrumb\",\"itemListElement\":[{\"@type\":\"ListItem\",\"position\":1,\"name\":\"Etusivu\",\"item\":\"https:\\\/\\\/vmsport.fi\\\/\"},{\"@type\":\"ListItem\",\"position\":2,\"name\":\"Online Store\",\"item\":\"https:\\\/\\\/vmsport.fi\\\/en\\\/online-store\\\/\"},{\"@type\":\"ListItem\",\"position\":3,\"name\":\"Polkupy\u00f6r\u00e4n kuljetusteline THULE Xpress 970, 2:lle py\u00f6r\u00e4lle, per\u00e4koukkuun\"}]},{\"@type\":\"WebSite\",\"@id\":\"https:\\\/\\\/vmsport.fi\\\/#website\",\"url\":\"https:\\\/\\\/vmsport.fi\\\/\",\"name\":\"Vmsport\",\"description\":\"Kaikki py\u00f6r\u00e4ilyyn yhdest\u00e4 paikasta\",\"publisher\":{\"@id\":\"https:\\\/\\\/vmsport.fi\\\/#organization\"},\"potentialAction\":[{\"@type\":\"SearchAction\",\"target\":{\"@type\":\"EntryPoint\",\"urlTemplate\":\"https:\\\/\\\/vmsport.fi\\\/?s={search_term_string}\"},\"query-input\":{\"@type\":\"PropertyValueSpecification\",\"valueRequired\":true,\"valueName\":\"search_term_string\"}}],\"inLanguage\":\"sv-SE\"},{\"@type\":\"Organization\",\"@id\":\"https:\\\/\\\/vmsport.fi\\\/#organization\",\"name\":\"Vmsport\",\"url\":\"https:\\\/\\\/vmsport.fi\\\/\",\"logo\":{\"@type\":\"ImageObject\",\"inLanguage\":\"sv-SE\",\"@id\":\"https:\\\/\\\/vmsport.fi\\\/#\\\/schema\\\/logo\\\/image\\\/\",\"url\":\"https:\\\/\\\/vmsport.fi\\\/wp-content\\\/uploads\\\/2024\\\/12\\\/vm_sport_RGB_horisontal-e1734526017575.png\",\"contentUrl\":\"https:\\\/\\\/vmsport.fi\\\/wp-content\\\/uploads\\\/2024\\\/12\\\/vm_sport_RGB_horisontal-e1734526017575.png\",\"width\":668,\"height\":85,\"caption\":\"Vmsport\"},\"image\":{\"@id\":\"https:\\\/\\\/vmsport.fi\\\/#\\\/schema\\\/logo\\\/image\\\/\"},\"sameAs\":[\"https:\\\/\\\/www.facebook.com\\\/Vmsport.fi\\\/\",\"https:\\\/\\\/www.instagram.com\\\/vmsport\\\/\"]}]}<\/script>\n<!-- \/ Yoast SEO plugin. -->","yoast_head_json":{"title":"Cykelh\u00e5llare THULE Xpress 970, f\u00f6r 2 cyklar, f\u00f6r bakre krok - VM Sport","robots":{"index":"index","follow":"follow","max-snippet":"max-snippet:-1","max-image-preview":"max-image-preview:large","max-video-preview":"max-video-preview:-1"},"canonical":"https:\/\/vmsport.fi\/sv\/webbutik\/tillbehor\/byggnadsstallningar\/forvaringsstall-och-transportstall\/cykelhallare-for-thule-xpress-970-for-2-pyoror-med-bakre-krok\/","og_locale":"sv_SE","og_type":"article","og_title":"Polkupy\u00f6r\u00e4n kuljetusteline THULE Xpress 970, 2:lle py\u00f6r\u00e4lle, per\u00e4koukkuun - VM Sport","og_description":"THULE Xpress 970 polkupy\u00f6r\u00e4n kuljetusteline on suunniteltu kahden py\u00f6r\u00e4n vaivattomaan kuljetukseen. Se kiinnittyy tukevasti per\u00e4koukkuun, mik\u00e4 takaa sen yhteensopivuuden useimpien autojen kanssa. Helppok\u00e4ytt\u00f6isyytens\u00e4 ansiosta t\u00e4m\u00e4 teline on ihanteellinen lyhyit\u00e4 matkoja, kuten kouluun, varten. Polkupy\u00f6r\u00e4t kiinnittyv\u00e4t pehmeill\u00e4 kumihihnoilla, jotka suojaavat py\u00f6r\u00e4n runkoa naarmuilta. Erikoisrunkoiset py\u00f6r\u00e4t, kuten naistenpy\u00f6r\u00e4t, BMX- ja alam\u00e4kipy\u00f6r\u00e4t, saa kiinnitetty\u00e4 runkosovittimen avulla. K\u00e4tev\u00e4n muotoilun [...]L\u00e4s mer \u2026 from Polkupy\u00f6r\u00e4n kuljetusteline THULE Xpress 970, 2:lle py\u00f6r\u00e4lle, per\u00e4koukkuun","og_url":"https:\/\/vmsport.fi\/sv\/webbutik\/tillbehor\/byggnadsstallningar\/forvaringsstall-och-transportstall\/cykelhallare-for-thule-xpress-970-for-2-pyoror-med-bakre-krok\/","og_site_name":"VM Sport","article_publisher":"https:\/\/www.facebook.com\/Vmsport.fi\/","article_modified_time":"2026-01-16T11:22:06+00:00","og_image":[{"width":1000,"height":662,"url":"https:\/\/vmsport.fi\/wp-content\/uploads\/2025\/03\/19109887-bb9e-4cd6-abd2-613d57542c63-1.jpg","type":"image\/jpeg"}],"twitter_card":"summary_large_image","twitter_misc":{"Ber\u00e4knad l\u00e4stid":"1 minut"},"schema":{"@context":"https:\/\/schema.org","@graph":[{"@type":["WebPage","ItemPage"],"@id":"https:\/\/vmsport.fi\/verkkokauppa\/tarvikkeet\/telineet\/sailytys-ja-kuljetustelineet\/polkupyoran-kuljetusteline-thule-xpress-970-2lle-pyoralle-perakoukkuun\/","url":"https:\/\/vmsport.fi\/verkkokauppa\/tarvikkeet\/telineet\/sailytys-ja-kuljetustelineet\/polkupyoran-kuljetusteline-thule-xpress-970-2lle-pyoralle-perakoukkuun\/","name":"Cykelh\u00e5llare THULE Xpress 970, f\u00f6r 2 cyklar, f\u00f6r bakre krok - VM Sport","isPartOf":{"@id":"https:\/\/vmsport.fi\/#website"},"primaryImageOfPage":{"@id":"https:\/\/vmsport.fi\/verkkokauppa\/tarvikkeet\/telineet\/sailytys-ja-kuljetustelineet\/polkupyoran-kuljetusteline-thule-xpress-970-2lle-pyoralle-perakoukkuun\/#primaryimage"},"image":{"@id":"https:\/\/vmsport.fi\/verkkokauppa\/tarvikkeet\/telineet\/sailytys-ja-kuljetustelineet\/polkupyoran-kuljetusteline-thule-xpress-970-2lle-pyoralle-perakoukkuun\/#primaryimage"},"thumbnailUrl":"https:\/\/vmsport.fi\/wp-content\/uploads\/2025\/03\/19109887-bb9e-4cd6-abd2-613d57542c63-1.jpg","datePublished":"2025-03-05T21:45:46+00:00","dateModified":"2026-01-16T11:22:06+00:00","breadcrumb":{"@id":"https:\/\/vmsport.fi\/verkkokauppa\/tarvikkeet\/telineet\/sailytys-ja-kuljetustelineet\/polkupyoran-kuljetusteline-thule-xpress-970-2lle-pyoralle-perakoukkuun\/#breadcrumb"},"inLanguage":"sv-SE","potentialAction":[{"@type":"ReadAction","target":["https:\/\/vmsport.fi\/verkkokauppa\/tarvikkeet\/telineet\/sailytys-ja-kuljetustelineet\/polkupyoran-kuljetusteline-thule-xpress-970-2lle-pyoralle-perakoukkuun\/"]}]},{"@type":"ImageObject","inLanguage":"sv-SE","@id":"https:\/\/vmsport.fi\/verkkokauppa\/tarvikkeet\/telineet\/sailytys-ja-kuljetustelineet\/polkupyoran-kuljetusteline-thule-xpress-970-2lle-pyoralle-perakoukkuun\/#primaryimage","url":"https:\/\/vmsport.fi\/wp-content\/uploads\/2025\/03\/19109887-bb9e-4cd6-abd2-613d57542c63-1.jpg","contentUrl":"https:\/\/vmsport.fi\/wp-content\/uploads\/2025\/03\/19109887-bb9e-4cd6-abd2-613d57542c63-1.jpg","width":1000,"height":662,"caption":"19109887-bb9e-4cd6-abd2-613d57542c63"},{"@type":"BreadcrumbList","@id":"https:\/\/vmsport.fi\/verkkokauppa\/tarvikkeet\/telineet\/sailytys-ja-kuljetustelineet\/polkupyoran-kuljetusteline-thule-xpress-970-2lle-pyoralle-perakoukkuun\/#breadcrumb","itemListElement":[{"@type":"ListItem","position":1,"name":"Etusivu","item":"https:\/\/vmsport.fi\/"},{"@type":"ListItem","position":2,"name":"Online Store","item":"https:\/\/vmsport.fi\/en\/online-store\/"},{"@type":"ListItem","position":3,"name":"Polkupy\u00f6r\u00e4n kuljetusteline THULE Xpress 970, 2:lle py\u00f6r\u00e4lle, per\u00e4koukkuun"}]},{"@type":"WebSite","@id":"https:\/\/vmsport.fi\/#website","url":"https:\/\/vmsport.fi\/","name":"Vmsport","description":"Allt p\u00e5 ett st\u00e4lle f\u00f6r cykling","publisher":{"@id":"https:\/\/vmsport.fi\/#organization"},"potentialAction":[{"@type":"SearchAction","target":{"@type":"EntryPoint","urlTemplate":"https:\/\/vmsport.fi\/?s={search_term_string}"},"query-input":{"@type":"PropertyValueSpecification","valueRequired":true,"valueName":"search_term_string"}}],"inLanguage":"sv-SE"},{"@type":"Organization","@id":"https:\/\/vmsport.fi\/#organization","name":"Vmsport","url":"https:\/\/vmsport.fi\/","logo":{"@type":"ImageObject","inLanguage":"sv-SE","@id":"https:\/\/vmsport.fi\/#\/schema\/logo\/image\/","url":"https:\/\/vmsport.fi\/wp-content\/uploads\/2024\/12\/vm_sport_RGB_horisontal-e1734526017575.png","contentUrl":"https:\/\/vmsport.fi\/wp-content\/uploads\/2024\/12\/vm_sport_RGB_horisontal-e1734526017575.png","width":668,"height":85,"caption":"Vmsport"},"image":{"@id":"https:\/\/vmsport.fi\/#\/schema\/logo\/image\/"},"sameAs":["https:\/\/www.facebook.com\/Vmsport.fi\/","https:\/\/www.instagram.com\/vmsport\/"]}]}},"global_unique_id":"","_links":{"self":[{"href":"https:\/\/vmsport.fi\/sv\/wp-json\/wp\/v2\/product\/53845","targetHints":{"allow":["GET"]}}],"collection":[{"href":"https:\/\/vmsport.fi\/sv\/wp-json\/wp\/v2\/product"}],"about":[{"href":"https:\/\/vmsport.fi\/sv\/wp-json\/wp\/v2\/types\/product"}],"replies":[{"embeddable":true,"href":"https:\/\/vmsport.fi\/sv\/wp-json\/wp\/v2\/comments?post=53845"}],"wp:featuredmedia":[{"embeddable":true,"href":"https:\/\/vmsport.fi\/sv\/wp-json\/wp\/v2\/media\/53842"}],"wp:attachment":[{"href":"https:\/\/vmsport.fi\/sv\/wp-json\/wp\/v2\/media?parent=53845"}],"wp:term":[{"taxonomy":"product_brand","embeddable":true,"href":"https:\/\/vmsport.fi\/sv\/wp-json\/wp\/v2\/product_brand?post=53845"},{"taxonomy":"product_model","embeddable":true,"href":"https:\/\/vmsport.fi\/sv\/wp-json\/wp\/v2\/product_model?post=53845"},{"taxonomy":"product_cat","embeddable":true,"href":"https:\/\/vmsport.fi\/sv\/wp-json\/wp\/v2\/product_cat?post=53845"},{"taxonomy":"product_tag","embeddable":true,"href":"https:\/\/vmsport.fi\/sv\/wp-json\/wp\/v2\/product_tag?post=53845"},{"taxonomy":"industry_terminology","embeddable":true,"href":"https:\/\/vmsport.fi\/sv\/wp-json\/wp\/v2\/industry-terminology?post=53845"}],"curies":[{"name":"wp","href":"https:\/\/api.w.org\/{rel}","templated":true}]}}