{"id":53839,"date":"2025-03-05T23:45:43","date_gmt":"2025-03-05T21:45:43","guid":{"rendered":"https:\/\/vmsport.fi\/verkkokauppa\/Ei-luokiteltu\/rengas-mtb-agarro-harm-musta-65-622-29x2-6-tnt-g2\/"},"modified":"2026-04-23T17:43:14","modified_gmt":"2026-04-23T14:43:14","slug":"dack-mtb-agarro-harm-black-65-622-29x2-6-tnt-g2","status":"publish","type":"product","link":"https:\/\/vmsport.fi\/sv\/verkkokauppa\/renkaat\/ulkorenkaat\/maastopyoran-renkaat\/rengas-mtb-agarro-harm-musta-65-622-29x2-6-tnt-g2\/","title":{"rendered":"D\u00e4ck MTB Agarro harm\/svart 65-622\/29\u00d72.6 TNT G2"},"content":{"rendered":"<p>Vittoria Agarro-d\u00e4cket \u00e4r s\u00e4rskilt utformat f\u00f6r mountainbike och kombinerar en snygg svart look med 29\"-dimension f\u00f6r utm\u00e4rkt prestanda. I utmanande terr\u00e4ng ger d\u00e4ckets 2,6-tums bredd och avancerade G2-blandning maximalt grepp och hantering. D\u00e4cket ger en smidig k\u00f6rupplevelse i alla f\u00f6rh\u00e5llanden, med TR-TNT-teknik f\u00f6r f\u00f6rb\u00e4ttrad h\u00e5llbarhet och tillf\u00f6rlitlighet p\u00e5 de mest kr\u00e4vande stigarna.<\/p>","protected":false},"excerpt":{"rendered":"<p>Vittoria Agarro -rengas on suunniteltu erityisesti maastopy\u00f6r\u00e4ilyyn, yhdist\u00e4en tyylikk\u00e4\u00e4n mustan ulkon\u00e4\u00f6n ja 29 tuuman koon erinomaiseksi suorituskyvyksi. Haastavassa maastossa renkaan 2,6 tuuman leveys ja edistynyt G2-seos tarjoavat maksimaalisen pidon ja hallittavuuden. T\u00e4m\u00e4 rengas takaa tasaisen ajokokemuksen kaikissa olosuhteissa, sill\u00e4 TR-TNT-teknologia parantaa kest\u00e4vyytt\u00e4 ja luotettavuutta my\u00f6s vaativimmilla poluilla. [&#8230;]<\/p>\n<p><a class=\"btn btn-secondary understrap-read-more-link\" href=\"https:\/\/vmsport.fi\/sv\/verkkokauppa\/renkaat\/ulkorenkaat\/maastopyoran-renkaat\/rengas-mtb-agarro-harm-musta-65-622-29x2-6-tnt-g2\/\">L\u00e4s mer \u2026<span class=\"screen-reader-text\"> from Rengas MTB Agarro harm\/musta 65-622\/29&#215;2.6 TNT G2<\/span><\/a><\/p>\n","protected":false},"featured_media":53838,"comment_status":"open","ping_status":"closed","template":"","meta":{"_acf_changed":false,"_improvement_type_select":"improve_an_existing","_thumb_yes_seoaic":false,"_frame_yes_seoaic":false,"seoaic_generate_description":"","seoaic_improve_instructions_prompt":"","seoaic_rollback_content_improvement":"","seoaic_idea_thumbnail_generator":"","thumbnail_generated":false,"thumbnail_generate_prompt":"","seoaic_article_description":"","_supplier_stock_quantity":0},"product_brand":[],"product_model":[],"product_cat":[9314],"product_tag":[],"industry-terminology":[],"class_list":{"0":"post-53839","1":"product","2":"type-product","3":"status-publish","4":"has-post-thumbnail","6":"product_cat-maastopyoran-renkaat","8":"first","9":"outofstock","10":"taxable","11":"shipping-taxable","12":"product-type-simple"},"acf":{"bike_features":null,"overview":{"copy_overview":null,"key_features":null,"statement":"","youtube_url":""}},"yoast_head":"<!-- This site is optimized with the Yoast SEO plugin v27.4 - https:\/\/yoast.com\/product\/yoast-seo-wordpress\/ -->\n<title>Rengas MTB Agarro harm\/musta 65-622\/29x2.6 TNT G2 - VM Sport<\/title>\n<meta name=\"robots\" content=\"index, follow, max-snippet:-1, max-image-preview:large, max-video-preview:-1\" \/>\n<link rel=\"canonical\" href=\"https:\/\/vmsport.fi\/sv\/webbutik\/dack\/dack-for-utomhusbruk\/dack-for-terrangfordon\/dack-mtb-agarro-harm-black-65-622-29x2-6-tnt-g2\/\" \/>\n<meta property=\"og:locale\" content=\"sv_SE\" \/>\n<meta property=\"og:type\" content=\"article\" \/>\n<meta property=\"og:title\" content=\"Rengas MTB Agarro harm\/musta 65-622\/29x2.6 TNT G2 - VM Sport\" \/>\n<meta property=\"og:description\" content=\"Vittoria Agarro -rengas on suunniteltu erityisesti maastopy\u00f6r\u00e4ilyyn, yhdist\u00e4en tyylikk\u00e4\u00e4n mustan ulkon\u00e4\u00f6n ja 29 tuuman koon erinomaiseksi suorituskyvyksi. Haastavassa maastossa renkaan 2,6 tuuman leveys ja edistynyt G2-seos tarjoavat maksimaalisen pidon ja hallittavuuden. T\u00e4m\u00e4 rengas takaa tasaisen ajokokemuksen kaikissa olosuhteissa, sill\u00e4 TR-TNT-teknologia parantaa kest\u00e4vyytt\u00e4 ja luotettavuutta my\u00f6s vaativimmilla poluilla. [...]L\u00e4s mer \u2026 from Rengas MTB Agarro harm\/musta 65-622\/29&#215;2.6 TNT G2\" \/>\n<meta property=\"og:url\" content=\"https:\/\/vmsport.fi\/sv\/webbutik\/dack\/dack-for-utomhusbruk\/dack-for-terrangfordon\/dack-mtb-agarro-harm-black-65-622-29x2-6-tnt-g2\/\" \/>\n<meta property=\"og:site_name\" content=\"VM Sport\" \/>\n<meta property=\"article:publisher\" content=\"https:\/\/www.facebook.com\/Vmsport.fi\/\" \/>\n<meta property=\"article:modified_time\" content=\"2026-04-23T14:43:14+00:00\" \/>\n<meta property=\"og:image\" content=\"https:\/\/vmsport.fi\/wp-content\/uploads\/2025\/03\/cnb2TTuVc7izZVWCfFxBi1PiZZxqFAmsj40CzHuP0lXrzulDjG-1.jpg\" \/>\n\t<meta property=\"og:image:width\" content=\"600\" \/>\n\t<meta property=\"og:image:height\" content=\"600\" \/>\n\t<meta property=\"og:image:type\" content=\"image\/jpeg\" \/>\n<meta name=\"twitter:card\" content=\"summary_large_image\" \/>\n<script type=\"application\/ld+json\" class=\"yoast-schema-graph\">{\"@context\":\"https:\\\/\\\/schema.org\",\"@graph\":[{\"@type\":[\"WebPage\",\"ItemPage\"],\"@id\":\"https:\\\/\\\/vmsport.fi\\\/verkkokauppa\\\/renkaat\\\/ulkorenkaat\\\/maastopyoran-renkaat\\\/rengas-mtb-agarro-harm-musta-65-622-29x2-6-tnt-g2\\\/\",\"url\":\"https:\\\/\\\/vmsport.fi\\\/verkkokauppa\\\/renkaat\\\/ulkorenkaat\\\/maastopyoran-renkaat\\\/rengas-mtb-agarro-harm-musta-65-622-29x2-6-tnt-g2\\\/\",\"name\":\"Rengas MTB Agarro harm\\\/musta 65-622\\\/29x2.6 TNT G2 - VM Sport\",\"isPartOf\":{\"@id\":\"https:\\\/\\\/vmsport.fi\\\/#website\"},\"primaryImageOfPage\":{\"@id\":\"https:\\\/\\\/vmsport.fi\\\/verkkokauppa\\\/renkaat\\\/ulkorenkaat\\\/maastopyoran-renkaat\\\/rengas-mtb-agarro-harm-musta-65-622-29x2-6-tnt-g2\\\/#primaryimage\"},\"image\":{\"@id\":\"https:\\\/\\\/vmsport.fi\\\/verkkokauppa\\\/renkaat\\\/ulkorenkaat\\\/maastopyoran-renkaat\\\/rengas-mtb-agarro-harm-musta-65-622-29x2-6-tnt-g2\\\/#primaryimage\"},\"thumbnailUrl\":\"https:\\\/\\\/vmsport.fi\\\/wp-content\\\/uploads\\\/2025\\\/03\\\/cnb2TTuVc7izZVWCfFxBi1PiZZxqFAmsj40CzHuP0lXrzulDjG-1.jpg\",\"datePublished\":\"2025-03-05T21:45:43+00:00\",\"dateModified\":\"2026-04-23T14:43:14+00:00\",\"breadcrumb\":{\"@id\":\"https:\\\/\\\/vmsport.fi\\\/verkkokauppa\\\/renkaat\\\/ulkorenkaat\\\/maastopyoran-renkaat\\\/rengas-mtb-agarro-harm-musta-65-622-29x2-6-tnt-g2\\\/#breadcrumb\"},\"inLanguage\":\"sv-SE\",\"potentialAction\":[{\"@type\":\"ReadAction\",\"target\":[\"https:\\\/\\\/vmsport.fi\\\/verkkokauppa\\\/renkaat\\\/ulkorenkaat\\\/maastopyoran-renkaat\\\/rengas-mtb-agarro-harm-musta-65-622-29x2-6-tnt-g2\\\/\"]}]},{\"@type\":\"ImageObject\",\"inLanguage\":\"sv-SE\",\"@id\":\"https:\\\/\\\/vmsport.fi\\\/verkkokauppa\\\/renkaat\\\/ulkorenkaat\\\/maastopyoran-renkaat\\\/rengas-mtb-agarro-harm-musta-65-622-29x2-6-tnt-g2\\\/#primaryimage\",\"url\":\"https:\\\/\\\/vmsport.fi\\\/wp-content\\\/uploads\\\/2025\\\/03\\\/cnb2TTuVc7izZVWCfFxBi1PiZZxqFAmsj40CzHuP0lXrzulDjG-1.jpg\",\"contentUrl\":\"https:\\\/\\\/vmsport.fi\\\/wp-content\\\/uploads\\\/2025\\\/03\\\/cnb2TTuVc7izZVWCfFxBi1PiZZxqFAmsj40CzHuP0lXrzulDjG-1.jpg\",\"width\":600,\"height\":600,\"caption\":\"cnb2TTuVc7izZVWCfFxBi1PiZZxqFAmsj40CzHuP0lXrzulDjG\"},{\"@type\":\"BreadcrumbList\",\"@id\":\"https:\\\/\\\/vmsport.fi\\\/verkkokauppa\\\/renkaat\\\/ulkorenkaat\\\/maastopyoran-renkaat\\\/rengas-mtb-agarro-harm-musta-65-622-29x2-6-tnt-g2\\\/#breadcrumb\",\"itemListElement\":[{\"@type\":\"ListItem\",\"position\":1,\"name\":\"Etusivu\",\"item\":\"https:\\\/\\\/vmsport.fi\\\/\"},{\"@type\":\"ListItem\",\"position\":2,\"name\":\"Online Store\",\"item\":\"https:\\\/\\\/vmsport.fi\\\/en\\\/online-store\\\/\"},{\"@type\":\"ListItem\",\"position\":3,\"name\":\"Rengas MTB Agarro harm\\\/musta 65-622\\\/29&#215;2.6 TNT G2\"}]},{\"@type\":\"WebSite\",\"@id\":\"https:\\\/\\\/vmsport.fi\\\/#website\",\"url\":\"https:\\\/\\\/vmsport.fi\\\/\",\"name\":\"Vmsport\",\"description\":\"Kaikki py\u00f6r\u00e4ilyyn yhdest\u00e4 paikasta\",\"publisher\":{\"@id\":\"https:\\\/\\\/vmsport.fi\\\/#organization\"},\"potentialAction\":[{\"@type\":\"SearchAction\",\"target\":{\"@type\":\"EntryPoint\",\"urlTemplate\":\"https:\\\/\\\/vmsport.fi\\\/?s={search_term_string}\"},\"query-input\":{\"@type\":\"PropertyValueSpecification\",\"valueRequired\":true,\"valueName\":\"search_term_string\"}}],\"inLanguage\":\"sv-SE\"},{\"@type\":\"Organization\",\"@id\":\"https:\\\/\\\/vmsport.fi\\\/#organization\",\"name\":\"Vmsport\",\"url\":\"https:\\\/\\\/vmsport.fi\\\/\",\"logo\":{\"@type\":\"ImageObject\",\"inLanguage\":\"sv-SE\",\"@id\":\"https:\\\/\\\/vmsport.fi\\\/#\\\/schema\\\/logo\\\/image\\\/\",\"url\":\"https:\\\/\\\/vmsport.fi\\\/wp-content\\\/uploads\\\/2024\\\/12\\\/vm_sport_RGB_horisontal-e1734526017575.png\",\"contentUrl\":\"https:\\\/\\\/vmsport.fi\\\/wp-content\\\/uploads\\\/2024\\\/12\\\/vm_sport_RGB_horisontal-e1734526017575.png\",\"width\":668,\"height\":85,\"caption\":\"Vmsport\"},\"image\":{\"@id\":\"https:\\\/\\\/vmsport.fi\\\/#\\\/schema\\\/logo\\\/image\\\/\"},\"sameAs\":[\"https:\\\/\\\/www.facebook.com\\\/Vmsport.fi\\\/\",\"https:\\\/\\\/www.instagram.com\\\/vmsport\\\/\"]}]}<\/script>\n<!-- \/ Yoast SEO plugin. -->","yoast_head_json":{"title":"D\u00e4ck MTB Agarro harm\/svart 65-622\/29x2.6 TNT G2 - VM Sport","robots":{"index":"index","follow":"follow","max-snippet":"max-snippet:-1","max-image-preview":"max-image-preview:large","max-video-preview":"max-video-preview:-1"},"canonical":"https:\/\/vmsport.fi\/sv\/webbutik\/dack\/dack-for-utomhusbruk\/dack-for-terrangfordon\/dack-mtb-agarro-harm-black-65-622-29x2-6-tnt-g2\/","og_locale":"sv_SE","og_type":"article","og_title":"Rengas MTB Agarro harm\/musta 65-622\/29x2.6 TNT G2 - VM Sport","og_description":"Vittoria Agarro -rengas on suunniteltu erityisesti maastopy\u00f6r\u00e4ilyyn, yhdist\u00e4en tyylikk\u00e4\u00e4n mustan ulkon\u00e4\u00f6n ja 29 tuuman koon erinomaiseksi suorituskyvyksi. Haastavassa maastossa renkaan 2,6 tuuman leveys ja edistynyt G2-seos tarjoavat maksimaalisen pidon ja hallittavuuden. T\u00e4m\u00e4 rengas takaa tasaisen ajokokemuksen kaikissa olosuhteissa, sill\u00e4 TR-TNT-teknologia parantaa kest\u00e4vyytt\u00e4 ja luotettavuutta my\u00f6s vaativimmilla poluilla. [...]L\u00e4s mer \u2026 from Rengas MTB Agarro harm\/musta 65-622\/29&#215;2.6 TNT G2","og_url":"https:\/\/vmsport.fi\/sv\/webbutik\/dack\/dack-for-utomhusbruk\/dack-for-terrangfordon\/dack-mtb-agarro-harm-black-65-622-29x2-6-tnt-g2\/","og_site_name":"VM Sport","article_publisher":"https:\/\/www.facebook.com\/Vmsport.fi\/","article_modified_time":"2026-04-23T14:43:14+00:00","og_image":[{"width":600,"height":600,"url":"https:\/\/vmsport.fi\/wp-content\/uploads\/2025\/03\/cnb2TTuVc7izZVWCfFxBi1PiZZxqFAmsj40CzHuP0lXrzulDjG-1.jpg","type":"image\/jpeg"}],"twitter_card":"summary_large_image","schema":{"@context":"https:\/\/schema.org","@graph":[{"@type":["WebPage","ItemPage"],"@id":"https:\/\/vmsport.fi\/verkkokauppa\/renkaat\/ulkorenkaat\/maastopyoran-renkaat\/rengas-mtb-agarro-harm-musta-65-622-29x2-6-tnt-g2\/","url":"https:\/\/vmsport.fi\/verkkokauppa\/renkaat\/ulkorenkaat\/maastopyoran-renkaat\/rengas-mtb-agarro-harm-musta-65-622-29x2-6-tnt-g2\/","name":"D\u00e4ck MTB Agarro harm\/svart 65-622\/29x2.6 TNT G2 - VM Sport","isPartOf":{"@id":"https:\/\/vmsport.fi\/#website"},"primaryImageOfPage":{"@id":"https:\/\/vmsport.fi\/verkkokauppa\/renkaat\/ulkorenkaat\/maastopyoran-renkaat\/rengas-mtb-agarro-harm-musta-65-622-29x2-6-tnt-g2\/#primaryimage"},"image":{"@id":"https:\/\/vmsport.fi\/verkkokauppa\/renkaat\/ulkorenkaat\/maastopyoran-renkaat\/rengas-mtb-agarro-harm-musta-65-622-29x2-6-tnt-g2\/#primaryimage"},"thumbnailUrl":"https:\/\/vmsport.fi\/wp-content\/uploads\/2025\/03\/cnb2TTuVc7izZVWCfFxBi1PiZZxqFAmsj40CzHuP0lXrzulDjG-1.jpg","datePublished":"2025-03-05T21:45:43+00:00","dateModified":"2026-04-23T14:43:14+00:00","breadcrumb":{"@id":"https:\/\/vmsport.fi\/verkkokauppa\/renkaat\/ulkorenkaat\/maastopyoran-renkaat\/rengas-mtb-agarro-harm-musta-65-622-29x2-6-tnt-g2\/#breadcrumb"},"inLanguage":"sv-SE","potentialAction":[{"@type":"ReadAction","target":["https:\/\/vmsport.fi\/verkkokauppa\/renkaat\/ulkorenkaat\/maastopyoran-renkaat\/rengas-mtb-agarro-harm-musta-65-622-29x2-6-tnt-g2\/"]}]},{"@type":"ImageObject","inLanguage":"sv-SE","@id":"https:\/\/vmsport.fi\/verkkokauppa\/renkaat\/ulkorenkaat\/maastopyoran-renkaat\/rengas-mtb-agarro-harm-musta-65-622-29x2-6-tnt-g2\/#primaryimage","url":"https:\/\/vmsport.fi\/wp-content\/uploads\/2025\/03\/cnb2TTuVc7izZVWCfFxBi1PiZZxqFAmsj40CzHuP0lXrzulDjG-1.jpg","contentUrl":"https:\/\/vmsport.fi\/wp-content\/uploads\/2025\/03\/cnb2TTuVc7izZVWCfFxBi1PiZZxqFAmsj40CzHuP0lXrzulDjG-1.jpg","width":600,"height":600,"caption":"cnb2TTuVc7izZVWCfFxBi1PiZZxqFAmsj40CzHuP0lXrzulDjG"},{"@type":"BreadcrumbList","@id":"https:\/\/vmsport.fi\/verkkokauppa\/renkaat\/ulkorenkaat\/maastopyoran-renkaat\/rengas-mtb-agarro-harm-musta-65-622-29x2-6-tnt-g2\/#breadcrumb","itemListElement":[{"@type":"ListItem","position":1,"name":"Etusivu","item":"https:\/\/vmsport.fi\/"},{"@type":"ListItem","position":2,"name":"Online Store","item":"https:\/\/vmsport.fi\/en\/online-store\/"},{"@type":"ListItem","position":3,"name":"Rengas MTB Agarro harm\/musta 65-622\/29&#215;2.6 TNT G2"}]},{"@type":"WebSite","@id":"https:\/\/vmsport.fi\/#website","url":"https:\/\/vmsport.fi\/","name":"Vmsport","description":"Allt p\u00e5 ett st\u00e4lle f\u00f6r cykling","publisher":{"@id":"https:\/\/vmsport.fi\/#organization"},"potentialAction":[{"@type":"SearchAction","target":{"@type":"EntryPoint","urlTemplate":"https:\/\/vmsport.fi\/?s={search_term_string}"},"query-input":{"@type":"PropertyValueSpecification","valueRequired":true,"valueName":"search_term_string"}}],"inLanguage":"sv-SE"},{"@type":"Organization","@id":"https:\/\/vmsport.fi\/#organization","name":"Vmsport","url":"https:\/\/vmsport.fi\/","logo":{"@type":"ImageObject","inLanguage":"sv-SE","@id":"https:\/\/vmsport.fi\/#\/schema\/logo\/image\/","url":"https:\/\/vmsport.fi\/wp-content\/uploads\/2024\/12\/vm_sport_RGB_horisontal-e1734526017575.png","contentUrl":"https:\/\/vmsport.fi\/wp-content\/uploads\/2024\/12\/vm_sport_RGB_horisontal-e1734526017575.png","width":668,"height":85,"caption":"Vmsport"},"image":{"@id":"https:\/\/vmsport.fi\/#\/schema\/logo\/image\/"},"sameAs":["https:\/\/www.facebook.com\/Vmsport.fi\/","https:\/\/www.instagram.com\/vmsport\/"]}]}},"global_unique_id":"","_links":{"self":[{"href":"https:\/\/vmsport.fi\/sv\/wp-json\/wp\/v2\/product\/53839","targetHints":{"allow":["GET"]}}],"collection":[{"href":"https:\/\/vmsport.fi\/sv\/wp-json\/wp\/v2\/product"}],"about":[{"href":"https:\/\/vmsport.fi\/sv\/wp-json\/wp\/v2\/types\/product"}],"replies":[{"embeddable":true,"href":"https:\/\/vmsport.fi\/sv\/wp-json\/wp\/v2\/comments?post=53839"}],"wp:featuredmedia":[{"embeddable":true,"href":"https:\/\/vmsport.fi\/sv\/wp-json\/wp\/v2\/media\/53838"}],"wp:attachment":[{"href":"https:\/\/vmsport.fi\/sv\/wp-json\/wp\/v2\/media?parent=53839"}],"wp:term":[{"taxonomy":"product_brand","embeddable":true,"href":"https:\/\/vmsport.fi\/sv\/wp-json\/wp\/v2\/product_brand?post=53839"},{"taxonomy":"product_model","embeddable":true,"href":"https:\/\/vmsport.fi\/sv\/wp-json\/wp\/v2\/product_model?post=53839"},{"taxonomy":"product_cat","embeddable":true,"href":"https:\/\/vmsport.fi\/sv\/wp-json\/wp\/v2\/product_cat?post=53839"},{"taxonomy":"product_tag","embeddable":true,"href":"https:\/\/vmsport.fi\/sv\/wp-json\/wp\/v2\/product_tag?post=53839"},{"taxonomy":"industry_terminology","embeddable":true,"href":"https:\/\/vmsport.fi\/sv\/wp-json\/wp\/v2\/industry-terminology?post=53839"}],"curies":[{"name":"wp","href":"https:\/\/api.w.org\/{rel}","templated":true}]}}