{"id":53833,"date":"2025-03-05T23:45:40","date_gmt":"2025-03-05T21:45:40","guid":{"rendered":"https:\/\/vmsport.fi\/verkkokauppa\/Ei-luokiteltu\/ohjainrulla-pari-ultegra-11t-11v-2kpl-laakerein\/"},"modified":"2026-01-16T13:25:26","modified_gmt":"2026-01-16T11:25:26","slug":"styrpar-ultegra-11t-11v-2st-med-lager","status":"publish","type":"product","link":"https:\/\/vmsport.fi\/sv\/verkkokauppa\/varaosat\/vaihteistot\/vaihteiden-osat-ja-varaosat\/ohjainrulla-pari-ultegra-11t-11v-2kpl-laakerein\/","title":{"rendered":"Headsetpar Ultegra 11T, 11v, 2st med lager"},"content":{"rendered":"<p>Ultegra-vevpartiet \u00e4r s\u00e4rskilt utformat f\u00f6r Shimano RD-6800 och RD-6870 bakv\u00e4xlar och erbjuder topprestanda f\u00f6r 11-v\u00e4xlade drivlinor. Dessa 11-tandade rullar med integrerade lager ger en mjukare och mer exakt v\u00e4xling. Med det h\u00e4r paret kan cyklister njuta av enast\u00e5ende h\u00e5llbarhet och effektivitet \u00e4ven i de mest utmanande cykelsituationerna.<\/p>","protected":false},"excerpt":{"rendered":"<p>Ultegra-ohjainrullapari, joka on suunniteltu erityisesti Shimano RD-6800 ja RD-6870 -takavaihtajiin, tarjoaa huippuluokan suorituskyky\u00e4 11-vaihteisille ratasj\u00e4rjestelmille. N\u00e4m\u00e4 11-hampaiset rullat, joissa on integroidut laakerit, mahdollistavat entist\u00e4 sulavammat ja tarkemmat vaihdot. T\u00e4m\u00e4n parin avulla py\u00f6r\u00e4ilij\u00e4 voi nauttia erinomaisesta kest\u00e4vyydest\u00e4 ja tehokkuudesta haastavimmissakin ajotilanteissa. [&#8230;]<\/p>\n<p><a class=\"btn btn-secondary understrap-read-more-link\" href=\"https:\/\/vmsport.fi\/sv\/verkkokauppa\/varaosat\/vaihteistot\/vaihteiden-osat-ja-varaosat\/ohjainrulla-pari-ultegra-11t-11v-2kpl-laakerein\/\">L\u00e4s mer \u2026<span class=\"screen-reader-text\"> from Ohjainrulla pari Ultegra 11T, 11v, 2kpl laakerein<\/span><\/a><\/p>\n","protected":false},"featured_media":53832,"comment_status":"open","ping_status":"closed","template":"","meta":{"_acf_changed":false,"_improvement_type_select":"improve_an_existing","_thumb_yes_seoaic":false,"_frame_yes_seoaic":false,"seoaic_generate_description":"","seoaic_improve_instructions_prompt":"","seoaic_rollback_content_improvement":"","seoaic_idea_thumbnail_generator":"","thumbnail_generated":false,"thumbnail_generate_prompt":"","seoaic_article_description":"","_supplier_stock_quantity":0},"product_brand":[],"product_model":[],"product_cat":[9774],"product_tag":[],"industry-terminology":[],"class_list":{"0":"post-53833","1":"product","2":"type-product","3":"status-publish","4":"has-post-thumbnail","6":"product_cat-vaihteiden-osat-ja-varaosat","8":"first","9":"outofstock","10":"taxable","11":"shipping-taxable","12":"product-type-simple"},"acf":{"bike_features":null,"overview":{"copy_overview":null,"key_features":null,"statement":"","youtube_url":""}},"yoast_head":"<!-- This site is optimized with the Yoast SEO plugin v27.3 - https:\/\/yoast.com\/product\/yoast-seo-wordpress\/ -->\n<title>Ohjainrulla pari Ultegra 11T, 11v, 2kpl laakerein - VM Sport<\/title>\n<meta name=\"robots\" content=\"index, follow, max-snippet:-1, max-image-preview:large, max-video-preview:-1\" \/>\n<link rel=\"canonical\" href=\"https:\/\/vmsport.fi\/sv\/webbutik\/cyklar\/styrpar-ultegra-11t-11v-2st-med-lager\/\" \/>\n<meta property=\"og:locale\" content=\"sv_SE\" \/>\n<meta property=\"og:type\" content=\"article\" \/>\n<meta property=\"og:title\" content=\"Ohjainrulla pari Ultegra 11T, 11v, 2kpl laakerein - VM Sport\" \/>\n<meta property=\"og:description\" content=\"Ultegra-ohjainrullapari, joka on suunniteltu erityisesti Shimano RD-6800 ja RD-6870 -takavaihtajiin, tarjoaa huippuluokan suorituskyky\u00e4 11-vaihteisille ratasj\u00e4rjestelmille. N\u00e4m\u00e4 11-hampaiset rullat, joissa on integroidut laakerit, mahdollistavat entist\u00e4 sulavammat ja tarkemmat vaihdot. T\u00e4m\u00e4n parin avulla py\u00f6r\u00e4ilij\u00e4 voi nauttia erinomaisesta kest\u00e4vyydest\u00e4 ja tehokkuudesta haastavimmissakin ajotilanteissa. [...]L\u00e4s mer \u2026 from Ohjainrulla pari Ultegra 11T, 11v, 2kpl laakerein\" \/>\n<meta property=\"og:url\" content=\"https:\/\/vmsport.fi\/sv\/webbutik\/cyklar\/styrpar-ultegra-11t-11v-2st-med-lager\/\" \/>\n<meta property=\"og:site_name\" content=\"VM Sport\" \/>\n<meta property=\"article:publisher\" content=\"https:\/\/www.facebook.com\/Vmsport.fi\/\" \/>\n<meta property=\"article:modified_time\" content=\"2026-01-16T11:25:26+00:00\" \/>\n<meta property=\"og:image\" content=\"https:\/\/vmsport.fi\/wp-content\/uploads\/2025\/03\/11f197J2tRhocuTnNQnrbCRn1dQyn8zQDBHmQq6LV0kxJEdnoK-1.jpg\" \/>\n\t<meta property=\"og:image:width\" content=\"600\" \/>\n\t<meta property=\"og:image:height\" content=\"600\" \/>\n\t<meta property=\"og:image:type\" content=\"image\/jpeg\" \/>\n<meta name=\"twitter:card\" content=\"summary_large_image\" \/>\n<script type=\"application\/ld+json\" class=\"yoast-schema-graph\">{\"@context\":\"https:\\\/\\\/schema.org\",\"@graph\":[{\"@type\":[\"WebPage\",\"ItemPage\"],\"@id\":\"https:\\\/\\\/vmsport.fi\\\/verkkokauppa\\\/polkupyorat\\\/ohjainrulla-pari-ultegra-11t-11v-2kpl-laakerein\\\/\",\"url\":\"https:\\\/\\\/vmsport.fi\\\/verkkokauppa\\\/polkupyorat\\\/ohjainrulla-pari-ultegra-11t-11v-2kpl-laakerein\\\/\",\"name\":\"Ohjainrulla pari Ultegra 11T, 11v, 2kpl laakerein - VM Sport\",\"isPartOf\":{\"@id\":\"https:\\\/\\\/vmsport.fi\\\/#website\"},\"primaryImageOfPage\":{\"@id\":\"https:\\\/\\\/vmsport.fi\\\/verkkokauppa\\\/polkupyorat\\\/ohjainrulla-pari-ultegra-11t-11v-2kpl-laakerein\\\/#primaryimage\"},\"image\":{\"@id\":\"https:\\\/\\\/vmsport.fi\\\/verkkokauppa\\\/polkupyorat\\\/ohjainrulla-pari-ultegra-11t-11v-2kpl-laakerein\\\/#primaryimage\"},\"thumbnailUrl\":\"https:\\\/\\\/vmsport.fi\\\/wp-content\\\/uploads\\\/2025\\\/03\\\/11f197J2tRhocuTnNQnrbCRn1dQyn8zQDBHmQq6LV0kxJEdnoK-1.jpg\",\"datePublished\":\"2025-03-05T21:45:40+00:00\",\"dateModified\":\"2026-01-16T11:25:26+00:00\",\"breadcrumb\":{\"@id\":\"https:\\\/\\\/vmsport.fi\\\/verkkokauppa\\\/polkupyorat\\\/ohjainrulla-pari-ultegra-11t-11v-2kpl-laakerein\\\/#breadcrumb\"},\"inLanguage\":\"sv-SE\",\"potentialAction\":[{\"@type\":\"ReadAction\",\"target\":[\"https:\\\/\\\/vmsport.fi\\\/verkkokauppa\\\/polkupyorat\\\/ohjainrulla-pari-ultegra-11t-11v-2kpl-laakerein\\\/\"]}]},{\"@type\":\"ImageObject\",\"inLanguage\":\"sv-SE\",\"@id\":\"https:\\\/\\\/vmsport.fi\\\/verkkokauppa\\\/polkupyorat\\\/ohjainrulla-pari-ultegra-11t-11v-2kpl-laakerein\\\/#primaryimage\",\"url\":\"https:\\\/\\\/vmsport.fi\\\/wp-content\\\/uploads\\\/2025\\\/03\\\/11f197J2tRhocuTnNQnrbCRn1dQyn8zQDBHmQq6LV0kxJEdnoK-1.jpg\",\"contentUrl\":\"https:\\\/\\\/vmsport.fi\\\/wp-content\\\/uploads\\\/2025\\\/03\\\/11f197J2tRhocuTnNQnrbCRn1dQyn8zQDBHmQq6LV0kxJEdnoK-1.jpg\",\"width\":600,\"height\":600,\"caption\":\"11f197J2tRhocuTnNQnrbCRn1dQyn8zQDBHmQq6LV0kxJEdnoK\"},{\"@type\":\"BreadcrumbList\",\"@id\":\"https:\\\/\\\/vmsport.fi\\\/verkkokauppa\\\/polkupyorat\\\/ohjainrulla-pari-ultegra-11t-11v-2kpl-laakerein\\\/#breadcrumb\",\"itemListElement\":[{\"@type\":\"ListItem\",\"position\":1,\"name\":\"Etusivu\",\"item\":\"https:\\\/\\\/vmsport.fi\\\/\"},{\"@type\":\"ListItem\",\"position\":2,\"name\":\"Online Store\",\"item\":\"https:\\\/\\\/vmsport.fi\\\/en\\\/online-store\\\/\"},{\"@type\":\"ListItem\",\"position\":3,\"name\":\"Ohjainrulla pari Ultegra 11T, 11v, 2kpl laakerein\"}]},{\"@type\":\"WebSite\",\"@id\":\"https:\\\/\\\/vmsport.fi\\\/#website\",\"url\":\"https:\\\/\\\/vmsport.fi\\\/\",\"name\":\"Vmsport\",\"description\":\"Kaikki py\u00f6r\u00e4ilyyn yhdest\u00e4 paikasta\",\"publisher\":{\"@id\":\"https:\\\/\\\/vmsport.fi\\\/#organization\"},\"potentialAction\":[{\"@type\":\"SearchAction\",\"target\":{\"@type\":\"EntryPoint\",\"urlTemplate\":\"https:\\\/\\\/vmsport.fi\\\/?s={search_term_string}\"},\"query-input\":{\"@type\":\"PropertyValueSpecification\",\"valueRequired\":true,\"valueName\":\"search_term_string\"}}],\"inLanguage\":\"sv-SE\"},{\"@type\":\"Organization\",\"@id\":\"https:\\\/\\\/vmsport.fi\\\/#organization\",\"name\":\"Vmsport\",\"url\":\"https:\\\/\\\/vmsport.fi\\\/\",\"logo\":{\"@type\":\"ImageObject\",\"inLanguage\":\"sv-SE\",\"@id\":\"https:\\\/\\\/vmsport.fi\\\/#\\\/schema\\\/logo\\\/image\\\/\",\"url\":\"https:\\\/\\\/vmsport.fi\\\/wp-content\\\/uploads\\\/2024\\\/12\\\/vm_sport_RGB_horisontal-e1734526017575.png\",\"contentUrl\":\"https:\\\/\\\/vmsport.fi\\\/wp-content\\\/uploads\\\/2024\\\/12\\\/vm_sport_RGB_horisontal-e1734526017575.png\",\"width\":668,\"height\":85,\"caption\":\"Vmsport\"},\"image\":{\"@id\":\"https:\\\/\\\/vmsport.fi\\\/#\\\/schema\\\/logo\\\/image\\\/\"},\"sameAs\":[\"https:\\\/\\\/www.facebook.com\\\/Vmsport.fi\\\/\",\"https:\\\/\\\/www.instagram.com\\\/vmsport\\\/\"]}]}<\/script>\n<!-- \/ Yoast SEO plugin. -->","yoast_head_json":{"title":"Headsetpar Ultegra 11T, 11v, 2st med lager - VM Sport","robots":{"index":"index","follow":"follow","max-snippet":"max-snippet:-1","max-image-preview":"max-image-preview:large","max-video-preview":"max-video-preview:-1"},"canonical":"https:\/\/vmsport.fi\/sv\/webbutik\/cyklar\/styrpar-ultegra-11t-11v-2st-med-lager\/","og_locale":"sv_SE","og_type":"article","og_title":"Ohjainrulla pari Ultegra 11T, 11v, 2kpl laakerein - VM Sport","og_description":"Ultegra-ohjainrullapari, joka on suunniteltu erityisesti Shimano RD-6800 ja RD-6870 -takavaihtajiin, tarjoaa huippuluokan suorituskyky\u00e4 11-vaihteisille ratasj\u00e4rjestelmille. N\u00e4m\u00e4 11-hampaiset rullat, joissa on integroidut laakerit, mahdollistavat entist\u00e4 sulavammat ja tarkemmat vaihdot. T\u00e4m\u00e4n parin avulla py\u00f6r\u00e4ilij\u00e4 voi nauttia erinomaisesta kest\u00e4vyydest\u00e4 ja tehokkuudesta haastavimmissakin ajotilanteissa. [...]L\u00e4s mer \u2026 from Ohjainrulla pari Ultegra 11T, 11v, 2kpl laakerein","og_url":"https:\/\/vmsport.fi\/sv\/webbutik\/cyklar\/styrpar-ultegra-11t-11v-2st-med-lager\/","og_site_name":"VM Sport","article_publisher":"https:\/\/www.facebook.com\/Vmsport.fi\/","article_modified_time":"2026-01-16T11:25:26+00:00","og_image":[{"width":600,"height":600,"url":"https:\/\/vmsport.fi\/wp-content\/uploads\/2025\/03\/11f197J2tRhocuTnNQnrbCRn1dQyn8zQDBHmQq6LV0kxJEdnoK-1.jpg","type":"image\/jpeg"}],"twitter_card":"summary_large_image","schema":{"@context":"https:\/\/schema.org","@graph":[{"@type":["WebPage","ItemPage"],"@id":"https:\/\/vmsport.fi\/verkkokauppa\/polkupyorat\/ohjainrulla-pari-ultegra-11t-11v-2kpl-laakerein\/","url":"https:\/\/vmsport.fi\/verkkokauppa\/polkupyorat\/ohjainrulla-pari-ultegra-11t-11v-2kpl-laakerein\/","name":"Headsetpar Ultegra 11T, 11v, 2st med lager - VM Sport","isPartOf":{"@id":"https:\/\/vmsport.fi\/#website"},"primaryImageOfPage":{"@id":"https:\/\/vmsport.fi\/verkkokauppa\/polkupyorat\/ohjainrulla-pari-ultegra-11t-11v-2kpl-laakerein\/#primaryimage"},"image":{"@id":"https:\/\/vmsport.fi\/verkkokauppa\/polkupyorat\/ohjainrulla-pari-ultegra-11t-11v-2kpl-laakerein\/#primaryimage"},"thumbnailUrl":"https:\/\/vmsport.fi\/wp-content\/uploads\/2025\/03\/11f197J2tRhocuTnNQnrbCRn1dQyn8zQDBHmQq6LV0kxJEdnoK-1.jpg","datePublished":"2025-03-05T21:45:40+00:00","dateModified":"2026-01-16T11:25:26+00:00","breadcrumb":{"@id":"https:\/\/vmsport.fi\/verkkokauppa\/polkupyorat\/ohjainrulla-pari-ultegra-11t-11v-2kpl-laakerein\/#breadcrumb"},"inLanguage":"sv-SE","potentialAction":[{"@type":"ReadAction","target":["https:\/\/vmsport.fi\/verkkokauppa\/polkupyorat\/ohjainrulla-pari-ultegra-11t-11v-2kpl-laakerein\/"]}]},{"@type":"ImageObject","inLanguage":"sv-SE","@id":"https:\/\/vmsport.fi\/verkkokauppa\/polkupyorat\/ohjainrulla-pari-ultegra-11t-11v-2kpl-laakerein\/#primaryimage","url":"https:\/\/vmsport.fi\/wp-content\/uploads\/2025\/03\/11f197J2tRhocuTnNQnrbCRn1dQyn8zQDBHmQq6LV0kxJEdnoK-1.jpg","contentUrl":"https:\/\/vmsport.fi\/wp-content\/uploads\/2025\/03\/11f197J2tRhocuTnNQnrbCRn1dQyn8zQDBHmQq6LV0kxJEdnoK-1.jpg","width":600,"height":600,"caption":"11f197J2tRhocuTnNQnrbCRn1dQyn8zQDBHmQq6LV0kxJEdnoK"},{"@type":"BreadcrumbList","@id":"https:\/\/vmsport.fi\/verkkokauppa\/polkupyorat\/ohjainrulla-pari-ultegra-11t-11v-2kpl-laakerein\/#breadcrumb","itemListElement":[{"@type":"ListItem","position":1,"name":"Etusivu","item":"https:\/\/vmsport.fi\/"},{"@type":"ListItem","position":2,"name":"Online Store","item":"https:\/\/vmsport.fi\/en\/online-store\/"},{"@type":"ListItem","position":3,"name":"Ohjainrulla pari Ultegra 11T, 11v, 2kpl laakerein"}]},{"@type":"WebSite","@id":"https:\/\/vmsport.fi\/#website","url":"https:\/\/vmsport.fi\/","name":"Vmsport","description":"Allt p\u00e5 ett st\u00e4lle f\u00f6r cykling","publisher":{"@id":"https:\/\/vmsport.fi\/#organization"},"potentialAction":[{"@type":"SearchAction","target":{"@type":"EntryPoint","urlTemplate":"https:\/\/vmsport.fi\/?s={search_term_string}"},"query-input":{"@type":"PropertyValueSpecification","valueRequired":true,"valueName":"search_term_string"}}],"inLanguage":"sv-SE"},{"@type":"Organization","@id":"https:\/\/vmsport.fi\/#organization","name":"Vmsport","url":"https:\/\/vmsport.fi\/","logo":{"@type":"ImageObject","inLanguage":"sv-SE","@id":"https:\/\/vmsport.fi\/#\/schema\/logo\/image\/","url":"https:\/\/vmsport.fi\/wp-content\/uploads\/2024\/12\/vm_sport_RGB_horisontal-e1734526017575.png","contentUrl":"https:\/\/vmsport.fi\/wp-content\/uploads\/2024\/12\/vm_sport_RGB_horisontal-e1734526017575.png","width":668,"height":85,"caption":"Vmsport"},"image":{"@id":"https:\/\/vmsport.fi\/#\/schema\/logo\/image\/"},"sameAs":["https:\/\/www.facebook.com\/Vmsport.fi\/","https:\/\/www.instagram.com\/vmsport\/"]}]}},"global_unique_id":"","_links":{"self":[{"href":"https:\/\/vmsport.fi\/sv\/wp-json\/wp\/v2\/product\/53833","targetHints":{"allow":["GET"]}}],"collection":[{"href":"https:\/\/vmsport.fi\/sv\/wp-json\/wp\/v2\/product"}],"about":[{"href":"https:\/\/vmsport.fi\/sv\/wp-json\/wp\/v2\/types\/product"}],"replies":[{"embeddable":true,"href":"https:\/\/vmsport.fi\/sv\/wp-json\/wp\/v2\/comments?post=53833"}],"wp:featuredmedia":[{"embeddable":true,"href":"https:\/\/vmsport.fi\/sv\/wp-json\/wp\/v2\/media\/53832"}],"wp:attachment":[{"href":"https:\/\/vmsport.fi\/sv\/wp-json\/wp\/v2\/media?parent=53833"}],"wp:term":[{"taxonomy":"product_brand","embeddable":true,"href":"https:\/\/vmsport.fi\/sv\/wp-json\/wp\/v2\/product_brand?post=53833"},{"taxonomy":"product_model","embeddable":true,"href":"https:\/\/vmsport.fi\/sv\/wp-json\/wp\/v2\/product_model?post=53833"},{"taxonomy":"product_cat","embeddable":true,"href":"https:\/\/vmsport.fi\/sv\/wp-json\/wp\/v2\/product_cat?post=53833"},{"taxonomy":"product_tag","embeddable":true,"href":"https:\/\/vmsport.fi\/sv\/wp-json\/wp\/v2\/product_tag?post=53833"},{"taxonomy":"industry_terminology","embeddable":true,"href":"https:\/\/vmsport.fi\/sv\/wp-json\/wp\/v2\/industry-terminology?post=53833"}],"curies":[{"name":"wp","href":"https:\/\/api.w.org\/{rel}","templated":true}]}}