{"id":53831,"date":"2025-03-05T23:45:40","date_gmt":"2025-03-05T21:45:40","guid":{"rendered":"https:\/\/vmsport.fi\/verkkokauppa\/Ei-luokiteltu\/fox-ranger-pant-black\/"},"modified":"2026-03-05T10:05:22","modified_gmt":"2026-03-05T08:05:22","slug":"fox-ranger-pant-black","status":"publish","type":"product","link":"https:\/\/vmsport.fi\/sv\/verkkokauppa\/ajovarusteet\/vaatteet\/shortsit\/fox-ranger-pant-black\/","title":{"rendered":"FOX RANGER BYXA SVART"},"content":{"rendered":"<p>Fox Ranger Pant Black on monik\u00e4ytt\u00f6inen housu, joka sopii niin vapaa-aikaan kuin maastopy\u00f6r\u00e4ilyyn. Nykyaikainen leikkaus tukee monenlaisia ulkoiluaktiviteetteja. Housut on valmistettu laadukkaista ja kest\u00e4vist\u00e4 materiaaleista, jotka takaavat pitk\u00e4ik\u00e4isen k\u00e4yt\u00f6n, ja vahvistetut paneelit tarjoavat lis\u00e4suojaa vaikeissa maastoissa. Keveys ja hengitt\u00e4vyys lis\u00e4\u00e4v\u00e4t mukavuutta erityisesti l\u00e4mpim\u00e4ss\u00e4 s\u00e4\u00e4ss\u00e4. Lukuisat taskut tarjoavat k\u00e4tev\u00e4\u00e4 s\u00e4ilytystilaa, ja s\u00e4\u00e4dett\u00e4v\u00e4 vy\u00f6t\u00e4r\u00f6 takaa yksil\u00f6llisen istuvuuden. T\u00e4m\u00e4 tyylik\u00e4s musta housu yhdist\u00e4\u00e4 muotoilun ja toiminnallisuuden, t\u00e4ytt\u00e4en vaativimmatkin tarpeet.<\/p>","protected":false},"excerpt":{"rendered":"<p>Fox Ranger Pant Black on monik\u00e4ytt\u00f6inen housu, joka sopii niin vapaa-aikaan kuin maastopy\u00f6r\u00e4ilyyn. Nykyaikainen leikkaus tukee monenlaisia ulkoiluaktiviteetteja. Housut on valmistettu laadukkaista ja kest\u00e4vist\u00e4 materiaaleista, jotka takaavat pitk\u00e4ik\u00e4isen k\u00e4yt\u00f6n, ja vahvistetut paneelit tarjoavat lis\u00e4suojaa vaikeissa maastoissa. Keveys ja hengitt\u00e4vyys lis\u00e4\u00e4v\u00e4t mukavuutta erityisesti l\u00e4mpim\u00e4ss\u00e4 s\u00e4\u00e4ss\u00e4. Lukuisat taskut tarjoavat k\u00e4tev\u00e4\u00e4 s\u00e4ilytystilaa, ja s\u00e4\u00e4dett\u00e4v\u00e4 vy\u00f6t\u00e4r\u00f6 takaa yksil\u00f6llisen istuvuuden. [&#8230;]<\/p>\n<p><a class=\"btn btn-secondary understrap-read-more-link\" href=\"https:\/\/vmsport.fi\/sv\/verkkokauppa\/ajovarusteet\/vaatteet\/shortsit\/fox-ranger-pant-black\/\">L\u00e4s mer \u2026<span class=\"screen-reader-text\"> from FOX RANGER PANT BLACK<\/span><\/a><\/p>\n","protected":false},"featured_media":53830,"comment_status":"open","ping_status":"closed","template":"","meta":{"_acf_changed":false,"_improvement_type_select":"improve_an_existing","_thumb_yes_seoaic":false,"_frame_yes_seoaic":false,"seoaic_generate_description":"","seoaic_improve_instructions_prompt":"","seoaic_rollback_content_improvement":"","seoaic_idea_thumbnail_generator":"","thumbnail_generated":false,"thumbnail_generate_prompt":"","seoaic_article_description":"","_supplier_stock_quantity":0},"product_brand":[45],"product_model":[],"product_cat":[9462],"product_tag":[],"industry-terminology":[],"class_list":{"0":"post-53831","1":"product","2":"type-product","3":"status-publish","4":"has-post-thumbnail","6":"product_brand-fox","7":"product_cat-shortsit","9":"first","10":"instock","11":"sale","12":"taxable","13":"shipping-taxable","14":"purchasable","15":"product-type-variable"},"acf":{"bike_features":null,"overview":{"copy_overview":null,"key_features":null,"statement":"","youtube_url":""}},"yoast_head":"<!-- This site is optimized with the Yoast SEO plugin v27.3 - https:\/\/yoast.com\/product\/yoast-seo-wordpress\/ -->\n<title>FOX RANGER PANT BLACK - VM Sport<\/title>\n<meta name=\"robots\" content=\"index, follow, max-snippet:-1, max-image-preview:large, max-video-preview:-1\" \/>\n<link rel=\"canonical\" href=\"https:\/\/vmsport.fi\/sv\/webbutik\/korutrustning\/klader\/shorts\/fox-ranger-pant-black\/\" \/>\n<meta property=\"og:locale\" content=\"sv_SE\" \/>\n<meta property=\"og:type\" content=\"article\" \/>\n<meta property=\"og:title\" content=\"FOX RANGER PANT BLACK - VM Sport\" \/>\n<meta property=\"og:description\" content=\"Fox Ranger Pant Black on monik\u00e4ytt\u00f6inen housu, joka sopii niin vapaa-aikaan kuin maastopy\u00f6r\u00e4ilyyn. Nykyaikainen leikkaus tukee monenlaisia ulkoiluaktiviteetteja. Housut on valmistettu laadukkaista ja kest\u00e4vist\u00e4 materiaaleista, jotka takaavat pitk\u00e4ik\u00e4isen k\u00e4yt\u00f6n, ja vahvistetut paneelit tarjoavat lis\u00e4suojaa vaikeissa maastoissa. Keveys ja hengitt\u00e4vyys lis\u00e4\u00e4v\u00e4t mukavuutta erityisesti l\u00e4mpim\u00e4ss\u00e4 s\u00e4\u00e4ss\u00e4. Lukuisat taskut tarjoavat k\u00e4tev\u00e4\u00e4 s\u00e4ilytystilaa, ja s\u00e4\u00e4dett\u00e4v\u00e4 vy\u00f6t\u00e4r\u00f6 takaa yksil\u00f6llisen istuvuuden. [...]L\u00e4s mer \u2026 from FOX RANGER PANT BLACK\" \/>\n<meta property=\"og:url\" content=\"https:\/\/vmsport.fi\/sv\/webbutik\/korutrustning\/klader\/shorts\/fox-ranger-pant-black\/\" \/>\n<meta property=\"og:site_name\" content=\"VM Sport\" \/>\n<meta property=\"article:publisher\" content=\"https:\/\/www.facebook.com\/Vmsport.fi\/\" \/>\n<meta property=\"article:modified_time\" content=\"2026-03-05T08:05:22+00:00\" \/>\n<meta property=\"og:image\" content=\"https:\/\/vmsport.fi\/wp-content\/uploads\/2025\/03\/E-28891-001-1-1.png\" \/>\n\t<meta property=\"og:image:width\" content=\"800\" \/>\n\t<meta property=\"og:image:height\" content=\"950\" \/>\n\t<meta property=\"og:image:type\" content=\"image\/png\" \/>\n<meta name=\"twitter:card\" content=\"summary_large_image\" \/>\n<script type=\"application\/ld+json\" class=\"yoast-schema-graph\">{\"@context\":\"https:\\\/\\\/schema.org\",\"@graph\":[{\"@type\":[\"WebPage\",\"ItemPage\"],\"@id\":\"https:\\\/\\\/vmsport.fi\\\/verkkokauppa\\\/ajovarusteet\\\/vaatteet\\\/shortsit\\\/fox-ranger-pant-black\\\/\",\"url\":\"https:\\\/\\\/vmsport.fi\\\/verkkokauppa\\\/ajovarusteet\\\/vaatteet\\\/shortsit\\\/fox-ranger-pant-black\\\/\",\"name\":\"FOX RANGER PANT BLACK - VM Sport\",\"isPartOf\":{\"@id\":\"https:\\\/\\\/vmsport.fi\\\/#website\"},\"primaryImageOfPage\":{\"@id\":\"https:\\\/\\\/vmsport.fi\\\/verkkokauppa\\\/ajovarusteet\\\/vaatteet\\\/shortsit\\\/fox-ranger-pant-black\\\/#primaryimage\"},\"image\":{\"@id\":\"https:\\\/\\\/vmsport.fi\\\/verkkokauppa\\\/ajovarusteet\\\/vaatteet\\\/shortsit\\\/fox-ranger-pant-black\\\/#primaryimage\"},\"thumbnailUrl\":\"https:\\\/\\\/vmsport.fi\\\/wp-content\\\/uploads\\\/2025\\\/03\\\/E-28891-001-1-1.png\",\"datePublished\":\"2025-03-05T21:45:40+00:00\",\"dateModified\":\"2026-03-05T08:05:22+00:00\",\"breadcrumb\":{\"@id\":\"https:\\\/\\\/vmsport.fi\\\/verkkokauppa\\\/ajovarusteet\\\/vaatteet\\\/shortsit\\\/fox-ranger-pant-black\\\/#breadcrumb\"},\"inLanguage\":\"sv-SE\",\"potentialAction\":[{\"@type\":\"ReadAction\",\"target\":[\"https:\\\/\\\/vmsport.fi\\\/verkkokauppa\\\/ajovarusteet\\\/vaatteet\\\/shortsit\\\/fox-ranger-pant-black\\\/\"]}]},{\"@type\":\"ImageObject\",\"inLanguage\":\"sv-SE\",\"@id\":\"https:\\\/\\\/vmsport.fi\\\/verkkokauppa\\\/ajovarusteet\\\/vaatteet\\\/shortsit\\\/fox-ranger-pant-black\\\/#primaryimage\",\"url\":\"https:\\\/\\\/vmsport.fi\\\/wp-content\\\/uploads\\\/2025\\\/03\\\/E-28891-001-1-1.png\",\"contentUrl\":\"https:\\\/\\\/vmsport.fi\\\/wp-content\\\/uploads\\\/2025\\\/03\\\/E-28891-001-1-1.png\",\"width\":800,\"height\":950,\"caption\":\"E-28891-001-1\"},{\"@type\":\"BreadcrumbList\",\"@id\":\"https:\\\/\\\/vmsport.fi\\\/verkkokauppa\\\/ajovarusteet\\\/vaatteet\\\/shortsit\\\/fox-ranger-pant-black\\\/#breadcrumb\",\"itemListElement\":[{\"@type\":\"ListItem\",\"position\":1,\"name\":\"Etusivu\",\"item\":\"https:\\\/\\\/vmsport.fi\\\/\"},{\"@type\":\"ListItem\",\"position\":2,\"name\":\"Online Store\",\"item\":\"https:\\\/\\\/vmsport.fi\\\/en\\\/online-store\\\/\"},{\"@type\":\"ListItem\",\"position\":3,\"name\":\"FOX RANGER PANT BLACK\"}]},{\"@type\":\"WebSite\",\"@id\":\"https:\\\/\\\/vmsport.fi\\\/#website\",\"url\":\"https:\\\/\\\/vmsport.fi\\\/\",\"name\":\"Vmsport\",\"description\":\"Kaikki py\u00f6r\u00e4ilyyn yhdest\u00e4 paikasta\",\"publisher\":{\"@id\":\"https:\\\/\\\/vmsport.fi\\\/#organization\"},\"potentialAction\":[{\"@type\":\"SearchAction\",\"target\":{\"@type\":\"EntryPoint\",\"urlTemplate\":\"https:\\\/\\\/vmsport.fi\\\/?s={search_term_string}\"},\"query-input\":{\"@type\":\"PropertyValueSpecification\",\"valueRequired\":true,\"valueName\":\"search_term_string\"}}],\"inLanguage\":\"sv-SE\"},{\"@type\":\"Organization\",\"@id\":\"https:\\\/\\\/vmsport.fi\\\/#organization\",\"name\":\"Vmsport\",\"url\":\"https:\\\/\\\/vmsport.fi\\\/\",\"logo\":{\"@type\":\"ImageObject\",\"inLanguage\":\"sv-SE\",\"@id\":\"https:\\\/\\\/vmsport.fi\\\/#\\\/schema\\\/logo\\\/image\\\/\",\"url\":\"https:\\\/\\\/vmsport.fi\\\/wp-content\\\/uploads\\\/2024\\\/12\\\/vm_sport_RGB_horisontal-e1734526017575.png\",\"contentUrl\":\"https:\\\/\\\/vmsport.fi\\\/wp-content\\\/uploads\\\/2024\\\/12\\\/vm_sport_RGB_horisontal-e1734526017575.png\",\"width\":668,\"height\":85,\"caption\":\"Vmsport\"},\"image\":{\"@id\":\"https:\\\/\\\/vmsport.fi\\\/#\\\/schema\\\/logo\\\/image\\\/\"},\"sameAs\":[\"https:\\\/\\\/www.facebook.com\\\/Vmsport.fi\\\/\",\"https:\\\/\\\/www.instagram.com\\\/vmsport\\\/\"]}]}<\/script>\n<!-- \/ Yoast SEO plugin. -->","yoast_head_json":{"title":"FOX RANGER PANT BLACK - VM Sport","robots":{"index":"index","follow":"follow","max-snippet":"max-snippet:-1","max-image-preview":"max-image-preview:large","max-video-preview":"max-video-preview:-1"},"canonical":"https:\/\/vmsport.fi\/sv\/webbutik\/korutrustning\/klader\/shorts\/fox-ranger-pant-black\/","og_locale":"sv_SE","og_type":"article","og_title":"FOX RANGER PANT BLACK - VM Sport","og_description":"Fox Ranger Pant Black on monik\u00e4ytt\u00f6inen housu, joka sopii niin vapaa-aikaan kuin maastopy\u00f6r\u00e4ilyyn. Nykyaikainen leikkaus tukee monenlaisia ulkoiluaktiviteetteja. Housut on valmistettu laadukkaista ja kest\u00e4vist\u00e4 materiaaleista, jotka takaavat pitk\u00e4ik\u00e4isen k\u00e4yt\u00f6n, ja vahvistetut paneelit tarjoavat lis\u00e4suojaa vaikeissa maastoissa. Keveys ja hengitt\u00e4vyys lis\u00e4\u00e4v\u00e4t mukavuutta erityisesti l\u00e4mpim\u00e4ss\u00e4 s\u00e4\u00e4ss\u00e4. Lukuisat taskut tarjoavat k\u00e4tev\u00e4\u00e4 s\u00e4ilytystilaa, ja s\u00e4\u00e4dett\u00e4v\u00e4 vy\u00f6t\u00e4r\u00f6 takaa yksil\u00f6llisen istuvuuden. [...]L\u00e4s mer \u2026 from FOX RANGER PANT BLACK","og_url":"https:\/\/vmsport.fi\/sv\/webbutik\/korutrustning\/klader\/shorts\/fox-ranger-pant-black\/","og_site_name":"VM Sport","article_publisher":"https:\/\/www.facebook.com\/Vmsport.fi\/","article_modified_time":"2026-03-05T08:05:22+00:00","og_image":[{"width":800,"height":950,"url":"https:\/\/vmsport.fi\/wp-content\/uploads\/2025\/03\/E-28891-001-1-1.png","type":"image\/png"}],"twitter_card":"summary_large_image","schema":{"@context":"https:\/\/schema.org","@graph":[{"@type":["WebPage","ItemPage"],"@id":"https:\/\/vmsport.fi\/verkkokauppa\/ajovarusteet\/vaatteet\/shortsit\/fox-ranger-pant-black\/","url":"https:\/\/vmsport.fi\/verkkokauppa\/ajovarusteet\/vaatteet\/shortsit\/fox-ranger-pant-black\/","name":"FOX RANGER PANT BLACK - VM Sport","isPartOf":{"@id":"https:\/\/vmsport.fi\/#website"},"primaryImageOfPage":{"@id":"https:\/\/vmsport.fi\/verkkokauppa\/ajovarusteet\/vaatteet\/shortsit\/fox-ranger-pant-black\/#primaryimage"},"image":{"@id":"https:\/\/vmsport.fi\/verkkokauppa\/ajovarusteet\/vaatteet\/shortsit\/fox-ranger-pant-black\/#primaryimage"},"thumbnailUrl":"https:\/\/vmsport.fi\/wp-content\/uploads\/2025\/03\/E-28891-001-1-1.png","datePublished":"2025-03-05T21:45:40+00:00","dateModified":"2026-03-05T08:05:22+00:00","breadcrumb":{"@id":"https:\/\/vmsport.fi\/verkkokauppa\/ajovarusteet\/vaatteet\/shortsit\/fox-ranger-pant-black\/#breadcrumb"},"inLanguage":"sv-SE","potentialAction":[{"@type":"ReadAction","target":["https:\/\/vmsport.fi\/verkkokauppa\/ajovarusteet\/vaatteet\/shortsit\/fox-ranger-pant-black\/"]}]},{"@type":"ImageObject","inLanguage":"sv-SE","@id":"https:\/\/vmsport.fi\/verkkokauppa\/ajovarusteet\/vaatteet\/shortsit\/fox-ranger-pant-black\/#primaryimage","url":"https:\/\/vmsport.fi\/wp-content\/uploads\/2025\/03\/E-28891-001-1-1.png","contentUrl":"https:\/\/vmsport.fi\/wp-content\/uploads\/2025\/03\/E-28891-001-1-1.png","width":800,"height":950,"caption":"E-28891-001-1"},{"@type":"BreadcrumbList","@id":"https:\/\/vmsport.fi\/verkkokauppa\/ajovarusteet\/vaatteet\/shortsit\/fox-ranger-pant-black\/#breadcrumb","itemListElement":[{"@type":"ListItem","position":1,"name":"Etusivu","item":"https:\/\/vmsport.fi\/"},{"@type":"ListItem","position":2,"name":"Online Store","item":"https:\/\/vmsport.fi\/en\/online-store\/"},{"@type":"ListItem","position":3,"name":"FOX RANGER PANT BLACK"}]},{"@type":"WebSite","@id":"https:\/\/vmsport.fi\/#website","url":"https:\/\/vmsport.fi\/","name":"Vmsport","description":"Allt p\u00e5 ett st\u00e4lle f\u00f6r cykling","publisher":{"@id":"https:\/\/vmsport.fi\/#organization"},"potentialAction":[{"@type":"SearchAction","target":{"@type":"EntryPoint","urlTemplate":"https:\/\/vmsport.fi\/?s={search_term_string}"},"query-input":{"@type":"PropertyValueSpecification","valueRequired":true,"valueName":"search_term_string"}}],"inLanguage":"sv-SE"},{"@type":"Organization","@id":"https:\/\/vmsport.fi\/#organization","name":"Vmsport","url":"https:\/\/vmsport.fi\/","logo":{"@type":"ImageObject","inLanguage":"sv-SE","@id":"https:\/\/vmsport.fi\/#\/schema\/logo\/image\/","url":"https:\/\/vmsport.fi\/wp-content\/uploads\/2024\/12\/vm_sport_RGB_horisontal-e1734526017575.png","contentUrl":"https:\/\/vmsport.fi\/wp-content\/uploads\/2024\/12\/vm_sport_RGB_horisontal-e1734526017575.png","width":668,"height":85,"caption":"Vmsport"},"image":{"@id":"https:\/\/vmsport.fi\/#\/schema\/logo\/image\/"},"sameAs":["https:\/\/www.facebook.com\/Vmsport.fi\/","https:\/\/www.instagram.com\/vmsport\/"]}]}},"global_unique_id":"","_links":{"self":[{"href":"https:\/\/vmsport.fi\/sv\/wp-json\/wp\/v2\/product\/53831","targetHints":{"allow":["GET"]}}],"collection":[{"href":"https:\/\/vmsport.fi\/sv\/wp-json\/wp\/v2\/product"}],"about":[{"href":"https:\/\/vmsport.fi\/sv\/wp-json\/wp\/v2\/types\/product"}],"replies":[{"embeddable":true,"href":"https:\/\/vmsport.fi\/sv\/wp-json\/wp\/v2\/comments?post=53831"}],"wp:featuredmedia":[{"embeddable":true,"href":"https:\/\/vmsport.fi\/sv\/wp-json\/wp\/v2\/media\/53830"}],"wp:attachment":[{"href":"https:\/\/vmsport.fi\/sv\/wp-json\/wp\/v2\/media?parent=53831"}],"wp:term":[{"taxonomy":"product_brand","embeddable":true,"href":"https:\/\/vmsport.fi\/sv\/wp-json\/wp\/v2\/product_brand?post=53831"},{"taxonomy":"product_model","embeddable":true,"href":"https:\/\/vmsport.fi\/sv\/wp-json\/wp\/v2\/product_model?post=53831"},{"taxonomy":"product_cat","embeddable":true,"href":"https:\/\/vmsport.fi\/sv\/wp-json\/wp\/v2\/product_cat?post=53831"},{"taxonomy":"product_tag","embeddable":true,"href":"https:\/\/vmsport.fi\/sv\/wp-json\/wp\/v2\/product_tag?post=53831"},{"taxonomy":"industry_terminology","embeddable":true,"href":"https:\/\/vmsport.fi\/sv\/wp-json\/wp\/v2\/industry-terminology?post=53831"}],"curies":[{"name":"wp","href":"https:\/\/api.w.org\/{rel}","templated":true}]}}