{"id":53825,"date":"2025-03-05T23:45:33","date_gmt":"2025-03-05T21:45:33","guid":{"rendered":"https:\/\/vmsport.fi\/verkkokauppa\/Ei-luokiteltu\/kasetinrunko-fh-tx500-fh-tx500-fh-mt200\/"},"modified":"2026-04-22T15:00:55","modified_gmt":"2026-04-22T12:00:55","slug":"patronhus-fh-tx500-fh-tx500-fh-mt200","status":"publish","type":"product","link":"https:\/\/vmsport.fi\/sv\/verkkokauppa\/varaosat\/kiekot-ja-navat\/navat-ja-osat\/kasetinrunko-fh-tx500-fh-tx500-fh-mt200\/","title":{"rendered":"Kassetth\u00e5llare FH-TX500 FH-TX500, FH-MT200"},"content":{"rendered":"<p>Shimano FH-TX500 och FH-MT200 kassettram \u00e4r utformad f\u00f6r att klara en m\u00e4ngd olika k\u00f6rstilar, vilket g\u00f6r den till ett p\u00e5litligt val f\u00f6r cyklister. Denna kassettram erbjuder utm\u00e4rkt kompatibilitet och enkel installation, vilket g\u00f6r den l\u00e4mplig f\u00f6r ett brett utbud av cykelmodeller. Designen garanterar l\u00e5ng livsl\u00e4ngd, f\u00f6rb\u00e4ttrar k\u00f6rkomforten och minskar behovet av underh\u00e5ll. Den innovativa designen m\u00f6jligg\u00f6r s\u00f6ml\u00f6s v\u00e4xling, vilket g\u00f6r cykelturen smidig och bekv\u00e4m under varje cykeltur. Med den h\u00e4r produkten kan du njuta av bekymmersfri cykling p\u00e5 ett naturligt s\u00e4tt.<\/p>","protected":false},"excerpt":{"rendered":"<p>Shimano-kasetinrunko FH-TX500 ja FH-MT200 on suunniteltu kest\u00e4m\u00e4\u00e4n erilaisia ajotyylej\u00e4, mik\u00e4 tekee siit\u00e4 luotettavan valinnan py\u00f6r\u00e4ilij\u00f6ille. T\u00e4m\u00e4 kasetinrunko tarjoaa erinomaisen yhteensopivuuden ja helpon asennettavuuden, mink\u00e4 ansiosta se soveltuu moniin py\u00f6r\u00e4malleihin. Sen rakenne takaa pitk\u00e4n k\u00e4ytt\u00f6i\u00e4n, mik\u00e4 parantaa ajomukavuutta ja v\u00e4hent\u00e4\u00e4 huollon tarvetta. Innovatiivinen muotoilu mahdollistaa saumattoman vaihteiden siirron, jolloin ajo pysyy sujuvana ja miellytt\u00e4v\u00e4n\u00e4 jokaisella py\u00f6r\u00e4retkell\u00e4. [&#8230;]<\/p>\n<p><a class=\"btn btn-secondary understrap-read-more-link\" href=\"https:\/\/vmsport.fi\/sv\/verkkokauppa\/varaosat\/kiekot-ja-navat\/navat-ja-osat\/kasetinrunko-fh-tx500-fh-tx500-fh-mt200\/\">L\u00e4s mer \u2026<span class=\"screen-reader-text\"> from Kasetinrunko FH-TX500 FH-TX500, FH-MT200<\/span><\/a><\/p>\n","protected":false},"featured_media":53824,"comment_status":"open","ping_status":"closed","template":"","meta":{"_acf_changed":false,"_improvement_type_select":"improve_an_existing","_thumb_yes_seoaic":false,"_frame_yes_seoaic":false,"seoaic_generate_description":"","seoaic_improve_instructions_prompt":"","seoaic_rollback_content_improvement":"","seoaic_idea_thumbnail_generator":"","thumbnail_generated":false,"thumbnail_generate_prompt":"","seoaic_article_description":"","_supplier_stock_quantity":0},"product_brand":[],"product_model":[],"product_cat":[9248],"product_tag":[],"industry-terminology":[],"class_list":{"0":"post-53825","1":"product","2":"type-product","3":"status-publish","4":"has-post-thumbnail","6":"product_cat-navat-ja-osat","8":"first","9":"outofstock","10":"taxable","11":"shipping-taxable","12":"product-type-simple"},"acf":{"bike_features":null,"overview":{"copy_overview":null,"key_features":null,"statement":"","youtube_url":""}},"yoast_head":"<!-- This site is optimized with the Yoast SEO plugin v27.4 - https:\/\/yoast.com\/product\/yoast-seo-wordpress\/ -->\n<title>Kasetinrunko FH-TX500 FH-TX500, FH-MT200 - VM Sport<\/title>\n<meta name=\"robots\" content=\"index, follow, max-snippet:-1, max-image-preview:large, max-video-preview:-1\" \/>\n<link rel=\"canonical\" href=\"https:\/\/vmsport.fi\/sv\/webbutik\/reservdelar\/skivor-och-nav\/stolpar-och-delar\/patronhus-fh-tx500-fh-tx500-fh-mt200\/\" \/>\n<meta property=\"og:locale\" content=\"sv_SE\" \/>\n<meta property=\"og:type\" content=\"article\" \/>\n<meta property=\"og:title\" content=\"Kasetinrunko FH-TX500 FH-TX500, FH-MT200 - VM Sport\" \/>\n<meta property=\"og:description\" content=\"Shimano-kasetinrunko FH-TX500 ja FH-MT200 on suunniteltu kest\u00e4m\u00e4\u00e4n erilaisia ajotyylej\u00e4, mik\u00e4 tekee siit\u00e4 luotettavan valinnan py\u00f6r\u00e4ilij\u00f6ille. T\u00e4m\u00e4 kasetinrunko tarjoaa erinomaisen yhteensopivuuden ja helpon asennettavuuden, mink\u00e4 ansiosta se soveltuu moniin py\u00f6r\u00e4malleihin. Sen rakenne takaa pitk\u00e4n k\u00e4ytt\u00f6i\u00e4n, mik\u00e4 parantaa ajomukavuutta ja v\u00e4hent\u00e4\u00e4 huollon tarvetta. Innovatiivinen muotoilu mahdollistaa saumattoman vaihteiden siirron, jolloin ajo pysyy sujuvana ja miellytt\u00e4v\u00e4n\u00e4 jokaisella py\u00f6r\u00e4retkell\u00e4. [...]L\u00e4s mer \u2026 from Kasetinrunko FH-TX500 FH-TX500, FH-MT200\" \/>\n<meta property=\"og:url\" content=\"https:\/\/vmsport.fi\/sv\/webbutik\/reservdelar\/skivor-och-nav\/stolpar-och-delar\/patronhus-fh-tx500-fh-tx500-fh-mt200\/\" \/>\n<meta property=\"og:site_name\" content=\"VM Sport\" \/>\n<meta property=\"article:publisher\" content=\"https:\/\/www.facebook.com\/Vmsport.fi\/\" \/>\n<meta property=\"article:modified_time\" content=\"2026-04-22T12:00:55+00:00\" \/>\n<meta property=\"og:image\" content=\"https:\/\/vmsport.fi\/wp-content\/uploads\/2025\/03\/iZWKwdbLnTXzyoCE3zCQWs9LPKluWYhBcWFcOm3OWR2vRT1rkc-1.jpg\" \/>\n\t<meta property=\"og:image:width\" content=\"600\" \/>\n\t<meta property=\"og:image:height\" content=\"600\" \/>\n\t<meta property=\"og:image:type\" content=\"image\/jpeg\" \/>\n<meta name=\"twitter:card\" content=\"summary_large_image\" \/>\n<script type=\"application\/ld+json\" class=\"yoast-schema-graph\">{\"@context\":\"https:\\\/\\\/schema.org\",\"@graph\":[{\"@type\":[\"WebPage\",\"ItemPage\"],\"@id\":\"https:\\\/\\\/vmsport.fi\\\/verkkokauppa\\\/varaosat\\\/kiekot-ja-navat\\\/navat-ja-osat\\\/kasetinrunko-fh-tx500-fh-tx500-fh-mt200\\\/\",\"url\":\"https:\\\/\\\/vmsport.fi\\\/verkkokauppa\\\/varaosat\\\/kiekot-ja-navat\\\/navat-ja-osat\\\/kasetinrunko-fh-tx500-fh-tx500-fh-mt200\\\/\",\"name\":\"Kasetinrunko FH-TX500 FH-TX500, FH-MT200 - VM Sport\",\"isPartOf\":{\"@id\":\"https:\\\/\\\/vmsport.fi\\\/#website\"},\"primaryImageOfPage\":{\"@id\":\"https:\\\/\\\/vmsport.fi\\\/verkkokauppa\\\/varaosat\\\/kiekot-ja-navat\\\/navat-ja-osat\\\/kasetinrunko-fh-tx500-fh-tx500-fh-mt200\\\/#primaryimage\"},\"image\":{\"@id\":\"https:\\\/\\\/vmsport.fi\\\/verkkokauppa\\\/varaosat\\\/kiekot-ja-navat\\\/navat-ja-osat\\\/kasetinrunko-fh-tx500-fh-tx500-fh-mt200\\\/#primaryimage\"},\"thumbnailUrl\":\"https:\\\/\\\/vmsport.fi\\\/wp-content\\\/uploads\\\/2025\\\/03\\\/iZWKwdbLnTXzyoCE3zCQWs9LPKluWYhBcWFcOm3OWR2vRT1rkc-1.jpg\",\"datePublished\":\"2025-03-05T21:45:33+00:00\",\"dateModified\":\"2026-04-22T12:00:55+00:00\",\"breadcrumb\":{\"@id\":\"https:\\\/\\\/vmsport.fi\\\/verkkokauppa\\\/varaosat\\\/kiekot-ja-navat\\\/navat-ja-osat\\\/kasetinrunko-fh-tx500-fh-tx500-fh-mt200\\\/#breadcrumb\"},\"inLanguage\":\"sv-SE\",\"potentialAction\":[{\"@type\":\"ReadAction\",\"target\":[\"https:\\\/\\\/vmsport.fi\\\/verkkokauppa\\\/varaosat\\\/kiekot-ja-navat\\\/navat-ja-osat\\\/kasetinrunko-fh-tx500-fh-tx500-fh-mt200\\\/\"]}]},{\"@type\":\"ImageObject\",\"inLanguage\":\"sv-SE\",\"@id\":\"https:\\\/\\\/vmsport.fi\\\/verkkokauppa\\\/varaosat\\\/kiekot-ja-navat\\\/navat-ja-osat\\\/kasetinrunko-fh-tx500-fh-tx500-fh-mt200\\\/#primaryimage\",\"url\":\"https:\\\/\\\/vmsport.fi\\\/wp-content\\\/uploads\\\/2025\\\/03\\\/iZWKwdbLnTXzyoCE3zCQWs9LPKluWYhBcWFcOm3OWR2vRT1rkc-1.jpg\",\"contentUrl\":\"https:\\\/\\\/vmsport.fi\\\/wp-content\\\/uploads\\\/2025\\\/03\\\/iZWKwdbLnTXzyoCE3zCQWs9LPKluWYhBcWFcOm3OWR2vRT1rkc-1.jpg\",\"width\":600,\"height\":600,\"caption\":\"iZWKwdbLnTXzyoCE3zCQWs9LPKluWYhBcWFcOm3OWR2vRT1rkc\"},{\"@type\":\"BreadcrumbList\",\"@id\":\"https:\\\/\\\/vmsport.fi\\\/verkkokauppa\\\/varaosat\\\/kiekot-ja-navat\\\/navat-ja-osat\\\/kasetinrunko-fh-tx500-fh-tx500-fh-mt200\\\/#breadcrumb\",\"itemListElement\":[{\"@type\":\"ListItem\",\"position\":1,\"name\":\"Etusivu\",\"item\":\"https:\\\/\\\/vmsport.fi\\\/\"},{\"@type\":\"ListItem\",\"position\":2,\"name\":\"Online Store\",\"item\":\"https:\\\/\\\/vmsport.fi\\\/en\\\/online-store\\\/\"},{\"@type\":\"ListItem\",\"position\":3,\"name\":\"Kasetinrunko FH-TX500 FH-TX500, FH-MT200\"}]},{\"@type\":\"WebSite\",\"@id\":\"https:\\\/\\\/vmsport.fi\\\/#website\",\"url\":\"https:\\\/\\\/vmsport.fi\\\/\",\"name\":\"Vmsport\",\"description\":\"Kaikki py\u00f6r\u00e4ilyyn yhdest\u00e4 paikasta\",\"publisher\":{\"@id\":\"https:\\\/\\\/vmsport.fi\\\/#organization\"},\"potentialAction\":[{\"@type\":\"SearchAction\",\"target\":{\"@type\":\"EntryPoint\",\"urlTemplate\":\"https:\\\/\\\/vmsport.fi\\\/?s={search_term_string}\"},\"query-input\":{\"@type\":\"PropertyValueSpecification\",\"valueRequired\":true,\"valueName\":\"search_term_string\"}}],\"inLanguage\":\"sv-SE\"},{\"@type\":\"Organization\",\"@id\":\"https:\\\/\\\/vmsport.fi\\\/#organization\",\"name\":\"Vmsport\",\"url\":\"https:\\\/\\\/vmsport.fi\\\/\",\"logo\":{\"@type\":\"ImageObject\",\"inLanguage\":\"sv-SE\",\"@id\":\"https:\\\/\\\/vmsport.fi\\\/#\\\/schema\\\/logo\\\/image\\\/\",\"url\":\"https:\\\/\\\/vmsport.fi\\\/wp-content\\\/uploads\\\/2024\\\/12\\\/vm_sport_RGB_horisontal-e1734526017575.png\",\"contentUrl\":\"https:\\\/\\\/vmsport.fi\\\/wp-content\\\/uploads\\\/2024\\\/12\\\/vm_sport_RGB_horisontal-e1734526017575.png\",\"width\":668,\"height\":85,\"caption\":\"Vmsport\"},\"image\":{\"@id\":\"https:\\\/\\\/vmsport.fi\\\/#\\\/schema\\\/logo\\\/image\\\/\"},\"sameAs\":[\"https:\\\/\\\/www.facebook.com\\\/Vmsport.fi\\\/\",\"https:\\\/\\\/www.instagram.com\\\/vmsport\\\/\"]}]}<\/script>\n<!-- \/ Yoast SEO plugin. -->","yoast_head_json":{"title":"Kassetth\u00e5llare FH-TX500 FH-TX500, FH-MT200 - VM Sport","robots":{"index":"index","follow":"follow","max-snippet":"max-snippet:-1","max-image-preview":"max-image-preview:large","max-video-preview":"max-video-preview:-1"},"canonical":"https:\/\/vmsport.fi\/sv\/webbutik\/reservdelar\/skivor-och-nav\/stolpar-och-delar\/patronhus-fh-tx500-fh-tx500-fh-mt200\/","og_locale":"sv_SE","og_type":"article","og_title":"Kasetinrunko FH-TX500 FH-TX500, FH-MT200 - VM Sport","og_description":"Shimano-kasetinrunko FH-TX500 ja FH-MT200 on suunniteltu kest\u00e4m\u00e4\u00e4n erilaisia ajotyylej\u00e4, mik\u00e4 tekee siit\u00e4 luotettavan valinnan py\u00f6r\u00e4ilij\u00f6ille. T\u00e4m\u00e4 kasetinrunko tarjoaa erinomaisen yhteensopivuuden ja helpon asennettavuuden, mink\u00e4 ansiosta se soveltuu moniin py\u00f6r\u00e4malleihin. Sen rakenne takaa pitk\u00e4n k\u00e4ytt\u00f6i\u00e4n, mik\u00e4 parantaa ajomukavuutta ja v\u00e4hent\u00e4\u00e4 huollon tarvetta. Innovatiivinen muotoilu mahdollistaa saumattoman vaihteiden siirron, jolloin ajo pysyy sujuvana ja miellytt\u00e4v\u00e4n\u00e4 jokaisella py\u00f6r\u00e4retkell\u00e4. [...]L\u00e4s mer \u2026 from Kasetinrunko FH-TX500 FH-TX500, FH-MT200","og_url":"https:\/\/vmsport.fi\/sv\/webbutik\/reservdelar\/skivor-och-nav\/stolpar-och-delar\/patronhus-fh-tx500-fh-tx500-fh-mt200\/","og_site_name":"VM Sport","article_publisher":"https:\/\/www.facebook.com\/Vmsport.fi\/","article_modified_time":"2026-04-22T12:00:55+00:00","og_image":[{"width":600,"height":600,"url":"https:\/\/vmsport.fi\/wp-content\/uploads\/2025\/03\/iZWKwdbLnTXzyoCE3zCQWs9LPKluWYhBcWFcOm3OWR2vRT1rkc-1.jpg","type":"image\/jpeg"}],"twitter_card":"summary_large_image","schema":{"@context":"https:\/\/schema.org","@graph":[{"@type":["WebPage","ItemPage"],"@id":"https:\/\/vmsport.fi\/verkkokauppa\/varaosat\/kiekot-ja-navat\/navat-ja-osat\/kasetinrunko-fh-tx500-fh-tx500-fh-mt200\/","url":"https:\/\/vmsport.fi\/verkkokauppa\/varaosat\/kiekot-ja-navat\/navat-ja-osat\/kasetinrunko-fh-tx500-fh-tx500-fh-mt200\/","name":"Kassetth\u00e5llare FH-TX500 FH-TX500, FH-MT200 - VM Sport","isPartOf":{"@id":"https:\/\/vmsport.fi\/#website"},"primaryImageOfPage":{"@id":"https:\/\/vmsport.fi\/verkkokauppa\/varaosat\/kiekot-ja-navat\/navat-ja-osat\/kasetinrunko-fh-tx500-fh-tx500-fh-mt200\/#primaryimage"},"image":{"@id":"https:\/\/vmsport.fi\/verkkokauppa\/varaosat\/kiekot-ja-navat\/navat-ja-osat\/kasetinrunko-fh-tx500-fh-tx500-fh-mt200\/#primaryimage"},"thumbnailUrl":"https:\/\/vmsport.fi\/wp-content\/uploads\/2025\/03\/iZWKwdbLnTXzyoCE3zCQWs9LPKluWYhBcWFcOm3OWR2vRT1rkc-1.jpg","datePublished":"2025-03-05T21:45:33+00:00","dateModified":"2026-04-22T12:00:55+00:00","breadcrumb":{"@id":"https:\/\/vmsport.fi\/verkkokauppa\/varaosat\/kiekot-ja-navat\/navat-ja-osat\/kasetinrunko-fh-tx500-fh-tx500-fh-mt200\/#breadcrumb"},"inLanguage":"sv-SE","potentialAction":[{"@type":"ReadAction","target":["https:\/\/vmsport.fi\/verkkokauppa\/varaosat\/kiekot-ja-navat\/navat-ja-osat\/kasetinrunko-fh-tx500-fh-tx500-fh-mt200\/"]}]},{"@type":"ImageObject","inLanguage":"sv-SE","@id":"https:\/\/vmsport.fi\/verkkokauppa\/varaosat\/kiekot-ja-navat\/navat-ja-osat\/kasetinrunko-fh-tx500-fh-tx500-fh-mt200\/#primaryimage","url":"https:\/\/vmsport.fi\/wp-content\/uploads\/2025\/03\/iZWKwdbLnTXzyoCE3zCQWs9LPKluWYhBcWFcOm3OWR2vRT1rkc-1.jpg","contentUrl":"https:\/\/vmsport.fi\/wp-content\/uploads\/2025\/03\/iZWKwdbLnTXzyoCE3zCQWs9LPKluWYhBcWFcOm3OWR2vRT1rkc-1.jpg","width":600,"height":600,"caption":"iZWKwdbLnTXzyoCE3zCQWs9LPKluWYhBcWFcOm3OWR2vRT1rkc"},{"@type":"BreadcrumbList","@id":"https:\/\/vmsport.fi\/verkkokauppa\/varaosat\/kiekot-ja-navat\/navat-ja-osat\/kasetinrunko-fh-tx500-fh-tx500-fh-mt200\/#breadcrumb","itemListElement":[{"@type":"ListItem","position":1,"name":"Etusivu","item":"https:\/\/vmsport.fi\/"},{"@type":"ListItem","position":2,"name":"Online Store","item":"https:\/\/vmsport.fi\/en\/online-store\/"},{"@type":"ListItem","position":3,"name":"Kasetinrunko FH-TX500 FH-TX500, FH-MT200"}]},{"@type":"WebSite","@id":"https:\/\/vmsport.fi\/#website","url":"https:\/\/vmsport.fi\/","name":"Vmsport","description":"Allt p\u00e5 ett st\u00e4lle f\u00f6r cykling","publisher":{"@id":"https:\/\/vmsport.fi\/#organization"},"potentialAction":[{"@type":"SearchAction","target":{"@type":"EntryPoint","urlTemplate":"https:\/\/vmsport.fi\/?s={search_term_string}"},"query-input":{"@type":"PropertyValueSpecification","valueRequired":true,"valueName":"search_term_string"}}],"inLanguage":"sv-SE"},{"@type":"Organization","@id":"https:\/\/vmsport.fi\/#organization","name":"Vmsport","url":"https:\/\/vmsport.fi\/","logo":{"@type":"ImageObject","inLanguage":"sv-SE","@id":"https:\/\/vmsport.fi\/#\/schema\/logo\/image\/","url":"https:\/\/vmsport.fi\/wp-content\/uploads\/2024\/12\/vm_sport_RGB_horisontal-e1734526017575.png","contentUrl":"https:\/\/vmsport.fi\/wp-content\/uploads\/2024\/12\/vm_sport_RGB_horisontal-e1734526017575.png","width":668,"height":85,"caption":"Vmsport"},"image":{"@id":"https:\/\/vmsport.fi\/#\/schema\/logo\/image\/"},"sameAs":["https:\/\/www.facebook.com\/Vmsport.fi\/","https:\/\/www.instagram.com\/vmsport\/"]}]}},"global_unique_id":"","_links":{"self":[{"href":"https:\/\/vmsport.fi\/sv\/wp-json\/wp\/v2\/product\/53825","targetHints":{"allow":["GET"]}}],"collection":[{"href":"https:\/\/vmsport.fi\/sv\/wp-json\/wp\/v2\/product"}],"about":[{"href":"https:\/\/vmsport.fi\/sv\/wp-json\/wp\/v2\/types\/product"}],"replies":[{"embeddable":true,"href":"https:\/\/vmsport.fi\/sv\/wp-json\/wp\/v2\/comments?post=53825"}],"wp:featuredmedia":[{"embeddable":true,"href":"https:\/\/vmsport.fi\/sv\/wp-json\/wp\/v2\/media\/53824"}],"wp:attachment":[{"href":"https:\/\/vmsport.fi\/sv\/wp-json\/wp\/v2\/media?parent=53825"}],"wp:term":[{"taxonomy":"product_brand","embeddable":true,"href":"https:\/\/vmsport.fi\/sv\/wp-json\/wp\/v2\/product_brand?post=53825"},{"taxonomy":"product_model","embeddable":true,"href":"https:\/\/vmsport.fi\/sv\/wp-json\/wp\/v2\/product_model?post=53825"},{"taxonomy":"product_cat","embeddable":true,"href":"https:\/\/vmsport.fi\/sv\/wp-json\/wp\/v2\/product_cat?post=53825"},{"taxonomy":"product_tag","embeddable":true,"href":"https:\/\/vmsport.fi\/sv\/wp-json\/wp\/v2\/product_tag?post=53825"},{"taxonomy":"industry_terminology","embeddable":true,"href":"https:\/\/vmsport.fi\/sv\/wp-json\/wp\/v2\/industry-terminology?post=53825"}],"curies":[{"name":"wp","href":"https:\/\/api.w.org\/{rel}","templated":true}]}}