{"id":53823,"date":"2025-03-05T23:45:33","date_gmt":"2025-03-05T21:45:33","guid":{"rendered":"https:\/\/vmsport.fi\/verkkokauppa\/Ei-luokiteltu\/sram-chain-pc-951-chrome-hardened-9-speed\/"},"modified":"2026-01-16T13:20:55","modified_gmt":"2026-01-16T11:20:55","slug":"sram-kedja-pc-951-krom-hardad-9-vaxlar","status":"publish","type":"product","link":"https:\/\/vmsport.fi\/sv\/verkkokauppa\/varaosat\/voimansiirto\/ketjut\/sram-chain-pc-951-chrome-hardened-9-speed\/","title":{"rendered":"SRAM-kedja PC-951 kromh\u00e4rdad 9 v\u00e4xlar"},"content":{"rendered":"<p>SRAM-kedjan PC-951 \u00e4r det perfekta valet f\u00f6r 9-v\u00e4xlade hjuldrivningssystem, vilket s\u00e4kerst\u00e4ller optimal prestanda f\u00f6r komponenterna. PowerChain II-tekniken f\u00f6rb\u00e4ttrar framv\u00e4xelns prestanda och belastningsmotst\u00e5nd, samtidigt som precisionen i bakv\u00e4xeln bibeh\u00e5lls. Denna teknik anv\u00e4nder Step2\u2122 nitningsprocessen, som avsev\u00e4rt \u00f6kar kedjans styrka och h\u00e5llbarhet.<\/p>\n<p>De f\u00f6rkromade nitpinnarna ger exceptionell h\u00e5llbarhet, s\u00e5 att kedjan klarar kr\u00e4vande f\u00f6rh\u00e5llanden. Kedjans gr\u00e5 sidopl\u00e5tar ger den inte bara ett snyggt utseende utan f\u00f6rb\u00e4ttrar ocks\u00e5 dess korrosionsbest\u00e4ndighet, vilket f\u00f6rl\u00e4nger dess livsl\u00e4ngd.<\/p>\n<p>Det innovativa PowerLink\u2122-systemet m\u00f6jligg\u00f6r verktygsfri koppling, s\u00e5 att kedjan l\u00e5ses s\u00e4kert och tillf\u00f6rlitligt p\u00e5 plats. Detta system understryker att det inte finns n\u00e5gra svaga l\u00e4nkar i kedjan. Kedjans utm\u00e4rkta v\u00e4xlingsprestanda s\u00e4kerst\u00e4ller smidiga och tillf\u00f6rlitliga v\u00e4xlingar, vilket \u00e4r avg\u00f6rande f\u00f6r effektiv cykling.<\/p>\n<p>Sammantaget erbjuder SRAM-kedjan PC-951 ett prisv\u00e4rt alternativ som kombinerar o\u00f6vertr\u00e4ffad h\u00e5llbarhet med kraftfull v\u00e4xlingsprestanda och \u00e4r ett utm\u00e4rkt tillskott till alla 9-v\u00e4xlade cyklar.<\/p>","protected":false},"excerpt":{"rendered":"<p>SRAM-ketju PC-951 on ihanteellinen valinta 9-vaihteisiin py\u00f6r\u00e4n voimansiirtoj\u00e4rjestelmiin, mik\u00e4 takaa osien parhaan mahdollisen toiminnan. PowerChain II -teknologia parantaa etuvaihtajan toimintaa ja kuormankest\u00e4vyytt\u00e4, s\u00e4ilytt\u00e4en samalla tarkkuuden takavaihtajassa. T\u00e4m\u00e4 teknologia hy\u00f6dynt\u00e4\u00e4 Step2\u2122-niittausprosessia, mik\u00e4 lis\u00e4\u00e4 huomattavasti ketjun lujuutta ja kest\u00e4vyytt\u00e4. Kromikarkaistut niittitapit tarjoavat poikkeuksellista kest\u00e4vyytt\u00e4, joten ketju kest\u00e4\u00e4 hyvin my\u00f6s vaativissa olosuhteissa. Ketjun harmaat sivulevyt eiv\u00e4t vain anna [&#8230;]<\/p>\n<p><a class=\"btn btn-secondary understrap-read-more-link\" href=\"https:\/\/vmsport.fi\/sv\/verkkokauppa\/varaosat\/voimansiirto\/ketjut\/sram-chain-pc-951-chrome-hardened-9-speed\/\">L\u00e4s mer \u2026<span class=\"screen-reader-text\"> from SRAM Chain PC-951 Chrome hardened 9 speed<\/span><\/a><\/p>\n","protected":false},"featured_media":53822,"comment_status":"open","ping_status":"closed","template":"","meta":{"_acf_changed":false,"_improvement_type_select":"improve_an_existing","_thumb_yes_seoaic":false,"_frame_yes_seoaic":false,"seoaic_generate_description":"","seoaic_improve_instructions_prompt":"","seoaic_rollback_content_improvement":"","seoaic_idea_thumbnail_generator":"","thumbnail_generated":false,"thumbnail_generate_prompt":"","seoaic_article_description":"","_supplier_stock_quantity":0},"product_brand":[1588],"product_model":[],"product_cat":[9352],"product_tag":[],"industry-terminology":[],"class_list":{"0":"post-53823","1":"product","2":"type-product","3":"status-publish","4":"has-post-thumbnail","6":"product_brand-sram","7":"product_cat-ketjut","9":"first","10":"outofstock","11":"taxable","12":"shipping-taxable","13":"product-type-simple"},"acf":{"bike_features":null,"overview":{"copy_overview":null,"key_features":null,"statement":"","youtube_url":""}},"yoast_head":"<!-- This site is optimized with the Yoast SEO plugin v27.3 - https:\/\/yoast.com\/product\/yoast-seo-wordpress\/ -->\n<title>SRAM Chain PC-951 Chrome hardened 9 speed - VM Sport<\/title>\n<meta name=\"robots\" content=\"index, follow, max-snippet:-1, max-image-preview:large, max-video-preview:-1\" \/>\n<link rel=\"canonical\" href=\"https:\/\/vmsport.fi\/sv\/webbutik\/reservdelar\/transmission\/kedjor\/sram-kedja-pc-951-krom-hardad-9-vaxlar\/\" \/>\n<meta property=\"og:locale\" content=\"sv_SE\" \/>\n<meta property=\"og:type\" content=\"article\" \/>\n<meta property=\"og:title\" content=\"SRAM Chain PC-951 Chrome hardened 9 speed - VM Sport\" \/>\n<meta property=\"og:description\" content=\"SRAM-ketju PC-951 on ihanteellinen valinta 9-vaihteisiin py\u00f6r\u00e4n voimansiirtoj\u00e4rjestelmiin, mik\u00e4 takaa osien parhaan mahdollisen toiminnan. PowerChain II -teknologia parantaa etuvaihtajan toimintaa ja kuormankest\u00e4vyytt\u00e4, s\u00e4ilytt\u00e4en samalla tarkkuuden takavaihtajassa. T\u00e4m\u00e4 teknologia hy\u00f6dynt\u00e4\u00e4 Step2\u2122-niittausprosessia, mik\u00e4 lis\u00e4\u00e4 huomattavasti ketjun lujuutta ja kest\u00e4vyytt\u00e4. Kromikarkaistut niittitapit tarjoavat poikkeuksellista kest\u00e4vyytt\u00e4, joten ketju kest\u00e4\u00e4 hyvin my\u00f6s vaativissa olosuhteissa. Ketjun harmaat sivulevyt eiv\u00e4t vain anna [...]L\u00e4s mer \u2026 from SRAM Chain PC-951 Chrome hardened 9 speed\" \/>\n<meta property=\"og:url\" content=\"https:\/\/vmsport.fi\/sv\/webbutik\/reservdelar\/transmission\/kedjor\/sram-kedja-pc-951-krom-hardad-9-vaxlar\/\" \/>\n<meta property=\"og:site_name\" content=\"VM Sport\" \/>\n<meta property=\"article:publisher\" content=\"https:\/\/www.facebook.com\/Vmsport.fi\/\" \/>\n<meta property=\"article:modified_time\" content=\"2026-01-16T11:20:55+00:00\" \/>\n<meta property=\"og:image\" content=\"https:\/\/vmsport.fi\/wp-content\/uploads\/2025\/03\/ofO4FYPazGGYdIovSmZbDgrKTXn53sJ8rKofMszZFWChJzH1qT-1.jpg\" \/>\n\t<meta property=\"og:image:width\" content=\"300\" \/>\n\t<meta property=\"og:image:height\" content=\"300\" \/>\n\t<meta property=\"og:image:type\" content=\"image\/jpeg\" \/>\n<meta name=\"twitter:card\" content=\"summary_large_image\" \/>\n<meta name=\"twitter:label1\" content=\"Ber\u00e4knad l\u00e4stid\" \/>\n\t<meta name=\"twitter:data1\" content=\"1 minut\" \/>\n<script type=\"application\/ld+json\" class=\"yoast-schema-graph\">{\"@context\":\"https:\\\/\\\/schema.org\",\"@graph\":[{\"@type\":[\"WebPage\",\"ItemPage\"],\"@id\":\"https:\\\/\\\/vmsport.fi\\\/verkkokauppa\\\/varaosat\\\/voimansiirto\\\/ketjut\\\/sram-chain-pc-951-chrome-hardened-9-speed\\\/\",\"url\":\"https:\\\/\\\/vmsport.fi\\\/verkkokauppa\\\/varaosat\\\/voimansiirto\\\/ketjut\\\/sram-chain-pc-951-chrome-hardened-9-speed\\\/\",\"name\":\"SRAM Chain PC-951 Chrome hardened 9 speed - VM Sport\",\"isPartOf\":{\"@id\":\"https:\\\/\\\/vmsport.fi\\\/#website\"},\"primaryImageOfPage\":{\"@id\":\"https:\\\/\\\/vmsport.fi\\\/verkkokauppa\\\/varaosat\\\/voimansiirto\\\/ketjut\\\/sram-chain-pc-951-chrome-hardened-9-speed\\\/#primaryimage\"},\"image\":{\"@id\":\"https:\\\/\\\/vmsport.fi\\\/verkkokauppa\\\/varaosat\\\/voimansiirto\\\/ketjut\\\/sram-chain-pc-951-chrome-hardened-9-speed\\\/#primaryimage\"},\"thumbnailUrl\":\"https:\\\/\\\/vmsport.fi\\\/wp-content\\\/uploads\\\/2025\\\/03\\\/ofO4FYPazGGYdIovSmZbDgrKTXn53sJ8rKofMszZFWChJzH1qT-1.jpg\",\"datePublished\":\"2025-03-05T21:45:33+00:00\",\"dateModified\":\"2026-01-16T11:20:55+00:00\",\"breadcrumb\":{\"@id\":\"https:\\\/\\\/vmsport.fi\\\/verkkokauppa\\\/varaosat\\\/voimansiirto\\\/ketjut\\\/sram-chain-pc-951-chrome-hardened-9-speed\\\/#breadcrumb\"},\"inLanguage\":\"sv-SE\",\"potentialAction\":[{\"@type\":\"ReadAction\",\"target\":[\"https:\\\/\\\/vmsport.fi\\\/verkkokauppa\\\/varaosat\\\/voimansiirto\\\/ketjut\\\/sram-chain-pc-951-chrome-hardened-9-speed\\\/\"]}]},{\"@type\":\"ImageObject\",\"inLanguage\":\"sv-SE\",\"@id\":\"https:\\\/\\\/vmsport.fi\\\/verkkokauppa\\\/varaosat\\\/voimansiirto\\\/ketjut\\\/sram-chain-pc-951-chrome-hardened-9-speed\\\/#primaryimage\",\"url\":\"https:\\\/\\\/vmsport.fi\\\/wp-content\\\/uploads\\\/2025\\\/03\\\/ofO4FYPazGGYdIovSmZbDgrKTXn53sJ8rKofMszZFWChJzH1qT-1.jpg\",\"contentUrl\":\"https:\\\/\\\/vmsport.fi\\\/wp-content\\\/uploads\\\/2025\\\/03\\\/ofO4FYPazGGYdIovSmZbDgrKTXn53sJ8rKofMszZFWChJzH1qT-1.jpg\",\"width\":300,\"height\":300,\"caption\":\"ofO4FYPazGGYdIovSmZbDgrKTXn53sJ8rKofMszZFWChJzH1qT\"},{\"@type\":\"BreadcrumbList\",\"@id\":\"https:\\\/\\\/vmsport.fi\\\/verkkokauppa\\\/varaosat\\\/voimansiirto\\\/ketjut\\\/sram-chain-pc-951-chrome-hardened-9-speed\\\/#breadcrumb\",\"itemListElement\":[{\"@type\":\"ListItem\",\"position\":1,\"name\":\"Etusivu\",\"item\":\"https:\\\/\\\/vmsport.fi\\\/\"},{\"@type\":\"ListItem\",\"position\":2,\"name\":\"Online Store\",\"item\":\"https:\\\/\\\/vmsport.fi\\\/en\\\/online-store\\\/\"},{\"@type\":\"ListItem\",\"position\":3,\"name\":\"SRAM Chain PC-951 Chrome hardened 9 speed\"}]},{\"@type\":\"WebSite\",\"@id\":\"https:\\\/\\\/vmsport.fi\\\/#website\",\"url\":\"https:\\\/\\\/vmsport.fi\\\/\",\"name\":\"Vmsport\",\"description\":\"Kaikki py\u00f6r\u00e4ilyyn yhdest\u00e4 paikasta\",\"publisher\":{\"@id\":\"https:\\\/\\\/vmsport.fi\\\/#organization\"},\"potentialAction\":[{\"@type\":\"SearchAction\",\"target\":{\"@type\":\"EntryPoint\",\"urlTemplate\":\"https:\\\/\\\/vmsport.fi\\\/?s={search_term_string}\"},\"query-input\":{\"@type\":\"PropertyValueSpecification\",\"valueRequired\":true,\"valueName\":\"search_term_string\"}}],\"inLanguage\":\"sv-SE\"},{\"@type\":\"Organization\",\"@id\":\"https:\\\/\\\/vmsport.fi\\\/#organization\",\"name\":\"Vmsport\",\"url\":\"https:\\\/\\\/vmsport.fi\\\/\",\"logo\":{\"@type\":\"ImageObject\",\"inLanguage\":\"sv-SE\",\"@id\":\"https:\\\/\\\/vmsport.fi\\\/#\\\/schema\\\/logo\\\/image\\\/\",\"url\":\"https:\\\/\\\/vmsport.fi\\\/wp-content\\\/uploads\\\/2024\\\/12\\\/vm_sport_RGB_horisontal-e1734526017575.png\",\"contentUrl\":\"https:\\\/\\\/vmsport.fi\\\/wp-content\\\/uploads\\\/2024\\\/12\\\/vm_sport_RGB_horisontal-e1734526017575.png\",\"width\":668,\"height\":85,\"caption\":\"Vmsport\"},\"image\":{\"@id\":\"https:\\\/\\\/vmsport.fi\\\/#\\\/schema\\\/logo\\\/image\\\/\"},\"sameAs\":[\"https:\\\/\\\/www.facebook.com\\\/Vmsport.fi\\\/\",\"https:\\\/\\\/www.instagram.com\\\/vmsport\\\/\"]}]}<\/script>\n<!-- \/ Yoast SEO plugin. -->","yoast_head_json":{"title":"SRAM Kedja PC-951 kromh\u00e4rdad 9 v\u00e4xlar - VM Sport","robots":{"index":"index","follow":"follow","max-snippet":"max-snippet:-1","max-image-preview":"max-image-preview:large","max-video-preview":"max-video-preview:-1"},"canonical":"https:\/\/vmsport.fi\/sv\/webbutik\/reservdelar\/transmission\/kedjor\/sram-kedja-pc-951-krom-hardad-9-vaxlar\/","og_locale":"sv_SE","og_type":"article","og_title":"SRAM Chain PC-951 Chrome hardened 9 speed - VM Sport","og_description":"SRAM-ketju PC-951 on ihanteellinen valinta 9-vaihteisiin py\u00f6r\u00e4n voimansiirtoj\u00e4rjestelmiin, mik\u00e4 takaa osien parhaan mahdollisen toiminnan. PowerChain II -teknologia parantaa etuvaihtajan toimintaa ja kuormankest\u00e4vyytt\u00e4, s\u00e4ilytt\u00e4en samalla tarkkuuden takavaihtajassa. T\u00e4m\u00e4 teknologia hy\u00f6dynt\u00e4\u00e4 Step2\u2122-niittausprosessia, mik\u00e4 lis\u00e4\u00e4 huomattavasti ketjun lujuutta ja kest\u00e4vyytt\u00e4. Kromikarkaistut niittitapit tarjoavat poikkeuksellista kest\u00e4vyytt\u00e4, joten ketju kest\u00e4\u00e4 hyvin my\u00f6s vaativissa olosuhteissa. Ketjun harmaat sivulevyt eiv\u00e4t vain anna [...]L\u00e4s mer \u2026 from SRAM Chain PC-951 Chrome hardened 9 speed","og_url":"https:\/\/vmsport.fi\/sv\/webbutik\/reservdelar\/transmission\/kedjor\/sram-kedja-pc-951-krom-hardad-9-vaxlar\/","og_site_name":"VM Sport","article_publisher":"https:\/\/www.facebook.com\/Vmsport.fi\/","article_modified_time":"2026-01-16T11:20:55+00:00","og_image":[{"width":300,"height":300,"url":"https:\/\/vmsport.fi\/wp-content\/uploads\/2025\/03\/ofO4FYPazGGYdIovSmZbDgrKTXn53sJ8rKofMszZFWChJzH1qT-1.jpg","type":"image\/jpeg"}],"twitter_card":"summary_large_image","twitter_misc":{"Ber\u00e4knad l\u00e4stid":"1 minut"},"schema":{"@context":"https:\/\/schema.org","@graph":[{"@type":["WebPage","ItemPage"],"@id":"https:\/\/vmsport.fi\/verkkokauppa\/varaosat\/voimansiirto\/ketjut\/sram-chain-pc-951-chrome-hardened-9-speed\/","url":"https:\/\/vmsport.fi\/verkkokauppa\/varaosat\/voimansiirto\/ketjut\/sram-chain-pc-951-chrome-hardened-9-speed\/","name":"SRAM Kedja PC-951 kromh\u00e4rdad 9 v\u00e4xlar - VM Sport","isPartOf":{"@id":"https:\/\/vmsport.fi\/#website"},"primaryImageOfPage":{"@id":"https:\/\/vmsport.fi\/verkkokauppa\/varaosat\/voimansiirto\/ketjut\/sram-chain-pc-951-chrome-hardened-9-speed\/#primaryimage"},"image":{"@id":"https:\/\/vmsport.fi\/verkkokauppa\/varaosat\/voimansiirto\/ketjut\/sram-chain-pc-951-chrome-hardened-9-speed\/#primaryimage"},"thumbnailUrl":"https:\/\/vmsport.fi\/wp-content\/uploads\/2025\/03\/ofO4FYPazGGYdIovSmZbDgrKTXn53sJ8rKofMszZFWChJzH1qT-1.jpg","datePublished":"2025-03-05T21:45:33+00:00","dateModified":"2026-01-16T11:20:55+00:00","breadcrumb":{"@id":"https:\/\/vmsport.fi\/verkkokauppa\/varaosat\/voimansiirto\/ketjut\/sram-chain-pc-951-chrome-hardened-9-speed\/#breadcrumb"},"inLanguage":"sv-SE","potentialAction":[{"@type":"ReadAction","target":["https:\/\/vmsport.fi\/verkkokauppa\/varaosat\/voimansiirto\/ketjut\/sram-chain-pc-951-chrome-hardened-9-speed\/"]}]},{"@type":"ImageObject","inLanguage":"sv-SE","@id":"https:\/\/vmsport.fi\/verkkokauppa\/varaosat\/voimansiirto\/ketjut\/sram-chain-pc-951-chrome-hardened-9-speed\/#primaryimage","url":"https:\/\/vmsport.fi\/wp-content\/uploads\/2025\/03\/ofO4FYPazGGYdIovSmZbDgrKTXn53sJ8rKofMszZFWChJzH1qT-1.jpg","contentUrl":"https:\/\/vmsport.fi\/wp-content\/uploads\/2025\/03\/ofO4FYPazGGYdIovSmZbDgrKTXn53sJ8rKofMszZFWChJzH1qT-1.jpg","width":300,"height":300,"caption":"ofO4FYPazGGYdIovSmZbDgrKTXn53sJ8rKofMszZFWChJzH1qT"},{"@type":"BreadcrumbList","@id":"https:\/\/vmsport.fi\/verkkokauppa\/varaosat\/voimansiirto\/ketjut\/sram-chain-pc-951-chrome-hardened-9-speed\/#breadcrumb","itemListElement":[{"@type":"ListItem","position":1,"name":"Etusivu","item":"https:\/\/vmsport.fi\/"},{"@type":"ListItem","position":2,"name":"Online Store","item":"https:\/\/vmsport.fi\/en\/online-store\/"},{"@type":"ListItem","position":3,"name":"SRAM Chain PC-951 Chrome hardened 9 speed"}]},{"@type":"WebSite","@id":"https:\/\/vmsport.fi\/#website","url":"https:\/\/vmsport.fi\/","name":"Vmsport","description":"Allt p\u00e5 ett st\u00e4lle f\u00f6r cykling","publisher":{"@id":"https:\/\/vmsport.fi\/#organization"},"potentialAction":[{"@type":"SearchAction","target":{"@type":"EntryPoint","urlTemplate":"https:\/\/vmsport.fi\/?s={search_term_string}"},"query-input":{"@type":"PropertyValueSpecification","valueRequired":true,"valueName":"search_term_string"}}],"inLanguage":"sv-SE"},{"@type":"Organization","@id":"https:\/\/vmsport.fi\/#organization","name":"Vmsport","url":"https:\/\/vmsport.fi\/","logo":{"@type":"ImageObject","inLanguage":"sv-SE","@id":"https:\/\/vmsport.fi\/#\/schema\/logo\/image\/","url":"https:\/\/vmsport.fi\/wp-content\/uploads\/2024\/12\/vm_sport_RGB_horisontal-e1734526017575.png","contentUrl":"https:\/\/vmsport.fi\/wp-content\/uploads\/2024\/12\/vm_sport_RGB_horisontal-e1734526017575.png","width":668,"height":85,"caption":"Vmsport"},"image":{"@id":"https:\/\/vmsport.fi\/#\/schema\/logo\/image\/"},"sameAs":["https:\/\/www.facebook.com\/Vmsport.fi\/","https:\/\/www.instagram.com\/vmsport\/"]}]}},"global_unique_id":"","_links":{"self":[{"href":"https:\/\/vmsport.fi\/sv\/wp-json\/wp\/v2\/product\/53823","targetHints":{"allow":["GET"]}}],"collection":[{"href":"https:\/\/vmsport.fi\/sv\/wp-json\/wp\/v2\/product"}],"about":[{"href":"https:\/\/vmsport.fi\/sv\/wp-json\/wp\/v2\/types\/product"}],"replies":[{"embeddable":true,"href":"https:\/\/vmsport.fi\/sv\/wp-json\/wp\/v2\/comments?post=53823"}],"wp:featuredmedia":[{"embeddable":true,"href":"https:\/\/vmsport.fi\/sv\/wp-json\/wp\/v2\/media\/53822"}],"wp:attachment":[{"href":"https:\/\/vmsport.fi\/sv\/wp-json\/wp\/v2\/media?parent=53823"}],"wp:term":[{"taxonomy":"product_brand","embeddable":true,"href":"https:\/\/vmsport.fi\/sv\/wp-json\/wp\/v2\/product_brand?post=53823"},{"taxonomy":"product_model","embeddable":true,"href":"https:\/\/vmsport.fi\/sv\/wp-json\/wp\/v2\/product_model?post=53823"},{"taxonomy":"product_cat","embeddable":true,"href":"https:\/\/vmsport.fi\/sv\/wp-json\/wp\/v2\/product_cat?post=53823"},{"taxonomy":"product_tag","embeddable":true,"href":"https:\/\/vmsport.fi\/sv\/wp-json\/wp\/v2\/product_tag?post=53823"},{"taxonomy":"industry_terminology","embeddable":true,"href":"https:\/\/vmsport.fi\/sv\/wp-json\/wp\/v2\/industry-terminology?post=53823"}],"curies":[{"name":"wp","href":"https:\/\/api.w.org\/{rel}","templated":true}]}}