{"id":53821,"date":"2025-03-05T23:45:32","date_gmt":"2025-03-05T21:45:32","guid":{"rendered":"https:\/\/vmsport.fi\/verkkokauppa\/Ei-luokiteltu\/sram-shift-cable-housing-1-m-o40-mm-white\/"},"modified":"2026-04-22T15:02:04","modified_gmt":"2026-04-22T12:02:04","slug":"sram-shift-kabelhus-1-m-o40-mm-vit","status":"publish","type":"product","link":"https:\/\/vmsport.fi\/sv\/verkkokauppa\/varaosat\/vaihteistot\/sram-shift-cable-housing-1-m-o40-mm-white\/","title":{"rendered":"SRAM V\u00e4xlingskabelh\u00f6lje 1 m \u00d84,0 mm Vit"},"content":{"rendered":"<p>SRAM:s 4,0 mm diameter, meterl\u00e5nga v\u00e4xelkabelh\u00f6lje \u00e4r utformat f\u00f6r att s\u00e4kerst\u00e4lla tillf\u00f6rlitlig och effektiv transmissionsdrift. Detta skal \u00e4r tillverkat av slitstarkt material och garanterar smidiga och exakta v\u00e4xlingar. Dess vita f\u00e4rg passar perfekt med moderna cykelstilar och ger ett f\u00e4rdigt utseende. Om ditt m\u00e5l \u00e4r optimal prestanda \u00e4r den h\u00e4r produkten ett utm\u00e4rkt val och passar de flesta cyklar, vilket g\u00f6r den till ett m\u00e5ngsidigt och praktiskt tillskott till din cykelutrustning.<\/p>","protected":false},"excerpt":{"rendered":"<p>SRAM:in metrin pituinen ja 4,0 mm halkaisijaltaan oleva vaihdevaijerikuori on suunniteltu varmistamaan luotettava ja tehokas voimansiirron toiminta. T\u00e4m\u00e4 kest\u00e4v\u00e4st\u00e4 materiaalista valmistettu kuori takaa sujuvan ja tarkan vaihteiden vaihtamisen. Sen valkoinen v\u00e4ri sopii erinomaisesti modernien py\u00f6r\u00e4tyylien kanssa, tarjoten viimeistellyn ilmeen. Jos tavoitteena on paras mahdollinen suorituskyky, t\u00e4m\u00e4 tuote on loistava valinta ja se k\u00e4y useimpiin py\u00f6riin, [&#8230;]<\/p>\n<p><a class=\"btn btn-secondary understrap-read-more-link\" href=\"https:\/\/vmsport.fi\/sv\/verkkokauppa\/varaosat\/vaihteistot\/sram-shift-cable-housing-1-m-o40-mm-white\/\">L\u00e4s mer \u2026<span class=\"screen-reader-text\"> from SRAM Shift cable housing 1 m \u00d84,0 mm White<\/span><\/a><\/p>\n","protected":false},"featured_media":53819,"comment_status":"open","ping_status":"closed","template":"","meta":{"_acf_changed":false,"_improvement_type_select":"improve_an_existing","_thumb_yes_seoaic":false,"_frame_yes_seoaic":false,"seoaic_generate_description":"","seoaic_improve_instructions_prompt":"","seoaic_rollback_content_improvement":"","seoaic_idea_thumbnail_generator":"","thumbnail_generated":false,"thumbnail_generate_prompt":"","seoaic_article_description":"","_supplier_stock_quantity":0},"product_brand":[1588],"product_model":[],"product_cat":[9316],"product_tag":[],"industry-terminology":[],"class_list":{"0":"post-53821","1":"product","2":"type-product","3":"status-publish","4":"has-post-thumbnail","6":"product_brand-sram","7":"product_cat-vaihteistot","9":"first","10":"outofstock","11":"taxable","12":"shipping-taxable","13":"product-type-simple"},"acf":{"bike_features":null,"overview":{"copy_overview":null,"key_features":null,"statement":"","youtube_url":""}},"yoast_head":"<!-- This site is optimized with the Yoast SEO plugin v27.4 - https:\/\/yoast.com\/product\/yoast-seo-wordpress\/ -->\n<title>SRAM Shift cable housing 1 m \u00d84,0 mm White - VM Sport<\/title>\n<meta name=\"robots\" content=\"index, follow, max-snippet:-1, max-image-preview:large, max-video-preview:-1\" \/>\n<link rel=\"canonical\" href=\"https:\/\/vmsport.fi\/sv\/webbutik\/reservdelar\/vaxellador\/sram-shift-kabelhus-1-m-o40-mm-vit\/\" \/>\n<meta property=\"og:locale\" content=\"sv_SE\" \/>\n<meta property=\"og:type\" content=\"article\" \/>\n<meta property=\"og:title\" content=\"SRAM Shift cable housing 1 m \u00d84,0 mm White - VM Sport\" \/>\n<meta property=\"og:description\" content=\"SRAM:in metrin pituinen ja 4,0 mm halkaisijaltaan oleva vaihdevaijerikuori on suunniteltu varmistamaan luotettava ja tehokas voimansiirron toiminta. T\u00e4m\u00e4 kest\u00e4v\u00e4st\u00e4 materiaalista valmistettu kuori takaa sujuvan ja tarkan vaihteiden vaihtamisen. Sen valkoinen v\u00e4ri sopii erinomaisesti modernien py\u00f6r\u00e4tyylien kanssa, tarjoten viimeistellyn ilmeen. Jos tavoitteena on paras mahdollinen suorituskyky, t\u00e4m\u00e4 tuote on loistava valinta ja se k\u00e4y useimpiin py\u00f6riin, [...]L\u00e4s mer \u2026 from SRAM Shift cable housing 1 m \u00d84,0 mm White\" \/>\n<meta property=\"og:url\" content=\"https:\/\/vmsport.fi\/sv\/webbutik\/reservdelar\/vaxellador\/sram-shift-kabelhus-1-m-o40-mm-vit\/\" \/>\n<meta property=\"og:site_name\" content=\"VM Sport\" \/>\n<meta property=\"article:publisher\" content=\"https:\/\/www.facebook.com\/Vmsport.fi\/\" \/>\n<meta property=\"article:modified_time\" content=\"2026-04-22T12:02:04+00:00\" \/>\n<meta property=\"og:image\" content=\"https:\/\/vmsport.fi\/wp-content\/uploads\/2025\/03\/00-7115-003-010-1.jpg\" \/>\n\t<meta property=\"og:image:width\" content=\"300\" \/>\n\t<meta property=\"og:image:height\" content=\"300\" \/>\n\t<meta property=\"og:image:type\" content=\"image\/jpeg\" \/>\n<meta name=\"twitter:card\" content=\"summary_large_image\" \/>\n<script type=\"application\/ld+json\" class=\"yoast-schema-graph\">{\"@context\":\"https:\\\/\\\/schema.org\",\"@graph\":[{\"@type\":[\"WebPage\",\"ItemPage\"],\"@id\":\"https:\\\/\\\/vmsport.fi\\\/verkkokauppa\\\/varaosat\\\/vaihteistot\\\/sram-shift-cable-housing-1-m-o40-mm-white\\\/\",\"url\":\"https:\\\/\\\/vmsport.fi\\\/verkkokauppa\\\/varaosat\\\/vaihteistot\\\/sram-shift-cable-housing-1-m-o40-mm-white\\\/\",\"name\":\"SRAM Shift cable housing 1 m \u00d84,0 mm White - VM Sport\",\"isPartOf\":{\"@id\":\"https:\\\/\\\/vmsport.fi\\\/#website\"},\"primaryImageOfPage\":{\"@id\":\"https:\\\/\\\/vmsport.fi\\\/verkkokauppa\\\/varaosat\\\/vaihteistot\\\/sram-shift-cable-housing-1-m-o40-mm-white\\\/#primaryimage\"},\"image\":{\"@id\":\"https:\\\/\\\/vmsport.fi\\\/verkkokauppa\\\/varaosat\\\/vaihteistot\\\/sram-shift-cable-housing-1-m-o40-mm-white\\\/#primaryimage\"},\"thumbnailUrl\":\"https:\\\/\\\/vmsport.fi\\\/wp-content\\\/uploads\\\/2025\\\/03\\\/00-7115-003-010-1.jpg\",\"datePublished\":\"2025-03-05T21:45:32+00:00\",\"dateModified\":\"2026-04-22T12:02:04+00:00\",\"breadcrumb\":{\"@id\":\"https:\\\/\\\/vmsport.fi\\\/verkkokauppa\\\/varaosat\\\/vaihteistot\\\/sram-shift-cable-housing-1-m-o40-mm-white\\\/#breadcrumb\"},\"inLanguage\":\"sv-SE\",\"potentialAction\":[{\"@type\":\"ReadAction\",\"target\":[\"https:\\\/\\\/vmsport.fi\\\/verkkokauppa\\\/varaosat\\\/vaihteistot\\\/sram-shift-cable-housing-1-m-o40-mm-white\\\/\"]}]},{\"@type\":\"ImageObject\",\"inLanguage\":\"sv-SE\",\"@id\":\"https:\\\/\\\/vmsport.fi\\\/verkkokauppa\\\/varaosat\\\/vaihteistot\\\/sram-shift-cable-housing-1-m-o40-mm-white\\\/#primaryimage\",\"url\":\"https:\\\/\\\/vmsport.fi\\\/wp-content\\\/uploads\\\/2025\\\/03\\\/00-7115-003-010-1.jpg\",\"contentUrl\":\"https:\\\/\\\/vmsport.fi\\\/wp-content\\\/uploads\\\/2025\\\/03\\\/00-7115-003-010-1.jpg\",\"width\":300,\"height\":300,\"caption\":\"00-7115-003-010\"},{\"@type\":\"BreadcrumbList\",\"@id\":\"https:\\\/\\\/vmsport.fi\\\/verkkokauppa\\\/varaosat\\\/vaihteistot\\\/sram-shift-cable-housing-1-m-o40-mm-white\\\/#breadcrumb\",\"itemListElement\":[{\"@type\":\"ListItem\",\"position\":1,\"name\":\"Etusivu\",\"item\":\"https:\\\/\\\/vmsport.fi\\\/\"},{\"@type\":\"ListItem\",\"position\":2,\"name\":\"Online Store\",\"item\":\"https:\\\/\\\/vmsport.fi\\\/en\\\/online-store\\\/\"},{\"@type\":\"ListItem\",\"position\":3,\"name\":\"SRAM Shift cable housing 1 m \u00d84,0 mm White\"}]},{\"@type\":\"WebSite\",\"@id\":\"https:\\\/\\\/vmsport.fi\\\/#website\",\"url\":\"https:\\\/\\\/vmsport.fi\\\/\",\"name\":\"Vmsport\",\"description\":\"Kaikki py\u00f6r\u00e4ilyyn yhdest\u00e4 paikasta\",\"publisher\":{\"@id\":\"https:\\\/\\\/vmsport.fi\\\/#organization\"},\"potentialAction\":[{\"@type\":\"SearchAction\",\"target\":{\"@type\":\"EntryPoint\",\"urlTemplate\":\"https:\\\/\\\/vmsport.fi\\\/?s={search_term_string}\"},\"query-input\":{\"@type\":\"PropertyValueSpecification\",\"valueRequired\":true,\"valueName\":\"search_term_string\"}}],\"inLanguage\":\"sv-SE\"},{\"@type\":\"Organization\",\"@id\":\"https:\\\/\\\/vmsport.fi\\\/#organization\",\"name\":\"Vmsport\",\"url\":\"https:\\\/\\\/vmsport.fi\\\/\",\"logo\":{\"@type\":\"ImageObject\",\"inLanguage\":\"sv-SE\",\"@id\":\"https:\\\/\\\/vmsport.fi\\\/#\\\/schema\\\/logo\\\/image\\\/\",\"url\":\"https:\\\/\\\/vmsport.fi\\\/wp-content\\\/uploads\\\/2024\\\/12\\\/vm_sport_RGB_horisontal-e1734526017575.png\",\"contentUrl\":\"https:\\\/\\\/vmsport.fi\\\/wp-content\\\/uploads\\\/2024\\\/12\\\/vm_sport_RGB_horisontal-e1734526017575.png\",\"width\":668,\"height\":85,\"caption\":\"Vmsport\"},\"image\":{\"@id\":\"https:\\\/\\\/vmsport.fi\\\/#\\\/schema\\\/logo\\\/image\\\/\"},\"sameAs\":[\"https:\\\/\\\/www.facebook.com\\\/Vmsport.fi\\\/\",\"https:\\\/\\\/www.instagram.com\\\/vmsport\\\/\"]}]}<\/script>\n<!-- \/ Yoast SEO plugin. -->","yoast_head_json":{"title":"SRAM V\u00e4xlingskabelhus 1 m \u00d84,0 mm Vit - VM Sport","robots":{"index":"index","follow":"follow","max-snippet":"max-snippet:-1","max-image-preview":"max-image-preview:large","max-video-preview":"max-video-preview:-1"},"canonical":"https:\/\/vmsport.fi\/sv\/webbutik\/reservdelar\/vaxellador\/sram-shift-kabelhus-1-m-o40-mm-vit\/","og_locale":"sv_SE","og_type":"article","og_title":"SRAM Shift cable housing 1 m \u00d84,0 mm White - VM Sport","og_description":"SRAM:in metrin pituinen ja 4,0 mm halkaisijaltaan oleva vaihdevaijerikuori on suunniteltu varmistamaan luotettava ja tehokas voimansiirron toiminta. T\u00e4m\u00e4 kest\u00e4v\u00e4st\u00e4 materiaalista valmistettu kuori takaa sujuvan ja tarkan vaihteiden vaihtamisen. Sen valkoinen v\u00e4ri sopii erinomaisesti modernien py\u00f6r\u00e4tyylien kanssa, tarjoten viimeistellyn ilmeen. Jos tavoitteena on paras mahdollinen suorituskyky, t\u00e4m\u00e4 tuote on loistava valinta ja se k\u00e4y useimpiin py\u00f6riin, [...]L\u00e4s mer \u2026 from SRAM Shift cable housing 1 m \u00d84,0 mm White","og_url":"https:\/\/vmsport.fi\/sv\/webbutik\/reservdelar\/vaxellador\/sram-shift-kabelhus-1-m-o40-mm-vit\/","og_site_name":"VM Sport","article_publisher":"https:\/\/www.facebook.com\/Vmsport.fi\/","article_modified_time":"2026-04-22T12:02:04+00:00","og_image":[{"width":300,"height":300,"url":"https:\/\/vmsport.fi\/wp-content\/uploads\/2025\/03\/00-7115-003-010-1.jpg","type":"image\/jpeg"}],"twitter_card":"summary_large_image","schema":{"@context":"https:\/\/schema.org","@graph":[{"@type":["WebPage","ItemPage"],"@id":"https:\/\/vmsport.fi\/verkkokauppa\/varaosat\/vaihteistot\/sram-shift-cable-housing-1-m-o40-mm-white\/","url":"https:\/\/vmsport.fi\/verkkokauppa\/varaosat\/vaihteistot\/sram-shift-cable-housing-1-m-o40-mm-white\/","name":"SRAM V\u00e4xlingskabelhus 1 m \u00d84,0 mm Vit - VM Sport","isPartOf":{"@id":"https:\/\/vmsport.fi\/#website"},"primaryImageOfPage":{"@id":"https:\/\/vmsport.fi\/verkkokauppa\/varaosat\/vaihteistot\/sram-shift-cable-housing-1-m-o40-mm-white\/#primaryimage"},"image":{"@id":"https:\/\/vmsport.fi\/verkkokauppa\/varaosat\/vaihteistot\/sram-shift-cable-housing-1-m-o40-mm-white\/#primaryimage"},"thumbnailUrl":"https:\/\/vmsport.fi\/wp-content\/uploads\/2025\/03\/00-7115-003-010-1.jpg","datePublished":"2025-03-05T21:45:32+00:00","dateModified":"2026-04-22T12:02:04+00:00","breadcrumb":{"@id":"https:\/\/vmsport.fi\/verkkokauppa\/varaosat\/vaihteistot\/sram-shift-cable-housing-1-m-o40-mm-white\/#breadcrumb"},"inLanguage":"sv-SE","potentialAction":[{"@type":"ReadAction","target":["https:\/\/vmsport.fi\/verkkokauppa\/varaosat\/vaihteistot\/sram-shift-cable-housing-1-m-o40-mm-white\/"]}]},{"@type":"ImageObject","inLanguage":"sv-SE","@id":"https:\/\/vmsport.fi\/verkkokauppa\/varaosat\/vaihteistot\/sram-shift-cable-housing-1-m-o40-mm-white\/#primaryimage","url":"https:\/\/vmsport.fi\/wp-content\/uploads\/2025\/03\/00-7115-003-010-1.jpg","contentUrl":"https:\/\/vmsport.fi\/wp-content\/uploads\/2025\/03\/00-7115-003-010-1.jpg","width":300,"height":300,"caption":"00-7115-003-010"},{"@type":"BreadcrumbList","@id":"https:\/\/vmsport.fi\/verkkokauppa\/varaosat\/vaihteistot\/sram-shift-cable-housing-1-m-o40-mm-white\/#breadcrumb","itemListElement":[{"@type":"ListItem","position":1,"name":"Etusivu","item":"https:\/\/vmsport.fi\/"},{"@type":"ListItem","position":2,"name":"Online Store","item":"https:\/\/vmsport.fi\/en\/online-store\/"},{"@type":"ListItem","position":3,"name":"SRAM Shift cable housing 1 m \u00d84,0 mm White"}]},{"@type":"WebSite","@id":"https:\/\/vmsport.fi\/#website","url":"https:\/\/vmsport.fi\/","name":"Vmsport","description":"Allt p\u00e5 ett st\u00e4lle f\u00f6r cykling","publisher":{"@id":"https:\/\/vmsport.fi\/#organization"},"potentialAction":[{"@type":"SearchAction","target":{"@type":"EntryPoint","urlTemplate":"https:\/\/vmsport.fi\/?s={search_term_string}"},"query-input":{"@type":"PropertyValueSpecification","valueRequired":true,"valueName":"search_term_string"}}],"inLanguage":"sv-SE"},{"@type":"Organization","@id":"https:\/\/vmsport.fi\/#organization","name":"Vmsport","url":"https:\/\/vmsport.fi\/","logo":{"@type":"ImageObject","inLanguage":"sv-SE","@id":"https:\/\/vmsport.fi\/#\/schema\/logo\/image\/","url":"https:\/\/vmsport.fi\/wp-content\/uploads\/2024\/12\/vm_sport_RGB_horisontal-e1734526017575.png","contentUrl":"https:\/\/vmsport.fi\/wp-content\/uploads\/2024\/12\/vm_sport_RGB_horisontal-e1734526017575.png","width":668,"height":85,"caption":"Vmsport"},"image":{"@id":"https:\/\/vmsport.fi\/#\/schema\/logo\/image\/"},"sameAs":["https:\/\/www.facebook.com\/Vmsport.fi\/","https:\/\/www.instagram.com\/vmsport\/"]}]}},"global_unique_id":"","_links":{"self":[{"href":"https:\/\/vmsport.fi\/sv\/wp-json\/wp\/v2\/product\/53821","targetHints":{"allow":["GET"]}}],"collection":[{"href":"https:\/\/vmsport.fi\/sv\/wp-json\/wp\/v2\/product"}],"about":[{"href":"https:\/\/vmsport.fi\/sv\/wp-json\/wp\/v2\/types\/product"}],"replies":[{"embeddable":true,"href":"https:\/\/vmsport.fi\/sv\/wp-json\/wp\/v2\/comments?post=53821"}],"wp:featuredmedia":[{"embeddable":true,"href":"https:\/\/vmsport.fi\/sv\/wp-json\/wp\/v2\/media\/53819"}],"wp:attachment":[{"href":"https:\/\/vmsport.fi\/sv\/wp-json\/wp\/v2\/media?parent=53821"}],"wp:term":[{"taxonomy":"product_brand","embeddable":true,"href":"https:\/\/vmsport.fi\/sv\/wp-json\/wp\/v2\/product_brand?post=53821"},{"taxonomy":"product_model","embeddable":true,"href":"https:\/\/vmsport.fi\/sv\/wp-json\/wp\/v2\/product_model?post=53821"},{"taxonomy":"product_cat","embeddable":true,"href":"https:\/\/vmsport.fi\/sv\/wp-json\/wp\/v2\/product_cat?post=53821"},{"taxonomy":"product_tag","embeddable":true,"href":"https:\/\/vmsport.fi\/sv\/wp-json\/wp\/v2\/product_tag?post=53821"},{"taxonomy":"industry_terminology","embeddable":true,"href":"https:\/\/vmsport.fi\/sv\/wp-json\/wp\/v2\/industry-terminology?post=53821"}],"curies":[{"name":"wp","href":"https:\/\/api.w.org\/{rel}","templated":true}]}}