{"id":53789,"date":"2025-03-05T23:45:18","date_gmt":"2025-03-05T21:45:18","guid":{"rendered":"https:\/\/vmsport.fi\/verkkokauppa\/Ei-luokiteltu\/poc-ms-reform-enduro-tee-black\/"},"modified":"2026-01-16T13:29:17","modified_gmt":"2026-01-16T11:29:17","slug":"poc-ms-reform-enduro-t-shirt-svart","status":"publish","type":"product","link":"https:\/\/vmsport.fi\/sv\/verkkokauppa\/ajovarusteet\/vaatteet\/paidat\/poc-ms-reform-enduro-tee-black\/","title":{"rendered":"POC M's Reform Enduro Tee Svart"},"content":{"rendered":"<p>POC M's Reform Enduro Tee Black \u00e4r tillverkad av \u00e5tervunna material och fr\u00e4mjar en livsstil som tar ansvar f\u00f6r milj\u00f6n. Den l\u00f6sa passformen och raglan\u00e4rmarna garanterar bekv\u00e4m r\u00f6relsefrihet och ger en touch av stil, vilket g\u00f6r den till ett utm\u00e4rkt val f\u00f6r endurocykling. Tr\u00f6jan \u00e4r utformad f\u00f6r att vara kompatibel med rygg- och armb\u00e5gsskydd f\u00f6r \u00f6kad s\u00e4kerhet under cykling. Den utm\u00e4rkta fukthanteringen transporterar effektivt bort svett fr\u00e5n huden och h\u00e5ller b\u00e4raren torr. F\u00f6r extra komfort finns en s\u00e4ker ficka med dragkedja f\u00f6r att enkelt kunna b\u00e4ra kort.<\/p>","protected":false},"excerpt":{"rendered":"<p>Valmistettu kierr\u00e4tetyist\u00e4 materiaaleista, POC M&#8217;s Reform Enduro Tee Black edist\u00e4\u00e4 ymp\u00e4rist\u00f6vastuullista el\u00e4m\u00e4ntapaa. Sen v\u00e4lj\u00e4 istuvuus ja raglan-hihat takaavat miellytt\u00e4v\u00e4n liikkumisvapauden ja lis\u00e4\u00e4v\u00e4t tyylikkyytt\u00e4, mik\u00e4 tekee siit\u00e4 erinomaisen valinnan enduro-py\u00f6r\u00e4ilyyn. Paita on suunniteltu yhteensopivaksi selk\u00e4- ja kyyn\u00e4rsuojien kanssa, mik\u00e4 parantaa turvallisuutta py\u00f6r\u00e4ilyn aikana. Erinomainen kosteudenhallinta siirt\u00e4\u00e4 tehokkaasti hike\u00e4 iholta, pit\u00e4en k\u00e4ytt\u00e4j\u00e4n kuivana. Lis\u00e4mukavuutena on turvallinen, vetoketjullinen [&#8230;]<\/p>\n<p><a class=\"btn btn-secondary understrap-read-more-link\" href=\"https:\/\/vmsport.fi\/sv\/verkkokauppa\/ajovarusteet\/vaatteet\/paidat\/poc-ms-reform-enduro-tee-black\/\">L\u00e4s mer \u2026<span class=\"screen-reader-text\"> from POC M&#8217;s Reform Enduro Tee Black<\/span><\/a><\/p>\n","protected":false},"featured_media":53787,"comment_status":"open","ping_status":"closed","template":"","meta":{"_acf_changed":false,"_improvement_type_select":"improve_an_existing","_thumb_yes_seoaic":false,"_frame_yes_seoaic":false,"seoaic_generate_description":"","seoaic_improve_instructions_prompt":"","seoaic_rollback_content_improvement":"","seoaic_idea_thumbnail_generator":"","thumbnail_generated":false,"thumbnail_generate_prompt":"","seoaic_article_description":"","_supplier_stock_quantity":0},"product_brand":[],"product_model":[],"product_cat":[9460],"product_tag":[],"industry-terminology":[],"class_list":{"0":"post-53789","1":"product","2":"type-product","3":"status-publish","4":"has-post-thumbnail","6":"product_cat-paidat","8":"first","9":"instock","10":"taxable","11":"shipping-taxable","12":"purchasable","13":"product-type-variable"},"acf":{"bike_features":null,"overview":{"copy_overview":null,"key_features":null,"statement":"","youtube_url":""}},"yoast_head":"<!-- This site is optimized with the Yoast SEO plugin v27.3 - https:\/\/yoast.com\/product\/yoast-seo-wordpress\/ -->\n<title>POC M&#039;s Reform Enduro Tee Black - VM Sport<\/title>\n<meta name=\"robots\" content=\"index, follow, max-snippet:-1, max-image-preview:large, max-video-preview:-1\" \/>\n<link rel=\"canonical\" href=\"https:\/\/vmsport.fi\/sv\/webbutik\/korutrustning\/klader\/skjorta\/poc-ms-reform-enduro-t-shirt-svart\/\" \/>\n<meta property=\"og:locale\" content=\"sv_SE\" \/>\n<meta property=\"og:type\" content=\"article\" \/>\n<meta property=\"og:title\" content=\"POC M&#039;s Reform Enduro Tee Black - VM Sport\" \/>\n<meta property=\"og:description\" content=\"Valmistettu kierr\u00e4tetyist\u00e4 materiaaleista, POC M&#8217;s Reform Enduro Tee Black edist\u00e4\u00e4 ymp\u00e4rist\u00f6vastuullista el\u00e4m\u00e4ntapaa. Sen v\u00e4lj\u00e4 istuvuus ja raglan-hihat takaavat miellytt\u00e4v\u00e4n liikkumisvapauden ja lis\u00e4\u00e4v\u00e4t tyylikkyytt\u00e4, mik\u00e4 tekee siit\u00e4 erinomaisen valinnan enduro-py\u00f6r\u00e4ilyyn. Paita on suunniteltu yhteensopivaksi selk\u00e4- ja kyyn\u00e4rsuojien kanssa, mik\u00e4 parantaa turvallisuutta py\u00f6r\u00e4ilyn aikana. Erinomainen kosteudenhallinta siirt\u00e4\u00e4 tehokkaasti hike\u00e4 iholta, pit\u00e4en k\u00e4ytt\u00e4j\u00e4n kuivana. Lis\u00e4mukavuutena on turvallinen, vetoketjullinen [...]L\u00e4s mer \u2026 from POC M&#8217;s Reform Enduro Tee Black\" \/>\n<meta property=\"og:url\" content=\"https:\/\/vmsport.fi\/sv\/webbutik\/korutrustning\/klader\/skjorta\/poc-ms-reform-enduro-t-shirt-svart\/\" \/>\n<meta property=\"og:site_name\" content=\"VM Sport\" \/>\n<meta property=\"article:publisher\" content=\"https:\/\/www.facebook.com\/Vmsport.fi\/\" \/>\n<meta property=\"article:modified_time\" content=\"2026-01-16T11:29:17+00:00\" \/>\n<meta property=\"og:image\" content=\"https:\/\/vmsport.fi\/wp-content\/uploads\/2025\/03\/52905-MsReformEnduroTee-1002-UraniumBlack-front-1.png\" \/>\n\t<meta property=\"og:image:width\" content=\"1000\" \/>\n\t<meta property=\"og:image:height\" content=\"1000\" \/>\n\t<meta property=\"og:image:type\" content=\"image\/png\" \/>\n<meta name=\"twitter:card\" content=\"summary_large_image\" \/>\n<script type=\"application\/ld+json\" class=\"yoast-schema-graph\">{\"@context\":\"https:\\\/\\\/schema.org\",\"@graph\":[{\"@type\":[\"WebPage\",\"ItemPage\"],\"@id\":\"https:\\\/\\\/vmsport.fi\\\/verkkokauppa\\\/ajovarusteet\\\/vaatteet\\\/paidat\\\/poc-ms-reform-enduro-tee-black\\\/\",\"url\":\"https:\\\/\\\/vmsport.fi\\\/verkkokauppa\\\/ajovarusteet\\\/vaatteet\\\/paidat\\\/poc-ms-reform-enduro-tee-black\\\/\",\"name\":\"POC M's Reform Enduro Tee Black - VM Sport\",\"isPartOf\":{\"@id\":\"https:\\\/\\\/vmsport.fi\\\/#website\"},\"primaryImageOfPage\":{\"@id\":\"https:\\\/\\\/vmsport.fi\\\/verkkokauppa\\\/ajovarusteet\\\/vaatteet\\\/paidat\\\/poc-ms-reform-enduro-tee-black\\\/#primaryimage\"},\"image\":{\"@id\":\"https:\\\/\\\/vmsport.fi\\\/verkkokauppa\\\/ajovarusteet\\\/vaatteet\\\/paidat\\\/poc-ms-reform-enduro-tee-black\\\/#primaryimage\"},\"thumbnailUrl\":\"https:\\\/\\\/vmsport.fi\\\/wp-content\\\/uploads\\\/2025\\\/03\\\/52905-MsReformEnduroTee-1002-UraniumBlack-front-1.png\",\"datePublished\":\"2025-03-05T21:45:18+00:00\",\"dateModified\":\"2026-01-16T11:29:17+00:00\",\"breadcrumb\":{\"@id\":\"https:\\\/\\\/vmsport.fi\\\/verkkokauppa\\\/ajovarusteet\\\/vaatteet\\\/paidat\\\/poc-ms-reform-enduro-tee-black\\\/#breadcrumb\"},\"inLanguage\":\"sv-SE\",\"potentialAction\":[{\"@type\":\"ReadAction\",\"target\":[\"https:\\\/\\\/vmsport.fi\\\/verkkokauppa\\\/ajovarusteet\\\/vaatteet\\\/paidat\\\/poc-ms-reform-enduro-tee-black\\\/\"]}]},{\"@type\":\"ImageObject\",\"inLanguage\":\"sv-SE\",\"@id\":\"https:\\\/\\\/vmsport.fi\\\/verkkokauppa\\\/ajovarusteet\\\/vaatteet\\\/paidat\\\/poc-ms-reform-enduro-tee-black\\\/#primaryimage\",\"url\":\"https:\\\/\\\/vmsport.fi\\\/wp-content\\\/uploads\\\/2025\\\/03\\\/52905-MsReformEnduroTee-1002-UraniumBlack-front-1.png\",\"contentUrl\":\"https:\\\/\\\/vmsport.fi\\\/wp-content\\\/uploads\\\/2025\\\/03\\\/52905-MsReformEnduroTee-1002-UraniumBlack-front-1.png\",\"width\":1000,\"height\":1000,\"caption\":\"52905-MsReformEnduroTee-1002-UraniumBlack-front\"},{\"@type\":\"BreadcrumbList\",\"@id\":\"https:\\\/\\\/vmsport.fi\\\/verkkokauppa\\\/ajovarusteet\\\/vaatteet\\\/paidat\\\/poc-ms-reform-enduro-tee-black\\\/#breadcrumb\",\"itemListElement\":[{\"@type\":\"ListItem\",\"position\":1,\"name\":\"Etusivu\",\"item\":\"https:\\\/\\\/vmsport.fi\\\/\"},{\"@type\":\"ListItem\",\"position\":2,\"name\":\"Online Store\",\"item\":\"https:\\\/\\\/vmsport.fi\\\/en\\\/online-store\\\/\"},{\"@type\":\"ListItem\",\"position\":3,\"name\":\"POC M&#8217;s Reform Enduro Tee Black\"}]},{\"@type\":\"WebSite\",\"@id\":\"https:\\\/\\\/vmsport.fi\\\/#website\",\"url\":\"https:\\\/\\\/vmsport.fi\\\/\",\"name\":\"Vmsport\",\"description\":\"Kaikki py\u00f6r\u00e4ilyyn yhdest\u00e4 paikasta\",\"publisher\":{\"@id\":\"https:\\\/\\\/vmsport.fi\\\/#organization\"},\"potentialAction\":[{\"@type\":\"SearchAction\",\"target\":{\"@type\":\"EntryPoint\",\"urlTemplate\":\"https:\\\/\\\/vmsport.fi\\\/?s={search_term_string}\"},\"query-input\":{\"@type\":\"PropertyValueSpecification\",\"valueRequired\":true,\"valueName\":\"search_term_string\"}}],\"inLanguage\":\"sv-SE\"},{\"@type\":\"Organization\",\"@id\":\"https:\\\/\\\/vmsport.fi\\\/#organization\",\"name\":\"Vmsport\",\"url\":\"https:\\\/\\\/vmsport.fi\\\/\",\"logo\":{\"@type\":\"ImageObject\",\"inLanguage\":\"sv-SE\",\"@id\":\"https:\\\/\\\/vmsport.fi\\\/#\\\/schema\\\/logo\\\/image\\\/\",\"url\":\"https:\\\/\\\/vmsport.fi\\\/wp-content\\\/uploads\\\/2024\\\/12\\\/vm_sport_RGB_horisontal-e1734526017575.png\",\"contentUrl\":\"https:\\\/\\\/vmsport.fi\\\/wp-content\\\/uploads\\\/2024\\\/12\\\/vm_sport_RGB_horisontal-e1734526017575.png\",\"width\":668,\"height\":85,\"caption\":\"Vmsport\"},\"image\":{\"@id\":\"https:\\\/\\\/vmsport.fi\\\/#\\\/schema\\\/logo\\\/image\\\/\"},\"sameAs\":[\"https:\\\/\\\/www.facebook.com\\\/Vmsport.fi\\\/\",\"https:\\\/\\\/www.instagram.com\\\/vmsport\\\/\"]}]}<\/script>\n<!-- \/ Yoast SEO plugin. -->","yoast_head_json":{"title":"POC M's Reform Enduro Tee Svart - VM Sport","robots":{"index":"index","follow":"follow","max-snippet":"max-snippet:-1","max-image-preview":"max-image-preview:large","max-video-preview":"max-video-preview:-1"},"canonical":"https:\/\/vmsport.fi\/sv\/webbutik\/korutrustning\/klader\/skjorta\/poc-ms-reform-enduro-t-shirt-svart\/","og_locale":"sv_SE","og_type":"article","og_title":"POC M's Reform Enduro Tee Black - VM Sport","og_description":"Valmistettu kierr\u00e4tetyist\u00e4 materiaaleista, POC M&#8217;s Reform Enduro Tee Black edist\u00e4\u00e4 ymp\u00e4rist\u00f6vastuullista el\u00e4m\u00e4ntapaa. Sen v\u00e4lj\u00e4 istuvuus ja raglan-hihat takaavat miellytt\u00e4v\u00e4n liikkumisvapauden ja lis\u00e4\u00e4v\u00e4t tyylikkyytt\u00e4, mik\u00e4 tekee siit\u00e4 erinomaisen valinnan enduro-py\u00f6r\u00e4ilyyn. Paita on suunniteltu yhteensopivaksi selk\u00e4- ja kyyn\u00e4rsuojien kanssa, mik\u00e4 parantaa turvallisuutta py\u00f6r\u00e4ilyn aikana. Erinomainen kosteudenhallinta siirt\u00e4\u00e4 tehokkaasti hike\u00e4 iholta, pit\u00e4en k\u00e4ytt\u00e4j\u00e4n kuivana. Lis\u00e4mukavuutena on turvallinen, vetoketjullinen [...]L\u00e4s mer \u2026 from POC M&#8217;s Reform Enduro Tee Black","og_url":"https:\/\/vmsport.fi\/sv\/webbutik\/korutrustning\/klader\/skjorta\/poc-ms-reform-enduro-t-shirt-svart\/","og_site_name":"VM Sport","article_publisher":"https:\/\/www.facebook.com\/Vmsport.fi\/","article_modified_time":"2026-01-16T11:29:17+00:00","og_image":[{"width":1000,"height":1000,"url":"https:\/\/vmsport.fi\/wp-content\/uploads\/2025\/03\/52905-MsReformEnduroTee-1002-UraniumBlack-front-1.png","type":"image\/png"}],"twitter_card":"summary_large_image","schema":{"@context":"https:\/\/schema.org","@graph":[{"@type":["WebPage","ItemPage"],"@id":"https:\/\/vmsport.fi\/verkkokauppa\/ajovarusteet\/vaatteet\/paidat\/poc-ms-reform-enduro-tee-black\/","url":"https:\/\/vmsport.fi\/verkkokauppa\/ajovarusteet\/vaatteet\/paidat\/poc-ms-reform-enduro-tee-black\/","name":"POC M's Reform Enduro Tee Svart - VM Sport","isPartOf":{"@id":"https:\/\/vmsport.fi\/#website"},"primaryImageOfPage":{"@id":"https:\/\/vmsport.fi\/verkkokauppa\/ajovarusteet\/vaatteet\/paidat\/poc-ms-reform-enduro-tee-black\/#primaryimage"},"image":{"@id":"https:\/\/vmsport.fi\/verkkokauppa\/ajovarusteet\/vaatteet\/paidat\/poc-ms-reform-enduro-tee-black\/#primaryimage"},"thumbnailUrl":"https:\/\/vmsport.fi\/wp-content\/uploads\/2025\/03\/52905-MsReformEnduroTee-1002-UraniumBlack-front-1.png","datePublished":"2025-03-05T21:45:18+00:00","dateModified":"2026-01-16T11:29:17+00:00","breadcrumb":{"@id":"https:\/\/vmsport.fi\/verkkokauppa\/ajovarusteet\/vaatteet\/paidat\/poc-ms-reform-enduro-tee-black\/#breadcrumb"},"inLanguage":"sv-SE","potentialAction":[{"@type":"ReadAction","target":["https:\/\/vmsport.fi\/verkkokauppa\/ajovarusteet\/vaatteet\/paidat\/poc-ms-reform-enduro-tee-black\/"]}]},{"@type":"ImageObject","inLanguage":"sv-SE","@id":"https:\/\/vmsport.fi\/verkkokauppa\/ajovarusteet\/vaatteet\/paidat\/poc-ms-reform-enduro-tee-black\/#primaryimage","url":"https:\/\/vmsport.fi\/wp-content\/uploads\/2025\/03\/52905-MsReformEnduroTee-1002-UraniumBlack-front-1.png","contentUrl":"https:\/\/vmsport.fi\/wp-content\/uploads\/2025\/03\/52905-MsReformEnduroTee-1002-UraniumBlack-front-1.png","width":1000,"height":1000,"caption":"52905-MsReformEnduroTee-1002-UraniumBlack-front"},{"@type":"BreadcrumbList","@id":"https:\/\/vmsport.fi\/verkkokauppa\/ajovarusteet\/vaatteet\/paidat\/poc-ms-reform-enduro-tee-black\/#breadcrumb","itemListElement":[{"@type":"ListItem","position":1,"name":"Etusivu","item":"https:\/\/vmsport.fi\/"},{"@type":"ListItem","position":2,"name":"Online Store","item":"https:\/\/vmsport.fi\/en\/online-store\/"},{"@type":"ListItem","position":3,"name":"POC M&#8217;s Reform Enduro Tee Black"}]},{"@type":"WebSite","@id":"https:\/\/vmsport.fi\/#website","url":"https:\/\/vmsport.fi\/","name":"Vmsport","description":"Allt p\u00e5 ett st\u00e4lle f\u00f6r cykling","publisher":{"@id":"https:\/\/vmsport.fi\/#organization"},"potentialAction":[{"@type":"SearchAction","target":{"@type":"EntryPoint","urlTemplate":"https:\/\/vmsport.fi\/?s={search_term_string}"},"query-input":{"@type":"PropertyValueSpecification","valueRequired":true,"valueName":"search_term_string"}}],"inLanguage":"sv-SE"},{"@type":"Organization","@id":"https:\/\/vmsport.fi\/#organization","name":"Vmsport","url":"https:\/\/vmsport.fi\/","logo":{"@type":"ImageObject","inLanguage":"sv-SE","@id":"https:\/\/vmsport.fi\/#\/schema\/logo\/image\/","url":"https:\/\/vmsport.fi\/wp-content\/uploads\/2024\/12\/vm_sport_RGB_horisontal-e1734526017575.png","contentUrl":"https:\/\/vmsport.fi\/wp-content\/uploads\/2024\/12\/vm_sport_RGB_horisontal-e1734526017575.png","width":668,"height":85,"caption":"Vmsport"},"image":{"@id":"https:\/\/vmsport.fi\/#\/schema\/logo\/image\/"},"sameAs":["https:\/\/www.facebook.com\/Vmsport.fi\/","https:\/\/www.instagram.com\/vmsport\/"]}]}},"global_unique_id":"","_links":{"self":[{"href":"https:\/\/vmsport.fi\/sv\/wp-json\/wp\/v2\/product\/53789","targetHints":{"allow":["GET"]}}],"collection":[{"href":"https:\/\/vmsport.fi\/sv\/wp-json\/wp\/v2\/product"}],"about":[{"href":"https:\/\/vmsport.fi\/sv\/wp-json\/wp\/v2\/types\/product"}],"replies":[{"embeddable":true,"href":"https:\/\/vmsport.fi\/sv\/wp-json\/wp\/v2\/comments?post=53789"}],"wp:featuredmedia":[{"embeddable":true,"href":"https:\/\/vmsport.fi\/sv\/wp-json\/wp\/v2\/media\/53787"}],"wp:attachment":[{"href":"https:\/\/vmsport.fi\/sv\/wp-json\/wp\/v2\/media?parent=53789"}],"wp:term":[{"taxonomy":"product_brand","embeddable":true,"href":"https:\/\/vmsport.fi\/sv\/wp-json\/wp\/v2\/product_brand?post=53789"},{"taxonomy":"product_model","embeddable":true,"href":"https:\/\/vmsport.fi\/sv\/wp-json\/wp\/v2\/product_model?post=53789"},{"taxonomy":"product_cat","embeddable":true,"href":"https:\/\/vmsport.fi\/sv\/wp-json\/wp\/v2\/product_cat?post=53789"},{"taxonomy":"product_tag","embeddable":true,"href":"https:\/\/vmsport.fi\/sv\/wp-json\/wp\/v2\/product_tag?post=53789"},{"taxonomy":"industry_terminology","embeddable":true,"href":"https:\/\/vmsport.fi\/sv\/wp-json\/wp\/v2\/industry-terminology?post=53789"}],"curies":[{"name":"wp","href":"https:\/\/api.w.org\/{rel}","templated":true}]}}