{"id":53764,"date":"2025-03-05T23:44:55","date_gmt":"2025-03-05T21:44:55","guid":{"rendered":"https:\/\/vmsport.fi\/verkkokauppa\/Ei-luokiteltu\/sks-smartphone-cover-cover-iphone-13-pro-max\/"},"modified":"2026-01-16T13:22:28","modified_gmt":"2026-01-16T11:22:28","slug":"sks-smartphone-skydd-skydd-iphone-13-pro-max","status":"publish","type":"product","link":"https:\/\/vmsport.fi\/sv\/verkkokauppa\/tarvikkeet\/ajotietokoneet-ja-harjoitusvastukset\/ajotietokoneet\/sks-smartphone-cover-cover-iphone-13-pro-max\/","title":{"rendered":"SKS Smartphone-skydd Skydd f\u00f6r iPhone 13 Pro Max"},"content":{"rendered":"<p>SKS smartphone-skydd \u00e4r s\u00e4rskilt utformat f\u00f6r iPhone 13 Pro Max och erbjuder tillf\u00f6rlitligt skydd utan att kompromissa med stilen. Detta fodral \u00e4r ett utm\u00e4rkt tillbeh\u00f6r till din telefon och skyddar den effektivt mot st\u00f6tar och repor. Designat med komfort i \u00e5tanke g\u00f6r det enkelt att hantera din telefon. Det slitstarka materialet s\u00e4kerst\u00e4ller att fodralet h\u00e5ller l\u00e4nge och ger b\u00e4sta m\u00f6jliga skydd f\u00f6r din v\u00e4rdefulla enhet. Om du funderar p\u00e5 att uppgradera skyddet av din telefon \u00e4r det h\u00e4r fodralet ett utm\u00e4rkt val f\u00f6r att kombinera estetik och funktionalitet.<\/p>","protected":false},"excerpt":{"rendered":"<p>SKS-\u00e4lypuhelimen suoja on muotoiltu erityisesti iPhone 13 Pro Maxille, tarjoten luotettavaa suojaa tinkim\u00e4tt\u00e4 laitteen tyylikkyydest\u00e4. T\u00e4m\u00e4 suojakuori on erinomainen lis\u00e4varuste puhelimelle, joka suojaa sit\u00e4 tehokkaasti p\u00e4ivitt\u00e4isilt\u00e4 kolhuilta ja naarmuilta. Suunnittelussa on panostettu k\u00e4ytt\u00f6mukavuuteen, joten puhelinta on vaivatonta k\u00e4sitell\u00e4. Kest\u00e4v\u00e4 materiaali varmistaa, ett\u00e4 suoja on pitk\u00e4ik\u00e4inen ja tarjoaa parhaan mahdollisen suojan arvokkaalle laitteellesi. Jos harkitset puhelimesi [&#8230;]<\/p>\n<p><a class=\"btn btn-secondary understrap-read-more-link\" href=\"https:\/\/vmsport.fi\/sv\/verkkokauppa\/tarvikkeet\/ajotietokoneet-ja-harjoitusvastukset\/ajotietokoneet\/sks-smartphone-cover-cover-iphone-13-pro-max\/\">L\u00e4s mer \u2026<span class=\"screen-reader-text\"> from SKS Smartphone Cover Cover iPhone 13 Pro Max<\/span><\/a><\/p>\n","protected":false},"featured_media":53763,"comment_status":"open","ping_status":"closed","template":"","meta":{"_acf_changed":false,"_improvement_type_select":"improve_an_existing","_thumb_yes_seoaic":false,"_frame_yes_seoaic":false,"seoaic_generate_description":"","seoaic_improve_instructions_prompt":"","seoaic_rollback_content_improvement":"","seoaic_idea_thumbnail_generator":"","thumbnail_generated":false,"thumbnail_generate_prompt":"","seoaic_article_description":"","_supplier_stock_quantity":0},"product_brand":[1583],"product_model":[],"product_cat":[9266],"product_tag":[],"industry-terminology":[],"class_list":{"0":"post-53764","1":"product","2":"type-product","3":"status-publish","4":"has-post-thumbnail","6":"product_brand-sks-germany","7":"product_cat-ajotietokoneet","9":"first","10":"instock","11":"taxable","12":"shipping-taxable","13":"purchasable","14":"product-type-simple"},"acf":{"bike_features":null,"overview":{"copy_overview":null,"key_features":null,"statement":"","youtube_url":""}},"yoast_head":"<!-- This site is optimized with the Yoast SEO plugin v27.3 - https:\/\/yoast.com\/product\/yoast-seo-wordpress\/ -->\n<title>SKS Smartphone Cover Cover iPhone 13 Pro Max - VM Sport<\/title>\n<meta name=\"robots\" content=\"index, follow, max-snippet:-1, max-image-preview:large, max-video-preview:-1\" \/>\n<link rel=\"canonical\" href=\"https:\/\/vmsport.fi\/sv\/webbutik\/tillbehor\/kordatorer-och-utbildningshjalpmedel\/korning-av-datorer\/sks-smartphone-skydd-skydd-iphone-13-pro-max\/\" \/>\n<meta property=\"og:locale\" content=\"sv_SE\" \/>\n<meta property=\"og:type\" content=\"article\" \/>\n<meta property=\"og:title\" content=\"SKS Smartphone Cover Cover iPhone 13 Pro Max - VM Sport\" \/>\n<meta property=\"og:description\" content=\"SKS-\u00e4lypuhelimen suoja on muotoiltu erityisesti iPhone 13 Pro Maxille, tarjoten luotettavaa suojaa tinkim\u00e4tt\u00e4 laitteen tyylikkyydest\u00e4. T\u00e4m\u00e4 suojakuori on erinomainen lis\u00e4varuste puhelimelle, joka suojaa sit\u00e4 tehokkaasti p\u00e4ivitt\u00e4isilt\u00e4 kolhuilta ja naarmuilta. Suunnittelussa on panostettu k\u00e4ytt\u00f6mukavuuteen, joten puhelinta on vaivatonta k\u00e4sitell\u00e4. Kest\u00e4v\u00e4 materiaali varmistaa, ett\u00e4 suoja on pitk\u00e4ik\u00e4inen ja tarjoaa parhaan mahdollisen suojan arvokkaalle laitteellesi. Jos harkitset puhelimesi [...]L\u00e4s mer \u2026 from SKS Smartphone Cover Cover iPhone 13 Pro Max\" \/>\n<meta property=\"og:url\" content=\"https:\/\/vmsport.fi\/sv\/webbutik\/tillbehor\/kordatorer-och-utbildningshjalpmedel\/korning-av-datorer\/sks-smartphone-skydd-skydd-iphone-13-pro-max\/\" \/>\n<meta property=\"og:site_name\" content=\"VM Sport\" \/>\n<meta property=\"article:publisher\" content=\"https:\/\/www.facebook.com\/Vmsport.fi\/\" \/>\n<meta property=\"article:modified_time\" content=\"2026-01-16T11:22:28+00:00\" \/>\n<meta property=\"og:image\" content=\"https:\/\/vmsport.fi\/wp-content\/uploads\/2025\/03\/KgdZFFlfQLEkYXGMq95cUzKEBXJZLllUbIYGtfDoncfgCZrWZT-1.jpg\" \/>\n\t<meta property=\"og:image:width\" content=\"800\" \/>\n\t<meta property=\"og:image:height\" content=\"800\" \/>\n\t<meta property=\"og:image:type\" content=\"image\/jpeg\" \/>\n<meta name=\"twitter:card\" content=\"summary_large_image\" \/>\n<script type=\"application\/ld+json\" class=\"yoast-schema-graph\">{\"@context\":\"https:\\\/\\\/schema.org\",\"@graph\":[{\"@type\":[\"WebPage\",\"ItemPage\"],\"@id\":\"https:\\\/\\\/vmsport.fi\\\/verkkokauppa\\\/tarvikkeet\\\/ajotietokoneet-ja-harjoitusvastukset\\\/ajotietokoneet\\\/sks-smartphone-cover-cover-iphone-13-pro-max\\\/\",\"url\":\"https:\\\/\\\/vmsport.fi\\\/verkkokauppa\\\/tarvikkeet\\\/ajotietokoneet-ja-harjoitusvastukset\\\/ajotietokoneet\\\/sks-smartphone-cover-cover-iphone-13-pro-max\\\/\",\"name\":\"SKS Smartphone Cover Cover iPhone 13 Pro Max - VM Sport\",\"isPartOf\":{\"@id\":\"https:\\\/\\\/vmsport.fi\\\/#website\"},\"primaryImageOfPage\":{\"@id\":\"https:\\\/\\\/vmsport.fi\\\/verkkokauppa\\\/tarvikkeet\\\/ajotietokoneet-ja-harjoitusvastukset\\\/ajotietokoneet\\\/sks-smartphone-cover-cover-iphone-13-pro-max\\\/#primaryimage\"},\"image\":{\"@id\":\"https:\\\/\\\/vmsport.fi\\\/verkkokauppa\\\/tarvikkeet\\\/ajotietokoneet-ja-harjoitusvastukset\\\/ajotietokoneet\\\/sks-smartphone-cover-cover-iphone-13-pro-max\\\/#primaryimage\"},\"thumbnailUrl\":\"https:\\\/\\\/vmsport.fi\\\/wp-content\\\/uploads\\\/2025\\\/03\\\/KgdZFFlfQLEkYXGMq95cUzKEBXJZLllUbIYGtfDoncfgCZrWZT-1.jpg\",\"datePublished\":\"2025-03-05T21:44:55+00:00\",\"dateModified\":\"2026-01-16T11:22:28+00:00\",\"breadcrumb\":{\"@id\":\"https:\\\/\\\/vmsport.fi\\\/verkkokauppa\\\/tarvikkeet\\\/ajotietokoneet-ja-harjoitusvastukset\\\/ajotietokoneet\\\/sks-smartphone-cover-cover-iphone-13-pro-max\\\/#breadcrumb\"},\"inLanguage\":\"sv-SE\",\"potentialAction\":[{\"@type\":\"ReadAction\",\"target\":[\"https:\\\/\\\/vmsport.fi\\\/verkkokauppa\\\/tarvikkeet\\\/ajotietokoneet-ja-harjoitusvastukset\\\/ajotietokoneet\\\/sks-smartphone-cover-cover-iphone-13-pro-max\\\/\"]}]},{\"@type\":\"ImageObject\",\"inLanguage\":\"sv-SE\",\"@id\":\"https:\\\/\\\/vmsport.fi\\\/verkkokauppa\\\/tarvikkeet\\\/ajotietokoneet-ja-harjoitusvastukset\\\/ajotietokoneet\\\/sks-smartphone-cover-cover-iphone-13-pro-max\\\/#primaryimage\",\"url\":\"https:\\\/\\\/vmsport.fi\\\/wp-content\\\/uploads\\\/2025\\\/03\\\/KgdZFFlfQLEkYXGMq95cUzKEBXJZLllUbIYGtfDoncfgCZrWZT-1.jpg\",\"contentUrl\":\"https:\\\/\\\/vmsport.fi\\\/wp-content\\\/uploads\\\/2025\\\/03\\\/KgdZFFlfQLEkYXGMq95cUzKEBXJZLllUbIYGtfDoncfgCZrWZT-1.jpg\",\"width\":800,\"height\":800,\"caption\":\"KgdZFFlfQLEkYXGMq95cUzKEBXJZLllUbIYGtfDoncfgCZrWZT\"},{\"@type\":\"BreadcrumbList\",\"@id\":\"https:\\\/\\\/vmsport.fi\\\/verkkokauppa\\\/tarvikkeet\\\/ajotietokoneet-ja-harjoitusvastukset\\\/ajotietokoneet\\\/sks-smartphone-cover-cover-iphone-13-pro-max\\\/#breadcrumb\",\"itemListElement\":[{\"@type\":\"ListItem\",\"position\":1,\"name\":\"Etusivu\",\"item\":\"https:\\\/\\\/vmsport.fi\\\/\"},{\"@type\":\"ListItem\",\"position\":2,\"name\":\"Online Store\",\"item\":\"https:\\\/\\\/vmsport.fi\\\/en\\\/online-store\\\/\"},{\"@type\":\"ListItem\",\"position\":3,\"name\":\"SKS Smartphone Cover Cover iPhone 13 Pro Max\"}]},{\"@type\":\"WebSite\",\"@id\":\"https:\\\/\\\/vmsport.fi\\\/#website\",\"url\":\"https:\\\/\\\/vmsport.fi\\\/\",\"name\":\"Vmsport\",\"description\":\"Kaikki py\u00f6r\u00e4ilyyn yhdest\u00e4 paikasta\",\"publisher\":{\"@id\":\"https:\\\/\\\/vmsport.fi\\\/#organization\"},\"potentialAction\":[{\"@type\":\"SearchAction\",\"target\":{\"@type\":\"EntryPoint\",\"urlTemplate\":\"https:\\\/\\\/vmsport.fi\\\/?s={search_term_string}\"},\"query-input\":{\"@type\":\"PropertyValueSpecification\",\"valueRequired\":true,\"valueName\":\"search_term_string\"}}],\"inLanguage\":\"sv-SE\"},{\"@type\":\"Organization\",\"@id\":\"https:\\\/\\\/vmsport.fi\\\/#organization\",\"name\":\"Vmsport\",\"url\":\"https:\\\/\\\/vmsport.fi\\\/\",\"logo\":{\"@type\":\"ImageObject\",\"inLanguage\":\"sv-SE\",\"@id\":\"https:\\\/\\\/vmsport.fi\\\/#\\\/schema\\\/logo\\\/image\\\/\",\"url\":\"https:\\\/\\\/vmsport.fi\\\/wp-content\\\/uploads\\\/2024\\\/12\\\/vm_sport_RGB_horisontal-e1734526017575.png\",\"contentUrl\":\"https:\\\/\\\/vmsport.fi\\\/wp-content\\\/uploads\\\/2024\\\/12\\\/vm_sport_RGB_horisontal-e1734526017575.png\",\"width\":668,\"height\":85,\"caption\":\"Vmsport\"},\"image\":{\"@id\":\"https:\\\/\\\/vmsport.fi\\\/#\\\/schema\\\/logo\\\/image\\\/\"},\"sameAs\":[\"https:\\\/\\\/www.facebook.com\\\/Vmsport.fi\\\/\",\"https:\\\/\\\/www.instagram.com\\\/vmsport\\\/\"]}]}<\/script>\n<!-- \/ Yoast SEO plugin. -->","yoast_head_json":{"title":"SKS Smartphone-skydd Skydd f\u00f6r iPhone 13 Pro Max - VM Sport","robots":{"index":"index","follow":"follow","max-snippet":"max-snippet:-1","max-image-preview":"max-image-preview:large","max-video-preview":"max-video-preview:-1"},"canonical":"https:\/\/vmsport.fi\/sv\/webbutik\/tillbehor\/kordatorer-och-utbildningshjalpmedel\/korning-av-datorer\/sks-smartphone-skydd-skydd-iphone-13-pro-max\/","og_locale":"sv_SE","og_type":"article","og_title":"SKS Smartphone Cover Cover iPhone 13 Pro Max - VM Sport","og_description":"SKS-\u00e4lypuhelimen suoja on muotoiltu erityisesti iPhone 13 Pro Maxille, tarjoten luotettavaa suojaa tinkim\u00e4tt\u00e4 laitteen tyylikkyydest\u00e4. T\u00e4m\u00e4 suojakuori on erinomainen lis\u00e4varuste puhelimelle, joka suojaa sit\u00e4 tehokkaasti p\u00e4ivitt\u00e4isilt\u00e4 kolhuilta ja naarmuilta. Suunnittelussa on panostettu k\u00e4ytt\u00f6mukavuuteen, joten puhelinta on vaivatonta k\u00e4sitell\u00e4. Kest\u00e4v\u00e4 materiaali varmistaa, ett\u00e4 suoja on pitk\u00e4ik\u00e4inen ja tarjoaa parhaan mahdollisen suojan arvokkaalle laitteellesi. Jos harkitset puhelimesi [...]L\u00e4s mer \u2026 from SKS Smartphone Cover Cover iPhone 13 Pro Max","og_url":"https:\/\/vmsport.fi\/sv\/webbutik\/tillbehor\/kordatorer-och-utbildningshjalpmedel\/korning-av-datorer\/sks-smartphone-skydd-skydd-iphone-13-pro-max\/","og_site_name":"VM Sport","article_publisher":"https:\/\/www.facebook.com\/Vmsport.fi\/","article_modified_time":"2026-01-16T11:22:28+00:00","og_image":[{"width":800,"height":800,"url":"https:\/\/vmsport.fi\/wp-content\/uploads\/2025\/03\/KgdZFFlfQLEkYXGMq95cUzKEBXJZLllUbIYGtfDoncfgCZrWZT-1.jpg","type":"image\/jpeg"}],"twitter_card":"summary_large_image","schema":{"@context":"https:\/\/schema.org","@graph":[{"@type":["WebPage","ItemPage"],"@id":"https:\/\/vmsport.fi\/verkkokauppa\/tarvikkeet\/ajotietokoneet-ja-harjoitusvastukset\/ajotietokoneet\/sks-smartphone-cover-cover-iphone-13-pro-max\/","url":"https:\/\/vmsport.fi\/verkkokauppa\/tarvikkeet\/ajotietokoneet-ja-harjoitusvastukset\/ajotietokoneet\/sks-smartphone-cover-cover-iphone-13-pro-max\/","name":"SKS Smartphone-skydd Skydd f\u00f6r iPhone 13 Pro Max - VM Sport","isPartOf":{"@id":"https:\/\/vmsport.fi\/#website"},"primaryImageOfPage":{"@id":"https:\/\/vmsport.fi\/verkkokauppa\/tarvikkeet\/ajotietokoneet-ja-harjoitusvastukset\/ajotietokoneet\/sks-smartphone-cover-cover-iphone-13-pro-max\/#primaryimage"},"image":{"@id":"https:\/\/vmsport.fi\/verkkokauppa\/tarvikkeet\/ajotietokoneet-ja-harjoitusvastukset\/ajotietokoneet\/sks-smartphone-cover-cover-iphone-13-pro-max\/#primaryimage"},"thumbnailUrl":"https:\/\/vmsport.fi\/wp-content\/uploads\/2025\/03\/KgdZFFlfQLEkYXGMq95cUzKEBXJZLllUbIYGtfDoncfgCZrWZT-1.jpg","datePublished":"2025-03-05T21:44:55+00:00","dateModified":"2026-01-16T11:22:28+00:00","breadcrumb":{"@id":"https:\/\/vmsport.fi\/verkkokauppa\/tarvikkeet\/ajotietokoneet-ja-harjoitusvastukset\/ajotietokoneet\/sks-smartphone-cover-cover-iphone-13-pro-max\/#breadcrumb"},"inLanguage":"sv-SE","potentialAction":[{"@type":"ReadAction","target":["https:\/\/vmsport.fi\/verkkokauppa\/tarvikkeet\/ajotietokoneet-ja-harjoitusvastukset\/ajotietokoneet\/sks-smartphone-cover-cover-iphone-13-pro-max\/"]}]},{"@type":"ImageObject","inLanguage":"sv-SE","@id":"https:\/\/vmsport.fi\/verkkokauppa\/tarvikkeet\/ajotietokoneet-ja-harjoitusvastukset\/ajotietokoneet\/sks-smartphone-cover-cover-iphone-13-pro-max\/#primaryimage","url":"https:\/\/vmsport.fi\/wp-content\/uploads\/2025\/03\/KgdZFFlfQLEkYXGMq95cUzKEBXJZLllUbIYGtfDoncfgCZrWZT-1.jpg","contentUrl":"https:\/\/vmsport.fi\/wp-content\/uploads\/2025\/03\/KgdZFFlfQLEkYXGMq95cUzKEBXJZLllUbIYGtfDoncfgCZrWZT-1.jpg","width":800,"height":800,"caption":"KgdZFFlfQLEkYXGMq95cUzKEBXJZLllUbIYGtfDoncfgCZrWZT"},{"@type":"BreadcrumbList","@id":"https:\/\/vmsport.fi\/verkkokauppa\/tarvikkeet\/ajotietokoneet-ja-harjoitusvastukset\/ajotietokoneet\/sks-smartphone-cover-cover-iphone-13-pro-max\/#breadcrumb","itemListElement":[{"@type":"ListItem","position":1,"name":"Etusivu","item":"https:\/\/vmsport.fi\/"},{"@type":"ListItem","position":2,"name":"Online Store","item":"https:\/\/vmsport.fi\/en\/online-store\/"},{"@type":"ListItem","position":3,"name":"SKS Smartphone Cover Cover iPhone 13 Pro Max"}]},{"@type":"WebSite","@id":"https:\/\/vmsport.fi\/#website","url":"https:\/\/vmsport.fi\/","name":"Vmsport","description":"Allt p\u00e5 ett st\u00e4lle f\u00f6r cykling","publisher":{"@id":"https:\/\/vmsport.fi\/#organization"},"potentialAction":[{"@type":"SearchAction","target":{"@type":"EntryPoint","urlTemplate":"https:\/\/vmsport.fi\/?s={search_term_string}"},"query-input":{"@type":"PropertyValueSpecification","valueRequired":true,"valueName":"search_term_string"}}],"inLanguage":"sv-SE"},{"@type":"Organization","@id":"https:\/\/vmsport.fi\/#organization","name":"Vmsport","url":"https:\/\/vmsport.fi\/","logo":{"@type":"ImageObject","inLanguage":"sv-SE","@id":"https:\/\/vmsport.fi\/#\/schema\/logo\/image\/","url":"https:\/\/vmsport.fi\/wp-content\/uploads\/2024\/12\/vm_sport_RGB_horisontal-e1734526017575.png","contentUrl":"https:\/\/vmsport.fi\/wp-content\/uploads\/2024\/12\/vm_sport_RGB_horisontal-e1734526017575.png","width":668,"height":85,"caption":"Vmsport"},"image":{"@id":"https:\/\/vmsport.fi\/#\/schema\/logo\/image\/"},"sameAs":["https:\/\/www.facebook.com\/Vmsport.fi\/","https:\/\/www.instagram.com\/vmsport\/"]}]}},"global_unique_id":"","_links":{"self":[{"href":"https:\/\/vmsport.fi\/sv\/wp-json\/wp\/v2\/product\/53764","targetHints":{"allow":["GET"]}}],"collection":[{"href":"https:\/\/vmsport.fi\/sv\/wp-json\/wp\/v2\/product"}],"about":[{"href":"https:\/\/vmsport.fi\/sv\/wp-json\/wp\/v2\/types\/product"}],"replies":[{"embeddable":true,"href":"https:\/\/vmsport.fi\/sv\/wp-json\/wp\/v2\/comments?post=53764"}],"wp:featuredmedia":[{"embeddable":true,"href":"https:\/\/vmsport.fi\/sv\/wp-json\/wp\/v2\/media\/53763"}],"wp:attachment":[{"href":"https:\/\/vmsport.fi\/sv\/wp-json\/wp\/v2\/media?parent=53764"}],"wp:term":[{"taxonomy":"product_brand","embeddable":true,"href":"https:\/\/vmsport.fi\/sv\/wp-json\/wp\/v2\/product_brand?post=53764"},{"taxonomy":"product_model","embeddable":true,"href":"https:\/\/vmsport.fi\/sv\/wp-json\/wp\/v2\/product_model?post=53764"},{"taxonomy":"product_cat","embeddable":true,"href":"https:\/\/vmsport.fi\/sv\/wp-json\/wp\/v2\/product_cat?post=53764"},{"taxonomy":"product_tag","embeddable":true,"href":"https:\/\/vmsport.fi\/sv\/wp-json\/wp\/v2\/product_tag?post=53764"},{"taxonomy":"industry_terminology","embeddable":true,"href":"https:\/\/vmsport.fi\/sv\/wp-json\/wp\/v2\/industry-terminology?post=53764"}],"curies":[{"name":"wp","href":"https:\/\/api.w.org\/{rel}","templated":true}]}}