{"id":53762,"date":"2025-03-05T23:44:54","date_gmt":"2025-03-05T21:44:54","guid":{"rendered":"https:\/\/vmsport.fi\/verkkokauppa\/Ei-luokiteltu\/orbea-rise-sl-h20-bumblebee-yellow-black-matt\/"},"modified":"2026-03-25T13:47:55","modified_gmt":"2026-03-25T11:47:55","slug":"orbea-rise-sl-h20-bumblebee-gul-svart-matt","status":"publish","type":"product","link":"https:\/\/vmsport.fi\/sv\/verkkokauppa\/polkupyorat\/sahkopyorat\/sahkomaastopyorat\/taysjousitetut-sahkomaastopyorat\/orbea-rise-sl-h20-bumblebee-yellow-black-matt\/","title":{"rendered":"Orbea Rise Sl H20 - Humlegul-svart (Matt)"},"content":{"rendered":"<p>Rise SL H20 kombinerar en Shimano EP600 RS-motor med en naturlig k\u00e4nsla, ett 630 Wh-batteri och en 140 mm Fox-fj\u00e4dring. Den avancerade ramkonstruktionen \u00e4r baserad p\u00e5 optimerad styvhet och smidiga svetsfogar, vilket f\u00f6rb\u00e4ttrar k\u00f6rk\u00e4nslan och h\u00e5llbarheten. Utrustad med Shimano XT\/SLX och Race Face-hjul.<\/p>","protected":false},"excerpt":{"rendered":"<p>Monipuolinen s\u00e4hk\u00f6t\u00e4ysjousitettu maastopy\u00f6r\u00e4, jossa tehokas moottori, suuri akku ja laadukkaat komponentit. [&#8230;]<\/p>\n<p><a class=\"btn btn-secondary understrap-read-more-link\" href=\"https:\/\/vmsport.fi\/sv\/verkkokauppa\/polkupyorat\/sahkopyorat\/sahkomaastopyorat\/taysjousitetut-sahkomaastopyorat\/orbea-rise-sl-h20-bumblebee-yellow-black-matt\/\">L\u00e4s mer \u2026<span class=\"screen-reader-text\"> from Orbea Rise Sl H20 &#8211; Bumblebee Yellow-Black (Matt)<\/span><\/a><\/p>\n","protected":false},"featured_media":53758,"comment_status":"open","ping_status":"closed","template":"","meta":{"_acf_changed":false,"_improvement_type_select":"improve_an_existing","_thumb_yes_seoaic":false,"_frame_yes_seoaic":false,"seoaic_generate_description":"","seoaic_improve_instructions_prompt":"","seoaic_rollback_content_improvement":"","seoaic_idea_thumbnail_generator":"","thumbnail_generated":false,"thumbnail_generate_prompt":"","seoaic_article_description":"","_supplier_stock_quantity":0},"product_brand":[1579],"product_model":[1570],"product_cat":[9406],"product_tag":[],"industry-terminology":[],"class_list":{"0":"post-53762","1":"product","2":"type-product","3":"status-publish","4":"has-post-thumbnail","6":"product_brand-orbea","7":"product_model-rise","8":"product_cat-taysjousitetut-sahkomaastopyorat","10":"first","11":"instock","12":"sale","13":"taxable","14":"shipping-taxable","15":"purchasable","16":"product-type-variable"},"acf":{"bike_features":[{"image":"https:\/\/www.orbea.com\/img\/technologies\/key_rise_sl25_1-polished-alloy.jpg","header":"High Polished Alloy","description":"Jokainen p\u00e4\u00e4kehyksen hitsaus on kiillotettu tyylikk\u00e4\u00e4ksi ja v\u00e4symisen kest\u00e4vyyden parantamiseksi korkean rasituksen kohdissa."},{"image":"https:\/\/www.orbea.com\/img\/technologies\/key_rise_sl25_2-tuned-rigidity.jpg","header":"S\u00e4\u00e4detty j\u00e4ykkyys - Parannettu hallinta","description":"Ep\u00e4symmetrinen runkorakenne varmistaa optimoidun j\u00e4ykkyyden kriittisill\u00e4 alueilla, parantaen hallintaa ja suorituskyky\u00e4."},{"image":"https:\/\/www.orbea.com\/img\/technologies\/key_rise_sl25_3-rs.jpg","header":"Rider Synergy - T\u00e4ydellinen integrointi","description":"RS-j\u00e4rjestelm\u00e4 varmistaa luonnollisen polkemisrytmin t\u00e4ydellisen yhdistelm\u00e4n ja s\u00e4hk\u00f6avun optimoidun k\u00e4yt\u00f6n."},{"image":"https:\/\/www.orbea.com\/img\/technologies\/key_rise_sl25_4-steep-ndeep.jpg","header":"Laajennettu hissitolppayhteensopivuus","description":"Mahdollistaa laajan satula-asentojen vaihteluv\u00e4lin tarjoten py\u00f6r\u00e4ilij\u00f6ille vertaansa vailla olevaa sopeutumiskyky\u00e4 ja hallintaa alam\u00e4iss\u00e4."},{"image":"https:\/\/www.orbea.com\/img\/technologies\/key_rise_sl25_5-further-faster.jpg","header":"Vaivaton tehokkuus","description":"Toisen sukupolven RS-apu optimoi akun keston kalibroimalla sen k\u00e4ytt\u00e4j\u00e4n tarpeisiin saumattomasti."}],"overview":{"copy_overview":[{"overview":"Orbea Rise Sl H20 esittelee poikkeuksellisen taitavaa k\u00e4sity\u00f6t\u00e4 High Polished Alloy -rungollaan, joka tarjoaa paitsi ulkon\u00e4k\u00f6\u00e4 my\u00f6s vahvistettua kest\u00e4vyytt\u00e4."},{"overview":"Ep\u00e4symmetrinen runkorakenne on hiottu t\u00e4ydelliseksi py\u00f6r\u00e4ilij\u00f6ille, jotka vaativat ennustettavaa ja tarkkaa suorituskyky\u00e4 haastavilla poluilla."},{"overview":"Kuuluisa Rider Synergy -j\u00e4rjestelm\u00e4 tarjoaa vertaansa vailla olevan tehon ja k\u00e4ytt\u00e4j\u00e4n voiman yhdistelm\u00e4n."},{"overview":"Varustettu toisen sukupolven Shimanon moottoriteknologialla, jokainen matka muuttuu intuitiiviseksi ja ketter\u00e4ksi kokemukseksi."},{"overview":"Huomio yksityiskohtiin, kuten laajennettavat hissitolpat, varmistaa mukavuuden ja hallinnan."}],"key_features":[{"feature":"Laadukas High Polished Alloy -runko kest\u00e4vyyteen ja esteettisyyteen"},{"feature":"Ep\u00e4symmetrinen runko tarkkaan suorituskyvyn s\u00e4\u00e4t\u00f6\u00f6n"},{"feature":"Ainutlaatuinen Rider Synergy -j\u00e4rjestelm\u00e4 luonnolliseen ja tehokkaaseen apuun"},{"feature":"Toisen sukupolven Shimano EP600 -moottori luotettavuuteen ja hallittavuuteen"},{"feature":"230 mm yhteensopiva hissitolppa optimaaliseen ajomukavuuteen"}],"statement":"Orbea Rise Sl H20 m\u00e4\u00e4rittelee kevyet s\u00e4hk\u00f6maastopy\u00f6r\u00e4t uudelleen edistyneell\u00e4 runkomuotoilulla ja suorituskykykeski\u00f6ss\u00e4 olevilla teknologioilla.","youtube_url":""}},"yoast_head":"<!-- This site is optimized with the Yoast SEO plugin v27.3 - https:\/\/yoast.com\/product\/yoast-seo-wordpress\/ -->\n<title>Orbea Rise Sl H20 - Bumblebee Yellow-Black (Matt) - VM Sport<\/title>\n<meta name=\"robots\" content=\"index, follow, max-snippet:-1, max-image-preview:large, max-video-preview:-1\" \/>\n<link rel=\"canonical\" href=\"https:\/\/vmsport.fi\/sv\/webbutik\/cyklar\/sahkopyorat\/sagverksskorsten\/sagverksborrmaskiner-med-vagfjadrar\/orbea-rise-sl-h20-bumblebee-gul-svart-matt\/\" \/>\n<meta property=\"og:locale\" content=\"sv_SE\" \/>\n<meta property=\"og:type\" content=\"article\" \/>\n<meta property=\"og:title\" content=\"Orbea Rise Sl H20 - Bumblebee Yellow-Black (Matt) - VM Sport\" \/>\n<meta property=\"og:description\" content=\"Monipuolinen s\u00e4hk\u00f6t\u00e4ysjousitettu maastopy\u00f6r\u00e4, jossa tehokas moottori, suuri akku ja laadukkaat komponentit. [...]L\u00e4s mer \u2026 from Orbea Rise Sl H20 &#8211; Bumblebee Yellow-Black (Matt)\" \/>\n<meta property=\"og:url\" content=\"https:\/\/vmsport.fi\/sv\/webbutik\/cyklar\/sahkopyorat\/sagverksskorsten\/sagverksborrmaskiner-med-vagfjadrar\/orbea-rise-sl-h20-bumblebee-gul-svart-matt\/\" \/>\n<meta property=\"og:site_name\" content=\"VM Sport\" \/>\n<meta property=\"article:publisher\" content=\"https:\/\/www.facebook.com\/Vmsport.fi\/\" \/>\n<meta property=\"article:modified_time\" content=\"2026-03-25T11:47:55+00:00\" \/>\n<meta property=\"og:image\" content=\"https:\/\/vmsport.fi\/wp-content\/uploads\/2025\/03\/mEre0IG60bog5ND6BgPvxTmjA7F6EXs9sOklra6EXeIDMWY3iJ-1.jpg\" \/>\n\t<meta property=\"og:image:width\" content=\"1000\" \/>\n\t<meta property=\"og:image:height\" content=\"864\" \/>\n\t<meta property=\"og:image:type\" content=\"image\/jpeg\" \/>\n<meta name=\"twitter:card\" content=\"summary_large_image\" \/>\n<meta name=\"twitter:label1\" content=\"Ber\u00e4knad l\u00e4stid\" \/>\n\t<meta name=\"twitter:data1\" content=\"2 minuter\" \/>\n<script type=\"application\/ld+json\" class=\"yoast-schema-graph\">{\"@context\":\"https:\\\/\\\/schema.org\",\"@graph\":[{\"@type\":[\"WebPage\",\"ItemPage\"],\"@id\":\"https:\\\/\\\/vmsport.fi\\\/verkkokauppa\\\/polkupyorat\\\/sahkopyorat\\\/sahkomaastopyorat\\\/taysjousitetut-sahkomaastopyorat\\\/orbea-rise-sl-h20-bumblebee-yellow-black-matt\\\/\",\"url\":\"https:\\\/\\\/vmsport.fi\\\/verkkokauppa\\\/polkupyorat\\\/sahkopyorat\\\/sahkomaastopyorat\\\/taysjousitetut-sahkomaastopyorat\\\/orbea-rise-sl-h20-bumblebee-yellow-black-matt\\\/\",\"name\":\"Orbea Rise Sl H20 - Bumblebee Yellow-Black (Matt) - VM Sport\",\"isPartOf\":{\"@id\":\"https:\\\/\\\/vmsport.fi\\\/#website\"},\"primaryImageOfPage\":{\"@id\":\"https:\\\/\\\/vmsport.fi\\\/verkkokauppa\\\/polkupyorat\\\/sahkopyorat\\\/sahkomaastopyorat\\\/taysjousitetut-sahkomaastopyorat\\\/orbea-rise-sl-h20-bumblebee-yellow-black-matt\\\/#primaryimage\"},\"image\":{\"@id\":\"https:\\\/\\\/vmsport.fi\\\/verkkokauppa\\\/polkupyorat\\\/sahkopyorat\\\/sahkomaastopyorat\\\/taysjousitetut-sahkomaastopyorat\\\/orbea-rise-sl-h20-bumblebee-yellow-black-matt\\\/#primaryimage\"},\"thumbnailUrl\":\"https:\\\/\\\/vmsport.fi\\\/wp-content\\\/uploads\\\/2025\\\/03\\\/mEre0IG60bog5ND6BgPvxTmjA7F6EXs9sOklra6EXeIDMWY3iJ-1.jpg\",\"datePublished\":\"2025-03-05T21:44:54+00:00\",\"dateModified\":\"2026-03-25T11:47:55+00:00\",\"breadcrumb\":{\"@id\":\"https:\\\/\\\/vmsport.fi\\\/verkkokauppa\\\/polkupyorat\\\/sahkopyorat\\\/sahkomaastopyorat\\\/taysjousitetut-sahkomaastopyorat\\\/orbea-rise-sl-h20-bumblebee-yellow-black-matt\\\/#breadcrumb\"},\"inLanguage\":\"sv-SE\",\"potentialAction\":[{\"@type\":\"ReadAction\",\"target\":[\"https:\\\/\\\/vmsport.fi\\\/verkkokauppa\\\/polkupyorat\\\/sahkopyorat\\\/sahkomaastopyorat\\\/taysjousitetut-sahkomaastopyorat\\\/orbea-rise-sl-h20-bumblebee-yellow-black-matt\\\/\"]}]},{\"@type\":\"ImageObject\",\"inLanguage\":\"sv-SE\",\"@id\":\"https:\\\/\\\/vmsport.fi\\\/verkkokauppa\\\/polkupyorat\\\/sahkopyorat\\\/sahkomaastopyorat\\\/taysjousitetut-sahkomaastopyorat\\\/orbea-rise-sl-h20-bumblebee-yellow-black-matt\\\/#primaryimage\",\"url\":\"https:\\\/\\\/vmsport.fi\\\/wp-content\\\/uploads\\\/2025\\\/03\\\/mEre0IG60bog5ND6BgPvxTmjA7F6EXs9sOklra6EXeIDMWY3iJ-1.jpg\",\"contentUrl\":\"https:\\\/\\\/vmsport.fi\\\/wp-content\\\/uploads\\\/2025\\\/03\\\/mEre0IG60bog5ND6BgPvxTmjA7F6EXs9sOklra6EXeIDMWY3iJ-1.jpg\",\"width\":1000,\"height\":864,\"caption\":\"mEre0IG60bog5ND6BgPvxTmjA7F6EXs9sOklra6EXeIDMWY3iJ\"},{\"@type\":\"BreadcrumbList\",\"@id\":\"https:\\\/\\\/vmsport.fi\\\/verkkokauppa\\\/polkupyorat\\\/sahkopyorat\\\/sahkomaastopyorat\\\/taysjousitetut-sahkomaastopyorat\\\/orbea-rise-sl-h20-bumblebee-yellow-black-matt\\\/#breadcrumb\",\"itemListElement\":[{\"@type\":\"ListItem\",\"position\":1,\"name\":\"Etusivu\",\"item\":\"https:\\\/\\\/vmsport.fi\\\/\"},{\"@type\":\"ListItem\",\"position\":2,\"name\":\"Online Store\",\"item\":\"https:\\\/\\\/vmsport.fi\\\/en\\\/online-store\\\/\"},{\"@type\":\"ListItem\",\"position\":3,\"name\":\"Orbea polkupy\u00f6r\u00e4t\",\"item\":\"https:\\\/\\\/vmsport.fi\\\/sv\\\/merkki\\\/orbea\\\/\"},{\"@type\":\"ListItem\",\"position\":4,\"name\":\"Orbea Rise Sl H20 &#8211; Bumblebee Yellow-Black (Matt)\"}]},{\"@type\":\"WebSite\",\"@id\":\"https:\\\/\\\/vmsport.fi\\\/#website\",\"url\":\"https:\\\/\\\/vmsport.fi\\\/\",\"name\":\"Vmsport\",\"description\":\"Kaikki py\u00f6r\u00e4ilyyn yhdest\u00e4 paikasta\",\"publisher\":{\"@id\":\"https:\\\/\\\/vmsport.fi\\\/#organization\"},\"potentialAction\":[{\"@type\":\"SearchAction\",\"target\":{\"@type\":\"EntryPoint\",\"urlTemplate\":\"https:\\\/\\\/vmsport.fi\\\/?s={search_term_string}\"},\"query-input\":{\"@type\":\"PropertyValueSpecification\",\"valueRequired\":true,\"valueName\":\"search_term_string\"}}],\"inLanguage\":\"sv-SE\"},{\"@type\":\"Organization\",\"@id\":\"https:\\\/\\\/vmsport.fi\\\/#organization\",\"name\":\"Vmsport\",\"url\":\"https:\\\/\\\/vmsport.fi\\\/\",\"logo\":{\"@type\":\"ImageObject\",\"inLanguage\":\"sv-SE\",\"@id\":\"https:\\\/\\\/vmsport.fi\\\/#\\\/schema\\\/logo\\\/image\\\/\",\"url\":\"https:\\\/\\\/vmsport.fi\\\/wp-content\\\/uploads\\\/2024\\\/12\\\/vm_sport_RGB_horisontal-e1734526017575.png\",\"contentUrl\":\"https:\\\/\\\/vmsport.fi\\\/wp-content\\\/uploads\\\/2024\\\/12\\\/vm_sport_RGB_horisontal-e1734526017575.png\",\"width\":668,\"height\":85,\"caption\":\"Vmsport\"},\"image\":{\"@id\":\"https:\\\/\\\/vmsport.fi\\\/#\\\/schema\\\/logo\\\/image\\\/\"},\"sameAs\":[\"https:\\\/\\\/www.facebook.com\\\/Vmsport.fi\\\/\",\"https:\\\/\\\/www.instagram.com\\\/vmsport\\\/\"]}]}<\/script>\n<!-- \/ Yoast SEO plugin. -->","yoast_head_json":{"title":"Orbea Rise Sl H20 - Humlegul-Svart (Matt) - VM Sport","robots":{"index":"index","follow":"follow","max-snippet":"max-snippet:-1","max-image-preview":"max-image-preview:large","max-video-preview":"max-video-preview:-1"},"canonical":"https:\/\/vmsport.fi\/sv\/webbutik\/cyklar\/sahkopyorat\/sagverksskorsten\/sagverksborrmaskiner-med-vagfjadrar\/orbea-rise-sl-h20-bumblebee-gul-svart-matt\/","og_locale":"sv_SE","og_type":"article","og_title":"Orbea Rise Sl H20 - Bumblebee Yellow-Black (Matt) - VM Sport","og_description":"Monipuolinen s\u00e4hk\u00f6t\u00e4ysjousitettu maastopy\u00f6r\u00e4, jossa tehokas moottori, suuri akku ja laadukkaat komponentit. [...]L\u00e4s mer \u2026 from Orbea Rise Sl H20 &#8211; Bumblebee Yellow-Black (Matt)","og_url":"https:\/\/vmsport.fi\/sv\/webbutik\/cyklar\/sahkopyorat\/sagverksskorsten\/sagverksborrmaskiner-med-vagfjadrar\/orbea-rise-sl-h20-bumblebee-gul-svart-matt\/","og_site_name":"VM Sport","article_publisher":"https:\/\/www.facebook.com\/Vmsport.fi\/","article_modified_time":"2026-03-25T11:47:55+00:00","og_image":[{"width":1000,"height":864,"url":"https:\/\/vmsport.fi\/wp-content\/uploads\/2025\/03\/mEre0IG60bog5ND6BgPvxTmjA7F6EXs9sOklra6EXeIDMWY3iJ-1.jpg","type":"image\/jpeg"}],"twitter_card":"summary_large_image","twitter_misc":{"Ber\u00e4knad l\u00e4stid":"2 minuter"},"schema":{"@context":"https:\/\/schema.org","@graph":[{"@type":["WebPage","ItemPage"],"@id":"https:\/\/vmsport.fi\/verkkokauppa\/polkupyorat\/sahkopyorat\/sahkomaastopyorat\/taysjousitetut-sahkomaastopyorat\/orbea-rise-sl-h20-bumblebee-yellow-black-matt\/","url":"https:\/\/vmsport.fi\/verkkokauppa\/polkupyorat\/sahkopyorat\/sahkomaastopyorat\/taysjousitetut-sahkomaastopyorat\/orbea-rise-sl-h20-bumblebee-yellow-black-matt\/","name":"Orbea Rise Sl H20 - Humlegul-Svart (Matt) - VM Sport","isPartOf":{"@id":"https:\/\/vmsport.fi\/#website"},"primaryImageOfPage":{"@id":"https:\/\/vmsport.fi\/verkkokauppa\/polkupyorat\/sahkopyorat\/sahkomaastopyorat\/taysjousitetut-sahkomaastopyorat\/orbea-rise-sl-h20-bumblebee-yellow-black-matt\/#primaryimage"},"image":{"@id":"https:\/\/vmsport.fi\/verkkokauppa\/polkupyorat\/sahkopyorat\/sahkomaastopyorat\/taysjousitetut-sahkomaastopyorat\/orbea-rise-sl-h20-bumblebee-yellow-black-matt\/#primaryimage"},"thumbnailUrl":"https:\/\/vmsport.fi\/wp-content\/uploads\/2025\/03\/mEre0IG60bog5ND6BgPvxTmjA7F6EXs9sOklra6EXeIDMWY3iJ-1.jpg","datePublished":"2025-03-05T21:44:54+00:00","dateModified":"2026-03-25T11:47:55+00:00","breadcrumb":{"@id":"https:\/\/vmsport.fi\/verkkokauppa\/polkupyorat\/sahkopyorat\/sahkomaastopyorat\/taysjousitetut-sahkomaastopyorat\/orbea-rise-sl-h20-bumblebee-yellow-black-matt\/#breadcrumb"},"inLanguage":"sv-SE","potentialAction":[{"@type":"ReadAction","target":["https:\/\/vmsport.fi\/verkkokauppa\/polkupyorat\/sahkopyorat\/sahkomaastopyorat\/taysjousitetut-sahkomaastopyorat\/orbea-rise-sl-h20-bumblebee-yellow-black-matt\/"]}]},{"@type":"ImageObject","inLanguage":"sv-SE","@id":"https:\/\/vmsport.fi\/verkkokauppa\/polkupyorat\/sahkopyorat\/sahkomaastopyorat\/taysjousitetut-sahkomaastopyorat\/orbea-rise-sl-h20-bumblebee-yellow-black-matt\/#primaryimage","url":"https:\/\/vmsport.fi\/wp-content\/uploads\/2025\/03\/mEre0IG60bog5ND6BgPvxTmjA7F6EXs9sOklra6EXeIDMWY3iJ-1.jpg","contentUrl":"https:\/\/vmsport.fi\/wp-content\/uploads\/2025\/03\/mEre0IG60bog5ND6BgPvxTmjA7F6EXs9sOklra6EXeIDMWY3iJ-1.jpg","width":1000,"height":864,"caption":"mEre0IG60bog5ND6BgPvxTmjA7F6EXs9sOklra6EXeIDMWY3iJ"},{"@type":"BreadcrumbList","@id":"https:\/\/vmsport.fi\/verkkokauppa\/polkupyorat\/sahkopyorat\/sahkomaastopyorat\/taysjousitetut-sahkomaastopyorat\/orbea-rise-sl-h20-bumblebee-yellow-black-matt\/#breadcrumb","itemListElement":[{"@type":"ListItem","position":1,"name":"Etusivu","item":"https:\/\/vmsport.fi\/"},{"@type":"ListItem","position":2,"name":"Online Store","item":"https:\/\/vmsport.fi\/en\/online-store\/"},{"@type":"ListItem","position":3,"name":"Orbea polkupy\u00f6r\u00e4t","item":"https:\/\/vmsport.fi\/sv\/merkki\/orbea\/"},{"@type":"ListItem","position":4,"name":"Orbea Rise Sl H20 &#8211; Bumblebee Yellow-Black (Matt)"}]},{"@type":"WebSite","@id":"https:\/\/vmsport.fi\/#website","url":"https:\/\/vmsport.fi\/","name":"Vmsport","description":"Allt p\u00e5 ett st\u00e4lle f\u00f6r cykling","publisher":{"@id":"https:\/\/vmsport.fi\/#organization"},"potentialAction":[{"@type":"SearchAction","target":{"@type":"EntryPoint","urlTemplate":"https:\/\/vmsport.fi\/?s={search_term_string}"},"query-input":{"@type":"PropertyValueSpecification","valueRequired":true,"valueName":"search_term_string"}}],"inLanguage":"sv-SE"},{"@type":"Organization","@id":"https:\/\/vmsport.fi\/#organization","name":"Vmsport","url":"https:\/\/vmsport.fi\/","logo":{"@type":"ImageObject","inLanguage":"sv-SE","@id":"https:\/\/vmsport.fi\/#\/schema\/logo\/image\/","url":"https:\/\/vmsport.fi\/wp-content\/uploads\/2024\/12\/vm_sport_RGB_horisontal-e1734526017575.png","contentUrl":"https:\/\/vmsport.fi\/wp-content\/uploads\/2024\/12\/vm_sport_RGB_horisontal-e1734526017575.png","width":668,"height":85,"caption":"Vmsport"},"image":{"@id":"https:\/\/vmsport.fi\/#\/schema\/logo\/image\/"},"sameAs":["https:\/\/www.facebook.com\/Vmsport.fi\/","https:\/\/www.instagram.com\/vmsport\/"]}]}},"global_unique_id":"","_links":{"self":[{"href":"https:\/\/vmsport.fi\/sv\/wp-json\/wp\/v2\/product\/53762","targetHints":{"allow":["GET"]}}],"collection":[{"href":"https:\/\/vmsport.fi\/sv\/wp-json\/wp\/v2\/product"}],"about":[{"href":"https:\/\/vmsport.fi\/sv\/wp-json\/wp\/v2\/types\/product"}],"replies":[{"embeddable":true,"href":"https:\/\/vmsport.fi\/sv\/wp-json\/wp\/v2\/comments?post=53762"}],"wp:featuredmedia":[{"embeddable":true,"href":"https:\/\/vmsport.fi\/sv\/wp-json\/wp\/v2\/media\/53758"}],"wp:attachment":[{"href":"https:\/\/vmsport.fi\/sv\/wp-json\/wp\/v2\/media?parent=53762"}],"wp:term":[{"taxonomy":"product_brand","embeddable":true,"href":"https:\/\/vmsport.fi\/sv\/wp-json\/wp\/v2\/product_brand?post=53762"},{"taxonomy":"product_model","embeddable":true,"href":"https:\/\/vmsport.fi\/sv\/wp-json\/wp\/v2\/product_model?post=53762"},{"taxonomy":"product_cat","embeddable":true,"href":"https:\/\/vmsport.fi\/sv\/wp-json\/wp\/v2\/product_cat?post=53762"},{"taxonomy":"product_tag","embeddable":true,"href":"https:\/\/vmsport.fi\/sv\/wp-json\/wp\/v2\/product_tag?post=53762"},{"taxonomy":"industry_terminology","embeddable":true,"href":"https:\/\/vmsport.fi\/sv\/wp-json\/wp\/v2\/industry-terminology?post=53762"}],"curies":[{"name":"wp","href":"https:\/\/api.w.org\/{rel}","templated":true}]}}