{"id":53752,"date":"2025-03-05T23:44:49","date_gmt":"2025-03-05T21:44:49","guid":{"rendered":"https:\/\/vmsport.fi\/verkkokauppa\/Ei-luokiteltu\/scott-trail-tr-belt\/"},"modified":"2026-04-22T15:05:52","modified_gmt":"2026-04-22T12:05:52","slug":"scott-trail-tr-balte","status":"publish","type":"product","link":"https:\/\/vmsport.fi\/sv\/verkkokauppa\/tarvikkeet\/laukut\/scott-trail-tr-belt\/","title":{"rendered":"SCOTT TRAIL TR\u2019 B\u00c4LTE"},"content":{"rendered":"<p>SCOTT TRAIL TR Belt \u00e4r utformat f\u00f6r aktiv jogging och ger optimal v\u00e4tske- och energitillf\u00f6rsel under tr\u00e4ning och t\u00e4vling. Den kompakta designen ger stabilitet under r\u00f6relse och minimerar obehag. B\u00e4ltet har noggrant placerade fickor f\u00f6r snabb och enkel \u00e5tkomst till geler och v\u00e4tskeflaskor. Den h\u00e4r systematiska f\u00f6rvaringsl\u00f6sningen f\u00f6rb\u00e4ttrar l\u00f6parens prestation genom att h\u00e5lla allt du beh\u00f6ver inom r\u00e4ckh\u00e5ll. Oavsett om du tr\u00e4nar eller t\u00e4vlar \u00e4r b\u00e4ltet en utm\u00e4rkt l\u00f6sning p\u00e5 dina tr\u00e4ningsbehov, eftersom det \u00e4r s\u00e4rskilt utformat f\u00f6r att s\u00e4kerst\u00e4lla enkel r\u00f6relse och komfort under m\u00e5nga olika f\u00f6rh\u00e5llanden.<\/p>","protected":false},"excerpt":{"rendered":"<p>SCOTT TRAIL TR Belt on suunniteltu aktiiviseen lenkkeilyyn, tarjoten optimaalista nesteytyst\u00e4 ja energiaa harjoitteluun ja kilpailemiseen. Sen tiivis muotoilu varmistaa vakauden liikkeen aikana ja minimoi ep\u00e4mukavuuden tunteen. Vy\u00f6ss\u00e4 on huolellisesti sijoitettuja taskuja, joiden ansiosta geeleihin ja pehmeisiin pulloihin p\u00e4\u00e4see helposti ja nopeasti k\u00e4siksi. T\u00e4m\u00e4 j\u00e4rjestelm\u00e4llinen s\u00e4ilytysratkaisu parantaa juoksijan suoritusta, koska kaikki tarvittava on aina ulottuvilla. [&#8230;]<\/p>\n<p><a class=\"btn btn-secondary understrap-read-more-link\" href=\"https:\/\/vmsport.fi\/sv\/verkkokauppa\/tarvikkeet\/laukut\/scott-trail-tr-belt\/\">L\u00e4s mer \u2026<span class=\"screen-reader-text\"> from SCOTT TRAIL TR&#8217; BELT<\/span><\/a><\/p>\n","protected":false},"featured_media":53751,"comment_status":"open","ping_status":"closed","template":"","meta":{"_acf_changed":false,"_improvement_type_select":"improve_an_existing","_thumb_yes_seoaic":false,"_frame_yes_seoaic":false,"seoaic_generate_description":"","seoaic_improve_instructions_prompt":"","seoaic_rollback_content_improvement":"","seoaic_idea_thumbnail_generator":"","thumbnail_generated":false,"thumbnail_generate_prompt":"","seoaic_article_description":"","_supplier_stock_quantity":0},"product_brand":[38],"product_model":[],"product_cat":[9298],"product_tag":[],"industry-terminology":[],"class_list":{"0":"post-53752","1":"product","2":"type-product","3":"status-publish","4":"has-post-thumbnail","6":"product_brand-scott","7":"product_cat-laukut","9":"first","10":"instock","11":"sale","12":"taxable","13":"shipping-taxable","14":"purchasable","15":"product-type-simple"},"acf":{"bike_features":null,"overview":{"copy_overview":null,"key_features":null,"statement":"","youtube_url":""}},"yoast_head":"<!-- This site is optimized with the Yoast SEO plugin v27.4 - https:\/\/yoast.com\/product\/yoast-seo-wordpress\/ -->\n<title>SCOTT TRAIL TR&#039; BELT - VM Sport<\/title>\n<meta name=\"robots\" content=\"index, follow, max-snippet:-1, max-image-preview:large, max-video-preview:-1\" \/>\n<link rel=\"canonical\" href=\"https:\/\/vmsport.fi\/sv\/webbutik\/tillbehor\/vaskor\/scott-trail-tr-balte\/\" \/>\n<meta property=\"og:locale\" content=\"sv_SE\" \/>\n<meta property=\"og:type\" content=\"article\" \/>\n<meta property=\"og:title\" content=\"SCOTT TRAIL TR&#039; BELT - VM Sport\" \/>\n<meta property=\"og:description\" content=\"SCOTT TRAIL TR Belt on suunniteltu aktiiviseen lenkkeilyyn, tarjoten optimaalista nesteytyst\u00e4 ja energiaa harjoitteluun ja kilpailemiseen. Sen tiivis muotoilu varmistaa vakauden liikkeen aikana ja minimoi ep\u00e4mukavuuden tunteen. Vy\u00f6ss\u00e4 on huolellisesti sijoitettuja taskuja, joiden ansiosta geeleihin ja pehmeisiin pulloihin p\u00e4\u00e4see helposti ja nopeasti k\u00e4siksi. T\u00e4m\u00e4 j\u00e4rjestelm\u00e4llinen s\u00e4ilytysratkaisu parantaa juoksijan suoritusta, koska kaikki tarvittava on aina ulottuvilla. [...]L\u00e4s mer \u2026 from SCOTT TRAIL TR&#8217; BELT\" \/>\n<meta property=\"og:url\" content=\"https:\/\/vmsport.fi\/sv\/webbutik\/tillbehor\/vaskor\/scott-trail-tr-balte\/\" \/>\n<meta property=\"og:site_name\" content=\"VM Sport\" \/>\n<meta property=\"article:publisher\" content=\"https:\/\/www.facebook.com\/Vmsport.fi\/\" \/>\n<meta property=\"article:modified_time\" content=\"2026-04-22T12:05:52+00:00\" \/>\n<meta property=\"og:image\" content=\"https:\/\/vmsport.fi\/wp-content\/uploads\/2025\/03\/4215-1-obrazek-1.jpg\" \/>\n\t<meta property=\"og:image:width\" content=\"1000\" \/>\n\t<meta property=\"og:image:height\" content=\"750\" \/>\n\t<meta property=\"og:image:type\" content=\"image\/jpeg\" \/>\n<meta name=\"twitter:card\" content=\"summary_large_image\" \/>\n<script type=\"application\/ld+json\" class=\"yoast-schema-graph\">{\"@context\":\"https:\\\/\\\/schema.org\",\"@graph\":[{\"@type\":[\"WebPage\",\"ItemPage\"],\"@id\":\"https:\\\/\\\/vmsport.fi\\\/verkkokauppa\\\/tarvikkeet\\\/laukut\\\/scott-trail-tr-belt\\\/\",\"url\":\"https:\\\/\\\/vmsport.fi\\\/verkkokauppa\\\/tarvikkeet\\\/laukut\\\/scott-trail-tr-belt\\\/\",\"name\":\"SCOTT TRAIL TR' BELT - VM Sport\",\"isPartOf\":{\"@id\":\"https:\\\/\\\/vmsport.fi\\\/#website\"},\"primaryImageOfPage\":{\"@id\":\"https:\\\/\\\/vmsport.fi\\\/verkkokauppa\\\/tarvikkeet\\\/laukut\\\/scott-trail-tr-belt\\\/#primaryimage\"},\"image\":{\"@id\":\"https:\\\/\\\/vmsport.fi\\\/verkkokauppa\\\/tarvikkeet\\\/laukut\\\/scott-trail-tr-belt\\\/#primaryimage\"},\"thumbnailUrl\":\"https:\\\/\\\/vmsport.fi\\\/wp-content\\\/uploads\\\/2025\\\/03\\\/4215-1-obrazek-1.jpg\",\"datePublished\":\"2025-03-05T21:44:49+00:00\",\"dateModified\":\"2026-04-22T12:05:52+00:00\",\"breadcrumb\":{\"@id\":\"https:\\\/\\\/vmsport.fi\\\/verkkokauppa\\\/tarvikkeet\\\/laukut\\\/scott-trail-tr-belt\\\/#breadcrumb\"},\"inLanguage\":\"sv-SE\",\"potentialAction\":[{\"@type\":\"ReadAction\",\"target\":[\"https:\\\/\\\/vmsport.fi\\\/verkkokauppa\\\/tarvikkeet\\\/laukut\\\/scott-trail-tr-belt\\\/\"]}]},{\"@type\":\"ImageObject\",\"inLanguage\":\"sv-SE\",\"@id\":\"https:\\\/\\\/vmsport.fi\\\/verkkokauppa\\\/tarvikkeet\\\/laukut\\\/scott-trail-tr-belt\\\/#primaryimage\",\"url\":\"https:\\\/\\\/vmsport.fi\\\/wp-content\\\/uploads\\\/2025\\\/03\\\/4215-1-obrazek-1.jpg\",\"contentUrl\":\"https:\\\/\\\/vmsport.fi\\\/wp-content\\\/uploads\\\/2025\\\/03\\\/4215-1-obrazek-1.jpg\",\"width\":1000,\"height\":750,\"caption\":\"4215-1-obrazek\"},{\"@type\":\"BreadcrumbList\",\"@id\":\"https:\\\/\\\/vmsport.fi\\\/verkkokauppa\\\/tarvikkeet\\\/laukut\\\/scott-trail-tr-belt\\\/#breadcrumb\",\"itemListElement\":[{\"@type\":\"ListItem\",\"position\":1,\"name\":\"Etusivu\",\"item\":\"https:\\\/\\\/vmsport.fi\\\/\"},{\"@type\":\"ListItem\",\"position\":2,\"name\":\"Online Store\",\"item\":\"https:\\\/\\\/vmsport.fi\\\/en\\\/online-store\\\/\"},{\"@type\":\"ListItem\",\"position\":3,\"name\":\"Scott\",\"item\":\"https:\\\/\\\/vmsport.fi\\\/merkki\\\/scott\\\/\"},{\"@type\":\"ListItem\",\"position\":4,\"name\":\"SCOTT TRAIL TR&#8217; BELT\"}]},{\"@type\":\"WebSite\",\"@id\":\"https:\\\/\\\/vmsport.fi\\\/#website\",\"url\":\"https:\\\/\\\/vmsport.fi\\\/\",\"name\":\"Vmsport\",\"description\":\"Kaikki py\u00f6r\u00e4ilyyn yhdest\u00e4 paikasta\",\"publisher\":{\"@id\":\"https:\\\/\\\/vmsport.fi\\\/#organization\"},\"potentialAction\":[{\"@type\":\"SearchAction\",\"target\":{\"@type\":\"EntryPoint\",\"urlTemplate\":\"https:\\\/\\\/vmsport.fi\\\/?s={search_term_string}\"},\"query-input\":{\"@type\":\"PropertyValueSpecification\",\"valueRequired\":true,\"valueName\":\"search_term_string\"}}],\"inLanguage\":\"sv-SE\"},{\"@type\":\"Organization\",\"@id\":\"https:\\\/\\\/vmsport.fi\\\/#organization\",\"name\":\"Vmsport\",\"url\":\"https:\\\/\\\/vmsport.fi\\\/\",\"logo\":{\"@type\":\"ImageObject\",\"inLanguage\":\"sv-SE\",\"@id\":\"https:\\\/\\\/vmsport.fi\\\/#\\\/schema\\\/logo\\\/image\\\/\",\"url\":\"https:\\\/\\\/vmsport.fi\\\/wp-content\\\/uploads\\\/2024\\\/12\\\/vm_sport_RGB_horisontal-e1734526017575.png\",\"contentUrl\":\"https:\\\/\\\/vmsport.fi\\\/wp-content\\\/uploads\\\/2024\\\/12\\\/vm_sport_RGB_horisontal-e1734526017575.png\",\"width\":668,\"height\":85,\"caption\":\"Vmsport\"},\"image\":{\"@id\":\"https:\\\/\\\/vmsport.fi\\\/#\\\/schema\\\/logo\\\/image\\\/\"},\"sameAs\":[\"https:\\\/\\\/www.facebook.com\\\/Vmsport.fi\\\/\",\"https:\\\/\\\/www.instagram.com\\\/vmsport\\\/\"]}]}<\/script>\n<!-- \/ Yoast SEO plugin. -->","yoast_head_json":{"title":"SCOTT TRAIL TR' B\u00c4LTE - VM Sport","robots":{"index":"index","follow":"follow","max-snippet":"max-snippet:-1","max-image-preview":"max-image-preview:large","max-video-preview":"max-video-preview:-1"},"canonical":"https:\/\/vmsport.fi\/sv\/webbutik\/tillbehor\/vaskor\/scott-trail-tr-balte\/","og_locale":"sv_SE","og_type":"article","og_title":"SCOTT TRAIL TR' BELT - VM Sport","og_description":"SCOTT TRAIL TR Belt on suunniteltu aktiiviseen lenkkeilyyn, tarjoten optimaalista nesteytyst\u00e4 ja energiaa harjoitteluun ja kilpailemiseen. Sen tiivis muotoilu varmistaa vakauden liikkeen aikana ja minimoi ep\u00e4mukavuuden tunteen. Vy\u00f6ss\u00e4 on huolellisesti sijoitettuja taskuja, joiden ansiosta geeleihin ja pehmeisiin pulloihin p\u00e4\u00e4see helposti ja nopeasti k\u00e4siksi. T\u00e4m\u00e4 j\u00e4rjestelm\u00e4llinen s\u00e4ilytysratkaisu parantaa juoksijan suoritusta, koska kaikki tarvittava on aina ulottuvilla. [...]L\u00e4s mer \u2026 from SCOTT TRAIL TR&#8217; BELT","og_url":"https:\/\/vmsport.fi\/sv\/webbutik\/tillbehor\/vaskor\/scott-trail-tr-balte\/","og_site_name":"VM Sport","article_publisher":"https:\/\/www.facebook.com\/Vmsport.fi\/","article_modified_time":"2026-04-22T12:05:52+00:00","og_image":[{"width":1000,"height":750,"url":"https:\/\/vmsport.fi\/wp-content\/uploads\/2025\/03\/4215-1-obrazek-1.jpg","type":"image\/jpeg"}],"twitter_card":"summary_large_image","schema":{"@context":"https:\/\/schema.org","@graph":[{"@type":["WebPage","ItemPage"],"@id":"https:\/\/vmsport.fi\/verkkokauppa\/tarvikkeet\/laukut\/scott-trail-tr-belt\/","url":"https:\/\/vmsport.fi\/verkkokauppa\/tarvikkeet\/laukut\/scott-trail-tr-belt\/","name":"SCOTT TRAIL TR' B\u00c4LTE - VM Sport","isPartOf":{"@id":"https:\/\/vmsport.fi\/#website"},"primaryImageOfPage":{"@id":"https:\/\/vmsport.fi\/verkkokauppa\/tarvikkeet\/laukut\/scott-trail-tr-belt\/#primaryimage"},"image":{"@id":"https:\/\/vmsport.fi\/verkkokauppa\/tarvikkeet\/laukut\/scott-trail-tr-belt\/#primaryimage"},"thumbnailUrl":"https:\/\/vmsport.fi\/wp-content\/uploads\/2025\/03\/4215-1-obrazek-1.jpg","datePublished":"2025-03-05T21:44:49+00:00","dateModified":"2026-04-22T12:05:52+00:00","breadcrumb":{"@id":"https:\/\/vmsport.fi\/verkkokauppa\/tarvikkeet\/laukut\/scott-trail-tr-belt\/#breadcrumb"},"inLanguage":"sv-SE","potentialAction":[{"@type":"ReadAction","target":["https:\/\/vmsport.fi\/verkkokauppa\/tarvikkeet\/laukut\/scott-trail-tr-belt\/"]}]},{"@type":"ImageObject","inLanguage":"sv-SE","@id":"https:\/\/vmsport.fi\/verkkokauppa\/tarvikkeet\/laukut\/scott-trail-tr-belt\/#primaryimage","url":"https:\/\/vmsport.fi\/wp-content\/uploads\/2025\/03\/4215-1-obrazek-1.jpg","contentUrl":"https:\/\/vmsport.fi\/wp-content\/uploads\/2025\/03\/4215-1-obrazek-1.jpg","width":1000,"height":750,"caption":"4215-1-obrazek"},{"@type":"BreadcrumbList","@id":"https:\/\/vmsport.fi\/verkkokauppa\/tarvikkeet\/laukut\/scott-trail-tr-belt\/#breadcrumb","itemListElement":[{"@type":"ListItem","position":1,"name":"Etusivu","item":"https:\/\/vmsport.fi\/"},{"@type":"ListItem","position":2,"name":"Online Store","item":"https:\/\/vmsport.fi\/en\/online-store\/"},{"@type":"ListItem","position":3,"name":"Scott","item":"https:\/\/vmsport.fi\/merkki\/scott\/"},{"@type":"ListItem","position":4,"name":"SCOTT TRAIL TR&#8217; BELT"}]},{"@type":"WebSite","@id":"https:\/\/vmsport.fi\/#website","url":"https:\/\/vmsport.fi\/","name":"Vmsport","description":"Allt p\u00e5 ett st\u00e4lle f\u00f6r cykling","publisher":{"@id":"https:\/\/vmsport.fi\/#organization"},"potentialAction":[{"@type":"SearchAction","target":{"@type":"EntryPoint","urlTemplate":"https:\/\/vmsport.fi\/?s={search_term_string}"},"query-input":{"@type":"PropertyValueSpecification","valueRequired":true,"valueName":"search_term_string"}}],"inLanguage":"sv-SE"},{"@type":"Organization","@id":"https:\/\/vmsport.fi\/#organization","name":"Vmsport","url":"https:\/\/vmsport.fi\/","logo":{"@type":"ImageObject","inLanguage":"sv-SE","@id":"https:\/\/vmsport.fi\/#\/schema\/logo\/image\/","url":"https:\/\/vmsport.fi\/wp-content\/uploads\/2024\/12\/vm_sport_RGB_horisontal-e1734526017575.png","contentUrl":"https:\/\/vmsport.fi\/wp-content\/uploads\/2024\/12\/vm_sport_RGB_horisontal-e1734526017575.png","width":668,"height":85,"caption":"Vmsport"},"image":{"@id":"https:\/\/vmsport.fi\/#\/schema\/logo\/image\/"},"sameAs":["https:\/\/www.facebook.com\/Vmsport.fi\/","https:\/\/www.instagram.com\/vmsport\/"]}]}},"global_unique_id":"","_links":{"self":[{"href":"https:\/\/vmsport.fi\/sv\/wp-json\/wp\/v2\/product\/53752","targetHints":{"allow":["GET"]}}],"collection":[{"href":"https:\/\/vmsport.fi\/sv\/wp-json\/wp\/v2\/product"}],"about":[{"href":"https:\/\/vmsport.fi\/sv\/wp-json\/wp\/v2\/types\/product"}],"replies":[{"embeddable":true,"href":"https:\/\/vmsport.fi\/sv\/wp-json\/wp\/v2\/comments?post=53752"}],"wp:featuredmedia":[{"embeddable":true,"href":"https:\/\/vmsport.fi\/sv\/wp-json\/wp\/v2\/media\/53751"}],"wp:attachment":[{"href":"https:\/\/vmsport.fi\/sv\/wp-json\/wp\/v2\/media?parent=53752"}],"wp:term":[{"taxonomy":"product_brand","embeddable":true,"href":"https:\/\/vmsport.fi\/sv\/wp-json\/wp\/v2\/product_brand?post=53752"},{"taxonomy":"product_model","embeddable":true,"href":"https:\/\/vmsport.fi\/sv\/wp-json\/wp\/v2\/product_model?post=53752"},{"taxonomy":"product_cat","embeddable":true,"href":"https:\/\/vmsport.fi\/sv\/wp-json\/wp\/v2\/product_cat?post=53752"},{"taxonomy":"product_tag","embeddable":true,"href":"https:\/\/vmsport.fi\/sv\/wp-json\/wp\/v2\/product_tag?post=53752"},{"taxonomy":"industry_terminology","embeddable":true,"href":"https:\/\/vmsport.fi\/sv\/wp-json\/wp\/v2\/industry-terminology?post=53752"}],"curies":[{"name":"wp","href":"https:\/\/api.w.org\/{rel}","templated":true}]}}