{"id":53750,"date":"2025-03-05T23:44:48","date_gmt":"2025-03-05T21:44:48","guid":{"rendered":"https:\/\/vmsport.fi\/verkkokauppa\/Ei-luokiteltu\/sisarengas-26-continental-47-62-559-prestaventtiili\/"},"modified":"2026-02-03T02:00:14","modified_gmt":"2026-02-03T00:00:14","slug":"syskonringar-26-kontinentala-47-62-559-prestaventtiili","status":"publish","type":"product","link":"https:\/\/vmsport.fi\/sv\/verkkokauppa\/renkaat\/sisarenkaat\/maasto\/sisarengas-26-continental-47-62-559-prestaventtiili\/","title":{"rendered":"26\u2033 CONTINENTAL 47\/62-559 prestaventil innerd\u00e4ck"},"content":{"rendered":"<p>Continentals 26-tums innerd\u00e4ck har utvecklats speciellt f\u00f6r terr\u00e4ngcyklar. Det har dimension 47\/62-559 och en 42 mm Presta-ventil, vilket g\u00f6r det m\u00f6jligt att anv\u00e4nda d\u00e4ck med olika bredd. Detta g\u00f6r det till ett praktiskt val f\u00f6r ett brett spektrum av terr\u00e4ng- och k\u00f6rf\u00f6rh\u00e5llanden. Den h\u00f6gkvalitativa materialkonstruktionen ger utm\u00e4rkt h\u00e5llbarhet och k\u00f6rkomfort.<\/p>","protected":false},"excerpt":{"rendered":"<p>Continentalin 26-tuumainen sis\u00e4rengas on kehitetty erityisesti maastopy\u00f6ri\u00e4 varten. Sen koko on 47\/62-559, ja siin\u00e4 on 42 mm:n Presta-venttiili, mik\u00e4 mahdollistaa yhteensopivuuden eri leveyksisten renkaiden kanssa. T\u00e4m\u00e4 tekee siit\u00e4 k\u00e4yt\u00e4nn\u00f6llisen valinnan monenlaisiin maasto- ja ajo-olosuhteisiin. Korkealaatuinen materiaalirakenne takaa erinomaisen kest\u00e4vyyden ja ajomukavuuden. [&#8230;]<\/p>\n<p><a class=\"btn btn-secondary understrap-read-more-link\" href=\"https:\/\/vmsport.fi\/sv\/verkkokauppa\/renkaat\/sisarenkaat\/maasto\/sisarengas-26-continental-47-62-559-prestaventtiili\/\">L\u00e4s mer \u2026<span class=\"screen-reader-text\"> from Sis\u00e4rengas 26&#8243; CONTINENTAL 47\/62-559 prestaventtiili<\/span><\/a><\/p>\n","protected":false},"featured_media":53749,"comment_status":"open","ping_status":"closed","template":"","meta":{"_acf_changed":false,"_improvement_type_select":"improve_an_existing","_thumb_yes_seoaic":false,"_frame_yes_seoaic":false,"seoaic_generate_description":"","seoaic_improve_instructions_prompt":"","seoaic_rollback_content_improvement":"","seoaic_idea_thumbnail_generator":"","thumbnail_generated":false,"thumbnail_generate_prompt":"","seoaic_article_description":"","_supplier_stock_quantity":0},"product_brand":[1585],"product_model":[],"product_cat":[9538],"product_tag":[],"industry-terminology":[],"class_list":{"0":"post-53750","1":"product","2":"type-product","3":"status-publish","4":"has-post-thumbnail","6":"product_brand-continental","7":"product_cat-maasto","9":"first","10":"outofstock","11":"taxable","12":"shipping-taxable","13":"product-type-simple"},"acf":{"bike_features":null,"overview":{"copy_overview":null,"key_features":null,"statement":"","youtube_url":""}},"yoast_head":"<!-- This site is optimized with the Yoast SEO plugin v27.3 - https:\/\/yoast.com\/product\/yoast-seo-wordpress\/ -->\n<title>Sis\u00e4rengas 26&quot; CONTINENTAL 47\/62-559 prestaventtiili - VM Sport<\/title>\n<meta name=\"robots\" content=\"index, follow, max-snippet:-1, max-image-preview:large, max-video-preview:-1\" \/>\n<link rel=\"canonical\" href=\"https:\/\/vmsport.fi\/sv\/webbutik\/dack\/systerdack\/terrang\/syskonringar-26-kontinentala-47-62-559-prestaventtiili\/\" \/>\n<meta property=\"og:locale\" content=\"sv_SE\" \/>\n<meta property=\"og:type\" content=\"article\" \/>\n<meta property=\"og:title\" content=\"Sis\u00e4rengas 26&quot; CONTINENTAL 47\/62-559 prestaventtiili - VM Sport\" \/>\n<meta property=\"og:description\" content=\"Continentalin 26-tuumainen sis\u00e4rengas on kehitetty erityisesti maastopy\u00f6ri\u00e4 varten. Sen koko on 47\/62-559, ja siin\u00e4 on 42 mm:n Presta-venttiili, mik\u00e4 mahdollistaa yhteensopivuuden eri leveyksisten renkaiden kanssa. T\u00e4m\u00e4 tekee siit\u00e4 k\u00e4yt\u00e4nn\u00f6llisen valinnan monenlaisiin maasto- ja ajo-olosuhteisiin. Korkealaatuinen materiaalirakenne takaa erinomaisen kest\u00e4vyyden ja ajomukavuuden. [...]L\u00e4s mer \u2026 from Sis\u00e4rengas 26&#8243; CONTINENTAL 47\/62-559 prestaventtiili\" \/>\n<meta property=\"og:url\" content=\"https:\/\/vmsport.fi\/sv\/webbutik\/dack\/systerdack\/terrang\/syskonringar-26-kontinentala-47-62-559-prestaventtiili\/\" \/>\n<meta property=\"og:site_name\" content=\"VM Sport\" \/>\n<meta property=\"article:publisher\" content=\"https:\/\/www.facebook.com\/Vmsport.fi\/\" \/>\n<meta property=\"article:modified_time\" content=\"2026-02-03T00:00:14+00:00\" \/>\n<meta property=\"og:image\" content=\"https:\/\/vmsport.fi\/wp-content\/uploads\/2025\/03\/0181631-1.jpg\" \/>\n\t<meta property=\"og:image:width\" content=\"1000\" \/>\n\t<meta property=\"og:image:height\" content=\"1000\" \/>\n\t<meta property=\"og:image:type\" content=\"image\/jpeg\" \/>\n<meta name=\"twitter:card\" content=\"summary_large_image\" \/>\n<script type=\"application\/ld+json\" class=\"yoast-schema-graph\">{\"@context\":\"https:\\\/\\\/schema.org\",\"@graph\":[{\"@type\":[\"WebPage\",\"ItemPage\"],\"@id\":\"https:\\\/\\\/vmsport.fi\\\/verkkokauppa\\\/renkaat\\\/sisarenkaat\\\/maasto\\\/sisarengas-26-continental-47-62-559-prestaventtiili\\\/\",\"url\":\"https:\\\/\\\/vmsport.fi\\\/verkkokauppa\\\/renkaat\\\/sisarenkaat\\\/maasto\\\/sisarengas-26-continental-47-62-559-prestaventtiili\\\/\",\"name\":\"Sis\u00e4rengas 26\\\" CONTINENTAL 47\\\/62-559 prestaventtiili - VM Sport\",\"isPartOf\":{\"@id\":\"https:\\\/\\\/vmsport.fi\\\/#website\"},\"primaryImageOfPage\":{\"@id\":\"https:\\\/\\\/vmsport.fi\\\/verkkokauppa\\\/renkaat\\\/sisarenkaat\\\/maasto\\\/sisarengas-26-continental-47-62-559-prestaventtiili\\\/#primaryimage\"},\"image\":{\"@id\":\"https:\\\/\\\/vmsport.fi\\\/verkkokauppa\\\/renkaat\\\/sisarenkaat\\\/maasto\\\/sisarengas-26-continental-47-62-559-prestaventtiili\\\/#primaryimage\"},\"thumbnailUrl\":\"https:\\\/\\\/vmsport.fi\\\/wp-content\\\/uploads\\\/2025\\\/03\\\/0181631-1.jpg\",\"datePublished\":\"2025-03-05T21:44:48+00:00\",\"dateModified\":\"2026-02-03T00:00:14+00:00\",\"breadcrumb\":{\"@id\":\"https:\\\/\\\/vmsport.fi\\\/verkkokauppa\\\/renkaat\\\/sisarenkaat\\\/maasto\\\/sisarengas-26-continental-47-62-559-prestaventtiili\\\/#breadcrumb\"},\"inLanguage\":\"sv-SE\",\"potentialAction\":[{\"@type\":\"ReadAction\",\"target\":[\"https:\\\/\\\/vmsport.fi\\\/verkkokauppa\\\/renkaat\\\/sisarenkaat\\\/maasto\\\/sisarengas-26-continental-47-62-559-prestaventtiili\\\/\"]}]},{\"@type\":\"ImageObject\",\"inLanguage\":\"sv-SE\",\"@id\":\"https:\\\/\\\/vmsport.fi\\\/verkkokauppa\\\/renkaat\\\/sisarenkaat\\\/maasto\\\/sisarengas-26-continental-47-62-559-prestaventtiili\\\/#primaryimage\",\"url\":\"https:\\\/\\\/vmsport.fi\\\/wp-content\\\/uploads\\\/2025\\\/03\\\/0181631-1.jpg\",\"contentUrl\":\"https:\\\/\\\/vmsport.fi\\\/wp-content\\\/uploads\\\/2025\\\/03\\\/0181631-1.jpg\",\"width\":1000,\"height\":1000,\"caption\":\"0181631\"},{\"@type\":\"BreadcrumbList\",\"@id\":\"https:\\\/\\\/vmsport.fi\\\/verkkokauppa\\\/renkaat\\\/sisarenkaat\\\/maasto\\\/sisarengas-26-continental-47-62-559-prestaventtiili\\\/#breadcrumb\",\"itemListElement\":[{\"@type\":\"ListItem\",\"position\":1,\"name\":\"Etusivu\",\"item\":\"https:\\\/\\\/vmsport.fi\\\/\"},{\"@type\":\"ListItem\",\"position\":2,\"name\":\"Online Store\",\"item\":\"https:\\\/\\\/vmsport.fi\\\/en\\\/online-store\\\/\"},{\"@type\":\"ListItem\",\"position\":3,\"name\":\"Continental\",\"item\":\"https:\\\/\\\/vmsport.fi\\\/merkki\\\/continental\\\/\"},{\"@type\":\"ListItem\",\"position\":4,\"name\":\"Sis\u00e4rengas 26&#8243; CONTINENTAL 47\\\/62-559 prestaventtiili\"}]},{\"@type\":\"WebSite\",\"@id\":\"https:\\\/\\\/vmsport.fi\\\/#website\",\"url\":\"https:\\\/\\\/vmsport.fi\\\/\",\"name\":\"Vmsport\",\"description\":\"Kaikki py\u00f6r\u00e4ilyyn yhdest\u00e4 paikasta\",\"publisher\":{\"@id\":\"https:\\\/\\\/vmsport.fi\\\/#organization\"},\"potentialAction\":[{\"@type\":\"SearchAction\",\"target\":{\"@type\":\"EntryPoint\",\"urlTemplate\":\"https:\\\/\\\/vmsport.fi\\\/?s={search_term_string}\"},\"query-input\":{\"@type\":\"PropertyValueSpecification\",\"valueRequired\":true,\"valueName\":\"search_term_string\"}}],\"inLanguage\":\"sv-SE\"},{\"@type\":\"Organization\",\"@id\":\"https:\\\/\\\/vmsport.fi\\\/#organization\",\"name\":\"Vmsport\",\"url\":\"https:\\\/\\\/vmsport.fi\\\/\",\"logo\":{\"@type\":\"ImageObject\",\"inLanguage\":\"sv-SE\",\"@id\":\"https:\\\/\\\/vmsport.fi\\\/#\\\/schema\\\/logo\\\/image\\\/\",\"url\":\"https:\\\/\\\/vmsport.fi\\\/wp-content\\\/uploads\\\/2024\\\/12\\\/vm_sport_RGB_horisontal-e1734526017575.png\",\"contentUrl\":\"https:\\\/\\\/vmsport.fi\\\/wp-content\\\/uploads\\\/2024\\\/12\\\/vm_sport_RGB_horisontal-e1734526017575.png\",\"width\":668,\"height\":85,\"caption\":\"Vmsport\"},\"image\":{\"@id\":\"https:\\\/\\\/vmsport.fi\\\/#\\\/schema\\\/logo\\\/image\\\/\"},\"sameAs\":[\"https:\\\/\\\/www.facebook.com\\\/Vmsport.fi\\\/\",\"https:\\\/\\\/www.instagram.com\\\/vmsport\\\/\"]}]}<\/script>\n<!-- \/ Yoast SEO plugin. -->","yoast_head_json":{"title":"26\" CONTINENTAL 47\/62-559 prestaventtiili innerd\u00e4ck - VM Sport","robots":{"index":"index","follow":"follow","max-snippet":"max-snippet:-1","max-image-preview":"max-image-preview:large","max-video-preview":"max-video-preview:-1"},"canonical":"https:\/\/vmsport.fi\/sv\/webbutik\/dack\/systerdack\/terrang\/syskonringar-26-kontinentala-47-62-559-prestaventtiili\/","og_locale":"sv_SE","og_type":"article","og_title":"Sis\u00e4rengas 26\" CONTINENTAL 47\/62-559 prestaventtiili - VM Sport","og_description":"Continentalin 26-tuumainen sis\u00e4rengas on kehitetty erityisesti maastopy\u00f6ri\u00e4 varten. Sen koko on 47\/62-559, ja siin\u00e4 on 42 mm:n Presta-venttiili, mik\u00e4 mahdollistaa yhteensopivuuden eri leveyksisten renkaiden kanssa. T\u00e4m\u00e4 tekee siit\u00e4 k\u00e4yt\u00e4nn\u00f6llisen valinnan monenlaisiin maasto- ja ajo-olosuhteisiin. Korkealaatuinen materiaalirakenne takaa erinomaisen kest\u00e4vyyden ja ajomukavuuden. [...]L\u00e4s mer \u2026 from Sis\u00e4rengas 26&#8243; CONTINENTAL 47\/62-559 prestaventtiili","og_url":"https:\/\/vmsport.fi\/sv\/webbutik\/dack\/systerdack\/terrang\/syskonringar-26-kontinentala-47-62-559-prestaventtiili\/","og_site_name":"VM Sport","article_publisher":"https:\/\/www.facebook.com\/Vmsport.fi\/","article_modified_time":"2026-02-03T00:00:14+00:00","og_image":[{"width":1000,"height":1000,"url":"https:\/\/vmsport.fi\/wp-content\/uploads\/2025\/03\/0181631-1.jpg","type":"image\/jpeg"}],"twitter_card":"summary_large_image","schema":{"@context":"https:\/\/schema.org","@graph":[{"@type":["WebPage","ItemPage"],"@id":"https:\/\/vmsport.fi\/verkkokauppa\/renkaat\/sisarenkaat\/maasto\/sisarengas-26-continental-47-62-559-prestaventtiili\/","url":"https:\/\/vmsport.fi\/verkkokauppa\/renkaat\/sisarenkaat\/maasto\/sisarengas-26-continental-47-62-559-prestaventtiili\/","name":"26\" CONTINENTAL 47\/62-559 prestaventtiili innerd\u00e4ck - VM Sport","isPartOf":{"@id":"https:\/\/vmsport.fi\/#website"},"primaryImageOfPage":{"@id":"https:\/\/vmsport.fi\/verkkokauppa\/renkaat\/sisarenkaat\/maasto\/sisarengas-26-continental-47-62-559-prestaventtiili\/#primaryimage"},"image":{"@id":"https:\/\/vmsport.fi\/verkkokauppa\/renkaat\/sisarenkaat\/maasto\/sisarengas-26-continental-47-62-559-prestaventtiili\/#primaryimage"},"thumbnailUrl":"https:\/\/vmsport.fi\/wp-content\/uploads\/2025\/03\/0181631-1.jpg","datePublished":"2025-03-05T21:44:48+00:00","dateModified":"2026-02-03T00:00:14+00:00","breadcrumb":{"@id":"https:\/\/vmsport.fi\/verkkokauppa\/renkaat\/sisarenkaat\/maasto\/sisarengas-26-continental-47-62-559-prestaventtiili\/#breadcrumb"},"inLanguage":"sv-SE","potentialAction":[{"@type":"ReadAction","target":["https:\/\/vmsport.fi\/verkkokauppa\/renkaat\/sisarenkaat\/maasto\/sisarengas-26-continental-47-62-559-prestaventtiili\/"]}]},{"@type":"ImageObject","inLanguage":"sv-SE","@id":"https:\/\/vmsport.fi\/verkkokauppa\/renkaat\/sisarenkaat\/maasto\/sisarengas-26-continental-47-62-559-prestaventtiili\/#primaryimage","url":"https:\/\/vmsport.fi\/wp-content\/uploads\/2025\/03\/0181631-1.jpg","contentUrl":"https:\/\/vmsport.fi\/wp-content\/uploads\/2025\/03\/0181631-1.jpg","width":1000,"height":1000,"caption":"0181631"},{"@type":"BreadcrumbList","@id":"https:\/\/vmsport.fi\/verkkokauppa\/renkaat\/sisarenkaat\/maasto\/sisarengas-26-continental-47-62-559-prestaventtiili\/#breadcrumb","itemListElement":[{"@type":"ListItem","position":1,"name":"Etusivu","item":"https:\/\/vmsport.fi\/"},{"@type":"ListItem","position":2,"name":"Online Store","item":"https:\/\/vmsport.fi\/en\/online-store\/"},{"@type":"ListItem","position":3,"name":"Continental","item":"https:\/\/vmsport.fi\/merkki\/continental\/"},{"@type":"ListItem","position":4,"name":"Sis\u00e4rengas 26&#8243; CONTINENTAL 47\/62-559 prestaventtiili"}]},{"@type":"WebSite","@id":"https:\/\/vmsport.fi\/#website","url":"https:\/\/vmsport.fi\/","name":"Vmsport","description":"Allt p\u00e5 ett st\u00e4lle f\u00f6r cykling","publisher":{"@id":"https:\/\/vmsport.fi\/#organization"},"potentialAction":[{"@type":"SearchAction","target":{"@type":"EntryPoint","urlTemplate":"https:\/\/vmsport.fi\/?s={search_term_string}"},"query-input":{"@type":"PropertyValueSpecification","valueRequired":true,"valueName":"search_term_string"}}],"inLanguage":"sv-SE"},{"@type":"Organization","@id":"https:\/\/vmsport.fi\/#organization","name":"Vmsport","url":"https:\/\/vmsport.fi\/","logo":{"@type":"ImageObject","inLanguage":"sv-SE","@id":"https:\/\/vmsport.fi\/#\/schema\/logo\/image\/","url":"https:\/\/vmsport.fi\/wp-content\/uploads\/2024\/12\/vm_sport_RGB_horisontal-e1734526017575.png","contentUrl":"https:\/\/vmsport.fi\/wp-content\/uploads\/2024\/12\/vm_sport_RGB_horisontal-e1734526017575.png","width":668,"height":85,"caption":"Vmsport"},"image":{"@id":"https:\/\/vmsport.fi\/#\/schema\/logo\/image\/"},"sameAs":["https:\/\/www.facebook.com\/Vmsport.fi\/","https:\/\/www.instagram.com\/vmsport\/"]}]}},"global_unique_id":"","_links":{"self":[{"href":"https:\/\/vmsport.fi\/sv\/wp-json\/wp\/v2\/product\/53750","targetHints":{"allow":["GET"]}}],"collection":[{"href":"https:\/\/vmsport.fi\/sv\/wp-json\/wp\/v2\/product"}],"about":[{"href":"https:\/\/vmsport.fi\/sv\/wp-json\/wp\/v2\/types\/product"}],"replies":[{"embeddable":true,"href":"https:\/\/vmsport.fi\/sv\/wp-json\/wp\/v2\/comments?post=53750"}],"wp:featuredmedia":[{"embeddable":true,"href":"https:\/\/vmsport.fi\/sv\/wp-json\/wp\/v2\/media\/53749"}],"wp:attachment":[{"href":"https:\/\/vmsport.fi\/sv\/wp-json\/wp\/v2\/media?parent=53750"}],"wp:term":[{"taxonomy":"product_brand","embeddable":true,"href":"https:\/\/vmsport.fi\/sv\/wp-json\/wp\/v2\/product_brand?post=53750"},{"taxonomy":"product_model","embeddable":true,"href":"https:\/\/vmsport.fi\/sv\/wp-json\/wp\/v2\/product_model?post=53750"},{"taxonomy":"product_cat","embeddable":true,"href":"https:\/\/vmsport.fi\/sv\/wp-json\/wp\/v2\/product_cat?post=53750"},{"taxonomy":"product_tag","embeddable":true,"href":"https:\/\/vmsport.fi\/sv\/wp-json\/wp\/v2\/product_tag?post=53750"},{"taxonomy":"industry_terminology","embeddable":true,"href":"https:\/\/vmsport.fi\/sv\/wp-json\/wp\/v2\/industry-terminology?post=53750"}],"curies":[{"name":"wp","href":"https:\/\/api.w.org\/{rel}","templated":true}]}}