{"id":53747,"date":"2025-03-05T23:44:46","date_gmt":"2025-03-05T21:44:46","guid":{"rendered":"https:\/\/vmsport.fi\/verkkokauppa\/Ei-luokiteltu\/rockshox-monarch-plus-xx-rl-r-rt3-basic-rear-shock-air-can-my14-16\/"},"modified":"2026-04-22T15:01:57","modified_gmt":"2026-04-22T12:01:57","slug":"rockshox-monarch-plus-xx-rl-rt3-basic-bakre-stotdampare-luftburk-my14-16","status":"publish","type":"product","link":"https:\/\/vmsport.fi\/sv\/verkkokauppa\/varaosat\/haarukat-ja-rungonosat\/joustohaarukan-varaosat\/rockshox-monarch-plus-xx-rl-r-rt3-basic-rear-shock-air-can-my14-16\/","title":{"rendered":"ROCKSHOX Monarch Plus\/XX\/RL\/R\/RT3 grundl\u00e4ggande luftbeh\u00e5llare f\u00f6r bakre st\u00f6td\u00e4mpare (MY14-16)"},"content":{"rendered":"<p>ROCKSHOX Monarch Plus\/XX\/RL\/R\/RT3 kit f\u00f6r luftscoop till bakre ljudd\u00e4mpare passar 2014-2016 \u00e5rs modeller. Denna servicesats inneh\u00e5ller alla n\u00f6dv\u00e4ndiga delar f\u00f6r att s\u00e4kerst\u00e4lla att den bakre ljudd\u00e4mparen fungerar korrekt. Kompatibiliteten omfattar modeller i serierna B1 (Plus\/XX\/RL) och C1 (R\/RT3). Produkten \u00e4r utformad f\u00f6r effektivt grundl\u00e4ggande underh\u00e5ll och service av den bakre st\u00f6td\u00e4mparen.<\/p>","protected":false},"excerpt":{"rendered":"<p>ROCKSHOX Monarch Plus\/XX\/RL\/R\/RT3 -takasiskunvaimentimen ilmaholkkisarja sopii vuosien 2014-2016 malleihin. T\u00e4m\u00e4 huoltosarja sis\u00e4lt\u00e4\u00e4 kaikki tarvittavat osat, jotka takaavat takaiskunvaimentimen moitteettoman toiminnan. Yhteensopivuus kattaa B1 (Plus\/XX\/RL) ja C1 (R\/RT3) -sarjan mallit. Tuote on suunniteltu tehokkaaseen takaiskunvaimentimen perushuoltoon ja kunnossapitoon. [&#8230;]<\/p>\n<p><a class=\"btn btn-secondary understrap-read-more-link\" href=\"https:\/\/vmsport.fi\/sv\/verkkokauppa\/varaosat\/haarukat-ja-rungonosat\/joustohaarukan-varaosat\/rockshox-monarch-plus-xx-rl-r-rt3-basic-rear-shock-air-can-my14-16\/\">L\u00e4s mer \u2026<span class=\"screen-reader-text\"> from ROCKSHOX Monarch Plus\/XX\/RL\/R\/RT3 basic rear shock air can (MY14-16)<\/span><\/a><\/p>\n","protected":false},"featured_media":53746,"comment_status":"open","ping_status":"closed","template":"","meta":{"_acf_changed":false,"_improvement_type_select":"improve_an_existing","_thumb_yes_seoaic":false,"_frame_yes_seoaic":false,"seoaic_generate_description":"","seoaic_improve_instructions_prompt":"","seoaic_rollback_content_improvement":"","seoaic_idea_thumbnail_generator":"","thumbnail_generated":false,"thumbnail_generate_prompt":"","seoaic_article_description":"","_supplier_stock_quantity":0},"product_brand":[1589],"product_model":[],"product_cat":[9526],"product_tag":[],"industry-terminology":[],"class_list":{"0":"post-53747","1":"product","2":"type-product","3":"status-publish","4":"has-post-thumbnail","6":"product_brand-rockshox","7":"product_cat-joustohaarukan-varaosat","9":"first","10":"outofstock","11":"taxable","12":"shipping-taxable","13":"product-type-simple"},"acf":{"bike_features":null,"overview":{"copy_overview":null,"key_features":null,"statement":"","youtube_url":""}},"yoast_head":"<!-- This site is optimized with the Yoast SEO plugin v27.4 - https:\/\/yoast.com\/product\/yoast-seo-wordpress\/ -->\n<title>ROCKSHOX Monarch Plus\/XX\/RL\/R\/RT3 basic rear shock air can (MY14-16) - VM Sport<\/title>\n<meta name=\"robots\" content=\"index, follow, max-snippet:-1, max-image-preview:large, max-video-preview:-1\" \/>\n<link rel=\"canonical\" href=\"https:\/\/vmsport.fi\/sv\/webbutik\/reservdelar\/gafflar-och-kroppsdelar\/flexohaarukan-reservdelar\/rockshox-monarch-plus-xx-rl-rt3-basic-bakre-stotdampare-luftburk-my14-16\/\" \/>\n<meta property=\"og:locale\" content=\"sv_SE\" \/>\n<meta property=\"og:type\" content=\"article\" \/>\n<meta property=\"og:title\" content=\"ROCKSHOX Monarch Plus\/XX\/RL\/R\/RT3 basic rear shock air can (MY14-16) - VM Sport\" \/>\n<meta property=\"og:description\" content=\"ROCKSHOX Monarch Plus\/XX\/RL\/R\/RT3 -takasiskunvaimentimen ilmaholkkisarja sopii vuosien 2014-2016 malleihin. T\u00e4m\u00e4 huoltosarja sis\u00e4lt\u00e4\u00e4 kaikki tarvittavat osat, jotka takaavat takaiskunvaimentimen moitteettoman toiminnan. Yhteensopivuus kattaa B1 (Plus\/XX\/RL) ja C1 (R\/RT3) -sarjan mallit. Tuote on suunniteltu tehokkaaseen takaiskunvaimentimen perushuoltoon ja kunnossapitoon. [...]L\u00e4s mer \u2026 from ROCKSHOX Monarch Plus\/XX\/RL\/R\/RT3 basic rear shock air can (MY14-16)\" \/>\n<meta property=\"og:url\" content=\"https:\/\/vmsport.fi\/sv\/webbutik\/reservdelar\/gafflar-och-kroppsdelar\/flexohaarukan-reservdelar\/rockshox-monarch-plus-xx-rl-rt3-basic-bakre-stotdampare-luftburk-my14-16\/\" \/>\n<meta property=\"og:site_name\" content=\"VM Sport\" \/>\n<meta property=\"article:publisher\" content=\"https:\/\/www.facebook.com\/Vmsport.fi\/\" \/>\n<meta property=\"article:modified_time\" content=\"2026-04-22T12:01:57+00:00\" \/>\n<meta property=\"og:image\" content=\"https:\/\/vmsport.fi\/wp-content\/uploads\/2025\/03\/KE0QGhxkyMtR6PUpclq0bwLJlHKDMEaFTo5OL3Ozu4Be67It08-1.jpg\" \/>\n\t<meta property=\"og:image:width\" content=\"800\" \/>\n\t<meta property=\"og:image:height\" content=\"800\" \/>\n\t<meta property=\"og:image:type\" content=\"image\/jpeg\" \/>\n<meta name=\"twitter:card\" content=\"summary_large_image\" \/>\n<script type=\"application\/ld+json\" class=\"yoast-schema-graph\">{\"@context\":\"https:\\\/\\\/schema.org\",\"@graph\":[{\"@type\":[\"WebPage\",\"ItemPage\"],\"@id\":\"https:\\\/\\\/vmsport.fi\\\/verkkokauppa\\\/varaosat\\\/haarukat-ja-rungonosat\\\/joustohaarukan-varaosat\\\/rockshox-monarch-plus-xx-rl-r-rt3-basic-rear-shock-air-can-my14-16\\\/\",\"url\":\"https:\\\/\\\/vmsport.fi\\\/verkkokauppa\\\/varaosat\\\/haarukat-ja-rungonosat\\\/joustohaarukan-varaosat\\\/rockshox-monarch-plus-xx-rl-r-rt3-basic-rear-shock-air-can-my14-16\\\/\",\"name\":\"ROCKSHOX Monarch Plus\\\/XX\\\/RL\\\/R\\\/RT3 basic rear shock air can (MY14-16) - VM Sport\",\"isPartOf\":{\"@id\":\"https:\\\/\\\/vmsport.fi\\\/#website\"},\"primaryImageOfPage\":{\"@id\":\"https:\\\/\\\/vmsport.fi\\\/verkkokauppa\\\/varaosat\\\/haarukat-ja-rungonosat\\\/joustohaarukan-varaosat\\\/rockshox-monarch-plus-xx-rl-r-rt3-basic-rear-shock-air-can-my14-16\\\/#primaryimage\"},\"image\":{\"@id\":\"https:\\\/\\\/vmsport.fi\\\/verkkokauppa\\\/varaosat\\\/haarukat-ja-rungonosat\\\/joustohaarukan-varaosat\\\/rockshox-monarch-plus-xx-rl-r-rt3-basic-rear-shock-air-can-my14-16\\\/#primaryimage\"},\"thumbnailUrl\":\"https:\\\/\\\/vmsport.fi\\\/wp-content\\\/uploads\\\/2025\\\/03\\\/KE0QGhxkyMtR6PUpclq0bwLJlHKDMEaFTo5OL3Ozu4Be67It08-1.jpg\",\"datePublished\":\"2025-03-05T21:44:46+00:00\",\"dateModified\":\"2026-04-22T12:01:57+00:00\",\"breadcrumb\":{\"@id\":\"https:\\\/\\\/vmsport.fi\\\/verkkokauppa\\\/varaosat\\\/haarukat-ja-rungonosat\\\/joustohaarukan-varaosat\\\/rockshox-monarch-plus-xx-rl-r-rt3-basic-rear-shock-air-can-my14-16\\\/#breadcrumb\"},\"inLanguage\":\"sv-SE\",\"potentialAction\":[{\"@type\":\"ReadAction\",\"target\":[\"https:\\\/\\\/vmsport.fi\\\/verkkokauppa\\\/varaosat\\\/haarukat-ja-rungonosat\\\/joustohaarukan-varaosat\\\/rockshox-monarch-plus-xx-rl-r-rt3-basic-rear-shock-air-can-my14-16\\\/\"]}]},{\"@type\":\"ImageObject\",\"inLanguage\":\"sv-SE\",\"@id\":\"https:\\\/\\\/vmsport.fi\\\/verkkokauppa\\\/varaosat\\\/haarukat-ja-rungonosat\\\/joustohaarukan-varaosat\\\/rockshox-monarch-plus-xx-rl-r-rt3-basic-rear-shock-air-can-my14-16\\\/#primaryimage\",\"url\":\"https:\\\/\\\/vmsport.fi\\\/wp-content\\\/uploads\\\/2025\\\/03\\\/KE0QGhxkyMtR6PUpclq0bwLJlHKDMEaFTo5OL3Ozu4Be67It08-1.jpg\",\"contentUrl\":\"https:\\\/\\\/vmsport.fi\\\/wp-content\\\/uploads\\\/2025\\\/03\\\/KE0QGhxkyMtR6PUpclq0bwLJlHKDMEaFTo5OL3Ozu4Be67It08-1.jpg\",\"width\":800,\"height\":800,\"caption\":\"KE0QGhxkyMtR6PUpclq0bwLJlHKDMEaFTo5OL3Ozu4Be67It08\"},{\"@type\":\"BreadcrumbList\",\"@id\":\"https:\\\/\\\/vmsport.fi\\\/verkkokauppa\\\/varaosat\\\/haarukat-ja-rungonosat\\\/joustohaarukan-varaosat\\\/rockshox-monarch-plus-xx-rl-r-rt3-basic-rear-shock-air-can-my14-16\\\/#breadcrumb\",\"itemListElement\":[{\"@type\":\"ListItem\",\"position\":1,\"name\":\"Etusivu\",\"item\":\"https:\\\/\\\/vmsport.fi\\\/\"},{\"@type\":\"ListItem\",\"position\":2,\"name\":\"Online Store\",\"item\":\"https:\\\/\\\/vmsport.fi\\\/en\\\/online-store\\\/\"},{\"@type\":\"ListItem\",\"position\":3,\"name\":\"ROCKSHOX Monarch Plus\\\/XX\\\/RL\\\/R\\\/RT3 basic rear shock air can (MY14-16)\"}]},{\"@type\":\"WebSite\",\"@id\":\"https:\\\/\\\/vmsport.fi\\\/#website\",\"url\":\"https:\\\/\\\/vmsport.fi\\\/\",\"name\":\"Vmsport\",\"description\":\"Kaikki py\u00f6r\u00e4ilyyn yhdest\u00e4 paikasta\",\"publisher\":{\"@id\":\"https:\\\/\\\/vmsport.fi\\\/#organization\"},\"potentialAction\":[{\"@type\":\"SearchAction\",\"target\":{\"@type\":\"EntryPoint\",\"urlTemplate\":\"https:\\\/\\\/vmsport.fi\\\/?s={search_term_string}\"},\"query-input\":{\"@type\":\"PropertyValueSpecification\",\"valueRequired\":true,\"valueName\":\"search_term_string\"}}],\"inLanguage\":\"sv-SE\"},{\"@type\":\"Organization\",\"@id\":\"https:\\\/\\\/vmsport.fi\\\/#organization\",\"name\":\"Vmsport\",\"url\":\"https:\\\/\\\/vmsport.fi\\\/\",\"logo\":{\"@type\":\"ImageObject\",\"inLanguage\":\"sv-SE\",\"@id\":\"https:\\\/\\\/vmsport.fi\\\/#\\\/schema\\\/logo\\\/image\\\/\",\"url\":\"https:\\\/\\\/vmsport.fi\\\/wp-content\\\/uploads\\\/2024\\\/12\\\/vm_sport_RGB_horisontal-e1734526017575.png\",\"contentUrl\":\"https:\\\/\\\/vmsport.fi\\\/wp-content\\\/uploads\\\/2024\\\/12\\\/vm_sport_RGB_horisontal-e1734526017575.png\",\"width\":668,\"height\":85,\"caption\":\"Vmsport\"},\"image\":{\"@id\":\"https:\\\/\\\/vmsport.fi\\\/#\\\/schema\\\/logo\\\/image\\\/\"},\"sameAs\":[\"https:\\\/\\\/www.facebook.com\\\/Vmsport.fi\\\/\",\"https:\\\/\\\/www.instagram.com\\\/vmsport\\\/\"]}]}<\/script>\n<!-- \/ Yoast SEO plugin. -->","yoast_head_json":{"title":"ROCKSHOX Monarch Plus\/XX\/RL\/R\/RT3 grundl\u00e4ggande luftbeh\u00e5llare f\u00f6r bakre st\u00f6td\u00e4mpare (MY14-16) - VM Sport","robots":{"index":"index","follow":"follow","max-snippet":"max-snippet:-1","max-image-preview":"max-image-preview:large","max-video-preview":"max-video-preview:-1"},"canonical":"https:\/\/vmsport.fi\/sv\/webbutik\/reservdelar\/gafflar-och-kroppsdelar\/flexohaarukan-reservdelar\/rockshox-monarch-plus-xx-rl-rt3-basic-bakre-stotdampare-luftburk-my14-16\/","og_locale":"sv_SE","og_type":"article","og_title":"ROCKSHOX Monarch Plus\/XX\/RL\/R\/RT3 basic rear shock air can (MY14-16) - VM Sport","og_description":"ROCKSHOX Monarch Plus\/XX\/RL\/R\/RT3 -takasiskunvaimentimen ilmaholkkisarja sopii vuosien 2014-2016 malleihin. T\u00e4m\u00e4 huoltosarja sis\u00e4lt\u00e4\u00e4 kaikki tarvittavat osat, jotka takaavat takaiskunvaimentimen moitteettoman toiminnan. Yhteensopivuus kattaa B1 (Plus\/XX\/RL) ja C1 (R\/RT3) -sarjan mallit. Tuote on suunniteltu tehokkaaseen takaiskunvaimentimen perushuoltoon ja kunnossapitoon. [...]L\u00e4s mer \u2026 from ROCKSHOX Monarch Plus\/XX\/RL\/R\/RT3 basic rear shock air can (MY14-16)","og_url":"https:\/\/vmsport.fi\/sv\/webbutik\/reservdelar\/gafflar-och-kroppsdelar\/flexohaarukan-reservdelar\/rockshox-monarch-plus-xx-rl-rt3-basic-bakre-stotdampare-luftburk-my14-16\/","og_site_name":"VM Sport","article_publisher":"https:\/\/www.facebook.com\/Vmsport.fi\/","article_modified_time":"2026-04-22T12:01:57+00:00","og_image":[{"width":800,"height":800,"url":"https:\/\/vmsport.fi\/wp-content\/uploads\/2025\/03\/KE0QGhxkyMtR6PUpclq0bwLJlHKDMEaFTo5OL3Ozu4Be67It08-1.jpg","type":"image\/jpeg"}],"twitter_card":"summary_large_image","schema":{"@context":"https:\/\/schema.org","@graph":[{"@type":["WebPage","ItemPage"],"@id":"https:\/\/vmsport.fi\/verkkokauppa\/varaosat\/haarukat-ja-rungonosat\/joustohaarukan-varaosat\/rockshox-monarch-plus-xx-rl-r-rt3-basic-rear-shock-air-can-my14-16\/","url":"https:\/\/vmsport.fi\/verkkokauppa\/varaosat\/haarukat-ja-rungonosat\/joustohaarukan-varaosat\/rockshox-monarch-plus-xx-rl-r-rt3-basic-rear-shock-air-can-my14-16\/","name":"ROCKSHOX Monarch Plus\/XX\/RL\/R\/RT3 grundl\u00e4ggande luftbeh\u00e5llare f\u00f6r bakre st\u00f6td\u00e4mpare (MY14-16) - VM Sport","isPartOf":{"@id":"https:\/\/vmsport.fi\/#website"},"primaryImageOfPage":{"@id":"https:\/\/vmsport.fi\/verkkokauppa\/varaosat\/haarukat-ja-rungonosat\/joustohaarukan-varaosat\/rockshox-monarch-plus-xx-rl-r-rt3-basic-rear-shock-air-can-my14-16\/#primaryimage"},"image":{"@id":"https:\/\/vmsport.fi\/verkkokauppa\/varaosat\/haarukat-ja-rungonosat\/joustohaarukan-varaosat\/rockshox-monarch-plus-xx-rl-r-rt3-basic-rear-shock-air-can-my14-16\/#primaryimage"},"thumbnailUrl":"https:\/\/vmsport.fi\/wp-content\/uploads\/2025\/03\/KE0QGhxkyMtR6PUpclq0bwLJlHKDMEaFTo5OL3Ozu4Be67It08-1.jpg","datePublished":"2025-03-05T21:44:46+00:00","dateModified":"2026-04-22T12:01:57+00:00","breadcrumb":{"@id":"https:\/\/vmsport.fi\/verkkokauppa\/varaosat\/haarukat-ja-rungonosat\/joustohaarukan-varaosat\/rockshox-monarch-plus-xx-rl-r-rt3-basic-rear-shock-air-can-my14-16\/#breadcrumb"},"inLanguage":"sv-SE","potentialAction":[{"@type":"ReadAction","target":["https:\/\/vmsport.fi\/verkkokauppa\/varaosat\/haarukat-ja-rungonosat\/joustohaarukan-varaosat\/rockshox-monarch-plus-xx-rl-r-rt3-basic-rear-shock-air-can-my14-16\/"]}]},{"@type":"ImageObject","inLanguage":"sv-SE","@id":"https:\/\/vmsport.fi\/verkkokauppa\/varaosat\/haarukat-ja-rungonosat\/joustohaarukan-varaosat\/rockshox-monarch-plus-xx-rl-r-rt3-basic-rear-shock-air-can-my14-16\/#primaryimage","url":"https:\/\/vmsport.fi\/wp-content\/uploads\/2025\/03\/KE0QGhxkyMtR6PUpclq0bwLJlHKDMEaFTo5OL3Ozu4Be67It08-1.jpg","contentUrl":"https:\/\/vmsport.fi\/wp-content\/uploads\/2025\/03\/KE0QGhxkyMtR6PUpclq0bwLJlHKDMEaFTo5OL3Ozu4Be67It08-1.jpg","width":800,"height":800,"caption":"KE0QGhxkyMtR6PUpclq0bwLJlHKDMEaFTo5OL3Ozu4Be67It08"},{"@type":"BreadcrumbList","@id":"https:\/\/vmsport.fi\/verkkokauppa\/varaosat\/haarukat-ja-rungonosat\/joustohaarukan-varaosat\/rockshox-monarch-plus-xx-rl-r-rt3-basic-rear-shock-air-can-my14-16\/#breadcrumb","itemListElement":[{"@type":"ListItem","position":1,"name":"Etusivu","item":"https:\/\/vmsport.fi\/"},{"@type":"ListItem","position":2,"name":"Online Store","item":"https:\/\/vmsport.fi\/en\/online-store\/"},{"@type":"ListItem","position":3,"name":"ROCKSHOX Monarch Plus\/XX\/RL\/R\/RT3 basic rear shock air can (MY14-16)"}]},{"@type":"WebSite","@id":"https:\/\/vmsport.fi\/#website","url":"https:\/\/vmsport.fi\/","name":"Vmsport","description":"Allt p\u00e5 ett st\u00e4lle f\u00f6r cykling","publisher":{"@id":"https:\/\/vmsport.fi\/#organization"},"potentialAction":[{"@type":"SearchAction","target":{"@type":"EntryPoint","urlTemplate":"https:\/\/vmsport.fi\/?s={search_term_string}"},"query-input":{"@type":"PropertyValueSpecification","valueRequired":true,"valueName":"search_term_string"}}],"inLanguage":"sv-SE"},{"@type":"Organization","@id":"https:\/\/vmsport.fi\/#organization","name":"Vmsport","url":"https:\/\/vmsport.fi\/","logo":{"@type":"ImageObject","inLanguage":"sv-SE","@id":"https:\/\/vmsport.fi\/#\/schema\/logo\/image\/","url":"https:\/\/vmsport.fi\/wp-content\/uploads\/2024\/12\/vm_sport_RGB_horisontal-e1734526017575.png","contentUrl":"https:\/\/vmsport.fi\/wp-content\/uploads\/2024\/12\/vm_sport_RGB_horisontal-e1734526017575.png","width":668,"height":85,"caption":"Vmsport"},"image":{"@id":"https:\/\/vmsport.fi\/#\/schema\/logo\/image\/"},"sameAs":["https:\/\/www.facebook.com\/Vmsport.fi\/","https:\/\/www.instagram.com\/vmsport\/"]}]}},"global_unique_id":"","_links":{"self":[{"href":"https:\/\/vmsport.fi\/sv\/wp-json\/wp\/v2\/product\/53747","targetHints":{"allow":["GET"]}}],"collection":[{"href":"https:\/\/vmsport.fi\/sv\/wp-json\/wp\/v2\/product"}],"about":[{"href":"https:\/\/vmsport.fi\/sv\/wp-json\/wp\/v2\/types\/product"}],"replies":[{"embeddable":true,"href":"https:\/\/vmsport.fi\/sv\/wp-json\/wp\/v2\/comments?post=53747"}],"wp:featuredmedia":[{"embeddable":true,"href":"https:\/\/vmsport.fi\/sv\/wp-json\/wp\/v2\/media\/53746"}],"wp:attachment":[{"href":"https:\/\/vmsport.fi\/sv\/wp-json\/wp\/v2\/media?parent=53747"}],"wp:term":[{"taxonomy":"product_brand","embeddable":true,"href":"https:\/\/vmsport.fi\/sv\/wp-json\/wp\/v2\/product_brand?post=53747"},{"taxonomy":"product_model","embeddable":true,"href":"https:\/\/vmsport.fi\/sv\/wp-json\/wp\/v2\/product_model?post=53747"},{"taxonomy":"product_cat","embeddable":true,"href":"https:\/\/vmsport.fi\/sv\/wp-json\/wp\/v2\/product_cat?post=53747"},{"taxonomy":"product_tag","embeddable":true,"href":"https:\/\/vmsport.fi\/sv\/wp-json\/wp\/v2\/product_tag?post=53747"},{"taxonomy":"industry_terminology","embeddable":true,"href":"https:\/\/vmsport.fi\/sv\/wp-json\/wp\/v2\/industry-terminology?post=53747"}],"curies":[{"name":"wp","href":"https:\/\/api.w.org\/{rel}","templated":true}]}}