{"id":53745,"date":"2025-03-05T23:44:45","date_gmt":"2025-03-05T21:44:45","guid":{"rendered":"https:\/\/vmsport.fi\/verkkokauppa\/Ei-luokiteltu\/xlc-steering-damper-ks-x01\/"},"modified":"2026-01-16T13:20:52","modified_gmt":"2026-01-16T11:20:52","slug":"xlc-styrdampare-ks-x01","status":"publish","type":"product","link":"https:\/\/vmsport.fi\/sv\/verkkokauppa\/varaosat\/ohjaamo\/ohjainlaakerit-ja-osat\/xlc-steering-damper-ks-x01\/","title":{"rendered":"XLC Styrd\u00e4mpare KS-X01"},"content":{"rendered":"<p>XLC KS-X01-st\u00f6td\u00e4mparen \u00e4r utformad f\u00f6r att \u00f6ka komforten och s\u00e4kerheten vid cykling. Denna svarta, metalliska d\u00e4mpare fungerar som en utm\u00e4rkt stabilisator och minskar risken f\u00f6r att styret ska vingla p\u00e5 oj\u00e4mna underlag. Fj\u00e4dermekanismen hj\u00e4lper till att bibeh\u00e5lla stabilitet och kontroll \u00e4ven i utmanande terr\u00e4ng. Enkel justering av styret g\u00f6r det till ett praktiskt tillbeh\u00f6r f\u00f6r olika cykeltyper.<\/p>","protected":false},"excerpt":{"rendered":"<p>XLC KS-X01 ohjausiskunvaimennin on suunniteltu lis\u00e4\u00e4m\u00e4\u00e4n py\u00f6r\u00e4ilyn mukavuutta ja turvallisuutta. T\u00e4m\u00e4 musta, metallinen vaimennin toimii erinomaisena vakauttajana, v\u00e4hent\u00e4en ohjaustangon mahdollisia heilahteluja ep\u00e4tasaisilla alustoilla. Jousimekanismi tukee vakauden ja hallinnan yll\u00e4pit\u00e4mist\u00e4 my\u00f6s haastavissa maastoissa. Helppo ohjaustangon s\u00e4\u00e4t\u00f6 tekee siit\u00e4 k\u00e4yt\u00e4nn\u00f6llisen lis\u00e4varusteen eri py\u00f6r\u00e4tyypeille. [&#8230;]<\/p>\n<p><a class=\"btn btn-secondary understrap-read-more-link\" href=\"https:\/\/vmsport.fi\/sv\/verkkokauppa\/varaosat\/ohjaamo\/ohjainlaakerit-ja-osat\/xlc-steering-damper-ks-x01\/\">L\u00e4s mer \u2026<span class=\"screen-reader-text\"> from XLC Steering damper KS-X01<\/span><\/a><\/p>\n","protected":false},"featured_media":53744,"comment_status":"open","ping_status":"closed","template":"","meta":{"_acf_changed":false,"_improvement_type_select":"improve_an_existing","_thumb_yes_seoaic":false,"_frame_yes_seoaic":false,"seoaic_generate_description":"","seoaic_improve_instructions_prompt":"","seoaic_rollback_content_improvement":"","seoaic_idea_thumbnail_generator":"","thumbnail_generated":false,"thumbnail_generate_prompt":"","seoaic_article_description":"","_supplier_stock_quantity":0},"product_brand":[],"product_model":[],"product_cat":[9492],"product_tag":[],"industry-terminology":[],"class_list":{"0":"post-53745","1":"product","2":"type-product","3":"status-publish","4":"has-post-thumbnail","6":"product_cat-ohjainlaakerit-ja-osat","8":"first","9":"outofstock","10":"taxable","11":"shipping-taxable","12":"product-type-simple"},"acf":{"bike_features":null,"overview":{"copy_overview":null,"key_features":null,"statement":"","youtube_url":""}},"yoast_head":"<!-- This site is optimized with the Yoast SEO plugin v27.3 - https:\/\/yoast.com\/product\/yoast-seo-wordpress\/ -->\n<title>XLC Steering damper KS-X01 - VM Sport<\/title>\n<meta name=\"robots\" content=\"index, follow, max-snippet:-1, max-image-preview:large, max-video-preview:-1\" \/>\n<link rel=\"canonical\" href=\"https:\/\/vmsport.fi\/sv\/webbutik\/reservdelar\/taxi\/styrlager-och-delar\/xlc-styrdampare-ks-x01\/\" \/>\n<meta property=\"og:locale\" content=\"sv_SE\" \/>\n<meta property=\"og:type\" content=\"article\" \/>\n<meta property=\"og:title\" content=\"XLC Steering damper KS-X01 - VM Sport\" \/>\n<meta property=\"og:description\" content=\"XLC KS-X01 ohjausiskunvaimennin on suunniteltu lis\u00e4\u00e4m\u00e4\u00e4n py\u00f6r\u00e4ilyn mukavuutta ja turvallisuutta. T\u00e4m\u00e4 musta, metallinen vaimennin toimii erinomaisena vakauttajana, v\u00e4hent\u00e4en ohjaustangon mahdollisia heilahteluja ep\u00e4tasaisilla alustoilla. Jousimekanismi tukee vakauden ja hallinnan yll\u00e4pit\u00e4mist\u00e4 my\u00f6s haastavissa maastoissa. Helppo ohjaustangon s\u00e4\u00e4t\u00f6 tekee siit\u00e4 k\u00e4yt\u00e4nn\u00f6llisen lis\u00e4varusteen eri py\u00f6r\u00e4tyypeille. [...]L\u00e4s mer \u2026 from XLC Steering damper KS-X01\" \/>\n<meta property=\"og:url\" content=\"https:\/\/vmsport.fi\/sv\/webbutik\/reservdelar\/taxi\/styrlager-och-delar\/xlc-styrdampare-ks-x01\/\" \/>\n<meta property=\"og:site_name\" content=\"VM Sport\" \/>\n<meta property=\"article:publisher\" content=\"https:\/\/www.facebook.com\/Vmsport.fi\/\" \/>\n<meta property=\"article:modified_time\" content=\"2026-01-16T11:20:52+00:00\" \/>\n<meta property=\"og:image\" content=\"https:\/\/vmsport.fi\/wp-content\/uploads\/2025\/03\/yAjDf4xBd49cmjSmN0hpAzWPD9pXg1LBNu6qrT0rNitY2pRJnB-1.jpg\" \/>\n\t<meta property=\"og:image:width\" content=\"800\" \/>\n\t<meta property=\"og:image:height\" content=\"800\" \/>\n\t<meta property=\"og:image:type\" content=\"image\/jpeg\" \/>\n<meta name=\"twitter:card\" content=\"summary_large_image\" \/>\n<script type=\"application\/ld+json\" class=\"yoast-schema-graph\">{\"@context\":\"https:\\\/\\\/schema.org\",\"@graph\":[{\"@type\":[\"WebPage\",\"ItemPage\"],\"@id\":\"https:\\\/\\\/vmsport.fi\\\/verkkokauppa\\\/varaosat\\\/ohjaamo\\\/ohjainlaakerit-ja-osat\\\/xlc-steering-damper-ks-x01\\\/\",\"url\":\"https:\\\/\\\/vmsport.fi\\\/verkkokauppa\\\/varaosat\\\/ohjaamo\\\/ohjainlaakerit-ja-osat\\\/xlc-steering-damper-ks-x01\\\/\",\"name\":\"XLC Steering damper KS-X01 - VM Sport\",\"isPartOf\":{\"@id\":\"https:\\\/\\\/vmsport.fi\\\/#website\"},\"primaryImageOfPage\":{\"@id\":\"https:\\\/\\\/vmsport.fi\\\/verkkokauppa\\\/varaosat\\\/ohjaamo\\\/ohjainlaakerit-ja-osat\\\/xlc-steering-damper-ks-x01\\\/#primaryimage\"},\"image\":{\"@id\":\"https:\\\/\\\/vmsport.fi\\\/verkkokauppa\\\/varaosat\\\/ohjaamo\\\/ohjainlaakerit-ja-osat\\\/xlc-steering-damper-ks-x01\\\/#primaryimage\"},\"thumbnailUrl\":\"https:\\\/\\\/vmsport.fi\\\/wp-content\\\/uploads\\\/2025\\\/03\\\/yAjDf4xBd49cmjSmN0hpAzWPD9pXg1LBNu6qrT0rNitY2pRJnB-1.jpg\",\"datePublished\":\"2025-03-05T21:44:45+00:00\",\"dateModified\":\"2026-01-16T11:20:52+00:00\",\"breadcrumb\":{\"@id\":\"https:\\\/\\\/vmsport.fi\\\/verkkokauppa\\\/varaosat\\\/ohjaamo\\\/ohjainlaakerit-ja-osat\\\/xlc-steering-damper-ks-x01\\\/#breadcrumb\"},\"inLanguage\":\"sv-SE\",\"potentialAction\":[{\"@type\":\"ReadAction\",\"target\":[\"https:\\\/\\\/vmsport.fi\\\/verkkokauppa\\\/varaosat\\\/ohjaamo\\\/ohjainlaakerit-ja-osat\\\/xlc-steering-damper-ks-x01\\\/\"]}]},{\"@type\":\"ImageObject\",\"inLanguage\":\"sv-SE\",\"@id\":\"https:\\\/\\\/vmsport.fi\\\/verkkokauppa\\\/varaosat\\\/ohjaamo\\\/ohjainlaakerit-ja-osat\\\/xlc-steering-damper-ks-x01\\\/#primaryimage\",\"url\":\"https:\\\/\\\/vmsport.fi\\\/wp-content\\\/uploads\\\/2025\\\/03\\\/yAjDf4xBd49cmjSmN0hpAzWPD9pXg1LBNu6qrT0rNitY2pRJnB-1.jpg\",\"contentUrl\":\"https:\\\/\\\/vmsport.fi\\\/wp-content\\\/uploads\\\/2025\\\/03\\\/yAjDf4xBd49cmjSmN0hpAzWPD9pXg1LBNu6qrT0rNitY2pRJnB-1.jpg\",\"width\":800,\"height\":800,\"caption\":\"yAjDf4xBd49cmjSmN0hpAzWPD9pXg1LBNu6qrT0rNitY2pRJnB\"},{\"@type\":\"BreadcrumbList\",\"@id\":\"https:\\\/\\\/vmsport.fi\\\/verkkokauppa\\\/varaosat\\\/ohjaamo\\\/ohjainlaakerit-ja-osat\\\/xlc-steering-damper-ks-x01\\\/#breadcrumb\",\"itemListElement\":[{\"@type\":\"ListItem\",\"position\":1,\"name\":\"Etusivu\",\"item\":\"https:\\\/\\\/vmsport.fi\\\/\"},{\"@type\":\"ListItem\",\"position\":2,\"name\":\"Online Store\",\"item\":\"https:\\\/\\\/vmsport.fi\\\/en\\\/online-store\\\/\"},{\"@type\":\"ListItem\",\"position\":3,\"name\":\"XLC Steering damper KS-X01\"}]},{\"@type\":\"WebSite\",\"@id\":\"https:\\\/\\\/vmsport.fi\\\/#website\",\"url\":\"https:\\\/\\\/vmsport.fi\\\/\",\"name\":\"Vmsport\",\"description\":\"Kaikki py\u00f6r\u00e4ilyyn yhdest\u00e4 paikasta\",\"publisher\":{\"@id\":\"https:\\\/\\\/vmsport.fi\\\/#organization\"},\"potentialAction\":[{\"@type\":\"SearchAction\",\"target\":{\"@type\":\"EntryPoint\",\"urlTemplate\":\"https:\\\/\\\/vmsport.fi\\\/?s={search_term_string}\"},\"query-input\":{\"@type\":\"PropertyValueSpecification\",\"valueRequired\":true,\"valueName\":\"search_term_string\"}}],\"inLanguage\":\"sv-SE\"},{\"@type\":\"Organization\",\"@id\":\"https:\\\/\\\/vmsport.fi\\\/#organization\",\"name\":\"Vmsport\",\"url\":\"https:\\\/\\\/vmsport.fi\\\/\",\"logo\":{\"@type\":\"ImageObject\",\"inLanguage\":\"sv-SE\",\"@id\":\"https:\\\/\\\/vmsport.fi\\\/#\\\/schema\\\/logo\\\/image\\\/\",\"url\":\"https:\\\/\\\/vmsport.fi\\\/wp-content\\\/uploads\\\/2024\\\/12\\\/vm_sport_RGB_horisontal-e1734526017575.png\",\"contentUrl\":\"https:\\\/\\\/vmsport.fi\\\/wp-content\\\/uploads\\\/2024\\\/12\\\/vm_sport_RGB_horisontal-e1734526017575.png\",\"width\":668,\"height\":85,\"caption\":\"Vmsport\"},\"image\":{\"@id\":\"https:\\\/\\\/vmsport.fi\\\/#\\\/schema\\\/logo\\\/image\\\/\"},\"sameAs\":[\"https:\\\/\\\/www.facebook.com\\\/Vmsport.fi\\\/\",\"https:\\\/\\\/www.instagram.com\\\/vmsport\\\/\"]}]}<\/script>\n<!-- \/ Yoast SEO plugin. -->","yoast_head_json":{"title":"XLC Styrd\u00e4mpare KS-X01 - VM Sport","robots":{"index":"index","follow":"follow","max-snippet":"max-snippet:-1","max-image-preview":"max-image-preview:large","max-video-preview":"max-video-preview:-1"},"canonical":"https:\/\/vmsport.fi\/sv\/webbutik\/reservdelar\/taxi\/styrlager-och-delar\/xlc-styrdampare-ks-x01\/","og_locale":"sv_SE","og_type":"article","og_title":"XLC Steering damper KS-X01 - VM Sport","og_description":"XLC KS-X01 ohjausiskunvaimennin on suunniteltu lis\u00e4\u00e4m\u00e4\u00e4n py\u00f6r\u00e4ilyn mukavuutta ja turvallisuutta. T\u00e4m\u00e4 musta, metallinen vaimennin toimii erinomaisena vakauttajana, v\u00e4hent\u00e4en ohjaustangon mahdollisia heilahteluja ep\u00e4tasaisilla alustoilla. Jousimekanismi tukee vakauden ja hallinnan yll\u00e4pit\u00e4mist\u00e4 my\u00f6s haastavissa maastoissa. Helppo ohjaustangon s\u00e4\u00e4t\u00f6 tekee siit\u00e4 k\u00e4yt\u00e4nn\u00f6llisen lis\u00e4varusteen eri py\u00f6r\u00e4tyypeille. [...]L\u00e4s mer \u2026 from XLC Steering damper KS-X01","og_url":"https:\/\/vmsport.fi\/sv\/webbutik\/reservdelar\/taxi\/styrlager-och-delar\/xlc-styrdampare-ks-x01\/","og_site_name":"VM Sport","article_publisher":"https:\/\/www.facebook.com\/Vmsport.fi\/","article_modified_time":"2026-01-16T11:20:52+00:00","og_image":[{"width":800,"height":800,"url":"https:\/\/vmsport.fi\/wp-content\/uploads\/2025\/03\/yAjDf4xBd49cmjSmN0hpAzWPD9pXg1LBNu6qrT0rNitY2pRJnB-1.jpg","type":"image\/jpeg"}],"twitter_card":"summary_large_image","schema":{"@context":"https:\/\/schema.org","@graph":[{"@type":["WebPage","ItemPage"],"@id":"https:\/\/vmsport.fi\/verkkokauppa\/varaosat\/ohjaamo\/ohjainlaakerit-ja-osat\/xlc-steering-damper-ks-x01\/","url":"https:\/\/vmsport.fi\/verkkokauppa\/varaosat\/ohjaamo\/ohjainlaakerit-ja-osat\/xlc-steering-damper-ks-x01\/","name":"XLC Styrd\u00e4mpare KS-X01 - VM Sport","isPartOf":{"@id":"https:\/\/vmsport.fi\/#website"},"primaryImageOfPage":{"@id":"https:\/\/vmsport.fi\/verkkokauppa\/varaosat\/ohjaamo\/ohjainlaakerit-ja-osat\/xlc-steering-damper-ks-x01\/#primaryimage"},"image":{"@id":"https:\/\/vmsport.fi\/verkkokauppa\/varaosat\/ohjaamo\/ohjainlaakerit-ja-osat\/xlc-steering-damper-ks-x01\/#primaryimage"},"thumbnailUrl":"https:\/\/vmsport.fi\/wp-content\/uploads\/2025\/03\/yAjDf4xBd49cmjSmN0hpAzWPD9pXg1LBNu6qrT0rNitY2pRJnB-1.jpg","datePublished":"2025-03-05T21:44:45+00:00","dateModified":"2026-01-16T11:20:52+00:00","breadcrumb":{"@id":"https:\/\/vmsport.fi\/verkkokauppa\/varaosat\/ohjaamo\/ohjainlaakerit-ja-osat\/xlc-steering-damper-ks-x01\/#breadcrumb"},"inLanguage":"sv-SE","potentialAction":[{"@type":"ReadAction","target":["https:\/\/vmsport.fi\/verkkokauppa\/varaosat\/ohjaamo\/ohjainlaakerit-ja-osat\/xlc-steering-damper-ks-x01\/"]}]},{"@type":"ImageObject","inLanguage":"sv-SE","@id":"https:\/\/vmsport.fi\/verkkokauppa\/varaosat\/ohjaamo\/ohjainlaakerit-ja-osat\/xlc-steering-damper-ks-x01\/#primaryimage","url":"https:\/\/vmsport.fi\/wp-content\/uploads\/2025\/03\/yAjDf4xBd49cmjSmN0hpAzWPD9pXg1LBNu6qrT0rNitY2pRJnB-1.jpg","contentUrl":"https:\/\/vmsport.fi\/wp-content\/uploads\/2025\/03\/yAjDf4xBd49cmjSmN0hpAzWPD9pXg1LBNu6qrT0rNitY2pRJnB-1.jpg","width":800,"height":800,"caption":"yAjDf4xBd49cmjSmN0hpAzWPD9pXg1LBNu6qrT0rNitY2pRJnB"},{"@type":"BreadcrumbList","@id":"https:\/\/vmsport.fi\/verkkokauppa\/varaosat\/ohjaamo\/ohjainlaakerit-ja-osat\/xlc-steering-damper-ks-x01\/#breadcrumb","itemListElement":[{"@type":"ListItem","position":1,"name":"Etusivu","item":"https:\/\/vmsport.fi\/"},{"@type":"ListItem","position":2,"name":"Online Store","item":"https:\/\/vmsport.fi\/en\/online-store\/"},{"@type":"ListItem","position":3,"name":"XLC Steering damper KS-X01"}]},{"@type":"WebSite","@id":"https:\/\/vmsport.fi\/#website","url":"https:\/\/vmsport.fi\/","name":"Vmsport","description":"Allt p\u00e5 ett st\u00e4lle f\u00f6r cykling","publisher":{"@id":"https:\/\/vmsport.fi\/#organization"},"potentialAction":[{"@type":"SearchAction","target":{"@type":"EntryPoint","urlTemplate":"https:\/\/vmsport.fi\/?s={search_term_string}"},"query-input":{"@type":"PropertyValueSpecification","valueRequired":true,"valueName":"search_term_string"}}],"inLanguage":"sv-SE"},{"@type":"Organization","@id":"https:\/\/vmsport.fi\/#organization","name":"Vmsport","url":"https:\/\/vmsport.fi\/","logo":{"@type":"ImageObject","inLanguage":"sv-SE","@id":"https:\/\/vmsport.fi\/#\/schema\/logo\/image\/","url":"https:\/\/vmsport.fi\/wp-content\/uploads\/2024\/12\/vm_sport_RGB_horisontal-e1734526017575.png","contentUrl":"https:\/\/vmsport.fi\/wp-content\/uploads\/2024\/12\/vm_sport_RGB_horisontal-e1734526017575.png","width":668,"height":85,"caption":"Vmsport"},"image":{"@id":"https:\/\/vmsport.fi\/#\/schema\/logo\/image\/"},"sameAs":["https:\/\/www.facebook.com\/Vmsport.fi\/","https:\/\/www.instagram.com\/vmsport\/"]}]}},"global_unique_id":"","_links":{"self":[{"href":"https:\/\/vmsport.fi\/sv\/wp-json\/wp\/v2\/product\/53745","targetHints":{"allow":["GET"]}}],"collection":[{"href":"https:\/\/vmsport.fi\/sv\/wp-json\/wp\/v2\/product"}],"about":[{"href":"https:\/\/vmsport.fi\/sv\/wp-json\/wp\/v2\/types\/product"}],"replies":[{"embeddable":true,"href":"https:\/\/vmsport.fi\/sv\/wp-json\/wp\/v2\/comments?post=53745"}],"wp:featuredmedia":[{"embeddable":true,"href":"https:\/\/vmsport.fi\/sv\/wp-json\/wp\/v2\/media\/53744"}],"wp:attachment":[{"href":"https:\/\/vmsport.fi\/sv\/wp-json\/wp\/v2\/media?parent=53745"}],"wp:term":[{"taxonomy":"product_brand","embeddable":true,"href":"https:\/\/vmsport.fi\/sv\/wp-json\/wp\/v2\/product_brand?post=53745"},{"taxonomy":"product_model","embeddable":true,"href":"https:\/\/vmsport.fi\/sv\/wp-json\/wp\/v2\/product_model?post=53745"},{"taxonomy":"product_cat","embeddable":true,"href":"https:\/\/vmsport.fi\/sv\/wp-json\/wp\/v2\/product_cat?post=53745"},{"taxonomy":"product_tag","embeddable":true,"href":"https:\/\/vmsport.fi\/sv\/wp-json\/wp\/v2\/product_tag?post=53745"},{"taxonomy":"industry_terminology","embeddable":true,"href":"https:\/\/vmsport.fi\/sv\/wp-json\/wp\/v2\/industry-terminology?post=53745"}],"curies":[{"name":"wp","href":"https:\/\/api.w.org\/{rel}","templated":true}]}}