{"id":53743,"date":"2025-03-05T23:44:44","date_gmt":"2025-03-05T21:44:44","guid":{"rendered":"https:\/\/vmsport.fi\/verkkokauppa\/Ei-luokiteltu\/jarrukahvan-osa-bl-m8000\/"},"modified":"2026-01-16T13:26:11","modified_gmt":"2026-01-16T11:26:11","slug":"bromsspak-del-bl-m8000","status":"publish","type":"product","link":"https:\/\/vmsport.fi\/sv\/verkkokauppa\/varaosat\/jarrut\/vaijerit-kuoret-ja-muut-jarruosat\/jarrukahvan-osa-bl-m8000\/","title":{"rendered":"Bromsspak del BL-M8000"},"content":{"rendered":"<p>Shimano BL-M8000 bromshandtag, som \u00e4r s\u00e4rskilt utformat f\u00f6r mountainbike, f\u00f6rb\u00e4ttrar k\u00f6rupplevelsen med sin tillf\u00f6rlitlighet. Denna h\u00f6gkvalitativa hjulkomponent \u00e4r en viktig del av bromssystemet och s\u00e4kerst\u00e4ller precision och effektivitet i bromssituationer. Den robusta konstruktionen, som klarar kr\u00e4vande f\u00f6rh\u00e5llanden, garanterar h\u00e5llbarhet och prestanda f\u00f6r b\u00e5de amat\u00f6rer och proffs. L\u00e4tt att installera, vilket g\u00f6r den till ett utm\u00e4rkt val f\u00f6r alla som vill bibeh\u00e5lla eller f\u00f6rb\u00e4ttra bromsprestandan p\u00e5 sin cykel.<\/p>","protected":false},"excerpt":{"rendered":"<p>Shimano BL-M8000 jarrukahva, joka on suunniteltu erityisesti maastopy\u00f6r\u00e4ilyyn, parantaa ajokokemusta luotettavuudellaan. T\u00e4m\u00e4 korkealaatuinen py\u00f6r\u00e4n osa, joka on t\u00e4rke\u00e4 osa jarruj\u00e4rjestelm\u00e4\u00e4, takaa tarkkuuden ja tehokkuuden jarrutustilanteissa. Vankka rakenne, joka kest\u00e4\u00e4 vaativia olosuhteita, varmistaa kest\u00e4vyyden ja suorituskyvyn niin harrastajille kuin ammattilaisillekin. Helppo asentaa, joten se on erinomainen valinta kaikille, jotka haluavat yll\u00e4pit\u00e4\u00e4 tai parantaa py\u00f6r\u00e4ns\u00e4 jarrutustehoa. [&#8230;]<\/p>\n<p><a class=\"btn btn-secondary understrap-read-more-link\" href=\"https:\/\/vmsport.fi\/sv\/verkkokauppa\/varaosat\/jarrut\/vaijerit-kuoret-ja-muut-jarruosat\/jarrukahvan-osa-bl-m8000\/\">L\u00e4s mer \u2026<span class=\"screen-reader-text\"> from Jarrukahvan osa BL-M8000<\/span><\/a><\/p>\n","protected":false},"featured_media":53742,"comment_status":"open","ping_status":"closed","template":"","meta":{"_acf_changed":false,"_improvement_type_select":"improve_an_existing","_thumb_yes_seoaic":false,"_frame_yes_seoaic":false,"seoaic_generate_description":"","seoaic_improve_instructions_prompt":"","seoaic_rollback_content_improvement":"","seoaic_idea_thumbnail_generator":"","thumbnail_generated":false,"thumbnail_generate_prompt":"","seoaic_article_description":"","_supplier_stock_quantity":0},"product_brand":[],"product_model":[],"product_cat":[9338],"product_tag":[],"industry-terminology":[],"class_list":{"0":"post-53743","1":"product","2":"type-product","3":"status-publish","4":"has-post-thumbnail","6":"product_cat-vaijerit-kuoret-ja-muut-jarruosat","8":"first","9":"outofstock","10":"taxable","11":"shipping-taxable","12":"product-type-simple"},"acf":{"bike_features":null,"overview":{"copy_overview":null,"key_features":null,"statement":"","youtube_url":""}},"yoast_head":"<!-- This site is optimized with the Yoast SEO plugin v27.3 - https:\/\/yoast.com\/product\/yoast-seo-wordpress\/ -->\n<title>Jarrukahvan osa BL-M8000 - VM Sport<\/title>\n<meta name=\"robots\" content=\"index, follow, max-snippet:-1, max-image-preview:large, max-video-preview:-1\" \/>\n<link rel=\"canonical\" href=\"https:\/\/vmsport.fi\/sv\/webbutik\/reservdelar\/bromsar\/linor-skivor-och-andra-bromsdelar\/bromsspak-del-bl-m8000\/\" \/>\n<meta property=\"og:locale\" content=\"sv_SE\" \/>\n<meta property=\"og:type\" content=\"article\" \/>\n<meta property=\"og:title\" content=\"Jarrukahvan osa BL-M8000 - VM Sport\" \/>\n<meta property=\"og:description\" content=\"Shimano BL-M8000 jarrukahva, joka on suunniteltu erityisesti maastopy\u00f6r\u00e4ilyyn, parantaa ajokokemusta luotettavuudellaan. T\u00e4m\u00e4 korkealaatuinen py\u00f6r\u00e4n osa, joka on t\u00e4rke\u00e4 osa jarruj\u00e4rjestelm\u00e4\u00e4, takaa tarkkuuden ja tehokkuuden jarrutustilanteissa. Vankka rakenne, joka kest\u00e4\u00e4 vaativia olosuhteita, varmistaa kest\u00e4vyyden ja suorituskyvyn niin harrastajille kuin ammattilaisillekin. Helppo asentaa, joten se on erinomainen valinta kaikille, jotka haluavat yll\u00e4pit\u00e4\u00e4 tai parantaa py\u00f6r\u00e4ns\u00e4 jarrutustehoa. [...]L\u00e4s mer \u2026 from Jarrukahvan osa BL-M8000\" \/>\n<meta property=\"og:url\" content=\"https:\/\/vmsport.fi\/sv\/webbutik\/reservdelar\/bromsar\/linor-skivor-och-andra-bromsdelar\/bromsspak-del-bl-m8000\/\" \/>\n<meta property=\"og:site_name\" content=\"VM Sport\" \/>\n<meta property=\"article:publisher\" content=\"https:\/\/www.facebook.com\/Vmsport.fi\/\" \/>\n<meta property=\"article:modified_time\" content=\"2026-01-16T11:26:11+00:00\" \/>\n<meta property=\"og:image\" content=\"https:\/\/vmsport.fi\/wp-content\/uploads\/2025\/03\/iDxlxgHLM5wa99ZlqoinVyoUNoQ6hNfGR83SRUYbx0uDI3OZEl-1.jpg\" \/>\n\t<meta property=\"og:image:width\" content=\"600\" \/>\n\t<meta property=\"og:image:height\" content=\"600\" \/>\n\t<meta property=\"og:image:type\" content=\"image\/jpeg\" \/>\n<meta name=\"twitter:card\" content=\"summary_large_image\" \/>\n<script type=\"application\/ld+json\" class=\"yoast-schema-graph\">{\"@context\":\"https:\\\/\\\/schema.org\",\"@graph\":[{\"@type\":[\"WebPage\",\"ItemPage\"],\"@id\":\"https:\\\/\\\/vmsport.fi\\\/verkkokauppa\\\/varaosat\\\/jarrut\\\/vaijerit-kuoret-ja-muut-jarruosat\\\/jarrukahvan-osa-bl-m8000\\\/\",\"url\":\"https:\\\/\\\/vmsport.fi\\\/verkkokauppa\\\/varaosat\\\/jarrut\\\/vaijerit-kuoret-ja-muut-jarruosat\\\/jarrukahvan-osa-bl-m8000\\\/\",\"name\":\"Jarrukahvan osa BL-M8000 - VM Sport\",\"isPartOf\":{\"@id\":\"https:\\\/\\\/vmsport.fi\\\/#website\"},\"primaryImageOfPage\":{\"@id\":\"https:\\\/\\\/vmsport.fi\\\/verkkokauppa\\\/varaosat\\\/jarrut\\\/vaijerit-kuoret-ja-muut-jarruosat\\\/jarrukahvan-osa-bl-m8000\\\/#primaryimage\"},\"image\":{\"@id\":\"https:\\\/\\\/vmsport.fi\\\/verkkokauppa\\\/varaosat\\\/jarrut\\\/vaijerit-kuoret-ja-muut-jarruosat\\\/jarrukahvan-osa-bl-m8000\\\/#primaryimage\"},\"thumbnailUrl\":\"https:\\\/\\\/vmsport.fi\\\/wp-content\\\/uploads\\\/2025\\\/03\\\/iDxlxgHLM5wa99ZlqoinVyoUNoQ6hNfGR83SRUYbx0uDI3OZEl-1.jpg\",\"datePublished\":\"2025-03-05T21:44:44+00:00\",\"dateModified\":\"2026-01-16T11:26:11+00:00\",\"breadcrumb\":{\"@id\":\"https:\\\/\\\/vmsport.fi\\\/verkkokauppa\\\/varaosat\\\/jarrut\\\/vaijerit-kuoret-ja-muut-jarruosat\\\/jarrukahvan-osa-bl-m8000\\\/#breadcrumb\"},\"inLanguage\":\"sv-SE\",\"potentialAction\":[{\"@type\":\"ReadAction\",\"target\":[\"https:\\\/\\\/vmsport.fi\\\/verkkokauppa\\\/varaosat\\\/jarrut\\\/vaijerit-kuoret-ja-muut-jarruosat\\\/jarrukahvan-osa-bl-m8000\\\/\"]}]},{\"@type\":\"ImageObject\",\"inLanguage\":\"sv-SE\",\"@id\":\"https:\\\/\\\/vmsport.fi\\\/verkkokauppa\\\/varaosat\\\/jarrut\\\/vaijerit-kuoret-ja-muut-jarruosat\\\/jarrukahvan-osa-bl-m8000\\\/#primaryimage\",\"url\":\"https:\\\/\\\/vmsport.fi\\\/wp-content\\\/uploads\\\/2025\\\/03\\\/iDxlxgHLM5wa99ZlqoinVyoUNoQ6hNfGR83SRUYbx0uDI3OZEl-1.jpg\",\"contentUrl\":\"https:\\\/\\\/vmsport.fi\\\/wp-content\\\/uploads\\\/2025\\\/03\\\/iDxlxgHLM5wa99ZlqoinVyoUNoQ6hNfGR83SRUYbx0uDI3OZEl-1.jpg\",\"width\":600,\"height\":600,\"caption\":\"iDxlxgHLM5wa99ZlqoinVyoUNoQ6hNfGR83SRUYbx0uDI3OZEl\"},{\"@type\":\"BreadcrumbList\",\"@id\":\"https:\\\/\\\/vmsport.fi\\\/verkkokauppa\\\/varaosat\\\/jarrut\\\/vaijerit-kuoret-ja-muut-jarruosat\\\/jarrukahvan-osa-bl-m8000\\\/#breadcrumb\",\"itemListElement\":[{\"@type\":\"ListItem\",\"position\":1,\"name\":\"Etusivu\",\"item\":\"https:\\\/\\\/vmsport.fi\\\/\"},{\"@type\":\"ListItem\",\"position\":2,\"name\":\"Online Store\",\"item\":\"https:\\\/\\\/vmsport.fi\\\/en\\\/online-store\\\/\"},{\"@type\":\"ListItem\",\"position\":3,\"name\":\"Jarrukahvan osa BL-M8000\"}]},{\"@type\":\"WebSite\",\"@id\":\"https:\\\/\\\/vmsport.fi\\\/#website\",\"url\":\"https:\\\/\\\/vmsport.fi\\\/\",\"name\":\"Vmsport\",\"description\":\"Kaikki py\u00f6r\u00e4ilyyn yhdest\u00e4 paikasta\",\"publisher\":{\"@id\":\"https:\\\/\\\/vmsport.fi\\\/#organization\"},\"potentialAction\":[{\"@type\":\"SearchAction\",\"target\":{\"@type\":\"EntryPoint\",\"urlTemplate\":\"https:\\\/\\\/vmsport.fi\\\/?s={search_term_string}\"},\"query-input\":{\"@type\":\"PropertyValueSpecification\",\"valueRequired\":true,\"valueName\":\"search_term_string\"}}],\"inLanguage\":\"sv-SE\"},{\"@type\":\"Organization\",\"@id\":\"https:\\\/\\\/vmsport.fi\\\/#organization\",\"name\":\"Vmsport\",\"url\":\"https:\\\/\\\/vmsport.fi\\\/\",\"logo\":{\"@type\":\"ImageObject\",\"inLanguage\":\"sv-SE\",\"@id\":\"https:\\\/\\\/vmsport.fi\\\/#\\\/schema\\\/logo\\\/image\\\/\",\"url\":\"https:\\\/\\\/vmsport.fi\\\/wp-content\\\/uploads\\\/2024\\\/12\\\/vm_sport_RGB_horisontal-e1734526017575.png\",\"contentUrl\":\"https:\\\/\\\/vmsport.fi\\\/wp-content\\\/uploads\\\/2024\\\/12\\\/vm_sport_RGB_horisontal-e1734526017575.png\",\"width\":668,\"height\":85,\"caption\":\"Vmsport\"},\"image\":{\"@id\":\"https:\\\/\\\/vmsport.fi\\\/#\\\/schema\\\/logo\\\/image\\\/\"},\"sameAs\":[\"https:\\\/\\\/www.facebook.com\\\/Vmsport.fi\\\/\",\"https:\\\/\\\/www.instagram.com\\\/vmsport\\\/\"]}]}<\/script>\n<!-- \/ Yoast SEO plugin. -->","yoast_head_json":{"title":"Bromsspak del BL-M8000 - VM Sport","robots":{"index":"index","follow":"follow","max-snippet":"max-snippet:-1","max-image-preview":"max-image-preview:large","max-video-preview":"max-video-preview:-1"},"canonical":"https:\/\/vmsport.fi\/sv\/webbutik\/reservdelar\/bromsar\/linor-skivor-och-andra-bromsdelar\/bromsspak-del-bl-m8000\/","og_locale":"sv_SE","og_type":"article","og_title":"Jarrukahvan osa BL-M8000 - VM Sport","og_description":"Shimano BL-M8000 jarrukahva, joka on suunniteltu erityisesti maastopy\u00f6r\u00e4ilyyn, parantaa ajokokemusta luotettavuudellaan. T\u00e4m\u00e4 korkealaatuinen py\u00f6r\u00e4n osa, joka on t\u00e4rke\u00e4 osa jarruj\u00e4rjestelm\u00e4\u00e4, takaa tarkkuuden ja tehokkuuden jarrutustilanteissa. Vankka rakenne, joka kest\u00e4\u00e4 vaativia olosuhteita, varmistaa kest\u00e4vyyden ja suorituskyvyn niin harrastajille kuin ammattilaisillekin. Helppo asentaa, joten se on erinomainen valinta kaikille, jotka haluavat yll\u00e4pit\u00e4\u00e4 tai parantaa py\u00f6r\u00e4ns\u00e4 jarrutustehoa. [...]L\u00e4s mer \u2026 from Jarrukahvan osa BL-M8000","og_url":"https:\/\/vmsport.fi\/sv\/webbutik\/reservdelar\/bromsar\/linor-skivor-och-andra-bromsdelar\/bromsspak-del-bl-m8000\/","og_site_name":"VM Sport","article_publisher":"https:\/\/www.facebook.com\/Vmsport.fi\/","article_modified_time":"2026-01-16T11:26:11+00:00","og_image":[{"width":600,"height":600,"url":"https:\/\/vmsport.fi\/wp-content\/uploads\/2025\/03\/iDxlxgHLM5wa99ZlqoinVyoUNoQ6hNfGR83SRUYbx0uDI3OZEl-1.jpg","type":"image\/jpeg"}],"twitter_card":"summary_large_image","schema":{"@context":"https:\/\/schema.org","@graph":[{"@type":["WebPage","ItemPage"],"@id":"https:\/\/vmsport.fi\/verkkokauppa\/varaosat\/jarrut\/vaijerit-kuoret-ja-muut-jarruosat\/jarrukahvan-osa-bl-m8000\/","url":"https:\/\/vmsport.fi\/verkkokauppa\/varaosat\/jarrut\/vaijerit-kuoret-ja-muut-jarruosat\/jarrukahvan-osa-bl-m8000\/","name":"Bromsspak del BL-M8000 - VM Sport","isPartOf":{"@id":"https:\/\/vmsport.fi\/#website"},"primaryImageOfPage":{"@id":"https:\/\/vmsport.fi\/verkkokauppa\/varaosat\/jarrut\/vaijerit-kuoret-ja-muut-jarruosat\/jarrukahvan-osa-bl-m8000\/#primaryimage"},"image":{"@id":"https:\/\/vmsport.fi\/verkkokauppa\/varaosat\/jarrut\/vaijerit-kuoret-ja-muut-jarruosat\/jarrukahvan-osa-bl-m8000\/#primaryimage"},"thumbnailUrl":"https:\/\/vmsport.fi\/wp-content\/uploads\/2025\/03\/iDxlxgHLM5wa99ZlqoinVyoUNoQ6hNfGR83SRUYbx0uDI3OZEl-1.jpg","datePublished":"2025-03-05T21:44:44+00:00","dateModified":"2026-01-16T11:26:11+00:00","breadcrumb":{"@id":"https:\/\/vmsport.fi\/verkkokauppa\/varaosat\/jarrut\/vaijerit-kuoret-ja-muut-jarruosat\/jarrukahvan-osa-bl-m8000\/#breadcrumb"},"inLanguage":"sv-SE","potentialAction":[{"@type":"ReadAction","target":["https:\/\/vmsport.fi\/verkkokauppa\/varaosat\/jarrut\/vaijerit-kuoret-ja-muut-jarruosat\/jarrukahvan-osa-bl-m8000\/"]}]},{"@type":"ImageObject","inLanguage":"sv-SE","@id":"https:\/\/vmsport.fi\/verkkokauppa\/varaosat\/jarrut\/vaijerit-kuoret-ja-muut-jarruosat\/jarrukahvan-osa-bl-m8000\/#primaryimage","url":"https:\/\/vmsport.fi\/wp-content\/uploads\/2025\/03\/iDxlxgHLM5wa99ZlqoinVyoUNoQ6hNfGR83SRUYbx0uDI3OZEl-1.jpg","contentUrl":"https:\/\/vmsport.fi\/wp-content\/uploads\/2025\/03\/iDxlxgHLM5wa99ZlqoinVyoUNoQ6hNfGR83SRUYbx0uDI3OZEl-1.jpg","width":600,"height":600,"caption":"iDxlxgHLM5wa99ZlqoinVyoUNoQ6hNfGR83SRUYbx0uDI3OZEl"},{"@type":"BreadcrumbList","@id":"https:\/\/vmsport.fi\/verkkokauppa\/varaosat\/jarrut\/vaijerit-kuoret-ja-muut-jarruosat\/jarrukahvan-osa-bl-m8000\/#breadcrumb","itemListElement":[{"@type":"ListItem","position":1,"name":"Etusivu","item":"https:\/\/vmsport.fi\/"},{"@type":"ListItem","position":2,"name":"Online Store","item":"https:\/\/vmsport.fi\/en\/online-store\/"},{"@type":"ListItem","position":3,"name":"Jarrukahvan osa BL-M8000"}]},{"@type":"WebSite","@id":"https:\/\/vmsport.fi\/#website","url":"https:\/\/vmsport.fi\/","name":"Vmsport","description":"Allt p\u00e5 ett st\u00e4lle f\u00f6r cykling","publisher":{"@id":"https:\/\/vmsport.fi\/#organization"},"potentialAction":[{"@type":"SearchAction","target":{"@type":"EntryPoint","urlTemplate":"https:\/\/vmsport.fi\/?s={search_term_string}"},"query-input":{"@type":"PropertyValueSpecification","valueRequired":true,"valueName":"search_term_string"}}],"inLanguage":"sv-SE"},{"@type":"Organization","@id":"https:\/\/vmsport.fi\/#organization","name":"Vmsport","url":"https:\/\/vmsport.fi\/","logo":{"@type":"ImageObject","inLanguage":"sv-SE","@id":"https:\/\/vmsport.fi\/#\/schema\/logo\/image\/","url":"https:\/\/vmsport.fi\/wp-content\/uploads\/2024\/12\/vm_sport_RGB_horisontal-e1734526017575.png","contentUrl":"https:\/\/vmsport.fi\/wp-content\/uploads\/2024\/12\/vm_sport_RGB_horisontal-e1734526017575.png","width":668,"height":85,"caption":"Vmsport"},"image":{"@id":"https:\/\/vmsport.fi\/#\/schema\/logo\/image\/"},"sameAs":["https:\/\/www.facebook.com\/Vmsport.fi\/","https:\/\/www.instagram.com\/vmsport\/"]}]}},"global_unique_id":"","_links":{"self":[{"href":"https:\/\/vmsport.fi\/sv\/wp-json\/wp\/v2\/product\/53743","targetHints":{"allow":["GET"]}}],"collection":[{"href":"https:\/\/vmsport.fi\/sv\/wp-json\/wp\/v2\/product"}],"about":[{"href":"https:\/\/vmsport.fi\/sv\/wp-json\/wp\/v2\/types\/product"}],"replies":[{"embeddable":true,"href":"https:\/\/vmsport.fi\/sv\/wp-json\/wp\/v2\/comments?post=53743"}],"wp:featuredmedia":[{"embeddable":true,"href":"https:\/\/vmsport.fi\/sv\/wp-json\/wp\/v2\/media\/53742"}],"wp:attachment":[{"href":"https:\/\/vmsport.fi\/sv\/wp-json\/wp\/v2\/media?parent=53743"}],"wp:term":[{"taxonomy":"product_brand","embeddable":true,"href":"https:\/\/vmsport.fi\/sv\/wp-json\/wp\/v2\/product_brand?post=53743"},{"taxonomy":"product_model","embeddable":true,"href":"https:\/\/vmsport.fi\/sv\/wp-json\/wp\/v2\/product_model?post=53743"},{"taxonomy":"product_cat","embeddable":true,"href":"https:\/\/vmsport.fi\/sv\/wp-json\/wp\/v2\/product_cat?post=53743"},{"taxonomy":"product_tag","embeddable":true,"href":"https:\/\/vmsport.fi\/sv\/wp-json\/wp\/v2\/product_tag?post=53743"},{"taxonomy":"industry_terminology","embeddable":true,"href":"https:\/\/vmsport.fi\/sv\/wp-json\/wp\/v2\/industry-terminology?post=53743"}],"curies":[{"name":"wp","href":"https:\/\/api.w.org\/{rel}","templated":true}]}}