{"id":53710,"date":"2025-03-05T23:44:18","date_gmt":"2025-03-05T21:44:18","guid":{"rendered":"https:\/\/vmsport.fi\/verkkokauppa\/Ei-luokiteltu\/istuin-ergon-sm-e-mountain-pro-miesten\/"},"modified":"2026-01-16T13:21:09","modified_gmt":"2026-01-16T11:21:09","slug":"seat-ergon-sm-e-mountain-pro-men","status":"publish","type":"product","link":"https:\/\/vmsport.fi\/sv\/verkkokauppa\/varaosat\/satulat-ja-satulatolpat\/satulat\/istuin-ergon-sm-e-mountain-pro-miesten\/","title":{"rendered":"Sadel ERGON SM E-Mountain Pro herr"},"content":{"rendered":"<p>Ergon SM E-Mountain Pro-sadeln f\u00f6r herrar \u00e4r s\u00e4rskilt utformad f\u00f6r elassisterad mountainbikecykling, vilket g\u00f6r den till ett utm\u00e4rkt val f\u00f6r kr\u00e4vande stigar. Den ergonomiska designen s\u00e4kerst\u00e4ller en bekv\u00e4m k\u00f6rupplevelse genom att minimera tryckpunkter och st\u00f6dja en optimal k\u00f6rst\u00e4llning. Den svarta f\u00e4rgen ger ett elegant och tidl\u00f6st utseende, medan det h\u00f6gkvalitativa materialvalet utlovar h\u00e5llbarhet, s\u00e5 att produkten kan anv\u00e4ndas under l\u00e5ng tid. Den h\u00e4r sadeln \u00e4r utformad f\u00f6r m\u00e4n som v\u00e4rdes\u00e4tter komfort och prestanda, oavsett om det g\u00e4ller en l\u00e5ng joggingtur eller ett intensivt \u00e4ventyr i terr\u00e4ngen.<\/p>","protected":false},"excerpt":{"rendered":"<p>Ergon SM E-Mountain Pro Miesten satula on suunniteltu erityisesti s\u00e4hk\u00f6avusteiseen maastopy\u00f6r\u00e4ilyyn, mik\u00e4 tekee siit\u00e4 erinomaisen valinnan vaativille reiteille. Ergonominen muotoilu varmistaa miellytt\u00e4v\u00e4n ajokokemuksen, sill\u00e4 se minimoi painepisteit\u00e4 ja tukee optimaalista ajoasentoa. Musta v\u00e4ri antaa tyylikk\u00e4\u00e4n ja ajattoman ulkon\u00e4\u00f6n, ja laadukas materiaalivalinta lupaa kest\u00e4vyytt\u00e4, mik\u00e4 pit\u00e4\u00e4 tuotteen pitk\u00e4\u00e4n k\u00e4ytt\u00f6kelpoisena. T\u00e4m\u00e4 satula on suunniteltu miehille, jotka arvostavat [&#8230;]<\/p>\n<p><a class=\"btn btn-secondary understrap-read-more-link\" href=\"https:\/\/vmsport.fi\/sv\/verkkokauppa\/varaosat\/satulat-ja-satulatolpat\/satulat\/istuin-ergon-sm-e-mountain-pro-miesten\/\">L\u00e4s mer \u2026<span class=\"screen-reader-text\"> from Istuin ERGON SM E-Mountain Pro Miesten<\/span><\/a><\/p>\n","protected":false},"featured_media":53706,"comment_status":"open","ping_status":"closed","template":"","meta":{"_acf_changed":false,"_improvement_type_select":"improve_an_existing","_thumb_yes_seoaic":false,"_frame_yes_seoaic":false,"seoaic_generate_description":"","seoaic_improve_instructions_prompt":"","seoaic_rollback_content_improvement":"","seoaic_idea_thumbnail_generator":"","thumbnail_generated":false,"thumbnail_generate_prompt":"","seoaic_article_description":"","_supplier_stock_quantity":0},"product_brand":[1581],"product_model":[],"product_cat":[9380],"product_tag":[],"industry-terminology":[],"class_list":{"0":"post-53710","1":"product","2":"type-product","3":"status-publish","4":"has-post-thumbnail","6":"product_brand-ergon","7":"product_cat-satulat","9":"first","10":"instock","11":"taxable","12":"shipping-taxable","13":"purchasable","14":"product-type-variable"},"acf":{"bike_features":null,"overview":{"copy_overview":null,"key_features":null,"statement":"","youtube_url":""}},"yoast_head":"<!-- This site is optimized with the Yoast SEO plugin v27.4 - https:\/\/yoast.com\/product\/yoast-seo-wordpress\/ -->\n<title>Istuin ERGON SM E-Mountain Pro Miesten - VM Sport<\/title>\n<meta name=\"robots\" content=\"index, follow, max-snippet:-1, max-image-preview:large, max-video-preview:-1\" \/>\n<link rel=\"canonical\" href=\"https:\/\/vmsport.fi\/sv\/webbutik\/reservdelar\/sadlar-och-sadelstolpar\/sadlar\/seat-ergon-sm-e-mountain-pro-men\/\" \/>\n<meta property=\"og:locale\" content=\"sv_SE\" \/>\n<meta property=\"og:type\" content=\"article\" \/>\n<meta property=\"og:title\" content=\"Istuin ERGON SM E-Mountain Pro Miesten - VM Sport\" \/>\n<meta property=\"og:description\" content=\"Ergon SM E-Mountain Pro Miesten satula on suunniteltu erityisesti s\u00e4hk\u00f6avusteiseen maastopy\u00f6r\u00e4ilyyn, mik\u00e4 tekee siit\u00e4 erinomaisen valinnan vaativille reiteille. Ergonominen muotoilu varmistaa miellytt\u00e4v\u00e4n ajokokemuksen, sill\u00e4 se minimoi painepisteit\u00e4 ja tukee optimaalista ajoasentoa. Musta v\u00e4ri antaa tyylikk\u00e4\u00e4n ja ajattoman ulkon\u00e4\u00f6n, ja laadukas materiaalivalinta lupaa kest\u00e4vyytt\u00e4, mik\u00e4 pit\u00e4\u00e4 tuotteen pitk\u00e4\u00e4n k\u00e4ytt\u00f6kelpoisena. T\u00e4m\u00e4 satula on suunniteltu miehille, jotka arvostavat [...]L\u00e4s mer \u2026 from Istuin ERGON SM E-Mountain Pro Miesten\" \/>\n<meta property=\"og:url\" content=\"https:\/\/vmsport.fi\/sv\/webbutik\/reservdelar\/sadlar-och-sadelstolpar\/sadlar\/seat-ergon-sm-e-mountain-pro-men\/\" \/>\n<meta property=\"og:site_name\" content=\"VM Sport\" \/>\n<meta property=\"article:publisher\" content=\"https:\/\/www.facebook.com\/Vmsport.fi\/\" \/>\n<meta property=\"article:modified_time\" content=\"2026-01-16T11:21:09+00:00\" \/>\n<meta property=\"og:image\" content=\"https:\/\/vmsport.fi\/wp-content\/uploads\/2025\/03\/44011065-1.jpg\" \/>\n\t<meta property=\"og:image:width\" content=\"1000\" \/>\n\t<meta property=\"og:image:height\" content=\"1000\" \/>\n\t<meta property=\"og:image:type\" content=\"image\/jpeg\" \/>\n<meta name=\"twitter:card\" content=\"summary_large_image\" \/>\n<script type=\"application\/ld+json\" class=\"yoast-schema-graph\">{\"@context\":\"https:\\\/\\\/schema.org\",\"@graph\":[{\"@type\":[\"WebPage\",\"ItemPage\"],\"@id\":\"https:\\\/\\\/vmsport.fi\\\/verkkokauppa\\\/varaosat\\\/satulat-ja-satulatolpat\\\/satulat\\\/istuin-ergon-sm-e-mountain-pro-miesten\\\/\",\"url\":\"https:\\\/\\\/vmsport.fi\\\/verkkokauppa\\\/varaosat\\\/satulat-ja-satulatolpat\\\/satulat\\\/istuin-ergon-sm-e-mountain-pro-miesten\\\/\",\"name\":\"Istuin ERGON SM E-Mountain Pro Miesten - VM Sport\",\"isPartOf\":{\"@id\":\"https:\\\/\\\/vmsport.fi\\\/#website\"},\"primaryImageOfPage\":{\"@id\":\"https:\\\/\\\/vmsport.fi\\\/verkkokauppa\\\/varaosat\\\/satulat-ja-satulatolpat\\\/satulat\\\/istuin-ergon-sm-e-mountain-pro-miesten\\\/#primaryimage\"},\"image\":{\"@id\":\"https:\\\/\\\/vmsport.fi\\\/verkkokauppa\\\/varaosat\\\/satulat-ja-satulatolpat\\\/satulat\\\/istuin-ergon-sm-e-mountain-pro-miesten\\\/#primaryimage\"},\"thumbnailUrl\":\"https:\\\/\\\/vmsport.fi\\\/wp-content\\\/uploads\\\/2025\\\/03\\\/44011065-1.jpg\",\"datePublished\":\"2025-03-05T21:44:18+00:00\",\"dateModified\":\"2026-01-16T11:21:09+00:00\",\"breadcrumb\":{\"@id\":\"https:\\\/\\\/vmsport.fi\\\/verkkokauppa\\\/varaosat\\\/satulat-ja-satulatolpat\\\/satulat\\\/istuin-ergon-sm-e-mountain-pro-miesten\\\/#breadcrumb\"},\"inLanguage\":\"sv-SE\",\"potentialAction\":[{\"@type\":\"ReadAction\",\"target\":[\"https:\\\/\\\/vmsport.fi\\\/verkkokauppa\\\/varaosat\\\/satulat-ja-satulatolpat\\\/satulat\\\/istuin-ergon-sm-e-mountain-pro-miesten\\\/\"]}]},{\"@type\":\"ImageObject\",\"inLanguage\":\"sv-SE\",\"@id\":\"https:\\\/\\\/vmsport.fi\\\/verkkokauppa\\\/varaosat\\\/satulat-ja-satulatolpat\\\/satulat\\\/istuin-ergon-sm-e-mountain-pro-miesten\\\/#primaryimage\",\"url\":\"https:\\\/\\\/vmsport.fi\\\/wp-content\\\/uploads\\\/2025\\\/03\\\/44011065-1.jpg\",\"contentUrl\":\"https:\\\/\\\/vmsport.fi\\\/wp-content\\\/uploads\\\/2025\\\/03\\\/44011065-1.jpg\",\"width\":1000,\"height\":1000,\"caption\":\"44011065\"},{\"@type\":\"BreadcrumbList\",\"@id\":\"https:\\\/\\\/vmsport.fi\\\/verkkokauppa\\\/varaosat\\\/satulat-ja-satulatolpat\\\/satulat\\\/istuin-ergon-sm-e-mountain-pro-miesten\\\/#breadcrumb\",\"itemListElement\":[{\"@type\":\"ListItem\",\"position\":1,\"name\":\"Etusivu\",\"item\":\"https:\\\/\\\/vmsport.fi\\\/\"},{\"@type\":\"ListItem\",\"position\":2,\"name\":\"Online Store\",\"item\":\"https:\\\/\\\/vmsport.fi\\\/en\\\/online-store\\\/\"},{\"@type\":\"ListItem\",\"position\":3,\"name\":\"Istuin ERGON SM E-Mountain Pro Miesten\"}]},{\"@type\":\"WebSite\",\"@id\":\"https:\\\/\\\/vmsport.fi\\\/#website\",\"url\":\"https:\\\/\\\/vmsport.fi\\\/\",\"name\":\"Vmsport\",\"description\":\"Kaikki py\u00f6r\u00e4ilyyn yhdest\u00e4 paikasta\",\"publisher\":{\"@id\":\"https:\\\/\\\/vmsport.fi\\\/#organization\"},\"potentialAction\":[{\"@type\":\"SearchAction\",\"target\":{\"@type\":\"EntryPoint\",\"urlTemplate\":\"https:\\\/\\\/vmsport.fi\\\/?s={search_term_string}\"},\"query-input\":{\"@type\":\"PropertyValueSpecification\",\"valueRequired\":true,\"valueName\":\"search_term_string\"}}],\"inLanguage\":\"sv-SE\"},{\"@type\":\"Organization\",\"@id\":\"https:\\\/\\\/vmsport.fi\\\/#organization\",\"name\":\"Vmsport\",\"url\":\"https:\\\/\\\/vmsport.fi\\\/\",\"logo\":{\"@type\":\"ImageObject\",\"inLanguage\":\"sv-SE\",\"@id\":\"https:\\\/\\\/vmsport.fi\\\/#\\\/schema\\\/logo\\\/image\\\/\",\"url\":\"https:\\\/\\\/vmsport.fi\\\/wp-content\\\/uploads\\\/2024\\\/12\\\/vm_sport_RGB_horisontal-e1734526017575.png\",\"contentUrl\":\"https:\\\/\\\/vmsport.fi\\\/wp-content\\\/uploads\\\/2024\\\/12\\\/vm_sport_RGB_horisontal-e1734526017575.png\",\"width\":668,\"height\":85,\"caption\":\"Vmsport\"},\"image\":{\"@id\":\"https:\\\/\\\/vmsport.fi\\\/#\\\/schema\\\/logo\\\/image\\\/\"},\"sameAs\":[\"https:\\\/\\\/www.facebook.com\\\/Vmsport.fi\\\/\",\"https:\\\/\\\/www.instagram.com\\\/vmsport\\\/\"]}]}<\/script>\n<!-- \/ Yoast SEO plugin. -->","yoast_head_json":{"title":"Sits ERGON SM E-Mountain Pro Men - VM Sport","robots":{"index":"index","follow":"follow","max-snippet":"max-snippet:-1","max-image-preview":"max-image-preview:large","max-video-preview":"max-video-preview:-1"},"canonical":"https:\/\/vmsport.fi\/sv\/webbutik\/reservdelar\/sadlar-och-sadelstolpar\/sadlar\/seat-ergon-sm-e-mountain-pro-men\/","og_locale":"sv_SE","og_type":"article","og_title":"Istuin ERGON SM E-Mountain Pro Miesten - VM Sport","og_description":"Ergon SM E-Mountain Pro Miesten satula on suunniteltu erityisesti s\u00e4hk\u00f6avusteiseen maastopy\u00f6r\u00e4ilyyn, mik\u00e4 tekee siit\u00e4 erinomaisen valinnan vaativille reiteille. Ergonominen muotoilu varmistaa miellytt\u00e4v\u00e4n ajokokemuksen, sill\u00e4 se minimoi painepisteit\u00e4 ja tukee optimaalista ajoasentoa. Musta v\u00e4ri antaa tyylikk\u00e4\u00e4n ja ajattoman ulkon\u00e4\u00f6n, ja laadukas materiaalivalinta lupaa kest\u00e4vyytt\u00e4, mik\u00e4 pit\u00e4\u00e4 tuotteen pitk\u00e4\u00e4n k\u00e4ytt\u00f6kelpoisena. T\u00e4m\u00e4 satula on suunniteltu miehille, jotka arvostavat [...]L\u00e4s mer \u2026 from Istuin ERGON SM E-Mountain Pro Miesten","og_url":"https:\/\/vmsport.fi\/sv\/webbutik\/reservdelar\/sadlar-och-sadelstolpar\/sadlar\/seat-ergon-sm-e-mountain-pro-men\/","og_site_name":"VM Sport","article_publisher":"https:\/\/www.facebook.com\/Vmsport.fi\/","article_modified_time":"2026-01-16T11:21:09+00:00","og_image":[{"width":1000,"height":1000,"url":"https:\/\/vmsport.fi\/wp-content\/uploads\/2025\/03\/44011065-1.jpg","type":"image\/jpeg"}],"twitter_card":"summary_large_image","schema":{"@context":"https:\/\/schema.org","@graph":[{"@type":["WebPage","ItemPage"],"@id":"https:\/\/vmsport.fi\/verkkokauppa\/varaosat\/satulat-ja-satulatolpat\/satulat\/istuin-ergon-sm-e-mountain-pro-miesten\/","url":"https:\/\/vmsport.fi\/verkkokauppa\/varaosat\/satulat-ja-satulatolpat\/satulat\/istuin-ergon-sm-e-mountain-pro-miesten\/","name":"Sits ERGON SM E-Mountain Pro Men - VM Sport","isPartOf":{"@id":"https:\/\/vmsport.fi\/#website"},"primaryImageOfPage":{"@id":"https:\/\/vmsport.fi\/verkkokauppa\/varaosat\/satulat-ja-satulatolpat\/satulat\/istuin-ergon-sm-e-mountain-pro-miesten\/#primaryimage"},"image":{"@id":"https:\/\/vmsport.fi\/verkkokauppa\/varaosat\/satulat-ja-satulatolpat\/satulat\/istuin-ergon-sm-e-mountain-pro-miesten\/#primaryimage"},"thumbnailUrl":"https:\/\/vmsport.fi\/wp-content\/uploads\/2025\/03\/44011065-1.jpg","datePublished":"2025-03-05T21:44:18+00:00","dateModified":"2026-01-16T11:21:09+00:00","breadcrumb":{"@id":"https:\/\/vmsport.fi\/verkkokauppa\/varaosat\/satulat-ja-satulatolpat\/satulat\/istuin-ergon-sm-e-mountain-pro-miesten\/#breadcrumb"},"inLanguage":"sv-SE","potentialAction":[{"@type":"ReadAction","target":["https:\/\/vmsport.fi\/verkkokauppa\/varaosat\/satulat-ja-satulatolpat\/satulat\/istuin-ergon-sm-e-mountain-pro-miesten\/"]}]},{"@type":"ImageObject","inLanguage":"sv-SE","@id":"https:\/\/vmsport.fi\/verkkokauppa\/varaosat\/satulat-ja-satulatolpat\/satulat\/istuin-ergon-sm-e-mountain-pro-miesten\/#primaryimage","url":"https:\/\/vmsport.fi\/wp-content\/uploads\/2025\/03\/44011065-1.jpg","contentUrl":"https:\/\/vmsport.fi\/wp-content\/uploads\/2025\/03\/44011065-1.jpg","width":1000,"height":1000,"caption":"44011065"},{"@type":"BreadcrumbList","@id":"https:\/\/vmsport.fi\/verkkokauppa\/varaosat\/satulat-ja-satulatolpat\/satulat\/istuin-ergon-sm-e-mountain-pro-miesten\/#breadcrumb","itemListElement":[{"@type":"ListItem","position":1,"name":"Etusivu","item":"https:\/\/vmsport.fi\/"},{"@type":"ListItem","position":2,"name":"Online Store","item":"https:\/\/vmsport.fi\/en\/online-store\/"},{"@type":"ListItem","position":3,"name":"Istuin ERGON SM E-Mountain Pro Miesten"}]},{"@type":"WebSite","@id":"https:\/\/vmsport.fi\/#website","url":"https:\/\/vmsport.fi\/","name":"Vmsport","description":"Allt p\u00e5 ett st\u00e4lle f\u00f6r cykling","publisher":{"@id":"https:\/\/vmsport.fi\/#organization"},"potentialAction":[{"@type":"SearchAction","target":{"@type":"EntryPoint","urlTemplate":"https:\/\/vmsport.fi\/?s={search_term_string}"},"query-input":{"@type":"PropertyValueSpecification","valueRequired":true,"valueName":"search_term_string"}}],"inLanguage":"sv-SE"},{"@type":"Organization","@id":"https:\/\/vmsport.fi\/#organization","name":"Vmsport","url":"https:\/\/vmsport.fi\/","logo":{"@type":"ImageObject","inLanguage":"sv-SE","@id":"https:\/\/vmsport.fi\/#\/schema\/logo\/image\/","url":"https:\/\/vmsport.fi\/wp-content\/uploads\/2024\/12\/vm_sport_RGB_horisontal-e1734526017575.png","contentUrl":"https:\/\/vmsport.fi\/wp-content\/uploads\/2024\/12\/vm_sport_RGB_horisontal-e1734526017575.png","width":668,"height":85,"caption":"Vmsport"},"image":{"@id":"https:\/\/vmsport.fi\/#\/schema\/logo\/image\/"},"sameAs":["https:\/\/www.facebook.com\/Vmsport.fi\/","https:\/\/www.instagram.com\/vmsport\/"]}]}},"global_unique_id":"","_links":{"self":[{"href":"https:\/\/vmsport.fi\/sv\/wp-json\/wp\/v2\/product\/53710","targetHints":{"allow":["GET"]}}],"collection":[{"href":"https:\/\/vmsport.fi\/sv\/wp-json\/wp\/v2\/product"}],"about":[{"href":"https:\/\/vmsport.fi\/sv\/wp-json\/wp\/v2\/types\/product"}],"replies":[{"embeddable":true,"href":"https:\/\/vmsport.fi\/sv\/wp-json\/wp\/v2\/comments?post=53710"}],"wp:featuredmedia":[{"embeddable":true,"href":"https:\/\/vmsport.fi\/sv\/wp-json\/wp\/v2\/media\/53706"}],"wp:attachment":[{"href":"https:\/\/vmsport.fi\/sv\/wp-json\/wp\/v2\/media?parent=53710"}],"wp:term":[{"taxonomy":"product_brand","embeddable":true,"href":"https:\/\/vmsport.fi\/sv\/wp-json\/wp\/v2\/product_brand?post=53710"},{"taxonomy":"product_model","embeddable":true,"href":"https:\/\/vmsport.fi\/sv\/wp-json\/wp\/v2\/product_model?post=53710"},{"taxonomy":"product_cat","embeddable":true,"href":"https:\/\/vmsport.fi\/sv\/wp-json\/wp\/v2\/product_cat?post=53710"},{"taxonomy":"product_tag","embeddable":true,"href":"https:\/\/vmsport.fi\/sv\/wp-json\/wp\/v2\/product_tag?post=53710"},{"taxonomy":"industry_terminology","embeddable":true,"href":"https:\/\/vmsport.fi\/sv\/wp-json\/wp\/v2\/industry-terminology?post=53710"}],"curies":[{"name":"wp","href":"https:\/\/api.w.org\/{rel}","templated":true}]}}