{"id":53695,"date":"2025-03-05T23:44:10","date_gmt":"2025-03-05T21:44:10","guid":{"rendered":"https:\/\/vmsport.fi\/verkkokauppa\/Ei-luokiteltu\/etukiekko-29-23-622-xc-disc-alex-dp23-tuplapohja-holkitettu-32r\/"},"modified":"2026-01-16T13:22:35","modified_gmt":"2026-01-16T11:22:35","slug":"framre-skiva-29-23-622-xc-skiva-alex-dp23-dubbelsula-32r","status":"publish","type":"product","link":"https:\/\/vmsport.fi\/sv\/verkkokauppa\/varaosat\/kiekot-ja-navat\/etukiekot\/etukiekko-29-23-622-xc-disc-alex-dp23-tuplapohja-holkitettu-32r\/","title":{"rendered":"Fr\u00e4mre skiva 29\u2033 23-622 XC Disc, Alex DP23, dubbelsula, 32r"},"content":{"rendered":"<p>Detta 29-tums framhjul \u00e4r utformat f\u00f6r mountainbikecykling och har Alex DP23-hjul. Den dubbelv\u00e4ggiga konstruktionen ger \u00f6kad h\u00e5llbarhet, s\u00e5 att cykeln kan hantera mer kr\u00e4vande terr\u00e4ng. XC Disc-montering s\u00e4kerst\u00e4ller effektiv bromsning f\u00f6r s\u00e4krare k\u00f6rning. 32 ekrar s\u00e4kerst\u00e4ller utm\u00e4rkt balans och stabilitet, vilket g\u00f6r din k\u00f6rning smidig och p\u00e5litlig. Lagren f\u00f6rb\u00e4ttrar konstruktionens h\u00e5llfasthet, vilket \u00e4r viktigt p\u00e5 kr\u00e4vande stigar.<\/p>","protected":false},"excerpt":{"rendered":"<p>T\u00e4m\u00e4 29 tuuman etupy\u00f6r\u00e4 on suunniteltu maastopy\u00f6r\u00e4ilyyn, ja siin\u00e4 on Alex DP23 -vanteet. Kaksoissein\u00e4m\u00e4inen rakenne lis\u00e4\u00e4 kest\u00e4vyytt\u00e4, joten py\u00f6r\u00e4 kest\u00e4\u00e4 vaativampiakin maastoja. XC Disc -kiinnitys varmistaa tehokkaan jarrutuksen, joka parantaa ajoturvallisuutta. 32 pinnaa takaavat erinomaisen tasapainon ja vakauden, tehden ajamisesta sujuvaa ja luotettavaa. Laakerointi parantaa rakenteen lujuutta, mik\u00e4 on t\u00e4rke\u00e4\u00e4 vaativilla reiteill\u00e4. [&#8230;]<\/p>\n<p><a class=\"btn btn-secondary understrap-read-more-link\" href=\"https:\/\/vmsport.fi\/sv\/verkkokauppa\/varaosat\/kiekot-ja-navat\/etukiekot\/etukiekko-29-23-622-xc-disc-alex-dp23-tuplapohja-holkitettu-32r\/\">L\u00e4s mer \u2026<span class=\"screen-reader-text\"> from Etukiekko 29&#8243; 23-622 XC Disc, Alex DP23, tuplapohja, holkitettu, 32r<\/span><\/a><\/p>\n","protected":false},"featured_media":53694,"comment_status":"open","ping_status":"closed","template":"","meta":{"_acf_changed":false,"_improvement_type_select":"improve_an_existing","_thumb_yes_seoaic":false,"_frame_yes_seoaic":false,"seoaic_generate_description":"","seoaic_improve_instructions_prompt":"","seoaic_rollback_content_improvement":"","seoaic_idea_thumbnail_generator":"","thumbnail_generated":false,"thumbnail_generate_prompt":"","seoaic_article_description":"","_supplier_stock_quantity":0},"product_brand":[],"product_model":[],"product_cat":[9484],"product_tag":[],"industry-terminology":[],"class_list":{"0":"post-53695","1":"product","2":"type-product","3":"status-publish","4":"has-post-thumbnail","6":"product_cat-etukiekot","8":"first","9":"outofstock","10":"taxable","11":"shipping-taxable","12":"product-type-simple"},"acf":{"bike_features":null,"overview":{"copy_overview":null,"key_features":null,"statement":"","youtube_url":""}},"yoast_head":"<!-- This site is optimized with the Yoast SEO plugin v27.3 - https:\/\/yoast.com\/product\/yoast-seo-wordpress\/ -->\n<title>Etukiekko 29&quot; 23-622 XC Disc, Alex DP23, tuplapohja, holkitettu, 32r - VM Sport<\/title>\n<meta name=\"robots\" content=\"index, follow, max-snippet:-1, max-image-preview:large, max-video-preview:-1\" \/>\n<link rel=\"canonical\" href=\"https:\/\/vmsport.fi\/sv\/webbutik\/reservdelar\/skivor-och-nav\/fram-falg\/framre-skiva-29-23-622-xc-skiva-alex-dp23-dubbelsula-32r\/\" \/>\n<meta property=\"og:locale\" content=\"sv_SE\" \/>\n<meta property=\"og:type\" content=\"article\" \/>\n<meta property=\"og:title\" content=\"Etukiekko 29&quot; 23-622 XC Disc, Alex DP23, tuplapohja, holkitettu, 32r - VM Sport\" \/>\n<meta property=\"og:description\" content=\"T\u00e4m\u00e4 29 tuuman etupy\u00f6r\u00e4 on suunniteltu maastopy\u00f6r\u00e4ilyyn, ja siin\u00e4 on Alex DP23 -vanteet. Kaksoissein\u00e4m\u00e4inen rakenne lis\u00e4\u00e4 kest\u00e4vyytt\u00e4, joten py\u00f6r\u00e4 kest\u00e4\u00e4 vaativampiakin maastoja. XC Disc -kiinnitys varmistaa tehokkaan jarrutuksen, joka parantaa ajoturvallisuutta. 32 pinnaa takaavat erinomaisen tasapainon ja vakauden, tehden ajamisesta sujuvaa ja luotettavaa. Laakerointi parantaa rakenteen lujuutta, mik\u00e4 on t\u00e4rke\u00e4\u00e4 vaativilla reiteill\u00e4. [...]L\u00e4s mer \u2026 from Etukiekko 29&#8243; 23-622 XC Disc, Alex DP23, tuplapohja, holkitettu, 32r\" \/>\n<meta property=\"og:url\" content=\"https:\/\/vmsport.fi\/sv\/webbutik\/reservdelar\/skivor-och-nav\/fram-falg\/framre-skiva-29-23-622-xc-skiva-alex-dp23-dubbelsula-32r\/\" \/>\n<meta property=\"og:site_name\" content=\"VM Sport\" \/>\n<meta property=\"article:publisher\" content=\"https:\/\/www.facebook.com\/Vmsport.fi\/\" \/>\n<meta property=\"article:modified_time\" content=\"2026-01-16T11:22:35+00:00\" \/>\n<meta property=\"og:image\" content=\"https:\/\/vmsport.fi\/wp-content\/uploads\/2025\/03\/69072-new-1.jpg\" \/>\n\t<meta property=\"og:image:width\" content=\"530\" \/>\n\t<meta property=\"og:image:height\" content=\"1000\" \/>\n\t<meta property=\"og:image:type\" content=\"image\/jpeg\" \/>\n<meta name=\"twitter:card\" content=\"summary_large_image\" \/>\n<script type=\"application\/ld+json\" class=\"yoast-schema-graph\">{\"@context\":\"https:\\\/\\\/schema.org\",\"@graph\":[{\"@type\":[\"WebPage\",\"ItemPage\"],\"@id\":\"https:\\\/\\\/vmsport.fi\\\/verkkokauppa\\\/varaosat\\\/kiekot-ja-navat\\\/etukiekot\\\/etukiekko-29-23-622-xc-disc-alex-dp23-tuplapohja-holkitettu-32r\\\/\",\"url\":\"https:\\\/\\\/vmsport.fi\\\/verkkokauppa\\\/varaosat\\\/kiekot-ja-navat\\\/etukiekot\\\/etukiekko-29-23-622-xc-disc-alex-dp23-tuplapohja-holkitettu-32r\\\/\",\"name\":\"Etukiekko 29\\\" 23-622 XC Disc, Alex DP23, tuplapohja, holkitettu, 32r - VM Sport\",\"isPartOf\":{\"@id\":\"https:\\\/\\\/vmsport.fi\\\/#website\"},\"primaryImageOfPage\":{\"@id\":\"https:\\\/\\\/vmsport.fi\\\/verkkokauppa\\\/varaosat\\\/kiekot-ja-navat\\\/etukiekot\\\/etukiekko-29-23-622-xc-disc-alex-dp23-tuplapohja-holkitettu-32r\\\/#primaryimage\"},\"image\":{\"@id\":\"https:\\\/\\\/vmsport.fi\\\/verkkokauppa\\\/varaosat\\\/kiekot-ja-navat\\\/etukiekot\\\/etukiekko-29-23-622-xc-disc-alex-dp23-tuplapohja-holkitettu-32r\\\/#primaryimage\"},\"thumbnailUrl\":\"https:\\\/\\\/vmsport.fi\\\/wp-content\\\/uploads\\\/2025\\\/03\\\/69072-new-1.jpg\",\"datePublished\":\"2025-03-05T21:44:10+00:00\",\"dateModified\":\"2026-01-16T11:22:35+00:00\",\"breadcrumb\":{\"@id\":\"https:\\\/\\\/vmsport.fi\\\/verkkokauppa\\\/varaosat\\\/kiekot-ja-navat\\\/etukiekot\\\/etukiekko-29-23-622-xc-disc-alex-dp23-tuplapohja-holkitettu-32r\\\/#breadcrumb\"},\"inLanguage\":\"sv-SE\",\"potentialAction\":[{\"@type\":\"ReadAction\",\"target\":[\"https:\\\/\\\/vmsport.fi\\\/verkkokauppa\\\/varaosat\\\/kiekot-ja-navat\\\/etukiekot\\\/etukiekko-29-23-622-xc-disc-alex-dp23-tuplapohja-holkitettu-32r\\\/\"]}]},{\"@type\":\"ImageObject\",\"inLanguage\":\"sv-SE\",\"@id\":\"https:\\\/\\\/vmsport.fi\\\/verkkokauppa\\\/varaosat\\\/kiekot-ja-navat\\\/etukiekot\\\/etukiekko-29-23-622-xc-disc-alex-dp23-tuplapohja-holkitettu-32r\\\/#primaryimage\",\"url\":\"https:\\\/\\\/vmsport.fi\\\/wp-content\\\/uploads\\\/2025\\\/03\\\/69072-new-1.jpg\",\"contentUrl\":\"https:\\\/\\\/vmsport.fi\\\/wp-content\\\/uploads\\\/2025\\\/03\\\/69072-new-1.jpg\",\"width\":530,\"height\":1000,\"caption\":\"69072-new\"},{\"@type\":\"BreadcrumbList\",\"@id\":\"https:\\\/\\\/vmsport.fi\\\/verkkokauppa\\\/varaosat\\\/kiekot-ja-navat\\\/etukiekot\\\/etukiekko-29-23-622-xc-disc-alex-dp23-tuplapohja-holkitettu-32r\\\/#breadcrumb\",\"itemListElement\":[{\"@type\":\"ListItem\",\"position\":1,\"name\":\"Etusivu\",\"item\":\"https:\\\/\\\/vmsport.fi\\\/\"},{\"@type\":\"ListItem\",\"position\":2,\"name\":\"Online Store\",\"item\":\"https:\\\/\\\/vmsport.fi\\\/en\\\/online-store\\\/\"},{\"@type\":\"ListItem\",\"position\":3,\"name\":\"Etukiekko 29&#8243; 23-622 XC Disc, Alex DP23, tuplapohja, holkitettu, 32r\"}]},{\"@type\":\"WebSite\",\"@id\":\"https:\\\/\\\/vmsport.fi\\\/#website\",\"url\":\"https:\\\/\\\/vmsport.fi\\\/\",\"name\":\"Vmsport\",\"description\":\"Kaikki py\u00f6r\u00e4ilyyn yhdest\u00e4 paikasta\",\"publisher\":{\"@id\":\"https:\\\/\\\/vmsport.fi\\\/#organization\"},\"potentialAction\":[{\"@type\":\"SearchAction\",\"target\":{\"@type\":\"EntryPoint\",\"urlTemplate\":\"https:\\\/\\\/vmsport.fi\\\/?s={search_term_string}\"},\"query-input\":{\"@type\":\"PropertyValueSpecification\",\"valueRequired\":true,\"valueName\":\"search_term_string\"}}],\"inLanguage\":\"sv-SE\"},{\"@type\":\"Organization\",\"@id\":\"https:\\\/\\\/vmsport.fi\\\/#organization\",\"name\":\"Vmsport\",\"url\":\"https:\\\/\\\/vmsport.fi\\\/\",\"logo\":{\"@type\":\"ImageObject\",\"inLanguage\":\"sv-SE\",\"@id\":\"https:\\\/\\\/vmsport.fi\\\/#\\\/schema\\\/logo\\\/image\\\/\",\"url\":\"https:\\\/\\\/vmsport.fi\\\/wp-content\\\/uploads\\\/2024\\\/12\\\/vm_sport_RGB_horisontal-e1734526017575.png\",\"contentUrl\":\"https:\\\/\\\/vmsport.fi\\\/wp-content\\\/uploads\\\/2024\\\/12\\\/vm_sport_RGB_horisontal-e1734526017575.png\",\"width\":668,\"height\":85,\"caption\":\"Vmsport\"},\"image\":{\"@id\":\"https:\\\/\\\/vmsport.fi\\\/#\\\/schema\\\/logo\\\/image\\\/\"},\"sameAs\":[\"https:\\\/\\\/www.facebook.com\\\/Vmsport.fi\\\/\",\"https:\\\/\\\/www.instagram.com\\\/vmsport\\\/\"]}]}<\/script>\n<!-- \/ Yoast SEO plugin. -->","yoast_head_json":{"title":"Fr\u00e4mre skiva 29\" 23-622 XC Disc, Alex DP23, dubbelsula, 32r - VM Sport","robots":{"index":"index","follow":"follow","max-snippet":"max-snippet:-1","max-image-preview":"max-image-preview:large","max-video-preview":"max-video-preview:-1"},"canonical":"https:\/\/vmsport.fi\/sv\/webbutik\/reservdelar\/skivor-och-nav\/fram-falg\/framre-skiva-29-23-622-xc-skiva-alex-dp23-dubbelsula-32r\/","og_locale":"sv_SE","og_type":"article","og_title":"Etukiekko 29\" 23-622 XC Disc, Alex DP23, tuplapohja, holkitettu, 32r - VM Sport","og_description":"T\u00e4m\u00e4 29 tuuman etupy\u00f6r\u00e4 on suunniteltu maastopy\u00f6r\u00e4ilyyn, ja siin\u00e4 on Alex DP23 -vanteet. Kaksoissein\u00e4m\u00e4inen rakenne lis\u00e4\u00e4 kest\u00e4vyytt\u00e4, joten py\u00f6r\u00e4 kest\u00e4\u00e4 vaativampiakin maastoja. XC Disc -kiinnitys varmistaa tehokkaan jarrutuksen, joka parantaa ajoturvallisuutta. 32 pinnaa takaavat erinomaisen tasapainon ja vakauden, tehden ajamisesta sujuvaa ja luotettavaa. Laakerointi parantaa rakenteen lujuutta, mik\u00e4 on t\u00e4rke\u00e4\u00e4 vaativilla reiteill\u00e4. [...]L\u00e4s mer \u2026 from Etukiekko 29&#8243; 23-622 XC Disc, Alex DP23, tuplapohja, holkitettu, 32r","og_url":"https:\/\/vmsport.fi\/sv\/webbutik\/reservdelar\/skivor-och-nav\/fram-falg\/framre-skiva-29-23-622-xc-skiva-alex-dp23-dubbelsula-32r\/","og_site_name":"VM Sport","article_publisher":"https:\/\/www.facebook.com\/Vmsport.fi\/","article_modified_time":"2026-01-16T11:22:35+00:00","og_image":[{"width":530,"height":1000,"url":"https:\/\/vmsport.fi\/wp-content\/uploads\/2025\/03\/69072-new-1.jpg","type":"image\/jpeg"}],"twitter_card":"summary_large_image","schema":{"@context":"https:\/\/schema.org","@graph":[{"@type":["WebPage","ItemPage"],"@id":"https:\/\/vmsport.fi\/verkkokauppa\/varaosat\/kiekot-ja-navat\/etukiekot\/etukiekko-29-23-622-xc-disc-alex-dp23-tuplapohja-holkitettu-32r\/","url":"https:\/\/vmsport.fi\/verkkokauppa\/varaosat\/kiekot-ja-navat\/etukiekot\/etukiekko-29-23-622-xc-disc-alex-dp23-tuplapohja-holkitettu-32r\/","name":"Fr\u00e4mre skiva 29\" 23-622 XC Disc, Alex DP23, dubbelsula, 32r - VM Sport","isPartOf":{"@id":"https:\/\/vmsport.fi\/#website"},"primaryImageOfPage":{"@id":"https:\/\/vmsport.fi\/verkkokauppa\/varaosat\/kiekot-ja-navat\/etukiekot\/etukiekko-29-23-622-xc-disc-alex-dp23-tuplapohja-holkitettu-32r\/#primaryimage"},"image":{"@id":"https:\/\/vmsport.fi\/verkkokauppa\/varaosat\/kiekot-ja-navat\/etukiekot\/etukiekko-29-23-622-xc-disc-alex-dp23-tuplapohja-holkitettu-32r\/#primaryimage"},"thumbnailUrl":"https:\/\/vmsport.fi\/wp-content\/uploads\/2025\/03\/69072-new-1.jpg","datePublished":"2025-03-05T21:44:10+00:00","dateModified":"2026-01-16T11:22:35+00:00","breadcrumb":{"@id":"https:\/\/vmsport.fi\/verkkokauppa\/varaosat\/kiekot-ja-navat\/etukiekot\/etukiekko-29-23-622-xc-disc-alex-dp23-tuplapohja-holkitettu-32r\/#breadcrumb"},"inLanguage":"sv-SE","potentialAction":[{"@type":"ReadAction","target":["https:\/\/vmsport.fi\/verkkokauppa\/varaosat\/kiekot-ja-navat\/etukiekot\/etukiekko-29-23-622-xc-disc-alex-dp23-tuplapohja-holkitettu-32r\/"]}]},{"@type":"ImageObject","inLanguage":"sv-SE","@id":"https:\/\/vmsport.fi\/verkkokauppa\/varaosat\/kiekot-ja-navat\/etukiekot\/etukiekko-29-23-622-xc-disc-alex-dp23-tuplapohja-holkitettu-32r\/#primaryimage","url":"https:\/\/vmsport.fi\/wp-content\/uploads\/2025\/03\/69072-new-1.jpg","contentUrl":"https:\/\/vmsport.fi\/wp-content\/uploads\/2025\/03\/69072-new-1.jpg","width":530,"height":1000,"caption":"69072-new"},{"@type":"BreadcrumbList","@id":"https:\/\/vmsport.fi\/verkkokauppa\/varaosat\/kiekot-ja-navat\/etukiekot\/etukiekko-29-23-622-xc-disc-alex-dp23-tuplapohja-holkitettu-32r\/#breadcrumb","itemListElement":[{"@type":"ListItem","position":1,"name":"Etusivu","item":"https:\/\/vmsport.fi\/"},{"@type":"ListItem","position":2,"name":"Online Store","item":"https:\/\/vmsport.fi\/en\/online-store\/"},{"@type":"ListItem","position":3,"name":"Etukiekko 29&#8243; 23-622 XC Disc, Alex DP23, tuplapohja, holkitettu, 32r"}]},{"@type":"WebSite","@id":"https:\/\/vmsport.fi\/#website","url":"https:\/\/vmsport.fi\/","name":"Vmsport","description":"Allt p\u00e5 ett st\u00e4lle f\u00f6r cykling","publisher":{"@id":"https:\/\/vmsport.fi\/#organization"},"potentialAction":[{"@type":"SearchAction","target":{"@type":"EntryPoint","urlTemplate":"https:\/\/vmsport.fi\/?s={search_term_string}"},"query-input":{"@type":"PropertyValueSpecification","valueRequired":true,"valueName":"search_term_string"}}],"inLanguage":"sv-SE"},{"@type":"Organization","@id":"https:\/\/vmsport.fi\/#organization","name":"Vmsport","url":"https:\/\/vmsport.fi\/","logo":{"@type":"ImageObject","inLanguage":"sv-SE","@id":"https:\/\/vmsport.fi\/#\/schema\/logo\/image\/","url":"https:\/\/vmsport.fi\/wp-content\/uploads\/2024\/12\/vm_sport_RGB_horisontal-e1734526017575.png","contentUrl":"https:\/\/vmsport.fi\/wp-content\/uploads\/2024\/12\/vm_sport_RGB_horisontal-e1734526017575.png","width":668,"height":85,"caption":"Vmsport"},"image":{"@id":"https:\/\/vmsport.fi\/#\/schema\/logo\/image\/"},"sameAs":["https:\/\/www.facebook.com\/Vmsport.fi\/","https:\/\/www.instagram.com\/vmsport\/"]}]}},"global_unique_id":"","_links":{"self":[{"href":"https:\/\/vmsport.fi\/sv\/wp-json\/wp\/v2\/product\/53695","targetHints":{"allow":["GET"]}}],"collection":[{"href":"https:\/\/vmsport.fi\/sv\/wp-json\/wp\/v2\/product"}],"about":[{"href":"https:\/\/vmsport.fi\/sv\/wp-json\/wp\/v2\/types\/product"}],"replies":[{"embeddable":true,"href":"https:\/\/vmsport.fi\/sv\/wp-json\/wp\/v2\/comments?post=53695"}],"wp:featuredmedia":[{"embeddable":true,"href":"https:\/\/vmsport.fi\/sv\/wp-json\/wp\/v2\/media\/53694"}],"wp:attachment":[{"href":"https:\/\/vmsport.fi\/sv\/wp-json\/wp\/v2\/media?parent=53695"}],"wp:term":[{"taxonomy":"product_brand","embeddable":true,"href":"https:\/\/vmsport.fi\/sv\/wp-json\/wp\/v2\/product_brand?post=53695"},{"taxonomy":"product_model","embeddable":true,"href":"https:\/\/vmsport.fi\/sv\/wp-json\/wp\/v2\/product_model?post=53695"},{"taxonomy":"product_cat","embeddable":true,"href":"https:\/\/vmsport.fi\/sv\/wp-json\/wp\/v2\/product_cat?post=53695"},{"taxonomy":"product_tag","embeddable":true,"href":"https:\/\/vmsport.fi\/sv\/wp-json\/wp\/v2\/product_tag?post=53695"},{"taxonomy":"industry_terminology","embeddable":true,"href":"https:\/\/vmsport.fi\/sv\/wp-json\/wp\/v2\/industry-terminology?post=53695"}],"curies":[{"name":"wp","href":"https:\/\/api.w.org\/{rel}","templated":true}]}}