{"id":53692,"date":"2025-03-05T23:44:09","date_gmt":"2025-03-05T21:44:09","guid":{"rendered":"https:\/\/vmsport.fi\/verkkokauppa\/Ei-luokiteltu\/hip-pack-pro-3l-15l-bladder-black-carbon-grey\/"},"modified":"2026-01-16T13:21:27","modified_gmt":"2026-01-16T11:21:27","slug":"hip-pack-pro-3l-15l-blasa-svart-kolgra","status":"publish","type":"product","link":"https:\/\/vmsport.fi\/sv\/verkkokauppa\/tarvikkeet\/laukut\/hip-pack-pro-3l-15l-bladder-black-carbon-grey\/","title":{"rendered":"HIP PACK PRO 3l + 1,5l bl\u00e5sa svart - koksgr\u00e5"},"content":{"rendered":"<p>HIP PACK PRO 3l + 1.5l Bladder, svart och gr\u00e5aktig gr\u00e5, \u00e4r en m\u00e5ngsidig och praktisk utrustning f\u00f6r aktiva anv\u00e4ndare som kombinerar komfort och funktionalitet p\u00e5 ett utm\u00e4rkt s\u00e4tt. Det stora f\u00f6rvaringsutrymmet p\u00e5 3 liter g\u00f6r att du kan organisera dina tillh\u00f6righeter p\u00e5 ett effektivt s\u00e4tt, medan det integrerade v\u00e4tskesystemet p\u00e5 1,5 liter g\u00f6r det enkelt att dricka. Den robusta och ventilerande konstruktionen ger en bekv\u00e4m anv\u00e4ndarupplevelse. Denna b\u00e4ltesv\u00e4ska \u00e4r utformad f\u00f6r att h\u00e5lla dig i r\u00f6relse utan on\u00f6diga pauser, vilket g\u00f6r den till ett perfekt val f\u00f6r sport och aktiv r\u00f6rlighet. Dessutom skapar den minimalistiska designen i svarta och gr\u00e5 toner en elegant och modern look som passar till m\u00e5nga olika kl\u00e4dkombinationer.<\/p>","protected":false},"excerpt":{"rendered":"<p>HIP PACK PRO 3l + 1,5l Bladder, musta ja harmaanhiilenharmaa, on monipuolinen ja k\u00e4yt\u00e4nn\u00f6llinen varuste aktiivisille liikkujille, sill\u00e4 se yhdist\u00e4\u00e4 mukavuuden ja toiminnallisuuden erinomaisesti. Laaja 3 litran s\u00e4ilytystila mahdollistaa tavaroiden tehokkaan j\u00e4rjestelyn, ja integroidun 1,5 litran nestej\u00e4rjestelm\u00e4n ansiosta nesteytys on vaivatonta. Tukeva ja hengitt\u00e4v\u00e4 rakenne tarjoavat miellytt\u00e4v\u00e4n k\u00e4ytt\u00f6kokemuksen. T\u00e4m\u00e4 vy\u00f6laukku on suunniteltu pit\u00e4m\u00e4\u00e4n sinut liikkeess\u00e4 [&#8230;]<\/p>\n<p><a class=\"btn btn-secondary understrap-read-more-link\" href=\"https:\/\/vmsport.fi\/sv\/verkkokauppa\/tarvikkeet\/laukut\/hip-pack-pro-3l-15l-bladder-black-carbon-grey\/\">L\u00e4s mer \u2026<span class=\"screen-reader-text\"> from HIP PACK PRO 3l + 1,5l Bladder black &#8211; carbon grey<\/span><\/a><\/p>\n","protected":false},"featured_media":53687,"comment_status":"open","ping_status":"closed","template":"","meta":{"_acf_changed":false,"_improvement_type_select":"improve_an_existing","_thumb_yes_seoaic":false,"_frame_yes_seoaic":false,"seoaic_generate_description":"","seoaic_improve_instructions_prompt":"","seoaic_rollback_content_improvement":"","seoaic_idea_thumbnail_generator":"","thumbnail_generated":false,"thumbnail_generate_prompt":"","seoaic_article_description":"","_supplier_stock_quantity":0},"product_brand":[],"product_model":[],"product_cat":[9298],"product_tag":[],"industry-terminology":[],"class_list":{"0":"post-53692","1":"product","2":"type-product","3":"status-publish","4":"has-post-thumbnail","6":"product_cat-laukut","8":"first","9":"instock","10":"taxable","11":"shipping-taxable","12":"purchasable","13":"product-type-simple"},"acf":{"bike_features":null,"overview":{"copy_overview":null,"key_features":null,"statement":"","youtube_url":""}},"yoast_head":"<!-- This site is optimized with the Yoast SEO plugin v27.3 - https:\/\/yoast.com\/product\/yoast-seo-wordpress\/ -->\n<title>HIP PACK PRO 3l + 1,5l Bladder black - carbon grey - VM Sport<\/title>\n<meta name=\"robots\" content=\"index, follow, max-snippet:-1, max-image-preview:large, max-video-preview:-1\" \/>\n<link rel=\"canonical\" href=\"https:\/\/vmsport.fi\/sv\/webbutik\/tillbehor\/vaskor\/hip-pack-pro-3l-15l-blasa-svart-kolgra\/\" \/>\n<meta property=\"og:locale\" content=\"sv_SE\" \/>\n<meta property=\"og:type\" content=\"article\" \/>\n<meta property=\"og:title\" content=\"HIP PACK PRO 3l + 1,5l Bladder black - carbon grey - VM Sport\" \/>\n<meta property=\"og:description\" content=\"HIP PACK PRO 3l + 1,5l Bladder, musta ja harmaanhiilenharmaa, on monipuolinen ja k\u00e4yt\u00e4nn\u00f6llinen varuste aktiivisille liikkujille, sill\u00e4 se yhdist\u00e4\u00e4 mukavuuden ja toiminnallisuuden erinomaisesti. Laaja 3 litran s\u00e4ilytystila mahdollistaa tavaroiden tehokkaan j\u00e4rjestelyn, ja integroidun 1,5 litran nestej\u00e4rjestelm\u00e4n ansiosta nesteytys on vaivatonta. Tukeva ja hengitt\u00e4v\u00e4 rakenne tarjoavat miellytt\u00e4v\u00e4n k\u00e4ytt\u00f6kokemuksen. T\u00e4m\u00e4 vy\u00f6laukku on suunniteltu pit\u00e4m\u00e4\u00e4n sinut liikkeess\u00e4 [...]L\u00e4s mer \u2026 from HIP PACK PRO 3l + 1,5l Bladder black &#8211; carbon grey\" \/>\n<meta property=\"og:url\" content=\"https:\/\/vmsport.fi\/sv\/webbutik\/tillbehor\/vaskor\/hip-pack-pro-3l-15l-blasa-svart-kolgra\/\" \/>\n<meta property=\"og:site_name\" content=\"VM Sport\" \/>\n<meta property=\"article:publisher\" content=\"https:\/\/www.facebook.com\/Vmsport.fi\/\" \/>\n<meta property=\"article:modified_time\" content=\"2026-01-16T11:21:27+00:00\" \/>\n<meta property=\"og:image\" content=\"https:\/\/vmsport.fi\/wp-content\/uploads\/2025\/03\/20967794-9067-4bf4-bd61-0dbf8067d7cb-5.jpg\" \/>\n\t<meta property=\"og:image:width\" content=\"273\" \/>\n\t<meta property=\"og:image:height\" content=\"185\" \/>\n\t<meta property=\"og:image:type\" content=\"image\/jpeg\" \/>\n<meta name=\"twitter:card\" content=\"summary_large_image\" \/>\n<meta name=\"twitter:label1\" content=\"Ber\u00e4knad l\u00e4stid\" \/>\n\t<meta name=\"twitter:data1\" content=\"1 minut\" \/>\n<script type=\"application\/ld+json\" class=\"yoast-schema-graph\">{\"@context\":\"https:\\\/\\\/schema.org\",\"@graph\":[{\"@type\":[\"WebPage\",\"ItemPage\"],\"@id\":\"https:\\\/\\\/vmsport.fi\\\/verkkokauppa\\\/tarvikkeet\\\/laukut\\\/hip-pack-pro-3l-15l-bladder-black-carbon-grey\\\/\",\"url\":\"https:\\\/\\\/vmsport.fi\\\/verkkokauppa\\\/tarvikkeet\\\/laukut\\\/hip-pack-pro-3l-15l-bladder-black-carbon-grey\\\/\",\"name\":\"HIP PACK PRO 3l + 1,5l Bladder black - carbon grey - VM Sport\",\"isPartOf\":{\"@id\":\"https:\\\/\\\/vmsport.fi\\\/#website\"},\"primaryImageOfPage\":{\"@id\":\"https:\\\/\\\/vmsport.fi\\\/verkkokauppa\\\/tarvikkeet\\\/laukut\\\/hip-pack-pro-3l-15l-bladder-black-carbon-grey\\\/#primaryimage\"},\"image\":{\"@id\":\"https:\\\/\\\/vmsport.fi\\\/verkkokauppa\\\/tarvikkeet\\\/laukut\\\/hip-pack-pro-3l-15l-bladder-black-carbon-grey\\\/#primaryimage\"},\"thumbnailUrl\":\"https:\\\/\\\/vmsport.fi\\\/wp-content\\\/uploads\\\/2025\\\/03\\\/20967794-9067-4bf4-bd61-0dbf8067d7cb-5.jpg\",\"datePublished\":\"2025-03-05T21:44:09+00:00\",\"dateModified\":\"2026-01-16T11:21:27+00:00\",\"breadcrumb\":{\"@id\":\"https:\\\/\\\/vmsport.fi\\\/verkkokauppa\\\/tarvikkeet\\\/laukut\\\/hip-pack-pro-3l-15l-bladder-black-carbon-grey\\\/#breadcrumb\"},\"inLanguage\":\"sv-SE\",\"potentialAction\":[{\"@type\":\"ReadAction\",\"target\":[\"https:\\\/\\\/vmsport.fi\\\/verkkokauppa\\\/tarvikkeet\\\/laukut\\\/hip-pack-pro-3l-15l-bladder-black-carbon-grey\\\/\"]}]},{\"@type\":\"ImageObject\",\"inLanguage\":\"sv-SE\",\"@id\":\"https:\\\/\\\/vmsport.fi\\\/verkkokauppa\\\/tarvikkeet\\\/laukut\\\/hip-pack-pro-3l-15l-bladder-black-carbon-grey\\\/#primaryimage\",\"url\":\"https:\\\/\\\/vmsport.fi\\\/wp-content\\\/uploads\\\/2025\\\/03\\\/20967794-9067-4bf4-bd61-0dbf8067d7cb-5.jpg\",\"contentUrl\":\"https:\\\/\\\/vmsport.fi\\\/wp-content\\\/uploads\\\/2025\\\/03\\\/20967794-9067-4bf4-bd61-0dbf8067d7cb-5.jpg\",\"width\":273,\"height\":185,\"caption\":\"20967794-9067-4bf4-bd61-0dbf8067d7cb\"},{\"@type\":\"BreadcrumbList\",\"@id\":\"https:\\\/\\\/vmsport.fi\\\/verkkokauppa\\\/tarvikkeet\\\/laukut\\\/hip-pack-pro-3l-15l-bladder-black-carbon-grey\\\/#breadcrumb\",\"itemListElement\":[{\"@type\":\"ListItem\",\"position\":1,\"name\":\"Etusivu\",\"item\":\"https:\\\/\\\/vmsport.fi\\\/\"},{\"@type\":\"ListItem\",\"position\":2,\"name\":\"Online Store\",\"item\":\"https:\\\/\\\/vmsport.fi\\\/en\\\/online-store\\\/\"},{\"@type\":\"ListItem\",\"position\":3,\"name\":\"HIP PACK PRO 3l + 1,5l Bladder black &#8211; carbon grey\"}]},{\"@type\":\"WebSite\",\"@id\":\"https:\\\/\\\/vmsport.fi\\\/#website\",\"url\":\"https:\\\/\\\/vmsport.fi\\\/\",\"name\":\"Vmsport\",\"description\":\"Kaikki py\u00f6r\u00e4ilyyn yhdest\u00e4 paikasta\",\"publisher\":{\"@id\":\"https:\\\/\\\/vmsport.fi\\\/#organization\"},\"potentialAction\":[{\"@type\":\"SearchAction\",\"target\":{\"@type\":\"EntryPoint\",\"urlTemplate\":\"https:\\\/\\\/vmsport.fi\\\/?s={search_term_string}\"},\"query-input\":{\"@type\":\"PropertyValueSpecification\",\"valueRequired\":true,\"valueName\":\"search_term_string\"}}],\"inLanguage\":\"sv-SE\"},{\"@type\":\"Organization\",\"@id\":\"https:\\\/\\\/vmsport.fi\\\/#organization\",\"name\":\"Vmsport\",\"url\":\"https:\\\/\\\/vmsport.fi\\\/\",\"logo\":{\"@type\":\"ImageObject\",\"inLanguage\":\"sv-SE\",\"@id\":\"https:\\\/\\\/vmsport.fi\\\/#\\\/schema\\\/logo\\\/image\\\/\",\"url\":\"https:\\\/\\\/vmsport.fi\\\/wp-content\\\/uploads\\\/2024\\\/12\\\/vm_sport_RGB_horisontal-e1734526017575.png\",\"contentUrl\":\"https:\\\/\\\/vmsport.fi\\\/wp-content\\\/uploads\\\/2024\\\/12\\\/vm_sport_RGB_horisontal-e1734526017575.png\",\"width\":668,\"height\":85,\"caption\":\"Vmsport\"},\"image\":{\"@id\":\"https:\\\/\\\/vmsport.fi\\\/#\\\/schema\\\/logo\\\/image\\\/\"},\"sameAs\":[\"https:\\\/\\\/www.facebook.com\\\/Vmsport.fi\\\/\",\"https:\\\/\\\/www.instagram.com\\\/vmsport\\\/\"]}]}<\/script>\n<!-- \/ Yoast SEO plugin. -->","yoast_head_json":{"title":"HIP PACK PRO 3l + 1,5l bl\u00e5sa svart - koksgr\u00e5 - VM Sport","robots":{"index":"index","follow":"follow","max-snippet":"max-snippet:-1","max-image-preview":"max-image-preview:large","max-video-preview":"max-video-preview:-1"},"canonical":"https:\/\/vmsport.fi\/sv\/webbutik\/tillbehor\/vaskor\/hip-pack-pro-3l-15l-blasa-svart-kolgra\/","og_locale":"sv_SE","og_type":"article","og_title":"HIP PACK PRO 3l + 1,5l Bladder black - carbon grey - VM Sport","og_description":"HIP PACK PRO 3l + 1,5l Bladder, musta ja harmaanhiilenharmaa, on monipuolinen ja k\u00e4yt\u00e4nn\u00f6llinen varuste aktiivisille liikkujille, sill\u00e4 se yhdist\u00e4\u00e4 mukavuuden ja toiminnallisuuden erinomaisesti. Laaja 3 litran s\u00e4ilytystila mahdollistaa tavaroiden tehokkaan j\u00e4rjestelyn, ja integroidun 1,5 litran nestej\u00e4rjestelm\u00e4n ansiosta nesteytys on vaivatonta. Tukeva ja hengitt\u00e4v\u00e4 rakenne tarjoavat miellytt\u00e4v\u00e4n k\u00e4ytt\u00f6kokemuksen. T\u00e4m\u00e4 vy\u00f6laukku on suunniteltu pit\u00e4m\u00e4\u00e4n sinut liikkeess\u00e4 [...]L\u00e4s mer \u2026 from HIP PACK PRO 3l + 1,5l Bladder black &#8211; carbon grey","og_url":"https:\/\/vmsport.fi\/sv\/webbutik\/tillbehor\/vaskor\/hip-pack-pro-3l-15l-blasa-svart-kolgra\/","og_site_name":"VM Sport","article_publisher":"https:\/\/www.facebook.com\/Vmsport.fi\/","article_modified_time":"2026-01-16T11:21:27+00:00","og_image":[{"width":273,"height":185,"url":"https:\/\/vmsport.fi\/wp-content\/uploads\/2025\/03\/20967794-9067-4bf4-bd61-0dbf8067d7cb-5.jpg","type":"image\/jpeg"}],"twitter_card":"summary_large_image","twitter_misc":{"Ber\u00e4knad l\u00e4stid":"1 minut"},"schema":{"@context":"https:\/\/schema.org","@graph":[{"@type":["WebPage","ItemPage"],"@id":"https:\/\/vmsport.fi\/verkkokauppa\/tarvikkeet\/laukut\/hip-pack-pro-3l-15l-bladder-black-carbon-grey\/","url":"https:\/\/vmsport.fi\/verkkokauppa\/tarvikkeet\/laukut\/hip-pack-pro-3l-15l-bladder-black-carbon-grey\/","name":"HIP PACK PRO 3l + 1,5l bl\u00e5sa svart - koksgr\u00e5 - VM Sport","isPartOf":{"@id":"https:\/\/vmsport.fi\/#website"},"primaryImageOfPage":{"@id":"https:\/\/vmsport.fi\/verkkokauppa\/tarvikkeet\/laukut\/hip-pack-pro-3l-15l-bladder-black-carbon-grey\/#primaryimage"},"image":{"@id":"https:\/\/vmsport.fi\/verkkokauppa\/tarvikkeet\/laukut\/hip-pack-pro-3l-15l-bladder-black-carbon-grey\/#primaryimage"},"thumbnailUrl":"https:\/\/vmsport.fi\/wp-content\/uploads\/2025\/03\/20967794-9067-4bf4-bd61-0dbf8067d7cb-5.jpg","datePublished":"2025-03-05T21:44:09+00:00","dateModified":"2026-01-16T11:21:27+00:00","breadcrumb":{"@id":"https:\/\/vmsport.fi\/verkkokauppa\/tarvikkeet\/laukut\/hip-pack-pro-3l-15l-bladder-black-carbon-grey\/#breadcrumb"},"inLanguage":"sv-SE","potentialAction":[{"@type":"ReadAction","target":["https:\/\/vmsport.fi\/verkkokauppa\/tarvikkeet\/laukut\/hip-pack-pro-3l-15l-bladder-black-carbon-grey\/"]}]},{"@type":"ImageObject","inLanguage":"sv-SE","@id":"https:\/\/vmsport.fi\/verkkokauppa\/tarvikkeet\/laukut\/hip-pack-pro-3l-15l-bladder-black-carbon-grey\/#primaryimage","url":"https:\/\/vmsport.fi\/wp-content\/uploads\/2025\/03\/20967794-9067-4bf4-bd61-0dbf8067d7cb-5.jpg","contentUrl":"https:\/\/vmsport.fi\/wp-content\/uploads\/2025\/03\/20967794-9067-4bf4-bd61-0dbf8067d7cb-5.jpg","width":273,"height":185,"caption":"20967794-9067-4bf4-bd61-0dbf8067d7cb"},{"@type":"BreadcrumbList","@id":"https:\/\/vmsport.fi\/verkkokauppa\/tarvikkeet\/laukut\/hip-pack-pro-3l-15l-bladder-black-carbon-grey\/#breadcrumb","itemListElement":[{"@type":"ListItem","position":1,"name":"Etusivu","item":"https:\/\/vmsport.fi\/"},{"@type":"ListItem","position":2,"name":"Online Store","item":"https:\/\/vmsport.fi\/en\/online-store\/"},{"@type":"ListItem","position":3,"name":"HIP PACK PRO 3l + 1,5l Bladder black &#8211; carbon grey"}]},{"@type":"WebSite","@id":"https:\/\/vmsport.fi\/#website","url":"https:\/\/vmsport.fi\/","name":"Vmsport","description":"Allt p\u00e5 ett st\u00e4lle f\u00f6r cykling","publisher":{"@id":"https:\/\/vmsport.fi\/#organization"},"potentialAction":[{"@type":"SearchAction","target":{"@type":"EntryPoint","urlTemplate":"https:\/\/vmsport.fi\/?s={search_term_string}"},"query-input":{"@type":"PropertyValueSpecification","valueRequired":true,"valueName":"search_term_string"}}],"inLanguage":"sv-SE"},{"@type":"Organization","@id":"https:\/\/vmsport.fi\/#organization","name":"Vmsport","url":"https:\/\/vmsport.fi\/","logo":{"@type":"ImageObject","inLanguage":"sv-SE","@id":"https:\/\/vmsport.fi\/#\/schema\/logo\/image\/","url":"https:\/\/vmsport.fi\/wp-content\/uploads\/2024\/12\/vm_sport_RGB_horisontal-e1734526017575.png","contentUrl":"https:\/\/vmsport.fi\/wp-content\/uploads\/2024\/12\/vm_sport_RGB_horisontal-e1734526017575.png","width":668,"height":85,"caption":"Vmsport"},"image":{"@id":"https:\/\/vmsport.fi\/#\/schema\/logo\/image\/"},"sameAs":["https:\/\/www.facebook.com\/Vmsport.fi\/","https:\/\/www.instagram.com\/vmsport\/"]}]}},"global_unique_id":"","_links":{"self":[{"href":"https:\/\/vmsport.fi\/sv\/wp-json\/wp\/v2\/product\/53692","targetHints":{"allow":["GET"]}}],"collection":[{"href":"https:\/\/vmsport.fi\/sv\/wp-json\/wp\/v2\/product"}],"about":[{"href":"https:\/\/vmsport.fi\/sv\/wp-json\/wp\/v2\/types\/product"}],"replies":[{"embeddable":true,"href":"https:\/\/vmsport.fi\/sv\/wp-json\/wp\/v2\/comments?post=53692"}],"wp:featuredmedia":[{"embeddable":true,"href":"https:\/\/vmsport.fi\/sv\/wp-json\/wp\/v2\/media\/53687"}],"wp:attachment":[{"href":"https:\/\/vmsport.fi\/sv\/wp-json\/wp\/v2\/media?parent=53692"}],"wp:term":[{"taxonomy":"product_brand","embeddable":true,"href":"https:\/\/vmsport.fi\/sv\/wp-json\/wp\/v2\/product_brand?post=53692"},{"taxonomy":"product_model","embeddable":true,"href":"https:\/\/vmsport.fi\/sv\/wp-json\/wp\/v2\/product_model?post=53692"},{"taxonomy":"product_cat","embeddable":true,"href":"https:\/\/vmsport.fi\/sv\/wp-json\/wp\/v2\/product_cat?post=53692"},{"taxonomy":"product_tag","embeddable":true,"href":"https:\/\/vmsport.fi\/sv\/wp-json\/wp\/v2\/product_tag?post=53692"},{"taxonomy":"industry_terminology","embeddable":true,"href":"https:\/\/vmsport.fi\/sv\/wp-json\/wp\/v2\/industry-terminology?post=53692"}],"curies":[{"name":"wp","href":"https:\/\/api.w.org\/{rel}","templated":true}]}}