{"id":53686,"date":"2025-03-05T23:44:08","date_gmt":"2025-03-05T21:44:08","guid":{"rendered":"https:\/\/vmsport.fi\/verkkokauppa\/Ei-luokiteltu\/knog-takavalo-blinder-e-bike\/"},"modified":"2026-01-16T13:22:57","modified_gmt":"2026-01-16T11:22:57","slug":"knog-takavalo-blinder-e-bike","status":"publish","type":"product","link":"https:\/\/vmsport.fi\/sv\/verkkokauppa\/tarvikkeet\/valaisimet-ja-osat\/takavalot\/knog-takavalo-blinder-e-bike\/","title":{"rendered":"Knog Takavalo Blinder elcykel"},"content":{"rendered":"<p>Knog Takavalo Blinder e-Bike on innovatiivinen polkupy\u00f6r\u00e4n lis\u00e4varuste, joka lis\u00e4\u00e4 sek\u00e4 tyyli\u00e4 ett\u00e4 turvallisuutta. T\u00e4m\u00e4 tehokas takavalo on suunniteltu erityisesti s\u00e4hk\u00f6py\u00f6riin, ja sen kirkas punainen valo parantaa py\u00f6r\u00e4ilij\u00e4n n\u00e4kyvyytt\u00e4 liikenteess\u00e4. Valo on helppo asentaa, mik\u00e4 tekee siit\u00e4 erinomaisen valinnan jokap\u00e4iv\u00e4iseen k\u00e4ytt\u00f6\u00f6n. Kest\u00e4v\u00e4 rakenne takaa valon luotettavan toiminnan s\u00e4\u00e4st\u00e4 riippumatta, mink\u00e4 ansiosta py\u00f6r\u00e4ilij\u00e4 voi tuntea olonsa turvalliseksi matkan aikana. N\u00e4ist\u00e4 syist\u00e4 Knog Blinder on t\u00e4ydellinen valinta kaikille, jotka arvostavat sek\u00e4 toimivuutta ett\u00e4 tyylik\u00e4st\u00e4 muotoilua.<\/p>","protected":false},"excerpt":{"rendered":"<p>Knog Takavalo Blinder e-Bike on innovatiivinen polkupy\u00f6r\u00e4n lis\u00e4varuste, joka lis\u00e4\u00e4 sek\u00e4 tyyli\u00e4 ett\u00e4 turvallisuutta. T\u00e4m\u00e4 tehokas takavalo on suunniteltu erityisesti s\u00e4hk\u00f6py\u00f6riin, ja sen kirkas punainen valo parantaa py\u00f6r\u00e4ilij\u00e4n n\u00e4kyvyytt\u00e4 liikenteess\u00e4. Valo on helppo asentaa, mik\u00e4 tekee siit\u00e4 erinomaisen valinnan jokap\u00e4iv\u00e4iseen k\u00e4ytt\u00f6\u00f6n. Kest\u00e4v\u00e4 rakenne takaa valon luotettavan toiminnan s\u00e4\u00e4st\u00e4 riippumatta, mink\u00e4 ansiosta py\u00f6r\u00e4ilij\u00e4 voi tuntea olonsa [&#8230;]<\/p>\n<p><a class=\"btn btn-secondary understrap-read-more-link\" href=\"https:\/\/vmsport.fi\/sv\/verkkokauppa\/tarvikkeet\/valaisimet-ja-osat\/takavalot\/knog-takavalo-blinder-e-bike\/\">L\u00e4s mer \u2026<span class=\"screen-reader-text\"> from Knog Takavalo Blinder e-Bike<\/span><\/a><\/p>\n","protected":false},"featured_media":53683,"comment_status":"open","ping_status":"closed","template":"","meta":{"_acf_changed":false,"_improvement_type_select":"improve_an_existing","_thumb_yes_seoaic":false,"_frame_yes_seoaic":false,"seoaic_generate_description":"","seoaic_improve_instructions_prompt":"","seoaic_rollback_content_improvement":"","seoaic_idea_thumbnail_generator":"","thumbnail_generated":false,"thumbnail_generate_prompt":"","seoaic_article_description":"","_supplier_stock_quantity":0},"product_brand":[],"product_model":[],"product_cat":[9564],"product_tag":[],"industry-terminology":[],"class_list":{"0":"post-53686","1":"product","2":"type-product","3":"status-publish","4":"has-post-thumbnail","6":"product_cat-takavalot","8":"first","9":"instock","10":"taxable","11":"shipping-taxable","12":"purchasable","13":"product-type-simple"},"acf":{"bike_features":null,"overview":{"copy_overview":null,"key_features":null,"statement":"","youtube_url":""}},"yoast_head":"<!-- This site is optimized with the Yoast SEO plugin v27.3 - https:\/\/yoast.com\/product\/yoast-seo-wordpress\/ -->\n<title>Knog Takavalo Blinder e-Bike - VM Sport<\/title>\n<meta name=\"robots\" content=\"index, follow, max-snippet:-1, max-image-preview:large, max-video-preview:-1\" \/>\n<link rel=\"canonical\" href=\"https:\/\/vmsport.fi\/sv\/webbutik\/tillbehor\/armaturer-och-komponenter\/bakljus\/knog-takavalo-blinder-e-bike\/\" \/>\n<meta property=\"og:locale\" content=\"sv_SE\" \/>\n<meta property=\"og:type\" content=\"article\" \/>\n<meta property=\"og:title\" content=\"Knog Takavalo Blinder e-Bike - VM Sport\" \/>\n<meta property=\"og:description\" content=\"Knog Takavalo Blinder e-Bike on innovatiivinen polkupy\u00f6r\u00e4n lis\u00e4varuste, joka lis\u00e4\u00e4 sek\u00e4 tyyli\u00e4 ett\u00e4 turvallisuutta. T\u00e4m\u00e4 tehokas takavalo on suunniteltu erityisesti s\u00e4hk\u00f6py\u00f6riin, ja sen kirkas punainen valo parantaa py\u00f6r\u00e4ilij\u00e4n n\u00e4kyvyytt\u00e4 liikenteess\u00e4. Valo on helppo asentaa, mik\u00e4 tekee siit\u00e4 erinomaisen valinnan jokap\u00e4iv\u00e4iseen k\u00e4ytt\u00f6\u00f6n. Kest\u00e4v\u00e4 rakenne takaa valon luotettavan toiminnan s\u00e4\u00e4st\u00e4 riippumatta, mink\u00e4 ansiosta py\u00f6r\u00e4ilij\u00e4 voi tuntea olonsa [...]L\u00e4s mer \u2026 from Knog Takavalo Blinder e-Bike\" \/>\n<meta property=\"og:url\" content=\"https:\/\/vmsport.fi\/sv\/webbutik\/tillbehor\/armaturer-och-komponenter\/bakljus\/knog-takavalo-blinder-e-bike\/\" \/>\n<meta property=\"og:site_name\" content=\"VM Sport\" \/>\n<meta property=\"article:publisher\" content=\"https:\/\/www.facebook.com\/Vmsport.fi\/\" \/>\n<meta property=\"article:modified_time\" content=\"2026-01-16T11:22:57+00:00\" \/>\n<meta property=\"og:image\" content=\"https:\/\/vmsport.fi\/wp-content\/uploads\/2025\/03\/knog-blinder-e-rh-rear-e-bike-light-2.jpg\" \/>\n\t<meta property=\"og:image:width\" content=\"700\" \/>\n\t<meta property=\"og:image:height\" content=\"800\" \/>\n\t<meta property=\"og:image:type\" content=\"image\/jpeg\" \/>\n<meta name=\"twitter:card\" content=\"summary_large_image\" \/>\n<script type=\"application\/ld+json\" class=\"yoast-schema-graph\">{\"@context\":\"https:\\\/\\\/schema.org\",\"@graph\":[{\"@type\":[\"WebPage\",\"ItemPage\"],\"@id\":\"https:\\\/\\\/vmsport.fi\\\/verkkokauppa\\\/tarvikkeet\\\/valaisimet-ja-osat\\\/takavalot\\\/knog-takavalo-blinder-e-bike\\\/\",\"url\":\"https:\\\/\\\/vmsport.fi\\\/verkkokauppa\\\/tarvikkeet\\\/valaisimet-ja-osat\\\/takavalot\\\/knog-takavalo-blinder-e-bike\\\/\",\"name\":\"Knog Takavalo Blinder e-Bike - VM Sport\",\"isPartOf\":{\"@id\":\"https:\\\/\\\/vmsport.fi\\\/#website\"},\"primaryImageOfPage\":{\"@id\":\"https:\\\/\\\/vmsport.fi\\\/verkkokauppa\\\/tarvikkeet\\\/valaisimet-ja-osat\\\/takavalot\\\/knog-takavalo-blinder-e-bike\\\/#primaryimage\"},\"image\":{\"@id\":\"https:\\\/\\\/vmsport.fi\\\/verkkokauppa\\\/tarvikkeet\\\/valaisimet-ja-osat\\\/takavalot\\\/knog-takavalo-blinder-e-bike\\\/#primaryimage\"},\"thumbnailUrl\":\"https:\\\/\\\/vmsport.fi\\\/wp-content\\\/uploads\\\/2025\\\/03\\\/knog-blinder-e-rh-rear-e-bike-light-2.jpg\",\"datePublished\":\"2025-03-05T21:44:08+00:00\",\"dateModified\":\"2026-01-16T11:22:57+00:00\",\"breadcrumb\":{\"@id\":\"https:\\\/\\\/vmsport.fi\\\/verkkokauppa\\\/tarvikkeet\\\/valaisimet-ja-osat\\\/takavalot\\\/knog-takavalo-blinder-e-bike\\\/#breadcrumb\"},\"inLanguage\":\"sv-SE\",\"potentialAction\":[{\"@type\":\"ReadAction\",\"target\":[\"https:\\\/\\\/vmsport.fi\\\/verkkokauppa\\\/tarvikkeet\\\/valaisimet-ja-osat\\\/takavalot\\\/knog-takavalo-blinder-e-bike\\\/\"]}]},{\"@type\":\"ImageObject\",\"inLanguage\":\"sv-SE\",\"@id\":\"https:\\\/\\\/vmsport.fi\\\/verkkokauppa\\\/tarvikkeet\\\/valaisimet-ja-osat\\\/takavalot\\\/knog-takavalo-blinder-e-bike\\\/#primaryimage\",\"url\":\"https:\\\/\\\/vmsport.fi\\\/wp-content\\\/uploads\\\/2025\\\/03\\\/knog-blinder-e-rh-rear-e-bike-light-2.jpg\",\"contentUrl\":\"https:\\\/\\\/vmsport.fi\\\/wp-content\\\/uploads\\\/2025\\\/03\\\/knog-blinder-e-rh-rear-e-bike-light-2.jpg\",\"width\":700,\"height\":800,\"caption\":\"knog-blinder-e-rh-rear-e-bike-light\"},{\"@type\":\"BreadcrumbList\",\"@id\":\"https:\\\/\\\/vmsport.fi\\\/verkkokauppa\\\/tarvikkeet\\\/valaisimet-ja-osat\\\/takavalot\\\/knog-takavalo-blinder-e-bike\\\/#breadcrumb\",\"itemListElement\":[{\"@type\":\"ListItem\",\"position\":1,\"name\":\"Etusivu\",\"item\":\"https:\\\/\\\/vmsport.fi\\\/\"},{\"@type\":\"ListItem\",\"position\":2,\"name\":\"Online Store\",\"item\":\"https:\\\/\\\/vmsport.fi\\\/en\\\/online-store\\\/\"},{\"@type\":\"ListItem\",\"position\":3,\"name\":\"Knog Takavalo Blinder e-Bike\"}]},{\"@type\":\"WebSite\",\"@id\":\"https:\\\/\\\/vmsport.fi\\\/#website\",\"url\":\"https:\\\/\\\/vmsport.fi\\\/\",\"name\":\"Vmsport\",\"description\":\"Kaikki py\u00f6r\u00e4ilyyn yhdest\u00e4 paikasta\",\"publisher\":{\"@id\":\"https:\\\/\\\/vmsport.fi\\\/#organization\"},\"potentialAction\":[{\"@type\":\"SearchAction\",\"target\":{\"@type\":\"EntryPoint\",\"urlTemplate\":\"https:\\\/\\\/vmsport.fi\\\/?s={search_term_string}\"},\"query-input\":{\"@type\":\"PropertyValueSpecification\",\"valueRequired\":true,\"valueName\":\"search_term_string\"}}],\"inLanguage\":\"sv-SE\"},{\"@type\":\"Organization\",\"@id\":\"https:\\\/\\\/vmsport.fi\\\/#organization\",\"name\":\"Vmsport\",\"url\":\"https:\\\/\\\/vmsport.fi\\\/\",\"logo\":{\"@type\":\"ImageObject\",\"inLanguage\":\"sv-SE\",\"@id\":\"https:\\\/\\\/vmsport.fi\\\/#\\\/schema\\\/logo\\\/image\\\/\",\"url\":\"https:\\\/\\\/vmsport.fi\\\/wp-content\\\/uploads\\\/2024\\\/12\\\/vm_sport_RGB_horisontal-e1734526017575.png\",\"contentUrl\":\"https:\\\/\\\/vmsport.fi\\\/wp-content\\\/uploads\\\/2024\\\/12\\\/vm_sport_RGB_horisontal-e1734526017575.png\",\"width\":668,\"height\":85,\"caption\":\"Vmsport\"},\"image\":{\"@id\":\"https:\\\/\\\/vmsport.fi\\\/#\\\/schema\\\/logo\\\/image\\\/\"},\"sameAs\":[\"https:\\\/\\\/www.facebook.com\\\/Vmsport.fi\\\/\",\"https:\\\/\\\/www.instagram.com\\\/vmsport\\\/\"]}]}<\/script>\n<!-- \/ Yoast SEO plugin. -->","yoast_head_json":{"title":"Knog Takavalo Blinder e-Bike - VM Sport","robots":{"index":"index","follow":"follow","max-snippet":"max-snippet:-1","max-image-preview":"max-image-preview:large","max-video-preview":"max-video-preview:-1"},"canonical":"https:\/\/vmsport.fi\/sv\/webbutik\/tillbehor\/armaturer-och-komponenter\/bakljus\/knog-takavalo-blinder-e-bike\/","og_locale":"sv_SE","og_type":"article","og_title":"Knog Takavalo Blinder e-Bike - VM Sport","og_description":"Knog Takavalo Blinder e-Bike on innovatiivinen polkupy\u00f6r\u00e4n lis\u00e4varuste, joka lis\u00e4\u00e4 sek\u00e4 tyyli\u00e4 ett\u00e4 turvallisuutta. T\u00e4m\u00e4 tehokas takavalo on suunniteltu erityisesti s\u00e4hk\u00f6py\u00f6riin, ja sen kirkas punainen valo parantaa py\u00f6r\u00e4ilij\u00e4n n\u00e4kyvyytt\u00e4 liikenteess\u00e4. Valo on helppo asentaa, mik\u00e4 tekee siit\u00e4 erinomaisen valinnan jokap\u00e4iv\u00e4iseen k\u00e4ytt\u00f6\u00f6n. Kest\u00e4v\u00e4 rakenne takaa valon luotettavan toiminnan s\u00e4\u00e4st\u00e4 riippumatta, mink\u00e4 ansiosta py\u00f6r\u00e4ilij\u00e4 voi tuntea olonsa [...]L\u00e4s mer \u2026 from Knog Takavalo Blinder e-Bike","og_url":"https:\/\/vmsport.fi\/sv\/webbutik\/tillbehor\/armaturer-och-komponenter\/bakljus\/knog-takavalo-blinder-e-bike\/","og_site_name":"VM Sport","article_publisher":"https:\/\/www.facebook.com\/Vmsport.fi\/","article_modified_time":"2026-01-16T11:22:57+00:00","og_image":[{"width":700,"height":800,"url":"https:\/\/vmsport.fi\/wp-content\/uploads\/2025\/03\/knog-blinder-e-rh-rear-e-bike-light-2.jpg","type":"image\/jpeg"}],"twitter_card":"summary_large_image","schema":{"@context":"https:\/\/schema.org","@graph":[{"@type":["WebPage","ItemPage"],"@id":"https:\/\/vmsport.fi\/verkkokauppa\/tarvikkeet\/valaisimet-ja-osat\/takavalot\/knog-takavalo-blinder-e-bike\/","url":"https:\/\/vmsport.fi\/verkkokauppa\/tarvikkeet\/valaisimet-ja-osat\/takavalot\/knog-takavalo-blinder-e-bike\/","name":"Knog Takavalo Blinder e-Bike - VM Sport","isPartOf":{"@id":"https:\/\/vmsport.fi\/#website"},"primaryImageOfPage":{"@id":"https:\/\/vmsport.fi\/verkkokauppa\/tarvikkeet\/valaisimet-ja-osat\/takavalot\/knog-takavalo-blinder-e-bike\/#primaryimage"},"image":{"@id":"https:\/\/vmsport.fi\/verkkokauppa\/tarvikkeet\/valaisimet-ja-osat\/takavalot\/knog-takavalo-blinder-e-bike\/#primaryimage"},"thumbnailUrl":"https:\/\/vmsport.fi\/wp-content\/uploads\/2025\/03\/knog-blinder-e-rh-rear-e-bike-light-2.jpg","datePublished":"2025-03-05T21:44:08+00:00","dateModified":"2026-01-16T11:22:57+00:00","breadcrumb":{"@id":"https:\/\/vmsport.fi\/verkkokauppa\/tarvikkeet\/valaisimet-ja-osat\/takavalot\/knog-takavalo-blinder-e-bike\/#breadcrumb"},"inLanguage":"sv-SE","potentialAction":[{"@type":"ReadAction","target":["https:\/\/vmsport.fi\/verkkokauppa\/tarvikkeet\/valaisimet-ja-osat\/takavalot\/knog-takavalo-blinder-e-bike\/"]}]},{"@type":"ImageObject","inLanguage":"sv-SE","@id":"https:\/\/vmsport.fi\/verkkokauppa\/tarvikkeet\/valaisimet-ja-osat\/takavalot\/knog-takavalo-blinder-e-bike\/#primaryimage","url":"https:\/\/vmsport.fi\/wp-content\/uploads\/2025\/03\/knog-blinder-e-rh-rear-e-bike-light-2.jpg","contentUrl":"https:\/\/vmsport.fi\/wp-content\/uploads\/2025\/03\/knog-blinder-e-rh-rear-e-bike-light-2.jpg","width":700,"height":800,"caption":"knog-blinder-e-rh-rear-e-bike-light"},{"@type":"BreadcrumbList","@id":"https:\/\/vmsport.fi\/verkkokauppa\/tarvikkeet\/valaisimet-ja-osat\/takavalot\/knog-takavalo-blinder-e-bike\/#breadcrumb","itemListElement":[{"@type":"ListItem","position":1,"name":"Etusivu","item":"https:\/\/vmsport.fi\/"},{"@type":"ListItem","position":2,"name":"Online Store","item":"https:\/\/vmsport.fi\/en\/online-store\/"},{"@type":"ListItem","position":3,"name":"Knog Takavalo Blinder e-Bike"}]},{"@type":"WebSite","@id":"https:\/\/vmsport.fi\/#website","url":"https:\/\/vmsport.fi\/","name":"Vmsport","description":"Allt p\u00e5 ett st\u00e4lle f\u00f6r cykling","publisher":{"@id":"https:\/\/vmsport.fi\/#organization"},"potentialAction":[{"@type":"SearchAction","target":{"@type":"EntryPoint","urlTemplate":"https:\/\/vmsport.fi\/?s={search_term_string}"},"query-input":{"@type":"PropertyValueSpecification","valueRequired":true,"valueName":"search_term_string"}}],"inLanguage":"sv-SE"},{"@type":"Organization","@id":"https:\/\/vmsport.fi\/#organization","name":"Vmsport","url":"https:\/\/vmsport.fi\/","logo":{"@type":"ImageObject","inLanguage":"sv-SE","@id":"https:\/\/vmsport.fi\/#\/schema\/logo\/image\/","url":"https:\/\/vmsport.fi\/wp-content\/uploads\/2024\/12\/vm_sport_RGB_horisontal-e1734526017575.png","contentUrl":"https:\/\/vmsport.fi\/wp-content\/uploads\/2024\/12\/vm_sport_RGB_horisontal-e1734526017575.png","width":668,"height":85,"caption":"Vmsport"},"image":{"@id":"https:\/\/vmsport.fi\/#\/schema\/logo\/image\/"},"sameAs":["https:\/\/www.facebook.com\/Vmsport.fi\/","https:\/\/www.instagram.com\/vmsport\/"]}]}},"global_unique_id":"","_links":{"self":[{"href":"https:\/\/vmsport.fi\/sv\/wp-json\/wp\/v2\/product\/53686","targetHints":{"allow":["GET"]}}],"collection":[{"href":"https:\/\/vmsport.fi\/sv\/wp-json\/wp\/v2\/product"}],"about":[{"href":"https:\/\/vmsport.fi\/sv\/wp-json\/wp\/v2\/types\/product"}],"replies":[{"embeddable":true,"href":"https:\/\/vmsport.fi\/sv\/wp-json\/wp\/v2\/comments?post=53686"}],"wp:featuredmedia":[{"embeddable":true,"href":"https:\/\/vmsport.fi\/sv\/wp-json\/wp\/v2\/media\/53683"}],"wp:attachment":[{"href":"https:\/\/vmsport.fi\/sv\/wp-json\/wp\/v2\/media?parent=53686"}],"wp:term":[{"taxonomy":"product_brand","embeddable":true,"href":"https:\/\/vmsport.fi\/sv\/wp-json\/wp\/v2\/product_brand?post=53686"},{"taxonomy":"product_model","embeddable":true,"href":"https:\/\/vmsport.fi\/sv\/wp-json\/wp\/v2\/product_model?post=53686"},{"taxonomy":"product_cat","embeddable":true,"href":"https:\/\/vmsport.fi\/sv\/wp-json\/wp\/v2\/product_cat?post=53686"},{"taxonomy":"product_tag","embeddable":true,"href":"https:\/\/vmsport.fi\/sv\/wp-json\/wp\/v2\/product_tag?post=53686"},{"taxonomy":"industry_terminology","embeddable":true,"href":"https:\/\/vmsport.fi\/sv\/wp-json\/wp\/v2\/industry-terminology?post=53686"}],"curies":[{"name":"wp","href":"https:\/\/api.w.org\/{rel}","templated":true}]}}