{"id":53668,"date":"2025-03-05T23:43:57","date_gmt":"2025-03-05T21:43:57","guid":{"rendered":"https:\/\/vmsport.fi\/verkkokauppa\/Ei-luokiteltu\/xlc-vs-f01-bike-stand\/"},"modified":"2026-01-16T13:22:56","modified_gmt":"2026-01-16T11:22:56","slug":"xlc-vs-f01-cykelstall","status":"publish","type":"product","link":"https:\/\/vmsport.fi\/sv\/verkkokauppa\/tarvikkeet\/muut-oheistuotteet\/seisontatuet\/xlc-vs-f01-bike-stand\/","title":{"rendered":"XLC VS-F01 Cykelst\u00e4ll"},"content":{"rendered":"<p>XLC VS-F01 cykelst\u00e4ll \u00e4r perfekt f\u00f6r b\u00e5de f\u00f6rvaring och visning av cyklar, med en gulddesign som passar b\u00e5de hem- och aff\u00e4rsmilj\u00f6er. Den robusta st\u00e5lkonstruktionen garanterar h\u00e5llbarhet och tillf\u00f6rlitlighet. Den tv\u00e5delade konstruktionen g\u00f6r det enkelt att transportera och montera. Det m\u00e5ngsidiga st\u00e4llet \u00e4r l\u00e4mpligt f\u00f6r olika typer av cyklar, t.ex. stadscyklar, trekkingcyklar, terr\u00e4ngcyklar och racercyklar, och har st\u00f6d f\u00f6r d\u00e4ck som \u00e4r upp till 70 mm breda och 29\" breda. Med en vikt p\u00e5 endast 1091 gram \u00e4r paketh\u00e5llaren l\u00e4tt och enkel att hantera.<\/p>","protected":false},"excerpt":{"rendered":"<p>XLC VS-F01 -py\u00f6r\u00e4teline on ihanteellinen sek\u00e4 py\u00f6rien s\u00e4ilytykseen ett\u00e4 n\u00e4ytt\u00e4v\u00e4\u00e4n esittelyyn, sill\u00e4 sen kultainen muotoilu sopii sek\u00e4 koti- ett\u00e4 liikeymp\u00e4rist\u00f6ihin. Telineen tukevasta ter\u00e4ksest\u00e4 valmistettu rakenne takaa pitk\u00e4ik\u00e4isyyden ja luotettavuuden. Sen kahdesta osasta koostuva rakenne mahdollistaa helpon kuljetuksen ja kokoamisen. Monipuolinen teline soveltuu erilaisille py\u00f6r\u00e4tyypeille, kuten kaupunki-, trekking-, maasto- ja kilpapy\u00f6rille, tukien jopa 70 mm leveit\u00e4 [&#8230;]<\/p>\n<p><a class=\"btn btn-secondary understrap-read-more-link\" href=\"https:\/\/vmsport.fi\/sv\/verkkokauppa\/tarvikkeet\/muut-oheistuotteet\/seisontatuet\/xlc-vs-f01-bike-stand\/\">L\u00e4s mer \u2026<span class=\"screen-reader-text\"> from XLC VS-F01 Bike stand<\/span><\/a><\/p>\n","protected":false},"featured_media":53667,"comment_status":"open","ping_status":"closed","template":"","meta":{"_acf_changed":false,"_improvement_type_select":"improve_an_existing","_thumb_yes_seoaic":false,"_frame_yes_seoaic":false,"seoaic_generate_description":"","seoaic_improve_instructions_prompt":"","seoaic_rollback_content_improvement":"","seoaic_idea_thumbnail_generator":"","thumbnail_generated":false,"thumbnail_generate_prompt":"","seoaic_article_description":"","_supplier_stock_quantity":0},"product_brand":[],"product_model":[],"product_cat":[9394],"product_tag":[],"industry-terminology":[],"class_list":{"0":"post-53668","1":"product","2":"type-product","3":"status-publish","4":"has-post-thumbnail","6":"product_cat-seisontatuet","8":"first","9":"instock","10":"taxable","11":"shipping-taxable","12":"purchasable","13":"product-type-simple"},"acf":{"bike_features":null,"overview":{"copy_overview":null,"key_features":null,"statement":"","youtube_url":""}},"yoast_head":"<!-- This site is optimized with the Yoast SEO plugin v27.3 - https:\/\/yoast.com\/product\/yoast-seo-wordpress\/ -->\n<title>XLC VS-F01 Bike stand - VM Sport<\/title>\n<meta name=\"robots\" content=\"index, follow, max-snippet:-1, max-image-preview:large, max-video-preview:-1\" \/>\n<link rel=\"canonical\" href=\"https:\/\/vmsport.fi\/sv\/webbutik\/tillbehor\/andra-kompletterande-produkter\/stafatoljer\/xlc-vs-f01-cykelstall\/\" \/>\n<meta property=\"og:locale\" content=\"sv_SE\" \/>\n<meta property=\"og:type\" content=\"article\" \/>\n<meta property=\"og:title\" content=\"XLC VS-F01 Bike stand - VM Sport\" \/>\n<meta property=\"og:description\" content=\"XLC VS-F01 -py\u00f6r\u00e4teline on ihanteellinen sek\u00e4 py\u00f6rien s\u00e4ilytykseen ett\u00e4 n\u00e4ytt\u00e4v\u00e4\u00e4n esittelyyn, sill\u00e4 sen kultainen muotoilu sopii sek\u00e4 koti- ett\u00e4 liikeymp\u00e4rist\u00f6ihin. Telineen tukevasta ter\u00e4ksest\u00e4 valmistettu rakenne takaa pitk\u00e4ik\u00e4isyyden ja luotettavuuden. Sen kahdesta osasta koostuva rakenne mahdollistaa helpon kuljetuksen ja kokoamisen. Monipuolinen teline soveltuu erilaisille py\u00f6r\u00e4tyypeille, kuten kaupunki-, trekking-, maasto- ja kilpapy\u00f6rille, tukien jopa 70 mm leveit\u00e4 [...]L\u00e4s mer \u2026 from XLC VS-F01 Bike stand\" \/>\n<meta property=\"og:url\" content=\"https:\/\/vmsport.fi\/sv\/webbutik\/tillbehor\/andra-kompletterande-produkter\/stafatoljer\/xlc-vs-f01-cykelstall\/\" \/>\n<meta property=\"og:site_name\" content=\"VM Sport\" \/>\n<meta property=\"article:publisher\" content=\"https:\/\/www.facebook.com\/Vmsport.fi\/\" \/>\n<meta property=\"article:modified_time\" content=\"2026-01-16T11:22:56+00:00\" \/>\n<meta property=\"og:image\" content=\"https:\/\/vmsport.fi\/wp-content\/uploads\/2025\/03\/U34rEbNbyEruTuhqunTtRycCx6a6Ww1TUlFFOk6KEjF7I1SqfI-1.jpg\" \/>\n\t<meta property=\"og:image:width\" content=\"366\" \/>\n\t<meta property=\"og:image:height\" content=\"736\" \/>\n\t<meta property=\"og:image:type\" content=\"image\/jpeg\" \/>\n<meta name=\"twitter:card\" content=\"summary_large_image\" \/>\n<script type=\"application\/ld+json\" class=\"yoast-schema-graph\">{\"@context\":\"https:\\\/\\\/schema.org\",\"@graph\":[{\"@type\":[\"WebPage\",\"ItemPage\"],\"@id\":\"https:\\\/\\\/vmsport.fi\\\/verkkokauppa\\\/tarvikkeet\\\/muut-oheistuotteet\\\/seisontatuet\\\/xlc-vs-f01-bike-stand\\\/\",\"url\":\"https:\\\/\\\/vmsport.fi\\\/verkkokauppa\\\/tarvikkeet\\\/muut-oheistuotteet\\\/seisontatuet\\\/xlc-vs-f01-bike-stand\\\/\",\"name\":\"XLC VS-F01 Bike stand - VM Sport\",\"isPartOf\":{\"@id\":\"https:\\\/\\\/vmsport.fi\\\/#website\"},\"primaryImageOfPage\":{\"@id\":\"https:\\\/\\\/vmsport.fi\\\/verkkokauppa\\\/tarvikkeet\\\/muut-oheistuotteet\\\/seisontatuet\\\/xlc-vs-f01-bike-stand\\\/#primaryimage\"},\"image\":{\"@id\":\"https:\\\/\\\/vmsport.fi\\\/verkkokauppa\\\/tarvikkeet\\\/muut-oheistuotteet\\\/seisontatuet\\\/xlc-vs-f01-bike-stand\\\/#primaryimage\"},\"thumbnailUrl\":\"https:\\\/\\\/vmsport.fi\\\/wp-content\\\/uploads\\\/2025\\\/03\\\/U34rEbNbyEruTuhqunTtRycCx6a6Ww1TUlFFOk6KEjF7I1SqfI-1.jpg\",\"datePublished\":\"2025-03-05T21:43:57+00:00\",\"dateModified\":\"2026-01-16T11:22:56+00:00\",\"breadcrumb\":{\"@id\":\"https:\\\/\\\/vmsport.fi\\\/verkkokauppa\\\/tarvikkeet\\\/muut-oheistuotteet\\\/seisontatuet\\\/xlc-vs-f01-bike-stand\\\/#breadcrumb\"},\"inLanguage\":\"sv-SE\",\"potentialAction\":[{\"@type\":\"ReadAction\",\"target\":[\"https:\\\/\\\/vmsport.fi\\\/verkkokauppa\\\/tarvikkeet\\\/muut-oheistuotteet\\\/seisontatuet\\\/xlc-vs-f01-bike-stand\\\/\"]}]},{\"@type\":\"ImageObject\",\"inLanguage\":\"sv-SE\",\"@id\":\"https:\\\/\\\/vmsport.fi\\\/verkkokauppa\\\/tarvikkeet\\\/muut-oheistuotteet\\\/seisontatuet\\\/xlc-vs-f01-bike-stand\\\/#primaryimage\",\"url\":\"https:\\\/\\\/vmsport.fi\\\/wp-content\\\/uploads\\\/2025\\\/03\\\/U34rEbNbyEruTuhqunTtRycCx6a6Ww1TUlFFOk6KEjF7I1SqfI-1.jpg\",\"contentUrl\":\"https:\\\/\\\/vmsport.fi\\\/wp-content\\\/uploads\\\/2025\\\/03\\\/U34rEbNbyEruTuhqunTtRycCx6a6Ww1TUlFFOk6KEjF7I1SqfI-1.jpg\",\"width\":366,\"height\":736,\"caption\":\"U34rEbNbyEruTuhqunTtRycCx6a6Ww1TUlFFOk6KEjF7I1SqfI\"},{\"@type\":\"BreadcrumbList\",\"@id\":\"https:\\\/\\\/vmsport.fi\\\/verkkokauppa\\\/tarvikkeet\\\/muut-oheistuotteet\\\/seisontatuet\\\/xlc-vs-f01-bike-stand\\\/#breadcrumb\",\"itemListElement\":[{\"@type\":\"ListItem\",\"position\":1,\"name\":\"Etusivu\",\"item\":\"https:\\\/\\\/vmsport.fi\\\/\"},{\"@type\":\"ListItem\",\"position\":2,\"name\":\"Online Store\",\"item\":\"https:\\\/\\\/vmsport.fi\\\/en\\\/online-store\\\/\"},{\"@type\":\"ListItem\",\"position\":3,\"name\":\"XLC VS-F01 Bike stand\"}]},{\"@type\":\"WebSite\",\"@id\":\"https:\\\/\\\/vmsport.fi\\\/#website\",\"url\":\"https:\\\/\\\/vmsport.fi\\\/\",\"name\":\"Vmsport\",\"description\":\"Kaikki py\u00f6r\u00e4ilyyn yhdest\u00e4 paikasta\",\"publisher\":{\"@id\":\"https:\\\/\\\/vmsport.fi\\\/#organization\"},\"potentialAction\":[{\"@type\":\"SearchAction\",\"target\":{\"@type\":\"EntryPoint\",\"urlTemplate\":\"https:\\\/\\\/vmsport.fi\\\/?s={search_term_string}\"},\"query-input\":{\"@type\":\"PropertyValueSpecification\",\"valueRequired\":true,\"valueName\":\"search_term_string\"}}],\"inLanguage\":\"sv-SE\"},{\"@type\":\"Organization\",\"@id\":\"https:\\\/\\\/vmsport.fi\\\/#organization\",\"name\":\"Vmsport\",\"url\":\"https:\\\/\\\/vmsport.fi\\\/\",\"logo\":{\"@type\":\"ImageObject\",\"inLanguage\":\"sv-SE\",\"@id\":\"https:\\\/\\\/vmsport.fi\\\/#\\\/schema\\\/logo\\\/image\\\/\",\"url\":\"https:\\\/\\\/vmsport.fi\\\/wp-content\\\/uploads\\\/2024\\\/12\\\/vm_sport_RGB_horisontal-e1734526017575.png\",\"contentUrl\":\"https:\\\/\\\/vmsport.fi\\\/wp-content\\\/uploads\\\/2024\\\/12\\\/vm_sport_RGB_horisontal-e1734526017575.png\",\"width\":668,\"height\":85,\"caption\":\"Vmsport\"},\"image\":{\"@id\":\"https:\\\/\\\/vmsport.fi\\\/#\\\/schema\\\/logo\\\/image\\\/\"},\"sameAs\":[\"https:\\\/\\\/www.facebook.com\\\/Vmsport.fi\\\/\",\"https:\\\/\\\/www.instagram.com\\\/vmsport\\\/\"]}]}<\/script>\n<!-- \/ Yoast SEO plugin. -->","yoast_head_json":{"title":"XLC VS-F01 Cykelst\u00e4ll - VM Sport","robots":{"index":"index","follow":"follow","max-snippet":"max-snippet:-1","max-image-preview":"max-image-preview:large","max-video-preview":"max-video-preview:-1"},"canonical":"https:\/\/vmsport.fi\/sv\/webbutik\/tillbehor\/andra-kompletterande-produkter\/stafatoljer\/xlc-vs-f01-cykelstall\/","og_locale":"sv_SE","og_type":"article","og_title":"XLC VS-F01 Bike stand - VM Sport","og_description":"XLC VS-F01 -py\u00f6r\u00e4teline on ihanteellinen sek\u00e4 py\u00f6rien s\u00e4ilytykseen ett\u00e4 n\u00e4ytt\u00e4v\u00e4\u00e4n esittelyyn, sill\u00e4 sen kultainen muotoilu sopii sek\u00e4 koti- ett\u00e4 liikeymp\u00e4rist\u00f6ihin. Telineen tukevasta ter\u00e4ksest\u00e4 valmistettu rakenne takaa pitk\u00e4ik\u00e4isyyden ja luotettavuuden. Sen kahdesta osasta koostuva rakenne mahdollistaa helpon kuljetuksen ja kokoamisen. Monipuolinen teline soveltuu erilaisille py\u00f6r\u00e4tyypeille, kuten kaupunki-, trekking-, maasto- ja kilpapy\u00f6rille, tukien jopa 70 mm leveit\u00e4 [...]L\u00e4s mer \u2026 from XLC VS-F01 Bike stand","og_url":"https:\/\/vmsport.fi\/sv\/webbutik\/tillbehor\/andra-kompletterande-produkter\/stafatoljer\/xlc-vs-f01-cykelstall\/","og_site_name":"VM Sport","article_publisher":"https:\/\/www.facebook.com\/Vmsport.fi\/","article_modified_time":"2026-01-16T11:22:56+00:00","og_image":[{"width":366,"height":736,"url":"https:\/\/vmsport.fi\/wp-content\/uploads\/2025\/03\/U34rEbNbyEruTuhqunTtRycCx6a6Ww1TUlFFOk6KEjF7I1SqfI-1.jpg","type":"image\/jpeg"}],"twitter_card":"summary_large_image","schema":{"@context":"https:\/\/schema.org","@graph":[{"@type":["WebPage","ItemPage"],"@id":"https:\/\/vmsport.fi\/verkkokauppa\/tarvikkeet\/muut-oheistuotteet\/seisontatuet\/xlc-vs-f01-bike-stand\/","url":"https:\/\/vmsport.fi\/verkkokauppa\/tarvikkeet\/muut-oheistuotteet\/seisontatuet\/xlc-vs-f01-bike-stand\/","name":"XLC VS-F01 Cykelst\u00e4ll - VM Sport","isPartOf":{"@id":"https:\/\/vmsport.fi\/#website"},"primaryImageOfPage":{"@id":"https:\/\/vmsport.fi\/verkkokauppa\/tarvikkeet\/muut-oheistuotteet\/seisontatuet\/xlc-vs-f01-bike-stand\/#primaryimage"},"image":{"@id":"https:\/\/vmsport.fi\/verkkokauppa\/tarvikkeet\/muut-oheistuotteet\/seisontatuet\/xlc-vs-f01-bike-stand\/#primaryimage"},"thumbnailUrl":"https:\/\/vmsport.fi\/wp-content\/uploads\/2025\/03\/U34rEbNbyEruTuhqunTtRycCx6a6Ww1TUlFFOk6KEjF7I1SqfI-1.jpg","datePublished":"2025-03-05T21:43:57+00:00","dateModified":"2026-01-16T11:22:56+00:00","breadcrumb":{"@id":"https:\/\/vmsport.fi\/verkkokauppa\/tarvikkeet\/muut-oheistuotteet\/seisontatuet\/xlc-vs-f01-bike-stand\/#breadcrumb"},"inLanguage":"sv-SE","potentialAction":[{"@type":"ReadAction","target":["https:\/\/vmsport.fi\/verkkokauppa\/tarvikkeet\/muut-oheistuotteet\/seisontatuet\/xlc-vs-f01-bike-stand\/"]}]},{"@type":"ImageObject","inLanguage":"sv-SE","@id":"https:\/\/vmsport.fi\/verkkokauppa\/tarvikkeet\/muut-oheistuotteet\/seisontatuet\/xlc-vs-f01-bike-stand\/#primaryimage","url":"https:\/\/vmsport.fi\/wp-content\/uploads\/2025\/03\/U34rEbNbyEruTuhqunTtRycCx6a6Ww1TUlFFOk6KEjF7I1SqfI-1.jpg","contentUrl":"https:\/\/vmsport.fi\/wp-content\/uploads\/2025\/03\/U34rEbNbyEruTuhqunTtRycCx6a6Ww1TUlFFOk6KEjF7I1SqfI-1.jpg","width":366,"height":736,"caption":"U34rEbNbyEruTuhqunTtRycCx6a6Ww1TUlFFOk6KEjF7I1SqfI"},{"@type":"BreadcrumbList","@id":"https:\/\/vmsport.fi\/verkkokauppa\/tarvikkeet\/muut-oheistuotteet\/seisontatuet\/xlc-vs-f01-bike-stand\/#breadcrumb","itemListElement":[{"@type":"ListItem","position":1,"name":"Etusivu","item":"https:\/\/vmsport.fi\/"},{"@type":"ListItem","position":2,"name":"Online Store","item":"https:\/\/vmsport.fi\/en\/online-store\/"},{"@type":"ListItem","position":3,"name":"XLC VS-F01 Bike stand"}]},{"@type":"WebSite","@id":"https:\/\/vmsport.fi\/#website","url":"https:\/\/vmsport.fi\/","name":"Vmsport","description":"Allt p\u00e5 ett st\u00e4lle f\u00f6r cykling","publisher":{"@id":"https:\/\/vmsport.fi\/#organization"},"potentialAction":[{"@type":"SearchAction","target":{"@type":"EntryPoint","urlTemplate":"https:\/\/vmsport.fi\/?s={search_term_string}"},"query-input":{"@type":"PropertyValueSpecification","valueRequired":true,"valueName":"search_term_string"}}],"inLanguage":"sv-SE"},{"@type":"Organization","@id":"https:\/\/vmsport.fi\/#organization","name":"Vmsport","url":"https:\/\/vmsport.fi\/","logo":{"@type":"ImageObject","inLanguage":"sv-SE","@id":"https:\/\/vmsport.fi\/#\/schema\/logo\/image\/","url":"https:\/\/vmsport.fi\/wp-content\/uploads\/2024\/12\/vm_sport_RGB_horisontal-e1734526017575.png","contentUrl":"https:\/\/vmsport.fi\/wp-content\/uploads\/2024\/12\/vm_sport_RGB_horisontal-e1734526017575.png","width":668,"height":85,"caption":"Vmsport"},"image":{"@id":"https:\/\/vmsport.fi\/#\/schema\/logo\/image\/"},"sameAs":["https:\/\/www.facebook.com\/Vmsport.fi\/","https:\/\/www.instagram.com\/vmsport\/"]}]}},"global_unique_id":"","_links":{"self":[{"href":"https:\/\/vmsport.fi\/sv\/wp-json\/wp\/v2\/product\/53668","targetHints":{"allow":["GET"]}}],"collection":[{"href":"https:\/\/vmsport.fi\/sv\/wp-json\/wp\/v2\/product"}],"about":[{"href":"https:\/\/vmsport.fi\/sv\/wp-json\/wp\/v2\/types\/product"}],"replies":[{"embeddable":true,"href":"https:\/\/vmsport.fi\/sv\/wp-json\/wp\/v2\/comments?post=53668"}],"wp:featuredmedia":[{"embeddable":true,"href":"https:\/\/vmsport.fi\/sv\/wp-json\/wp\/v2\/media\/53667"}],"wp:attachment":[{"href":"https:\/\/vmsport.fi\/sv\/wp-json\/wp\/v2\/media?parent=53668"}],"wp:term":[{"taxonomy":"product_brand","embeddable":true,"href":"https:\/\/vmsport.fi\/sv\/wp-json\/wp\/v2\/product_brand?post=53668"},{"taxonomy":"product_model","embeddable":true,"href":"https:\/\/vmsport.fi\/sv\/wp-json\/wp\/v2\/product_model?post=53668"},{"taxonomy":"product_cat","embeddable":true,"href":"https:\/\/vmsport.fi\/sv\/wp-json\/wp\/v2\/product_cat?post=53668"},{"taxonomy":"product_tag","embeddable":true,"href":"https:\/\/vmsport.fi\/sv\/wp-json\/wp\/v2\/product_tag?post=53668"},{"taxonomy":"industry_terminology","embeddable":true,"href":"https:\/\/vmsport.fi\/sv\/wp-json\/wp\/v2\/industry-terminology?post=53668"}],"curies":[{"name":"wp","href":"https:\/\/api.w.org\/{rel}","templated":true}]}}