{"id":53662,"date":"2025-03-05T23:43:54","date_gmt":"2025-03-05T21:43:54","guid":{"rendered":"https:\/\/vmsport.fi\/verkkokauppa\/Ei-luokiteltu\/muc-off-tubeless-valve-kit-60-mm-black\/"},"modified":"2026-01-16T13:20:38","modified_gmt":"2026-01-16T11:20:38","slug":"muc-off-slanglos-ventilsats-60-mm-svart","status":"publish","type":"product","link":"https:\/\/vmsport.fi\/sv\/verkkokauppa\/renkaat\/tubeless-tarvikkeet\/tubeless-venttiilit\/muc-off-tubeless-valve-kit-60-mm-black\/","title":{"rendered":"MUC-OFF Tubeless Valve Kit 60 mm Svart"},"content":{"rendered":"<p>MUC-OFF Tubeless Valve Kit 60 mm \u00e4r utformad f\u00f6r passionerade cyklister och erbjuder en utm\u00e4rkt l\u00f6sning f\u00f6r b\u00e5de landsv\u00e4gs- och mountainbikes. Denna svarta, 60 mm l\u00e5nga ventilsats inneh\u00e5ller flera monteringsalternativ, inklusive smala och breda runda baser och fyrkantiga baser f\u00f6r olika f\u00e4lgprofiler. Ett extra ventillock med integrerad ventilkopplingsutl\u00f6sare, som ing\u00e5r i satsen, ger ytterligare praktisk anv\u00e4ndbarhet. Tack vare ventilsatsens m\u00e5ngsidighet, som \u00e4r l\u00e4mplig f\u00f6r olika f\u00e4lgprofiler, kan cyklisten lita p\u00e5 dess anpassningsf\u00f6rm\u00e5ga till olika k\u00f6rsituationer.<\/p>","protected":false},"excerpt":{"rendered":"<p>MUC-OFF Tubeless-venttiilisetti 60 mm on suunniteltu innokkaille py\u00f6r\u00e4ilij\u00f6ille ja tarjoaa erinomaisen ratkaisun sek\u00e4 maantie- ett\u00e4 maastopy\u00f6riin. T\u00e4m\u00e4 musta, 60 mm pitk\u00e4 venttiilisarja sis\u00e4lt\u00e4\u00e4 useita kiinnitysvaihtoehtoja, kuten kapeat ja leve\u00e4t py\u00f6re\u00e4t alustat sek\u00e4 neli\u00f6m\u00e4iset alustat eri vanneprofiileille. Settiin kuuluva varaventtiilin korkki, jossa on integroitu venttiiliytimen irrottaja, tarjoaa lis\u00e4\u00e4 k\u00e4yt\u00e4nn\u00f6llisyytt\u00e4. Venttiilisetin monik\u00e4ytt\u00f6isyyden ansiosta, joka sopii erilaisiin vanneprofiileihin, [&#8230;]<\/p>\n<p><a class=\"btn btn-secondary understrap-read-more-link\" href=\"https:\/\/vmsport.fi\/sv\/verkkokauppa\/renkaat\/tubeless-tarvikkeet\/tubeless-venttiilit\/muc-off-tubeless-valve-kit-60-mm-black\/\">L\u00e4s mer \u2026<span class=\"screen-reader-text\"> from MUC-OFF Tubeless Valve Kit 60 mm Black<\/span><\/a><\/p>\n","protected":false},"featured_media":53661,"comment_status":"open","ping_status":"closed","template":"","meta":{"_acf_changed":false,"_improvement_type_select":"improve_an_existing","_thumb_yes_seoaic":false,"_frame_yes_seoaic":false,"seoaic_generate_description":"","seoaic_improve_instructions_prompt":"","seoaic_rollback_content_improvement":"","seoaic_idea_thumbnail_generator":"","thumbnail_generated":false,"thumbnail_generate_prompt":"","seoaic_article_description":"","_supplier_stock_quantity":0},"product_brand":[1584],"product_model":[],"product_cat":[9392],"product_tag":[],"industry-terminology":[],"class_list":{"0":"post-53662","1":"product","2":"type-product","3":"status-publish","4":"has-post-thumbnail","6":"product_brand-muc-off","7":"product_cat-tubeless-venttiilit","9":"first","10":"outofstock","11":"taxable","12":"shipping-taxable","13":"product-type-simple"},"acf":{"bike_features":null,"overview":{"copy_overview":null,"key_features":null,"statement":"","youtube_url":""}},"yoast_head":"<!-- This site is optimized with the Yoast SEO plugin v27.3 - https:\/\/yoast.com\/product\/yoast-seo-wordpress\/ -->\n<title>MUC-OFF Tubeless Valve Kit 60 mm Black - VM Sport<\/title>\n<meta name=\"robots\" content=\"index, follow, max-snippet:-1, max-image-preview:large, max-video-preview:-1\" \/>\n<link rel=\"canonical\" href=\"https:\/\/vmsport.fi\/sv\/webbutik\/dack\/slanglosa-tillbehor\/slanglosa-ventiler\/muc-off-slanglos-ventilsats-60-mm-svart\/\" \/>\n<meta property=\"og:locale\" content=\"sv_SE\" \/>\n<meta property=\"og:type\" content=\"article\" \/>\n<meta property=\"og:title\" content=\"MUC-OFF Tubeless Valve Kit 60 mm Black - VM Sport\" \/>\n<meta property=\"og:description\" content=\"MUC-OFF Tubeless-venttiilisetti 60 mm on suunniteltu innokkaille py\u00f6r\u00e4ilij\u00f6ille ja tarjoaa erinomaisen ratkaisun sek\u00e4 maantie- ett\u00e4 maastopy\u00f6riin. T\u00e4m\u00e4 musta, 60 mm pitk\u00e4 venttiilisarja sis\u00e4lt\u00e4\u00e4 useita kiinnitysvaihtoehtoja, kuten kapeat ja leve\u00e4t py\u00f6re\u00e4t alustat sek\u00e4 neli\u00f6m\u00e4iset alustat eri vanneprofiileille. Settiin kuuluva varaventtiilin korkki, jossa on integroitu venttiiliytimen irrottaja, tarjoaa lis\u00e4\u00e4 k\u00e4yt\u00e4nn\u00f6llisyytt\u00e4. Venttiilisetin monik\u00e4ytt\u00f6isyyden ansiosta, joka sopii erilaisiin vanneprofiileihin, [...]L\u00e4s mer \u2026 from MUC-OFF Tubeless Valve Kit 60 mm Black\" \/>\n<meta property=\"og:url\" content=\"https:\/\/vmsport.fi\/sv\/webbutik\/dack\/slanglosa-tillbehor\/slanglosa-ventiler\/muc-off-slanglos-ventilsats-60-mm-svart\/\" \/>\n<meta property=\"og:site_name\" content=\"VM Sport\" \/>\n<meta property=\"article:publisher\" content=\"https:\/\/www.facebook.com\/Vmsport.fi\/\" \/>\n<meta property=\"article:modified_time\" content=\"2026-01-16T11:20:38+00:00\" \/>\n<meta property=\"og:image\" content=\"https:\/\/vmsport.fi\/wp-content\/uploads\/2025\/03\/Muc-Off-44mm-Black-Valve-600x-1.jpg\" \/>\n\t<meta property=\"og:image:width\" content=\"600\" \/>\n\t<meta property=\"og:image:height\" content=\"338\" \/>\n\t<meta property=\"og:image:type\" content=\"image\/jpeg\" \/>\n<meta name=\"twitter:card\" content=\"summary_large_image\" \/>\n<script type=\"application\/ld+json\" class=\"yoast-schema-graph\">{\"@context\":\"https:\\\/\\\/schema.org\",\"@graph\":[{\"@type\":[\"WebPage\",\"ItemPage\"],\"@id\":\"https:\\\/\\\/vmsport.fi\\\/verkkokauppa\\\/renkaat\\\/tubeless-tarvikkeet\\\/tubeless-venttiilit\\\/muc-off-tubeless-valve-kit-60-mm-black\\\/\",\"url\":\"https:\\\/\\\/vmsport.fi\\\/verkkokauppa\\\/renkaat\\\/tubeless-tarvikkeet\\\/tubeless-venttiilit\\\/muc-off-tubeless-valve-kit-60-mm-black\\\/\",\"name\":\"MUC-OFF Tubeless Valve Kit 60 mm Black - VM Sport\",\"isPartOf\":{\"@id\":\"https:\\\/\\\/vmsport.fi\\\/#website\"},\"primaryImageOfPage\":{\"@id\":\"https:\\\/\\\/vmsport.fi\\\/verkkokauppa\\\/renkaat\\\/tubeless-tarvikkeet\\\/tubeless-venttiilit\\\/muc-off-tubeless-valve-kit-60-mm-black\\\/#primaryimage\"},\"image\":{\"@id\":\"https:\\\/\\\/vmsport.fi\\\/verkkokauppa\\\/renkaat\\\/tubeless-tarvikkeet\\\/tubeless-venttiilit\\\/muc-off-tubeless-valve-kit-60-mm-black\\\/#primaryimage\"},\"thumbnailUrl\":\"https:\\\/\\\/vmsport.fi\\\/wp-content\\\/uploads\\\/2025\\\/03\\\/Muc-Off-44mm-Black-Valve-600x-1.jpg\",\"datePublished\":\"2025-03-05T21:43:54+00:00\",\"dateModified\":\"2026-01-16T11:20:38+00:00\",\"breadcrumb\":{\"@id\":\"https:\\\/\\\/vmsport.fi\\\/verkkokauppa\\\/renkaat\\\/tubeless-tarvikkeet\\\/tubeless-venttiilit\\\/muc-off-tubeless-valve-kit-60-mm-black\\\/#breadcrumb\"},\"inLanguage\":\"sv-SE\",\"potentialAction\":[{\"@type\":\"ReadAction\",\"target\":[\"https:\\\/\\\/vmsport.fi\\\/verkkokauppa\\\/renkaat\\\/tubeless-tarvikkeet\\\/tubeless-venttiilit\\\/muc-off-tubeless-valve-kit-60-mm-black\\\/\"]}]},{\"@type\":\"ImageObject\",\"inLanguage\":\"sv-SE\",\"@id\":\"https:\\\/\\\/vmsport.fi\\\/verkkokauppa\\\/renkaat\\\/tubeless-tarvikkeet\\\/tubeless-venttiilit\\\/muc-off-tubeless-valve-kit-60-mm-black\\\/#primaryimage\",\"url\":\"https:\\\/\\\/vmsport.fi\\\/wp-content\\\/uploads\\\/2025\\\/03\\\/Muc-Off-44mm-Black-Valve-600x-1.jpg\",\"contentUrl\":\"https:\\\/\\\/vmsport.fi\\\/wp-content\\\/uploads\\\/2025\\\/03\\\/Muc-Off-44mm-Black-Valve-600x-1.jpg\",\"width\":600,\"height\":338,\"caption\":\"Muc-Off-44mm-Black-Valve-600x\"},{\"@type\":\"BreadcrumbList\",\"@id\":\"https:\\\/\\\/vmsport.fi\\\/verkkokauppa\\\/renkaat\\\/tubeless-tarvikkeet\\\/tubeless-venttiilit\\\/muc-off-tubeless-valve-kit-60-mm-black\\\/#breadcrumb\",\"itemListElement\":[{\"@type\":\"ListItem\",\"position\":1,\"name\":\"Etusivu\",\"item\":\"https:\\\/\\\/vmsport.fi\\\/\"},{\"@type\":\"ListItem\",\"position\":2,\"name\":\"Online Store\",\"item\":\"https:\\\/\\\/vmsport.fi\\\/en\\\/online-store\\\/\"},{\"@type\":\"ListItem\",\"position\":3,\"name\":\"MUC-OFF Tubeless Valve Kit 60 mm Black\"}]},{\"@type\":\"WebSite\",\"@id\":\"https:\\\/\\\/vmsport.fi\\\/#website\",\"url\":\"https:\\\/\\\/vmsport.fi\\\/\",\"name\":\"Vmsport\",\"description\":\"Kaikki py\u00f6r\u00e4ilyyn yhdest\u00e4 paikasta\",\"publisher\":{\"@id\":\"https:\\\/\\\/vmsport.fi\\\/#organization\"},\"potentialAction\":[{\"@type\":\"SearchAction\",\"target\":{\"@type\":\"EntryPoint\",\"urlTemplate\":\"https:\\\/\\\/vmsport.fi\\\/?s={search_term_string}\"},\"query-input\":{\"@type\":\"PropertyValueSpecification\",\"valueRequired\":true,\"valueName\":\"search_term_string\"}}],\"inLanguage\":\"sv-SE\"},{\"@type\":\"Organization\",\"@id\":\"https:\\\/\\\/vmsport.fi\\\/#organization\",\"name\":\"Vmsport\",\"url\":\"https:\\\/\\\/vmsport.fi\\\/\",\"logo\":{\"@type\":\"ImageObject\",\"inLanguage\":\"sv-SE\",\"@id\":\"https:\\\/\\\/vmsport.fi\\\/#\\\/schema\\\/logo\\\/image\\\/\",\"url\":\"https:\\\/\\\/vmsport.fi\\\/wp-content\\\/uploads\\\/2024\\\/12\\\/vm_sport_RGB_horisontal-e1734526017575.png\",\"contentUrl\":\"https:\\\/\\\/vmsport.fi\\\/wp-content\\\/uploads\\\/2024\\\/12\\\/vm_sport_RGB_horisontal-e1734526017575.png\",\"width\":668,\"height\":85,\"caption\":\"Vmsport\"},\"image\":{\"@id\":\"https:\\\/\\\/vmsport.fi\\\/#\\\/schema\\\/logo\\\/image\\\/\"},\"sameAs\":[\"https:\\\/\\\/www.facebook.com\\\/Vmsport.fi\\\/\",\"https:\\\/\\\/www.instagram.com\\\/vmsport\\\/\"]}]}<\/script>\n<!-- \/ Yoast SEO plugin. -->","yoast_head_json":{"title":"MUC-OFF slangl\u00f6s ventilsats 60 mm svart - VM Sport","robots":{"index":"index","follow":"follow","max-snippet":"max-snippet:-1","max-image-preview":"max-image-preview:large","max-video-preview":"max-video-preview:-1"},"canonical":"https:\/\/vmsport.fi\/sv\/webbutik\/dack\/slanglosa-tillbehor\/slanglosa-ventiler\/muc-off-slanglos-ventilsats-60-mm-svart\/","og_locale":"sv_SE","og_type":"article","og_title":"MUC-OFF Tubeless Valve Kit 60 mm Black - VM Sport","og_description":"MUC-OFF Tubeless-venttiilisetti 60 mm on suunniteltu innokkaille py\u00f6r\u00e4ilij\u00f6ille ja tarjoaa erinomaisen ratkaisun sek\u00e4 maantie- ett\u00e4 maastopy\u00f6riin. T\u00e4m\u00e4 musta, 60 mm pitk\u00e4 venttiilisarja sis\u00e4lt\u00e4\u00e4 useita kiinnitysvaihtoehtoja, kuten kapeat ja leve\u00e4t py\u00f6re\u00e4t alustat sek\u00e4 neli\u00f6m\u00e4iset alustat eri vanneprofiileille. Settiin kuuluva varaventtiilin korkki, jossa on integroitu venttiiliytimen irrottaja, tarjoaa lis\u00e4\u00e4 k\u00e4yt\u00e4nn\u00f6llisyytt\u00e4. Venttiilisetin monik\u00e4ytt\u00f6isyyden ansiosta, joka sopii erilaisiin vanneprofiileihin, [...]L\u00e4s mer \u2026 from MUC-OFF Tubeless Valve Kit 60 mm Black","og_url":"https:\/\/vmsport.fi\/sv\/webbutik\/dack\/slanglosa-tillbehor\/slanglosa-ventiler\/muc-off-slanglos-ventilsats-60-mm-svart\/","og_site_name":"VM Sport","article_publisher":"https:\/\/www.facebook.com\/Vmsport.fi\/","article_modified_time":"2026-01-16T11:20:38+00:00","og_image":[{"width":600,"height":338,"url":"https:\/\/vmsport.fi\/wp-content\/uploads\/2025\/03\/Muc-Off-44mm-Black-Valve-600x-1.jpg","type":"image\/jpeg"}],"twitter_card":"summary_large_image","schema":{"@context":"https:\/\/schema.org","@graph":[{"@type":["WebPage","ItemPage"],"@id":"https:\/\/vmsport.fi\/verkkokauppa\/renkaat\/tubeless-tarvikkeet\/tubeless-venttiilit\/muc-off-tubeless-valve-kit-60-mm-black\/","url":"https:\/\/vmsport.fi\/verkkokauppa\/renkaat\/tubeless-tarvikkeet\/tubeless-venttiilit\/muc-off-tubeless-valve-kit-60-mm-black\/","name":"MUC-OFF slangl\u00f6s ventilsats 60 mm svart - VM Sport","isPartOf":{"@id":"https:\/\/vmsport.fi\/#website"},"primaryImageOfPage":{"@id":"https:\/\/vmsport.fi\/verkkokauppa\/renkaat\/tubeless-tarvikkeet\/tubeless-venttiilit\/muc-off-tubeless-valve-kit-60-mm-black\/#primaryimage"},"image":{"@id":"https:\/\/vmsport.fi\/verkkokauppa\/renkaat\/tubeless-tarvikkeet\/tubeless-venttiilit\/muc-off-tubeless-valve-kit-60-mm-black\/#primaryimage"},"thumbnailUrl":"https:\/\/vmsport.fi\/wp-content\/uploads\/2025\/03\/Muc-Off-44mm-Black-Valve-600x-1.jpg","datePublished":"2025-03-05T21:43:54+00:00","dateModified":"2026-01-16T11:20:38+00:00","breadcrumb":{"@id":"https:\/\/vmsport.fi\/verkkokauppa\/renkaat\/tubeless-tarvikkeet\/tubeless-venttiilit\/muc-off-tubeless-valve-kit-60-mm-black\/#breadcrumb"},"inLanguage":"sv-SE","potentialAction":[{"@type":"ReadAction","target":["https:\/\/vmsport.fi\/verkkokauppa\/renkaat\/tubeless-tarvikkeet\/tubeless-venttiilit\/muc-off-tubeless-valve-kit-60-mm-black\/"]}]},{"@type":"ImageObject","inLanguage":"sv-SE","@id":"https:\/\/vmsport.fi\/verkkokauppa\/renkaat\/tubeless-tarvikkeet\/tubeless-venttiilit\/muc-off-tubeless-valve-kit-60-mm-black\/#primaryimage","url":"https:\/\/vmsport.fi\/wp-content\/uploads\/2025\/03\/Muc-Off-44mm-Black-Valve-600x-1.jpg","contentUrl":"https:\/\/vmsport.fi\/wp-content\/uploads\/2025\/03\/Muc-Off-44mm-Black-Valve-600x-1.jpg","width":600,"height":338,"caption":"Muc-Off-44mm-Black-Valve-600x"},{"@type":"BreadcrumbList","@id":"https:\/\/vmsport.fi\/verkkokauppa\/renkaat\/tubeless-tarvikkeet\/tubeless-venttiilit\/muc-off-tubeless-valve-kit-60-mm-black\/#breadcrumb","itemListElement":[{"@type":"ListItem","position":1,"name":"Etusivu","item":"https:\/\/vmsport.fi\/"},{"@type":"ListItem","position":2,"name":"Online Store","item":"https:\/\/vmsport.fi\/en\/online-store\/"},{"@type":"ListItem","position":3,"name":"MUC-OFF Tubeless Valve Kit 60 mm Black"}]},{"@type":"WebSite","@id":"https:\/\/vmsport.fi\/#website","url":"https:\/\/vmsport.fi\/","name":"Vmsport","description":"Allt p\u00e5 ett st\u00e4lle f\u00f6r cykling","publisher":{"@id":"https:\/\/vmsport.fi\/#organization"},"potentialAction":[{"@type":"SearchAction","target":{"@type":"EntryPoint","urlTemplate":"https:\/\/vmsport.fi\/?s={search_term_string}"},"query-input":{"@type":"PropertyValueSpecification","valueRequired":true,"valueName":"search_term_string"}}],"inLanguage":"sv-SE"},{"@type":"Organization","@id":"https:\/\/vmsport.fi\/#organization","name":"Vmsport","url":"https:\/\/vmsport.fi\/","logo":{"@type":"ImageObject","inLanguage":"sv-SE","@id":"https:\/\/vmsport.fi\/#\/schema\/logo\/image\/","url":"https:\/\/vmsport.fi\/wp-content\/uploads\/2024\/12\/vm_sport_RGB_horisontal-e1734526017575.png","contentUrl":"https:\/\/vmsport.fi\/wp-content\/uploads\/2024\/12\/vm_sport_RGB_horisontal-e1734526017575.png","width":668,"height":85,"caption":"Vmsport"},"image":{"@id":"https:\/\/vmsport.fi\/#\/schema\/logo\/image\/"},"sameAs":["https:\/\/www.facebook.com\/Vmsport.fi\/","https:\/\/www.instagram.com\/vmsport\/"]}]}},"global_unique_id":"","_links":{"self":[{"href":"https:\/\/vmsport.fi\/sv\/wp-json\/wp\/v2\/product\/53662","targetHints":{"allow":["GET"]}}],"collection":[{"href":"https:\/\/vmsport.fi\/sv\/wp-json\/wp\/v2\/product"}],"about":[{"href":"https:\/\/vmsport.fi\/sv\/wp-json\/wp\/v2\/types\/product"}],"replies":[{"embeddable":true,"href":"https:\/\/vmsport.fi\/sv\/wp-json\/wp\/v2\/comments?post=53662"}],"wp:featuredmedia":[{"embeddable":true,"href":"https:\/\/vmsport.fi\/sv\/wp-json\/wp\/v2\/media\/53661"}],"wp:attachment":[{"href":"https:\/\/vmsport.fi\/sv\/wp-json\/wp\/v2\/media?parent=53662"}],"wp:term":[{"taxonomy":"product_brand","embeddable":true,"href":"https:\/\/vmsport.fi\/sv\/wp-json\/wp\/v2\/product_brand?post=53662"},{"taxonomy":"product_model","embeddable":true,"href":"https:\/\/vmsport.fi\/sv\/wp-json\/wp\/v2\/product_model?post=53662"},{"taxonomy":"product_cat","embeddable":true,"href":"https:\/\/vmsport.fi\/sv\/wp-json\/wp\/v2\/product_cat?post=53662"},{"taxonomy":"product_tag","embeddable":true,"href":"https:\/\/vmsport.fi\/sv\/wp-json\/wp\/v2\/product_tag?post=53662"},{"taxonomy":"industry_terminology","embeddable":true,"href":"https:\/\/vmsport.fi\/sv\/wp-json\/wp\/v2\/industry-terminology?post=53662"}],"curies":[{"name":"wp","href":"https:\/\/api.w.org\/{rel}","templated":true}]}}