{"id":53622,"date":"2025-03-05T23:43:18","date_gmt":"2025-03-05T21:43:18","guid":{"rendered":"https:\/\/vmsport.fi\/verkkokauppa\/Ei-luokiteltu\/fox-nuorten-defend-pant-2022-malli\/"},"modified":"2026-03-05T10:05:42","modified_gmt":"2026-03-05T08:05:42","slug":"fox-youth-defend-byxa-2022-modell","status":"publish","type":"product","link":"https:\/\/vmsport.fi\/sv\/verkkokauppa\/ajovarusteet\/vaatteet\/shortsit\/fox-nuorten-defend-pant-2022-malli\/","title":{"rendered":"Fox Youth DEFEND Pant - 2022 \u00e5rs modell"},"content":{"rendered":"<p>Fox Youth DEFEND Pant - 2022 DEFEND Pant \u00e4r designad f\u00f6r unga mountainbike-entusiaster och erbjuder h\u00e5llbarhet och komfort i ett och samma paket. Byxorna kombinerar komplett skydd och prestanda. Cordura\u00ae-tyg anv\u00e4nds i sadel- och kn\u00e4paneler f\u00f6r n\u00f6tningsbest\u00e4ndighet av h\u00f6gsta kvalitet. Vattenavvisande DWR-finish ger effektivt skydd mot fukt och smuts.<\/p>\n<p>Byxorna har bra passform och \u00e4r justerbara f\u00f6r s\u00e4kerhet och anpassningsf\u00f6rm\u00e5ga. En praktisk f\u00e4stmekanism g\u00f6r det m\u00f6jligt att enkelt justera byxorna under f\u00e4rd. De avsmalnande benen och det elastiska n\u00e4tet \u00e4r skr\u00e4ddarsydda f\u00f6r t\u00e4vling och minskar benens grepp och luftmotst\u00e5ndet.<\/p>\n<p>TruMotion\u00ae-materialet ger utm\u00e4rkt r\u00f6rlighet och g\u00f6r det l\u00e4ttare att trampa. Ventilations\u00f6ppningar fram och bak f\u00f6rb\u00e4ttrar ventilationen och h\u00e5ller cyklisten sval \u00e4ven under tuffa turer. Byxorna har praktiska s\u00e4kerhetsfickor och en extra ficka som ger f\u00f6rvaringsutrymme f\u00f6r sm\u00e5saker.<\/p>\n<p>TruDri\u00ae-tekniken transporterar effektivt bort svett, \u00f6kar torrheten och f\u00f6rb\u00e4ttrar k\u00f6rkomforten under intensiva k\u00f6rdagar. Materialet \u00e4r 88% nylon och 12% spandex f\u00f6r byxorna och 89% Cordura\u00ae och 11% spandex f\u00f6r kn\u00e4n och sadel. Dessa egenskaper g\u00f6r byxorna till ett utm\u00e4rkt val f\u00f6r unga m\u00e4nniskor som v\u00e4rdes\u00e4tter en balans mellan funktionalitet, komfort och prestanda.<\/p>","protected":false},"excerpt":{"rendered":"<p>Fox Nuorten DEFEND Pant &#8211; 2022 Malli on suunniteltu nuorille maastopy\u00f6r\u00e4ilyn harrastajille, tarjoamaan kest\u00e4vyys ja mukavuus samassa paketissa. Housuissa yhdistyv\u00e4t t\u00e4ydellinen suoja ja suorituskyky. Cordura\u00ae-kangasta on k\u00e4ytetty satulan ja polvien paneeleissa, mik\u00e4 takaa huippuluokan kulutuksenkest\u00e4vyyden. Vett\u00e4hylkiv\u00e4 DWR-viimeistely suojaa tehokkaasti kosteudelta ja lialta. Housut istuvat hyvin ja ovat s\u00e4\u00e4dett\u00e4v\u00e4t turvallisuutta ja mukautuvuutta silm\u00e4ll\u00e4 pit\u00e4en. Helppo s\u00e4\u00e4t\u00f6 [&#8230;]<\/p>\n<p><a class=\"btn btn-secondary understrap-read-more-link\" href=\"https:\/\/vmsport.fi\/sv\/verkkokauppa\/ajovarusteet\/vaatteet\/shortsit\/fox-nuorten-defend-pant-2022-malli\/\">L\u00e4s mer \u2026<span class=\"screen-reader-text\"> from Fox Nuorten DEFEND Pant &#8211; 2022 Malli<\/span><\/a><\/p>\n","protected":false},"featured_media":53619,"comment_status":"open","ping_status":"closed","template":"","meta":{"_acf_changed":false,"_improvement_type_select":"improve_an_existing","_thumb_yes_seoaic":false,"_frame_yes_seoaic":false,"seoaic_generate_description":"","seoaic_improve_instructions_prompt":"","seoaic_rollback_content_improvement":"","seoaic_idea_thumbnail_generator":"","thumbnail_generated":false,"thumbnail_generate_prompt":"","seoaic_article_description":"","_supplier_stock_quantity":0},"product_brand":[45],"product_model":[],"product_cat":[9462],"product_tag":[],"industry-terminology":[],"class_list":{"0":"post-53622","1":"product","2":"type-product","3":"status-publish","4":"has-post-thumbnail","6":"product_brand-fox","7":"product_cat-shortsit","9":"first","10":"instock","11":"sale","12":"taxable","13":"shipping-taxable","14":"purchasable","15":"product-type-variable"},"acf":{"bike_features":null,"overview":{"copy_overview":null,"key_features":null,"statement":"","youtube_url":""}},"yoast_head":"<!-- This site is optimized with the Yoast SEO plugin v27.3 - https:\/\/yoast.com\/product\/yoast-seo-wordpress\/ -->\n<title>Fox Nuorten DEFEND Pant - 2022 Malli - VM Sport<\/title>\n<meta name=\"robots\" content=\"index, follow, max-snippet:-1, max-image-preview:large, max-video-preview:-1\" \/>\n<link rel=\"canonical\" href=\"https:\/\/vmsport.fi\/sv\/webbutik\/korutrustning\/klader\/shorts\/fox-youth-defend-byxa-2022-modell\/\" \/>\n<meta property=\"og:locale\" content=\"sv_SE\" \/>\n<meta property=\"og:type\" content=\"article\" \/>\n<meta property=\"og:title\" content=\"Fox Nuorten DEFEND Pant - 2022 Malli - VM Sport\" \/>\n<meta property=\"og:description\" content=\"Fox Nuorten DEFEND Pant &#8211; 2022 Malli on suunniteltu nuorille maastopy\u00f6r\u00e4ilyn harrastajille, tarjoamaan kest\u00e4vyys ja mukavuus samassa paketissa. Housuissa yhdistyv\u00e4t t\u00e4ydellinen suoja ja suorituskyky. Cordura\u00ae-kangasta on k\u00e4ytetty satulan ja polvien paneeleissa, mik\u00e4 takaa huippuluokan kulutuksenkest\u00e4vyyden. Vett\u00e4hylkiv\u00e4 DWR-viimeistely suojaa tehokkaasti kosteudelta ja lialta. Housut istuvat hyvin ja ovat s\u00e4\u00e4dett\u00e4v\u00e4t turvallisuutta ja mukautuvuutta silm\u00e4ll\u00e4 pit\u00e4en. Helppo s\u00e4\u00e4t\u00f6 [...]L\u00e4s mer \u2026 from Fox Nuorten DEFEND Pant &#8211; 2022 Malli\" \/>\n<meta property=\"og:url\" content=\"https:\/\/vmsport.fi\/sv\/webbutik\/korutrustning\/klader\/shorts\/fox-youth-defend-byxa-2022-modell\/\" \/>\n<meta property=\"og:site_name\" content=\"VM Sport\" \/>\n<meta property=\"article:publisher\" content=\"https:\/\/www.facebook.com\/Vmsport.fi\/\" \/>\n<meta property=\"article:modified_time\" content=\"2026-03-05T08:05:42+00:00\" \/>\n<meta property=\"og:image\" content=\"https:\/\/vmsport.fi\/wp-content\/uploads\/2025\/03\/28954-294-1-1.png\" \/>\n\t<meta property=\"og:image:width\" content=\"563\" \/>\n\t<meta property=\"og:image:height\" content=\"1000\" \/>\n\t<meta property=\"og:image:type\" content=\"image\/png\" \/>\n<meta name=\"twitter:card\" content=\"summary_large_image\" \/>\n<meta name=\"twitter:label1\" content=\"Ber\u00e4knad l\u00e4stid\" \/>\n\t<meta name=\"twitter:data1\" content=\"1 minut\" \/>\n<script type=\"application\/ld+json\" class=\"yoast-schema-graph\">{\"@context\":\"https:\\\/\\\/schema.org\",\"@graph\":[{\"@type\":[\"WebPage\",\"ItemPage\"],\"@id\":\"https:\\\/\\\/vmsport.fi\\\/verkkokauppa\\\/ajovarusteet\\\/vaatteet\\\/shortsit\\\/fox-nuorten-defend-pant-2022-malli\\\/\",\"url\":\"https:\\\/\\\/vmsport.fi\\\/verkkokauppa\\\/ajovarusteet\\\/vaatteet\\\/shortsit\\\/fox-nuorten-defend-pant-2022-malli\\\/\",\"name\":\"Fox Nuorten DEFEND Pant - 2022 Malli - VM Sport\",\"isPartOf\":{\"@id\":\"https:\\\/\\\/vmsport.fi\\\/#website\"},\"primaryImageOfPage\":{\"@id\":\"https:\\\/\\\/vmsport.fi\\\/verkkokauppa\\\/ajovarusteet\\\/vaatteet\\\/shortsit\\\/fox-nuorten-defend-pant-2022-malli\\\/#primaryimage\"},\"image\":{\"@id\":\"https:\\\/\\\/vmsport.fi\\\/verkkokauppa\\\/ajovarusteet\\\/vaatteet\\\/shortsit\\\/fox-nuorten-defend-pant-2022-malli\\\/#primaryimage\"},\"thumbnailUrl\":\"https:\\\/\\\/vmsport.fi\\\/wp-content\\\/uploads\\\/2025\\\/03\\\/28954-294-1-1.png\",\"datePublished\":\"2025-03-05T21:43:18+00:00\",\"dateModified\":\"2026-03-05T08:05:42+00:00\",\"breadcrumb\":{\"@id\":\"https:\\\/\\\/vmsport.fi\\\/verkkokauppa\\\/ajovarusteet\\\/vaatteet\\\/shortsit\\\/fox-nuorten-defend-pant-2022-malli\\\/#breadcrumb\"},\"inLanguage\":\"sv-SE\",\"potentialAction\":[{\"@type\":\"ReadAction\",\"target\":[\"https:\\\/\\\/vmsport.fi\\\/verkkokauppa\\\/ajovarusteet\\\/vaatteet\\\/shortsit\\\/fox-nuorten-defend-pant-2022-malli\\\/\"]}]},{\"@type\":\"ImageObject\",\"inLanguage\":\"sv-SE\",\"@id\":\"https:\\\/\\\/vmsport.fi\\\/verkkokauppa\\\/ajovarusteet\\\/vaatteet\\\/shortsit\\\/fox-nuorten-defend-pant-2022-malli\\\/#primaryimage\",\"url\":\"https:\\\/\\\/vmsport.fi\\\/wp-content\\\/uploads\\\/2025\\\/03\\\/28954-294-1-1.png\",\"contentUrl\":\"https:\\\/\\\/vmsport.fi\\\/wp-content\\\/uploads\\\/2025\\\/03\\\/28954-294-1-1.png\",\"width\":563,\"height\":1000,\"caption\":\"28954-294-1\"},{\"@type\":\"BreadcrumbList\",\"@id\":\"https:\\\/\\\/vmsport.fi\\\/verkkokauppa\\\/ajovarusteet\\\/vaatteet\\\/shortsit\\\/fox-nuorten-defend-pant-2022-malli\\\/#breadcrumb\",\"itemListElement\":[{\"@type\":\"ListItem\",\"position\":1,\"name\":\"Etusivu\",\"item\":\"https:\\\/\\\/vmsport.fi\\\/\"},{\"@type\":\"ListItem\",\"position\":2,\"name\":\"Online Store\",\"item\":\"https:\\\/\\\/vmsport.fi\\\/en\\\/online-store\\\/\"},{\"@type\":\"ListItem\",\"position\":3,\"name\":\"Fox Nuorten DEFEND Pant &#8211; 2022 Malli\"}]},{\"@type\":\"WebSite\",\"@id\":\"https:\\\/\\\/vmsport.fi\\\/#website\",\"url\":\"https:\\\/\\\/vmsport.fi\\\/\",\"name\":\"Vmsport\",\"description\":\"Kaikki py\u00f6r\u00e4ilyyn yhdest\u00e4 paikasta\",\"publisher\":{\"@id\":\"https:\\\/\\\/vmsport.fi\\\/#organization\"},\"potentialAction\":[{\"@type\":\"SearchAction\",\"target\":{\"@type\":\"EntryPoint\",\"urlTemplate\":\"https:\\\/\\\/vmsport.fi\\\/?s={search_term_string}\"},\"query-input\":{\"@type\":\"PropertyValueSpecification\",\"valueRequired\":true,\"valueName\":\"search_term_string\"}}],\"inLanguage\":\"sv-SE\"},{\"@type\":\"Organization\",\"@id\":\"https:\\\/\\\/vmsport.fi\\\/#organization\",\"name\":\"Vmsport\",\"url\":\"https:\\\/\\\/vmsport.fi\\\/\",\"logo\":{\"@type\":\"ImageObject\",\"inLanguage\":\"sv-SE\",\"@id\":\"https:\\\/\\\/vmsport.fi\\\/#\\\/schema\\\/logo\\\/image\\\/\",\"url\":\"https:\\\/\\\/vmsport.fi\\\/wp-content\\\/uploads\\\/2024\\\/12\\\/vm_sport_RGB_horisontal-e1734526017575.png\",\"contentUrl\":\"https:\\\/\\\/vmsport.fi\\\/wp-content\\\/uploads\\\/2024\\\/12\\\/vm_sport_RGB_horisontal-e1734526017575.png\",\"width\":668,\"height\":85,\"caption\":\"Vmsport\"},\"image\":{\"@id\":\"https:\\\/\\\/vmsport.fi\\\/#\\\/schema\\\/logo\\\/image\\\/\"},\"sameAs\":[\"https:\\\/\\\/www.facebook.com\\\/Vmsport.fi\\\/\",\"https:\\\/\\\/www.instagram.com\\\/vmsport\\\/\"]}]}<\/script>\n<!-- \/ Yoast SEO plugin. -->","yoast_head_json":{"title":"Fox Youth DEFEND-byxa - 2022 \u00e5rs modell - VM Sport","robots":{"index":"index","follow":"follow","max-snippet":"max-snippet:-1","max-image-preview":"max-image-preview:large","max-video-preview":"max-video-preview:-1"},"canonical":"https:\/\/vmsport.fi\/sv\/webbutik\/korutrustning\/klader\/shorts\/fox-youth-defend-byxa-2022-modell\/","og_locale":"sv_SE","og_type":"article","og_title":"Fox Nuorten DEFEND Pant - 2022 Malli - VM Sport","og_description":"Fox Nuorten DEFEND Pant &#8211; 2022 Malli on suunniteltu nuorille maastopy\u00f6r\u00e4ilyn harrastajille, tarjoamaan kest\u00e4vyys ja mukavuus samassa paketissa. Housuissa yhdistyv\u00e4t t\u00e4ydellinen suoja ja suorituskyky. Cordura\u00ae-kangasta on k\u00e4ytetty satulan ja polvien paneeleissa, mik\u00e4 takaa huippuluokan kulutuksenkest\u00e4vyyden. Vett\u00e4hylkiv\u00e4 DWR-viimeistely suojaa tehokkaasti kosteudelta ja lialta. Housut istuvat hyvin ja ovat s\u00e4\u00e4dett\u00e4v\u00e4t turvallisuutta ja mukautuvuutta silm\u00e4ll\u00e4 pit\u00e4en. Helppo s\u00e4\u00e4t\u00f6 [...]L\u00e4s mer \u2026 from Fox Nuorten DEFEND Pant &#8211; 2022 Malli","og_url":"https:\/\/vmsport.fi\/sv\/webbutik\/korutrustning\/klader\/shorts\/fox-youth-defend-byxa-2022-modell\/","og_site_name":"VM Sport","article_publisher":"https:\/\/www.facebook.com\/Vmsport.fi\/","article_modified_time":"2026-03-05T08:05:42+00:00","og_image":[{"width":563,"height":1000,"url":"https:\/\/vmsport.fi\/wp-content\/uploads\/2025\/03\/28954-294-1-1.png","type":"image\/png"}],"twitter_card":"summary_large_image","twitter_misc":{"Ber\u00e4knad l\u00e4stid":"1 minut"},"schema":{"@context":"https:\/\/schema.org","@graph":[{"@type":["WebPage","ItemPage"],"@id":"https:\/\/vmsport.fi\/verkkokauppa\/ajovarusteet\/vaatteet\/shortsit\/fox-nuorten-defend-pant-2022-malli\/","url":"https:\/\/vmsport.fi\/verkkokauppa\/ajovarusteet\/vaatteet\/shortsit\/fox-nuorten-defend-pant-2022-malli\/","name":"Fox Youth DEFEND-byxa - 2022 \u00e5rs modell - VM Sport","isPartOf":{"@id":"https:\/\/vmsport.fi\/#website"},"primaryImageOfPage":{"@id":"https:\/\/vmsport.fi\/verkkokauppa\/ajovarusteet\/vaatteet\/shortsit\/fox-nuorten-defend-pant-2022-malli\/#primaryimage"},"image":{"@id":"https:\/\/vmsport.fi\/verkkokauppa\/ajovarusteet\/vaatteet\/shortsit\/fox-nuorten-defend-pant-2022-malli\/#primaryimage"},"thumbnailUrl":"https:\/\/vmsport.fi\/wp-content\/uploads\/2025\/03\/28954-294-1-1.png","datePublished":"2025-03-05T21:43:18+00:00","dateModified":"2026-03-05T08:05:42+00:00","breadcrumb":{"@id":"https:\/\/vmsport.fi\/verkkokauppa\/ajovarusteet\/vaatteet\/shortsit\/fox-nuorten-defend-pant-2022-malli\/#breadcrumb"},"inLanguage":"sv-SE","potentialAction":[{"@type":"ReadAction","target":["https:\/\/vmsport.fi\/verkkokauppa\/ajovarusteet\/vaatteet\/shortsit\/fox-nuorten-defend-pant-2022-malli\/"]}]},{"@type":"ImageObject","inLanguage":"sv-SE","@id":"https:\/\/vmsport.fi\/verkkokauppa\/ajovarusteet\/vaatteet\/shortsit\/fox-nuorten-defend-pant-2022-malli\/#primaryimage","url":"https:\/\/vmsport.fi\/wp-content\/uploads\/2025\/03\/28954-294-1-1.png","contentUrl":"https:\/\/vmsport.fi\/wp-content\/uploads\/2025\/03\/28954-294-1-1.png","width":563,"height":1000,"caption":"28954-294-1"},{"@type":"BreadcrumbList","@id":"https:\/\/vmsport.fi\/verkkokauppa\/ajovarusteet\/vaatteet\/shortsit\/fox-nuorten-defend-pant-2022-malli\/#breadcrumb","itemListElement":[{"@type":"ListItem","position":1,"name":"Etusivu","item":"https:\/\/vmsport.fi\/"},{"@type":"ListItem","position":2,"name":"Online Store","item":"https:\/\/vmsport.fi\/en\/online-store\/"},{"@type":"ListItem","position":3,"name":"Fox Nuorten DEFEND Pant &#8211; 2022 Malli"}]},{"@type":"WebSite","@id":"https:\/\/vmsport.fi\/#website","url":"https:\/\/vmsport.fi\/","name":"Vmsport","description":"Allt p\u00e5 ett st\u00e4lle f\u00f6r cykling","publisher":{"@id":"https:\/\/vmsport.fi\/#organization"},"potentialAction":[{"@type":"SearchAction","target":{"@type":"EntryPoint","urlTemplate":"https:\/\/vmsport.fi\/?s={search_term_string}"},"query-input":{"@type":"PropertyValueSpecification","valueRequired":true,"valueName":"search_term_string"}}],"inLanguage":"sv-SE"},{"@type":"Organization","@id":"https:\/\/vmsport.fi\/#organization","name":"Vmsport","url":"https:\/\/vmsport.fi\/","logo":{"@type":"ImageObject","inLanguage":"sv-SE","@id":"https:\/\/vmsport.fi\/#\/schema\/logo\/image\/","url":"https:\/\/vmsport.fi\/wp-content\/uploads\/2024\/12\/vm_sport_RGB_horisontal-e1734526017575.png","contentUrl":"https:\/\/vmsport.fi\/wp-content\/uploads\/2024\/12\/vm_sport_RGB_horisontal-e1734526017575.png","width":668,"height":85,"caption":"Vmsport"},"image":{"@id":"https:\/\/vmsport.fi\/#\/schema\/logo\/image\/"},"sameAs":["https:\/\/www.facebook.com\/Vmsport.fi\/","https:\/\/www.instagram.com\/vmsport\/"]}]}},"global_unique_id":"","_links":{"self":[{"href":"https:\/\/vmsport.fi\/sv\/wp-json\/wp\/v2\/product\/53622","targetHints":{"allow":["GET"]}}],"collection":[{"href":"https:\/\/vmsport.fi\/sv\/wp-json\/wp\/v2\/product"}],"about":[{"href":"https:\/\/vmsport.fi\/sv\/wp-json\/wp\/v2\/types\/product"}],"replies":[{"embeddable":true,"href":"https:\/\/vmsport.fi\/sv\/wp-json\/wp\/v2\/comments?post=53622"}],"wp:featuredmedia":[{"embeddable":true,"href":"https:\/\/vmsport.fi\/sv\/wp-json\/wp\/v2\/media\/53619"}],"wp:attachment":[{"href":"https:\/\/vmsport.fi\/sv\/wp-json\/wp\/v2\/media?parent=53622"}],"wp:term":[{"taxonomy":"product_brand","embeddable":true,"href":"https:\/\/vmsport.fi\/sv\/wp-json\/wp\/v2\/product_brand?post=53622"},{"taxonomy":"product_model","embeddable":true,"href":"https:\/\/vmsport.fi\/sv\/wp-json\/wp\/v2\/product_model?post=53622"},{"taxonomy":"product_cat","embeddable":true,"href":"https:\/\/vmsport.fi\/sv\/wp-json\/wp\/v2\/product_cat?post=53622"},{"taxonomy":"product_tag","embeddable":true,"href":"https:\/\/vmsport.fi\/sv\/wp-json\/wp\/v2\/product_tag?post=53622"},{"taxonomy":"industry_terminology","embeddable":true,"href":"https:\/\/vmsport.fi\/sv\/wp-json\/wp\/v2\/industry-terminology?post=53622"}],"curies":[{"name":"wp","href":"https:\/\/api.w.org\/{rel}","templated":true}]}}