{"id":53618,"date":"2025-03-05T23:43:13","date_gmt":"2025-03-05T21:43:13","guid":{"rendered":"https:\/\/vmsport.fi\/verkkokauppa\/Ei-luokiteltu\/shimano-ajolasit-ce-tcnl2-technium-l-ridescape-off-road-mattamusta\/"},"modified":"2026-01-16T13:24:10","modified_gmt":"2026-01-16T11:24:10","slug":"shimano-ajolasit-ce-tcnl2-technium-l-ridescape-off-road-matt-svart","status":"publish","type":"product","link":"https:\/\/vmsport.fi\/sv\/verkkokauppa\/ajovarusteet\/ajolasit\/shimano-ajolasit-ce-tcnl2-technium-l-ridescape-off-road-mattamusta\/","title":{"rendered":"SHIMANO CE-TCNL2 TECHNIUM L Ridescape Off-Road matt svarta solglas\u00f6gon"},"content":{"rendered":"<p>SHIMANO CE-TCNL2 TECHNIUM L goggles \u00e4r det b\u00e4sta valet f\u00f6r offroad och allroundk\u00f6rning. Dessa l\u00e4tta k\u00f6rglas\u00f6gon kombinerar komfort och avancerade optiska tekniker f\u00f6r att s\u00e4kerst\u00e4lla \u00f6gonskydd hela dagen. UV-400-skydd blockerar skadliga solstr\u00e5lar, medan det breda synf\u00e4ltet ger ett effektivt skydd mot vind och skr\u00e4p. RIDESCAPE-linsen ger klarare f\u00e4rger och framh\u00e4ver detaljer i omgivningen, medan den fotokromiska linsen anpassar sig till varierande ljusf\u00f6rh\u00e5llanden f\u00f6r flexibel anv\u00e4ndning. En konstruktion med halvb\u00e5ge minskar linsens vikt, medan b\u00f6jda b\u00e5gar och en utbytbar n\u00e4splatta h\u00e5ller glas\u00f6gonen stadigt p\u00e5 plats. Linsventiler f\u00f6rhindrar imma och en vattenavvisande bel\u00e4ggning ger klar sikt i alla v\u00e4derf\u00f6rh\u00e5llanden. Den moderna designen passar perfekt till moderna hj\u00e4lmar.<\/p>","protected":false},"excerpt":{"rendered":"<p>SHIMANO Ajolasit CE-TCNL2 TECHNIUM L ovat huippuluokan valinta maasto- ja monipuolisiin ajo-olosuhteisiin. N\u00e4m\u00e4 kevyet ajolasit yhdist\u00e4v\u00e4t mukavuuden ja edistyneet optiset teknologiat varmistaen silmien suojan koko p\u00e4iv\u00e4n ajan. UV-400-suojaus torjuu haitalliset auringons\u00e4teet, ja laaja n\u00e4k\u00f6kentt\u00e4 suojaa tehokkaasti tuulelta ja roskilta. RIDESCAPE-linssi parantaa v\u00e4rin\u00e4kyvyytt\u00e4 ja korostaa ymp\u00e4rist\u00f6n yksityiskohtia, kun taas fotokromaattinen linssi mukautuu vaihtelevaan valaistukseen tuoden joustavuutta [&#8230;]<\/p>\n<p><a class=\"btn btn-secondary understrap-read-more-link\" href=\"https:\/\/vmsport.fi\/sv\/verkkokauppa\/ajovarusteet\/ajolasit\/shimano-ajolasit-ce-tcnl2-technium-l-ridescape-off-road-mattamusta\/\">L\u00e4s mer \u2026<span class=\"screen-reader-text\"> from SHIMANO Ajolasit CE-TCNL2 TECHNIUM L Ridescape Off-Road Mattamusta<\/span><\/a><\/p>\n","protected":false},"featured_media":53617,"comment_status":"open","ping_status":"closed","template":"","meta":{"_acf_changed":false,"_improvement_type_select":"improve_an_existing","_thumb_yes_seoaic":false,"_frame_yes_seoaic":false,"seoaic_generate_description":"","seoaic_improve_instructions_prompt":"","seoaic_rollback_content_improvement":"","seoaic_idea_thumbnail_generator":"","thumbnail_generated":false,"thumbnail_generate_prompt":"","seoaic_article_description":"","_supplier_stock_quantity":0},"product_brand":[],"product_model":[],"product_cat":[9280],"product_tag":[],"industry-terminology":[],"class_list":{"0":"post-53618","1":"product","2":"type-product","3":"status-publish","4":"has-post-thumbnail","6":"product_cat-ajolasit","8":"first","9":"instock","10":"taxable","11":"shipping-taxable","12":"purchasable","13":"product-type-simple"},"acf":{"bike_features":null,"overview":{"copy_overview":null,"key_features":null,"statement":"","youtube_url":""}},"yoast_head":"<!-- This site is optimized with the Yoast SEO plugin v27.3 - https:\/\/yoast.com\/product\/yoast-seo-wordpress\/ -->\n<title>SHIMANO Ajolasit CE-TCNL2 TECHNIUM L Ridescape Off-Road Mattamusta - VM Sport<\/title>\n<meta name=\"robots\" content=\"index, follow, max-snippet:-1, max-image-preview:large, max-video-preview:-1\" \/>\n<link rel=\"canonical\" href=\"https:\/\/vmsport.fi\/sv\/webbutik\/korutrustning\/drivande-glasogon\/shimano-ajolasit-ce-tcnl2-technium-l-ridescape-off-road-matt-svart\/\" \/>\n<meta property=\"og:locale\" content=\"sv_SE\" \/>\n<meta property=\"og:type\" content=\"article\" \/>\n<meta property=\"og:title\" content=\"SHIMANO Ajolasit CE-TCNL2 TECHNIUM L Ridescape Off-Road Mattamusta - VM Sport\" \/>\n<meta property=\"og:description\" content=\"SHIMANO Ajolasit CE-TCNL2 TECHNIUM L ovat huippuluokan valinta maasto- ja monipuolisiin ajo-olosuhteisiin. N\u00e4m\u00e4 kevyet ajolasit yhdist\u00e4v\u00e4t mukavuuden ja edistyneet optiset teknologiat varmistaen silmien suojan koko p\u00e4iv\u00e4n ajan. UV-400-suojaus torjuu haitalliset auringons\u00e4teet, ja laaja n\u00e4k\u00f6kentt\u00e4 suojaa tehokkaasti tuulelta ja roskilta. RIDESCAPE-linssi parantaa v\u00e4rin\u00e4kyvyytt\u00e4 ja korostaa ymp\u00e4rist\u00f6n yksityiskohtia, kun taas fotokromaattinen linssi mukautuu vaihtelevaan valaistukseen tuoden joustavuutta [...]L\u00e4s mer \u2026 from SHIMANO Ajolasit CE-TCNL2 TECHNIUM L Ridescape Off-Road Mattamusta\" \/>\n<meta property=\"og:url\" content=\"https:\/\/vmsport.fi\/sv\/webbutik\/korutrustning\/drivande-glasogon\/shimano-ajolasit-ce-tcnl2-technium-l-ridescape-off-road-matt-svart\/\" \/>\n<meta property=\"og:site_name\" content=\"VM Sport\" \/>\n<meta property=\"article:publisher\" content=\"https:\/\/www.facebook.com\/Vmsport.fi\/\" \/>\n<meta property=\"article:modified_time\" content=\"2026-01-16T11:24:10+00:00\" \/>\n<meta property=\"og:image\" content=\"https:\/\/vmsport.fi\/wp-content\/uploads\/2025\/03\/CE-TCNL2-OR-shic71-primary-1-jpg-thumb-572-572-1.png\" \/>\n\t<meta property=\"og:image:width\" content=\"572\" \/>\n\t<meta property=\"og:image:height\" content=\"572\" \/>\n\t<meta property=\"og:image:type\" content=\"image\/png\" \/>\n<meta name=\"twitter:card\" content=\"summary_large_image\" \/>\n<meta name=\"twitter:label1\" content=\"Ber\u00e4knad l\u00e4stid\" \/>\n\t<meta name=\"twitter:data1\" content=\"1 minut\" \/>\n<script type=\"application\/ld+json\" class=\"yoast-schema-graph\">{\"@context\":\"https:\\\/\\\/schema.org\",\"@graph\":[{\"@type\":[\"WebPage\",\"ItemPage\"],\"@id\":\"https:\\\/\\\/vmsport.fi\\\/verkkokauppa\\\/ajovarusteet\\\/ajolasit\\\/shimano-ajolasit-ce-tcnl2-technium-l-ridescape-off-road-mattamusta\\\/\",\"url\":\"https:\\\/\\\/vmsport.fi\\\/verkkokauppa\\\/ajovarusteet\\\/ajolasit\\\/shimano-ajolasit-ce-tcnl2-technium-l-ridescape-off-road-mattamusta\\\/\",\"name\":\"SHIMANO Ajolasit CE-TCNL2 TECHNIUM L Ridescape Off-Road Mattamusta - VM Sport\",\"isPartOf\":{\"@id\":\"https:\\\/\\\/vmsport.fi\\\/#website\"},\"primaryImageOfPage\":{\"@id\":\"https:\\\/\\\/vmsport.fi\\\/verkkokauppa\\\/ajovarusteet\\\/ajolasit\\\/shimano-ajolasit-ce-tcnl2-technium-l-ridescape-off-road-mattamusta\\\/#primaryimage\"},\"image\":{\"@id\":\"https:\\\/\\\/vmsport.fi\\\/verkkokauppa\\\/ajovarusteet\\\/ajolasit\\\/shimano-ajolasit-ce-tcnl2-technium-l-ridescape-off-road-mattamusta\\\/#primaryimage\"},\"thumbnailUrl\":\"https:\\\/\\\/vmsport.fi\\\/wp-content\\\/uploads\\\/2025\\\/03\\\/CE-TCNL2-OR-shic71-primary-1-jpg-thumb-572-572-1.png\",\"datePublished\":\"2025-03-05T21:43:13+00:00\",\"dateModified\":\"2026-01-16T11:24:10+00:00\",\"breadcrumb\":{\"@id\":\"https:\\\/\\\/vmsport.fi\\\/verkkokauppa\\\/ajovarusteet\\\/ajolasit\\\/shimano-ajolasit-ce-tcnl2-technium-l-ridescape-off-road-mattamusta\\\/#breadcrumb\"},\"inLanguage\":\"sv-SE\",\"potentialAction\":[{\"@type\":\"ReadAction\",\"target\":[\"https:\\\/\\\/vmsport.fi\\\/verkkokauppa\\\/ajovarusteet\\\/ajolasit\\\/shimano-ajolasit-ce-tcnl2-technium-l-ridescape-off-road-mattamusta\\\/\"]}]},{\"@type\":\"ImageObject\",\"inLanguage\":\"sv-SE\",\"@id\":\"https:\\\/\\\/vmsport.fi\\\/verkkokauppa\\\/ajovarusteet\\\/ajolasit\\\/shimano-ajolasit-ce-tcnl2-technium-l-ridescape-off-road-mattamusta\\\/#primaryimage\",\"url\":\"https:\\\/\\\/vmsport.fi\\\/wp-content\\\/uploads\\\/2025\\\/03\\\/CE-TCNL2-OR-shic71-primary-1-jpg-thumb-572-572-1.png\",\"contentUrl\":\"https:\\\/\\\/vmsport.fi\\\/wp-content\\\/uploads\\\/2025\\\/03\\\/CE-TCNL2-OR-shic71-primary-1-jpg-thumb-572-572-1.png\",\"width\":572,\"height\":572,\"caption\":\"CE-TCNL2-OR-shic71-primary-1-jpg-thumb-572-572\"},{\"@type\":\"BreadcrumbList\",\"@id\":\"https:\\\/\\\/vmsport.fi\\\/verkkokauppa\\\/ajovarusteet\\\/ajolasit\\\/shimano-ajolasit-ce-tcnl2-technium-l-ridescape-off-road-mattamusta\\\/#breadcrumb\",\"itemListElement\":[{\"@type\":\"ListItem\",\"position\":1,\"name\":\"Etusivu\",\"item\":\"https:\\\/\\\/vmsport.fi\\\/\"},{\"@type\":\"ListItem\",\"position\":2,\"name\":\"Online Store\",\"item\":\"https:\\\/\\\/vmsport.fi\\\/en\\\/online-store\\\/\"},{\"@type\":\"ListItem\",\"position\":3,\"name\":\"SHIMANO Ajolasit CE-TCNL2 TECHNIUM L Ridescape Off-Road Mattamusta\"}]},{\"@type\":\"WebSite\",\"@id\":\"https:\\\/\\\/vmsport.fi\\\/#website\",\"url\":\"https:\\\/\\\/vmsport.fi\\\/\",\"name\":\"Vmsport\",\"description\":\"Kaikki py\u00f6r\u00e4ilyyn yhdest\u00e4 paikasta\",\"publisher\":{\"@id\":\"https:\\\/\\\/vmsport.fi\\\/#organization\"},\"potentialAction\":[{\"@type\":\"SearchAction\",\"target\":{\"@type\":\"EntryPoint\",\"urlTemplate\":\"https:\\\/\\\/vmsport.fi\\\/?s={search_term_string}\"},\"query-input\":{\"@type\":\"PropertyValueSpecification\",\"valueRequired\":true,\"valueName\":\"search_term_string\"}}],\"inLanguage\":\"sv-SE\"},{\"@type\":\"Organization\",\"@id\":\"https:\\\/\\\/vmsport.fi\\\/#organization\",\"name\":\"Vmsport\",\"url\":\"https:\\\/\\\/vmsport.fi\\\/\",\"logo\":{\"@type\":\"ImageObject\",\"inLanguage\":\"sv-SE\",\"@id\":\"https:\\\/\\\/vmsport.fi\\\/#\\\/schema\\\/logo\\\/image\\\/\",\"url\":\"https:\\\/\\\/vmsport.fi\\\/wp-content\\\/uploads\\\/2024\\\/12\\\/vm_sport_RGB_horisontal-e1734526017575.png\",\"contentUrl\":\"https:\\\/\\\/vmsport.fi\\\/wp-content\\\/uploads\\\/2024\\\/12\\\/vm_sport_RGB_horisontal-e1734526017575.png\",\"width\":668,\"height\":85,\"caption\":\"Vmsport\"},\"image\":{\"@id\":\"https:\\\/\\\/vmsport.fi\\\/#\\\/schema\\\/logo\\\/image\\\/\"},\"sameAs\":[\"https:\\\/\\\/www.facebook.com\\\/Vmsport.fi\\\/\",\"https:\\\/\\\/www.instagram.com\\\/vmsport\\\/\"]}]}<\/script>\n<!-- \/ Yoast SEO plugin. -->","yoast_head_json":{"title":"SHIMANO Solglas\u00f6gon CE-TCNL2 TECHNIUM L Ridescape Off-Road Matt Black - VM Sport","robots":{"index":"index","follow":"follow","max-snippet":"max-snippet:-1","max-image-preview":"max-image-preview:large","max-video-preview":"max-video-preview:-1"},"canonical":"https:\/\/vmsport.fi\/sv\/webbutik\/korutrustning\/drivande-glasogon\/shimano-ajolasit-ce-tcnl2-technium-l-ridescape-off-road-matt-svart\/","og_locale":"sv_SE","og_type":"article","og_title":"SHIMANO Ajolasit CE-TCNL2 TECHNIUM L Ridescape Off-Road Mattamusta - VM Sport","og_description":"SHIMANO Ajolasit CE-TCNL2 TECHNIUM L ovat huippuluokan valinta maasto- ja monipuolisiin ajo-olosuhteisiin. N\u00e4m\u00e4 kevyet ajolasit yhdist\u00e4v\u00e4t mukavuuden ja edistyneet optiset teknologiat varmistaen silmien suojan koko p\u00e4iv\u00e4n ajan. UV-400-suojaus torjuu haitalliset auringons\u00e4teet, ja laaja n\u00e4k\u00f6kentt\u00e4 suojaa tehokkaasti tuulelta ja roskilta. RIDESCAPE-linssi parantaa v\u00e4rin\u00e4kyvyytt\u00e4 ja korostaa ymp\u00e4rist\u00f6n yksityiskohtia, kun taas fotokromaattinen linssi mukautuu vaihtelevaan valaistukseen tuoden joustavuutta [...]L\u00e4s mer \u2026 from SHIMANO Ajolasit CE-TCNL2 TECHNIUM L Ridescape Off-Road Mattamusta","og_url":"https:\/\/vmsport.fi\/sv\/webbutik\/korutrustning\/drivande-glasogon\/shimano-ajolasit-ce-tcnl2-technium-l-ridescape-off-road-matt-svart\/","og_site_name":"VM Sport","article_publisher":"https:\/\/www.facebook.com\/Vmsport.fi\/","article_modified_time":"2026-01-16T11:24:10+00:00","og_image":[{"width":572,"height":572,"url":"https:\/\/vmsport.fi\/wp-content\/uploads\/2025\/03\/CE-TCNL2-OR-shic71-primary-1-jpg-thumb-572-572-1.png","type":"image\/png"}],"twitter_card":"summary_large_image","twitter_misc":{"Ber\u00e4knad l\u00e4stid":"1 minut"},"schema":{"@context":"https:\/\/schema.org","@graph":[{"@type":["WebPage","ItemPage"],"@id":"https:\/\/vmsport.fi\/verkkokauppa\/ajovarusteet\/ajolasit\/shimano-ajolasit-ce-tcnl2-technium-l-ridescape-off-road-mattamusta\/","url":"https:\/\/vmsport.fi\/verkkokauppa\/ajovarusteet\/ajolasit\/shimano-ajolasit-ce-tcnl2-technium-l-ridescape-off-road-mattamusta\/","name":"SHIMANO Solglas\u00f6gon CE-TCNL2 TECHNIUM L Ridescape Off-Road Matt Black - VM Sport","isPartOf":{"@id":"https:\/\/vmsport.fi\/#website"},"primaryImageOfPage":{"@id":"https:\/\/vmsport.fi\/verkkokauppa\/ajovarusteet\/ajolasit\/shimano-ajolasit-ce-tcnl2-technium-l-ridescape-off-road-mattamusta\/#primaryimage"},"image":{"@id":"https:\/\/vmsport.fi\/verkkokauppa\/ajovarusteet\/ajolasit\/shimano-ajolasit-ce-tcnl2-technium-l-ridescape-off-road-mattamusta\/#primaryimage"},"thumbnailUrl":"https:\/\/vmsport.fi\/wp-content\/uploads\/2025\/03\/CE-TCNL2-OR-shic71-primary-1-jpg-thumb-572-572-1.png","datePublished":"2025-03-05T21:43:13+00:00","dateModified":"2026-01-16T11:24:10+00:00","breadcrumb":{"@id":"https:\/\/vmsport.fi\/verkkokauppa\/ajovarusteet\/ajolasit\/shimano-ajolasit-ce-tcnl2-technium-l-ridescape-off-road-mattamusta\/#breadcrumb"},"inLanguage":"sv-SE","potentialAction":[{"@type":"ReadAction","target":["https:\/\/vmsport.fi\/verkkokauppa\/ajovarusteet\/ajolasit\/shimano-ajolasit-ce-tcnl2-technium-l-ridescape-off-road-mattamusta\/"]}]},{"@type":"ImageObject","inLanguage":"sv-SE","@id":"https:\/\/vmsport.fi\/verkkokauppa\/ajovarusteet\/ajolasit\/shimano-ajolasit-ce-tcnl2-technium-l-ridescape-off-road-mattamusta\/#primaryimage","url":"https:\/\/vmsport.fi\/wp-content\/uploads\/2025\/03\/CE-TCNL2-OR-shic71-primary-1-jpg-thumb-572-572-1.png","contentUrl":"https:\/\/vmsport.fi\/wp-content\/uploads\/2025\/03\/CE-TCNL2-OR-shic71-primary-1-jpg-thumb-572-572-1.png","width":572,"height":572,"caption":"CE-TCNL2-OR-shic71-primary-1-jpg-thumb-572-572"},{"@type":"BreadcrumbList","@id":"https:\/\/vmsport.fi\/verkkokauppa\/ajovarusteet\/ajolasit\/shimano-ajolasit-ce-tcnl2-technium-l-ridescape-off-road-mattamusta\/#breadcrumb","itemListElement":[{"@type":"ListItem","position":1,"name":"Etusivu","item":"https:\/\/vmsport.fi\/"},{"@type":"ListItem","position":2,"name":"Online Store","item":"https:\/\/vmsport.fi\/en\/online-store\/"},{"@type":"ListItem","position":3,"name":"SHIMANO Ajolasit CE-TCNL2 TECHNIUM L Ridescape Off-Road Mattamusta"}]},{"@type":"WebSite","@id":"https:\/\/vmsport.fi\/#website","url":"https:\/\/vmsport.fi\/","name":"Vmsport","description":"Allt p\u00e5 ett st\u00e4lle f\u00f6r cykling","publisher":{"@id":"https:\/\/vmsport.fi\/#organization"},"potentialAction":[{"@type":"SearchAction","target":{"@type":"EntryPoint","urlTemplate":"https:\/\/vmsport.fi\/?s={search_term_string}"},"query-input":{"@type":"PropertyValueSpecification","valueRequired":true,"valueName":"search_term_string"}}],"inLanguage":"sv-SE"},{"@type":"Organization","@id":"https:\/\/vmsport.fi\/#organization","name":"Vmsport","url":"https:\/\/vmsport.fi\/","logo":{"@type":"ImageObject","inLanguage":"sv-SE","@id":"https:\/\/vmsport.fi\/#\/schema\/logo\/image\/","url":"https:\/\/vmsport.fi\/wp-content\/uploads\/2024\/12\/vm_sport_RGB_horisontal-e1734526017575.png","contentUrl":"https:\/\/vmsport.fi\/wp-content\/uploads\/2024\/12\/vm_sport_RGB_horisontal-e1734526017575.png","width":668,"height":85,"caption":"Vmsport"},"image":{"@id":"https:\/\/vmsport.fi\/#\/schema\/logo\/image\/"},"sameAs":["https:\/\/www.facebook.com\/Vmsport.fi\/","https:\/\/www.instagram.com\/vmsport\/"]}]}},"global_unique_id":"","_links":{"self":[{"href":"https:\/\/vmsport.fi\/sv\/wp-json\/wp\/v2\/product\/53618","targetHints":{"allow":["GET"]}}],"collection":[{"href":"https:\/\/vmsport.fi\/sv\/wp-json\/wp\/v2\/product"}],"about":[{"href":"https:\/\/vmsport.fi\/sv\/wp-json\/wp\/v2\/types\/product"}],"replies":[{"embeddable":true,"href":"https:\/\/vmsport.fi\/sv\/wp-json\/wp\/v2\/comments?post=53618"}],"wp:featuredmedia":[{"embeddable":true,"href":"https:\/\/vmsport.fi\/sv\/wp-json\/wp\/v2\/media\/53617"}],"wp:attachment":[{"href":"https:\/\/vmsport.fi\/sv\/wp-json\/wp\/v2\/media?parent=53618"}],"wp:term":[{"taxonomy":"product_brand","embeddable":true,"href":"https:\/\/vmsport.fi\/sv\/wp-json\/wp\/v2\/product_brand?post=53618"},{"taxonomy":"product_model","embeddable":true,"href":"https:\/\/vmsport.fi\/sv\/wp-json\/wp\/v2\/product_model?post=53618"},{"taxonomy":"product_cat","embeddable":true,"href":"https:\/\/vmsport.fi\/sv\/wp-json\/wp\/v2\/product_cat?post=53618"},{"taxonomy":"product_tag","embeddable":true,"href":"https:\/\/vmsport.fi\/sv\/wp-json\/wp\/v2\/product_tag?post=53618"},{"taxonomy":"industry_terminology","embeddable":true,"href":"https:\/\/vmsport.fi\/sv\/wp-json\/wp\/v2\/industry-terminology?post=53618"}],"curies":[{"name":"wp","href":"https:\/\/api.w.org\/{rel}","templated":true}]}}