{"id":53596,"date":"2025-03-05T23:42:59","date_gmt":"2025-03-05T21:42:59","guid":{"rendered":"https:\/\/vmsport.fi\/verkkokauppa\/Ei-luokiteltu\/rockshox-shock-tune-assembly\/"},"modified":"2026-04-22T15:06:23","modified_gmt":"2026-04-22T12:06:23","slug":"montering-av-rockshox-dampare","status":"publish","type":"product","link":"https:\/\/vmsport.fi\/sv\/verkkokauppa\/varaosat\/haarukat-ja-rungonosat\/joustohaarukan-varaosat\/rockshox-shock-tune-assembly\/","title":{"rendered":"ROCKSHOX st\u00f6tf\u00e5ngare - montering"},"content":{"rendered":"<p>RockShox Shock Tune Assembly \u00e4r en utm\u00e4rkt l\u00f6sning f\u00f6r att f\u00f6rb\u00e4ttra din cykels st\u00f6td\u00e4mparprestanda och \u00e4r s\u00e4rskilt utformad f\u00f6r Super Deluxe Air C-Gen-modellerna (2023+). Denna enhet \u00e4r endast kompatibel med SRAM-komponenter och inneh\u00e5ller justeringsplattor f\u00f6r b\u00e5de kompression och fj\u00e4dringens rebound. Genom att utnyttja justeringsm\u00f6jligheterna kan optimala inst\u00e4llningar uppn\u00e5s f\u00f6r k\u00f6regenskaper som komfort och hantering. Det h\u00e4r omfattande paketet ger m\u00f6jlighet till noggrann finjustering av d\u00e4mparen, vilket g\u00f6r det till ett idealiskt val f\u00f6r cyklister som vill f\u00f6rb\u00e4ttra prestandan och komforten i sin k\u00f6rning.<\/p>","protected":false},"excerpt":{"rendered":"<p>RockShox Shock Tune Assembly on erinomainen ratkaisu parantamaan py\u00f6r\u00e4si takaiskunvaimentimen toimintaa, ja se on suunniteltu erityisesti Super Deluxe Air C-Gen (2023+) -malleihin. T\u00e4m\u00e4 kokoonpano on yhteensopiva ainoastaan SRAM-komponenttien kanssa ja sis\u00e4lt\u00e4\u00e4 s\u00e4\u00e4t\u00f6levyt sek\u00e4 puristukselle ett\u00e4 jousituksen palautumiselle. S\u00e4\u00e4t\u00f6mahdollisuuksia hy\u00f6dynt\u00e4m\u00e4ll\u00e4 voidaan saavuttaa ajo-ominaisuuksia kuten mukavuutta ja hallittavuutta parantavat optimaaliset asetukset. T\u00e4m\u00e4 kattava paketti tarjoaa mahdollisuukset vaimentimen [&#8230;]<\/p>\n<p><a class=\"btn btn-secondary understrap-read-more-link\" href=\"https:\/\/vmsport.fi\/sv\/verkkokauppa\/varaosat\/haarukat-ja-rungonosat\/joustohaarukan-varaosat\/rockshox-shock-tune-assembly\/\">L\u00e4s mer \u2026<span class=\"screen-reader-text\"> from ROCKSHOX Shock Tune Assembly<\/span><\/a><\/p>\n","protected":false},"featured_media":53595,"comment_status":"open","ping_status":"closed","template":"","meta":{"_acf_changed":false,"_improvement_type_select":"improve_an_existing","_thumb_yes_seoaic":false,"_frame_yes_seoaic":false,"seoaic_generate_description":"","seoaic_improve_instructions_prompt":"","seoaic_rollback_content_improvement":"","seoaic_idea_thumbnail_generator":"","thumbnail_generated":false,"thumbnail_generate_prompt":"","seoaic_article_description":"","_supplier_stock_quantity":0},"product_brand":[1589],"product_model":[],"product_cat":[9526],"product_tag":[],"industry-terminology":[],"class_list":{"0":"post-53596","1":"product","2":"type-product","3":"status-publish","4":"has-post-thumbnail","6":"product_brand-rockshox","7":"product_cat-joustohaarukan-varaosat","9":"first","10":"outofstock","11":"taxable","12":"shipping-taxable","13":"product-type-simple"},"acf":{"bike_features":null,"overview":{"copy_overview":null,"key_features":null,"statement":"","youtube_url":""}},"yoast_head":"<!-- This site is optimized with the Yoast SEO plugin v27.4 - https:\/\/yoast.com\/product\/yoast-seo-wordpress\/ -->\n<title>ROCKSHOX Shock Tune Assembly - VM Sport<\/title>\n<meta name=\"robots\" content=\"index, follow, max-snippet:-1, max-image-preview:large, max-video-preview:-1\" \/>\n<link rel=\"canonical\" href=\"https:\/\/vmsport.fi\/sv\/webbutik\/reservdelar\/gafflar-och-kroppsdelar\/flexohaarukan-reservdelar\/montering-av-rockshox-dampare\/\" \/>\n<meta property=\"og:locale\" content=\"sv_SE\" \/>\n<meta property=\"og:type\" content=\"article\" \/>\n<meta property=\"og:title\" content=\"ROCKSHOX Shock Tune Assembly - VM Sport\" \/>\n<meta property=\"og:description\" content=\"RockShox Shock Tune Assembly on erinomainen ratkaisu parantamaan py\u00f6r\u00e4si takaiskunvaimentimen toimintaa, ja se on suunniteltu erityisesti Super Deluxe Air C-Gen (2023+) -malleihin. T\u00e4m\u00e4 kokoonpano on yhteensopiva ainoastaan SRAM-komponenttien kanssa ja sis\u00e4lt\u00e4\u00e4 s\u00e4\u00e4t\u00f6levyt sek\u00e4 puristukselle ett\u00e4 jousituksen palautumiselle. S\u00e4\u00e4t\u00f6mahdollisuuksia hy\u00f6dynt\u00e4m\u00e4ll\u00e4 voidaan saavuttaa ajo-ominaisuuksia kuten mukavuutta ja hallittavuutta parantavat optimaaliset asetukset. T\u00e4m\u00e4 kattava paketti tarjoaa mahdollisuukset vaimentimen [...]L\u00e4s mer \u2026 from ROCKSHOX Shock Tune Assembly\" \/>\n<meta property=\"og:url\" content=\"https:\/\/vmsport.fi\/sv\/webbutik\/reservdelar\/gafflar-och-kroppsdelar\/flexohaarukan-reservdelar\/montering-av-rockshox-dampare\/\" \/>\n<meta property=\"og:site_name\" content=\"VM Sport\" \/>\n<meta property=\"article:publisher\" content=\"https:\/\/www.facebook.com\/Vmsport.fi\/\" \/>\n<meta property=\"article:modified_time\" content=\"2026-04-22T12:06:23+00:00\" \/>\n<meta property=\"og:image\" content=\"https:\/\/vmsport.fi\/wp-content\/uploads\/2025\/03\/KJSBLQ2yXOQkDCYdiau6z4GyaDQJMeHQmtLaNY5sQFofjMzpRo-1.jpg\" \/>\n\t<meta property=\"og:image:width\" content=\"800\" \/>\n\t<meta property=\"og:image:height\" content=\"800\" \/>\n\t<meta property=\"og:image:type\" content=\"image\/jpeg\" \/>\n<meta name=\"twitter:card\" content=\"summary_large_image\" \/>\n<script type=\"application\/ld+json\" class=\"yoast-schema-graph\">{\"@context\":\"https:\\\/\\\/schema.org\",\"@graph\":[{\"@type\":[\"WebPage\",\"ItemPage\"],\"@id\":\"https:\\\/\\\/vmsport.fi\\\/verkkokauppa\\\/varaosat\\\/haarukat-ja-rungonosat\\\/joustohaarukan-varaosat\\\/rockshox-shock-tune-assembly\\\/\",\"url\":\"https:\\\/\\\/vmsport.fi\\\/verkkokauppa\\\/varaosat\\\/haarukat-ja-rungonosat\\\/joustohaarukan-varaosat\\\/rockshox-shock-tune-assembly\\\/\",\"name\":\"ROCKSHOX Shock Tune Assembly - VM Sport\",\"isPartOf\":{\"@id\":\"https:\\\/\\\/vmsport.fi\\\/#website\"},\"primaryImageOfPage\":{\"@id\":\"https:\\\/\\\/vmsport.fi\\\/verkkokauppa\\\/varaosat\\\/haarukat-ja-rungonosat\\\/joustohaarukan-varaosat\\\/rockshox-shock-tune-assembly\\\/#primaryimage\"},\"image\":{\"@id\":\"https:\\\/\\\/vmsport.fi\\\/verkkokauppa\\\/varaosat\\\/haarukat-ja-rungonosat\\\/joustohaarukan-varaosat\\\/rockshox-shock-tune-assembly\\\/#primaryimage\"},\"thumbnailUrl\":\"https:\\\/\\\/vmsport.fi\\\/wp-content\\\/uploads\\\/2025\\\/03\\\/KJSBLQ2yXOQkDCYdiau6z4GyaDQJMeHQmtLaNY5sQFofjMzpRo-1.jpg\",\"datePublished\":\"2025-03-05T21:42:59+00:00\",\"dateModified\":\"2026-04-22T12:06:23+00:00\",\"breadcrumb\":{\"@id\":\"https:\\\/\\\/vmsport.fi\\\/verkkokauppa\\\/varaosat\\\/haarukat-ja-rungonosat\\\/joustohaarukan-varaosat\\\/rockshox-shock-tune-assembly\\\/#breadcrumb\"},\"inLanguage\":\"sv-SE\",\"potentialAction\":[{\"@type\":\"ReadAction\",\"target\":[\"https:\\\/\\\/vmsport.fi\\\/verkkokauppa\\\/varaosat\\\/haarukat-ja-rungonosat\\\/joustohaarukan-varaosat\\\/rockshox-shock-tune-assembly\\\/\"]}]},{\"@type\":\"ImageObject\",\"inLanguage\":\"sv-SE\",\"@id\":\"https:\\\/\\\/vmsport.fi\\\/verkkokauppa\\\/varaosat\\\/haarukat-ja-rungonosat\\\/joustohaarukan-varaosat\\\/rockshox-shock-tune-assembly\\\/#primaryimage\",\"url\":\"https:\\\/\\\/vmsport.fi\\\/wp-content\\\/uploads\\\/2025\\\/03\\\/KJSBLQ2yXOQkDCYdiau6z4GyaDQJMeHQmtLaNY5sQFofjMzpRo-1.jpg\",\"contentUrl\":\"https:\\\/\\\/vmsport.fi\\\/wp-content\\\/uploads\\\/2025\\\/03\\\/KJSBLQ2yXOQkDCYdiau6z4GyaDQJMeHQmtLaNY5sQFofjMzpRo-1.jpg\",\"width\":800,\"height\":800,\"caption\":\"KJSBLQ2yXOQkDCYdiau6z4GyaDQJMeHQmtLaNY5sQFofjMzpRo\"},{\"@type\":\"BreadcrumbList\",\"@id\":\"https:\\\/\\\/vmsport.fi\\\/verkkokauppa\\\/varaosat\\\/haarukat-ja-rungonosat\\\/joustohaarukan-varaosat\\\/rockshox-shock-tune-assembly\\\/#breadcrumb\",\"itemListElement\":[{\"@type\":\"ListItem\",\"position\":1,\"name\":\"Etusivu\",\"item\":\"https:\\\/\\\/vmsport.fi\\\/\"},{\"@type\":\"ListItem\",\"position\":2,\"name\":\"Online Store\",\"item\":\"https:\\\/\\\/vmsport.fi\\\/en\\\/online-store\\\/\"},{\"@type\":\"ListItem\",\"position\":3,\"name\":\"ROCKSHOX Shock Tune Assembly\"}]},{\"@type\":\"WebSite\",\"@id\":\"https:\\\/\\\/vmsport.fi\\\/#website\",\"url\":\"https:\\\/\\\/vmsport.fi\\\/\",\"name\":\"Vmsport\",\"description\":\"Kaikki py\u00f6r\u00e4ilyyn yhdest\u00e4 paikasta\",\"publisher\":{\"@id\":\"https:\\\/\\\/vmsport.fi\\\/#organization\"},\"potentialAction\":[{\"@type\":\"SearchAction\",\"target\":{\"@type\":\"EntryPoint\",\"urlTemplate\":\"https:\\\/\\\/vmsport.fi\\\/?s={search_term_string}\"},\"query-input\":{\"@type\":\"PropertyValueSpecification\",\"valueRequired\":true,\"valueName\":\"search_term_string\"}}],\"inLanguage\":\"sv-SE\"},{\"@type\":\"Organization\",\"@id\":\"https:\\\/\\\/vmsport.fi\\\/#organization\",\"name\":\"Vmsport\",\"url\":\"https:\\\/\\\/vmsport.fi\\\/\",\"logo\":{\"@type\":\"ImageObject\",\"inLanguage\":\"sv-SE\",\"@id\":\"https:\\\/\\\/vmsport.fi\\\/#\\\/schema\\\/logo\\\/image\\\/\",\"url\":\"https:\\\/\\\/vmsport.fi\\\/wp-content\\\/uploads\\\/2024\\\/12\\\/vm_sport_RGB_horisontal-e1734526017575.png\",\"contentUrl\":\"https:\\\/\\\/vmsport.fi\\\/wp-content\\\/uploads\\\/2024\\\/12\\\/vm_sport_RGB_horisontal-e1734526017575.png\",\"width\":668,\"height\":85,\"caption\":\"Vmsport\"},\"image\":{\"@id\":\"https:\\\/\\\/vmsport.fi\\\/#\\\/schema\\\/logo\\\/image\\\/\"},\"sameAs\":[\"https:\\\/\\\/www.facebook.com\\\/Vmsport.fi\\\/\",\"https:\\\/\\\/www.instagram.com\\\/vmsport\\\/\"]}]}<\/script>\n<!-- \/ Yoast SEO plugin. -->","yoast_head_json":{"title":"ROCKSHOX montering av st\u00f6td\u00e4mpare - VM Sport","robots":{"index":"index","follow":"follow","max-snippet":"max-snippet:-1","max-image-preview":"max-image-preview:large","max-video-preview":"max-video-preview:-1"},"canonical":"https:\/\/vmsport.fi\/sv\/webbutik\/reservdelar\/gafflar-och-kroppsdelar\/flexohaarukan-reservdelar\/montering-av-rockshox-dampare\/","og_locale":"sv_SE","og_type":"article","og_title":"ROCKSHOX Shock Tune Assembly - VM Sport","og_description":"RockShox Shock Tune Assembly on erinomainen ratkaisu parantamaan py\u00f6r\u00e4si takaiskunvaimentimen toimintaa, ja se on suunniteltu erityisesti Super Deluxe Air C-Gen (2023+) -malleihin. T\u00e4m\u00e4 kokoonpano on yhteensopiva ainoastaan SRAM-komponenttien kanssa ja sis\u00e4lt\u00e4\u00e4 s\u00e4\u00e4t\u00f6levyt sek\u00e4 puristukselle ett\u00e4 jousituksen palautumiselle. S\u00e4\u00e4t\u00f6mahdollisuuksia hy\u00f6dynt\u00e4m\u00e4ll\u00e4 voidaan saavuttaa ajo-ominaisuuksia kuten mukavuutta ja hallittavuutta parantavat optimaaliset asetukset. T\u00e4m\u00e4 kattava paketti tarjoaa mahdollisuukset vaimentimen [...]L\u00e4s mer \u2026 from ROCKSHOX Shock Tune Assembly","og_url":"https:\/\/vmsport.fi\/sv\/webbutik\/reservdelar\/gafflar-och-kroppsdelar\/flexohaarukan-reservdelar\/montering-av-rockshox-dampare\/","og_site_name":"VM Sport","article_publisher":"https:\/\/www.facebook.com\/Vmsport.fi\/","article_modified_time":"2026-04-22T12:06:23+00:00","og_image":[{"width":800,"height":800,"url":"https:\/\/vmsport.fi\/wp-content\/uploads\/2025\/03\/KJSBLQ2yXOQkDCYdiau6z4GyaDQJMeHQmtLaNY5sQFofjMzpRo-1.jpg","type":"image\/jpeg"}],"twitter_card":"summary_large_image","schema":{"@context":"https:\/\/schema.org","@graph":[{"@type":["WebPage","ItemPage"],"@id":"https:\/\/vmsport.fi\/verkkokauppa\/varaosat\/haarukat-ja-rungonosat\/joustohaarukan-varaosat\/rockshox-shock-tune-assembly\/","url":"https:\/\/vmsport.fi\/verkkokauppa\/varaosat\/haarukat-ja-rungonosat\/joustohaarukan-varaosat\/rockshox-shock-tune-assembly\/","name":"ROCKSHOX montering av st\u00f6td\u00e4mpare - VM Sport","isPartOf":{"@id":"https:\/\/vmsport.fi\/#website"},"primaryImageOfPage":{"@id":"https:\/\/vmsport.fi\/verkkokauppa\/varaosat\/haarukat-ja-rungonosat\/joustohaarukan-varaosat\/rockshox-shock-tune-assembly\/#primaryimage"},"image":{"@id":"https:\/\/vmsport.fi\/verkkokauppa\/varaosat\/haarukat-ja-rungonosat\/joustohaarukan-varaosat\/rockshox-shock-tune-assembly\/#primaryimage"},"thumbnailUrl":"https:\/\/vmsport.fi\/wp-content\/uploads\/2025\/03\/KJSBLQ2yXOQkDCYdiau6z4GyaDQJMeHQmtLaNY5sQFofjMzpRo-1.jpg","datePublished":"2025-03-05T21:42:59+00:00","dateModified":"2026-04-22T12:06:23+00:00","breadcrumb":{"@id":"https:\/\/vmsport.fi\/verkkokauppa\/varaosat\/haarukat-ja-rungonosat\/joustohaarukan-varaosat\/rockshox-shock-tune-assembly\/#breadcrumb"},"inLanguage":"sv-SE","potentialAction":[{"@type":"ReadAction","target":["https:\/\/vmsport.fi\/verkkokauppa\/varaosat\/haarukat-ja-rungonosat\/joustohaarukan-varaosat\/rockshox-shock-tune-assembly\/"]}]},{"@type":"ImageObject","inLanguage":"sv-SE","@id":"https:\/\/vmsport.fi\/verkkokauppa\/varaosat\/haarukat-ja-rungonosat\/joustohaarukan-varaosat\/rockshox-shock-tune-assembly\/#primaryimage","url":"https:\/\/vmsport.fi\/wp-content\/uploads\/2025\/03\/KJSBLQ2yXOQkDCYdiau6z4GyaDQJMeHQmtLaNY5sQFofjMzpRo-1.jpg","contentUrl":"https:\/\/vmsport.fi\/wp-content\/uploads\/2025\/03\/KJSBLQ2yXOQkDCYdiau6z4GyaDQJMeHQmtLaNY5sQFofjMzpRo-1.jpg","width":800,"height":800,"caption":"KJSBLQ2yXOQkDCYdiau6z4GyaDQJMeHQmtLaNY5sQFofjMzpRo"},{"@type":"BreadcrumbList","@id":"https:\/\/vmsport.fi\/verkkokauppa\/varaosat\/haarukat-ja-rungonosat\/joustohaarukan-varaosat\/rockshox-shock-tune-assembly\/#breadcrumb","itemListElement":[{"@type":"ListItem","position":1,"name":"Etusivu","item":"https:\/\/vmsport.fi\/"},{"@type":"ListItem","position":2,"name":"Online Store","item":"https:\/\/vmsport.fi\/en\/online-store\/"},{"@type":"ListItem","position":3,"name":"ROCKSHOX Shock Tune Assembly"}]},{"@type":"WebSite","@id":"https:\/\/vmsport.fi\/#website","url":"https:\/\/vmsport.fi\/","name":"Vmsport","description":"Allt p\u00e5 ett st\u00e4lle f\u00f6r cykling","publisher":{"@id":"https:\/\/vmsport.fi\/#organization"},"potentialAction":[{"@type":"SearchAction","target":{"@type":"EntryPoint","urlTemplate":"https:\/\/vmsport.fi\/?s={search_term_string}"},"query-input":{"@type":"PropertyValueSpecification","valueRequired":true,"valueName":"search_term_string"}}],"inLanguage":"sv-SE"},{"@type":"Organization","@id":"https:\/\/vmsport.fi\/#organization","name":"Vmsport","url":"https:\/\/vmsport.fi\/","logo":{"@type":"ImageObject","inLanguage":"sv-SE","@id":"https:\/\/vmsport.fi\/#\/schema\/logo\/image\/","url":"https:\/\/vmsport.fi\/wp-content\/uploads\/2024\/12\/vm_sport_RGB_horisontal-e1734526017575.png","contentUrl":"https:\/\/vmsport.fi\/wp-content\/uploads\/2024\/12\/vm_sport_RGB_horisontal-e1734526017575.png","width":668,"height":85,"caption":"Vmsport"},"image":{"@id":"https:\/\/vmsport.fi\/#\/schema\/logo\/image\/"},"sameAs":["https:\/\/www.facebook.com\/Vmsport.fi\/","https:\/\/www.instagram.com\/vmsport\/"]}]}},"global_unique_id":"","_links":{"self":[{"href":"https:\/\/vmsport.fi\/sv\/wp-json\/wp\/v2\/product\/53596","targetHints":{"allow":["GET"]}}],"collection":[{"href":"https:\/\/vmsport.fi\/sv\/wp-json\/wp\/v2\/product"}],"about":[{"href":"https:\/\/vmsport.fi\/sv\/wp-json\/wp\/v2\/types\/product"}],"replies":[{"embeddable":true,"href":"https:\/\/vmsport.fi\/sv\/wp-json\/wp\/v2\/comments?post=53596"}],"wp:featuredmedia":[{"embeddable":true,"href":"https:\/\/vmsport.fi\/sv\/wp-json\/wp\/v2\/media\/53595"}],"wp:attachment":[{"href":"https:\/\/vmsport.fi\/sv\/wp-json\/wp\/v2\/media?parent=53596"}],"wp:term":[{"taxonomy":"product_brand","embeddable":true,"href":"https:\/\/vmsport.fi\/sv\/wp-json\/wp\/v2\/product_brand?post=53596"},{"taxonomy":"product_model","embeddable":true,"href":"https:\/\/vmsport.fi\/sv\/wp-json\/wp\/v2\/product_model?post=53596"},{"taxonomy":"product_cat","embeddable":true,"href":"https:\/\/vmsport.fi\/sv\/wp-json\/wp\/v2\/product_cat?post=53596"},{"taxonomy":"product_tag","embeddable":true,"href":"https:\/\/vmsport.fi\/sv\/wp-json\/wp\/v2\/product_tag?post=53596"},{"taxonomy":"industry_terminology","embeddable":true,"href":"https:\/\/vmsport.fi\/sv\/wp-json\/wp\/v2\/industry-terminology?post=53596"}],"curies":[{"name":"wp","href":"https:\/\/api.w.org\/{rel}","templated":true}]}}