{"id":53590,"date":"2025-03-05T23:42:57","date_gmt":"2025-03-05T21:42:57","guid":{"rendered":"https:\/\/vmsport.fi\/verkkokauppa\/Ei-luokiteltu\/shimano-center-lock-takavapaanapa-levyjarrulla-148x12-mm-e-thru-akseli-12-vaihteinen-micro-spline\/"},"modified":"2026-04-22T15:09:55","modified_gmt":"2026-04-22T12:09:55","slug":"shimano-center-lock-baknav-med-skivbroms-148x12-mm-e-genomgaende-axel-12-vaxlar-micro-spline","status":"publish","type":"product","link":"https:\/\/vmsport.fi\/sv\/verkkokauppa\/varaosat\/kiekot-ja-navat\/navat-ja-osat\/shimano-center-lock-takavapaanapa-levyjarrulla-148x12-mm-e-thru-akseli-12-vaihteinen-micro-spline\/","title":{"rendered":"SHIMANO CENTER LOCK-frihjul med skivbroms, 148\u00d712 mm E-THRU-axel, 12-v\u00e4xlad MICRO SPLINE"},"content":{"rendered":"<p>Shimano Center Lock-baknavet \u00e4r utformat med en 148\u00d712 mm E-THRU-axel, vilket ger en stabil och exakt inf\u00e4stning. Detta skivbromsnav erbjuder utm\u00e4rkt bromsprestanda genom att anv\u00e4nda det p\u00e5litliga Center Lock-systemet. Dessutom ger den 12-v\u00e4xlade Micro Spline-v\u00e4xeln en smidig v\u00e4xell\u00e5da med sitt breda utbud av v\u00e4xlar. Navets design g\u00f6r det idealiskt f\u00f6r b\u00e5de vardagsk\u00f6rning och utmanande terr\u00e4ng. Shimano \u00e4r k\u00e4nt f\u00f6r sin kvalitet och h\u00e5llbarhet, vilket g\u00f6r det till ett p\u00e5litligt val.<\/p>","protected":false},"excerpt":{"rendered":"<p>Shimano Center Lock -takavapaanapa on suunniteltu 148&#215;12 mm E-THRU-akselilla, mik\u00e4 varmistaa vakaan ja tarkan kiinnityksen. T\u00e4m\u00e4 levyjarrullinen napa tarjoaa erinomaisen jarrutustehon hy\u00f6dynt\u00e4m\u00e4ll\u00e4 luotettavaa Center Lock -j\u00e4rjestelm\u00e4\u00e4. Lis\u00e4ksi 12-vaihteinen Micro Spline mahdollistaa sulavan voimansiirron laajalla vaihdevalikoimallaan. Rakenteensa ansiosta napa sopii erinomaisesti sek\u00e4 arkiajoon ett\u00e4 haastaviin maastoihin. Shimano on tunnettu laadustaan ja kest\u00e4vyydest\u00e4\u00e4n, mik\u00e4 tekee siit\u00e4 luotettavan [&#8230;]<\/p>\n<p><a class=\"btn btn-secondary understrap-read-more-link\" href=\"https:\/\/vmsport.fi\/sv\/verkkokauppa\/varaosat\/kiekot-ja-navat\/navat-ja-osat\/shimano-center-lock-takavapaanapa-levyjarrulla-148x12-mm-e-thru-akseli-12-vaihteinen-micro-spline\/\">L\u00e4s mer \u2026<span class=\"screen-reader-text\"> from SHIMANO CENTER LOCK -takavapaanapa levyjarrulla, 148&#215;12 mm E-THRU-akseli, 12-vaihteinen MICRO SPLINE<\/span><\/a><\/p>\n","protected":false},"featured_media":53589,"comment_status":"open","ping_status":"closed","template":"","meta":{"_acf_changed":false,"_improvement_type_select":"improve_an_existing","_thumb_yes_seoaic":false,"_frame_yes_seoaic":false,"seoaic_generate_description":"","seoaic_improve_instructions_prompt":"","seoaic_rollback_content_improvement":"","seoaic_idea_thumbnail_generator":"","thumbnail_generated":false,"thumbnail_generate_prompt":"","seoaic_article_description":"","_supplier_stock_quantity":0},"product_brand":[],"product_model":[],"product_cat":[9248],"product_tag":[],"industry-terminology":[],"class_list":{"0":"post-53590","1":"product","2":"type-product","3":"status-publish","4":"has-post-thumbnail","6":"product_cat-navat-ja-osat","8":"first","9":"outofstock","10":"taxable","11":"shipping-taxable","12":"product-type-simple"},"acf":{"bike_features":null,"overview":{"copy_overview":null,"key_features":null,"statement":"","youtube_url":""}},"yoast_head":"<!-- This site is optimized with the Yoast SEO plugin v27.4 - https:\/\/yoast.com\/product\/yoast-seo-wordpress\/ -->\n<title>SHIMANO CENTER LOCK -takavapaanapa levyjarrulla, 148x12 mm E-THRU-akseli, 12-vaihteinen MICRO SPLINE - VM Sport<\/title>\n<meta name=\"robots\" content=\"index, follow, max-snippet:-1, max-image-preview:large, max-video-preview:-1\" \/>\n<link rel=\"canonical\" href=\"https:\/\/vmsport.fi\/sv\/webbutik\/reservdelar\/skivor-och-nav\/stolpar-och-delar\/shimano-center-lock-baknav-med-skivbroms-148x12-mm-e-genomgaende-axel-12-vaxlar-micro-spline\/\" \/>\n<meta property=\"og:locale\" content=\"sv_SE\" \/>\n<meta property=\"og:type\" content=\"article\" \/>\n<meta property=\"og:title\" content=\"SHIMANO CENTER LOCK -takavapaanapa levyjarrulla, 148x12 mm E-THRU-akseli, 12-vaihteinen MICRO SPLINE - VM Sport\" \/>\n<meta property=\"og:description\" content=\"Shimano Center Lock -takavapaanapa on suunniteltu 148&#215;12 mm E-THRU-akselilla, mik\u00e4 varmistaa vakaan ja tarkan kiinnityksen. T\u00e4m\u00e4 levyjarrullinen napa tarjoaa erinomaisen jarrutustehon hy\u00f6dynt\u00e4m\u00e4ll\u00e4 luotettavaa Center Lock -j\u00e4rjestelm\u00e4\u00e4. Lis\u00e4ksi 12-vaihteinen Micro Spline mahdollistaa sulavan voimansiirron laajalla vaihdevalikoimallaan. Rakenteensa ansiosta napa sopii erinomaisesti sek\u00e4 arkiajoon ett\u00e4 haastaviin maastoihin. Shimano on tunnettu laadustaan ja kest\u00e4vyydest\u00e4\u00e4n, mik\u00e4 tekee siit\u00e4 luotettavan [...]L\u00e4s mer \u2026 from SHIMANO CENTER LOCK -takavapaanapa levyjarrulla, 148&#215;12 mm E-THRU-akseli, 12-vaihteinen MICRO SPLINE\" \/>\n<meta property=\"og:url\" content=\"https:\/\/vmsport.fi\/sv\/webbutik\/reservdelar\/skivor-och-nav\/stolpar-och-delar\/shimano-center-lock-baknav-med-skivbroms-148x12-mm-e-genomgaende-axel-12-vaxlar-micro-spline\/\" \/>\n<meta property=\"og:site_name\" content=\"VM Sport\" \/>\n<meta property=\"article:publisher\" content=\"https:\/\/www.facebook.com\/Vmsport.fi\/\" \/>\n<meta property=\"article:modified_time\" content=\"2026-04-22T12:09:55+00:00\" \/>\n<meta property=\"og:image\" content=\"https:\/\/vmsport.fi\/wp-content\/uploads\/2025\/03\/FH-TC500-MS-B-shic6-primary-1-jpg-thumb-572-572-1.png\" \/>\n\t<meta property=\"og:image:width\" content=\"572\" \/>\n\t<meta property=\"og:image:height\" content=\"572\" \/>\n\t<meta property=\"og:image:type\" content=\"image\/png\" \/>\n<meta name=\"twitter:card\" content=\"summary_large_image\" \/>\n<script type=\"application\/ld+json\" class=\"yoast-schema-graph\">{\"@context\":\"https:\\\/\\\/schema.org\",\"@graph\":[{\"@type\":[\"WebPage\",\"ItemPage\"],\"@id\":\"https:\\\/\\\/vmsport.fi\\\/verkkokauppa\\\/varaosat\\\/kiekot-ja-navat\\\/navat-ja-osat\\\/shimano-center-lock-takavapaanapa-levyjarrulla-148x12-mm-e-thru-akseli-12-vaihteinen-micro-spline\\\/\",\"url\":\"https:\\\/\\\/vmsport.fi\\\/verkkokauppa\\\/varaosat\\\/kiekot-ja-navat\\\/navat-ja-osat\\\/shimano-center-lock-takavapaanapa-levyjarrulla-148x12-mm-e-thru-akseli-12-vaihteinen-micro-spline\\\/\",\"name\":\"SHIMANO CENTER LOCK -takavapaanapa levyjarrulla, 148x12 mm E-THRU-akseli, 12-vaihteinen MICRO SPLINE - VM Sport\",\"isPartOf\":{\"@id\":\"https:\\\/\\\/vmsport.fi\\\/#website\"},\"primaryImageOfPage\":{\"@id\":\"https:\\\/\\\/vmsport.fi\\\/verkkokauppa\\\/varaosat\\\/kiekot-ja-navat\\\/navat-ja-osat\\\/shimano-center-lock-takavapaanapa-levyjarrulla-148x12-mm-e-thru-akseli-12-vaihteinen-micro-spline\\\/#primaryimage\"},\"image\":{\"@id\":\"https:\\\/\\\/vmsport.fi\\\/verkkokauppa\\\/varaosat\\\/kiekot-ja-navat\\\/navat-ja-osat\\\/shimano-center-lock-takavapaanapa-levyjarrulla-148x12-mm-e-thru-akseli-12-vaihteinen-micro-spline\\\/#primaryimage\"},\"thumbnailUrl\":\"https:\\\/\\\/vmsport.fi\\\/wp-content\\\/uploads\\\/2025\\\/03\\\/FH-TC500-MS-B-shic6-primary-1-jpg-thumb-572-572-1.png\",\"datePublished\":\"2025-03-05T21:42:57+00:00\",\"dateModified\":\"2026-04-22T12:09:55+00:00\",\"breadcrumb\":{\"@id\":\"https:\\\/\\\/vmsport.fi\\\/verkkokauppa\\\/varaosat\\\/kiekot-ja-navat\\\/navat-ja-osat\\\/shimano-center-lock-takavapaanapa-levyjarrulla-148x12-mm-e-thru-akseli-12-vaihteinen-micro-spline\\\/#breadcrumb\"},\"inLanguage\":\"sv-SE\",\"potentialAction\":[{\"@type\":\"ReadAction\",\"target\":[\"https:\\\/\\\/vmsport.fi\\\/verkkokauppa\\\/varaosat\\\/kiekot-ja-navat\\\/navat-ja-osat\\\/shimano-center-lock-takavapaanapa-levyjarrulla-148x12-mm-e-thru-akseli-12-vaihteinen-micro-spline\\\/\"]}]},{\"@type\":\"ImageObject\",\"inLanguage\":\"sv-SE\",\"@id\":\"https:\\\/\\\/vmsport.fi\\\/verkkokauppa\\\/varaosat\\\/kiekot-ja-navat\\\/navat-ja-osat\\\/shimano-center-lock-takavapaanapa-levyjarrulla-148x12-mm-e-thru-akseli-12-vaihteinen-micro-spline\\\/#primaryimage\",\"url\":\"https:\\\/\\\/vmsport.fi\\\/wp-content\\\/uploads\\\/2025\\\/03\\\/FH-TC500-MS-B-shic6-primary-1-jpg-thumb-572-572-1.png\",\"contentUrl\":\"https:\\\/\\\/vmsport.fi\\\/wp-content\\\/uploads\\\/2025\\\/03\\\/FH-TC500-MS-B-shic6-primary-1-jpg-thumb-572-572-1.png\",\"width\":572,\"height\":572,\"caption\":\"FH-TC500-MS-B-shic6-primary-1-jpg-thumb-572-572\"},{\"@type\":\"BreadcrumbList\",\"@id\":\"https:\\\/\\\/vmsport.fi\\\/verkkokauppa\\\/varaosat\\\/kiekot-ja-navat\\\/navat-ja-osat\\\/shimano-center-lock-takavapaanapa-levyjarrulla-148x12-mm-e-thru-akseli-12-vaihteinen-micro-spline\\\/#breadcrumb\",\"itemListElement\":[{\"@type\":\"ListItem\",\"position\":1,\"name\":\"Etusivu\",\"item\":\"https:\\\/\\\/vmsport.fi\\\/\"},{\"@type\":\"ListItem\",\"position\":2,\"name\":\"Online Store\",\"item\":\"https:\\\/\\\/vmsport.fi\\\/en\\\/online-store\\\/\"},{\"@type\":\"ListItem\",\"position\":3,\"name\":\"SHIMANO CENTER LOCK -takavapaanapa levyjarrulla, 148&#215;12 mm E-THRU-akseli, 12-vaihteinen MICRO SPLINE\"}]},{\"@type\":\"WebSite\",\"@id\":\"https:\\\/\\\/vmsport.fi\\\/#website\",\"url\":\"https:\\\/\\\/vmsport.fi\\\/\",\"name\":\"Vmsport\",\"description\":\"Kaikki py\u00f6r\u00e4ilyyn yhdest\u00e4 paikasta\",\"publisher\":{\"@id\":\"https:\\\/\\\/vmsport.fi\\\/#organization\"},\"potentialAction\":[{\"@type\":\"SearchAction\",\"target\":{\"@type\":\"EntryPoint\",\"urlTemplate\":\"https:\\\/\\\/vmsport.fi\\\/?s={search_term_string}\"},\"query-input\":{\"@type\":\"PropertyValueSpecification\",\"valueRequired\":true,\"valueName\":\"search_term_string\"}}],\"inLanguage\":\"sv-SE\"},{\"@type\":\"Organization\",\"@id\":\"https:\\\/\\\/vmsport.fi\\\/#organization\",\"name\":\"Vmsport\",\"url\":\"https:\\\/\\\/vmsport.fi\\\/\",\"logo\":{\"@type\":\"ImageObject\",\"inLanguage\":\"sv-SE\",\"@id\":\"https:\\\/\\\/vmsport.fi\\\/#\\\/schema\\\/logo\\\/image\\\/\",\"url\":\"https:\\\/\\\/vmsport.fi\\\/wp-content\\\/uploads\\\/2024\\\/12\\\/vm_sport_RGB_horisontal-e1734526017575.png\",\"contentUrl\":\"https:\\\/\\\/vmsport.fi\\\/wp-content\\\/uploads\\\/2024\\\/12\\\/vm_sport_RGB_horisontal-e1734526017575.png\",\"width\":668,\"height\":85,\"caption\":\"Vmsport\"},\"image\":{\"@id\":\"https:\\\/\\\/vmsport.fi\\\/#\\\/schema\\\/logo\\\/image\\\/\"},\"sameAs\":[\"https:\\\/\\\/www.facebook.com\\\/Vmsport.fi\\\/\",\"https:\\\/\\\/www.instagram.com\\\/vmsport\\\/\"]}]}<\/script>\n<!-- \/ Yoast SEO plugin. -->","yoast_head_json":{"title":"SHIMANO CENTER LOCK-frihjul med skivbroms, 148x12 mm E-THRU-axel, 12-v\u00e4xlad MICRO SPLINE - VM Sport","robots":{"index":"index","follow":"follow","max-snippet":"max-snippet:-1","max-image-preview":"max-image-preview:large","max-video-preview":"max-video-preview:-1"},"canonical":"https:\/\/vmsport.fi\/sv\/webbutik\/reservdelar\/skivor-och-nav\/stolpar-och-delar\/shimano-center-lock-baknav-med-skivbroms-148x12-mm-e-genomgaende-axel-12-vaxlar-micro-spline\/","og_locale":"sv_SE","og_type":"article","og_title":"SHIMANO CENTER LOCK -takavapaanapa levyjarrulla, 148x12 mm E-THRU-akseli, 12-vaihteinen MICRO SPLINE - VM Sport","og_description":"Shimano Center Lock -takavapaanapa on suunniteltu 148&#215;12 mm E-THRU-akselilla, mik\u00e4 varmistaa vakaan ja tarkan kiinnityksen. T\u00e4m\u00e4 levyjarrullinen napa tarjoaa erinomaisen jarrutustehon hy\u00f6dynt\u00e4m\u00e4ll\u00e4 luotettavaa Center Lock -j\u00e4rjestelm\u00e4\u00e4. Lis\u00e4ksi 12-vaihteinen Micro Spline mahdollistaa sulavan voimansiirron laajalla vaihdevalikoimallaan. Rakenteensa ansiosta napa sopii erinomaisesti sek\u00e4 arkiajoon ett\u00e4 haastaviin maastoihin. Shimano on tunnettu laadustaan ja kest\u00e4vyydest\u00e4\u00e4n, mik\u00e4 tekee siit\u00e4 luotettavan [...]L\u00e4s mer \u2026 from SHIMANO CENTER LOCK -takavapaanapa levyjarrulla, 148&#215;12 mm E-THRU-akseli, 12-vaihteinen MICRO SPLINE","og_url":"https:\/\/vmsport.fi\/sv\/webbutik\/reservdelar\/skivor-och-nav\/stolpar-och-delar\/shimano-center-lock-baknav-med-skivbroms-148x12-mm-e-genomgaende-axel-12-vaxlar-micro-spline\/","og_site_name":"VM Sport","article_publisher":"https:\/\/www.facebook.com\/Vmsport.fi\/","article_modified_time":"2026-04-22T12:09:55+00:00","og_image":[{"width":572,"height":572,"url":"https:\/\/vmsport.fi\/wp-content\/uploads\/2025\/03\/FH-TC500-MS-B-shic6-primary-1-jpg-thumb-572-572-1.png","type":"image\/png"}],"twitter_card":"summary_large_image","schema":{"@context":"https:\/\/schema.org","@graph":[{"@type":["WebPage","ItemPage"],"@id":"https:\/\/vmsport.fi\/verkkokauppa\/varaosat\/kiekot-ja-navat\/navat-ja-osat\/shimano-center-lock-takavapaanapa-levyjarrulla-148x12-mm-e-thru-akseli-12-vaihteinen-micro-spline\/","url":"https:\/\/vmsport.fi\/verkkokauppa\/varaosat\/kiekot-ja-navat\/navat-ja-osat\/shimano-center-lock-takavapaanapa-levyjarrulla-148x12-mm-e-thru-akseli-12-vaihteinen-micro-spline\/","name":"SHIMANO CENTER LOCK-frihjul med skivbroms, 148x12 mm E-THRU-axel, 12-v\u00e4xlad MICRO SPLINE - VM Sport","isPartOf":{"@id":"https:\/\/vmsport.fi\/#website"},"primaryImageOfPage":{"@id":"https:\/\/vmsport.fi\/verkkokauppa\/varaosat\/kiekot-ja-navat\/navat-ja-osat\/shimano-center-lock-takavapaanapa-levyjarrulla-148x12-mm-e-thru-akseli-12-vaihteinen-micro-spline\/#primaryimage"},"image":{"@id":"https:\/\/vmsport.fi\/verkkokauppa\/varaosat\/kiekot-ja-navat\/navat-ja-osat\/shimano-center-lock-takavapaanapa-levyjarrulla-148x12-mm-e-thru-akseli-12-vaihteinen-micro-spline\/#primaryimage"},"thumbnailUrl":"https:\/\/vmsport.fi\/wp-content\/uploads\/2025\/03\/FH-TC500-MS-B-shic6-primary-1-jpg-thumb-572-572-1.png","datePublished":"2025-03-05T21:42:57+00:00","dateModified":"2026-04-22T12:09:55+00:00","breadcrumb":{"@id":"https:\/\/vmsport.fi\/verkkokauppa\/varaosat\/kiekot-ja-navat\/navat-ja-osat\/shimano-center-lock-takavapaanapa-levyjarrulla-148x12-mm-e-thru-akseli-12-vaihteinen-micro-spline\/#breadcrumb"},"inLanguage":"sv-SE","potentialAction":[{"@type":"ReadAction","target":["https:\/\/vmsport.fi\/verkkokauppa\/varaosat\/kiekot-ja-navat\/navat-ja-osat\/shimano-center-lock-takavapaanapa-levyjarrulla-148x12-mm-e-thru-akseli-12-vaihteinen-micro-spline\/"]}]},{"@type":"ImageObject","inLanguage":"sv-SE","@id":"https:\/\/vmsport.fi\/verkkokauppa\/varaosat\/kiekot-ja-navat\/navat-ja-osat\/shimano-center-lock-takavapaanapa-levyjarrulla-148x12-mm-e-thru-akseli-12-vaihteinen-micro-spline\/#primaryimage","url":"https:\/\/vmsport.fi\/wp-content\/uploads\/2025\/03\/FH-TC500-MS-B-shic6-primary-1-jpg-thumb-572-572-1.png","contentUrl":"https:\/\/vmsport.fi\/wp-content\/uploads\/2025\/03\/FH-TC500-MS-B-shic6-primary-1-jpg-thumb-572-572-1.png","width":572,"height":572,"caption":"FH-TC500-MS-B-shic6-primary-1-jpg-thumb-572-572"},{"@type":"BreadcrumbList","@id":"https:\/\/vmsport.fi\/verkkokauppa\/varaosat\/kiekot-ja-navat\/navat-ja-osat\/shimano-center-lock-takavapaanapa-levyjarrulla-148x12-mm-e-thru-akseli-12-vaihteinen-micro-spline\/#breadcrumb","itemListElement":[{"@type":"ListItem","position":1,"name":"Etusivu","item":"https:\/\/vmsport.fi\/"},{"@type":"ListItem","position":2,"name":"Online Store","item":"https:\/\/vmsport.fi\/en\/online-store\/"},{"@type":"ListItem","position":3,"name":"SHIMANO CENTER LOCK -takavapaanapa levyjarrulla, 148&#215;12 mm E-THRU-akseli, 12-vaihteinen MICRO SPLINE"}]},{"@type":"WebSite","@id":"https:\/\/vmsport.fi\/#website","url":"https:\/\/vmsport.fi\/","name":"Vmsport","description":"Allt p\u00e5 ett st\u00e4lle f\u00f6r cykling","publisher":{"@id":"https:\/\/vmsport.fi\/#organization"},"potentialAction":[{"@type":"SearchAction","target":{"@type":"EntryPoint","urlTemplate":"https:\/\/vmsport.fi\/?s={search_term_string}"},"query-input":{"@type":"PropertyValueSpecification","valueRequired":true,"valueName":"search_term_string"}}],"inLanguage":"sv-SE"},{"@type":"Organization","@id":"https:\/\/vmsport.fi\/#organization","name":"Vmsport","url":"https:\/\/vmsport.fi\/","logo":{"@type":"ImageObject","inLanguage":"sv-SE","@id":"https:\/\/vmsport.fi\/#\/schema\/logo\/image\/","url":"https:\/\/vmsport.fi\/wp-content\/uploads\/2024\/12\/vm_sport_RGB_horisontal-e1734526017575.png","contentUrl":"https:\/\/vmsport.fi\/wp-content\/uploads\/2024\/12\/vm_sport_RGB_horisontal-e1734526017575.png","width":668,"height":85,"caption":"Vmsport"},"image":{"@id":"https:\/\/vmsport.fi\/#\/schema\/logo\/image\/"},"sameAs":["https:\/\/www.facebook.com\/Vmsport.fi\/","https:\/\/www.instagram.com\/vmsport\/"]}]}},"global_unique_id":"","_links":{"self":[{"href":"https:\/\/vmsport.fi\/sv\/wp-json\/wp\/v2\/product\/53590","targetHints":{"allow":["GET"]}}],"collection":[{"href":"https:\/\/vmsport.fi\/sv\/wp-json\/wp\/v2\/product"}],"about":[{"href":"https:\/\/vmsport.fi\/sv\/wp-json\/wp\/v2\/types\/product"}],"replies":[{"embeddable":true,"href":"https:\/\/vmsport.fi\/sv\/wp-json\/wp\/v2\/comments?post=53590"}],"wp:featuredmedia":[{"embeddable":true,"href":"https:\/\/vmsport.fi\/sv\/wp-json\/wp\/v2\/media\/53589"}],"wp:attachment":[{"href":"https:\/\/vmsport.fi\/sv\/wp-json\/wp\/v2\/media?parent=53590"}],"wp:term":[{"taxonomy":"product_brand","embeddable":true,"href":"https:\/\/vmsport.fi\/sv\/wp-json\/wp\/v2\/product_brand?post=53590"},{"taxonomy":"product_model","embeddable":true,"href":"https:\/\/vmsport.fi\/sv\/wp-json\/wp\/v2\/product_model?post=53590"},{"taxonomy":"product_cat","embeddable":true,"href":"https:\/\/vmsport.fi\/sv\/wp-json\/wp\/v2\/product_cat?post=53590"},{"taxonomy":"product_tag","embeddable":true,"href":"https:\/\/vmsport.fi\/sv\/wp-json\/wp\/v2\/product_tag?post=53590"},{"taxonomy":"industry_terminology","embeddable":true,"href":"https:\/\/vmsport.fi\/sv\/wp-json\/wp\/v2\/industry-terminology?post=53590"}],"curies":[{"name":"wp","href":"https:\/\/api.w.org\/{rel}","templated":true}]}}