{"id":53587,"date":"2025-03-05T23:42:56","date_gmt":"2025-03-05T21:42:56","guid":{"rendered":"https:\/\/vmsport.fi\/verkkokauppa\/Ei-luokiteltu\/sram-rear-derailleur-apex-1-1x11-speed-long-cage-aluminium-black\/"},"modified":"2026-01-16T13:21:37","modified_gmt":"2026-01-16T11:21:37","slug":"sram-bakvaxel-apex-1-1x11-vaxlar-lang-bur-aluminium-svart","status":"publish","type":"product","link":"https:\/\/vmsport.fi\/sv\/verkkokauppa\/varaosat\/vaihteistot\/takavaihtajat\/sram-rear-derailleur-apex-1-1x11-speed-long-cage-aluminium-black\/","title":{"rendered":"SRAM Bakv\u00e4xel Apex 1 1\u00d711 v\u00e4xlar L\u00e5ng bur aluminium Svart"},"content":{"rendered":"<p>SRAM Apex 1 \u00e4r s\u00e4rskilt utformad f\u00f6r 1\u00d711-v\u00e4xelsystem, vilket ger anv\u00e4ndaren ett brett utbud av v\u00e4xlar och en bekv\u00e4m v\u00e4xlingsupplevelse. Detta g\u00f6r den till ett perfekt val f\u00f6r cyklister som v\u00e4rdes\u00e4tter enkel installation och tillf\u00f6rlitlig prestanda. Den l\u00e5nga k\u00e5pan g\u00f6r det m\u00f6jligt att anv\u00e4nda upp till 42-tandade kassetthjul och st\u00f6der ett brett utbud av utv\u00e4xlingar i en m\u00e4ngd olika terr\u00e4nger.<\/p>\n<p>X-HORIZON\u2122-geometrin minskar den kraft som kr\u00e4vs f\u00f6r att byta v\u00e4xel och f\u00f6rhindrar \u201dsp\u00f6kv\u00e4xlingar\u201d. ROLLER BEARING CLUTCH\u2122, \u00e5 andra sidan, ger stabilare kedjekontroll genom att f\u00f6rhindra att kedjan vobblar och h\u00e5ller sp\u00e4nningen j\u00e4mn. CAGE LOCK\u2122-tekniken underl\u00e4ttar av- och p\u00e5montering av ringar.<\/p>\n<p>Denna svarta aluminiumkomponent \u00e4r s\u00e4rskilt utformad f\u00f6r landsv\u00e4gscykling och anv\u00e4nder Exact Actuation-kabeldragningsf\u00f6rh\u00e5llandet. Den \u00e4r kompatibel med 11-v\u00e4xlade Powerchain-system och ger anv\u00e4ndaren en stabil, h\u00f6gpresterande l\u00f6sning som uppfyller kraven f\u00f6r b\u00e5de stads- och mountainbikecykling.<\/p>","protected":false},"excerpt":{"rendered":"<p>SRAM Apex 1 -takavaihtaja on suunniteltu erityisesti 1&#215;11-vaihdej\u00e4rjestelmille, ja se tarjoaa k\u00e4ytt\u00e4j\u00e4lleen laajan vaihdevalikoiman ja miellytt\u00e4v\u00e4n vaihteenvaihtokokemuksen. T\u00e4m\u00e4 tekee siit\u00e4 ihanteellisen valinnan py\u00f6r\u00e4ilij\u00f6ille, jotka arvostavat helppoa asennusta ja luotettavaa suorituskyky\u00e4. Pitk\u00e4 h\u00e4kki mahdollistaa jopa 42-hampaisen kasettirattaan k\u00e4yt\u00f6n ja tukee monipuolisia vaihdesuhteita erilaisilla maastoilla. X-HORIZON\u2122-geometria v\u00e4hent\u00e4\u00e4 voimaa, joka tarvitaan vaihteiden vaihtamiseen, sek\u00e4 est\u00e4\u00e4 &#8221;haamuvaihdot&#8221;. ROLLER BEARING [&#8230;]<\/p>\n<p><a class=\"btn btn-secondary understrap-read-more-link\" href=\"https:\/\/vmsport.fi\/sv\/verkkokauppa\/varaosat\/vaihteistot\/takavaihtajat\/sram-rear-derailleur-apex-1-1x11-speed-long-cage-aluminium-black\/\">L\u00e4s mer \u2026<span class=\"screen-reader-text\"> from SRAM Rear derailleur Apex 1 1&#215;11 speed Long cage aluminium Black<\/span><\/a><\/p>\n","protected":false},"featured_media":53586,"comment_status":"open","ping_status":"closed","template":"","meta":{"_acf_changed":false,"_improvement_type_select":"improve_an_existing","_thumb_yes_seoaic":false,"_frame_yes_seoaic":false,"seoaic_generate_description":"","seoaic_improve_instructions_prompt":"","seoaic_rollback_content_improvement":"","seoaic_idea_thumbnail_generator":"","thumbnail_generated":false,"thumbnail_generate_prompt":"","seoaic_article_description":"","_supplier_stock_quantity":0},"product_brand":[1588],"product_model":[],"product_cat":[9390],"product_tag":[],"industry-terminology":[],"class_list":{"0":"post-53587","1":"product","2":"type-product","3":"status-publish","4":"has-post-thumbnail","6":"product_brand-sram","7":"product_cat-takavaihtajat","9":"first","10":"outofstock","11":"taxable","12":"shipping-taxable","13":"product-type-simple"},"acf":{"bike_features":null,"overview":{"copy_overview":null,"key_features":null,"statement":"","youtube_url":""}},"yoast_head":"<!-- This site is optimized with the Yoast SEO plugin v27.3 - https:\/\/yoast.com\/product\/yoast-seo-wordpress\/ -->\n<title>SRAM Rear derailleur Apex 1 1x11 speed Long cage aluminium Black - VM Sport<\/title>\n<meta name=\"robots\" content=\"index, follow, max-snippet:-1, max-image-preview:large, max-video-preview:-1\" \/>\n<link rel=\"canonical\" href=\"https:\/\/vmsport.fi\/sv\/webbutik\/reservdelar\/vaxellador\/bakre-vaxlar\/sram-bakvaxel-apex-1-1x11-vaxlar-lang-bur-aluminium-svart\/\" \/>\n<meta property=\"og:locale\" content=\"sv_SE\" \/>\n<meta property=\"og:type\" content=\"article\" \/>\n<meta property=\"og:title\" content=\"SRAM Rear derailleur Apex 1 1x11 speed Long cage aluminium Black - VM Sport\" \/>\n<meta property=\"og:description\" content=\"SRAM Apex 1 -takavaihtaja on suunniteltu erityisesti 1&#215;11-vaihdej\u00e4rjestelmille, ja se tarjoaa k\u00e4ytt\u00e4j\u00e4lleen laajan vaihdevalikoiman ja miellytt\u00e4v\u00e4n vaihteenvaihtokokemuksen. T\u00e4m\u00e4 tekee siit\u00e4 ihanteellisen valinnan py\u00f6r\u00e4ilij\u00f6ille, jotka arvostavat helppoa asennusta ja luotettavaa suorituskyky\u00e4. Pitk\u00e4 h\u00e4kki mahdollistaa jopa 42-hampaisen kasettirattaan k\u00e4yt\u00f6n ja tukee monipuolisia vaihdesuhteita erilaisilla maastoilla. X-HORIZON\u2122-geometria v\u00e4hent\u00e4\u00e4 voimaa, joka tarvitaan vaihteiden vaihtamiseen, sek\u00e4 est\u00e4\u00e4 &#8221;haamuvaihdot&#8221;. ROLLER BEARING [...]L\u00e4s mer \u2026 from SRAM Rear derailleur Apex 1 1&#215;11 speed Long cage aluminium Black\" \/>\n<meta property=\"og:url\" content=\"https:\/\/vmsport.fi\/sv\/webbutik\/reservdelar\/vaxellador\/bakre-vaxlar\/sram-bakvaxel-apex-1-1x11-vaxlar-lang-bur-aluminium-svart\/\" \/>\n<meta property=\"og:site_name\" content=\"VM Sport\" \/>\n<meta property=\"article:publisher\" content=\"https:\/\/www.facebook.com\/Vmsport.fi\/\" \/>\n<meta property=\"article:modified_time\" content=\"2026-01-16T11:21:37+00:00\" \/>\n<meta property=\"og:image\" content=\"https:\/\/vmsport.fi\/wp-content\/uploads\/2025\/03\/eTaSjnz0JAOWa7J0Ht06NIUQRrjzOswwyO48kcEVBhytAu7d4o-1.jpg\" \/>\n\t<meta property=\"og:image:width\" content=\"800\" \/>\n\t<meta property=\"og:image:height\" content=\"800\" \/>\n\t<meta property=\"og:image:type\" content=\"image\/jpeg\" \/>\n<meta name=\"twitter:card\" content=\"summary_large_image\" \/>\n<meta name=\"twitter:label1\" content=\"Ber\u00e4knad l\u00e4stid\" \/>\n\t<meta name=\"twitter:data1\" content=\"1 minut\" \/>\n<script type=\"application\/ld+json\" class=\"yoast-schema-graph\">{\"@context\":\"https:\\\/\\\/schema.org\",\"@graph\":[{\"@type\":[\"WebPage\",\"ItemPage\"],\"@id\":\"https:\\\/\\\/vmsport.fi\\\/verkkokauppa\\\/varaosat\\\/vaihteistot\\\/takavaihtajat\\\/sram-rear-derailleur-apex-1-1x11-speed-long-cage-aluminium-black\\\/\",\"url\":\"https:\\\/\\\/vmsport.fi\\\/verkkokauppa\\\/varaosat\\\/vaihteistot\\\/takavaihtajat\\\/sram-rear-derailleur-apex-1-1x11-speed-long-cage-aluminium-black\\\/\",\"name\":\"SRAM Rear derailleur Apex 1 1x11 speed Long cage aluminium Black - VM Sport\",\"isPartOf\":{\"@id\":\"https:\\\/\\\/vmsport.fi\\\/#website\"},\"primaryImageOfPage\":{\"@id\":\"https:\\\/\\\/vmsport.fi\\\/verkkokauppa\\\/varaosat\\\/vaihteistot\\\/takavaihtajat\\\/sram-rear-derailleur-apex-1-1x11-speed-long-cage-aluminium-black\\\/#primaryimage\"},\"image\":{\"@id\":\"https:\\\/\\\/vmsport.fi\\\/verkkokauppa\\\/varaosat\\\/vaihteistot\\\/takavaihtajat\\\/sram-rear-derailleur-apex-1-1x11-speed-long-cage-aluminium-black\\\/#primaryimage\"},\"thumbnailUrl\":\"https:\\\/\\\/vmsport.fi\\\/wp-content\\\/uploads\\\/2025\\\/03\\\/eTaSjnz0JAOWa7J0Ht06NIUQRrjzOswwyO48kcEVBhytAu7d4o-1.jpg\",\"datePublished\":\"2025-03-05T21:42:56+00:00\",\"dateModified\":\"2026-01-16T11:21:37+00:00\",\"breadcrumb\":{\"@id\":\"https:\\\/\\\/vmsport.fi\\\/verkkokauppa\\\/varaosat\\\/vaihteistot\\\/takavaihtajat\\\/sram-rear-derailleur-apex-1-1x11-speed-long-cage-aluminium-black\\\/#breadcrumb\"},\"inLanguage\":\"sv-SE\",\"potentialAction\":[{\"@type\":\"ReadAction\",\"target\":[\"https:\\\/\\\/vmsport.fi\\\/verkkokauppa\\\/varaosat\\\/vaihteistot\\\/takavaihtajat\\\/sram-rear-derailleur-apex-1-1x11-speed-long-cage-aluminium-black\\\/\"]}]},{\"@type\":\"ImageObject\",\"inLanguage\":\"sv-SE\",\"@id\":\"https:\\\/\\\/vmsport.fi\\\/verkkokauppa\\\/varaosat\\\/vaihteistot\\\/takavaihtajat\\\/sram-rear-derailleur-apex-1-1x11-speed-long-cage-aluminium-black\\\/#primaryimage\",\"url\":\"https:\\\/\\\/vmsport.fi\\\/wp-content\\\/uploads\\\/2025\\\/03\\\/eTaSjnz0JAOWa7J0Ht06NIUQRrjzOswwyO48kcEVBhytAu7d4o-1.jpg\",\"contentUrl\":\"https:\\\/\\\/vmsport.fi\\\/wp-content\\\/uploads\\\/2025\\\/03\\\/eTaSjnz0JAOWa7J0Ht06NIUQRrjzOswwyO48kcEVBhytAu7d4o-1.jpg\",\"width\":800,\"height\":800,\"caption\":\"eTaSjnz0JAOWa7J0Ht06NIUQRrjzOswwyO48kcEVBhytAu7d4o\"},{\"@type\":\"BreadcrumbList\",\"@id\":\"https:\\\/\\\/vmsport.fi\\\/verkkokauppa\\\/varaosat\\\/vaihteistot\\\/takavaihtajat\\\/sram-rear-derailleur-apex-1-1x11-speed-long-cage-aluminium-black\\\/#breadcrumb\",\"itemListElement\":[{\"@type\":\"ListItem\",\"position\":1,\"name\":\"Etusivu\",\"item\":\"https:\\\/\\\/vmsport.fi\\\/\"},{\"@type\":\"ListItem\",\"position\":2,\"name\":\"Online Store\",\"item\":\"https:\\\/\\\/vmsport.fi\\\/en\\\/online-store\\\/\"},{\"@type\":\"ListItem\",\"position\":3,\"name\":\"SRAM Rear derailleur Apex 1 1&#215;11 speed Long cage aluminium Black\"}]},{\"@type\":\"WebSite\",\"@id\":\"https:\\\/\\\/vmsport.fi\\\/#website\",\"url\":\"https:\\\/\\\/vmsport.fi\\\/\",\"name\":\"Vmsport\",\"description\":\"Kaikki py\u00f6r\u00e4ilyyn yhdest\u00e4 paikasta\",\"publisher\":{\"@id\":\"https:\\\/\\\/vmsport.fi\\\/#organization\"},\"potentialAction\":[{\"@type\":\"SearchAction\",\"target\":{\"@type\":\"EntryPoint\",\"urlTemplate\":\"https:\\\/\\\/vmsport.fi\\\/?s={search_term_string}\"},\"query-input\":{\"@type\":\"PropertyValueSpecification\",\"valueRequired\":true,\"valueName\":\"search_term_string\"}}],\"inLanguage\":\"sv-SE\"},{\"@type\":\"Organization\",\"@id\":\"https:\\\/\\\/vmsport.fi\\\/#organization\",\"name\":\"Vmsport\",\"url\":\"https:\\\/\\\/vmsport.fi\\\/\",\"logo\":{\"@type\":\"ImageObject\",\"inLanguage\":\"sv-SE\",\"@id\":\"https:\\\/\\\/vmsport.fi\\\/#\\\/schema\\\/logo\\\/image\\\/\",\"url\":\"https:\\\/\\\/vmsport.fi\\\/wp-content\\\/uploads\\\/2024\\\/12\\\/vm_sport_RGB_horisontal-e1734526017575.png\",\"contentUrl\":\"https:\\\/\\\/vmsport.fi\\\/wp-content\\\/uploads\\\/2024\\\/12\\\/vm_sport_RGB_horisontal-e1734526017575.png\",\"width\":668,\"height\":85,\"caption\":\"Vmsport\"},\"image\":{\"@id\":\"https:\\\/\\\/vmsport.fi\\\/#\\\/schema\\\/logo\\\/image\\\/\"},\"sameAs\":[\"https:\\\/\\\/www.facebook.com\\\/Vmsport.fi\\\/\",\"https:\\\/\\\/www.instagram.com\\\/vmsport\\\/\"]}]}<\/script>\n<!-- \/ Yoast SEO plugin. -->","yoast_head_json":{"title":"SRAM Bakv\u00e4xel Apex 1 1x11 v\u00e4xlar L\u00e5ng bur aluminium Svart - VM Sport","robots":{"index":"index","follow":"follow","max-snippet":"max-snippet:-1","max-image-preview":"max-image-preview:large","max-video-preview":"max-video-preview:-1"},"canonical":"https:\/\/vmsport.fi\/sv\/webbutik\/reservdelar\/vaxellador\/bakre-vaxlar\/sram-bakvaxel-apex-1-1x11-vaxlar-lang-bur-aluminium-svart\/","og_locale":"sv_SE","og_type":"article","og_title":"SRAM Rear derailleur Apex 1 1x11 speed Long cage aluminium Black - VM Sport","og_description":"SRAM Apex 1 -takavaihtaja on suunniteltu erityisesti 1&#215;11-vaihdej\u00e4rjestelmille, ja se tarjoaa k\u00e4ytt\u00e4j\u00e4lleen laajan vaihdevalikoiman ja miellytt\u00e4v\u00e4n vaihteenvaihtokokemuksen. T\u00e4m\u00e4 tekee siit\u00e4 ihanteellisen valinnan py\u00f6r\u00e4ilij\u00f6ille, jotka arvostavat helppoa asennusta ja luotettavaa suorituskyky\u00e4. Pitk\u00e4 h\u00e4kki mahdollistaa jopa 42-hampaisen kasettirattaan k\u00e4yt\u00f6n ja tukee monipuolisia vaihdesuhteita erilaisilla maastoilla. X-HORIZON\u2122-geometria v\u00e4hent\u00e4\u00e4 voimaa, joka tarvitaan vaihteiden vaihtamiseen, sek\u00e4 est\u00e4\u00e4 &#8221;haamuvaihdot&#8221;. ROLLER BEARING [...]L\u00e4s mer \u2026 from SRAM Rear derailleur Apex 1 1&#215;11 speed Long cage aluminium Black","og_url":"https:\/\/vmsport.fi\/sv\/webbutik\/reservdelar\/vaxellador\/bakre-vaxlar\/sram-bakvaxel-apex-1-1x11-vaxlar-lang-bur-aluminium-svart\/","og_site_name":"VM Sport","article_publisher":"https:\/\/www.facebook.com\/Vmsport.fi\/","article_modified_time":"2026-01-16T11:21:37+00:00","og_image":[{"width":800,"height":800,"url":"https:\/\/vmsport.fi\/wp-content\/uploads\/2025\/03\/eTaSjnz0JAOWa7J0Ht06NIUQRrjzOswwyO48kcEVBhytAu7d4o-1.jpg","type":"image\/jpeg"}],"twitter_card":"summary_large_image","twitter_misc":{"Ber\u00e4knad l\u00e4stid":"1 minut"},"schema":{"@context":"https:\/\/schema.org","@graph":[{"@type":["WebPage","ItemPage"],"@id":"https:\/\/vmsport.fi\/verkkokauppa\/varaosat\/vaihteistot\/takavaihtajat\/sram-rear-derailleur-apex-1-1x11-speed-long-cage-aluminium-black\/","url":"https:\/\/vmsport.fi\/verkkokauppa\/varaosat\/vaihteistot\/takavaihtajat\/sram-rear-derailleur-apex-1-1x11-speed-long-cage-aluminium-black\/","name":"SRAM Bakv\u00e4xel Apex 1 1x11 v\u00e4xlar L\u00e5ng bur aluminium Svart - VM Sport","isPartOf":{"@id":"https:\/\/vmsport.fi\/#website"},"primaryImageOfPage":{"@id":"https:\/\/vmsport.fi\/verkkokauppa\/varaosat\/vaihteistot\/takavaihtajat\/sram-rear-derailleur-apex-1-1x11-speed-long-cage-aluminium-black\/#primaryimage"},"image":{"@id":"https:\/\/vmsport.fi\/verkkokauppa\/varaosat\/vaihteistot\/takavaihtajat\/sram-rear-derailleur-apex-1-1x11-speed-long-cage-aluminium-black\/#primaryimage"},"thumbnailUrl":"https:\/\/vmsport.fi\/wp-content\/uploads\/2025\/03\/eTaSjnz0JAOWa7J0Ht06NIUQRrjzOswwyO48kcEVBhytAu7d4o-1.jpg","datePublished":"2025-03-05T21:42:56+00:00","dateModified":"2026-01-16T11:21:37+00:00","breadcrumb":{"@id":"https:\/\/vmsport.fi\/verkkokauppa\/varaosat\/vaihteistot\/takavaihtajat\/sram-rear-derailleur-apex-1-1x11-speed-long-cage-aluminium-black\/#breadcrumb"},"inLanguage":"sv-SE","potentialAction":[{"@type":"ReadAction","target":["https:\/\/vmsport.fi\/verkkokauppa\/varaosat\/vaihteistot\/takavaihtajat\/sram-rear-derailleur-apex-1-1x11-speed-long-cage-aluminium-black\/"]}]},{"@type":"ImageObject","inLanguage":"sv-SE","@id":"https:\/\/vmsport.fi\/verkkokauppa\/varaosat\/vaihteistot\/takavaihtajat\/sram-rear-derailleur-apex-1-1x11-speed-long-cage-aluminium-black\/#primaryimage","url":"https:\/\/vmsport.fi\/wp-content\/uploads\/2025\/03\/eTaSjnz0JAOWa7J0Ht06NIUQRrjzOswwyO48kcEVBhytAu7d4o-1.jpg","contentUrl":"https:\/\/vmsport.fi\/wp-content\/uploads\/2025\/03\/eTaSjnz0JAOWa7J0Ht06NIUQRrjzOswwyO48kcEVBhytAu7d4o-1.jpg","width":800,"height":800,"caption":"eTaSjnz0JAOWa7J0Ht06NIUQRrjzOswwyO48kcEVBhytAu7d4o"},{"@type":"BreadcrumbList","@id":"https:\/\/vmsport.fi\/verkkokauppa\/varaosat\/vaihteistot\/takavaihtajat\/sram-rear-derailleur-apex-1-1x11-speed-long-cage-aluminium-black\/#breadcrumb","itemListElement":[{"@type":"ListItem","position":1,"name":"Etusivu","item":"https:\/\/vmsport.fi\/"},{"@type":"ListItem","position":2,"name":"Online Store","item":"https:\/\/vmsport.fi\/en\/online-store\/"},{"@type":"ListItem","position":3,"name":"SRAM Rear derailleur Apex 1 1&#215;11 speed Long cage aluminium Black"}]},{"@type":"WebSite","@id":"https:\/\/vmsport.fi\/#website","url":"https:\/\/vmsport.fi\/","name":"Vmsport","description":"Allt p\u00e5 ett st\u00e4lle f\u00f6r cykling","publisher":{"@id":"https:\/\/vmsport.fi\/#organization"},"potentialAction":[{"@type":"SearchAction","target":{"@type":"EntryPoint","urlTemplate":"https:\/\/vmsport.fi\/?s={search_term_string}"},"query-input":{"@type":"PropertyValueSpecification","valueRequired":true,"valueName":"search_term_string"}}],"inLanguage":"sv-SE"},{"@type":"Organization","@id":"https:\/\/vmsport.fi\/#organization","name":"Vmsport","url":"https:\/\/vmsport.fi\/","logo":{"@type":"ImageObject","inLanguage":"sv-SE","@id":"https:\/\/vmsport.fi\/#\/schema\/logo\/image\/","url":"https:\/\/vmsport.fi\/wp-content\/uploads\/2024\/12\/vm_sport_RGB_horisontal-e1734526017575.png","contentUrl":"https:\/\/vmsport.fi\/wp-content\/uploads\/2024\/12\/vm_sport_RGB_horisontal-e1734526017575.png","width":668,"height":85,"caption":"Vmsport"},"image":{"@id":"https:\/\/vmsport.fi\/#\/schema\/logo\/image\/"},"sameAs":["https:\/\/www.facebook.com\/Vmsport.fi\/","https:\/\/www.instagram.com\/vmsport\/"]}]}},"global_unique_id":"","_links":{"self":[{"href":"https:\/\/vmsport.fi\/sv\/wp-json\/wp\/v2\/product\/53587","targetHints":{"allow":["GET"]}}],"collection":[{"href":"https:\/\/vmsport.fi\/sv\/wp-json\/wp\/v2\/product"}],"about":[{"href":"https:\/\/vmsport.fi\/sv\/wp-json\/wp\/v2\/types\/product"}],"replies":[{"embeddable":true,"href":"https:\/\/vmsport.fi\/sv\/wp-json\/wp\/v2\/comments?post=53587"}],"wp:featuredmedia":[{"embeddable":true,"href":"https:\/\/vmsport.fi\/sv\/wp-json\/wp\/v2\/media\/53586"}],"wp:attachment":[{"href":"https:\/\/vmsport.fi\/sv\/wp-json\/wp\/v2\/media?parent=53587"}],"wp:term":[{"taxonomy":"product_brand","embeddable":true,"href":"https:\/\/vmsport.fi\/sv\/wp-json\/wp\/v2\/product_brand?post=53587"},{"taxonomy":"product_model","embeddable":true,"href":"https:\/\/vmsport.fi\/sv\/wp-json\/wp\/v2\/product_model?post=53587"},{"taxonomy":"product_cat","embeddable":true,"href":"https:\/\/vmsport.fi\/sv\/wp-json\/wp\/v2\/product_cat?post=53587"},{"taxonomy":"product_tag","embeddable":true,"href":"https:\/\/vmsport.fi\/sv\/wp-json\/wp\/v2\/product_tag?post=53587"},{"taxonomy":"industry_terminology","embeddable":true,"href":"https:\/\/vmsport.fi\/sv\/wp-json\/wp\/v2\/industry-terminology?post=53587"}],"curies":[{"name":"wp","href":"https:\/\/api.w.org\/{rel}","templated":true}]}}