{"id":53584,"date":"2025-03-05T23:42:55","date_gmt":"2025-03-05T21:42:55","guid":{"rendered":"https:\/\/vmsport.fi\/verkkokauppa\/Ei-luokiteltu\/jarrupalat-avid-sram-code-r-2011-guid\/"},"modified":"2026-01-16T13:21:35","modified_gmt":"2026-01-16T11:21:35","slug":"bromsbelagg-avid-sram-code-r-2011-guid","status":"publish","type":"product","link":"https:\/\/vmsport.fi\/sv\/verkkokauppa\/varaosat\/jarrut\/jarrupalat\/jarrupalat-avid-sram-code-r-2011-guid\/","title":{"rendered":"Bromsbel\u00e4gg AVID\/SRAM Code R 2011 \/ Guid"},"content":{"rendered":"<p>Avid\/SRAM Code R 2011 \/ Guide-bromsbel\u00e4gg ger utm\u00e4rkt bromsprestanda, med s\u00e4rskilt fokus p\u00e5 h\u00e5llbarhet och brusreducering. Dessa bel\u00e4gg \u00e4r kompatibla med Avid Code (2011-2014), Code R och SRAM:s Code RSC och Guide RE-bromsar. Bel\u00e4ggens mjuka, organiska textur ger en bekv\u00e4m bromsupplevelse och minskar rotorslitaget avsev\u00e4rt. H\u00f6g temperaturtolerans s\u00e4kerst\u00e4ller konsekvent prestanda under l\u00e4ngre anv\u00e4ndningsperioder, vilket g\u00f6r dem idealiska f\u00f6r elcyklar och tyngre applikationer. Det slitstarka materialet i bromsbel\u00e4ggen \u00e4r utformat f\u00f6r att ge l\u00e5ngvarig prestanda och l\u00e5g ljudniv\u00e5, vilket ger enkel kontroll \u00f6ver bromskraften.<\/p>","protected":false},"excerpt":{"rendered":"<p>Avid\/SRAM Code R 2011 \/ Guide -jarrupalat tarjoavat erinomaisen jarrutustehon, keskittyen erityisesti kest\u00e4vyyteen ja melun v\u00e4hent\u00e4miseen. N\u00e4m\u00e4 palat sopivat yhteen Avid Code -mallien (2011-2014), Code R:n sek\u00e4 SRAM:n Code RSC:n ja Guide RE -jarrujen kanssa. Palojen pehme\u00e4, orgaaninen koostumus takaa mukavan jarrutuskokemuksen ja v\u00e4hent\u00e4\u00e4 huomattavasti roottorin kulumista. Korkea l\u00e4mp\u00f6tilan sietokyky varmistaa tasaisen suorituskyvyn pitk\u00e4kestoisessa k\u00e4yt\u00f6ss\u00e4, [&#8230;]<\/p>\n<p><a class=\"btn btn-secondary understrap-read-more-link\" href=\"https:\/\/vmsport.fi\/sv\/verkkokauppa\/varaosat\/jarrut\/jarrupalat\/jarrupalat-avid-sram-code-r-2011-guid\/\">L\u00e4s mer \u2026<span class=\"screen-reader-text\"> from Jarrupalat AVID\/SRAM Code R 2011 \/ Guid<\/span><\/a><\/p>\n","protected":false},"featured_media":53583,"comment_status":"open","ping_status":"closed","template":"","meta":{"_acf_changed":false,"_improvement_type_select":"improve_an_existing","_thumb_yes_seoaic":false,"_frame_yes_seoaic":false,"seoaic_generate_description":"","seoaic_improve_instructions_prompt":"","seoaic_rollback_content_improvement":"","seoaic_idea_thumbnail_generator":"","thumbnail_generated":false,"thumbnail_generate_prompt":"","seoaic_article_description":"","_supplier_stock_quantity":0},"product_brand":[1588],"product_model":[],"product_cat":[9288],"product_tag":[],"industry-terminology":[],"class_list":{"0":"post-53584","1":"product","2":"type-product","3":"status-publish","4":"has-post-thumbnail","6":"product_brand-sram","7":"product_cat-jarrupalat","9":"first","10":"outofstock","11":"taxable","12":"shipping-taxable","13":"product-type-simple"},"acf":{"bike_features":null,"overview":{"copy_overview":null,"key_features":null,"statement":"","youtube_url":""}},"yoast_head":"<!-- This site is optimized with the Yoast SEO plugin v27.4 - https:\/\/yoast.com\/product\/yoast-seo-wordpress\/ -->\n<title>Jarrupalat AVID\/SRAM Code R 2011 \/ Guid - VM Sport<\/title>\n<meta name=\"robots\" content=\"index, follow, max-snippet:-1, max-image-preview:large, max-video-preview:-1\" \/>\n<link rel=\"canonical\" href=\"https:\/\/vmsport.fi\/sv\/webbutik\/reservdelar\/bromsar\/bromsbelagg\/bromsbelagg-avid-sram-code-r-2011-guid\/\" \/>\n<meta property=\"og:locale\" content=\"sv_SE\" \/>\n<meta property=\"og:type\" content=\"article\" \/>\n<meta property=\"og:title\" content=\"Jarrupalat AVID\/SRAM Code R 2011 \/ Guid - VM Sport\" \/>\n<meta property=\"og:description\" content=\"Avid\/SRAM Code R 2011 \/ Guide -jarrupalat tarjoavat erinomaisen jarrutustehon, keskittyen erityisesti kest\u00e4vyyteen ja melun v\u00e4hent\u00e4miseen. N\u00e4m\u00e4 palat sopivat yhteen Avid Code -mallien (2011-2014), Code R:n sek\u00e4 SRAM:n Code RSC:n ja Guide RE -jarrujen kanssa. Palojen pehme\u00e4, orgaaninen koostumus takaa mukavan jarrutuskokemuksen ja v\u00e4hent\u00e4\u00e4 huomattavasti roottorin kulumista. Korkea l\u00e4mp\u00f6tilan sietokyky varmistaa tasaisen suorituskyvyn pitk\u00e4kestoisessa k\u00e4yt\u00f6ss\u00e4, [...]L\u00e4s mer \u2026 from Jarrupalat AVID\/SRAM Code R 2011 \/ Guid\" \/>\n<meta property=\"og:url\" content=\"https:\/\/vmsport.fi\/sv\/webbutik\/reservdelar\/bromsar\/bromsbelagg\/bromsbelagg-avid-sram-code-r-2011-guid\/\" \/>\n<meta property=\"og:site_name\" content=\"VM Sport\" \/>\n<meta property=\"article:publisher\" content=\"https:\/\/www.facebook.com\/Vmsport.fi\/\" \/>\n<meta property=\"article:modified_time\" content=\"2026-01-16T11:21:35+00:00\" \/>\n<meta property=\"og:image\" content=\"https:\/\/vmsport.fi\/wp-content\/uploads\/2025\/03\/Belaegg-Adv-AVID-SRAM-CODE-2011-1.jpg\" \/>\n\t<meta property=\"og:image:width\" content=\"255\" \/>\n\t<meta property=\"og:image:height\" content=\"176\" \/>\n\t<meta property=\"og:image:type\" content=\"image\/jpeg\" \/>\n<meta name=\"twitter:card\" content=\"summary_large_image\" \/>\n<meta name=\"twitter:label1\" content=\"Ber\u00e4knad l\u00e4stid\" \/>\n\t<meta name=\"twitter:data1\" content=\"1 minut\" \/>\n<script type=\"application\/ld+json\" class=\"yoast-schema-graph\">{\"@context\":\"https:\\\/\\\/schema.org\",\"@graph\":[{\"@type\":[\"WebPage\",\"ItemPage\"],\"@id\":\"https:\\\/\\\/vmsport.fi\\\/verkkokauppa\\\/varaosat\\\/jarrut\\\/jarrupalat\\\/jarrupalat-avid-sram-code-r-2011-guid\\\/\",\"url\":\"https:\\\/\\\/vmsport.fi\\\/verkkokauppa\\\/varaosat\\\/jarrut\\\/jarrupalat\\\/jarrupalat-avid-sram-code-r-2011-guid\\\/\",\"name\":\"Jarrupalat AVID\\\/SRAM Code R 2011 \\\/ Guid - VM Sport\",\"isPartOf\":{\"@id\":\"https:\\\/\\\/vmsport.fi\\\/#website\"},\"primaryImageOfPage\":{\"@id\":\"https:\\\/\\\/vmsport.fi\\\/verkkokauppa\\\/varaosat\\\/jarrut\\\/jarrupalat\\\/jarrupalat-avid-sram-code-r-2011-guid\\\/#primaryimage\"},\"image\":{\"@id\":\"https:\\\/\\\/vmsport.fi\\\/verkkokauppa\\\/varaosat\\\/jarrut\\\/jarrupalat\\\/jarrupalat-avid-sram-code-r-2011-guid\\\/#primaryimage\"},\"thumbnailUrl\":\"https:\\\/\\\/vmsport.fi\\\/wp-content\\\/uploads\\\/2025\\\/03\\\/Belaegg-Adv-AVID-SRAM-CODE-2011-1.jpg\",\"datePublished\":\"2025-03-05T21:42:55+00:00\",\"dateModified\":\"2026-01-16T11:21:35+00:00\",\"breadcrumb\":{\"@id\":\"https:\\\/\\\/vmsport.fi\\\/verkkokauppa\\\/varaosat\\\/jarrut\\\/jarrupalat\\\/jarrupalat-avid-sram-code-r-2011-guid\\\/#breadcrumb\"},\"inLanguage\":\"sv-SE\",\"potentialAction\":[{\"@type\":\"ReadAction\",\"target\":[\"https:\\\/\\\/vmsport.fi\\\/verkkokauppa\\\/varaosat\\\/jarrut\\\/jarrupalat\\\/jarrupalat-avid-sram-code-r-2011-guid\\\/\"]}]},{\"@type\":\"ImageObject\",\"inLanguage\":\"sv-SE\",\"@id\":\"https:\\\/\\\/vmsport.fi\\\/verkkokauppa\\\/varaosat\\\/jarrut\\\/jarrupalat\\\/jarrupalat-avid-sram-code-r-2011-guid\\\/#primaryimage\",\"url\":\"https:\\\/\\\/vmsport.fi\\\/wp-content\\\/uploads\\\/2025\\\/03\\\/Belaegg-Adv-AVID-SRAM-CODE-2011-1.jpg\",\"contentUrl\":\"https:\\\/\\\/vmsport.fi\\\/wp-content\\\/uploads\\\/2025\\\/03\\\/Belaegg-Adv-AVID-SRAM-CODE-2011-1.jpg\",\"width\":255,\"height\":176,\"caption\":\"Belaegg-Adv-AVID-SRAM-CODE-2011\"},{\"@type\":\"BreadcrumbList\",\"@id\":\"https:\\\/\\\/vmsport.fi\\\/verkkokauppa\\\/varaosat\\\/jarrut\\\/jarrupalat\\\/jarrupalat-avid-sram-code-r-2011-guid\\\/#breadcrumb\",\"itemListElement\":[{\"@type\":\"ListItem\",\"position\":1,\"name\":\"Etusivu\",\"item\":\"https:\\\/\\\/vmsport.fi\\\/\"},{\"@type\":\"ListItem\",\"position\":2,\"name\":\"Online Store\",\"item\":\"https:\\\/\\\/vmsport.fi\\\/en\\\/online-store\\\/\"},{\"@type\":\"ListItem\",\"position\":3,\"name\":\"Jarrupalat AVID\\\/SRAM Code R 2011 \\\/ Guid\"}]},{\"@type\":\"WebSite\",\"@id\":\"https:\\\/\\\/vmsport.fi\\\/#website\",\"url\":\"https:\\\/\\\/vmsport.fi\\\/\",\"name\":\"Vmsport\",\"description\":\"Kaikki py\u00f6r\u00e4ilyyn yhdest\u00e4 paikasta\",\"publisher\":{\"@id\":\"https:\\\/\\\/vmsport.fi\\\/#organization\"},\"potentialAction\":[{\"@type\":\"SearchAction\",\"target\":{\"@type\":\"EntryPoint\",\"urlTemplate\":\"https:\\\/\\\/vmsport.fi\\\/?s={search_term_string}\"},\"query-input\":{\"@type\":\"PropertyValueSpecification\",\"valueRequired\":true,\"valueName\":\"search_term_string\"}}],\"inLanguage\":\"sv-SE\"},{\"@type\":\"Organization\",\"@id\":\"https:\\\/\\\/vmsport.fi\\\/#organization\",\"name\":\"Vmsport\",\"url\":\"https:\\\/\\\/vmsport.fi\\\/\",\"logo\":{\"@type\":\"ImageObject\",\"inLanguage\":\"sv-SE\",\"@id\":\"https:\\\/\\\/vmsport.fi\\\/#\\\/schema\\\/logo\\\/image\\\/\",\"url\":\"https:\\\/\\\/vmsport.fi\\\/wp-content\\\/uploads\\\/2024\\\/12\\\/vm_sport_RGB_horisontal-e1734526017575.png\",\"contentUrl\":\"https:\\\/\\\/vmsport.fi\\\/wp-content\\\/uploads\\\/2024\\\/12\\\/vm_sport_RGB_horisontal-e1734526017575.png\",\"width\":668,\"height\":85,\"caption\":\"Vmsport\"},\"image\":{\"@id\":\"https:\\\/\\\/vmsport.fi\\\/#\\\/schema\\\/logo\\\/image\\\/\"},\"sameAs\":[\"https:\\\/\\\/www.facebook.com\\\/Vmsport.fi\\\/\",\"https:\\\/\\\/www.instagram.com\\\/vmsport\\\/\"]}]}<\/script>\n<!-- \/ Yoast SEO plugin. -->","yoast_head_json":{"title":"Bromsbel\u00e4gg AVID\/SRAM Code R 2011 \/ Guid - VM Sport","robots":{"index":"index","follow":"follow","max-snippet":"max-snippet:-1","max-image-preview":"max-image-preview:large","max-video-preview":"max-video-preview:-1"},"canonical":"https:\/\/vmsport.fi\/sv\/webbutik\/reservdelar\/bromsar\/bromsbelagg\/bromsbelagg-avid-sram-code-r-2011-guid\/","og_locale":"sv_SE","og_type":"article","og_title":"Jarrupalat AVID\/SRAM Code R 2011 \/ Guid - VM Sport","og_description":"Avid\/SRAM Code R 2011 \/ Guide -jarrupalat tarjoavat erinomaisen jarrutustehon, keskittyen erityisesti kest\u00e4vyyteen ja melun v\u00e4hent\u00e4miseen. N\u00e4m\u00e4 palat sopivat yhteen Avid Code -mallien (2011-2014), Code R:n sek\u00e4 SRAM:n Code RSC:n ja Guide RE -jarrujen kanssa. Palojen pehme\u00e4, orgaaninen koostumus takaa mukavan jarrutuskokemuksen ja v\u00e4hent\u00e4\u00e4 huomattavasti roottorin kulumista. Korkea l\u00e4mp\u00f6tilan sietokyky varmistaa tasaisen suorituskyvyn pitk\u00e4kestoisessa k\u00e4yt\u00f6ss\u00e4, [...]L\u00e4s mer \u2026 from Jarrupalat AVID\/SRAM Code R 2011 \/ Guid","og_url":"https:\/\/vmsport.fi\/sv\/webbutik\/reservdelar\/bromsar\/bromsbelagg\/bromsbelagg-avid-sram-code-r-2011-guid\/","og_site_name":"VM Sport","article_publisher":"https:\/\/www.facebook.com\/Vmsport.fi\/","article_modified_time":"2026-01-16T11:21:35+00:00","og_image":[{"width":255,"height":176,"url":"https:\/\/vmsport.fi\/wp-content\/uploads\/2025\/03\/Belaegg-Adv-AVID-SRAM-CODE-2011-1.jpg","type":"image\/jpeg"}],"twitter_card":"summary_large_image","twitter_misc":{"Ber\u00e4knad l\u00e4stid":"1 minut"},"schema":{"@context":"https:\/\/schema.org","@graph":[{"@type":["WebPage","ItemPage"],"@id":"https:\/\/vmsport.fi\/verkkokauppa\/varaosat\/jarrut\/jarrupalat\/jarrupalat-avid-sram-code-r-2011-guid\/","url":"https:\/\/vmsport.fi\/verkkokauppa\/varaosat\/jarrut\/jarrupalat\/jarrupalat-avid-sram-code-r-2011-guid\/","name":"Bromsbel\u00e4gg AVID\/SRAM Code R 2011 \/ Guid - VM Sport","isPartOf":{"@id":"https:\/\/vmsport.fi\/#website"},"primaryImageOfPage":{"@id":"https:\/\/vmsport.fi\/verkkokauppa\/varaosat\/jarrut\/jarrupalat\/jarrupalat-avid-sram-code-r-2011-guid\/#primaryimage"},"image":{"@id":"https:\/\/vmsport.fi\/verkkokauppa\/varaosat\/jarrut\/jarrupalat\/jarrupalat-avid-sram-code-r-2011-guid\/#primaryimage"},"thumbnailUrl":"https:\/\/vmsport.fi\/wp-content\/uploads\/2025\/03\/Belaegg-Adv-AVID-SRAM-CODE-2011-1.jpg","datePublished":"2025-03-05T21:42:55+00:00","dateModified":"2026-01-16T11:21:35+00:00","breadcrumb":{"@id":"https:\/\/vmsport.fi\/verkkokauppa\/varaosat\/jarrut\/jarrupalat\/jarrupalat-avid-sram-code-r-2011-guid\/#breadcrumb"},"inLanguage":"sv-SE","potentialAction":[{"@type":"ReadAction","target":["https:\/\/vmsport.fi\/verkkokauppa\/varaosat\/jarrut\/jarrupalat\/jarrupalat-avid-sram-code-r-2011-guid\/"]}]},{"@type":"ImageObject","inLanguage":"sv-SE","@id":"https:\/\/vmsport.fi\/verkkokauppa\/varaosat\/jarrut\/jarrupalat\/jarrupalat-avid-sram-code-r-2011-guid\/#primaryimage","url":"https:\/\/vmsport.fi\/wp-content\/uploads\/2025\/03\/Belaegg-Adv-AVID-SRAM-CODE-2011-1.jpg","contentUrl":"https:\/\/vmsport.fi\/wp-content\/uploads\/2025\/03\/Belaegg-Adv-AVID-SRAM-CODE-2011-1.jpg","width":255,"height":176,"caption":"Belaegg-Adv-AVID-SRAM-CODE-2011"},{"@type":"BreadcrumbList","@id":"https:\/\/vmsport.fi\/verkkokauppa\/varaosat\/jarrut\/jarrupalat\/jarrupalat-avid-sram-code-r-2011-guid\/#breadcrumb","itemListElement":[{"@type":"ListItem","position":1,"name":"Etusivu","item":"https:\/\/vmsport.fi\/"},{"@type":"ListItem","position":2,"name":"Online Store","item":"https:\/\/vmsport.fi\/en\/online-store\/"},{"@type":"ListItem","position":3,"name":"Jarrupalat AVID\/SRAM Code R 2011 \/ Guid"}]},{"@type":"WebSite","@id":"https:\/\/vmsport.fi\/#website","url":"https:\/\/vmsport.fi\/","name":"Vmsport","description":"Allt p\u00e5 ett st\u00e4lle f\u00f6r cykling","publisher":{"@id":"https:\/\/vmsport.fi\/#organization"},"potentialAction":[{"@type":"SearchAction","target":{"@type":"EntryPoint","urlTemplate":"https:\/\/vmsport.fi\/?s={search_term_string}"},"query-input":{"@type":"PropertyValueSpecification","valueRequired":true,"valueName":"search_term_string"}}],"inLanguage":"sv-SE"},{"@type":"Organization","@id":"https:\/\/vmsport.fi\/#organization","name":"Vmsport","url":"https:\/\/vmsport.fi\/","logo":{"@type":"ImageObject","inLanguage":"sv-SE","@id":"https:\/\/vmsport.fi\/#\/schema\/logo\/image\/","url":"https:\/\/vmsport.fi\/wp-content\/uploads\/2024\/12\/vm_sport_RGB_horisontal-e1734526017575.png","contentUrl":"https:\/\/vmsport.fi\/wp-content\/uploads\/2024\/12\/vm_sport_RGB_horisontal-e1734526017575.png","width":668,"height":85,"caption":"Vmsport"},"image":{"@id":"https:\/\/vmsport.fi\/#\/schema\/logo\/image\/"},"sameAs":["https:\/\/www.facebook.com\/Vmsport.fi\/","https:\/\/www.instagram.com\/vmsport\/"]}]}},"global_unique_id":"","_links":{"self":[{"href":"https:\/\/vmsport.fi\/sv\/wp-json\/wp\/v2\/product\/53584","targetHints":{"allow":["GET"]}}],"collection":[{"href":"https:\/\/vmsport.fi\/sv\/wp-json\/wp\/v2\/product"}],"about":[{"href":"https:\/\/vmsport.fi\/sv\/wp-json\/wp\/v2\/types\/product"}],"replies":[{"embeddable":true,"href":"https:\/\/vmsport.fi\/sv\/wp-json\/wp\/v2\/comments?post=53584"}],"wp:featuredmedia":[{"embeddable":true,"href":"https:\/\/vmsport.fi\/sv\/wp-json\/wp\/v2\/media\/53583"}],"wp:attachment":[{"href":"https:\/\/vmsport.fi\/sv\/wp-json\/wp\/v2\/media?parent=53584"}],"wp:term":[{"taxonomy":"product_brand","embeddable":true,"href":"https:\/\/vmsport.fi\/sv\/wp-json\/wp\/v2\/product_brand?post=53584"},{"taxonomy":"product_model","embeddable":true,"href":"https:\/\/vmsport.fi\/sv\/wp-json\/wp\/v2\/product_model?post=53584"},{"taxonomy":"product_cat","embeddable":true,"href":"https:\/\/vmsport.fi\/sv\/wp-json\/wp\/v2\/product_cat?post=53584"},{"taxonomy":"product_tag","embeddable":true,"href":"https:\/\/vmsport.fi\/sv\/wp-json\/wp\/v2\/product_tag?post=53584"},{"taxonomy":"industry_terminology","embeddable":true,"href":"https:\/\/vmsport.fi\/sv\/wp-json\/wp\/v2\/industry-terminology?post=53584"}],"curies":[{"name":"wp","href":"https:\/\/api.w.org\/{rel}","templated":true}]}}