{"id":53575,"date":"2025-03-05T23:42:49","date_gmt":"2025-03-05T21:42:49","guid":{"rendered":"https:\/\/vmsport.fi\/verkkokauppa\/Ei-luokiteltu\/tir-bnt-xr4-ti-29-x-3-00-tlr\/"},"modified":"2026-04-22T15:05:54","modified_gmt":"2026-04-22T12:05:54","slug":"tir-bnt-xr4-ti-29-x-3-00-tlr","status":"publish","type":"product","link":"https:\/\/vmsport.fi\/sv\/verkkokauppa\/renkaat\/ulkorenkaat\/maastopyoran-renkaat\/tir-bnt-xr4-ti-29-x-3-00-tlr\/","title":{"rendered":"TIR BNT XR4 TI 29 X 3,00 TLR"},"content":{"rendered":"<p>TIR BNT XR4 TI \u00e4r ett utm\u00e4rkt 29-tumsd\u00e4ck med en bredd p\u00e5 3,00 tum och \u00e4r det perfekta valet f\u00f6r mountainbikecyklister som v\u00e4rdes\u00e4tter h\u00e5llbarhet och prestanda under utmanande f\u00f6rh\u00e5llanden. Den slangl\u00f6sa konstruktionen f\u00f6rb\u00e4ttrar greppet och \u00e5kkomforten, samtidigt som d\u00e4cket ocks\u00e5 har utm\u00e4rkta terr\u00e4ngegenskaper. D\u00e4cket \u00e4r s\u00e4rskilt utformat f\u00f6r att klara kr\u00e4vande f\u00f6rh\u00e5llanden och garanterar stabilitet och tillf\u00f6rlitlighet i alla terr\u00e4ngutmaningar.<\/p>","protected":false},"excerpt":{"rendered":"<p>TIR BNT XR4 TI on erinomainen 29 tuuman rengas, jonka leveys on 3.00 tuumaa, ja se on ihanteellinen valinta maastopy\u00f6r\u00e4ilij\u00f6ille, jotka arvostavat kest\u00e4vyytt\u00e4 ja suorituskyky\u00e4 haastavissa olosuhteissa. Ilman sis\u00e4kumia k\u00e4ytett\u00e4v\u00e4 rakenne parantaa pitoa ja ajomukavuutta, ja rengas tarjoaa my\u00f6s erinomaisen hallittavuuden maastossa. Rengas on suunniteltu erityisesti kuljettamaan vaativissa olosuhteissa, mik\u00e4 takaa vakauden ja luotettavuuden kaikissa [&#8230;]<\/p>\n<p><a class=\"btn btn-secondary understrap-read-more-link\" href=\"https:\/\/vmsport.fi\/sv\/verkkokauppa\/renkaat\/ulkorenkaat\/maastopyoran-renkaat\/tir-bnt-xr4-ti-29-x-3-00-tlr\/\">L\u00e4s mer \u2026<span class=\"screen-reader-text\"> from TIR BNT XR4 TI 29 X 3.00 TLR<\/span><\/a><\/p>\n","protected":false},"featured_media":53574,"comment_status":"open","ping_status":"closed","template":"","meta":{"_acf_changed":false,"_improvement_type_select":"improve_an_existing","_thumb_yes_seoaic":false,"_frame_yes_seoaic":false,"seoaic_generate_description":"","seoaic_improve_instructions_prompt":"","seoaic_rollback_content_improvement":"","seoaic_idea_thumbnail_generator":"","thumbnail_generated":false,"thumbnail_generate_prompt":"","seoaic_article_description":"","_supplier_stock_quantity":0},"product_brand":[],"product_model":[],"product_cat":[9314],"product_tag":[],"industry-terminology":[],"class_list":{"0":"post-53575","1":"product","2":"type-product","3":"status-publish","4":"has-post-thumbnail","6":"product_cat-maastopyoran-renkaat","8":"first","9":"instock","10":"taxable","11":"shipping-taxable","12":"purchasable","13":"product-type-simple"},"acf":{"bike_features":null,"overview":{"copy_overview":null,"key_features":null,"statement":"","youtube_url":""}},"yoast_head":"<!-- This site is optimized with the Yoast SEO plugin v27.4 - https:\/\/yoast.com\/product\/yoast-seo-wordpress\/ -->\n<title>TIR BNT XR4 TI 29 X 3.00 TLR - VM Sport<\/title>\n<meta name=\"robots\" content=\"index, follow, max-snippet:-1, max-image-preview:large, max-video-preview:-1\" \/>\n<link rel=\"canonical\" href=\"https:\/\/vmsport.fi\/sv\/webbutik\/dack\/dack-for-utomhusbruk\/dack-for-terrangfordon\/tir-bnt-xr4-ti-29-x-3-00-tlr\/\" \/>\n<meta property=\"og:locale\" content=\"sv_SE\" \/>\n<meta property=\"og:type\" content=\"article\" \/>\n<meta property=\"og:title\" content=\"TIR BNT XR4 TI 29 X 3.00 TLR - VM Sport\" \/>\n<meta property=\"og:description\" content=\"TIR BNT XR4 TI on erinomainen 29 tuuman rengas, jonka leveys on 3.00 tuumaa, ja se on ihanteellinen valinta maastopy\u00f6r\u00e4ilij\u00f6ille, jotka arvostavat kest\u00e4vyytt\u00e4 ja suorituskyky\u00e4 haastavissa olosuhteissa. Ilman sis\u00e4kumia k\u00e4ytett\u00e4v\u00e4 rakenne parantaa pitoa ja ajomukavuutta, ja rengas tarjoaa my\u00f6s erinomaisen hallittavuuden maastossa. Rengas on suunniteltu erityisesti kuljettamaan vaativissa olosuhteissa, mik\u00e4 takaa vakauden ja luotettavuuden kaikissa [...]L\u00e4s mer \u2026 from TIR BNT XR4 TI 29 X 3.00 TLR\" \/>\n<meta property=\"og:url\" content=\"https:\/\/vmsport.fi\/sv\/webbutik\/dack\/dack-for-utomhusbruk\/dack-for-terrangfordon\/tir-bnt-xr4-ti-29-x-3-00-tlr\/\" \/>\n<meta property=\"og:site_name\" content=\"VM Sport\" \/>\n<meta property=\"article:publisher\" content=\"https:\/\/www.facebook.com\/Vmsport.fi\/\" \/>\n<meta property=\"article:modified_time\" content=\"2026-04-22T12:05:54+00:00\" \/>\n<meta property=\"og:image\" content=\"https:\/\/vmsport.fi\/wp-content\/uploads\/2025\/03\/BontragerXR4TeamIssueTLR-13585-H-Primary-1.jpg\" \/>\n\t<meta property=\"og:image:width\" content=\"1000\" \/>\n\t<meta property=\"og:image:height\" content=\"750\" \/>\n\t<meta property=\"og:image:type\" content=\"image\/jpeg\" \/>\n<meta name=\"twitter:card\" content=\"summary_large_image\" \/>\n<script type=\"application\/ld+json\" class=\"yoast-schema-graph\">{\"@context\":\"https:\\\/\\\/schema.org\",\"@graph\":[{\"@type\":[\"WebPage\",\"ItemPage\"],\"@id\":\"https:\\\/\\\/vmsport.fi\\\/verkkokauppa\\\/renkaat\\\/ulkorenkaat\\\/maastopyoran-renkaat\\\/tir-bnt-xr4-ti-29-x-3-00-tlr\\\/\",\"url\":\"https:\\\/\\\/vmsport.fi\\\/verkkokauppa\\\/renkaat\\\/ulkorenkaat\\\/maastopyoran-renkaat\\\/tir-bnt-xr4-ti-29-x-3-00-tlr\\\/\",\"name\":\"TIR BNT XR4 TI 29 X 3.00 TLR - VM Sport\",\"isPartOf\":{\"@id\":\"https:\\\/\\\/vmsport.fi\\\/#website\"},\"primaryImageOfPage\":{\"@id\":\"https:\\\/\\\/vmsport.fi\\\/verkkokauppa\\\/renkaat\\\/ulkorenkaat\\\/maastopyoran-renkaat\\\/tir-bnt-xr4-ti-29-x-3-00-tlr\\\/#primaryimage\"},\"image\":{\"@id\":\"https:\\\/\\\/vmsport.fi\\\/verkkokauppa\\\/renkaat\\\/ulkorenkaat\\\/maastopyoran-renkaat\\\/tir-bnt-xr4-ti-29-x-3-00-tlr\\\/#primaryimage\"},\"thumbnailUrl\":\"https:\\\/\\\/vmsport.fi\\\/wp-content\\\/uploads\\\/2025\\\/03\\\/BontragerXR4TeamIssueTLR-13585-H-Primary-1.jpg\",\"datePublished\":\"2025-03-05T21:42:49+00:00\",\"dateModified\":\"2026-04-22T12:05:54+00:00\",\"breadcrumb\":{\"@id\":\"https:\\\/\\\/vmsport.fi\\\/verkkokauppa\\\/renkaat\\\/ulkorenkaat\\\/maastopyoran-renkaat\\\/tir-bnt-xr4-ti-29-x-3-00-tlr\\\/#breadcrumb\"},\"inLanguage\":\"sv-SE\",\"potentialAction\":[{\"@type\":\"ReadAction\",\"target\":[\"https:\\\/\\\/vmsport.fi\\\/verkkokauppa\\\/renkaat\\\/ulkorenkaat\\\/maastopyoran-renkaat\\\/tir-bnt-xr4-ti-29-x-3-00-tlr\\\/\"]}]},{\"@type\":\"ImageObject\",\"inLanguage\":\"sv-SE\",\"@id\":\"https:\\\/\\\/vmsport.fi\\\/verkkokauppa\\\/renkaat\\\/ulkorenkaat\\\/maastopyoran-renkaat\\\/tir-bnt-xr4-ti-29-x-3-00-tlr\\\/#primaryimage\",\"url\":\"https:\\\/\\\/vmsport.fi\\\/wp-content\\\/uploads\\\/2025\\\/03\\\/BontragerXR4TeamIssueTLR-13585-H-Primary-1.jpg\",\"contentUrl\":\"https:\\\/\\\/vmsport.fi\\\/wp-content\\\/uploads\\\/2025\\\/03\\\/BontragerXR4TeamIssueTLR-13585-H-Primary-1.jpg\",\"width\":1000,\"height\":750,\"caption\":\"BontragerXR4TeamIssueTLR-13585-H-Primary\"},{\"@type\":\"BreadcrumbList\",\"@id\":\"https:\\\/\\\/vmsport.fi\\\/verkkokauppa\\\/renkaat\\\/ulkorenkaat\\\/maastopyoran-renkaat\\\/tir-bnt-xr4-ti-29-x-3-00-tlr\\\/#breadcrumb\",\"itemListElement\":[{\"@type\":\"ListItem\",\"position\":1,\"name\":\"Etusivu\",\"item\":\"https:\\\/\\\/vmsport.fi\\\/\"},{\"@type\":\"ListItem\",\"position\":2,\"name\":\"Online Store\",\"item\":\"https:\\\/\\\/vmsport.fi\\\/en\\\/online-store\\\/\"},{\"@type\":\"ListItem\",\"position\":3,\"name\":\"TIR BNT XR4 TI 29 X 3.00 TLR\"}]},{\"@type\":\"WebSite\",\"@id\":\"https:\\\/\\\/vmsport.fi\\\/#website\",\"url\":\"https:\\\/\\\/vmsport.fi\\\/\",\"name\":\"Vmsport\",\"description\":\"Kaikki py\u00f6r\u00e4ilyyn yhdest\u00e4 paikasta\",\"publisher\":{\"@id\":\"https:\\\/\\\/vmsport.fi\\\/#organization\"},\"potentialAction\":[{\"@type\":\"SearchAction\",\"target\":{\"@type\":\"EntryPoint\",\"urlTemplate\":\"https:\\\/\\\/vmsport.fi\\\/?s={search_term_string}\"},\"query-input\":{\"@type\":\"PropertyValueSpecification\",\"valueRequired\":true,\"valueName\":\"search_term_string\"}}],\"inLanguage\":\"sv-SE\"},{\"@type\":\"Organization\",\"@id\":\"https:\\\/\\\/vmsport.fi\\\/#organization\",\"name\":\"Vmsport\",\"url\":\"https:\\\/\\\/vmsport.fi\\\/\",\"logo\":{\"@type\":\"ImageObject\",\"inLanguage\":\"sv-SE\",\"@id\":\"https:\\\/\\\/vmsport.fi\\\/#\\\/schema\\\/logo\\\/image\\\/\",\"url\":\"https:\\\/\\\/vmsport.fi\\\/wp-content\\\/uploads\\\/2024\\\/12\\\/vm_sport_RGB_horisontal-e1734526017575.png\",\"contentUrl\":\"https:\\\/\\\/vmsport.fi\\\/wp-content\\\/uploads\\\/2024\\\/12\\\/vm_sport_RGB_horisontal-e1734526017575.png\",\"width\":668,\"height\":85,\"caption\":\"Vmsport\"},\"image\":{\"@id\":\"https:\\\/\\\/vmsport.fi\\\/#\\\/schema\\\/logo\\\/image\\\/\"},\"sameAs\":[\"https:\\\/\\\/www.facebook.com\\\/Vmsport.fi\\\/\",\"https:\\\/\\\/www.instagram.com\\\/vmsport\\\/\"]}]}<\/script>\n<!-- \/ Yoast SEO plugin. -->","yoast_head_json":{"title":"TIR BNT XR4 TI 29 X 3.00 TLR - VM Sport","robots":{"index":"index","follow":"follow","max-snippet":"max-snippet:-1","max-image-preview":"max-image-preview:large","max-video-preview":"max-video-preview:-1"},"canonical":"https:\/\/vmsport.fi\/sv\/webbutik\/dack\/dack-for-utomhusbruk\/dack-for-terrangfordon\/tir-bnt-xr4-ti-29-x-3-00-tlr\/","og_locale":"sv_SE","og_type":"article","og_title":"TIR BNT XR4 TI 29 X 3.00 TLR - VM Sport","og_description":"TIR BNT XR4 TI on erinomainen 29 tuuman rengas, jonka leveys on 3.00 tuumaa, ja se on ihanteellinen valinta maastopy\u00f6r\u00e4ilij\u00f6ille, jotka arvostavat kest\u00e4vyytt\u00e4 ja suorituskyky\u00e4 haastavissa olosuhteissa. Ilman sis\u00e4kumia k\u00e4ytett\u00e4v\u00e4 rakenne parantaa pitoa ja ajomukavuutta, ja rengas tarjoaa my\u00f6s erinomaisen hallittavuuden maastossa. Rengas on suunniteltu erityisesti kuljettamaan vaativissa olosuhteissa, mik\u00e4 takaa vakauden ja luotettavuuden kaikissa [...]L\u00e4s mer \u2026 from TIR BNT XR4 TI 29 X 3.00 TLR","og_url":"https:\/\/vmsport.fi\/sv\/webbutik\/dack\/dack-for-utomhusbruk\/dack-for-terrangfordon\/tir-bnt-xr4-ti-29-x-3-00-tlr\/","og_site_name":"VM Sport","article_publisher":"https:\/\/www.facebook.com\/Vmsport.fi\/","article_modified_time":"2026-04-22T12:05:54+00:00","og_image":[{"width":1000,"height":750,"url":"https:\/\/vmsport.fi\/wp-content\/uploads\/2025\/03\/BontragerXR4TeamIssueTLR-13585-H-Primary-1.jpg","type":"image\/jpeg"}],"twitter_card":"summary_large_image","schema":{"@context":"https:\/\/schema.org","@graph":[{"@type":["WebPage","ItemPage"],"@id":"https:\/\/vmsport.fi\/verkkokauppa\/renkaat\/ulkorenkaat\/maastopyoran-renkaat\/tir-bnt-xr4-ti-29-x-3-00-tlr\/","url":"https:\/\/vmsport.fi\/verkkokauppa\/renkaat\/ulkorenkaat\/maastopyoran-renkaat\/tir-bnt-xr4-ti-29-x-3-00-tlr\/","name":"TIR BNT XR4 TI 29 X 3.00 TLR - VM Sport","isPartOf":{"@id":"https:\/\/vmsport.fi\/#website"},"primaryImageOfPage":{"@id":"https:\/\/vmsport.fi\/verkkokauppa\/renkaat\/ulkorenkaat\/maastopyoran-renkaat\/tir-bnt-xr4-ti-29-x-3-00-tlr\/#primaryimage"},"image":{"@id":"https:\/\/vmsport.fi\/verkkokauppa\/renkaat\/ulkorenkaat\/maastopyoran-renkaat\/tir-bnt-xr4-ti-29-x-3-00-tlr\/#primaryimage"},"thumbnailUrl":"https:\/\/vmsport.fi\/wp-content\/uploads\/2025\/03\/BontragerXR4TeamIssueTLR-13585-H-Primary-1.jpg","datePublished":"2025-03-05T21:42:49+00:00","dateModified":"2026-04-22T12:05:54+00:00","breadcrumb":{"@id":"https:\/\/vmsport.fi\/verkkokauppa\/renkaat\/ulkorenkaat\/maastopyoran-renkaat\/tir-bnt-xr4-ti-29-x-3-00-tlr\/#breadcrumb"},"inLanguage":"sv-SE","potentialAction":[{"@type":"ReadAction","target":["https:\/\/vmsport.fi\/verkkokauppa\/renkaat\/ulkorenkaat\/maastopyoran-renkaat\/tir-bnt-xr4-ti-29-x-3-00-tlr\/"]}]},{"@type":"ImageObject","inLanguage":"sv-SE","@id":"https:\/\/vmsport.fi\/verkkokauppa\/renkaat\/ulkorenkaat\/maastopyoran-renkaat\/tir-bnt-xr4-ti-29-x-3-00-tlr\/#primaryimage","url":"https:\/\/vmsport.fi\/wp-content\/uploads\/2025\/03\/BontragerXR4TeamIssueTLR-13585-H-Primary-1.jpg","contentUrl":"https:\/\/vmsport.fi\/wp-content\/uploads\/2025\/03\/BontragerXR4TeamIssueTLR-13585-H-Primary-1.jpg","width":1000,"height":750,"caption":"BontragerXR4TeamIssueTLR-13585-H-Primary"},{"@type":"BreadcrumbList","@id":"https:\/\/vmsport.fi\/verkkokauppa\/renkaat\/ulkorenkaat\/maastopyoran-renkaat\/tir-bnt-xr4-ti-29-x-3-00-tlr\/#breadcrumb","itemListElement":[{"@type":"ListItem","position":1,"name":"Etusivu","item":"https:\/\/vmsport.fi\/"},{"@type":"ListItem","position":2,"name":"Online Store","item":"https:\/\/vmsport.fi\/en\/online-store\/"},{"@type":"ListItem","position":3,"name":"TIR BNT XR4 TI 29 X 3.00 TLR"}]},{"@type":"WebSite","@id":"https:\/\/vmsport.fi\/#website","url":"https:\/\/vmsport.fi\/","name":"Vmsport","description":"Allt p\u00e5 ett st\u00e4lle f\u00f6r cykling","publisher":{"@id":"https:\/\/vmsport.fi\/#organization"},"potentialAction":[{"@type":"SearchAction","target":{"@type":"EntryPoint","urlTemplate":"https:\/\/vmsport.fi\/?s={search_term_string}"},"query-input":{"@type":"PropertyValueSpecification","valueRequired":true,"valueName":"search_term_string"}}],"inLanguage":"sv-SE"},{"@type":"Organization","@id":"https:\/\/vmsport.fi\/#organization","name":"Vmsport","url":"https:\/\/vmsport.fi\/","logo":{"@type":"ImageObject","inLanguage":"sv-SE","@id":"https:\/\/vmsport.fi\/#\/schema\/logo\/image\/","url":"https:\/\/vmsport.fi\/wp-content\/uploads\/2024\/12\/vm_sport_RGB_horisontal-e1734526017575.png","contentUrl":"https:\/\/vmsport.fi\/wp-content\/uploads\/2024\/12\/vm_sport_RGB_horisontal-e1734526017575.png","width":668,"height":85,"caption":"Vmsport"},"image":{"@id":"https:\/\/vmsport.fi\/#\/schema\/logo\/image\/"},"sameAs":["https:\/\/www.facebook.com\/Vmsport.fi\/","https:\/\/www.instagram.com\/vmsport\/"]}]}},"global_unique_id":"","_links":{"self":[{"href":"https:\/\/vmsport.fi\/sv\/wp-json\/wp\/v2\/product\/53575","targetHints":{"allow":["GET"]}}],"collection":[{"href":"https:\/\/vmsport.fi\/sv\/wp-json\/wp\/v2\/product"}],"about":[{"href":"https:\/\/vmsport.fi\/sv\/wp-json\/wp\/v2\/types\/product"}],"replies":[{"embeddable":true,"href":"https:\/\/vmsport.fi\/sv\/wp-json\/wp\/v2\/comments?post=53575"}],"wp:featuredmedia":[{"embeddable":true,"href":"https:\/\/vmsport.fi\/sv\/wp-json\/wp\/v2\/media\/53574"}],"wp:attachment":[{"href":"https:\/\/vmsport.fi\/sv\/wp-json\/wp\/v2\/media?parent=53575"}],"wp:term":[{"taxonomy":"product_brand","embeddable":true,"href":"https:\/\/vmsport.fi\/sv\/wp-json\/wp\/v2\/product_brand?post=53575"},{"taxonomy":"product_model","embeddable":true,"href":"https:\/\/vmsport.fi\/sv\/wp-json\/wp\/v2\/product_model?post=53575"},{"taxonomy":"product_cat","embeddable":true,"href":"https:\/\/vmsport.fi\/sv\/wp-json\/wp\/v2\/product_cat?post=53575"},{"taxonomy":"product_tag","embeddable":true,"href":"https:\/\/vmsport.fi\/sv\/wp-json\/wp\/v2\/product_tag?post=53575"},{"taxonomy":"industry_terminology","embeddable":true,"href":"https:\/\/vmsport.fi\/sv\/wp-json\/wp\/v2\/industry-terminology?post=53575"}],"curies":[{"name":"wp","href":"https:\/\/api.w.org\/{rel}","templated":true}]}}