{"id":53554,"date":"2025-03-05T23:42:34","date_gmt":"2025-03-05T21:42:34","guid":{"rendered":"https:\/\/vmsport.fi\/verkkokauppa\/Ei-luokiteltu\/runkolukko-axa-imenso-large-retractable\/"},"modified":"2026-04-01T03:00:23","modified_gmt":"2026-04-01T00:00:23","slug":"ramlas-axa-imenso-stor-infallbar","status":"publish","type":"product","link":"https:\/\/vmsport.fi\/sv\/verkkokauppa\/tarvikkeet\/lukot\/runkolukot\/runkolukko-axa-imenso-large-retractable\/","title":{"rendered":"AXA raml\u00e5s, Imenso Large, Utdragbar"},"content":{"rendered":"<p>AXA Imenso Large raml\u00e5s erbjuder tillf\u00f6rlitligt skydd f\u00f6r din cykel med sin svarta och eleganta design. Det h\u00e4r robusta l\u00e5set \u00e4r utformat f\u00f6r att klara daglig anv\u00e4ndning och kombinerar anv\u00e4ndarv\u00e4nlighet med effektivt skydd. Den integrerade mekanismen g\u00f6r l\u00e5sningen enkel, s\u00e5 att du kan l\u00e5sa fast din cykel s\u00e4kert och snabbt. Genom att v\u00e4lja det h\u00e4r l\u00e5set f\u00e5r du sinnesfrid och kan vara s\u00e4ker p\u00e5 att din cykel \u00e4r skyddad p\u00e5 b\u00e4sta m\u00f6jliga s\u00e4tt.<\/p>","protected":false},"excerpt":{"rendered":"<p>AXA Imenso Large -runko\u00adlukko tarjoaa luotettavaa turvaa polkupy\u00f6r\u00e4llesi mustalla ja tyylikk\u00e4\u00e4ll\u00e4 muotoilullaan. T\u00e4m\u00e4 vankka lukko on suunniteltu kest\u00e4m\u00e4\u00e4n p\u00e4ivitt\u00e4ist\u00e4 k\u00e4ytt\u00f6\u00e4, yhdist\u00e4en helppok\u00e4ytt\u00f6isyyden ja tehokkaan suojan. Integroitu mekanismi tekee lukitsemisesta vaivatonta, jolloin voit varmistaa polkupy\u00f6r\u00e4si turvallisesti ja nopeasti. Valitsemalla t\u00e4m\u00e4n lukon saat mielenrauhaa ja voit luottaa siihen, ett\u00e4 polkupy\u00f6r\u00e4si on suojattu parhaalla mahdollisella tavalla. [&#8230;]<\/p>\n<p><a class=\"btn btn-secondary understrap-read-more-link\" href=\"https:\/\/vmsport.fi\/sv\/verkkokauppa\/tarvikkeet\/lukot\/runkolukot\/runkolukko-axa-imenso-large-retractable\/\">L\u00e4s mer \u2026<span class=\"screen-reader-text\"> from Runkolukko AXA, Imenso Large, Retractable<\/span><\/a><\/p>\n","protected":false},"featured_media":53553,"comment_status":"open","ping_status":"closed","template":"","meta":{"_acf_changed":false,"_improvement_type_select":"improve_an_existing","_thumb_yes_seoaic":false,"_frame_yes_seoaic":false,"seoaic_generate_description":"","seoaic_improve_instructions_prompt":"","seoaic_rollback_content_improvement":"","seoaic_idea_thumbnail_generator":"","thumbnail_generated":false,"thumbnail_generate_prompt":"","seoaic_article_description":"","_supplier_stock_quantity":0},"product_brand":[1587],"product_model":[],"product_cat":[9556],"product_tag":[],"industry-terminology":[],"class_list":{"0":"post-53554","1":"product","2":"type-product","3":"status-publish","4":"has-post-thumbnail","6":"product_brand-axa","7":"product_cat-runkolukot","9":"first","10":"outofstock","11":"taxable","12":"shipping-taxable","13":"product-type-simple"},"acf":{"bike_features":null,"overview":{"copy_overview":null,"key_features":null,"statement":"","youtube_url":""}},"yoast_head":"<!-- This site is optimized with the Yoast SEO plugin v27.3 - https:\/\/yoast.com\/product\/yoast-seo-wordpress\/ -->\n<title>Runkolukko AXA, Imenso Large, Retractable - VM Sport<\/title>\n<meta name=\"robots\" content=\"index, follow, max-snippet:-1, max-image-preview:large, max-video-preview:-1\" \/>\n<link rel=\"canonical\" href=\"https:\/\/vmsport.fi\/sv\/webbutik\/tillbehor\/las\/ramlas\/ramlas-axa-imenso-stor-infallbar\/\" \/>\n<meta property=\"og:locale\" content=\"sv_SE\" \/>\n<meta property=\"og:type\" content=\"article\" \/>\n<meta property=\"og:title\" content=\"Runkolukko AXA, Imenso Large, Retractable - VM Sport\" \/>\n<meta property=\"og:description\" content=\"AXA Imenso Large -runko\u00adlukko tarjoaa luotettavaa turvaa polkupy\u00f6r\u00e4llesi mustalla ja tyylikk\u00e4\u00e4ll\u00e4 muotoilullaan. T\u00e4m\u00e4 vankka lukko on suunniteltu kest\u00e4m\u00e4\u00e4n p\u00e4ivitt\u00e4ist\u00e4 k\u00e4ytt\u00f6\u00e4, yhdist\u00e4en helppok\u00e4ytt\u00f6isyyden ja tehokkaan suojan. Integroitu mekanismi tekee lukitsemisesta vaivatonta, jolloin voit varmistaa polkupy\u00f6r\u00e4si turvallisesti ja nopeasti. Valitsemalla t\u00e4m\u00e4n lukon saat mielenrauhaa ja voit luottaa siihen, ett\u00e4 polkupy\u00f6r\u00e4si on suojattu parhaalla mahdollisella tavalla. [...]L\u00e4s mer \u2026 from Runkolukko AXA, Imenso Large, Retractable\" \/>\n<meta property=\"og:url\" content=\"https:\/\/vmsport.fi\/sv\/webbutik\/tillbehor\/las\/ramlas\/ramlas-axa-imenso-stor-infallbar\/\" \/>\n<meta property=\"og:site_name\" content=\"VM Sport\" \/>\n<meta property=\"article:publisher\" content=\"https:\/\/www.facebook.com\/Vmsport.fi\/\" \/>\n<meta property=\"article:modified_time\" content=\"2026-04-01T00:00:23+00:00\" \/>\n<meta property=\"og:image\" content=\"https:\/\/vmsport.fi\/wp-content\/uploads\/2025\/03\/589400560x05sc-1.jpg\" \/>\n\t<meta property=\"og:image:width\" content=\"1000\" \/>\n\t<meta property=\"og:image:height\" content=\"1000\" \/>\n\t<meta property=\"og:image:type\" content=\"image\/jpeg\" \/>\n<meta name=\"twitter:card\" content=\"summary_large_image\" \/>\n<script type=\"application\/ld+json\" class=\"yoast-schema-graph\">{\"@context\":\"https:\\\/\\\/schema.org\",\"@graph\":[{\"@type\":[\"WebPage\",\"ItemPage\"],\"@id\":\"https:\\\/\\\/vmsport.fi\\\/verkkokauppa\\\/tarvikkeet\\\/lukot\\\/runkolukot\\\/runkolukko-axa-imenso-large-retractable\\\/\",\"url\":\"https:\\\/\\\/vmsport.fi\\\/verkkokauppa\\\/tarvikkeet\\\/lukot\\\/runkolukot\\\/runkolukko-axa-imenso-large-retractable\\\/\",\"name\":\"Runkolukko AXA, Imenso Large, Retractable - VM Sport\",\"isPartOf\":{\"@id\":\"https:\\\/\\\/vmsport.fi\\\/#website\"},\"primaryImageOfPage\":{\"@id\":\"https:\\\/\\\/vmsport.fi\\\/verkkokauppa\\\/tarvikkeet\\\/lukot\\\/runkolukot\\\/runkolukko-axa-imenso-large-retractable\\\/#primaryimage\"},\"image\":{\"@id\":\"https:\\\/\\\/vmsport.fi\\\/verkkokauppa\\\/tarvikkeet\\\/lukot\\\/runkolukot\\\/runkolukko-axa-imenso-large-retractable\\\/#primaryimage\"},\"thumbnailUrl\":\"https:\\\/\\\/vmsport.fi\\\/wp-content\\\/uploads\\\/2025\\\/03\\\/589400560x05sc-1.jpg\",\"datePublished\":\"2025-03-05T21:42:34+00:00\",\"dateModified\":\"2026-04-01T00:00:23+00:00\",\"breadcrumb\":{\"@id\":\"https:\\\/\\\/vmsport.fi\\\/verkkokauppa\\\/tarvikkeet\\\/lukot\\\/runkolukot\\\/runkolukko-axa-imenso-large-retractable\\\/#breadcrumb\"},\"inLanguage\":\"sv-SE\",\"potentialAction\":[{\"@type\":\"ReadAction\",\"target\":[\"https:\\\/\\\/vmsport.fi\\\/verkkokauppa\\\/tarvikkeet\\\/lukot\\\/runkolukot\\\/runkolukko-axa-imenso-large-retractable\\\/\"]}]},{\"@type\":\"ImageObject\",\"inLanguage\":\"sv-SE\",\"@id\":\"https:\\\/\\\/vmsport.fi\\\/verkkokauppa\\\/tarvikkeet\\\/lukot\\\/runkolukot\\\/runkolukko-axa-imenso-large-retractable\\\/#primaryimage\",\"url\":\"https:\\\/\\\/vmsport.fi\\\/wp-content\\\/uploads\\\/2025\\\/03\\\/589400560x05sc-1.jpg\",\"contentUrl\":\"https:\\\/\\\/vmsport.fi\\\/wp-content\\\/uploads\\\/2025\\\/03\\\/589400560x05sc-1.jpg\",\"width\":1000,\"height\":1000,\"caption\":\"589400560x05sc\"},{\"@type\":\"BreadcrumbList\",\"@id\":\"https:\\\/\\\/vmsport.fi\\\/verkkokauppa\\\/tarvikkeet\\\/lukot\\\/runkolukot\\\/runkolukko-axa-imenso-large-retractable\\\/#breadcrumb\",\"itemListElement\":[{\"@type\":\"ListItem\",\"position\":1,\"name\":\"Etusivu\",\"item\":\"https:\\\/\\\/vmsport.fi\\\/\"},{\"@type\":\"ListItem\",\"position\":2,\"name\":\"Online Store\",\"item\":\"https:\\\/\\\/vmsport.fi\\\/en\\\/online-store\\\/\"},{\"@type\":\"ListItem\",\"position\":3,\"name\":\"Runkolukko AXA, Imenso Large, Retractable\"}]},{\"@type\":\"WebSite\",\"@id\":\"https:\\\/\\\/vmsport.fi\\\/#website\",\"url\":\"https:\\\/\\\/vmsport.fi\\\/\",\"name\":\"Vmsport\",\"description\":\"Kaikki py\u00f6r\u00e4ilyyn yhdest\u00e4 paikasta\",\"publisher\":{\"@id\":\"https:\\\/\\\/vmsport.fi\\\/#organization\"},\"potentialAction\":[{\"@type\":\"SearchAction\",\"target\":{\"@type\":\"EntryPoint\",\"urlTemplate\":\"https:\\\/\\\/vmsport.fi\\\/?s={search_term_string}\"},\"query-input\":{\"@type\":\"PropertyValueSpecification\",\"valueRequired\":true,\"valueName\":\"search_term_string\"}}],\"inLanguage\":\"sv-SE\"},{\"@type\":\"Organization\",\"@id\":\"https:\\\/\\\/vmsport.fi\\\/#organization\",\"name\":\"Vmsport\",\"url\":\"https:\\\/\\\/vmsport.fi\\\/\",\"logo\":{\"@type\":\"ImageObject\",\"inLanguage\":\"sv-SE\",\"@id\":\"https:\\\/\\\/vmsport.fi\\\/#\\\/schema\\\/logo\\\/image\\\/\",\"url\":\"https:\\\/\\\/vmsport.fi\\\/wp-content\\\/uploads\\\/2024\\\/12\\\/vm_sport_RGB_horisontal-e1734526017575.png\",\"contentUrl\":\"https:\\\/\\\/vmsport.fi\\\/wp-content\\\/uploads\\\/2024\\\/12\\\/vm_sport_RGB_horisontal-e1734526017575.png\",\"width\":668,\"height\":85,\"caption\":\"Vmsport\"},\"image\":{\"@id\":\"https:\\\/\\\/vmsport.fi\\\/#\\\/schema\\\/logo\\\/image\\\/\"},\"sameAs\":[\"https:\\\/\\\/www.facebook.com\\\/Vmsport.fi\\\/\",\"https:\\\/\\\/www.instagram.com\\\/vmsport\\\/\"]}]}<\/script>\n<!-- \/ Yoast SEO plugin. -->","yoast_head_json":{"title":"AXA raml\u00e5s, Imenso Large, inf\u00e4llbart - VM Sport","robots":{"index":"index","follow":"follow","max-snippet":"max-snippet:-1","max-image-preview":"max-image-preview:large","max-video-preview":"max-video-preview:-1"},"canonical":"https:\/\/vmsport.fi\/sv\/webbutik\/tillbehor\/las\/ramlas\/ramlas-axa-imenso-stor-infallbar\/","og_locale":"sv_SE","og_type":"article","og_title":"Runkolukko AXA, Imenso Large, Retractable - VM Sport","og_description":"AXA Imenso Large -runko\u00adlukko tarjoaa luotettavaa turvaa polkupy\u00f6r\u00e4llesi mustalla ja tyylikk\u00e4\u00e4ll\u00e4 muotoilullaan. T\u00e4m\u00e4 vankka lukko on suunniteltu kest\u00e4m\u00e4\u00e4n p\u00e4ivitt\u00e4ist\u00e4 k\u00e4ytt\u00f6\u00e4, yhdist\u00e4en helppok\u00e4ytt\u00f6isyyden ja tehokkaan suojan. Integroitu mekanismi tekee lukitsemisesta vaivatonta, jolloin voit varmistaa polkupy\u00f6r\u00e4si turvallisesti ja nopeasti. Valitsemalla t\u00e4m\u00e4n lukon saat mielenrauhaa ja voit luottaa siihen, ett\u00e4 polkupy\u00f6r\u00e4si on suojattu parhaalla mahdollisella tavalla. [...]L\u00e4s mer \u2026 from Runkolukko AXA, Imenso Large, Retractable","og_url":"https:\/\/vmsport.fi\/sv\/webbutik\/tillbehor\/las\/ramlas\/ramlas-axa-imenso-stor-infallbar\/","og_site_name":"VM Sport","article_publisher":"https:\/\/www.facebook.com\/Vmsport.fi\/","article_modified_time":"2026-04-01T00:00:23+00:00","og_image":[{"width":1000,"height":1000,"url":"https:\/\/vmsport.fi\/wp-content\/uploads\/2025\/03\/589400560x05sc-1.jpg","type":"image\/jpeg"}],"twitter_card":"summary_large_image","schema":{"@context":"https:\/\/schema.org","@graph":[{"@type":["WebPage","ItemPage"],"@id":"https:\/\/vmsport.fi\/verkkokauppa\/tarvikkeet\/lukot\/runkolukot\/runkolukko-axa-imenso-large-retractable\/","url":"https:\/\/vmsport.fi\/verkkokauppa\/tarvikkeet\/lukot\/runkolukot\/runkolukko-axa-imenso-large-retractable\/","name":"AXA raml\u00e5s, Imenso Large, inf\u00e4llbart - VM Sport","isPartOf":{"@id":"https:\/\/vmsport.fi\/#website"},"primaryImageOfPage":{"@id":"https:\/\/vmsport.fi\/verkkokauppa\/tarvikkeet\/lukot\/runkolukot\/runkolukko-axa-imenso-large-retractable\/#primaryimage"},"image":{"@id":"https:\/\/vmsport.fi\/verkkokauppa\/tarvikkeet\/lukot\/runkolukot\/runkolukko-axa-imenso-large-retractable\/#primaryimage"},"thumbnailUrl":"https:\/\/vmsport.fi\/wp-content\/uploads\/2025\/03\/589400560x05sc-1.jpg","datePublished":"2025-03-05T21:42:34+00:00","dateModified":"2026-04-01T00:00:23+00:00","breadcrumb":{"@id":"https:\/\/vmsport.fi\/verkkokauppa\/tarvikkeet\/lukot\/runkolukot\/runkolukko-axa-imenso-large-retractable\/#breadcrumb"},"inLanguage":"sv-SE","potentialAction":[{"@type":"ReadAction","target":["https:\/\/vmsport.fi\/verkkokauppa\/tarvikkeet\/lukot\/runkolukot\/runkolukko-axa-imenso-large-retractable\/"]}]},{"@type":"ImageObject","inLanguage":"sv-SE","@id":"https:\/\/vmsport.fi\/verkkokauppa\/tarvikkeet\/lukot\/runkolukot\/runkolukko-axa-imenso-large-retractable\/#primaryimage","url":"https:\/\/vmsport.fi\/wp-content\/uploads\/2025\/03\/589400560x05sc-1.jpg","contentUrl":"https:\/\/vmsport.fi\/wp-content\/uploads\/2025\/03\/589400560x05sc-1.jpg","width":1000,"height":1000,"caption":"589400560x05sc"},{"@type":"BreadcrumbList","@id":"https:\/\/vmsport.fi\/verkkokauppa\/tarvikkeet\/lukot\/runkolukot\/runkolukko-axa-imenso-large-retractable\/#breadcrumb","itemListElement":[{"@type":"ListItem","position":1,"name":"Etusivu","item":"https:\/\/vmsport.fi\/"},{"@type":"ListItem","position":2,"name":"Online Store","item":"https:\/\/vmsport.fi\/en\/online-store\/"},{"@type":"ListItem","position":3,"name":"Runkolukko AXA, Imenso Large, Retractable"}]},{"@type":"WebSite","@id":"https:\/\/vmsport.fi\/#website","url":"https:\/\/vmsport.fi\/","name":"Vmsport","description":"Allt p\u00e5 ett st\u00e4lle f\u00f6r cykling","publisher":{"@id":"https:\/\/vmsport.fi\/#organization"},"potentialAction":[{"@type":"SearchAction","target":{"@type":"EntryPoint","urlTemplate":"https:\/\/vmsport.fi\/?s={search_term_string}"},"query-input":{"@type":"PropertyValueSpecification","valueRequired":true,"valueName":"search_term_string"}}],"inLanguage":"sv-SE"},{"@type":"Organization","@id":"https:\/\/vmsport.fi\/#organization","name":"Vmsport","url":"https:\/\/vmsport.fi\/","logo":{"@type":"ImageObject","inLanguage":"sv-SE","@id":"https:\/\/vmsport.fi\/#\/schema\/logo\/image\/","url":"https:\/\/vmsport.fi\/wp-content\/uploads\/2024\/12\/vm_sport_RGB_horisontal-e1734526017575.png","contentUrl":"https:\/\/vmsport.fi\/wp-content\/uploads\/2024\/12\/vm_sport_RGB_horisontal-e1734526017575.png","width":668,"height":85,"caption":"Vmsport"},"image":{"@id":"https:\/\/vmsport.fi\/#\/schema\/logo\/image\/"},"sameAs":["https:\/\/www.facebook.com\/Vmsport.fi\/","https:\/\/www.instagram.com\/vmsport\/"]}]}},"global_unique_id":"","_links":{"self":[{"href":"https:\/\/vmsport.fi\/sv\/wp-json\/wp\/v2\/product\/53554","targetHints":{"allow":["GET"]}}],"collection":[{"href":"https:\/\/vmsport.fi\/sv\/wp-json\/wp\/v2\/product"}],"about":[{"href":"https:\/\/vmsport.fi\/sv\/wp-json\/wp\/v2\/types\/product"}],"replies":[{"embeddable":true,"href":"https:\/\/vmsport.fi\/sv\/wp-json\/wp\/v2\/comments?post=53554"}],"wp:featuredmedia":[{"embeddable":true,"href":"https:\/\/vmsport.fi\/sv\/wp-json\/wp\/v2\/media\/53553"}],"wp:attachment":[{"href":"https:\/\/vmsport.fi\/sv\/wp-json\/wp\/v2\/media?parent=53554"}],"wp:term":[{"taxonomy":"product_brand","embeddable":true,"href":"https:\/\/vmsport.fi\/sv\/wp-json\/wp\/v2\/product_brand?post=53554"},{"taxonomy":"product_model","embeddable":true,"href":"https:\/\/vmsport.fi\/sv\/wp-json\/wp\/v2\/product_model?post=53554"},{"taxonomy":"product_cat","embeddable":true,"href":"https:\/\/vmsport.fi\/sv\/wp-json\/wp\/v2\/product_cat?post=53554"},{"taxonomy":"product_tag","embeddable":true,"href":"https:\/\/vmsport.fi\/sv\/wp-json\/wp\/v2\/product_tag?post=53554"},{"taxonomy":"industry_terminology","embeddable":true,"href":"https:\/\/vmsport.fi\/sv\/wp-json\/wp\/v2\/industry-terminology?post=53554"}],"curies":[{"name":"wp","href":"https:\/\/api.w.org\/{rel}","templated":true}]}}