{"id":53551,"date":"2025-03-05T23:42:32","date_gmt":"2025-03-05T21:42:32","guid":{"rendered":"https:\/\/vmsport.fi\/verkkokauppa\/Ei-luokiteltu\/nastarengas-routa-w212-24-x-2-175-47-507\/"},"modified":"2026-04-22T15:08:23","modified_gmt":"2026-04-22T12:08:23","slug":"dubbdack-jarn-w212-24-x-2-175-47-507","status":"publish","type":"product","link":"https:\/\/vmsport.fi\/sv\/verkkokauppa\/renkaat\/ulkorenkaat\/nastarenkaat\/nastarengas-routa-w212-24-x-2-175-47-507\/","title":{"rendered":"Finland D\u00e4ck Routa W212 24 x 2.175 \/ 47-507 Dubbd\u00e4ck"},"content":{"rendered":"<p>Dubbd\u00e4cket Routa W212 \u00e4r speciellt utformat f\u00f6r vinterf\u00f6rh\u00e5llanden och ger utm\u00e4rkt grepp p\u00e5 kr\u00e4vande underlag. Detta 24-tumsd\u00e4ck, som \u00e4r k\u00e4nt f\u00f6r sitt varum\u00e4rke Suomi Tyres, \u00e4r det perfekta valet f\u00f6r cyklister som vill k\u00e4nna sig trygga p\u00e5 hala v\u00e4gar. D\u00e4cket m\u00e4ter 47-507 och har en bredd p\u00e5 2,175 tum, vilket ger en stabil och s\u00e4ker k\u00f6rupplevelse. Dubbarna f\u00f6rb\u00e4ttrar greppet och \u00f6kar s\u00e4kerheten, vilket g\u00f6r d\u00e4cket idealiskt f\u00f6r vinterk\u00f6rning och kombinerar h\u00e5llbarhet och tillf\u00f6rlitlighet i ett noggrant utformat paket.<\/p>","protected":false},"excerpt":{"rendered":"<p>Routa W212 -nastarengas on suunniteltu erityisen hyvin talviolosuhteisiin, tarjoten erinomaisen pidon vaativilla pinnoilla. T\u00e4m\u00e4 24 tuuman rengas, tunnettu Suomi Tyres -merkist\u00e4, on ihanteellinen valinta py\u00f6r\u00e4ilij\u00f6ille, jotka haluavat varmuutta liukkailla teill\u00e4. Renkaan mitat ovat 47-507, ja sen leveys on 2,175 tuumaa, mik\u00e4 takaa vakaan ja turvallisen ajokokemuksen. Nastat parantavat pitoa ja lis\u00e4\u00e4v\u00e4t turvallisuutta, joten rengas sopii [&#8230;]<\/p>\n<p><a class=\"btn btn-secondary understrap-read-more-link\" href=\"https:\/\/vmsport.fi\/sv\/verkkokauppa\/renkaat\/ulkorenkaat\/nastarenkaat\/nastarengas-routa-w212-24-x-2-175-47-507\/\">L\u00e4s mer \u2026<span class=\"screen-reader-text\"> from Suomi Tyres Routa W212 24 x 2.175 \/ 47-507 Nastarengas<\/span><\/a><\/p>\n","protected":false},"featured_media":53550,"comment_status":"open","ping_status":"closed","template":"","meta":{"_acf_changed":false,"_improvement_type_select":"improve_an_existing","_thumb_yes_seoaic":false,"_frame_yes_seoaic":false,"seoaic_generate_description":"","seoaic_improve_instructions_prompt":"","seoaic_rollback_content_improvement":"","seoaic_idea_thumbnail_generator":"","thumbnail_generated":false,"thumbnail_generate_prompt":"","seoaic_article_description":"","_supplier_stock_quantity":0},"product_brand":[],"product_model":[],"product_cat":[9336],"product_tag":[],"industry-terminology":[],"class_list":{"0":"post-53551","1":"product","2":"type-product","3":"status-publish","4":"has-post-thumbnail","6":"product_cat-nastarenkaat","8":"first","9":"instock","10":"taxable","11":"shipping-taxable","12":"purchasable","13":"product-type-simple"},"acf":{"bike_features":null,"overview":{"copy_overview":null,"key_features":null,"statement":"","youtube_url":""}},"yoast_head":"<!-- This site is optimized with the Yoast SEO plugin v27.4 - https:\/\/yoast.com\/product\/yoast-seo-wordpress\/ -->\n<title>Suomi Tyres Routa W212 24 x 2.175 \/ 47-507 Nastarengas - VM Sport<\/title>\n<meta name=\"robots\" content=\"index, follow, max-snippet:-1, max-image-preview:large, max-video-preview:-1\" \/>\n<link rel=\"canonical\" href=\"https:\/\/vmsport.fi\/sv\/webbutik\/dack\/dack-for-utomhusbruk\/dubbdack\/dubbdack-jarn-w212-24-x-2-175-47-507\/\" \/>\n<meta property=\"og:locale\" content=\"sv_SE\" \/>\n<meta property=\"og:type\" content=\"article\" \/>\n<meta property=\"og:title\" content=\"Suomi Tyres Routa W212 24 x 2.175 \/ 47-507 Nastarengas - VM Sport\" \/>\n<meta property=\"og:description\" content=\"Routa W212 -nastarengas on suunniteltu erityisen hyvin talviolosuhteisiin, tarjoten erinomaisen pidon vaativilla pinnoilla. T\u00e4m\u00e4 24 tuuman rengas, tunnettu Suomi Tyres -merkist\u00e4, on ihanteellinen valinta py\u00f6r\u00e4ilij\u00f6ille, jotka haluavat varmuutta liukkailla teill\u00e4. Renkaan mitat ovat 47-507, ja sen leveys on 2,175 tuumaa, mik\u00e4 takaa vakaan ja turvallisen ajokokemuksen. Nastat parantavat pitoa ja lis\u00e4\u00e4v\u00e4t turvallisuutta, joten rengas sopii [...]L\u00e4s mer \u2026 from Suomi Tyres Routa W212 24 x 2.175 \/ 47-507 Nastarengas\" \/>\n<meta property=\"og:url\" content=\"https:\/\/vmsport.fi\/sv\/webbutik\/dack\/dack-for-utomhusbruk\/dubbdack\/dubbdack-jarn-w212-24-x-2-175-47-507\/\" \/>\n<meta property=\"og:site_name\" content=\"VM Sport\" \/>\n<meta property=\"article:publisher\" content=\"https:\/\/www.facebook.com\/Vmsport.fi\/\" \/>\n<meta property=\"article:modified_time\" content=\"2026-04-22T12:08:23+00:00\" \/>\n<meta property=\"og:image\" content=\"https:\/\/vmsport.fi\/wp-content\/uploads\/2025\/03\/V5zYBy8eOyEMjXBGiNN3mIQrbSx3MhOqbLFRIhiVVRB1x7angW-1.jpg\" \/>\n\t<meta property=\"og:image:width\" content=\"600\" \/>\n\t<meta property=\"og:image:height\" content=\"600\" \/>\n\t<meta property=\"og:image:type\" content=\"image\/jpeg\" \/>\n<meta name=\"twitter:card\" content=\"summary_large_image\" \/>\n<script type=\"application\/ld+json\" class=\"yoast-schema-graph\">{\"@context\":\"https:\\\/\\\/schema.org\",\"@graph\":[{\"@type\":[\"WebPage\",\"ItemPage\"],\"@id\":\"https:\\\/\\\/vmsport.fi\\\/verkkokauppa\\\/renkaat\\\/ulkorenkaat\\\/nastarenkaat\\\/nastarengas-routa-w212-24-x-2-175-47-507\\\/\",\"url\":\"https:\\\/\\\/vmsport.fi\\\/verkkokauppa\\\/renkaat\\\/ulkorenkaat\\\/nastarenkaat\\\/nastarengas-routa-w212-24-x-2-175-47-507\\\/\",\"name\":\"Suomi Tyres Routa W212 24 x 2.175 \\\/ 47-507 Nastarengas - VM Sport\",\"isPartOf\":{\"@id\":\"https:\\\/\\\/vmsport.fi\\\/#website\"},\"primaryImageOfPage\":{\"@id\":\"https:\\\/\\\/vmsport.fi\\\/verkkokauppa\\\/renkaat\\\/ulkorenkaat\\\/nastarenkaat\\\/nastarengas-routa-w212-24-x-2-175-47-507\\\/#primaryimage\"},\"image\":{\"@id\":\"https:\\\/\\\/vmsport.fi\\\/verkkokauppa\\\/renkaat\\\/ulkorenkaat\\\/nastarenkaat\\\/nastarengas-routa-w212-24-x-2-175-47-507\\\/#primaryimage\"},\"thumbnailUrl\":\"https:\\\/\\\/vmsport.fi\\\/wp-content\\\/uploads\\\/2025\\\/03\\\/V5zYBy8eOyEMjXBGiNN3mIQrbSx3MhOqbLFRIhiVVRB1x7angW-1.jpg\",\"datePublished\":\"2025-03-05T21:42:32+00:00\",\"dateModified\":\"2026-04-22T12:08:23+00:00\",\"breadcrumb\":{\"@id\":\"https:\\\/\\\/vmsport.fi\\\/verkkokauppa\\\/renkaat\\\/ulkorenkaat\\\/nastarenkaat\\\/nastarengas-routa-w212-24-x-2-175-47-507\\\/#breadcrumb\"},\"inLanguage\":\"sv-SE\",\"potentialAction\":[{\"@type\":\"ReadAction\",\"target\":[\"https:\\\/\\\/vmsport.fi\\\/verkkokauppa\\\/renkaat\\\/ulkorenkaat\\\/nastarenkaat\\\/nastarengas-routa-w212-24-x-2-175-47-507\\\/\"]}]},{\"@type\":\"ImageObject\",\"inLanguage\":\"sv-SE\",\"@id\":\"https:\\\/\\\/vmsport.fi\\\/verkkokauppa\\\/renkaat\\\/ulkorenkaat\\\/nastarenkaat\\\/nastarengas-routa-w212-24-x-2-175-47-507\\\/#primaryimage\",\"url\":\"https:\\\/\\\/vmsport.fi\\\/wp-content\\\/uploads\\\/2025\\\/03\\\/V5zYBy8eOyEMjXBGiNN3mIQrbSx3MhOqbLFRIhiVVRB1x7angW-1.jpg\",\"contentUrl\":\"https:\\\/\\\/vmsport.fi\\\/wp-content\\\/uploads\\\/2025\\\/03\\\/V5zYBy8eOyEMjXBGiNN3mIQrbSx3MhOqbLFRIhiVVRB1x7angW-1.jpg\",\"width\":600,\"height\":600,\"caption\":\"V5zYBy8eOyEMjXBGiNN3mIQrbSx3MhOqbLFRIhiVVRB1x7angW\"},{\"@type\":\"BreadcrumbList\",\"@id\":\"https:\\\/\\\/vmsport.fi\\\/verkkokauppa\\\/renkaat\\\/ulkorenkaat\\\/nastarenkaat\\\/nastarengas-routa-w212-24-x-2-175-47-507\\\/#breadcrumb\",\"itemListElement\":[{\"@type\":\"ListItem\",\"position\":1,\"name\":\"Etusivu\",\"item\":\"https:\\\/\\\/vmsport.fi\\\/\"},{\"@type\":\"ListItem\",\"position\":2,\"name\":\"Online Store\",\"item\":\"https:\\\/\\\/vmsport.fi\\\/en\\\/online-store\\\/\"},{\"@type\":\"ListItem\",\"position\":3,\"name\":\"Suomi Tyres Routa W212 24 x 2.175 \\\/ 47-507 Nastarengas\"}]},{\"@type\":\"WebSite\",\"@id\":\"https:\\\/\\\/vmsport.fi\\\/#website\",\"url\":\"https:\\\/\\\/vmsport.fi\\\/\",\"name\":\"Vmsport\",\"description\":\"Kaikki py\u00f6r\u00e4ilyyn yhdest\u00e4 paikasta\",\"publisher\":{\"@id\":\"https:\\\/\\\/vmsport.fi\\\/#organization\"},\"potentialAction\":[{\"@type\":\"SearchAction\",\"target\":{\"@type\":\"EntryPoint\",\"urlTemplate\":\"https:\\\/\\\/vmsport.fi\\\/?s={search_term_string}\"},\"query-input\":{\"@type\":\"PropertyValueSpecification\",\"valueRequired\":true,\"valueName\":\"search_term_string\"}}],\"inLanguage\":\"sv-SE\"},{\"@type\":\"Organization\",\"@id\":\"https:\\\/\\\/vmsport.fi\\\/#organization\",\"name\":\"Vmsport\",\"url\":\"https:\\\/\\\/vmsport.fi\\\/\",\"logo\":{\"@type\":\"ImageObject\",\"inLanguage\":\"sv-SE\",\"@id\":\"https:\\\/\\\/vmsport.fi\\\/#\\\/schema\\\/logo\\\/image\\\/\",\"url\":\"https:\\\/\\\/vmsport.fi\\\/wp-content\\\/uploads\\\/2024\\\/12\\\/vm_sport_RGB_horisontal-e1734526017575.png\",\"contentUrl\":\"https:\\\/\\\/vmsport.fi\\\/wp-content\\\/uploads\\\/2024\\\/12\\\/vm_sport_RGB_horisontal-e1734526017575.png\",\"width\":668,\"height\":85,\"caption\":\"Vmsport\"},\"image\":{\"@id\":\"https:\\\/\\\/vmsport.fi\\\/#\\\/schema\\\/logo\\\/image\\\/\"},\"sameAs\":[\"https:\\\/\\\/www.facebook.com\\\/Vmsport.fi\\\/\",\"https:\\\/\\\/www.instagram.com\\\/vmsport\\\/\"]}]}<\/script>\n<!-- \/ Yoast SEO plugin. -->","yoast_head_json":{"title":"Suomi Tyres Routa W212 24 x 2.175 \/ 47-507 Dubbd\u00e4ck - VM Sport","robots":{"index":"index","follow":"follow","max-snippet":"max-snippet:-1","max-image-preview":"max-image-preview:large","max-video-preview":"max-video-preview:-1"},"canonical":"https:\/\/vmsport.fi\/sv\/webbutik\/dack\/dack-for-utomhusbruk\/dubbdack\/dubbdack-jarn-w212-24-x-2-175-47-507\/","og_locale":"sv_SE","og_type":"article","og_title":"Suomi Tyres Routa W212 24 x 2.175 \/ 47-507 Nastarengas - VM Sport","og_description":"Routa W212 -nastarengas on suunniteltu erityisen hyvin talviolosuhteisiin, tarjoten erinomaisen pidon vaativilla pinnoilla. T\u00e4m\u00e4 24 tuuman rengas, tunnettu Suomi Tyres -merkist\u00e4, on ihanteellinen valinta py\u00f6r\u00e4ilij\u00f6ille, jotka haluavat varmuutta liukkailla teill\u00e4. Renkaan mitat ovat 47-507, ja sen leveys on 2,175 tuumaa, mik\u00e4 takaa vakaan ja turvallisen ajokokemuksen. Nastat parantavat pitoa ja lis\u00e4\u00e4v\u00e4t turvallisuutta, joten rengas sopii [...]L\u00e4s mer \u2026 from Suomi Tyres Routa W212 24 x 2.175 \/ 47-507 Nastarengas","og_url":"https:\/\/vmsport.fi\/sv\/webbutik\/dack\/dack-for-utomhusbruk\/dubbdack\/dubbdack-jarn-w212-24-x-2-175-47-507\/","og_site_name":"VM Sport","article_publisher":"https:\/\/www.facebook.com\/Vmsport.fi\/","article_modified_time":"2026-04-22T12:08:23+00:00","og_image":[{"width":600,"height":600,"url":"https:\/\/vmsport.fi\/wp-content\/uploads\/2025\/03\/V5zYBy8eOyEMjXBGiNN3mIQrbSx3MhOqbLFRIhiVVRB1x7angW-1.jpg","type":"image\/jpeg"}],"twitter_card":"summary_large_image","schema":{"@context":"https:\/\/schema.org","@graph":[{"@type":["WebPage","ItemPage"],"@id":"https:\/\/vmsport.fi\/verkkokauppa\/renkaat\/ulkorenkaat\/nastarenkaat\/nastarengas-routa-w212-24-x-2-175-47-507\/","url":"https:\/\/vmsport.fi\/verkkokauppa\/renkaat\/ulkorenkaat\/nastarenkaat\/nastarengas-routa-w212-24-x-2-175-47-507\/","name":"Suomi Tyres Routa W212 24 x 2.175 \/ 47-507 Dubbd\u00e4ck - VM Sport","isPartOf":{"@id":"https:\/\/vmsport.fi\/#website"},"primaryImageOfPage":{"@id":"https:\/\/vmsport.fi\/verkkokauppa\/renkaat\/ulkorenkaat\/nastarenkaat\/nastarengas-routa-w212-24-x-2-175-47-507\/#primaryimage"},"image":{"@id":"https:\/\/vmsport.fi\/verkkokauppa\/renkaat\/ulkorenkaat\/nastarenkaat\/nastarengas-routa-w212-24-x-2-175-47-507\/#primaryimage"},"thumbnailUrl":"https:\/\/vmsport.fi\/wp-content\/uploads\/2025\/03\/V5zYBy8eOyEMjXBGiNN3mIQrbSx3MhOqbLFRIhiVVRB1x7angW-1.jpg","datePublished":"2025-03-05T21:42:32+00:00","dateModified":"2026-04-22T12:08:23+00:00","breadcrumb":{"@id":"https:\/\/vmsport.fi\/verkkokauppa\/renkaat\/ulkorenkaat\/nastarenkaat\/nastarengas-routa-w212-24-x-2-175-47-507\/#breadcrumb"},"inLanguage":"sv-SE","potentialAction":[{"@type":"ReadAction","target":["https:\/\/vmsport.fi\/verkkokauppa\/renkaat\/ulkorenkaat\/nastarenkaat\/nastarengas-routa-w212-24-x-2-175-47-507\/"]}]},{"@type":"ImageObject","inLanguage":"sv-SE","@id":"https:\/\/vmsport.fi\/verkkokauppa\/renkaat\/ulkorenkaat\/nastarenkaat\/nastarengas-routa-w212-24-x-2-175-47-507\/#primaryimage","url":"https:\/\/vmsport.fi\/wp-content\/uploads\/2025\/03\/V5zYBy8eOyEMjXBGiNN3mIQrbSx3MhOqbLFRIhiVVRB1x7angW-1.jpg","contentUrl":"https:\/\/vmsport.fi\/wp-content\/uploads\/2025\/03\/V5zYBy8eOyEMjXBGiNN3mIQrbSx3MhOqbLFRIhiVVRB1x7angW-1.jpg","width":600,"height":600,"caption":"V5zYBy8eOyEMjXBGiNN3mIQrbSx3MhOqbLFRIhiVVRB1x7angW"},{"@type":"BreadcrumbList","@id":"https:\/\/vmsport.fi\/verkkokauppa\/renkaat\/ulkorenkaat\/nastarenkaat\/nastarengas-routa-w212-24-x-2-175-47-507\/#breadcrumb","itemListElement":[{"@type":"ListItem","position":1,"name":"Etusivu","item":"https:\/\/vmsport.fi\/"},{"@type":"ListItem","position":2,"name":"Online Store","item":"https:\/\/vmsport.fi\/en\/online-store\/"},{"@type":"ListItem","position":3,"name":"Suomi Tyres Routa W212 24 x 2.175 \/ 47-507 Nastarengas"}]},{"@type":"WebSite","@id":"https:\/\/vmsport.fi\/#website","url":"https:\/\/vmsport.fi\/","name":"Vmsport","description":"Allt p\u00e5 ett st\u00e4lle f\u00f6r cykling","publisher":{"@id":"https:\/\/vmsport.fi\/#organization"},"potentialAction":[{"@type":"SearchAction","target":{"@type":"EntryPoint","urlTemplate":"https:\/\/vmsport.fi\/?s={search_term_string}"},"query-input":{"@type":"PropertyValueSpecification","valueRequired":true,"valueName":"search_term_string"}}],"inLanguage":"sv-SE"},{"@type":"Organization","@id":"https:\/\/vmsport.fi\/#organization","name":"Vmsport","url":"https:\/\/vmsport.fi\/","logo":{"@type":"ImageObject","inLanguage":"sv-SE","@id":"https:\/\/vmsport.fi\/#\/schema\/logo\/image\/","url":"https:\/\/vmsport.fi\/wp-content\/uploads\/2024\/12\/vm_sport_RGB_horisontal-e1734526017575.png","contentUrl":"https:\/\/vmsport.fi\/wp-content\/uploads\/2024\/12\/vm_sport_RGB_horisontal-e1734526017575.png","width":668,"height":85,"caption":"Vmsport"},"image":{"@id":"https:\/\/vmsport.fi\/#\/schema\/logo\/image\/"},"sameAs":["https:\/\/www.facebook.com\/Vmsport.fi\/","https:\/\/www.instagram.com\/vmsport\/"]}]}},"global_unique_id":"","_links":{"self":[{"href":"https:\/\/vmsport.fi\/sv\/wp-json\/wp\/v2\/product\/53551","targetHints":{"allow":["GET"]}}],"collection":[{"href":"https:\/\/vmsport.fi\/sv\/wp-json\/wp\/v2\/product"}],"about":[{"href":"https:\/\/vmsport.fi\/sv\/wp-json\/wp\/v2\/types\/product"}],"replies":[{"embeddable":true,"href":"https:\/\/vmsport.fi\/sv\/wp-json\/wp\/v2\/comments?post=53551"}],"wp:featuredmedia":[{"embeddable":true,"href":"https:\/\/vmsport.fi\/sv\/wp-json\/wp\/v2\/media\/53550"}],"wp:attachment":[{"href":"https:\/\/vmsport.fi\/sv\/wp-json\/wp\/v2\/media?parent=53551"}],"wp:term":[{"taxonomy":"product_brand","embeddable":true,"href":"https:\/\/vmsport.fi\/sv\/wp-json\/wp\/v2\/product_brand?post=53551"},{"taxonomy":"product_model","embeddable":true,"href":"https:\/\/vmsport.fi\/sv\/wp-json\/wp\/v2\/product_model?post=53551"},{"taxonomy":"product_cat","embeddable":true,"href":"https:\/\/vmsport.fi\/sv\/wp-json\/wp\/v2\/product_cat?post=53551"},{"taxonomy":"product_tag","embeddable":true,"href":"https:\/\/vmsport.fi\/sv\/wp-json\/wp\/v2\/product_tag?post=53551"},{"taxonomy":"industry_terminology","embeddable":true,"href":"https:\/\/vmsport.fi\/sv\/wp-json\/wp\/v2\/industry-terminology?post=53551"}],"curies":[{"name":"wp","href":"https:\/\/api.w.org\/{rel}","templated":true}]}}