{"id":53547,"date":"2025-03-05T23:42:31","date_gmt":"2025-03-05T21:42:31","guid":{"rendered":"https:\/\/vmsport.fi\/verkkokauppa\/Ei-luokiteltu\/ulkorengas-20-continental-ride-tour-47-406-musta\/"},"modified":"2026-04-22T15:00:23","modified_gmt":"2026-04-22T12:00:23","slug":"ytterdack-20-continental-ride-tour-47-406-svart","status":"publish","type":"product","link":"https:\/\/vmsport.fi\/sv\/verkkokauppa\/renkaat\/ulkorenkaat\/kaupunki-ja-hybridirenkaat\/ulkorengas-20-continental-ride-tour-47-406-musta\/","title":{"rendered":"Ytterd\u00e4ck 20\u2033 CONTINENTAL Ride Tour 47-406, svart"},"content":{"rendered":"<p>Continentals Ride Tour 20\u2033 ytterd\u00e4ck \u00e4r utformat f\u00f6r vardagsbruk och erbjuder m\u00e5ngsidighet och tillf\u00f6rlitlighet p\u00e5 en m\u00e4ngd olika underlag. D\u00e4ckets platta mittm\u00f6nster ger utm\u00e4rkta rullegenskaper och \u00e4r v\u00e4l l\u00e4mpat f\u00f6r elcyklar med en maxhastighet p\u00e5 25 km\/h. D\u00e4cket har Puncture ProTection punkteringsskydd, som effektivt f\u00f6rhindrar punktering och slitage. Dess trelagskonstruktion, 66 g\u00e4ngor per tum och speciella gummiblandning s\u00e4kerst\u00e4ller h\u00e5llbarhet och k\u00f6rkomfort. <\/p>\n<p>Slitageindikatorn hj\u00e4lper anv\u00e4ndaren att \u00f6vervaka d\u00e4ckets livsl\u00e4ngd. Det rekommenderade d\u00e4cktrycket \u00e4r 3,1 bar (45 psi) och det maximala trycket \u00e4r 4,0 bar (58 psi). Ride Tours energieffektivitet med ECO-teknik minskar rullmotst\u00e5ndet, vilket g\u00f6r det till ett milj\u00f6v\u00e4nligt val. Det h\u00e4r svarta d\u00e4cket \u00e4r ett utm\u00e4rkt val n\u00e4r du vill kombinera prestanda och h\u00e5llbarhet med l\u00e5nga cykelturer.<\/p>","protected":false},"excerpt":{"rendered":"<p>Continentalin Ride Tour 20&#8243; ulkorengas on suunniteltu jokap\u00e4iv\u00e4iseen k\u00e4ytt\u00f6\u00f6n, tarjoten monipuolisuutta ja luotettavuutta eri pinnoilla. Renkaan tasainen keskikuviointi varmistaa erinomaisen rullaavuuden, ja se sopii hyvin s\u00e4hk\u00f6py\u00f6riin, joiden enimm\u00e4isnopeus on 25 km\/h. Renkaassa on Puncture ProTection -pistosuoja, joka tehokkaasti ehk\u00e4isee puhkeamisia ja kulumista. Sen kolmen kerroksen rakenne, 66 langan tiheys tuumaa kohden ja erityinen kumiseos takaavat [&#8230;]<\/p>\n<p><a class=\"btn btn-secondary understrap-read-more-link\" href=\"https:\/\/vmsport.fi\/sv\/verkkokauppa\/renkaat\/ulkorenkaat\/kaupunki-ja-hybridirenkaat\/ulkorengas-20-continental-ride-tour-47-406-musta\/\">L\u00e4s mer \u2026<span class=\"screen-reader-text\"> from Ulkorengas 20&#8243; CONTINENTAL Ride Tour 47-406, musta<\/span><\/a><\/p>\n","protected":false},"featured_media":53546,"comment_status":"open","ping_status":"closed","template":"","meta":{"_acf_changed":false,"_improvement_type_select":"improve_an_existing","_thumb_yes_seoaic":false,"_frame_yes_seoaic":false,"seoaic_generate_description":"","seoaic_improve_instructions_prompt":"","seoaic_rollback_content_improvement":"","seoaic_idea_thumbnail_generator":"","thumbnail_generated":false,"thumbnail_generate_prompt":"","seoaic_article_description":"","_supplier_stock_quantity":0},"product_brand":[1585],"product_model":[],"product_cat":[9318],"product_tag":[],"industry-terminology":[],"class_list":{"0":"post-53547","1":"product","2":"type-product","3":"status-publish","4":"has-post-thumbnail","6":"product_brand-continental","7":"product_cat-kaupunki-ja-hybridirenkaat","9":"first","10":"outofstock","11":"taxable","12":"shipping-taxable","13":"product-type-simple"},"acf":{"bike_features":null,"overview":{"copy_overview":null,"key_features":null,"statement":"","youtube_url":""}},"yoast_head":"<!-- This site is optimized with the Yoast SEO plugin v27.4 - https:\/\/yoast.com\/product\/yoast-seo-wordpress\/ -->\n<title>Ulkorengas 20&quot; CONTINENTAL Ride Tour 47-406, musta - VM Sport<\/title>\n<meta name=\"robots\" content=\"index, follow, max-snippet:-1, max-image-preview:large, max-video-preview:-1\" \/>\n<link rel=\"canonical\" href=\"https:\/\/vmsport.fi\/sv\/webbutik\/dack\/dack-for-utomhusbruk\/stads-och-hybriddack\/ytterdack-20-continental-ride-tour-47-406-svart\/\" \/>\n<meta property=\"og:locale\" content=\"sv_SE\" \/>\n<meta property=\"og:type\" content=\"article\" \/>\n<meta property=\"og:title\" content=\"Ulkorengas 20&quot; CONTINENTAL Ride Tour 47-406, musta - VM Sport\" \/>\n<meta property=\"og:description\" content=\"Continentalin Ride Tour 20&#8243; ulkorengas on suunniteltu jokap\u00e4iv\u00e4iseen k\u00e4ytt\u00f6\u00f6n, tarjoten monipuolisuutta ja luotettavuutta eri pinnoilla. Renkaan tasainen keskikuviointi varmistaa erinomaisen rullaavuuden, ja se sopii hyvin s\u00e4hk\u00f6py\u00f6riin, joiden enimm\u00e4isnopeus on 25 km\/h. Renkaassa on Puncture ProTection -pistosuoja, joka tehokkaasti ehk\u00e4isee puhkeamisia ja kulumista. Sen kolmen kerroksen rakenne, 66 langan tiheys tuumaa kohden ja erityinen kumiseos takaavat [...]L\u00e4s mer \u2026 from Ulkorengas 20&#8243; CONTINENTAL Ride Tour 47-406, musta\" \/>\n<meta property=\"og:url\" content=\"https:\/\/vmsport.fi\/sv\/webbutik\/dack\/dack-for-utomhusbruk\/stads-och-hybriddack\/ytterdack-20-continental-ride-tour-47-406-svart\/\" \/>\n<meta property=\"og:site_name\" content=\"VM Sport\" \/>\n<meta property=\"article:publisher\" content=\"https:\/\/www.facebook.com\/Vmsport.fi\/\" \/>\n<meta property=\"article:modified_time\" content=\"2026-04-22T12:00:23+00:00\" \/>\n<meta property=\"og:image\" content=\"https:\/\/vmsport.fi\/wp-content\/uploads\/2025\/03\/ride-tour-4-1.jpg\" \/>\n\t<meta property=\"og:image:width\" content=\"1000\" \/>\n\t<meta property=\"og:image:height\" content=\"1000\" \/>\n\t<meta property=\"og:image:type\" content=\"image\/jpeg\" \/>\n<meta name=\"twitter:card\" content=\"summary_large_image\" \/>\n<meta name=\"twitter:label1\" content=\"Ber\u00e4knad l\u00e4stid\" \/>\n\t<meta name=\"twitter:data1\" content=\"1 minut\" \/>\n<script type=\"application\/ld+json\" class=\"yoast-schema-graph\">{\"@context\":\"https:\\\/\\\/schema.org\",\"@graph\":[{\"@type\":[\"WebPage\",\"ItemPage\"],\"@id\":\"https:\\\/\\\/vmsport.fi\\\/verkkokauppa\\\/renkaat\\\/ulkorenkaat\\\/kaupunki-ja-hybridirenkaat\\\/ulkorengas-20-continental-ride-tour-47-406-musta\\\/\",\"url\":\"https:\\\/\\\/vmsport.fi\\\/verkkokauppa\\\/renkaat\\\/ulkorenkaat\\\/kaupunki-ja-hybridirenkaat\\\/ulkorengas-20-continental-ride-tour-47-406-musta\\\/\",\"name\":\"Ulkorengas 20\\\" CONTINENTAL Ride Tour 47-406, musta - VM Sport\",\"isPartOf\":{\"@id\":\"https:\\\/\\\/vmsport.fi\\\/#website\"},\"primaryImageOfPage\":{\"@id\":\"https:\\\/\\\/vmsport.fi\\\/verkkokauppa\\\/renkaat\\\/ulkorenkaat\\\/kaupunki-ja-hybridirenkaat\\\/ulkorengas-20-continental-ride-tour-47-406-musta\\\/#primaryimage\"},\"image\":{\"@id\":\"https:\\\/\\\/vmsport.fi\\\/verkkokauppa\\\/renkaat\\\/ulkorenkaat\\\/kaupunki-ja-hybridirenkaat\\\/ulkorengas-20-continental-ride-tour-47-406-musta\\\/#primaryimage\"},\"thumbnailUrl\":\"https:\\\/\\\/vmsport.fi\\\/wp-content\\\/uploads\\\/2025\\\/03\\\/ride-tour-4-1.jpg\",\"datePublished\":\"2025-03-05T21:42:31+00:00\",\"dateModified\":\"2026-04-22T12:00:23+00:00\",\"breadcrumb\":{\"@id\":\"https:\\\/\\\/vmsport.fi\\\/verkkokauppa\\\/renkaat\\\/ulkorenkaat\\\/kaupunki-ja-hybridirenkaat\\\/ulkorengas-20-continental-ride-tour-47-406-musta\\\/#breadcrumb\"},\"inLanguage\":\"sv-SE\",\"potentialAction\":[{\"@type\":\"ReadAction\",\"target\":[\"https:\\\/\\\/vmsport.fi\\\/verkkokauppa\\\/renkaat\\\/ulkorenkaat\\\/kaupunki-ja-hybridirenkaat\\\/ulkorengas-20-continental-ride-tour-47-406-musta\\\/\"]}]},{\"@type\":\"ImageObject\",\"inLanguage\":\"sv-SE\",\"@id\":\"https:\\\/\\\/vmsport.fi\\\/verkkokauppa\\\/renkaat\\\/ulkorenkaat\\\/kaupunki-ja-hybridirenkaat\\\/ulkorengas-20-continental-ride-tour-47-406-musta\\\/#primaryimage\",\"url\":\"https:\\\/\\\/vmsport.fi\\\/wp-content\\\/uploads\\\/2025\\\/03\\\/ride-tour-4-1.jpg\",\"contentUrl\":\"https:\\\/\\\/vmsport.fi\\\/wp-content\\\/uploads\\\/2025\\\/03\\\/ride-tour-4-1.jpg\",\"width\":1000,\"height\":1000,\"caption\":\"ride-tour-4\"},{\"@type\":\"BreadcrumbList\",\"@id\":\"https:\\\/\\\/vmsport.fi\\\/verkkokauppa\\\/renkaat\\\/ulkorenkaat\\\/kaupunki-ja-hybridirenkaat\\\/ulkorengas-20-continental-ride-tour-47-406-musta\\\/#breadcrumb\",\"itemListElement\":[{\"@type\":\"ListItem\",\"position\":1,\"name\":\"Etusivu\",\"item\":\"https:\\\/\\\/vmsport.fi\\\/\"},{\"@type\":\"ListItem\",\"position\":2,\"name\":\"Online Store\",\"item\":\"https:\\\/\\\/vmsport.fi\\\/en\\\/online-store\\\/\"},{\"@type\":\"ListItem\",\"position\":3,\"name\":\"Continental\",\"item\":\"https:\\\/\\\/vmsport.fi\\\/merkki\\\/continental\\\/\"},{\"@type\":\"ListItem\",\"position\":4,\"name\":\"Ulkorengas 20&#8243; CONTINENTAL Ride Tour 47-406, musta\"}]},{\"@type\":\"WebSite\",\"@id\":\"https:\\\/\\\/vmsport.fi\\\/#website\",\"url\":\"https:\\\/\\\/vmsport.fi\\\/\",\"name\":\"Vmsport\",\"description\":\"Kaikki py\u00f6r\u00e4ilyyn yhdest\u00e4 paikasta\",\"publisher\":{\"@id\":\"https:\\\/\\\/vmsport.fi\\\/#organization\"},\"potentialAction\":[{\"@type\":\"SearchAction\",\"target\":{\"@type\":\"EntryPoint\",\"urlTemplate\":\"https:\\\/\\\/vmsport.fi\\\/?s={search_term_string}\"},\"query-input\":{\"@type\":\"PropertyValueSpecification\",\"valueRequired\":true,\"valueName\":\"search_term_string\"}}],\"inLanguage\":\"sv-SE\"},{\"@type\":\"Organization\",\"@id\":\"https:\\\/\\\/vmsport.fi\\\/#organization\",\"name\":\"Vmsport\",\"url\":\"https:\\\/\\\/vmsport.fi\\\/\",\"logo\":{\"@type\":\"ImageObject\",\"inLanguage\":\"sv-SE\",\"@id\":\"https:\\\/\\\/vmsport.fi\\\/#\\\/schema\\\/logo\\\/image\\\/\",\"url\":\"https:\\\/\\\/vmsport.fi\\\/wp-content\\\/uploads\\\/2024\\\/12\\\/vm_sport_RGB_horisontal-e1734526017575.png\",\"contentUrl\":\"https:\\\/\\\/vmsport.fi\\\/wp-content\\\/uploads\\\/2024\\\/12\\\/vm_sport_RGB_horisontal-e1734526017575.png\",\"width\":668,\"height\":85,\"caption\":\"Vmsport\"},\"image\":{\"@id\":\"https:\\\/\\\/vmsport.fi\\\/#\\\/schema\\\/logo\\\/image\\\/\"},\"sameAs\":[\"https:\\\/\\\/www.facebook.com\\\/Vmsport.fi\\\/\",\"https:\\\/\\\/www.instagram.com\\\/vmsport\\\/\"]}]}<\/script>\n<!-- \/ Yoast SEO plugin. -->","yoast_head_json":{"title":"Ytterd\u00e4ck 20\" CONTINENTAL Ride Tour 47-406, svart - VM Sport","robots":{"index":"index","follow":"follow","max-snippet":"max-snippet:-1","max-image-preview":"max-image-preview:large","max-video-preview":"max-video-preview:-1"},"canonical":"https:\/\/vmsport.fi\/sv\/webbutik\/dack\/dack-for-utomhusbruk\/stads-och-hybriddack\/ytterdack-20-continental-ride-tour-47-406-svart\/","og_locale":"sv_SE","og_type":"article","og_title":"Ulkorengas 20\" CONTINENTAL Ride Tour 47-406, musta - VM Sport","og_description":"Continentalin Ride Tour 20&#8243; ulkorengas on suunniteltu jokap\u00e4iv\u00e4iseen k\u00e4ytt\u00f6\u00f6n, tarjoten monipuolisuutta ja luotettavuutta eri pinnoilla. Renkaan tasainen keskikuviointi varmistaa erinomaisen rullaavuuden, ja se sopii hyvin s\u00e4hk\u00f6py\u00f6riin, joiden enimm\u00e4isnopeus on 25 km\/h. Renkaassa on Puncture ProTection -pistosuoja, joka tehokkaasti ehk\u00e4isee puhkeamisia ja kulumista. Sen kolmen kerroksen rakenne, 66 langan tiheys tuumaa kohden ja erityinen kumiseos takaavat [...]L\u00e4s mer \u2026 from Ulkorengas 20&#8243; CONTINENTAL Ride Tour 47-406, musta","og_url":"https:\/\/vmsport.fi\/sv\/webbutik\/dack\/dack-for-utomhusbruk\/stads-och-hybriddack\/ytterdack-20-continental-ride-tour-47-406-svart\/","og_site_name":"VM Sport","article_publisher":"https:\/\/www.facebook.com\/Vmsport.fi\/","article_modified_time":"2026-04-22T12:00:23+00:00","og_image":[{"width":1000,"height":1000,"url":"https:\/\/vmsport.fi\/wp-content\/uploads\/2025\/03\/ride-tour-4-1.jpg","type":"image\/jpeg"}],"twitter_card":"summary_large_image","twitter_misc":{"Ber\u00e4knad l\u00e4stid":"1 minut"},"schema":{"@context":"https:\/\/schema.org","@graph":[{"@type":["WebPage","ItemPage"],"@id":"https:\/\/vmsport.fi\/verkkokauppa\/renkaat\/ulkorenkaat\/kaupunki-ja-hybridirenkaat\/ulkorengas-20-continental-ride-tour-47-406-musta\/","url":"https:\/\/vmsport.fi\/verkkokauppa\/renkaat\/ulkorenkaat\/kaupunki-ja-hybridirenkaat\/ulkorengas-20-continental-ride-tour-47-406-musta\/","name":"Ytterd\u00e4ck 20\" CONTINENTAL Ride Tour 47-406, svart - VM Sport","isPartOf":{"@id":"https:\/\/vmsport.fi\/#website"},"primaryImageOfPage":{"@id":"https:\/\/vmsport.fi\/verkkokauppa\/renkaat\/ulkorenkaat\/kaupunki-ja-hybridirenkaat\/ulkorengas-20-continental-ride-tour-47-406-musta\/#primaryimage"},"image":{"@id":"https:\/\/vmsport.fi\/verkkokauppa\/renkaat\/ulkorenkaat\/kaupunki-ja-hybridirenkaat\/ulkorengas-20-continental-ride-tour-47-406-musta\/#primaryimage"},"thumbnailUrl":"https:\/\/vmsport.fi\/wp-content\/uploads\/2025\/03\/ride-tour-4-1.jpg","datePublished":"2025-03-05T21:42:31+00:00","dateModified":"2026-04-22T12:00:23+00:00","breadcrumb":{"@id":"https:\/\/vmsport.fi\/verkkokauppa\/renkaat\/ulkorenkaat\/kaupunki-ja-hybridirenkaat\/ulkorengas-20-continental-ride-tour-47-406-musta\/#breadcrumb"},"inLanguage":"sv-SE","potentialAction":[{"@type":"ReadAction","target":["https:\/\/vmsport.fi\/verkkokauppa\/renkaat\/ulkorenkaat\/kaupunki-ja-hybridirenkaat\/ulkorengas-20-continental-ride-tour-47-406-musta\/"]}]},{"@type":"ImageObject","inLanguage":"sv-SE","@id":"https:\/\/vmsport.fi\/verkkokauppa\/renkaat\/ulkorenkaat\/kaupunki-ja-hybridirenkaat\/ulkorengas-20-continental-ride-tour-47-406-musta\/#primaryimage","url":"https:\/\/vmsport.fi\/wp-content\/uploads\/2025\/03\/ride-tour-4-1.jpg","contentUrl":"https:\/\/vmsport.fi\/wp-content\/uploads\/2025\/03\/ride-tour-4-1.jpg","width":1000,"height":1000,"caption":"ride-tour-4"},{"@type":"BreadcrumbList","@id":"https:\/\/vmsport.fi\/verkkokauppa\/renkaat\/ulkorenkaat\/kaupunki-ja-hybridirenkaat\/ulkorengas-20-continental-ride-tour-47-406-musta\/#breadcrumb","itemListElement":[{"@type":"ListItem","position":1,"name":"Etusivu","item":"https:\/\/vmsport.fi\/"},{"@type":"ListItem","position":2,"name":"Online Store","item":"https:\/\/vmsport.fi\/en\/online-store\/"},{"@type":"ListItem","position":3,"name":"Continental","item":"https:\/\/vmsport.fi\/merkki\/continental\/"},{"@type":"ListItem","position":4,"name":"Ulkorengas 20&#8243; CONTINENTAL Ride Tour 47-406, musta"}]},{"@type":"WebSite","@id":"https:\/\/vmsport.fi\/#website","url":"https:\/\/vmsport.fi\/","name":"Vmsport","description":"Allt p\u00e5 ett st\u00e4lle f\u00f6r cykling","publisher":{"@id":"https:\/\/vmsport.fi\/#organization"},"potentialAction":[{"@type":"SearchAction","target":{"@type":"EntryPoint","urlTemplate":"https:\/\/vmsport.fi\/?s={search_term_string}"},"query-input":{"@type":"PropertyValueSpecification","valueRequired":true,"valueName":"search_term_string"}}],"inLanguage":"sv-SE"},{"@type":"Organization","@id":"https:\/\/vmsport.fi\/#organization","name":"Vmsport","url":"https:\/\/vmsport.fi\/","logo":{"@type":"ImageObject","inLanguage":"sv-SE","@id":"https:\/\/vmsport.fi\/#\/schema\/logo\/image\/","url":"https:\/\/vmsport.fi\/wp-content\/uploads\/2024\/12\/vm_sport_RGB_horisontal-e1734526017575.png","contentUrl":"https:\/\/vmsport.fi\/wp-content\/uploads\/2024\/12\/vm_sport_RGB_horisontal-e1734526017575.png","width":668,"height":85,"caption":"Vmsport"},"image":{"@id":"https:\/\/vmsport.fi\/#\/schema\/logo\/image\/"},"sameAs":["https:\/\/www.facebook.com\/Vmsport.fi\/","https:\/\/www.instagram.com\/vmsport\/"]}]}},"global_unique_id":"","_links":{"self":[{"href":"https:\/\/vmsport.fi\/sv\/wp-json\/wp\/v2\/product\/53547","targetHints":{"allow":["GET"]}}],"collection":[{"href":"https:\/\/vmsport.fi\/sv\/wp-json\/wp\/v2\/product"}],"about":[{"href":"https:\/\/vmsport.fi\/sv\/wp-json\/wp\/v2\/types\/product"}],"replies":[{"embeddable":true,"href":"https:\/\/vmsport.fi\/sv\/wp-json\/wp\/v2\/comments?post=53547"}],"wp:featuredmedia":[{"embeddable":true,"href":"https:\/\/vmsport.fi\/sv\/wp-json\/wp\/v2\/media\/53546"}],"wp:attachment":[{"href":"https:\/\/vmsport.fi\/sv\/wp-json\/wp\/v2\/media?parent=53547"}],"wp:term":[{"taxonomy":"product_brand","embeddable":true,"href":"https:\/\/vmsport.fi\/sv\/wp-json\/wp\/v2\/product_brand?post=53547"},{"taxonomy":"product_model","embeddable":true,"href":"https:\/\/vmsport.fi\/sv\/wp-json\/wp\/v2\/product_model?post=53547"},{"taxonomy":"product_cat","embeddable":true,"href":"https:\/\/vmsport.fi\/sv\/wp-json\/wp\/v2\/product_cat?post=53547"},{"taxonomy":"product_tag","embeddable":true,"href":"https:\/\/vmsport.fi\/sv\/wp-json\/wp\/v2\/product_tag?post=53547"},{"taxonomy":"industry_terminology","embeddable":true,"href":"https:\/\/vmsport.fi\/sv\/wp-json\/wp\/v2\/industry-terminology?post=53547"}],"curies":[{"name":"wp","href":"https:\/\/api.w.org\/{rel}","templated":true}]}}