{"id":53538,"date":"2025-03-05T23:42:26","date_gmt":"2025-03-05T21:42:26","guid":{"rendered":"https:\/\/vmsport.fi\/verkkokauppa\/Ei-luokiteltu\/schwalbe-sv10-40-62x507-presta-removable-core-40-mm\/"},"modified":"2026-04-02T10:20:40","modified_gmt":"2026-04-02T07:20:40","slug":"schwalbe-sv10-40-62x507-presta-avtagbar-karna-40-mm","status":"publish","type":"product","link":"https:\/\/vmsport.fi\/sv\/verkkokauppa\/renkaat\/sisarenkaat\/lasten\/schwalbe-sv10-40-62x507-presta-removable-core-40-mm\/","title":{"rendered":"SCHWALBE SV10 (40-62\u00d7507) Presta (avtagbar k\u00e4rna) 40 mm"},"content":{"rendered":"<p>Schwalbe SV10 \u00e4r en 24\" cykelslang av h\u00f6gsta kvalitet som \u00e4r utformad f\u00f6r att passa d\u00e4ck fr\u00e5n 40-62\u00d7507. Den har en Presta-ventil med en avtagbar k\u00e4rna f\u00f6r enkelt underh\u00e5ll och ventilreng\u00f6ring. Denna funktion \u00e4r s\u00e4rskilt anv\u00e4ndbar f\u00f6r cyklister som uppskattar anpassningsf\u00f6rm\u00e5ga och anv\u00e4ndarv\u00e4nlighet. Det inv\u00e4ndiga gummit \u00e4r tillverkat av slitstarka material som garanterar tillf\u00f6rlitlig och l\u00e5ngvarig prestanda. Ventill\u00e4ngden p\u00e5 40 mm m\u00f6jligg\u00f6r ett brett utbud av f\u00e4lgkompatibilitet, vilket g\u00f6r den h\u00e4r produkten till ett utm\u00e4rkt val f\u00f6r ett brett utbud av cykelapplikationer.<\/p>","protected":false},"excerpt":{"rendered":"<p>Schwalbe SV10 on huippulaadukas 24 tuuman polkupy\u00f6r\u00e4n sis\u00e4kumi, joka on suunniteltu sopimaan renkaisiin, joiden koko on 40-62&#215;507. Siin\u00e4 on Presta-venttiili, jonka irrotettava ydin helpottaa huoltoa ja venttiilin puhdistusta. T\u00e4m\u00e4 ominaisuus on erityisen hy\u00f6dyllinen py\u00f6r\u00e4ilij\u00f6ille, jotka arvostavat mukautettavuutta ja k\u00e4yt\u00f6n vaivattomuutta. Sis\u00e4kumi on valmistettu kest\u00e4vist\u00e4 materiaaleista, jotka takaavat luotettavan ja pitk\u00e4ik\u00e4isen suorituskyvyn. 40 mm venttiilin pituus [&#8230;]<\/p>\n<p><a class=\"btn btn-secondary understrap-read-more-link\" href=\"https:\/\/vmsport.fi\/sv\/verkkokauppa\/renkaat\/sisarenkaat\/lasten\/schwalbe-sv10-40-62x507-presta-removable-core-40-mm\/\">L\u00e4s mer \u2026<span class=\"screen-reader-text\"> from SCHWALBE SV10 (40-62&#215;507) Presta (Removable core) 40 mm<\/span><\/a><\/p>\n","protected":false},"featured_media":53537,"comment_status":"open","ping_status":"closed","template":"","meta":{"_acf_changed":false,"_improvement_type_select":"improve_an_existing","_thumb_yes_seoaic":false,"_frame_yes_seoaic":false,"seoaic_generate_description":"","seoaic_improve_instructions_prompt":"","seoaic_rollback_content_improvement":"","seoaic_idea_thumbnail_generator":"","thumbnail_generated":false,"thumbnail_generate_prompt":"","seoaic_article_description":"","_supplier_stock_quantity":0},"product_brand":[],"product_model":[],"product_cat":[9544],"product_tag":[],"industry-terminology":[],"class_list":{"0":"post-53538","1":"product","2":"type-product","3":"status-publish","4":"has-post-thumbnail","6":"product_cat-lasten","8":"first","9":"instock","10":"taxable","11":"shipping-taxable","12":"purchasable","13":"product-type-simple"},"acf":{"bike_features":null,"overview":{"copy_overview":null,"key_features":null,"statement":"","youtube_url":""}},"yoast_head":"<!-- This site is optimized with the Yoast SEO plugin v27.3 - https:\/\/yoast.com\/product\/yoast-seo-wordpress\/ -->\n<title>SCHWALBE SV10 (40-62x507) Presta (Removable core) 40 mm - VM Sport<\/title>\n<meta name=\"robots\" content=\"index, follow, max-snippet:-1, max-image-preview:large, max-video-preview:-1\" \/>\n<link rel=\"canonical\" href=\"https:\/\/vmsport.fi\/sv\/webbutik\/dack\/systerdack\/barn\/schwalbe-sv10-40-62x507-presta-avtagbar-karna-40-mm\/\" \/>\n<meta property=\"og:locale\" content=\"sv_SE\" \/>\n<meta property=\"og:type\" content=\"article\" \/>\n<meta property=\"og:title\" content=\"SCHWALBE SV10 (40-62x507) Presta (Removable core) 40 mm - VM Sport\" \/>\n<meta property=\"og:description\" content=\"Schwalbe SV10 on huippulaadukas 24 tuuman polkupy\u00f6r\u00e4n sis\u00e4kumi, joka on suunniteltu sopimaan renkaisiin, joiden koko on 40-62&#215;507. Siin\u00e4 on Presta-venttiili, jonka irrotettava ydin helpottaa huoltoa ja venttiilin puhdistusta. T\u00e4m\u00e4 ominaisuus on erityisen hy\u00f6dyllinen py\u00f6r\u00e4ilij\u00f6ille, jotka arvostavat mukautettavuutta ja k\u00e4yt\u00f6n vaivattomuutta. Sis\u00e4kumi on valmistettu kest\u00e4vist\u00e4 materiaaleista, jotka takaavat luotettavan ja pitk\u00e4ik\u00e4isen suorituskyvyn. 40 mm venttiilin pituus [...]L\u00e4s mer \u2026 from SCHWALBE SV10 (40-62&#215;507) Presta (Removable core) 40 mm\" \/>\n<meta property=\"og:url\" content=\"https:\/\/vmsport.fi\/sv\/webbutik\/dack\/systerdack\/barn\/schwalbe-sv10-40-62x507-presta-avtagbar-karna-40-mm\/\" \/>\n<meta property=\"og:site_name\" content=\"VM Sport\" \/>\n<meta property=\"article:publisher\" content=\"https:\/\/www.facebook.com\/Vmsport.fi\/\" \/>\n<meta property=\"article:modified_time\" content=\"2026-04-02T07:20:40+00:00\" \/>\n<meta property=\"og:image\" content=\"https:\/\/vmsport.fi\/wp-content\/uploads\/2025\/03\/skLUzxp93vs16CaoxEVt4Yn5tfyNHhmtnXBFGr5mbG05n0IeUG-1.jpg\" \/>\n\t<meta property=\"og:image:width\" content=\"800\" \/>\n\t<meta property=\"og:image:height\" content=\"800\" \/>\n\t<meta property=\"og:image:type\" content=\"image\/jpeg\" \/>\n<meta name=\"twitter:card\" content=\"summary_large_image\" \/>\n<script type=\"application\/ld+json\" class=\"yoast-schema-graph\">{\"@context\":\"https:\\\/\\\/schema.org\",\"@graph\":[{\"@type\":[\"WebPage\",\"ItemPage\"],\"@id\":\"https:\\\/\\\/vmsport.fi\\\/verkkokauppa\\\/renkaat\\\/sisarenkaat\\\/lasten\\\/schwalbe-sv10-40-62x507-presta-removable-core-40-mm\\\/\",\"url\":\"https:\\\/\\\/vmsport.fi\\\/verkkokauppa\\\/renkaat\\\/sisarenkaat\\\/lasten\\\/schwalbe-sv10-40-62x507-presta-removable-core-40-mm\\\/\",\"name\":\"SCHWALBE SV10 (40-62x507) Presta (Removable core) 40 mm - VM Sport\",\"isPartOf\":{\"@id\":\"https:\\\/\\\/vmsport.fi\\\/#website\"},\"primaryImageOfPage\":{\"@id\":\"https:\\\/\\\/vmsport.fi\\\/verkkokauppa\\\/renkaat\\\/sisarenkaat\\\/lasten\\\/schwalbe-sv10-40-62x507-presta-removable-core-40-mm\\\/#primaryimage\"},\"image\":{\"@id\":\"https:\\\/\\\/vmsport.fi\\\/verkkokauppa\\\/renkaat\\\/sisarenkaat\\\/lasten\\\/schwalbe-sv10-40-62x507-presta-removable-core-40-mm\\\/#primaryimage\"},\"thumbnailUrl\":\"https:\\\/\\\/vmsport.fi\\\/wp-content\\\/uploads\\\/2025\\\/03\\\/skLUzxp93vs16CaoxEVt4Yn5tfyNHhmtnXBFGr5mbG05n0IeUG-1.jpg\",\"datePublished\":\"2025-03-05T21:42:26+00:00\",\"dateModified\":\"2026-04-02T07:20:40+00:00\",\"breadcrumb\":{\"@id\":\"https:\\\/\\\/vmsport.fi\\\/verkkokauppa\\\/renkaat\\\/sisarenkaat\\\/lasten\\\/schwalbe-sv10-40-62x507-presta-removable-core-40-mm\\\/#breadcrumb\"},\"inLanguage\":\"sv-SE\",\"potentialAction\":[{\"@type\":\"ReadAction\",\"target\":[\"https:\\\/\\\/vmsport.fi\\\/verkkokauppa\\\/renkaat\\\/sisarenkaat\\\/lasten\\\/schwalbe-sv10-40-62x507-presta-removable-core-40-mm\\\/\"]}]},{\"@type\":\"ImageObject\",\"inLanguage\":\"sv-SE\",\"@id\":\"https:\\\/\\\/vmsport.fi\\\/verkkokauppa\\\/renkaat\\\/sisarenkaat\\\/lasten\\\/schwalbe-sv10-40-62x507-presta-removable-core-40-mm\\\/#primaryimage\",\"url\":\"https:\\\/\\\/vmsport.fi\\\/wp-content\\\/uploads\\\/2025\\\/03\\\/skLUzxp93vs16CaoxEVt4Yn5tfyNHhmtnXBFGr5mbG05n0IeUG-1.jpg\",\"contentUrl\":\"https:\\\/\\\/vmsport.fi\\\/wp-content\\\/uploads\\\/2025\\\/03\\\/skLUzxp93vs16CaoxEVt4Yn5tfyNHhmtnXBFGr5mbG05n0IeUG-1.jpg\",\"width\":800,\"height\":800,\"caption\":\"skLUzxp93vs16CaoxEVt4Yn5tfyNHhmtnXBFGr5mbG05n0IeUG\"},{\"@type\":\"BreadcrumbList\",\"@id\":\"https:\\\/\\\/vmsport.fi\\\/verkkokauppa\\\/renkaat\\\/sisarenkaat\\\/lasten\\\/schwalbe-sv10-40-62x507-presta-removable-core-40-mm\\\/#breadcrumb\",\"itemListElement\":[{\"@type\":\"ListItem\",\"position\":1,\"name\":\"Etusivu\",\"item\":\"https:\\\/\\\/vmsport.fi\\\/\"},{\"@type\":\"ListItem\",\"position\":2,\"name\":\"Online Store\",\"item\":\"https:\\\/\\\/vmsport.fi\\\/en\\\/online-store\\\/\"},{\"@type\":\"ListItem\",\"position\":3,\"name\":\"SCHWALBE SV10 (40-62&#215;507) Presta (Removable core) 40 mm\"}]},{\"@type\":\"WebSite\",\"@id\":\"https:\\\/\\\/vmsport.fi\\\/#website\",\"url\":\"https:\\\/\\\/vmsport.fi\\\/\",\"name\":\"Vmsport\",\"description\":\"Kaikki py\u00f6r\u00e4ilyyn yhdest\u00e4 paikasta\",\"publisher\":{\"@id\":\"https:\\\/\\\/vmsport.fi\\\/#organization\"},\"potentialAction\":[{\"@type\":\"SearchAction\",\"target\":{\"@type\":\"EntryPoint\",\"urlTemplate\":\"https:\\\/\\\/vmsport.fi\\\/?s={search_term_string}\"},\"query-input\":{\"@type\":\"PropertyValueSpecification\",\"valueRequired\":true,\"valueName\":\"search_term_string\"}}],\"inLanguage\":\"sv-SE\"},{\"@type\":\"Organization\",\"@id\":\"https:\\\/\\\/vmsport.fi\\\/#organization\",\"name\":\"Vmsport\",\"url\":\"https:\\\/\\\/vmsport.fi\\\/\",\"logo\":{\"@type\":\"ImageObject\",\"inLanguage\":\"sv-SE\",\"@id\":\"https:\\\/\\\/vmsport.fi\\\/#\\\/schema\\\/logo\\\/image\\\/\",\"url\":\"https:\\\/\\\/vmsport.fi\\\/wp-content\\\/uploads\\\/2024\\\/12\\\/vm_sport_RGB_horisontal-e1734526017575.png\",\"contentUrl\":\"https:\\\/\\\/vmsport.fi\\\/wp-content\\\/uploads\\\/2024\\\/12\\\/vm_sport_RGB_horisontal-e1734526017575.png\",\"width\":668,\"height\":85,\"caption\":\"Vmsport\"},\"image\":{\"@id\":\"https:\\\/\\\/vmsport.fi\\\/#\\\/schema\\\/logo\\\/image\\\/\"},\"sameAs\":[\"https:\\\/\\\/www.facebook.com\\\/Vmsport.fi\\\/\",\"https:\\\/\\\/www.instagram.com\\\/vmsport\\\/\"]}]}<\/script>\n<!-- \/ Yoast SEO plugin. -->","yoast_head_json":{"title":"SCHWALBE SV10 (40-62x507) Presta (avtagbar k\u00e4rna) 40 mm - VM Sport","robots":{"index":"index","follow":"follow","max-snippet":"max-snippet:-1","max-image-preview":"max-image-preview:large","max-video-preview":"max-video-preview:-1"},"canonical":"https:\/\/vmsport.fi\/sv\/webbutik\/dack\/systerdack\/barn\/schwalbe-sv10-40-62x507-presta-avtagbar-karna-40-mm\/","og_locale":"sv_SE","og_type":"article","og_title":"SCHWALBE SV10 (40-62x507) Presta (Removable core) 40 mm - VM Sport","og_description":"Schwalbe SV10 on huippulaadukas 24 tuuman polkupy\u00f6r\u00e4n sis\u00e4kumi, joka on suunniteltu sopimaan renkaisiin, joiden koko on 40-62&#215;507. Siin\u00e4 on Presta-venttiili, jonka irrotettava ydin helpottaa huoltoa ja venttiilin puhdistusta. T\u00e4m\u00e4 ominaisuus on erityisen hy\u00f6dyllinen py\u00f6r\u00e4ilij\u00f6ille, jotka arvostavat mukautettavuutta ja k\u00e4yt\u00f6n vaivattomuutta. Sis\u00e4kumi on valmistettu kest\u00e4vist\u00e4 materiaaleista, jotka takaavat luotettavan ja pitk\u00e4ik\u00e4isen suorituskyvyn. 40 mm venttiilin pituus [...]L\u00e4s mer \u2026 from SCHWALBE SV10 (40-62&#215;507) Presta (Removable core) 40 mm","og_url":"https:\/\/vmsport.fi\/sv\/webbutik\/dack\/systerdack\/barn\/schwalbe-sv10-40-62x507-presta-avtagbar-karna-40-mm\/","og_site_name":"VM Sport","article_publisher":"https:\/\/www.facebook.com\/Vmsport.fi\/","article_modified_time":"2026-04-02T07:20:40+00:00","og_image":[{"width":800,"height":800,"url":"https:\/\/vmsport.fi\/wp-content\/uploads\/2025\/03\/skLUzxp93vs16CaoxEVt4Yn5tfyNHhmtnXBFGr5mbG05n0IeUG-1.jpg","type":"image\/jpeg"}],"twitter_card":"summary_large_image","schema":{"@context":"https:\/\/schema.org","@graph":[{"@type":["WebPage","ItemPage"],"@id":"https:\/\/vmsport.fi\/verkkokauppa\/renkaat\/sisarenkaat\/lasten\/schwalbe-sv10-40-62x507-presta-removable-core-40-mm\/","url":"https:\/\/vmsport.fi\/verkkokauppa\/renkaat\/sisarenkaat\/lasten\/schwalbe-sv10-40-62x507-presta-removable-core-40-mm\/","name":"SCHWALBE SV10 (40-62x507) Presta (avtagbar k\u00e4rna) 40 mm - VM Sport","isPartOf":{"@id":"https:\/\/vmsport.fi\/#website"},"primaryImageOfPage":{"@id":"https:\/\/vmsport.fi\/verkkokauppa\/renkaat\/sisarenkaat\/lasten\/schwalbe-sv10-40-62x507-presta-removable-core-40-mm\/#primaryimage"},"image":{"@id":"https:\/\/vmsport.fi\/verkkokauppa\/renkaat\/sisarenkaat\/lasten\/schwalbe-sv10-40-62x507-presta-removable-core-40-mm\/#primaryimage"},"thumbnailUrl":"https:\/\/vmsport.fi\/wp-content\/uploads\/2025\/03\/skLUzxp93vs16CaoxEVt4Yn5tfyNHhmtnXBFGr5mbG05n0IeUG-1.jpg","datePublished":"2025-03-05T21:42:26+00:00","dateModified":"2026-04-02T07:20:40+00:00","breadcrumb":{"@id":"https:\/\/vmsport.fi\/verkkokauppa\/renkaat\/sisarenkaat\/lasten\/schwalbe-sv10-40-62x507-presta-removable-core-40-mm\/#breadcrumb"},"inLanguage":"sv-SE","potentialAction":[{"@type":"ReadAction","target":["https:\/\/vmsport.fi\/verkkokauppa\/renkaat\/sisarenkaat\/lasten\/schwalbe-sv10-40-62x507-presta-removable-core-40-mm\/"]}]},{"@type":"ImageObject","inLanguage":"sv-SE","@id":"https:\/\/vmsport.fi\/verkkokauppa\/renkaat\/sisarenkaat\/lasten\/schwalbe-sv10-40-62x507-presta-removable-core-40-mm\/#primaryimage","url":"https:\/\/vmsport.fi\/wp-content\/uploads\/2025\/03\/skLUzxp93vs16CaoxEVt4Yn5tfyNHhmtnXBFGr5mbG05n0IeUG-1.jpg","contentUrl":"https:\/\/vmsport.fi\/wp-content\/uploads\/2025\/03\/skLUzxp93vs16CaoxEVt4Yn5tfyNHhmtnXBFGr5mbG05n0IeUG-1.jpg","width":800,"height":800,"caption":"skLUzxp93vs16CaoxEVt4Yn5tfyNHhmtnXBFGr5mbG05n0IeUG"},{"@type":"BreadcrumbList","@id":"https:\/\/vmsport.fi\/verkkokauppa\/renkaat\/sisarenkaat\/lasten\/schwalbe-sv10-40-62x507-presta-removable-core-40-mm\/#breadcrumb","itemListElement":[{"@type":"ListItem","position":1,"name":"Etusivu","item":"https:\/\/vmsport.fi\/"},{"@type":"ListItem","position":2,"name":"Online Store","item":"https:\/\/vmsport.fi\/en\/online-store\/"},{"@type":"ListItem","position":3,"name":"SCHWALBE SV10 (40-62&#215;507) Presta (Removable core) 40 mm"}]},{"@type":"WebSite","@id":"https:\/\/vmsport.fi\/#website","url":"https:\/\/vmsport.fi\/","name":"Vmsport","description":"Allt p\u00e5 ett st\u00e4lle f\u00f6r cykling","publisher":{"@id":"https:\/\/vmsport.fi\/#organization"},"potentialAction":[{"@type":"SearchAction","target":{"@type":"EntryPoint","urlTemplate":"https:\/\/vmsport.fi\/?s={search_term_string}"},"query-input":{"@type":"PropertyValueSpecification","valueRequired":true,"valueName":"search_term_string"}}],"inLanguage":"sv-SE"},{"@type":"Organization","@id":"https:\/\/vmsport.fi\/#organization","name":"Vmsport","url":"https:\/\/vmsport.fi\/","logo":{"@type":"ImageObject","inLanguage":"sv-SE","@id":"https:\/\/vmsport.fi\/#\/schema\/logo\/image\/","url":"https:\/\/vmsport.fi\/wp-content\/uploads\/2024\/12\/vm_sport_RGB_horisontal-e1734526017575.png","contentUrl":"https:\/\/vmsport.fi\/wp-content\/uploads\/2024\/12\/vm_sport_RGB_horisontal-e1734526017575.png","width":668,"height":85,"caption":"Vmsport"},"image":{"@id":"https:\/\/vmsport.fi\/#\/schema\/logo\/image\/"},"sameAs":["https:\/\/www.facebook.com\/Vmsport.fi\/","https:\/\/www.instagram.com\/vmsport\/"]}]}},"global_unique_id":"","_links":{"self":[{"href":"https:\/\/vmsport.fi\/sv\/wp-json\/wp\/v2\/product\/53538","targetHints":{"allow":["GET"]}}],"collection":[{"href":"https:\/\/vmsport.fi\/sv\/wp-json\/wp\/v2\/product"}],"about":[{"href":"https:\/\/vmsport.fi\/sv\/wp-json\/wp\/v2\/types\/product"}],"replies":[{"embeddable":true,"href":"https:\/\/vmsport.fi\/sv\/wp-json\/wp\/v2\/comments?post=53538"}],"wp:featuredmedia":[{"embeddable":true,"href":"https:\/\/vmsport.fi\/sv\/wp-json\/wp\/v2\/media\/53537"}],"wp:attachment":[{"href":"https:\/\/vmsport.fi\/sv\/wp-json\/wp\/v2\/media?parent=53538"}],"wp:term":[{"taxonomy":"product_brand","embeddable":true,"href":"https:\/\/vmsport.fi\/sv\/wp-json\/wp\/v2\/product_brand?post=53538"},{"taxonomy":"product_model","embeddable":true,"href":"https:\/\/vmsport.fi\/sv\/wp-json\/wp\/v2\/product_model?post=53538"},{"taxonomy":"product_cat","embeddable":true,"href":"https:\/\/vmsport.fi\/sv\/wp-json\/wp\/v2\/product_cat?post=53538"},{"taxonomy":"product_tag","embeddable":true,"href":"https:\/\/vmsport.fi\/sv\/wp-json\/wp\/v2\/product_tag?post=53538"},{"taxonomy":"industry_terminology","embeddable":true,"href":"https:\/\/vmsport.fi\/sv\/wp-json\/wp\/v2\/industry-terminology?post=53538"}],"curies":[{"name":"wp","href":"https:\/\/api.w.org\/{rel}","templated":true}]}}