{"id":53536,"date":"2025-03-05T23:42:25","date_gmt":"2025-03-05T21:42:25","guid":{"rendered":"https:\/\/vmsport.fi\/verkkokauppa\/Ei-luokiteltu\/kampisarja-12-v-single-170mm-32t-fc-mt510-1-deore-musta\/"},"modified":"2026-04-22T15:07:40","modified_gmt":"2026-04-22T12:07:40","slug":"kampisarja-12-v-single-170mm-32t-fc-mt510-1-deore-musta","status":"publish","type":"product","link":"https:\/\/vmsport.fi\/sv\/verkkokauppa\/varaosat\/voimansiirto\/kampisarjat\/kampisarja-12-v-single-170mm-32t-fc-mt510-1-deore-musta\/","title":{"rendered":"Vevsats 12-v singel 170mm 32T FC-MT510-1 Deore svart"},"content":{"rendered":"<p>Shimano FC-MT510-1 kampisarja on suunniteltu monipuoliseen maasto-, kaupunki- ja retkipy\u00f6r\u00e4ilyyn. T\u00e4m\u00e4 kampisarja, joka on yhteensopiva Shimano 1&#215;12-vaihteisten j\u00e4rjestelmien kanssa, hy\u00f6dynt\u00e4\u00e4 HG 12-vaihteisia ketjuja. Vahva, ter\u00e4ksinen 32-hampainen eturatas varmistaa tehokkaan voimansiirron, kun taas kevyt, 170 mm pitk\u00e4 alumiininen kampivarsi tuo mukanaan kest\u00e4vyytt\u00e4 ja keveytt\u00e4. Kampisarjan 24 mm akseli sopii yhteen Hollowtech II -keski\u00f6laakereiden kanssa.<\/p>\n<p>Poljinasentojen mukavuuden takaa 177 mm Q-tekij\u00e4. Dynaaminen ketjun sitoutuminen+ -tekniikka huolehtii ketjun pysyvyydest\u00e4 ja v\u00e4hent\u00e4\u00e4 kulumista. Yksiosainen rakenne parantaa j\u00e4ykkyytt\u00e4, mik\u00e4 tekee voimansiirrosta sujuvampaa, ja ep\u00e4symmetrinen nelivartinen 96 mm pulttijako lis\u00e4\u00e4 v\u00e4\u00e4nt\u00f6j\u00e4ykkyytt\u00e4. Tyylik\u00e4s musta v\u00e4ri t\u00e4ydent\u00e4\u00e4 t\u00e4m\u00e4n laadukkaan ja luotettavan komponentin, joka selviytyy loistavasti eri maastojen haasteista.<\/p>","protected":false},"excerpt":{"rendered":"<p>Shimano FC-MT510-1 kampisarja on suunniteltu monipuoliseen maasto-, kaupunki- ja retkipy\u00f6r\u00e4ilyyn. T\u00e4m\u00e4 kampisarja, joka on yhteensopiva Shimano 1&#215;12-vaihteisten j\u00e4rjestelmien kanssa, hy\u00f6dynt\u00e4\u00e4 HG 12-vaihteisia ketjuja. Vahva, ter\u00e4ksinen 32-hampainen eturatas varmistaa tehokkaan voimansiirron, kun taas kevyt, 170 mm pitk\u00e4 alumiininen kampivarsi tuo mukanaan kest\u00e4vyytt\u00e4 ja keveytt\u00e4. Kampisarjan 24 mm akseli sopii yhteen Hollowtech II -keski\u00f6laakereiden kanssa. Poljinasentojen mukavuuden [&#8230;]<\/p>\n<p><a class=\"btn btn-secondary understrap-read-more-link\" href=\"https:\/\/vmsport.fi\/sv\/verkkokauppa\/varaosat\/voimansiirto\/kampisarjat\/kampisarja-12-v-single-170mm-32t-fc-mt510-1-deore-musta\/\">L\u00e4s mer \u2026<span class=\"screen-reader-text\"> from Kampisarja 12-v single 170mm 32T FC-MT510-1 Deore musta<\/span><\/a><\/p>\n","protected":false},"featured_media":53535,"comment_status":"open","ping_status":"closed","template":"","meta":{"_acf_changed":false,"_improvement_type_select":"improve_an_existing","_thumb_yes_seoaic":false,"_frame_yes_seoaic":false,"seoaic_generate_description":"","seoaic_improve_instructions_prompt":"","seoaic_rollback_content_improvement":"","seoaic_idea_thumbnail_generator":"","thumbnail_generated":false,"thumbnail_generate_prompt":"","seoaic_article_description":"","_supplier_stock_quantity":0},"product_brand":[],"product_model":[],"product_cat":[9346],"product_tag":[],"industry-terminology":[],"class_list":{"0":"post-53536","1":"product","2":"type-product","3":"status-publish","4":"has-post-thumbnail","6":"product_cat-kampisarjat","8":"first","9":"outofstock","10":"taxable","11":"shipping-taxable","12":"product-type-simple"},"acf":{"bike_features":null,"overview":{"copy_overview":null,"key_features":null,"statement":"","youtube_url":""}},"yoast_head":"<!-- This site is optimized with the Yoast SEO plugin v27.4 - https:\/\/yoast.com\/product\/yoast-seo-wordpress\/ -->\n<title>Kampisarja 12-v single 170mm 32T FC-MT510-1 Deore musta - VM Sport<\/title>\n<meta name=\"robots\" content=\"index, follow, max-snippet:-1, max-image-preview:large, max-video-preview:-1\" \/>\n<link rel=\"canonical\" href=\"https:\/\/vmsport.fi\/sv\/webbutik\/reservdelar\/transmission\/kamningssats\/kampisarja-12-v-single-170mm-32t-fc-mt510-1-deore-musta\/\" \/>\n<meta property=\"og:locale\" content=\"sv_SE\" \/>\n<meta property=\"og:type\" content=\"article\" \/>\n<meta property=\"og:title\" content=\"Kampisarja 12-v single 170mm 32T FC-MT510-1 Deore musta - VM Sport\" \/>\n<meta property=\"og:description\" content=\"Shimano FC-MT510-1 kampisarja on suunniteltu monipuoliseen maasto-, kaupunki- ja retkipy\u00f6r\u00e4ilyyn. T\u00e4m\u00e4 kampisarja, joka on yhteensopiva Shimano 1&#215;12-vaihteisten j\u00e4rjestelmien kanssa, hy\u00f6dynt\u00e4\u00e4 HG 12-vaihteisia ketjuja. Vahva, ter\u00e4ksinen 32-hampainen eturatas varmistaa tehokkaan voimansiirron, kun taas kevyt, 170 mm pitk\u00e4 alumiininen kampivarsi tuo mukanaan kest\u00e4vyytt\u00e4 ja keveytt\u00e4. Kampisarjan 24 mm akseli sopii yhteen Hollowtech II -keski\u00f6laakereiden kanssa. Poljinasentojen mukavuuden [...]L\u00e4s mer \u2026 from Kampisarja 12-v single 170mm 32T FC-MT510-1 Deore musta\" \/>\n<meta property=\"og:url\" content=\"https:\/\/vmsport.fi\/sv\/webbutik\/reservdelar\/transmission\/kamningssats\/kampisarja-12-v-single-170mm-32t-fc-mt510-1-deore-musta\/\" \/>\n<meta property=\"og:site_name\" content=\"VM Sport\" \/>\n<meta property=\"article:publisher\" content=\"https:\/\/www.facebook.com\/Vmsport.fi\/\" \/>\n<meta property=\"article:modified_time\" content=\"2026-04-22T12:07:40+00:00\" \/>\n<meta property=\"og:image\" content=\"https:\/\/vmsport.fi\/wp-content\/uploads\/2025\/03\/qtR5R2tZrvgX4g9ByPa074WAymWOG79bc04Sc1EvgqJKA8VRNO-1.jpg\" \/>\n\t<meta property=\"og:image:width\" content=\"600\" \/>\n\t<meta property=\"og:image:height\" content=\"600\" \/>\n\t<meta property=\"og:image:type\" content=\"image\/jpeg\" \/>\n<meta name=\"twitter:card\" content=\"summary_large_image\" \/>\n<meta name=\"twitter:label1\" content=\"Ber\u00e4knad l\u00e4stid\" \/>\n\t<meta name=\"twitter:data1\" content=\"1 minut\" \/>\n<script type=\"application\/ld+json\" class=\"yoast-schema-graph\">{\"@context\":\"https:\\\/\\\/schema.org\",\"@graph\":[{\"@type\":[\"WebPage\",\"ItemPage\"],\"@id\":\"https:\\\/\\\/vmsport.fi\\\/verkkokauppa\\\/varaosat\\\/voimansiirto\\\/kampisarjat\\\/kampisarja-12-v-single-170mm-32t-fc-mt510-1-deore-musta\\\/\",\"url\":\"https:\\\/\\\/vmsport.fi\\\/verkkokauppa\\\/varaosat\\\/voimansiirto\\\/kampisarjat\\\/kampisarja-12-v-single-170mm-32t-fc-mt510-1-deore-musta\\\/\",\"name\":\"Kampisarja 12-v single 170mm 32T FC-MT510-1 Deore musta - VM Sport\",\"isPartOf\":{\"@id\":\"https:\\\/\\\/vmsport.fi\\\/#website\"},\"primaryImageOfPage\":{\"@id\":\"https:\\\/\\\/vmsport.fi\\\/verkkokauppa\\\/varaosat\\\/voimansiirto\\\/kampisarjat\\\/kampisarja-12-v-single-170mm-32t-fc-mt510-1-deore-musta\\\/#primaryimage\"},\"image\":{\"@id\":\"https:\\\/\\\/vmsport.fi\\\/verkkokauppa\\\/varaosat\\\/voimansiirto\\\/kampisarjat\\\/kampisarja-12-v-single-170mm-32t-fc-mt510-1-deore-musta\\\/#primaryimage\"},\"thumbnailUrl\":\"https:\\\/\\\/vmsport.fi\\\/wp-content\\\/uploads\\\/2025\\\/03\\\/qtR5R2tZrvgX4g9ByPa074WAymWOG79bc04Sc1EvgqJKA8VRNO-1.jpg\",\"datePublished\":\"2025-03-05T21:42:25+00:00\",\"dateModified\":\"2026-04-22T12:07:40+00:00\",\"breadcrumb\":{\"@id\":\"https:\\\/\\\/vmsport.fi\\\/verkkokauppa\\\/varaosat\\\/voimansiirto\\\/kampisarjat\\\/kampisarja-12-v-single-170mm-32t-fc-mt510-1-deore-musta\\\/#breadcrumb\"},\"inLanguage\":\"sv-SE\",\"potentialAction\":[{\"@type\":\"ReadAction\",\"target\":[\"https:\\\/\\\/vmsport.fi\\\/verkkokauppa\\\/varaosat\\\/voimansiirto\\\/kampisarjat\\\/kampisarja-12-v-single-170mm-32t-fc-mt510-1-deore-musta\\\/\"]}]},{\"@type\":\"ImageObject\",\"inLanguage\":\"sv-SE\",\"@id\":\"https:\\\/\\\/vmsport.fi\\\/verkkokauppa\\\/varaosat\\\/voimansiirto\\\/kampisarjat\\\/kampisarja-12-v-single-170mm-32t-fc-mt510-1-deore-musta\\\/#primaryimage\",\"url\":\"https:\\\/\\\/vmsport.fi\\\/wp-content\\\/uploads\\\/2025\\\/03\\\/qtR5R2tZrvgX4g9ByPa074WAymWOG79bc04Sc1EvgqJKA8VRNO-1.jpg\",\"contentUrl\":\"https:\\\/\\\/vmsport.fi\\\/wp-content\\\/uploads\\\/2025\\\/03\\\/qtR5R2tZrvgX4g9ByPa074WAymWOG79bc04Sc1EvgqJKA8VRNO-1.jpg\",\"width\":600,\"height\":600,\"caption\":\"qtR5R2tZrvgX4g9ByPa074WAymWOG79bc04Sc1EvgqJKA8VRNO\"},{\"@type\":\"BreadcrumbList\",\"@id\":\"https:\\\/\\\/vmsport.fi\\\/verkkokauppa\\\/varaosat\\\/voimansiirto\\\/kampisarjat\\\/kampisarja-12-v-single-170mm-32t-fc-mt510-1-deore-musta\\\/#breadcrumb\",\"itemListElement\":[{\"@type\":\"ListItem\",\"position\":1,\"name\":\"Etusivu\",\"item\":\"https:\\\/\\\/vmsport.fi\\\/\"},{\"@type\":\"ListItem\",\"position\":2,\"name\":\"Online Store\",\"item\":\"https:\\\/\\\/vmsport.fi\\\/en\\\/online-store\\\/\"},{\"@type\":\"ListItem\",\"position\":3,\"name\":\"Kampisarja 12-v single 170mm 32T FC-MT510-1 Deore musta\"}]},{\"@type\":\"WebSite\",\"@id\":\"https:\\\/\\\/vmsport.fi\\\/#website\",\"url\":\"https:\\\/\\\/vmsport.fi\\\/\",\"name\":\"Vmsport\",\"description\":\"Kaikki py\u00f6r\u00e4ilyyn yhdest\u00e4 paikasta\",\"publisher\":{\"@id\":\"https:\\\/\\\/vmsport.fi\\\/#organization\"},\"potentialAction\":[{\"@type\":\"SearchAction\",\"target\":{\"@type\":\"EntryPoint\",\"urlTemplate\":\"https:\\\/\\\/vmsport.fi\\\/?s={search_term_string}\"},\"query-input\":{\"@type\":\"PropertyValueSpecification\",\"valueRequired\":true,\"valueName\":\"search_term_string\"}}],\"inLanguage\":\"sv-SE\"},{\"@type\":\"Organization\",\"@id\":\"https:\\\/\\\/vmsport.fi\\\/#organization\",\"name\":\"Vmsport\",\"url\":\"https:\\\/\\\/vmsport.fi\\\/\",\"logo\":{\"@type\":\"ImageObject\",\"inLanguage\":\"sv-SE\",\"@id\":\"https:\\\/\\\/vmsport.fi\\\/#\\\/schema\\\/logo\\\/image\\\/\",\"url\":\"https:\\\/\\\/vmsport.fi\\\/wp-content\\\/uploads\\\/2024\\\/12\\\/vm_sport_RGB_horisontal-e1734526017575.png\",\"contentUrl\":\"https:\\\/\\\/vmsport.fi\\\/wp-content\\\/uploads\\\/2024\\\/12\\\/vm_sport_RGB_horisontal-e1734526017575.png\",\"width\":668,\"height\":85,\"caption\":\"Vmsport\"},\"image\":{\"@id\":\"https:\\\/\\\/vmsport.fi\\\/#\\\/schema\\\/logo\\\/image\\\/\"},\"sameAs\":[\"https:\\\/\\\/www.facebook.com\\\/Vmsport.fi\\\/\",\"https:\\\/\\\/www.instagram.com\\\/vmsport\\\/\"]}]}<\/script>\n<!-- \/ Yoast SEO plugin. -->","yoast_head_json":{"title":"Kampisarja 12-v single 170mm 32T FC-MT510-1 Deore musta - VM Sport","robots":{"index":"index","follow":"follow","max-snippet":"max-snippet:-1","max-image-preview":"max-image-preview:large","max-video-preview":"max-video-preview:-1"},"canonical":"https:\/\/vmsport.fi\/sv\/webbutik\/reservdelar\/transmission\/kamningssats\/kampisarja-12-v-single-170mm-32t-fc-mt510-1-deore-musta\/","og_locale":"sv_SE","og_type":"article","og_title":"Kampisarja 12-v single 170mm 32T FC-MT510-1 Deore musta - VM Sport","og_description":"Shimano FC-MT510-1 kampisarja on suunniteltu monipuoliseen maasto-, kaupunki- ja retkipy\u00f6r\u00e4ilyyn. T\u00e4m\u00e4 kampisarja, joka on yhteensopiva Shimano 1&#215;12-vaihteisten j\u00e4rjestelmien kanssa, hy\u00f6dynt\u00e4\u00e4 HG 12-vaihteisia ketjuja. Vahva, ter\u00e4ksinen 32-hampainen eturatas varmistaa tehokkaan voimansiirron, kun taas kevyt, 170 mm pitk\u00e4 alumiininen kampivarsi tuo mukanaan kest\u00e4vyytt\u00e4 ja keveytt\u00e4. Kampisarjan 24 mm akseli sopii yhteen Hollowtech II -keski\u00f6laakereiden kanssa. Poljinasentojen mukavuuden [...]L\u00e4s mer \u2026 from Kampisarja 12-v single 170mm 32T FC-MT510-1 Deore musta","og_url":"https:\/\/vmsport.fi\/sv\/webbutik\/reservdelar\/transmission\/kamningssats\/kampisarja-12-v-single-170mm-32t-fc-mt510-1-deore-musta\/","og_site_name":"VM Sport","article_publisher":"https:\/\/www.facebook.com\/Vmsport.fi\/","article_modified_time":"2026-04-22T12:07:40+00:00","og_image":[{"width":600,"height":600,"url":"https:\/\/vmsport.fi\/wp-content\/uploads\/2025\/03\/qtR5R2tZrvgX4g9ByPa074WAymWOG79bc04Sc1EvgqJKA8VRNO-1.jpg","type":"image\/jpeg"}],"twitter_card":"summary_large_image","twitter_misc":{"Ber\u00e4knad l\u00e4stid":"1 minut"},"schema":{"@context":"https:\/\/schema.org","@graph":[{"@type":["WebPage","ItemPage"],"@id":"https:\/\/vmsport.fi\/verkkokauppa\/varaosat\/voimansiirto\/kampisarjat\/kampisarja-12-v-single-170mm-32t-fc-mt510-1-deore-musta\/","url":"https:\/\/vmsport.fi\/verkkokauppa\/varaosat\/voimansiirto\/kampisarjat\/kampisarja-12-v-single-170mm-32t-fc-mt510-1-deore-musta\/","name":"Kampisarja 12-v single 170mm 32T FC-MT510-1 Deore musta - VM Sport","isPartOf":{"@id":"https:\/\/vmsport.fi\/#website"},"primaryImageOfPage":{"@id":"https:\/\/vmsport.fi\/verkkokauppa\/varaosat\/voimansiirto\/kampisarjat\/kampisarja-12-v-single-170mm-32t-fc-mt510-1-deore-musta\/#primaryimage"},"image":{"@id":"https:\/\/vmsport.fi\/verkkokauppa\/varaosat\/voimansiirto\/kampisarjat\/kampisarja-12-v-single-170mm-32t-fc-mt510-1-deore-musta\/#primaryimage"},"thumbnailUrl":"https:\/\/vmsport.fi\/wp-content\/uploads\/2025\/03\/qtR5R2tZrvgX4g9ByPa074WAymWOG79bc04Sc1EvgqJKA8VRNO-1.jpg","datePublished":"2025-03-05T21:42:25+00:00","dateModified":"2026-04-22T12:07:40+00:00","breadcrumb":{"@id":"https:\/\/vmsport.fi\/verkkokauppa\/varaosat\/voimansiirto\/kampisarjat\/kampisarja-12-v-single-170mm-32t-fc-mt510-1-deore-musta\/#breadcrumb"},"inLanguage":"sv-SE","potentialAction":[{"@type":"ReadAction","target":["https:\/\/vmsport.fi\/verkkokauppa\/varaosat\/voimansiirto\/kampisarjat\/kampisarja-12-v-single-170mm-32t-fc-mt510-1-deore-musta\/"]}]},{"@type":"ImageObject","inLanguage":"sv-SE","@id":"https:\/\/vmsport.fi\/verkkokauppa\/varaosat\/voimansiirto\/kampisarjat\/kampisarja-12-v-single-170mm-32t-fc-mt510-1-deore-musta\/#primaryimage","url":"https:\/\/vmsport.fi\/wp-content\/uploads\/2025\/03\/qtR5R2tZrvgX4g9ByPa074WAymWOG79bc04Sc1EvgqJKA8VRNO-1.jpg","contentUrl":"https:\/\/vmsport.fi\/wp-content\/uploads\/2025\/03\/qtR5R2tZrvgX4g9ByPa074WAymWOG79bc04Sc1EvgqJKA8VRNO-1.jpg","width":600,"height":600,"caption":"qtR5R2tZrvgX4g9ByPa074WAymWOG79bc04Sc1EvgqJKA8VRNO"},{"@type":"BreadcrumbList","@id":"https:\/\/vmsport.fi\/verkkokauppa\/varaosat\/voimansiirto\/kampisarjat\/kampisarja-12-v-single-170mm-32t-fc-mt510-1-deore-musta\/#breadcrumb","itemListElement":[{"@type":"ListItem","position":1,"name":"Etusivu","item":"https:\/\/vmsport.fi\/"},{"@type":"ListItem","position":2,"name":"Online Store","item":"https:\/\/vmsport.fi\/en\/online-store\/"},{"@type":"ListItem","position":3,"name":"Kampisarja 12-v single 170mm 32T FC-MT510-1 Deore musta"}]},{"@type":"WebSite","@id":"https:\/\/vmsport.fi\/#website","url":"https:\/\/vmsport.fi\/","name":"Vmsport","description":"Allt p\u00e5 ett st\u00e4lle f\u00f6r cykling","publisher":{"@id":"https:\/\/vmsport.fi\/#organization"},"potentialAction":[{"@type":"SearchAction","target":{"@type":"EntryPoint","urlTemplate":"https:\/\/vmsport.fi\/?s={search_term_string}"},"query-input":{"@type":"PropertyValueSpecification","valueRequired":true,"valueName":"search_term_string"}}],"inLanguage":"sv-SE"},{"@type":"Organization","@id":"https:\/\/vmsport.fi\/#organization","name":"Vmsport","url":"https:\/\/vmsport.fi\/","logo":{"@type":"ImageObject","inLanguage":"sv-SE","@id":"https:\/\/vmsport.fi\/#\/schema\/logo\/image\/","url":"https:\/\/vmsport.fi\/wp-content\/uploads\/2024\/12\/vm_sport_RGB_horisontal-e1734526017575.png","contentUrl":"https:\/\/vmsport.fi\/wp-content\/uploads\/2024\/12\/vm_sport_RGB_horisontal-e1734526017575.png","width":668,"height":85,"caption":"Vmsport"},"image":{"@id":"https:\/\/vmsport.fi\/#\/schema\/logo\/image\/"},"sameAs":["https:\/\/www.facebook.com\/Vmsport.fi\/","https:\/\/www.instagram.com\/vmsport\/"]}]}},"global_unique_id":"","_links":{"self":[{"href":"https:\/\/vmsport.fi\/sv\/wp-json\/wp\/v2\/product\/53536","targetHints":{"allow":["GET"]}}],"collection":[{"href":"https:\/\/vmsport.fi\/sv\/wp-json\/wp\/v2\/product"}],"about":[{"href":"https:\/\/vmsport.fi\/sv\/wp-json\/wp\/v2\/types\/product"}],"replies":[{"embeddable":true,"href":"https:\/\/vmsport.fi\/sv\/wp-json\/wp\/v2\/comments?post=53536"}],"wp:featuredmedia":[{"embeddable":true,"href":"https:\/\/vmsport.fi\/sv\/wp-json\/wp\/v2\/media\/53535"}],"wp:attachment":[{"href":"https:\/\/vmsport.fi\/sv\/wp-json\/wp\/v2\/media?parent=53536"}],"wp:term":[{"taxonomy":"product_brand","embeddable":true,"href":"https:\/\/vmsport.fi\/sv\/wp-json\/wp\/v2\/product_brand?post=53536"},{"taxonomy":"product_model","embeddable":true,"href":"https:\/\/vmsport.fi\/sv\/wp-json\/wp\/v2\/product_model?post=53536"},{"taxonomy":"product_cat","embeddable":true,"href":"https:\/\/vmsport.fi\/sv\/wp-json\/wp\/v2\/product_cat?post=53536"},{"taxonomy":"product_tag","embeddable":true,"href":"https:\/\/vmsport.fi\/sv\/wp-json\/wp\/v2\/product_tag?post=53536"},{"taxonomy":"industry_terminology","embeddable":true,"href":"https:\/\/vmsport.fi\/sv\/wp-json\/wp\/v2\/industry-terminology?post=53536"}],"curies":[{"name":"wp","href":"https:\/\/api.w.org\/{rel}","templated":true}]}}