{"id":53522,"date":"2025-03-05T23:42:16","date_gmt":"2025-03-05T21:42:16","guid":{"rendered":"https:\/\/vmsport.fi\/verkkokauppa\/Ei-luokiteltu\/kasetti-12v-10-51-cs-m6100-12-deore\/"},"modified":"2026-04-22T15:07:41","modified_gmt":"2026-04-22T12:07:41","slug":"kassett-12v-10-51-cs-m6100-12-deore","status":"publish","type":"product","link":"https:\/\/vmsport.fi\/sv\/verkkokauppa\/varaosat\/voimansiirto\/takarattaat\/kasetti-12v-10-51-cs-m6100-12-deore\/","title":{"rendered":"Patron 12v 10-51 CS-M6100-12 Deore"},"content":{"rendered":"<p>Kassett 12v 10-51 CS-M6100-12 Deore \u00e4r utformad f\u00f6r mountainbike och erbjuder p\u00e5litliga och mjuka v\u00e4xlingar. Hyperglide-tekniken ger mjuka \u00f6verg\u00e5ngar mellan t\u00e4nderna, vilket g\u00f6r cyklingen bekv\u00e4m \u00e4ven vid h\u00f6g belastning. L\u00e4ttviktskonstruktion och borrade kuggar minskar vikten utan att kompromissa med styvheten. Kassetten har en bred utv\u00e4xling p\u00e5 10-51T och m\u00f6jligg\u00f6r en energieffektiv k\u00f6rst\u00e4llning genom att f\u00f6rb\u00e4ttra kontrollen \u00f6ver pedalrytmen. Den h\u00e4r ekologiska kassetten \u00e4r kompatibel med 12-v\u00e4xlade MTB-vevar och v\u00e4ger ca 534 gram. Den v\u00e4nder sig till den kr\u00e4vande cyklisten som uppskattar effektiv energihantering och optimerad viktf\u00f6rdelning.<\/p>","protected":false},"excerpt":{"rendered":"<p>Kasetti 12v 10-51 CS-M6100-12 Deore on kehitetty maastopy\u00f6r\u00e4ilyyn, tarjoten luotettavat ja sujuvat vaihdot. Hyperglide-teknologia takaa pehme\u00e4t siirtym\u00e4t hampaiden v\u00e4lill\u00e4, mik\u00e4 tekee ajamisesta mukavaa my\u00f6s raskaassa k\u00e4yt\u00f6ss\u00e4. Kevyt rakenne ja poratut rattaat v\u00e4hent\u00e4v\u00e4t painoa ilman kompromisseja j\u00e4ykkyydest\u00e4. Laajan 10-51T v\u00e4lityssuhteen ansiosta t\u00e4m\u00e4 kasetti mahdollistaa energiatehokkaan ajoasennon, sill\u00e4 se parantaa polkemisen rytmin hallintaa. Yhteensopiva 12-vaihteisten MTB-ketjujen kanssa, [&#8230;]<\/p>\n<p><a class=\"btn btn-secondary understrap-read-more-link\" href=\"https:\/\/vmsport.fi\/sv\/verkkokauppa\/varaosat\/voimansiirto\/takarattaat\/kasetti-12v-10-51-cs-m6100-12-deore\/\">L\u00e4s mer \u2026<span class=\"screen-reader-text\"> from Kasetti 12v 10-51 CS-M6100-12 Deore<\/span><\/a><\/p>\n","protected":false},"featured_media":53521,"comment_status":"open","ping_status":"closed","template":"","meta":{"_acf_changed":false,"_improvement_type_select":"improve_an_existing","_thumb_yes_seoaic":false,"_frame_yes_seoaic":false,"seoaic_generate_description":"","seoaic_improve_instructions_prompt":"","seoaic_rollback_content_improvement":"","seoaic_idea_thumbnail_generator":"","thumbnail_generated":false,"thumbnail_generate_prompt":"","seoaic_article_description":"","_supplier_stock_quantity":0},"product_brand":[],"product_model":[],"product_cat":[9348],"product_tag":[],"industry-terminology":[],"class_list":{"0":"post-53522","1":"product","2":"type-product","3":"status-publish","4":"has-post-thumbnail","6":"product_cat-takarattaat","8":"first","9":"instock","10":"taxable","11":"shipping-taxable","12":"purchasable","13":"product-type-simple"},"acf":{"bike_features":null,"overview":{"copy_overview":null,"key_features":null,"statement":"","youtube_url":""}},"yoast_head":"<!-- This site is optimized with the Yoast SEO plugin v27.4 - https:\/\/yoast.com\/product\/yoast-seo-wordpress\/ -->\n<title>Kasetti 12v 10-51 CS-M6100-12 Deore - VM Sport<\/title>\n<meta name=\"robots\" content=\"index, follow, max-snippet:-1, max-image-preview:large, max-video-preview:-1\" \/>\n<link rel=\"canonical\" href=\"https:\/\/vmsport.fi\/sv\/webbutik\/reservdelar\/transmission\/takarattaat\/kassett-12v-10-51-cs-m6100-12-deore\/\" \/>\n<meta property=\"og:locale\" content=\"sv_SE\" \/>\n<meta property=\"og:type\" content=\"article\" \/>\n<meta property=\"og:title\" content=\"Kasetti 12v 10-51 CS-M6100-12 Deore - VM Sport\" \/>\n<meta property=\"og:description\" content=\"Kasetti 12v 10-51 CS-M6100-12 Deore on kehitetty maastopy\u00f6r\u00e4ilyyn, tarjoten luotettavat ja sujuvat vaihdot. Hyperglide-teknologia takaa pehme\u00e4t siirtym\u00e4t hampaiden v\u00e4lill\u00e4, mik\u00e4 tekee ajamisesta mukavaa my\u00f6s raskaassa k\u00e4yt\u00f6ss\u00e4. Kevyt rakenne ja poratut rattaat v\u00e4hent\u00e4v\u00e4t painoa ilman kompromisseja j\u00e4ykkyydest\u00e4. Laajan 10-51T v\u00e4lityssuhteen ansiosta t\u00e4m\u00e4 kasetti mahdollistaa energiatehokkaan ajoasennon, sill\u00e4 se parantaa polkemisen rytmin hallintaa. Yhteensopiva 12-vaihteisten MTB-ketjujen kanssa, [...]L\u00e4s mer \u2026 from Kasetti 12v 10-51 CS-M6100-12 Deore\" \/>\n<meta property=\"og:url\" content=\"https:\/\/vmsport.fi\/sv\/webbutik\/reservdelar\/transmission\/takarattaat\/kassett-12v-10-51-cs-m6100-12-deore\/\" \/>\n<meta property=\"og:site_name\" content=\"VM Sport\" \/>\n<meta property=\"article:publisher\" content=\"https:\/\/www.facebook.com\/Vmsport.fi\/\" \/>\n<meta property=\"article:modified_time\" content=\"2026-04-22T12:07:41+00:00\" \/>\n<meta property=\"og:image\" content=\"https:\/\/vmsport.fi\/wp-content\/uploads\/2025\/03\/20200421-CS-M6100-120-51T-Cassette-1.jpg\" \/>\n\t<meta property=\"og:image:width\" content=\"600\" \/>\n\t<meta property=\"og:image:height\" content=\"600\" \/>\n\t<meta property=\"og:image:type\" content=\"image\/jpeg\" \/>\n<meta name=\"twitter:card\" content=\"summary_large_image\" \/>\n<script type=\"application\/ld+json\" class=\"yoast-schema-graph\">{\"@context\":\"https:\\\/\\\/schema.org\",\"@graph\":[{\"@type\":[\"WebPage\",\"ItemPage\"],\"@id\":\"https:\\\/\\\/vmsport.fi\\\/verkkokauppa\\\/varaosat\\\/voimansiirto\\\/takarattaat\\\/kasetti-12v-10-51-cs-m6100-12-deore\\\/\",\"url\":\"https:\\\/\\\/vmsport.fi\\\/verkkokauppa\\\/varaosat\\\/voimansiirto\\\/takarattaat\\\/kasetti-12v-10-51-cs-m6100-12-deore\\\/\",\"name\":\"Kasetti 12v 10-51 CS-M6100-12 Deore - VM Sport\",\"isPartOf\":{\"@id\":\"https:\\\/\\\/vmsport.fi\\\/#website\"},\"primaryImageOfPage\":{\"@id\":\"https:\\\/\\\/vmsport.fi\\\/verkkokauppa\\\/varaosat\\\/voimansiirto\\\/takarattaat\\\/kasetti-12v-10-51-cs-m6100-12-deore\\\/#primaryimage\"},\"image\":{\"@id\":\"https:\\\/\\\/vmsport.fi\\\/verkkokauppa\\\/varaosat\\\/voimansiirto\\\/takarattaat\\\/kasetti-12v-10-51-cs-m6100-12-deore\\\/#primaryimage\"},\"thumbnailUrl\":\"https:\\\/\\\/vmsport.fi\\\/wp-content\\\/uploads\\\/2025\\\/03\\\/20200421-CS-M6100-120-51T-Cassette-1.jpg\",\"datePublished\":\"2025-03-05T21:42:16+00:00\",\"dateModified\":\"2026-04-22T12:07:41+00:00\",\"breadcrumb\":{\"@id\":\"https:\\\/\\\/vmsport.fi\\\/verkkokauppa\\\/varaosat\\\/voimansiirto\\\/takarattaat\\\/kasetti-12v-10-51-cs-m6100-12-deore\\\/#breadcrumb\"},\"inLanguage\":\"sv-SE\",\"potentialAction\":[{\"@type\":\"ReadAction\",\"target\":[\"https:\\\/\\\/vmsport.fi\\\/verkkokauppa\\\/varaosat\\\/voimansiirto\\\/takarattaat\\\/kasetti-12v-10-51-cs-m6100-12-deore\\\/\"]}]},{\"@type\":\"ImageObject\",\"inLanguage\":\"sv-SE\",\"@id\":\"https:\\\/\\\/vmsport.fi\\\/verkkokauppa\\\/varaosat\\\/voimansiirto\\\/takarattaat\\\/kasetti-12v-10-51-cs-m6100-12-deore\\\/#primaryimage\",\"url\":\"https:\\\/\\\/vmsport.fi\\\/wp-content\\\/uploads\\\/2025\\\/03\\\/20200421-CS-M6100-120-51T-Cassette-1.jpg\",\"contentUrl\":\"https:\\\/\\\/vmsport.fi\\\/wp-content\\\/uploads\\\/2025\\\/03\\\/20200421-CS-M6100-120-51T-Cassette-1.jpg\",\"width\":600,\"height\":600,\"caption\":\"20200421-CS-M6100-120-51T-Cassette\"},{\"@type\":\"BreadcrumbList\",\"@id\":\"https:\\\/\\\/vmsport.fi\\\/verkkokauppa\\\/varaosat\\\/voimansiirto\\\/takarattaat\\\/kasetti-12v-10-51-cs-m6100-12-deore\\\/#breadcrumb\",\"itemListElement\":[{\"@type\":\"ListItem\",\"position\":1,\"name\":\"Etusivu\",\"item\":\"https:\\\/\\\/vmsport.fi\\\/\"},{\"@type\":\"ListItem\",\"position\":2,\"name\":\"Online Store\",\"item\":\"https:\\\/\\\/vmsport.fi\\\/en\\\/online-store\\\/\"},{\"@type\":\"ListItem\",\"position\":3,\"name\":\"Kasetti 12v 10-51 CS-M6100-12 Deore\"}]},{\"@type\":\"WebSite\",\"@id\":\"https:\\\/\\\/vmsport.fi\\\/#website\",\"url\":\"https:\\\/\\\/vmsport.fi\\\/\",\"name\":\"Vmsport\",\"description\":\"Kaikki py\u00f6r\u00e4ilyyn yhdest\u00e4 paikasta\",\"publisher\":{\"@id\":\"https:\\\/\\\/vmsport.fi\\\/#organization\"},\"potentialAction\":[{\"@type\":\"SearchAction\",\"target\":{\"@type\":\"EntryPoint\",\"urlTemplate\":\"https:\\\/\\\/vmsport.fi\\\/?s={search_term_string}\"},\"query-input\":{\"@type\":\"PropertyValueSpecification\",\"valueRequired\":true,\"valueName\":\"search_term_string\"}}],\"inLanguage\":\"sv-SE\"},{\"@type\":\"Organization\",\"@id\":\"https:\\\/\\\/vmsport.fi\\\/#organization\",\"name\":\"Vmsport\",\"url\":\"https:\\\/\\\/vmsport.fi\\\/\",\"logo\":{\"@type\":\"ImageObject\",\"inLanguage\":\"sv-SE\",\"@id\":\"https:\\\/\\\/vmsport.fi\\\/#\\\/schema\\\/logo\\\/image\\\/\",\"url\":\"https:\\\/\\\/vmsport.fi\\\/wp-content\\\/uploads\\\/2024\\\/12\\\/vm_sport_RGB_horisontal-e1734526017575.png\",\"contentUrl\":\"https:\\\/\\\/vmsport.fi\\\/wp-content\\\/uploads\\\/2024\\\/12\\\/vm_sport_RGB_horisontal-e1734526017575.png\",\"width\":668,\"height\":85,\"caption\":\"Vmsport\"},\"image\":{\"@id\":\"https:\\\/\\\/vmsport.fi\\\/#\\\/schema\\\/logo\\\/image\\\/\"},\"sameAs\":[\"https:\\\/\\\/www.facebook.com\\\/Vmsport.fi\\\/\",\"https:\\\/\\\/www.instagram.com\\\/vmsport\\\/\"]}]}<\/script>\n<!-- \/ Yoast SEO plugin. -->","yoast_head_json":{"title":"Kassett 12v 10-51 CS-M6100-12 Deore - VM Sport","robots":{"index":"index","follow":"follow","max-snippet":"max-snippet:-1","max-image-preview":"max-image-preview:large","max-video-preview":"max-video-preview:-1"},"canonical":"https:\/\/vmsport.fi\/sv\/webbutik\/reservdelar\/transmission\/takarattaat\/kassett-12v-10-51-cs-m6100-12-deore\/","og_locale":"sv_SE","og_type":"article","og_title":"Kasetti 12v 10-51 CS-M6100-12 Deore - VM Sport","og_description":"Kasetti 12v 10-51 CS-M6100-12 Deore on kehitetty maastopy\u00f6r\u00e4ilyyn, tarjoten luotettavat ja sujuvat vaihdot. Hyperglide-teknologia takaa pehme\u00e4t siirtym\u00e4t hampaiden v\u00e4lill\u00e4, mik\u00e4 tekee ajamisesta mukavaa my\u00f6s raskaassa k\u00e4yt\u00f6ss\u00e4. Kevyt rakenne ja poratut rattaat v\u00e4hent\u00e4v\u00e4t painoa ilman kompromisseja j\u00e4ykkyydest\u00e4. Laajan 10-51T v\u00e4lityssuhteen ansiosta t\u00e4m\u00e4 kasetti mahdollistaa energiatehokkaan ajoasennon, sill\u00e4 se parantaa polkemisen rytmin hallintaa. Yhteensopiva 12-vaihteisten MTB-ketjujen kanssa, [...]L\u00e4s mer \u2026 from Kasetti 12v 10-51 CS-M6100-12 Deore","og_url":"https:\/\/vmsport.fi\/sv\/webbutik\/reservdelar\/transmission\/takarattaat\/kassett-12v-10-51-cs-m6100-12-deore\/","og_site_name":"VM Sport","article_publisher":"https:\/\/www.facebook.com\/Vmsport.fi\/","article_modified_time":"2026-04-22T12:07:41+00:00","og_image":[{"width":600,"height":600,"url":"https:\/\/vmsport.fi\/wp-content\/uploads\/2025\/03\/20200421-CS-M6100-120-51T-Cassette-1.jpg","type":"image\/jpeg"}],"twitter_card":"summary_large_image","schema":{"@context":"https:\/\/schema.org","@graph":[{"@type":["WebPage","ItemPage"],"@id":"https:\/\/vmsport.fi\/verkkokauppa\/varaosat\/voimansiirto\/takarattaat\/kasetti-12v-10-51-cs-m6100-12-deore\/","url":"https:\/\/vmsport.fi\/verkkokauppa\/varaosat\/voimansiirto\/takarattaat\/kasetti-12v-10-51-cs-m6100-12-deore\/","name":"Kassett 12v 10-51 CS-M6100-12 Deore - VM Sport","isPartOf":{"@id":"https:\/\/vmsport.fi\/#website"},"primaryImageOfPage":{"@id":"https:\/\/vmsport.fi\/verkkokauppa\/varaosat\/voimansiirto\/takarattaat\/kasetti-12v-10-51-cs-m6100-12-deore\/#primaryimage"},"image":{"@id":"https:\/\/vmsport.fi\/verkkokauppa\/varaosat\/voimansiirto\/takarattaat\/kasetti-12v-10-51-cs-m6100-12-deore\/#primaryimage"},"thumbnailUrl":"https:\/\/vmsport.fi\/wp-content\/uploads\/2025\/03\/20200421-CS-M6100-120-51T-Cassette-1.jpg","datePublished":"2025-03-05T21:42:16+00:00","dateModified":"2026-04-22T12:07:41+00:00","breadcrumb":{"@id":"https:\/\/vmsport.fi\/verkkokauppa\/varaosat\/voimansiirto\/takarattaat\/kasetti-12v-10-51-cs-m6100-12-deore\/#breadcrumb"},"inLanguage":"sv-SE","potentialAction":[{"@type":"ReadAction","target":["https:\/\/vmsport.fi\/verkkokauppa\/varaosat\/voimansiirto\/takarattaat\/kasetti-12v-10-51-cs-m6100-12-deore\/"]}]},{"@type":"ImageObject","inLanguage":"sv-SE","@id":"https:\/\/vmsport.fi\/verkkokauppa\/varaosat\/voimansiirto\/takarattaat\/kasetti-12v-10-51-cs-m6100-12-deore\/#primaryimage","url":"https:\/\/vmsport.fi\/wp-content\/uploads\/2025\/03\/20200421-CS-M6100-120-51T-Cassette-1.jpg","contentUrl":"https:\/\/vmsport.fi\/wp-content\/uploads\/2025\/03\/20200421-CS-M6100-120-51T-Cassette-1.jpg","width":600,"height":600,"caption":"20200421-CS-M6100-120-51T-Cassette"},{"@type":"BreadcrumbList","@id":"https:\/\/vmsport.fi\/verkkokauppa\/varaosat\/voimansiirto\/takarattaat\/kasetti-12v-10-51-cs-m6100-12-deore\/#breadcrumb","itemListElement":[{"@type":"ListItem","position":1,"name":"Etusivu","item":"https:\/\/vmsport.fi\/"},{"@type":"ListItem","position":2,"name":"Online Store","item":"https:\/\/vmsport.fi\/en\/online-store\/"},{"@type":"ListItem","position":3,"name":"Kasetti 12v 10-51 CS-M6100-12 Deore"}]},{"@type":"WebSite","@id":"https:\/\/vmsport.fi\/#website","url":"https:\/\/vmsport.fi\/","name":"Vmsport","description":"Allt p\u00e5 ett st\u00e4lle f\u00f6r cykling","publisher":{"@id":"https:\/\/vmsport.fi\/#organization"},"potentialAction":[{"@type":"SearchAction","target":{"@type":"EntryPoint","urlTemplate":"https:\/\/vmsport.fi\/?s={search_term_string}"},"query-input":{"@type":"PropertyValueSpecification","valueRequired":true,"valueName":"search_term_string"}}],"inLanguage":"sv-SE"},{"@type":"Organization","@id":"https:\/\/vmsport.fi\/#organization","name":"Vmsport","url":"https:\/\/vmsport.fi\/","logo":{"@type":"ImageObject","inLanguage":"sv-SE","@id":"https:\/\/vmsport.fi\/#\/schema\/logo\/image\/","url":"https:\/\/vmsport.fi\/wp-content\/uploads\/2024\/12\/vm_sport_RGB_horisontal-e1734526017575.png","contentUrl":"https:\/\/vmsport.fi\/wp-content\/uploads\/2024\/12\/vm_sport_RGB_horisontal-e1734526017575.png","width":668,"height":85,"caption":"Vmsport"},"image":{"@id":"https:\/\/vmsport.fi\/#\/schema\/logo\/image\/"},"sameAs":["https:\/\/www.facebook.com\/Vmsport.fi\/","https:\/\/www.instagram.com\/vmsport\/"]}]}},"global_unique_id":"","_links":{"self":[{"href":"https:\/\/vmsport.fi\/sv\/wp-json\/wp\/v2\/product\/53522","targetHints":{"allow":["GET"]}}],"collection":[{"href":"https:\/\/vmsport.fi\/sv\/wp-json\/wp\/v2\/product"}],"about":[{"href":"https:\/\/vmsport.fi\/sv\/wp-json\/wp\/v2\/types\/product"}],"replies":[{"embeddable":true,"href":"https:\/\/vmsport.fi\/sv\/wp-json\/wp\/v2\/comments?post=53522"}],"wp:featuredmedia":[{"embeddable":true,"href":"https:\/\/vmsport.fi\/sv\/wp-json\/wp\/v2\/media\/53521"}],"wp:attachment":[{"href":"https:\/\/vmsport.fi\/sv\/wp-json\/wp\/v2\/media?parent=53522"}],"wp:term":[{"taxonomy":"product_brand","embeddable":true,"href":"https:\/\/vmsport.fi\/sv\/wp-json\/wp\/v2\/product_brand?post=53522"},{"taxonomy":"product_model","embeddable":true,"href":"https:\/\/vmsport.fi\/sv\/wp-json\/wp\/v2\/product_model?post=53522"},{"taxonomy":"product_cat","embeddable":true,"href":"https:\/\/vmsport.fi\/sv\/wp-json\/wp\/v2\/product_cat?post=53522"},{"taxonomy":"product_tag","embeddable":true,"href":"https:\/\/vmsport.fi\/sv\/wp-json\/wp\/v2\/product_tag?post=53522"},{"taxonomy":"industry_terminology","embeddable":true,"href":"https:\/\/vmsport.fi\/sv\/wp-json\/wp\/v2\/industry-terminology?post=53522"}],"curies":[{"name":"wp","href":"https:\/\/api.w.org\/{rel}","templated":true}]}}