{"id":53513,"date":"2025-03-05T23:42:11","date_gmt":"2025-03-05T21:42:11","guid":{"rendered":"https:\/\/vmsport.fi\/verkkokauppa\/Ei-luokiteltu\/levyjarrusarja-taka-musta-bl-mt401r-br-mt410r\/"},"modified":"2026-04-22T15:08:55","modified_gmt":"2026-04-22T12:08:55","slug":"levyjarrusarja-taka-musta-bl-mt401r-br-mt410r","status":"publish","type":"product","link":"https:\/\/vmsport.fi\/sv\/verkkokauppa\/varaosat\/jarrut\/levyjarrusetit\/levyjarrusarja-taka-musta-bl-mt401r-br-mt410r\/","title":{"rendered":"Skivbromssats bak svart BL-MT401(R), BR-MT410(R)"},"content":{"rendered":"<p>BL-MT401 takalevyjarrusarja, johon kuuluu BR-MT410-jarrusatula, on musta Shimano-polkupy\u00f6r\u00e4komponentti. Se on suunniteltu varmistamaan luotettava ja tehokas jarrutus, mik\u00e4 tekee siit\u00e4 erinomaisen valinnan vaihteleviin py\u00f6r\u00e4ilyolosuhteisiin. Jarruvivussa yhdistyv\u00e4t kest\u00e4v\u00e4 rakenne ja ergonominen muotoilu, mik\u00e4 tarjoaa k\u00e4ytt\u00e4j\u00e4lle mukavuutta ja hallittavuutta. Py\u00f6r\u00e4ilij\u00e4t voivat nauttia turvallisesta ajosta, kun k\u00e4yt\u00f6ss\u00e4 on j\u00e4m\u00e4kk\u00e4 takajarruratkaisu.<\/p>","protected":false},"excerpt":{"rendered":"<p>BL-MT401 takalevyjarrusarja, johon kuuluu BR-MT410-jarrusatula, on musta Shimano-polkupy\u00f6r\u00e4komponentti. Se on suunniteltu varmistamaan luotettava ja tehokas jarrutus, mik\u00e4 tekee siit\u00e4 erinomaisen valinnan vaihteleviin py\u00f6r\u00e4ilyolosuhteisiin. Jarruvivussa yhdistyv\u00e4t kest\u00e4v\u00e4 rakenne ja ergonominen muotoilu, mik\u00e4 tarjoaa k\u00e4ytt\u00e4j\u00e4lle mukavuutta ja hallittavuutta. Py\u00f6r\u00e4ilij\u00e4t voivat nauttia turvallisesta ajosta, kun k\u00e4yt\u00f6ss\u00e4 on j\u00e4m\u00e4kk\u00e4 takajarruratkaisu. [&#8230;]<\/p>\n<p><a class=\"btn btn-secondary understrap-read-more-link\" href=\"https:\/\/vmsport.fi\/sv\/verkkokauppa\/varaosat\/jarrut\/levyjarrusetit\/levyjarrusarja-taka-musta-bl-mt401r-br-mt410r\/\">L\u00e4s mer \u2026<span class=\"screen-reader-text\"> from Levyjarrusarja taka musta BL-MT401(R), BR-MT410(R)<\/span><\/a><\/p>\n","protected":false},"featured_media":53512,"comment_status":"open","ping_status":"closed","template":"","meta":{"_acf_changed":false,"_improvement_type_select":"improve_an_existing","_thumb_yes_seoaic":false,"_frame_yes_seoaic":false,"seoaic_generate_description":"","seoaic_improve_instructions_prompt":"","seoaic_rollback_content_improvement":"","seoaic_idea_thumbnail_generator":"","thumbnail_generated":false,"thumbnail_generate_prompt":"","seoaic_article_description":"","_supplier_stock_quantity":0},"product_brand":[],"product_model":[],"product_cat":[9354],"product_tag":[],"industry-terminology":[],"class_list":{"0":"post-53513","1":"product","2":"type-product","3":"status-publish","4":"has-post-thumbnail","6":"product_cat-levyjarrusetit","8":"first","9":"outofstock","10":"taxable","11":"shipping-taxable","12":"product-type-simple"},"acf":{"bike_features":null,"overview":{"copy_overview":null,"key_features":null,"statement":"","youtube_url":""}},"yoast_head":"<!-- This site is optimized with the Yoast SEO plugin v27.4 - https:\/\/yoast.com\/product\/yoast-seo-wordpress\/ -->\n<title>Levyjarrusarja taka musta BL-MT401(R), BR-MT410(R) - VM Sport<\/title>\n<meta name=\"robots\" content=\"index, follow, max-snippet:-1, max-image-preview:large, max-video-preview:-1\" \/>\n<link rel=\"canonical\" href=\"https:\/\/vmsport.fi\/sv\/webbutik\/reservdelar\/bromsar\/skivbromsskivor\/levyjarrusarja-taka-musta-bl-mt401r-br-mt410r\/\" \/>\n<meta property=\"og:locale\" content=\"sv_SE\" \/>\n<meta property=\"og:type\" content=\"article\" \/>\n<meta property=\"og:title\" content=\"Levyjarrusarja taka musta BL-MT401(R), BR-MT410(R) - VM Sport\" \/>\n<meta property=\"og:description\" content=\"BL-MT401 takalevyjarrusarja, johon kuuluu BR-MT410-jarrusatula, on musta Shimano-polkupy\u00f6r\u00e4komponentti. Se on suunniteltu varmistamaan luotettava ja tehokas jarrutus, mik\u00e4 tekee siit\u00e4 erinomaisen valinnan vaihteleviin py\u00f6r\u00e4ilyolosuhteisiin. Jarruvivussa yhdistyv\u00e4t kest\u00e4v\u00e4 rakenne ja ergonominen muotoilu, mik\u00e4 tarjoaa k\u00e4ytt\u00e4j\u00e4lle mukavuutta ja hallittavuutta. Py\u00f6r\u00e4ilij\u00e4t voivat nauttia turvallisesta ajosta, kun k\u00e4yt\u00f6ss\u00e4 on j\u00e4m\u00e4kk\u00e4 takajarruratkaisu. [...]L\u00e4s mer \u2026 from Levyjarrusarja taka musta BL-MT401(R), BR-MT410(R)\" \/>\n<meta property=\"og:url\" content=\"https:\/\/vmsport.fi\/sv\/webbutik\/reservdelar\/bromsar\/skivbromsskivor\/levyjarrusarja-taka-musta-bl-mt401r-br-mt410r\/\" \/>\n<meta property=\"og:site_name\" content=\"VM Sport\" \/>\n<meta property=\"article:publisher\" content=\"https:\/\/www.facebook.com\/Vmsport.fi\/\" \/>\n<meta property=\"article:modified_time\" content=\"2026-04-22T12:08:55+00:00\" \/>\n<meta property=\"og:image\" content=\"https:\/\/vmsport.fi\/wp-content\/uploads\/2025\/03\/20200504-EMT4102JGRXRA170-DB-Set-Rear-Blk-1.jpg\" \/>\n\t<meta property=\"og:image:width\" content=\"600\" \/>\n\t<meta property=\"og:image:height\" content=\"600\" \/>\n\t<meta property=\"og:image:type\" content=\"image\/jpeg\" \/>\n<meta name=\"twitter:card\" content=\"summary_large_image\" \/>\n<script type=\"application\/ld+json\" class=\"yoast-schema-graph\">{\"@context\":\"https:\\\/\\\/schema.org\",\"@graph\":[{\"@type\":[\"WebPage\",\"ItemPage\"],\"@id\":\"https:\\\/\\\/vmsport.fi\\\/verkkokauppa\\\/varaosat\\\/jarrut\\\/levyjarrusetit\\\/levyjarrusarja-taka-musta-bl-mt401r-br-mt410r\\\/\",\"url\":\"https:\\\/\\\/vmsport.fi\\\/verkkokauppa\\\/varaosat\\\/jarrut\\\/levyjarrusetit\\\/levyjarrusarja-taka-musta-bl-mt401r-br-mt410r\\\/\",\"name\":\"Levyjarrusarja taka musta BL-MT401(R), BR-MT410(R) - VM Sport\",\"isPartOf\":{\"@id\":\"https:\\\/\\\/vmsport.fi\\\/#website\"},\"primaryImageOfPage\":{\"@id\":\"https:\\\/\\\/vmsport.fi\\\/verkkokauppa\\\/varaosat\\\/jarrut\\\/levyjarrusetit\\\/levyjarrusarja-taka-musta-bl-mt401r-br-mt410r\\\/#primaryimage\"},\"image\":{\"@id\":\"https:\\\/\\\/vmsport.fi\\\/verkkokauppa\\\/varaosat\\\/jarrut\\\/levyjarrusetit\\\/levyjarrusarja-taka-musta-bl-mt401r-br-mt410r\\\/#primaryimage\"},\"thumbnailUrl\":\"https:\\\/\\\/vmsport.fi\\\/wp-content\\\/uploads\\\/2025\\\/03\\\/20200504-EMT4102JGRXRA170-DB-Set-Rear-Blk-1.jpg\",\"datePublished\":\"2025-03-05T21:42:11+00:00\",\"dateModified\":\"2026-04-22T12:08:55+00:00\",\"breadcrumb\":{\"@id\":\"https:\\\/\\\/vmsport.fi\\\/verkkokauppa\\\/varaosat\\\/jarrut\\\/levyjarrusetit\\\/levyjarrusarja-taka-musta-bl-mt401r-br-mt410r\\\/#breadcrumb\"},\"inLanguage\":\"sv-SE\",\"potentialAction\":[{\"@type\":\"ReadAction\",\"target\":[\"https:\\\/\\\/vmsport.fi\\\/verkkokauppa\\\/varaosat\\\/jarrut\\\/levyjarrusetit\\\/levyjarrusarja-taka-musta-bl-mt401r-br-mt410r\\\/\"]}]},{\"@type\":\"ImageObject\",\"inLanguage\":\"sv-SE\",\"@id\":\"https:\\\/\\\/vmsport.fi\\\/verkkokauppa\\\/varaosat\\\/jarrut\\\/levyjarrusetit\\\/levyjarrusarja-taka-musta-bl-mt401r-br-mt410r\\\/#primaryimage\",\"url\":\"https:\\\/\\\/vmsport.fi\\\/wp-content\\\/uploads\\\/2025\\\/03\\\/20200504-EMT4102JGRXRA170-DB-Set-Rear-Blk-1.jpg\",\"contentUrl\":\"https:\\\/\\\/vmsport.fi\\\/wp-content\\\/uploads\\\/2025\\\/03\\\/20200504-EMT4102JGRXRA170-DB-Set-Rear-Blk-1.jpg\",\"width\":600,\"height\":600,\"caption\":\"20200504-EMT4102JGRXRA170-DB-Set-Rear-Blk\"},{\"@type\":\"BreadcrumbList\",\"@id\":\"https:\\\/\\\/vmsport.fi\\\/verkkokauppa\\\/varaosat\\\/jarrut\\\/levyjarrusetit\\\/levyjarrusarja-taka-musta-bl-mt401r-br-mt410r\\\/#breadcrumb\",\"itemListElement\":[{\"@type\":\"ListItem\",\"position\":1,\"name\":\"Etusivu\",\"item\":\"https:\\\/\\\/vmsport.fi\\\/\"},{\"@type\":\"ListItem\",\"position\":2,\"name\":\"Online Store\",\"item\":\"https:\\\/\\\/vmsport.fi\\\/en\\\/online-store\\\/\"},{\"@type\":\"ListItem\",\"position\":3,\"name\":\"Levyjarrusarja taka musta BL-MT401(R), BR-MT410(R)\"}]},{\"@type\":\"WebSite\",\"@id\":\"https:\\\/\\\/vmsport.fi\\\/#website\",\"url\":\"https:\\\/\\\/vmsport.fi\\\/\",\"name\":\"Vmsport\",\"description\":\"Kaikki py\u00f6r\u00e4ilyyn yhdest\u00e4 paikasta\",\"publisher\":{\"@id\":\"https:\\\/\\\/vmsport.fi\\\/#organization\"},\"potentialAction\":[{\"@type\":\"SearchAction\",\"target\":{\"@type\":\"EntryPoint\",\"urlTemplate\":\"https:\\\/\\\/vmsport.fi\\\/?s={search_term_string}\"},\"query-input\":{\"@type\":\"PropertyValueSpecification\",\"valueRequired\":true,\"valueName\":\"search_term_string\"}}],\"inLanguage\":\"sv-SE\"},{\"@type\":\"Organization\",\"@id\":\"https:\\\/\\\/vmsport.fi\\\/#organization\",\"name\":\"Vmsport\",\"url\":\"https:\\\/\\\/vmsport.fi\\\/\",\"logo\":{\"@type\":\"ImageObject\",\"inLanguage\":\"sv-SE\",\"@id\":\"https:\\\/\\\/vmsport.fi\\\/#\\\/schema\\\/logo\\\/image\\\/\",\"url\":\"https:\\\/\\\/vmsport.fi\\\/wp-content\\\/uploads\\\/2024\\\/12\\\/vm_sport_RGB_horisontal-e1734526017575.png\",\"contentUrl\":\"https:\\\/\\\/vmsport.fi\\\/wp-content\\\/uploads\\\/2024\\\/12\\\/vm_sport_RGB_horisontal-e1734526017575.png\",\"width\":668,\"height\":85,\"caption\":\"Vmsport\"},\"image\":{\"@id\":\"https:\\\/\\\/vmsport.fi\\\/#\\\/schema\\\/logo\\\/image\\\/\"},\"sameAs\":[\"https:\\\/\\\/www.facebook.com\\\/Vmsport.fi\\\/\",\"https:\\\/\\\/www.instagram.com\\\/vmsport\\\/\"]}]}<\/script>\n<!-- \/ Yoast SEO plugin. -->","yoast_head_json":{"title":"Levyjarrusarja taka musta BL-MT401(R), BR-MT410(R) - VM Sport","robots":{"index":"index","follow":"follow","max-snippet":"max-snippet:-1","max-image-preview":"max-image-preview:large","max-video-preview":"max-video-preview:-1"},"canonical":"https:\/\/vmsport.fi\/sv\/webbutik\/reservdelar\/bromsar\/skivbromsskivor\/levyjarrusarja-taka-musta-bl-mt401r-br-mt410r\/","og_locale":"sv_SE","og_type":"article","og_title":"Levyjarrusarja taka musta BL-MT401(R), BR-MT410(R) - VM Sport","og_description":"BL-MT401 takalevyjarrusarja, johon kuuluu BR-MT410-jarrusatula, on musta Shimano-polkupy\u00f6r\u00e4komponentti. Se on suunniteltu varmistamaan luotettava ja tehokas jarrutus, mik\u00e4 tekee siit\u00e4 erinomaisen valinnan vaihteleviin py\u00f6r\u00e4ilyolosuhteisiin. Jarruvivussa yhdistyv\u00e4t kest\u00e4v\u00e4 rakenne ja ergonominen muotoilu, mik\u00e4 tarjoaa k\u00e4ytt\u00e4j\u00e4lle mukavuutta ja hallittavuutta. Py\u00f6r\u00e4ilij\u00e4t voivat nauttia turvallisesta ajosta, kun k\u00e4yt\u00f6ss\u00e4 on j\u00e4m\u00e4kk\u00e4 takajarruratkaisu. [...]L\u00e4s mer \u2026 from Levyjarrusarja taka musta BL-MT401(R), BR-MT410(R)","og_url":"https:\/\/vmsport.fi\/sv\/webbutik\/reservdelar\/bromsar\/skivbromsskivor\/levyjarrusarja-taka-musta-bl-mt401r-br-mt410r\/","og_site_name":"VM Sport","article_publisher":"https:\/\/www.facebook.com\/Vmsport.fi\/","article_modified_time":"2026-04-22T12:08:55+00:00","og_image":[{"width":600,"height":600,"url":"https:\/\/vmsport.fi\/wp-content\/uploads\/2025\/03\/20200504-EMT4102JGRXRA170-DB-Set-Rear-Blk-1.jpg","type":"image\/jpeg"}],"twitter_card":"summary_large_image","schema":{"@context":"https:\/\/schema.org","@graph":[{"@type":["WebPage","ItemPage"],"@id":"https:\/\/vmsport.fi\/verkkokauppa\/varaosat\/jarrut\/levyjarrusetit\/levyjarrusarja-taka-musta-bl-mt401r-br-mt410r\/","url":"https:\/\/vmsport.fi\/verkkokauppa\/varaosat\/jarrut\/levyjarrusetit\/levyjarrusarja-taka-musta-bl-mt401r-br-mt410r\/","name":"Levyjarrusarja taka musta BL-MT401(R), BR-MT410(R) - VM Sport","isPartOf":{"@id":"https:\/\/vmsport.fi\/#website"},"primaryImageOfPage":{"@id":"https:\/\/vmsport.fi\/verkkokauppa\/varaosat\/jarrut\/levyjarrusetit\/levyjarrusarja-taka-musta-bl-mt401r-br-mt410r\/#primaryimage"},"image":{"@id":"https:\/\/vmsport.fi\/verkkokauppa\/varaosat\/jarrut\/levyjarrusetit\/levyjarrusarja-taka-musta-bl-mt401r-br-mt410r\/#primaryimage"},"thumbnailUrl":"https:\/\/vmsport.fi\/wp-content\/uploads\/2025\/03\/20200504-EMT4102JGRXRA170-DB-Set-Rear-Blk-1.jpg","datePublished":"2025-03-05T21:42:11+00:00","dateModified":"2026-04-22T12:08:55+00:00","breadcrumb":{"@id":"https:\/\/vmsport.fi\/verkkokauppa\/varaosat\/jarrut\/levyjarrusetit\/levyjarrusarja-taka-musta-bl-mt401r-br-mt410r\/#breadcrumb"},"inLanguage":"sv-SE","potentialAction":[{"@type":"ReadAction","target":["https:\/\/vmsport.fi\/verkkokauppa\/varaosat\/jarrut\/levyjarrusetit\/levyjarrusarja-taka-musta-bl-mt401r-br-mt410r\/"]}]},{"@type":"ImageObject","inLanguage":"sv-SE","@id":"https:\/\/vmsport.fi\/verkkokauppa\/varaosat\/jarrut\/levyjarrusetit\/levyjarrusarja-taka-musta-bl-mt401r-br-mt410r\/#primaryimage","url":"https:\/\/vmsport.fi\/wp-content\/uploads\/2025\/03\/20200504-EMT4102JGRXRA170-DB-Set-Rear-Blk-1.jpg","contentUrl":"https:\/\/vmsport.fi\/wp-content\/uploads\/2025\/03\/20200504-EMT4102JGRXRA170-DB-Set-Rear-Blk-1.jpg","width":600,"height":600,"caption":"20200504-EMT4102JGRXRA170-DB-Set-Rear-Blk"},{"@type":"BreadcrumbList","@id":"https:\/\/vmsport.fi\/verkkokauppa\/varaosat\/jarrut\/levyjarrusetit\/levyjarrusarja-taka-musta-bl-mt401r-br-mt410r\/#breadcrumb","itemListElement":[{"@type":"ListItem","position":1,"name":"Etusivu","item":"https:\/\/vmsport.fi\/"},{"@type":"ListItem","position":2,"name":"Online Store","item":"https:\/\/vmsport.fi\/en\/online-store\/"},{"@type":"ListItem","position":3,"name":"Levyjarrusarja taka musta BL-MT401(R), BR-MT410(R)"}]},{"@type":"WebSite","@id":"https:\/\/vmsport.fi\/#website","url":"https:\/\/vmsport.fi\/","name":"Vmsport","description":"Allt p\u00e5 ett st\u00e4lle f\u00f6r cykling","publisher":{"@id":"https:\/\/vmsport.fi\/#organization"},"potentialAction":[{"@type":"SearchAction","target":{"@type":"EntryPoint","urlTemplate":"https:\/\/vmsport.fi\/?s={search_term_string}"},"query-input":{"@type":"PropertyValueSpecification","valueRequired":true,"valueName":"search_term_string"}}],"inLanguage":"sv-SE"},{"@type":"Organization","@id":"https:\/\/vmsport.fi\/#organization","name":"Vmsport","url":"https:\/\/vmsport.fi\/","logo":{"@type":"ImageObject","inLanguage":"sv-SE","@id":"https:\/\/vmsport.fi\/#\/schema\/logo\/image\/","url":"https:\/\/vmsport.fi\/wp-content\/uploads\/2024\/12\/vm_sport_RGB_horisontal-e1734526017575.png","contentUrl":"https:\/\/vmsport.fi\/wp-content\/uploads\/2024\/12\/vm_sport_RGB_horisontal-e1734526017575.png","width":668,"height":85,"caption":"Vmsport"},"image":{"@id":"https:\/\/vmsport.fi\/#\/schema\/logo\/image\/"},"sameAs":["https:\/\/www.facebook.com\/Vmsport.fi\/","https:\/\/www.instagram.com\/vmsport\/"]}]}},"global_unique_id":"","_links":{"self":[{"href":"https:\/\/vmsport.fi\/sv\/wp-json\/wp\/v2\/product\/53513","targetHints":{"allow":["GET"]}}],"collection":[{"href":"https:\/\/vmsport.fi\/sv\/wp-json\/wp\/v2\/product"}],"about":[{"href":"https:\/\/vmsport.fi\/sv\/wp-json\/wp\/v2\/types\/product"}],"replies":[{"embeddable":true,"href":"https:\/\/vmsport.fi\/sv\/wp-json\/wp\/v2\/comments?post=53513"}],"wp:featuredmedia":[{"embeddable":true,"href":"https:\/\/vmsport.fi\/sv\/wp-json\/wp\/v2\/media\/53512"}],"wp:attachment":[{"href":"https:\/\/vmsport.fi\/sv\/wp-json\/wp\/v2\/media?parent=53513"}],"wp:term":[{"taxonomy":"product_brand","embeddable":true,"href":"https:\/\/vmsport.fi\/sv\/wp-json\/wp\/v2\/product_brand?post=53513"},{"taxonomy":"product_model","embeddable":true,"href":"https:\/\/vmsport.fi\/sv\/wp-json\/wp\/v2\/product_model?post=53513"},{"taxonomy":"product_cat","embeddable":true,"href":"https:\/\/vmsport.fi\/sv\/wp-json\/wp\/v2\/product_cat?post=53513"},{"taxonomy":"product_tag","embeddable":true,"href":"https:\/\/vmsport.fi\/sv\/wp-json\/wp\/v2\/product_tag?post=53513"},{"taxonomy":"industry_terminology","embeddable":true,"href":"https:\/\/vmsport.fi\/sv\/wp-json\/wp\/v2\/industry-terminology?post=53513"}],"curies":[{"name":"wp","href":"https:\/\/api.w.org\/{rel}","templated":true}]}}